{"id":25196,"date":"2026-01-24T20:31:23","date_gmt":"2026-01-24T20:31:23","guid":{"rendered":"https:\/\/babyvk.com\/?post_type=product&#038;p=25196"},"modified":"2026-03-10T09:39:35","modified_gmt":"2026-03-10T09:39:35","slug":"baby-oral-care-finger-wipes","status":"publish","type":"product","link":"https:\/\/babyvk.com\/pt\/product\/baby-oral-care-finger-wipes\/","title":{"rendered":"Toalhetes para os dedos para higiene oral do beb\u00e9"},"content":{"rendered":"<div data-elementor-type=\"product-post\" data-elementor-id=\"25196\" class=\"elementor elementor-25196\" data-elementor-post-type=\"product\">\n\t\t\t\t\t\t<section class=\"wd-negative-gap elementor-section elementor-top-section elementor-element elementor-element-e6ba3f9 elementor-section-boxed elementor-section-height-default elementor-section-height-default\" data-id=\"e6ba3f9\" data-element_type=\"section\">\n\t\t\t\t\t\t<div class=\"elementor-container elementor-column-gap-default\">\n\t\t\t\t\t<div class=\"elementor-column elementor-col-100 elementor-top-column elementor-element elementor-element-9aa62a2\" data-id=\"9aa62a2\" data-element_type=\"column\">\n\t\t\t<div class=\"elementor-widget-wrap elementor-element-populated\">\n\t\t\t\t\t\t<div class=\"elementor-element elementor-element-2b20260 elementor-widget elementor-widget-image\" data-id=\"2b20260\" data-element_type=\"widget\" data-widget_type=\"image.default\">\n\t\t\t\t<div class=\"elementor-widget-container\">\n\t\t\t\t\t\t\t\t\t\t\t\t\t\t\t<img fetchpriority=\"high\" decoding=\"async\" width=\"800\" height=\"800\" src=\"https:\/\/babyvk.com\/wp-content\/themes\/woodmart\/images\/lazy.svg\" data-src=\"https:\/\/babyvk.com\/wp-content\/uploads\/2026\/01\/baby-oral-hygiene-wipes.jpg\" class=\"wd-lazy-blur attachment-large size-large wp-image-25188 wvs-archive-product-image\" alt=\"finger wipes for infant mouth\" srcset=\"\" data-srcset=\"https:\/\/babyvk.com\/wp-content\/uploads\/2026\/01\/baby-oral-hygiene-wipes.jpg 800w, https:\/\/babyvk.com\/wp-content\/uploads\/2026\/01\/baby-oral-hygiene-wipes-300x300.jpg 300w, https:\/\/babyvk.com\/wp-content\/uploads\/2026\/01\/baby-oral-hygiene-wipes-150x150.jpg 150w, https:\/\/babyvk.com\/wp-content\/uploads\/2026\/01\/baby-oral-hygiene-wipes-768x768.jpg 768w, https:\/\/babyvk.com\/wp-content\/uploads\/2026\/01\/baby-oral-hygiene-wipes-12x12.jpg 12w, https:\/\/babyvk.com\/wp-content\/uploads\/2026\/01\/baby-oral-hygiene-wipes-100x100.jpg 100w, https:\/\/babyvk.com\/wp-content\/uploads\/2026\/01\/baby-oral-hygiene-wipes-50x50.jpg 50w\" sizes=\"(max-width: 800px) 100vw, 800px\" title=\"\">\t\t\t\t\t\t\t\t\t\t\t\t\t\t\t<\/div>\n\t\t\t\t<\/div>\n\t\t\t\t\t<\/div>\n\t\t<\/div>\n\t\t\t\t\t<\/div>\n\t\t<\/section>\n\t\t\t\t<section class=\"wd-negative-gap elementor-section elementor-top-section elementor-element elementor-element-9c325d3 elementor-section-boxed elementor-section-height-default elementor-section-height-default\" data-id=\"9c325d3\" data-element_type=\"section\">\n\t\t\t\t\t\t<div class=\"elementor-container elementor-column-gap-default\">\n\t\t\t\t\t<div class=\"elementor-column elementor-col-100 elementor-top-column elementor-element elementor-element-08614e0\" data-id=\"08614e0\" data-element_type=\"column\">\n\t\t\t<div class=\"elementor-widget-wrap elementor-element-populated\">\n\t\t\t\t\t\t<div class=\"elementor-element elementor-element-c197cf7 color-scheme-inherit text-left elementor-widget elementor-widget-text-editor\" data-id=\"c197cf7\" data-element_type=\"widget\" data-widget_type=\"text-editor.default\">\n\t\t\t\t<div class=\"elementor-widget-container\">\n\t\t\t\t\t\t\t\t\t<h2 data-start=\"1113\" data-end=\"1137\">DESCRI\u00c7\u00c3O<\/h2><p data-start=\"1139\" data-end=\"1542\">O <strong data-start=\"1143\" data-end=\"1174\">Toalhetes para os dedos para higiene oral do beb\u00e9<\/strong> foram especialmente concebidos para rec\u00e9m-nascidos e crian\u00e7as pequenas, para uma limpeza suave e eficaz de toda a boca. Fabricado em <strong data-start=\"1284\" data-end=\"1315\">tecido n\u00e3o tecido esterilizado<\/strong>, cada toalhete \u00e9 <strong data-start=\"1330\" data-end=\"1355\">embalados individualmente<\/strong>A escova de dentes \u00e9 um produto sem aditivos e seguro para utiliza\u00e7\u00e3o di\u00e1ria. Basta coloc\u00e1-lo no dedo para remover res\u00edduos de leite, res\u00edduos da l\u00edngua, restos de comida e ajudar a proteger as gengivas e a prevenir c\u00e1ries - a qualquer hora, em qualquer lugar.<\/p>\t\t\t\t\t\t\t\t<\/div>\n\t\t\t\t<\/div>\n\t\t\t\t<div class=\"elementor-element elementor-element-93603fd color-scheme-inherit text-left elementor-widget elementor-widget-text-editor\" data-id=\"93603fd\" data-element_type=\"widget\" data-widget_type=\"text-editor.default\">\n\t\t\t\t<div class=\"elementor-widget-container\">\n\t\t\t\t\t\t\t\t\t<h2 data-start=\"1549\" data-end=\"1572\">CARACTER\u00cdSTICAS<\/h2>\n<ul data-start=\"1574\" data-end=\"1898\">\n \t<li data-start=\"1574\" data-end=\"1630\">\n<p data-start=\"1576\" data-end=\"1630\">Embalado individualmente para higiene e utiliza\u00e7\u00e3o em viagem<\/p>\n<\/li>\n \t<li data-start=\"1631\" data-end=\"1681\">\n<p data-start=\"1633\" data-end=\"1681\">F\u00f3rmula 8-free com zero aditivos certificados<\/p>\n<\/li>\n \t<li data-start=\"1682\" data-end=\"1738\">\n<p data-start=\"1684\" data-end=\"1738\">Tecido n\u00e3o tecido esterilizado, seguro para contacto oral<\/p>\n<\/li>\n \t<li data-start=\"1739\" data-end=\"1793\">\n<p data-start=\"1741\" data-end=\"1793\">Design ergon\u00f3mico de encaixe dos dedos, seguro e antiderrapante<\/p>\n<\/li>\n \t<li data-start=\"1794\" data-end=\"1836\">\n<p data-start=\"1796\" data-end=\"1836\">Utiliza\u00e7\u00e3o a seco ou h\u00famida para uma limpeza flex\u00edvel<\/p>\n<\/li>\n \t<li data-start=\"1837\" data-end=\"1898\">\n<p data-start=\"1839\" data-end=\"1898\">Um toalhete limpa as gengivas, os dentes, a l\u00edngua, as bochechas e o palato<\/p>\n<\/li>\n<\/ul>\t\t\t\t\t\t\t\t<\/div>\n\t\t\t\t<\/div>\n\t\t\t\t\t<\/div>\n\t\t<\/div>\n\t\t\t\t\t<\/div>\n\t\t<\/section>\n\t\t\t\t<section class=\"wd-negative-gap elementor-section elementor-top-section elementor-element elementor-element-773dd20 elementor-section-boxed elementor-section-height-default elementor-section-height-default\" data-id=\"773dd20\" data-element_type=\"section\">\n\t\t\t\t\t\t<div class=\"elementor-container elementor-column-gap-default\">\n\t\t\t\t\t<div class=\"elementor-column elementor-col-100 elementor-top-column elementor-element elementor-element-f396783\" data-id=\"f396783\" data-element_type=\"column\">\n\t\t\t<div class=\"elementor-widget-wrap elementor-element-populated\">\n\t\t\t\t\t\t<div class=\"elementor-element elementor-element-2ec3fc2 elementor-widget elementor-widget-image\" data-id=\"2ec3fc2\" data-element_type=\"widget\" data-widget_type=\"image.default\">\n\t\t\t\t<div class=\"elementor-widget-container\">\n\t\t\t\t\t\t\t\t\t\t\t\t\t\t\t<img decoding=\"async\" width=\"800\" height=\"800\" src=\"https:\/\/babyvk.com\/wp-content\/themes\/woodmart\/images\/lazy.svg\" data-src=\"https:\/\/babyvk.com\/wp-content\/uploads\/2026\/01\/baby-milk-residue-wipes-800x800.jpg\" class=\"wd-lazy-blur attachment-large size-large wp-image-25185 wvs-archive-product-image\" alt=\"toalhetes de higiene dent\u00e1ria para beb\u00e9s\" srcset=\"\" data-srcset=\"https:\/\/babyvk.com\/wp-content\/uploads\/2026\/01\/baby-milk-residue-wipes-800x800.jpg 800w, https:\/\/babyvk.com\/wp-content\/uploads\/2026\/01\/baby-milk-residue-wipes-300x300.jpg 300w, https:\/\/babyvk.com\/wp-content\/uploads\/2026\/01\/baby-milk-residue-wipes-150x150.jpg 150w, https:\/\/babyvk.com\/wp-content\/uploads\/2026\/01\/baby-milk-residue-wipes-768x768.jpg 768w, https:\/\/babyvk.com\/wp-content\/uploads\/2026\/01\/baby-milk-residue-wipes-12x12.jpg 12w, https:\/\/babyvk.com\/wp-content\/uploads\/2026\/01\/baby-milk-residue-wipes-1000x1000.jpg 1000w, https:\/\/babyvk.com\/wp-content\/uploads\/2026\/01\/baby-milk-residue-wipes-100x100.jpg 100w, https:\/\/babyvk.com\/wp-content\/uploads\/2026\/01\/baby-milk-residue-wipes-50x50.jpg 50w, https:\/\/babyvk.com\/wp-content\/uploads\/2026\/01\/baby-milk-residue-wipes.jpg 1300w\" sizes=\"(max-width: 800px) 100vw, 800px\" title=\"\">\t\t\t\t\t\t\t\t\t\t\t\t\t\t\t<\/div>\n\t\t\t\t<\/div>\n\t\t\t\t<div class=\"elementor-element elementor-element-f649119 elementor-widget elementor-widget-image\" data-id=\"f649119\" data-element_type=\"widget\" data-widget_type=\"image.default\">\n\t\t\t\t<div class=\"elementor-widget-container\">\n\t\t\t\t\t\t\t\t\t\t\t\t\t\t\t<img decoding=\"async\" width=\"800\" height=\"800\" src=\"https:\/\/babyvk.com\/wp-content\/themes\/woodmart\/images\/lazy.svg\" data-src=\"https:\/\/babyvk.com\/wp-content\/uploads\/2026\/01\/infant-gum-care-wipes-800x800.jpg\" class=\"wd-lazy-blur attachment-large size-large wp-image-25193 wvs-archive-product-image\" alt=\"produto de higiene oral para beb\u00e9s\" srcset=\"\" data-srcset=\"https:\/\/babyvk.com\/wp-content\/uploads\/2026\/01\/infant-gum-care-wipes-800x800.jpg 800w, https:\/\/babyvk.com\/wp-content\/uploads\/2026\/01\/infant-gum-care-wipes-300x300.jpg 300w, https:\/\/babyvk.com\/wp-content\/uploads\/2026\/01\/infant-gum-care-wipes-150x150.jpg 150w, https:\/\/babyvk.com\/wp-content\/uploads\/2026\/01\/infant-gum-care-wipes-768x768.jpg 768w, https:\/\/babyvk.com\/wp-content\/uploads\/2026\/01\/infant-gum-care-wipes-12x12.jpg 12w, https:\/\/babyvk.com\/wp-content\/uploads\/2026\/01\/infant-gum-care-wipes-1000x1000.jpg 1000w, https:\/\/babyvk.com\/wp-content\/uploads\/2026\/01\/infant-gum-care-wipes-100x100.jpg 100w, https:\/\/babyvk.com\/wp-content\/uploads\/2026\/01\/infant-gum-care-wipes-50x50.jpg 50w, https:\/\/babyvk.com\/wp-content\/uploads\/2026\/01\/infant-gum-care-wipes.jpg 1300w\" sizes=\"(max-width: 800px) 100vw, 800px\" title=\"\">\t\t\t\t\t\t\t\t\t\t\t\t\t\t\t<\/div>\n\t\t\t\t<\/div>\n\t\t\t\t\t<\/div>\n\t\t<\/div>\n\t\t\t\t\t<\/div>\n\t\t<\/section>\n\t\t\t\t<section class=\"wd-negative-gap elementor-section elementor-top-section elementor-element elementor-element-e0ce5d0 elementor-section-boxed elementor-section-height-default elementor-section-height-default\" data-id=\"e0ce5d0\" data-element_type=\"section\">\n\t\t\t\t\t\t<div class=\"elementor-container elementor-column-gap-default\">\n\t\t\t\t\t<div class=\"elementor-column elementor-col-100 elementor-top-column elementor-element elementor-element-c740f39\" data-id=\"c740f39\" data-element_type=\"column\">\n\t\t\t<div class=\"elementor-widget-wrap elementor-element-populated\">\n\t\t\t\t\t\t<div class=\"elementor-element elementor-element-6ccd7a3 elementor-widget elementor-widget-image\" data-id=\"6ccd7a3\" data-element_type=\"widget\" data-widget_type=\"image.default\">\n\t\t\t\t<div class=\"elementor-widget-container\">\n\t\t\t\t\t\t\t\t\t\t\t\t\t\t\t<img loading=\"lazy\" decoding=\"async\" width=\"533\" height=\"800\" src=\"https:\/\/babyvk.com\/wp-content\/themes\/woodmart\/images\/lazy.svg\" data-src=\"https:\/\/babyvk.com\/wp-content\/uploads\/2026\/01\/baby-tongue-coating-wipes-533x800.jpg\" class=\"wd-lazy-blur attachment-large size-large wp-image-25190 wvs-archive-product-image\" alt=\"baby oral wipes dry wet use\" srcset=\"\" data-srcset=\"https:\/\/babyvk.com\/wp-content\/uploads\/2026\/01\/baby-tongue-coating-wipes-533x800.jpg 533w, https:\/\/babyvk.com\/wp-content\/uploads\/2026\/01\/baby-tongue-coating-wipes-200x300.jpg 200w, https:\/\/babyvk.com\/wp-content\/uploads\/2026\/01\/baby-tongue-coating-wipes-768x1152.jpg 768w, https:\/\/babyvk.com\/wp-content\/uploads\/2026\/01\/baby-tongue-coating-wipes-8x12.jpg 8w, https:\/\/babyvk.com\/wp-content\/uploads\/2026\/01\/baby-tongue-coating-wipes-100x150.jpg 100w, https:\/\/babyvk.com\/wp-content\/uploads\/2026\/01\/baby-tongue-coating-wipes.jpg 800w\" sizes=\"(max-width: 533px) 100vw, 533px\" title=\"\">\t\t\t\t\t\t\t\t\t\t\t\t\t\t\t<\/div>\n\t\t\t\t<\/div>\n\t\t\t\t\t<\/div>\n\t\t<\/div>\n\t\t\t\t\t<\/div>\n\t\t<\/section>\n\t\t\t\t<section class=\"wd-negative-gap elementor-section elementor-top-section elementor-element elementor-element-dfb66bf elementor-section-boxed elementor-section-height-default elementor-section-height-default\" data-id=\"dfb66bf\" data-element_type=\"section\">\n\t\t\t\t\t\t<div class=\"elementor-container elementor-column-gap-default\">\n\t\t\t\t\t<div class=\"elementor-column elementor-col-100 elementor-top-column elementor-element elementor-element-dacb809\" data-id=\"dacb809\" data-element_type=\"column\">\n\t\t\t<div class=\"elementor-widget-wrap elementor-element-populated\">\n\t\t\t\t\t\t<div class=\"elementor-element elementor-element-e083129 color-scheme-inherit text-left elementor-widget elementor-widget-text-editor\" data-id=\"e083129\" data-element_type=\"widget\" data-widget_type=\"text-editor.default\">\n\t\t\t\t<div class=\"elementor-widget-container\">\n\t\t\t\t\t\t\t\t\t<h2 data-start=\"1905\" data-end=\"1926\">\ud83e\uddfcESPECIFICA\u00c7\u00d5ES<\/h2><ul data-start=\"1928\" data-end=\"2167\"><li data-start=\"1928\" data-end=\"1977\"><p data-start=\"1930\" data-end=\"1977\"><strong data-start=\"1930\" data-end=\"1947\">Nome do produto:<\/strong> Toalhetes para os dedos para higiene oral do beb\u00e9<\/p><\/li><li data-start=\"1978\" data-end=\"2008\"><p data-start=\"1980\" data-end=\"2008\"><strong data-start=\"1980\" data-end=\"1993\">Quantidade:<\/strong> 30 unidades \/ caixa<\/p><\/li><li data-start=\"2009\" data-end=\"2052\"><p data-start=\"2011\" data-end=\"2052\"><strong data-start=\"2011\" data-end=\"2024\">Material:<\/strong> Tecido n\u00e3o tecido Spunlace<\/p><\/li><li data-start=\"2053\" data-end=\"2081\"><p data-start=\"2055\" data-end=\"2081\"><strong data-start=\"2055\" data-end=\"2069\">Faixa et\u00e1ria:<\/strong> 0-3 anos<\/p><\/li><li data-start=\"2082\" data-end=\"2127\"><p data-start=\"2084\" data-end=\"2127\"><strong data-start=\"2084\" data-end=\"2097\">Tipo de utiliza\u00e7\u00e3o:<\/strong> Descart\u00e1vel, de utiliza\u00e7\u00e3o \u00fanica<\/p><\/li><li data-start=\"2128\" data-end=\"2167\"><p data-start=\"2130\" data-end=\"2167\"><strong data-start=\"2130\" data-end=\"2144\">Embalagem:<\/strong> Embalado individualmente<\/p><\/li><\/ul>\t\t\t\t\t\t\t\t<\/div>\n\t\t\t\t<\/div>\n\t\t\t\t\t<\/div>\n\t\t<\/div>\n\t\t\t\t\t<\/div>\n\t\t<\/section>\n\t\t\t\t<section class=\"wd-negative-gap elementor-section elementor-top-section elementor-element elementor-element-68a6de3 elementor-section-boxed elementor-section-height-default elementor-section-height-default\" data-id=\"68a6de3\" data-element_type=\"section\">\n\t\t\t\t\t\t<div class=\"elementor-container elementor-column-gap-default\">\n\t\t\t\t\t<div class=\"elementor-column elementor-col-100 elementor-top-column elementor-element elementor-element-dfc88e5\" data-id=\"dfc88e5\" data-element_type=\"column\">\n\t\t\t<div class=\"elementor-widget-wrap elementor-element-populated\">\n\t\t\t\t\t\t<div class=\"elementor-element elementor-element-8296fc8 color-scheme-inherit text-left elementor-widget elementor-widget-text-editor\" data-id=\"8296fc8\" data-element_type=\"widget\" data-widget_type=\"text-editor.default\">\n\t\t\t\t<div class=\"elementor-widget-container\">\n\t\t\t\t\t\t\t\t\t<h2 data-start=\"531\" data-end=\"550\">\u26a0\ufe0f PRECAU\u00c7\u00d5ES<\/h2>\n<ul data-start=\"552\" data-end=\"989\">\n \t<li data-start=\"552\" data-end=\"617\">\n<p data-start=\"554\" data-end=\"617\">Para <strong data-start=\"558\" data-end=\"589\">limpeza oral externa apenas<\/strong>. N\u00e3o engolir o toalhete.<\/p>\n<\/li>\n \t<li data-start=\"618\" data-end=\"659\">\n<p data-start=\"620\" data-end=\"659\"><strong data-start=\"620\" data-end=\"642\">Produto de utiliza\u00e7\u00e3o \u00fanica<\/strong>. N\u00e3o reutilizar.<\/p>\n<\/li>\n \t<li data-start=\"660\" data-end=\"741\">\n<p data-start=\"662\" data-end=\"741\">Utiliza\u00e7\u00e3o <strong data-start=\"666\" data-end=\"691\">movimentos suaves de limpeza<\/strong> para evitar irritar as gengivas ou a l\u00edngua do beb\u00e9.<\/p>\n<\/li>\n \t<li data-start=\"742\" data-end=\"785\">\n<p data-start=\"744\" data-end=\"785\">Utiliza\u00e7\u00e3o recomendada: <strong data-start=\"761\" data-end=\"782\">at\u00e9 duas vezes por dia<\/strong>.<\/p>\n<\/li>\n \t<li data-start=\"786\" data-end=\"836\">\n<p data-start=\"788\" data-end=\"836\">Manter fora do alcance das crian\u00e7as quando n\u00e3o estiver a ser utilizado.<\/p>\n<\/li>\n \t<li data-start=\"837\" data-end=\"899\">\n<p data-start=\"839\" data-end=\"899\">Armazenar num <strong data-start=\"850\" data-end=\"869\">local fresco e seco<\/strong>longe da luz solar direta.<\/p>\n<\/li>\n \t<li data-start=\"900\" data-end=\"989\">\n<p data-start=\"902\" data-end=\"989\">Interromper a utiliza\u00e7\u00e3o se ocorrer desconforto e consultar um profissional de sa\u00fade, se necess\u00e1rio.<\/p>\n<\/li>\n<\/ul>\t\t\t\t\t\t\t\t<\/div>\n\t\t\t\t<\/div>\n\t\t\t\t\t<\/div>\n\t\t<\/div>\n\t\t\t\t\t<\/div>\n\t\t<\/section>\n\t\t\t\t<\/div>","protected":false},"excerpt":{"rendered":"<p><strong data-start=\"503\" data-end=\"569\">Preocupado com a higiene oral do seu beb\u00e9 antes do aparecimento dos dentes?<\/strong> Os toalhetes para os dedos Baby Oral Care removem as manchas de leite, os res\u00edduos e ajudam a proteger as gengivas com seguran\u00e7a.<\/p>","protected":false},"featured_media":25192,"comment_status":"open","ping_status":"closed","template":"","meta":{"_acf_changed":false},"product_brand":[],"product_cat":[29],"product_tag":[1187,1190,1186,1188,1189],"class_list":{"0":"post-25196","1":"product","2":"type-product","3":"status-publish","4":"has-post-thumbnail","6":"product_cat-best-baby-care","7":"product_tag-baby-finger-tooth-wipes","8":"product_tag-baby-gum-tongue-cleaning-wipes","9":"product_tag-baby-oral-care-finger-wipes","10":"product_tag-disposable-baby-oral-cleaning-wipes","11":"product_tag-infant-oral-care-finger-wipes","13":"first","14":"instock","15":"sale","16":"taxable","17":"shipping-taxable","18":"purchasable","19":"product-type-variable","20":"wvs-archive-product-wrapper"},"acf":[],"_links":{"self":[{"href":"https:\/\/babyvk.com\/pt\/wp-json\/wp\/v2\/product\/25196","targetHints":{"allow":["GET"]}}],"collection":[{"href":"https:\/\/babyvk.com\/pt\/wp-json\/wp\/v2\/product"}],"about":[{"href":"https:\/\/babyvk.com\/pt\/wp-json\/wp\/v2\/types\/product"}],"replies":[{"embeddable":true,"href":"https:\/\/babyvk.com\/pt\/wp-json\/wp\/v2\/comments?post=25196"}],"version-history":[{"count":9,"href":"https:\/\/babyvk.com\/pt\/wp-json\/wp\/v2\/product\/25196\/revisions"}],"predecessor-version":[{"id":25208,"href":"https:\/\/babyvk.com\/pt\/wp-json\/wp\/v2\/product\/25196\/revisions\/25208"}],"wp:featuredmedia":[{"embeddable":true,"href":"https:\/\/babyvk.com\/pt\/wp-json\/wp\/v2\/media\/25192"}],"wp:attachment":[{"href":"https:\/\/babyvk.com\/pt\/wp-json\/wp\/v2\/media?parent=25196"}],"wp:term":[{"taxonomy":"product_brand","embeddable":true,"href":"https:\/\/babyvk.com\/pt\/wp-json\/wp\/v2\/product_brand?post=25196"},{"taxonomy":"product_cat","embeddable":true,"href":"https:\/\/babyvk.com\/pt\/wp-json\/wp\/v2\/product_cat?post=25196"},{"taxonomy":"product_tag","embeddable":true,"href":"https:\/\/babyvk.com\/pt\/wp-json\/wp\/v2\/product_tag?post=25196"}],"curies":[{"name":"wp","href":"https:\/\/api.w.org\/{rel}","templated":true}]}}