{"id":25155,"date":"2026-01-23T17:28:34","date_gmt":"2026-01-23T17:28:34","guid":{"rendered":"https:\/\/babyvk.com\/?post_type=product&#038;p=25155"},"modified":"2026-01-23T17:53:09","modified_gmt":"2026-01-23T17:53:09","slug":"kids-water-bottle-with-straw-820ml","status":"publish","type":"product","link":"https:\/\/babyvk.com\/pt\/product\/kids-water-bottle-with-straw-820ml\/","title":{"rendered":"Garrafa de \u00e1gua para crian\u00e7as com palhinha - 820ml"},"content":{"rendered":"<div data-elementor-type=\"product-post\" data-elementor-id=\"25155\" class=\"elementor elementor-25155\" data-elementor-post-type=\"product\">\n\t\t\t\t\t\t<section class=\"wd-negative-gap elementor-section elementor-top-section elementor-element elementor-element-262f339 elementor-section-boxed elementor-section-height-default elementor-section-height-default\" data-id=\"262f339\" data-element_type=\"section\">\n\t\t\t\t\t\t<div class=\"elementor-container elementor-column-gap-default\">\n\t\t\t\t\t<div class=\"elementor-column elementor-col-100 elementor-top-column elementor-element elementor-element-dba8260\" data-id=\"dba8260\" data-element_type=\"column\">\n\t\t\t<div class=\"elementor-widget-wrap elementor-element-populated\">\n\t\t\t\t\t\t<div class=\"elementor-element elementor-element-0dab96c color-scheme-inherit text-left elementor-widget elementor-widget-text-editor\" data-id=\"0dab96c\" data-element_type=\"widget\" data-widget_type=\"text-editor.default\">\n\t\t\t\t<div class=\"elementor-widget-container\">\n\t\t\t\t\t\t\t\t\t<h2 data-start=\"1211\" data-end=\"1229\">DESCRI\u00c7\u00c3O<\/h2><p data-start=\"1231\" data-end=\"1585\">O <strong data-start=\"1235\" data-end=\"1267\">Garrafa de \u00e1gua para crian\u00e7as com palhinha<\/strong> foi concebido para tornar a hidrata\u00e7\u00e3o di\u00e1ria f\u00e1cil, segura e divertida. Com um <strong data-start=\"1332\" data-end=\"1356\">grande capacidade de 820 ml<\/strong>materiais de qualidade alimentar, e um <strong data-start=\"1386\" data-end=\"1409\">Veda\u00e7\u00e3o estanque a 360\u00b0<\/strong>\u00c9 perfeito para a escola, actividades ao ar livre e viagens. O design de banda desenhada, a palhinha integrada e a pega de transporte fazem dela a preferida das crian\u00e7as e uma escolha sem preocupa\u00e7\u00f5es para os pais.<\/p>\t\t\t\t\t\t\t\t<\/div>\n\t\t\t\t<\/div>\n\t\t\t\t<div class=\"elementor-element elementor-element-2ca6a9a color-scheme-inherit text-left elementor-widget elementor-widget-text-editor\" data-id=\"2ca6a9a\" data-element_type=\"widget\" data-widget_type=\"text-editor.default\">\n\t\t\t\t<div class=\"elementor-widget-container\">\n\t\t\t\t\t\t\t\t\t<h2 data-start=\"1592\" data-end=\"1615\">CARACTER\u00cdSTICAS<\/h2>\n<ul data-start=\"1617\" data-end=\"1879\">\n \t<li data-start=\"1617\" data-end=\"1665\">\n<p data-start=\"1619\" data-end=\"1665\">Material de PC de qualidade alimentar, seguro e n\u00e3o t\u00f3xico<\/p>\n<\/li>\n \t<li data-start=\"1666\" data-end=\"1707\">\n<p data-start=\"1668\" data-end=\"1707\">A veda\u00e7\u00e3o de 360\u00b0 \u00e0 prova de fugas evita derrames<\/p>\n<\/li>\n \t<li data-start=\"1708\" data-end=\"1749\">\n<p data-start=\"1710\" data-end=\"1749\">Palhinha incorporada com vedante de silicone<\/p>\n<\/li>\n \t<li data-start=\"1750\" data-end=\"1798\">\n<p data-start=\"1752\" data-end=\"1798\">Grande capacidade de 820 ml para hidrata\u00e7\u00e3o durante todo o dia<\/p>\n<\/li>\n \t<li data-start=\"1799\" data-end=\"1829\">\n<p data-start=\"1801\" data-end=\"1829\">Design de desenhos animados que as crian\u00e7as adoram<\/p>\n<\/li>\n \t<li data-start=\"1830\" data-end=\"1879\">\n<p data-start=\"1832\" data-end=\"1879\">Pega e al\u00e7a port\u00e1teis para f\u00e1cil transporte<\/p>\n<\/li>\n<\/ul>\t\t\t\t\t\t\t\t<\/div>\n\t\t\t\t<\/div>\n\t\t\t\t<div class=\"elementor-element elementor-element-9317eea color-scheme-inherit text-left elementor-widget elementor-widget-text-editor\" data-id=\"9317eea\" data-element_type=\"widget\" data-widget_type=\"text-editor.default\">\n\t\t\t\t<div class=\"elementor-widget-container\">\n\t\t\t\t\t\t\t\t\t<h2 data-start=\"1886\" data-end=\"1907\">ESPECIFICA\u00c7\u00d5ES<\/h2>\n<ul data-start=\"1909\" data-end=\"2249\">\n \t<li data-start=\"1909\" data-end=\"1951\">\n<p data-start=\"1911\" data-end=\"1951\"><strong data-start=\"1911\" data-end=\"1928\">Nome do produto:<\/strong> Copo de \u00e1gua para crian\u00e7as<\/p>\n<\/li>\n \t<li data-start=\"1952\" data-end=\"1975\">\n<p data-start=\"1954\" data-end=\"1975\"><strong data-start=\"1954\" data-end=\"1967\">Capacidade:<\/strong> 820ml<\/p>\n<\/li>\n \t<li data-start=\"1976\" data-end=\"2023\">\n<p data-start=\"1978\" data-end=\"2023\"><strong data-start=\"1978\" data-end=\"1991\">Material:<\/strong> PC de qualidade alimentar + vedante de silicone<\/p>\n<\/li>\n \t<li data-start=\"2024\" data-end=\"2079\">\n<p data-start=\"2026\" data-end=\"2079\"><strong data-start=\"2026\" data-end=\"2037\">Conce\u00e7\u00e3o:<\/strong> Tampa de palha, pega, corpo do copo transparente<\/p>\n<\/li>\n \t<li data-start=\"2080\" data-end=\"2120\">\n<p data-start=\"2082\" data-end=\"2120\"><strong data-start=\"2082\" data-end=\"2091\">Tamanho:<\/strong> Altura 17cm \/ Di\u00e2metro 9cm<\/p>\n<\/li>\n \t<li data-start=\"2121\" data-end=\"2187\">\n<p data-start=\"2123\" data-end=\"2187\"><strong data-start=\"2123\" data-end=\"2144\">O pacote inclui:<\/strong> 1 x Garrafa de \u00e1gua (autocolantes n\u00e3o inclu\u00eddos)<\/p>\n<\/li>\n \t<li data-start=\"2188\" data-end=\"2249\">\n<p data-start=\"2190\" data-end=\"2249\"><strong data-start=\"2190\" data-end=\"2207\">Adequado para:<\/strong> Crian\u00e7as, estudantes, escola, utiliza\u00e7\u00e3o no exterior<\/p>\n<\/li>\n<\/ul>\t\t\t\t\t\t\t\t<\/div>\n\t\t\t\t<\/div>\n\t\t\t\t\t<\/div>\n\t\t<\/div>\n\t\t\t\t\t<\/div>\n\t\t<\/section>\n\t\t\t\t<section class=\"wd-negative-gap elementor-section elementor-top-section elementor-element elementor-element-79a6b55 elementor-section-boxed elementor-section-height-default elementor-section-height-default\" data-id=\"79a6b55\" data-element_type=\"section\">\n\t\t\t\t\t\t<div class=\"elementor-container elementor-column-gap-default\">\n\t\t\t\t\t<div class=\"elementor-column elementor-col-100 elementor-top-column elementor-element elementor-element-caa0bef\" data-id=\"caa0bef\" data-element_type=\"column\">\n\t\t\t<div class=\"elementor-widget-wrap elementor-element-populated\">\n\t\t\t\t\t\t<div class=\"elementor-element elementor-element-7abd068 elementor-widget elementor-widget-image\" data-id=\"7abd068\" data-element_type=\"widget\" data-widget_type=\"image.default\">\n\t\t\t\t<div class=\"elementor-widget-container\">\n\t\t\t\t\t\t\t\t\t\t\t\t\t\t\t<img fetchpriority=\"high\" decoding=\"async\" width=\"800\" height=\"800\" src=\"https:\/\/babyvk.com\/wp-content\/themes\/woodmart\/images\/lazy.svg\" data-src=\"https:\/\/babyvk.com\/wp-content\/uploads\/2026\/01\/kids-water-bottle-with-straw-800x800.jpg\" class=\"wd-lazy-blur attachment-large size-large wp-image-25146 wvs-archive-product-image\" alt=\"biber\u00e3o para crian\u00e7as com palhinha de silicone\" srcset=\"\" data-srcset=\"https:\/\/babyvk.com\/wp-content\/uploads\/2026\/01\/kids-water-bottle-with-straw-800x800.jpg 800w, https:\/\/babyvk.com\/wp-content\/uploads\/2026\/01\/kids-water-bottle-with-straw-300x300.jpg 300w, https:\/\/babyvk.com\/wp-content\/uploads\/2026\/01\/kids-water-bottle-with-straw-150x150.jpg 150w, https:\/\/babyvk.com\/wp-content\/uploads\/2026\/01\/kids-water-bottle-with-straw-768x768.jpg 768w, https:\/\/babyvk.com\/wp-content\/uploads\/2026\/01\/kids-water-bottle-with-straw-12x12.jpg 12w, https:\/\/babyvk.com\/wp-content\/uploads\/2026\/01\/kids-water-bottle-with-straw-1000x1000.jpg 1000w, https:\/\/babyvk.com\/wp-content\/uploads\/2026\/01\/kids-water-bottle-with-straw-100x100.jpg 100w, https:\/\/babyvk.com\/wp-content\/uploads\/2026\/01\/kids-water-bottle-with-straw-50x50.jpg 50w, https:\/\/babyvk.com\/wp-content\/uploads\/2026\/01\/kids-water-bottle-with-straw.jpg 1300w\" sizes=\"(max-width: 800px) 100vw, 800px\" title=\"\">\t\t\t\t\t\t\t\t\t\t\t\t\t\t\t<\/div>\n\t\t\t\t<\/div>\n\t\t\t\t\t<\/div>\n\t\t<\/div>\n\t\t\t\t\t<\/div>\n\t\t<\/section>\n\t\t\t\t<\/div>","protected":false},"excerpt":{"rendered":"<p><strong data-start=\"1061\" data-end=\"1111\">Precisa de um biber\u00e3o seguro e elegante para o seu filho?<\/strong> A Garrafa de \u00e1gua para crian\u00e7as com palhinha tem uma veda\u00e7\u00e3o de 360\u00b0 \u00e0 prova de fugas, uma grande capacidade de 820 ml e material seguro de qualidade alimentar.<\/p>","protected":false},"featured_media":25152,"comment_status":"open","ping_status":"closed","template":"","meta":{"_acf_changed":false},"product_brand":[],"product_cat":[508],"product_tag":[1181,1182,1184,1179,1180,1183],"class_list":{"0":"post-25155","1":"product","2":"type-product","3":"status-publish","4":"has-post-thumbnail","6":"product_cat-best-baby-feeding","7":"product_tag-children-water-bottle","8":"product_tag-cute-kids-water-bottle","9":"product_tag-kids-water-bottle-with-strap","10":"product_tag-kids-water-bottle-with-straw","11":"product_tag-portable-kids-water-bottle","12":"product_tag-toddler-straw-water-bottle","14":"first","15":"instock","16":"sale","17":"taxable","18":"shipping-taxable","19":"purchasable","20":"product-type-variable","21":"wvs-archive-product-wrapper"},"acf":[],"_links":{"self":[{"href":"https:\/\/babyvk.com\/pt\/wp-json\/wp\/v2\/product\/25155","targetHints":{"allow":["GET"]}}],"collection":[{"href":"https:\/\/babyvk.com\/pt\/wp-json\/wp\/v2\/product"}],"about":[{"href":"https:\/\/babyvk.com\/pt\/wp-json\/wp\/v2\/types\/product"}],"replies":[{"embeddable":true,"href":"https:\/\/babyvk.com\/pt\/wp-json\/wp\/v2\/comments?post=25155"}],"version-history":[{"count":5,"href":"https:\/\/babyvk.com\/pt\/wp-json\/wp\/v2\/product\/25155\/revisions"}],"predecessor-version":[{"id":25165,"href":"https:\/\/babyvk.com\/pt\/wp-json\/wp\/v2\/product\/25155\/revisions\/25165"}],"wp:featuredmedia":[{"embeddable":true,"href":"https:\/\/babyvk.com\/pt\/wp-json\/wp\/v2\/media\/25152"}],"wp:attachment":[{"href":"https:\/\/babyvk.com\/pt\/wp-json\/wp\/v2\/media?parent=25155"}],"wp:term":[{"taxonomy":"product_brand","embeddable":true,"href":"https:\/\/babyvk.com\/pt\/wp-json\/wp\/v2\/product_brand?post=25155"},{"taxonomy":"product_cat","embeddable":true,"href":"https:\/\/babyvk.com\/pt\/wp-json\/wp\/v2\/product_cat?post=25155"},{"taxonomy":"product_tag","embeddable":true,"href":"https:\/\/babyvk.com\/pt\/wp-json\/wp\/v2\/product_tag?post=25155"}],"curies":[{"name":"wp","href":"https:\/\/api.w.org\/{rel}","templated":true}]}}