{"id":24876,"date":"2026-01-01T15:39:16","date_gmt":"2026-01-01T15:39:16","guid":{"rendered":"https:\/\/babyvk.com\/?post_type=product&#038;p=24876"},"modified":"2026-01-01T17:24:59","modified_gmt":"2026-01-01T17:24:59","slug":"foldable-baby-bath-stand","status":"publish","type":"product","link":"https:\/\/babyvk.com\/pt\/product\/foldable-baby-bath-stand\/","title":{"rendered":"Suporte dobr\u00e1vel para banho de beb\u00e9"},"content":{"rendered":"<div data-elementor-type=\"product-post\" data-elementor-id=\"24876\" class=\"elementor elementor-24876\" data-elementor-post-type=\"product\">\n\t\t\t\t\t\t<section class=\"wd-negative-gap elementor-section elementor-top-section elementor-element elementor-element-7a7060c elementor-section-boxed elementor-section-height-default elementor-section-height-default\" data-id=\"7a7060c\" data-element_type=\"section\">\n\t\t\t\t\t\t<div class=\"elementor-container elementor-column-gap-default\">\n\t\t\t\t\t<div class=\"elementor-column elementor-col-100 elementor-top-column elementor-element elementor-element-20129eb\" data-id=\"20129eb\" data-element_type=\"column\">\n\t\t\t<div class=\"elementor-widget-wrap elementor-element-populated\">\n\t\t\t\t\t\t<div class=\"elementor-element elementor-element-df46238 color-scheme-inherit text-left elementor-widget elementor-widget-text-editor\" data-id=\"df46238\" data-element_type=\"widget\" data-widget_type=\"text-editor.default\">\n\t\t\t\t<div class=\"elementor-widget-container\">\n\t\t\t\t\t\t\t\t\t<p>Mantenha a hora do banho segura e sem stress com a <strong data-start=\"1255\" data-end=\"1293\">Suporte de banho dobr\u00e1vel para beb\u00e9s e crian\u00e7as<\/strong>. Ergonomicamente concebido com altura ajust\u00e1vel e apoio para as costas, almofadas antiderrapantes e uma base triangular est\u00e1vel, garante que o seu beb\u00e9 se mant\u00e9m confort\u00e1vel e seguro durante o banho. F\u00e1cil de montar, dobrar e limpar, este suporte \u00e9 ideal para beb\u00e9s e crian\u00e7as de 8 a 36 meses.<\/p>\t\t\t\t\t\t\t\t<\/div>\n\t\t\t\t<\/div>\n\t\t\t\t<div class=\"elementor-element elementor-element-cd8546d color-scheme-inherit text-left elementor-widget elementor-widget-text-editor\" data-id=\"cd8546d\" data-element_type=\"widget\" data-widget_type=\"text-editor.default\">\n\t\t\t\t<div class=\"elementor-widget-container\">\n\t\t\t\t\t\t\t\t\t<h2>Carater\u00edsticas<\/h2><ul data-start=\"1543\" data-end=\"2261\"><li data-start=\"1543\" data-end=\"1658\"><p data-start=\"1545\" data-end=\"1658\"><strong data-start=\"1547\" data-end=\"1580\">Design ergon\u00f3mico e ajust\u00e1vel<\/strong> - Suporta beb\u00e9s dos 8 aos 36 meses com ajuste do encosto para uma postura saud\u00e1vel.<\/p><\/li><li data-start=\"1659\" data-end=\"1780\"><p data-start=\"1661\" data-end=\"1780\"><strong data-start=\"1663\" data-end=\"1691\">Seguran\u00e7a est\u00e1vel e antiderrapante<\/strong> - A estrutura triangular com almofadas antiderrapantes e orif\u00edcios de drenagem de \u00e1gua evita o deslizamento.<\/p><\/li><li data-start=\"1781\" data-end=\"1885\"><p data-start=\"1783\" data-end=\"1885\"><strong data-start=\"1785\" data-end=\"1813\">Montagem e limpeza f\u00e1ceis<\/strong> - A estrutura de tr\u00eas n\u00edveis encaixa-se com um clique; dobra-se rapidamente para ser guardada.<\/p><\/li><li data-start=\"1886\" data-end=\"2023\"><p data-start=\"1888\" data-end=\"2023\"><strong data-start=\"1890\" data-end=\"1920\">Design vers\u00e1til e multiusos<\/strong> - Funciona como assento de banho com apoios de bra\u00e7os ajust\u00e1veis para tomar banho, mudar fraldas ou aplicar lo\u00e7\u00e3o.<\/p><\/li><li data-start=\"2024\" data-end=\"2111\"><p data-start=\"2026\" data-end=\"2111\"><strong data-start=\"2028\" data-end=\"2054\">Suporte de duche incorporado<\/strong> - M\u00e3os livres para os pais durante o banho.<\/p><\/li><li data-start=\"2112\" data-end=\"2261\"><p data-start=\"2114\" data-end=\"2261\"><strong data-start=\"2116\" data-end=\"2154\">Altura ajust\u00e1vel e suporte forte<\/strong> - Altura 18,5-22,83 pol., estribo equilibrado, suporte largo e forte, pega de abertura f\u00e1cil, estrutura de fluxo de \u00e1gua.<\/p><\/li><\/ul>\t\t\t\t\t\t\t\t<\/div>\n\t\t\t\t<\/div>\n\t\t\t\t<div class=\"elementor-element elementor-element-9fd496a color-scheme-inherit text-left elementor-widget elementor-widget-text-editor\" data-id=\"9fd496a\" data-element_type=\"widget\" data-widget_type=\"text-editor.default\">\n\t\t\t\t<div class=\"elementor-widget-container\">\n\t\t\t\t\t\t\t\t\t<h2 data-start=\"2268\" data-end=\"2291\">Especifica\u00e7\u00f5es<\/h2><ul data-start=\"2292\" data-end=\"2630\"><li data-start=\"2292\" data-end=\"2348\"><p data-start=\"2294\" data-end=\"2348\"><strong data-start=\"2294\" data-end=\"2311\">Nome do produto:<\/strong> Suporte dobr\u00e1vel para banho de beb\u00e9<\/p><\/li><li data-start=\"2349\" data-end=\"2378\"><p data-start=\"2351\" data-end=\"2378\"><strong data-start=\"2351\" data-end=\"2364\">Material:<\/strong> Pl\u00e1stico ABS<\/p><\/li><li data-start=\"2379\" data-end=\"2409\"><p data-start=\"2381\" data-end=\"2409\"><strong data-start=\"2381\" data-end=\"2395\">Faixa et\u00e1ria:<\/strong> 8-36 meses<\/p><\/li><li data-start=\"2410\" data-end=\"2454\"><p data-start=\"2412\" data-end=\"2454\"><strong data-start=\"2412\" data-end=\"2434\">Altura ajust\u00e1vel:<\/strong> 18,5-22,83 polegadas<\/p><\/li><li data-start=\"2576\" data-end=\"2630\"><p data-start=\"2578\" data-end=\"2630\"><strong data-start=\"2578\" data-end=\"2599\">O pacote inclui:<\/strong> 1 x suporte dobr\u00e1vel para banho de beb\u00e9<\/p><\/li><\/ul>\t\t\t\t\t\t\t\t<\/div>\n\t\t\t\t<\/div>\n\t\t\t\t<div class=\"elementor-element elementor-element-047a22a color-scheme-inherit text-left elementor-widget elementor-widget-text-editor\" data-id=\"047a22a\" data-element_type=\"widget\" data-widget_type=\"text-editor.default\">\n\t\t\t\t<div class=\"elementor-widget-container\">\n\t\t\t\t\t\t\t\t\t<h2>Porque \u00e9 que os pais o adoram\uff1f<\/h2><p data-start=\"2666\" data-end=\"3001\">Os pais adoram isto <strong data-start=\"2684\" data-end=\"2712\">Suporte dobr\u00e1vel para banho de beb\u00e9<\/strong> porque <strong data-start=\"2724\" data-end=\"2774\">torna a hora do banho mais segura, mais f\u00e1cil e sem stress<\/strong>. O seu suporte ergon\u00f3mico, a base antiderrapante, a altura ajust\u00e1vel e o suporte de duche incorporado proporcionam tranquilidade. O design dobr\u00e1vel poupa espa\u00e7o, enquanto a funcionalidade vers\u00e1til permite tomar banho, usar fraldas ou aplicar lo\u00e7\u00e3o.<\/p>\t\t\t\t\t\t\t\t<\/div>\n\t\t\t\t<\/div>\n\t\t\t\t\t<\/div>\n\t\t<\/div>\n\t\t\t\t\t<\/div>\n\t\t<\/section>\n\t\t\t\t<\/div>","protected":false},"excerpt":{"rendered":"<p><strong data-start=\"420\" data-end=\"474\">Cansado de se esfor\u00e7ar para dar banho ao seu beb\u00e9?<\/strong> O suporte dobr\u00e1vel para banho de beb\u00e9 mant\u00e9m o seu beb\u00e9 seguro com almofadas antiderrapantes, suporte ergon\u00f3mico e altura ajust\u00e1vel.<\/p>","protected":false},"featured_media":24873,"comment_status":"open","ping_status":"closed","template":"","meta":{"_acf_changed":false},"product_brand":[],"product_cat":[29],"product_tag":[1166,1123,1162,1164,1163,1165],"class_list":{"0":"post-24876","1":"product","2":"type-product","3":"status-publish","4":"has-post-thumbnail","6":"product_cat-best-baby-care","7":"product_tag-adjustable-height-baby-bath-stand","8":"product_tag-anti-slip-baby-bath-seat","9":"product_tag-foldable-baby-bath-stand","10":"product_tag-standing-baby-bathtub-support","11":"product_tag-toddler-bath-stand","12":"product_tag-toddler-shower-stand","14":"first","15":"instock","16":"sale","17":"taxable","18":"shipping-taxable","19":"purchasable","20":"product-type-variable","21":"wvs-archive-product-wrapper"},"acf":[],"_links":{"self":[{"href":"https:\/\/babyvk.com\/pt\/wp-json\/wp\/v2\/product\/24876","targetHints":{"allow":["GET"]}}],"collection":[{"href":"https:\/\/babyvk.com\/pt\/wp-json\/wp\/v2\/product"}],"about":[{"href":"https:\/\/babyvk.com\/pt\/wp-json\/wp\/v2\/types\/product"}],"replies":[{"embeddable":true,"href":"https:\/\/babyvk.com\/pt\/wp-json\/wp\/v2\/comments?post=24876"}],"version-history":[{"count":4,"href":"https:\/\/babyvk.com\/pt\/wp-json\/wp\/v2\/product\/24876\/revisions"}],"predecessor-version":[{"id":24882,"href":"https:\/\/babyvk.com\/pt\/wp-json\/wp\/v2\/product\/24876\/revisions\/24882"}],"wp:featuredmedia":[{"embeddable":true,"href":"https:\/\/babyvk.com\/pt\/wp-json\/wp\/v2\/media\/24873"}],"wp:attachment":[{"href":"https:\/\/babyvk.com\/pt\/wp-json\/wp\/v2\/media?parent=24876"}],"wp:term":[{"taxonomy":"product_brand","embeddable":true,"href":"https:\/\/babyvk.com\/pt\/wp-json\/wp\/v2\/product_brand?post=24876"},{"taxonomy":"product_cat","embeddable":true,"href":"https:\/\/babyvk.com\/pt\/wp-json\/wp\/v2\/product_cat?post=24876"},{"taxonomy":"product_tag","embeddable":true,"href":"https:\/\/babyvk.com\/pt\/wp-json\/wp\/v2\/product_tag?post=24876"}],"curies":[{"name":"wp","href":"https:\/\/api.w.org\/{rel}","templated":true}]}}