{"id":24645,"date":"2025-12-09T16:32:13","date_gmt":"2025-12-09T16:32:13","guid":{"rendered":"https:\/\/babyvk.com\/?post_type=product&#038;p=24645"},"modified":"2025-12-09T17:07:38","modified_gmt":"2025-12-09T17:07:38","slug":"adjustable-pregnancy-support-pillow","status":"publish","type":"product","link":"https:\/\/babyvk.com\/pt\/product\/adjustable-pregnancy-support-pillow\/","title":{"rendered":"Almofada ajust\u00e1vel de apoio \u00e0 gravidez"},"content":{"rendered":"<div data-elementor-type=\"product-post\" data-elementor-id=\"24645\" class=\"elementor elementor-24645\" data-elementor-post-type=\"product\">\n\t\t\t\t\t\t<section class=\"wd-negative-gap elementor-section elementor-top-section elementor-element elementor-element-d811402 elementor-section-boxed elementor-section-height-default elementor-section-height-default\" data-id=\"d811402\" data-element_type=\"section\">\n\t\t\t\t\t\t<div class=\"elementor-container elementor-column-gap-default\">\n\t\t\t\t\t<div class=\"elementor-column elementor-col-100 elementor-top-column elementor-element elementor-element-4d22e0b\" data-id=\"4d22e0b\" data-element_type=\"column\">\n\t\t\t<div class=\"elementor-widget-wrap elementor-element-populated\">\n\t\t\t\t\t\t<div class=\"elementor-element elementor-element-b9e824a color-scheme-inherit text-left elementor-widget elementor-widget-text-editor\" data-id=\"b9e824a\" data-element_type=\"widget\" data-widget_type=\"text-editor.default\">\n\t\t\t\t<div class=\"elementor-widget-container\">\n\t\t\t\t\t\t\t\t\t<h2 data-start=\"1549\" data-end=\"1571\">Carater\u00edsticas<\/h2><ul data-start=\"1573\" data-end=\"2027\"><li data-start=\"1573\" data-end=\"1662\"><p data-start=\"1575\" data-end=\"1662\">\u2705 <strong data-start=\"1577\" data-end=\"1606\">Apoio do ventre com inclina\u00e7\u00e3o de 30<\/strong> reduz a press\u00e3o e promove um sono seguro do lado esquerdo<\/p><\/li><li data-start=\"1663\" data-end=\"1724\"><p data-start=\"1665\" data-end=\"1724\">\u2705 <strong data-start=\"1667\" data-end=\"1694\">Design curvo ergon\u00f3mico<\/strong> adapta-se aos contornos do corpo da gr\u00e1vida<\/p><\/li><li data-start=\"1725\" data-end=\"1798\"><p data-start=\"1727\" data-end=\"1798\">\u2705 <strong data-start=\"1729\" data-end=\"1757\">Almofada de cintura 3D actualizada<\/strong> alivia as dores de costas e a press\u00e3o lombar<\/p><\/li><li data-start=\"1799\" data-end=\"1885\"><p data-start=\"1801\" data-end=\"1885\">\u2705 <strong data-start=\"1803\" data-end=\"1843\">Dist\u00e2ncia ajust\u00e1vel da almofada (2-21 cm)<\/strong> adapta-se ao tamanho da barriga \u00e0 medida que a gravidez avan\u00e7a<\/p><\/li><li data-start=\"1886\" data-end=\"1958\"><p data-start=\"1888\" data-end=\"1958\">\u2705 <strong data-start=\"1890\" data-end=\"1924\">Tecido macio de algod\u00e3o + poli\u00e9ster<\/strong> \u00e9 respir\u00e1vel e n\u00e3o agride a pele<\/p><\/li><li data-start=\"1959\" data-end=\"2027\"><p data-start=\"1961\" data-end=\"2027\">\u2705 <strong data-start=\"1963\" data-end=\"1999\">Inclui uma almofada auxiliar gratuita<\/strong> para apoio das pernas ou da cintura<\/p><\/li><\/ul>\t\t\t\t\t\t\t\t<\/div>\n\t\t\t\t<\/div>\n\t\t\t\t\t<\/div>\n\t\t<\/div>\n\t\t\t\t\t<\/div>\n\t\t<\/section>\n\t\t\t\t<section class=\"wd-negative-gap elementor-section elementor-top-section elementor-element elementor-element-f99c668 elementor-section-boxed elementor-section-height-default elementor-section-height-default\" data-id=\"f99c668\" data-element_type=\"section\">\n\t\t\t\t\t\t<div class=\"elementor-container elementor-column-gap-default\">\n\t\t\t\t\t<div class=\"elementor-column elementor-col-100 elementor-top-column elementor-element elementor-element-fb033b6\" data-id=\"fb033b6\" data-element_type=\"column\">\n\t\t\t<div class=\"elementor-widget-wrap elementor-element-populated\">\n\t\t\t\t\t\t<div class=\"elementor-element elementor-element-8fa154d elementor-widget elementor-widget-image\" data-id=\"8fa154d\" data-element_type=\"widget\" data-widget_type=\"image.default\">\n\t\t\t\t<div class=\"elementor-widget-container\">\n\t\t\t\t\t\t\t\t\t\t\t\t\t\t\t<img fetchpriority=\"high\" decoding=\"async\" width=\"547\" height=\"800\" src=\"https:\/\/babyvk.com\/wp-content\/themes\/woodmart\/images\/lazy.svg\" data-src=\"https:\/\/babyvk.com\/wp-content\/uploads\/2025\/12\/pregnancy-auxiliary-pillow-547x800.jpg\" class=\"wd-lazy-blur attachment-large size-large wp-image-24660 wvs-archive-product-image\" alt=\"maternity body pillow\" srcset=\"\" data-srcset=\"https:\/\/babyvk.com\/wp-content\/uploads\/2025\/12\/pregnancy-auxiliary-pillow-547x800.jpg 547w, https:\/\/babyvk.com\/wp-content\/uploads\/2025\/12\/pregnancy-auxiliary-pillow-205x300.jpg 205w, https:\/\/babyvk.com\/wp-content\/uploads\/2025\/12\/pregnancy-auxiliary-pillow-768x1123.jpg 768w, https:\/\/babyvk.com\/wp-content\/uploads\/2025\/12\/pregnancy-auxiliary-pillow-8x12.jpg 8w, https:\/\/babyvk.com\/wp-content\/uploads\/2025\/12\/pregnancy-auxiliary-pillow-430x629.jpg 430w, https:\/\/babyvk.com\/wp-content\/uploads\/2025\/12\/pregnancy-auxiliary-pillow-700x1024.jpg 700w, https:\/\/babyvk.com\/wp-content\/uploads\/2025\/12\/pregnancy-auxiliary-pillow-100x146.jpg 100w, https:\/\/babyvk.com\/wp-content\/uploads\/2025\/12\/pregnancy-auxiliary-pillow.jpg 800w\" sizes=\"(max-width: 547px) 100vw, 547px\" title=\"\">\t\t\t\t\t\t\t\t\t\t\t\t\t\t\t<\/div>\n\t\t\t\t<\/div>\n\t\t\t\t<div class=\"elementor-element elementor-element-4577a7f elementor-widget elementor-widget-image\" data-id=\"4577a7f\" data-element_type=\"widget\" data-widget_type=\"image.default\">\n\t\t\t\t<div class=\"elementor-widget-container\">\n\t\t\t\t\t\t\t\t\t\t\t\t\t\t\t<img decoding=\"async\" width=\"413\" height=\"800\" src=\"https:\/\/babyvk.com\/wp-content\/themes\/woodmart\/images\/lazy.svg\" data-src=\"https:\/\/babyvk.com\/wp-content\/uploads\/2025\/12\/prenatal-ergonomic-cushion-413x800.jpg\" class=\"wd-lazy-blur attachment-large size-large wp-image-24663 wvs-archive-product-image\" alt=\"pregnancy wedge cushion\" srcset=\"\" data-srcset=\"https:\/\/babyvk.com\/wp-content\/uploads\/2025\/12\/prenatal-ergonomic-cushion-413x800.jpg 413w, https:\/\/babyvk.com\/wp-content\/uploads\/2025\/12\/prenatal-ergonomic-cushion-155x300.jpg 155w, https:\/\/babyvk.com\/wp-content\/uploads\/2025\/12\/prenatal-ergonomic-cushion-768x1486.jpg 768w, https:\/\/babyvk.com\/wp-content\/uploads\/2025\/12\/prenatal-ergonomic-cushion-794x1536.jpg 794w, https:\/\/babyvk.com\/wp-content\/uploads\/2025\/12\/prenatal-ergonomic-cushion-6x12.jpg 6w, https:\/\/babyvk.com\/wp-content\/uploads\/2025\/12\/prenatal-ergonomic-cushion-430x832.jpg 430w, https:\/\/babyvk.com\/wp-content\/uploads\/2025\/12\/prenatal-ergonomic-cushion-700x1355.jpg 700w, https:\/\/babyvk.com\/wp-content\/uploads\/2025\/12\/prenatal-ergonomic-cushion-100x194.jpg 100w, https:\/\/babyvk.com\/wp-content\/uploads\/2025\/12\/prenatal-ergonomic-cushion.jpg 800w\" sizes=\"(max-width: 413px) 100vw, 413px\" title=\"\">\t\t\t\t\t\t\t\t\t\t\t\t\t\t\t<\/div>\n\t\t\t\t<\/div>\n\t\t\t\t<div class=\"elementor-element elementor-element-681252a elementor-widget elementor-widget-image\" data-id=\"681252a\" data-element_type=\"widget\" data-widget_type=\"image.default\">\n\t\t\t\t<div class=\"elementor-widget-container\">\n\t\t\t\t\t\t\t\t\t\t\t\t\t\t\t<img decoding=\"async\" width=\"629\" height=\"800\" src=\"https:\/\/babyvk.com\/wp-content\/themes\/woodmart\/images\/lazy.svg\" data-src=\"https:\/\/babyvk.com\/wp-content\/uploads\/2025\/12\/body-pillow-for-expecting-mothers-629x800.jpg\" class=\"wd-lazy-blur attachment-large size-large wp-image-24667 wvs-archive-product-image\" alt=\"maternity lumbar pillow\" srcset=\"\" data-srcset=\"https:\/\/babyvk.com\/wp-content\/uploads\/2025\/12\/body-pillow-for-expecting-mothers-629x800.jpg 629w, https:\/\/babyvk.com\/wp-content\/uploads\/2025\/12\/body-pillow-for-expecting-mothers-236x300.jpg 236w, https:\/\/babyvk.com\/wp-content\/uploads\/2025\/12\/body-pillow-for-expecting-mothers-768x976.jpg 768w, https:\/\/babyvk.com\/wp-content\/uploads\/2025\/12\/body-pillow-for-expecting-mothers-9x12.jpg 9w, https:\/\/babyvk.com\/wp-content\/uploads\/2025\/12\/body-pillow-for-expecting-mothers-430x547.jpg 430w, https:\/\/babyvk.com\/wp-content\/uploads\/2025\/12\/body-pillow-for-expecting-mothers-700x890.jpg 700w, https:\/\/babyvk.com\/wp-content\/uploads\/2025\/12\/body-pillow-for-expecting-mothers-100x127.jpg 100w, https:\/\/babyvk.com\/wp-content\/uploads\/2025\/12\/body-pillow-for-expecting-mothers.jpg 800w\" sizes=\"(max-width: 629px) 100vw, 629px\" title=\"\">\t\t\t\t\t\t\t\t\t\t\t\t\t\t\t<\/div>\n\t\t\t\t<\/div>\n\t\t\t\t<div class=\"elementor-element elementor-element-75fde7e elementor-widget elementor-widget-image\" data-id=\"75fde7e\" data-element_type=\"widget\" data-widget_type=\"image.default\">\n\t\t\t\t<div class=\"elementor-widget-container\">\n\t\t\t\t\t\t\t\t\t\t\t\t\t\t\t<img loading=\"lazy\" decoding=\"async\" width=\"491\" height=\"800\" src=\"https:\/\/babyvk.com\/wp-content\/themes\/woodmart\/images\/lazy.svg\" data-src=\"https:\/\/babyvk.com\/wp-content\/uploads\/2025\/12\/belly-lift-pillow-maternity-491x800.jpg\" class=\"wd-lazy-blur attachment-large size-large wp-image-24666 wvs-archive-product-image\" alt=\"pregnancy back pain pillow\" srcset=\"\" data-srcset=\"https:\/\/babyvk.com\/wp-content\/uploads\/2025\/12\/belly-lift-pillow-maternity-491x800.jpg 491w, https:\/\/babyvk.com\/wp-content\/uploads\/2025\/12\/belly-lift-pillow-maternity-184x300.jpg 184w, https:\/\/babyvk.com\/wp-content\/uploads\/2025\/12\/belly-lift-pillow-maternity-768x1251.jpg 768w, https:\/\/babyvk.com\/wp-content\/uploads\/2025\/12\/belly-lift-pillow-maternity-7x12.jpg 7w, https:\/\/babyvk.com\/wp-content\/uploads\/2025\/12\/belly-lift-pillow-maternity-430x700.jpg 430w, https:\/\/babyvk.com\/wp-content\/uploads\/2025\/12\/belly-lift-pillow-maternity-700x1140.jpg 700w, https:\/\/babyvk.com\/wp-content\/uploads\/2025\/12\/belly-lift-pillow-maternity-100x163.jpg 100w, https:\/\/babyvk.com\/wp-content\/uploads\/2025\/12\/belly-lift-pillow-maternity.jpg 800w\" sizes=\"(max-width: 491px) 100vw, 491px\" title=\"\">\t\t\t\t\t\t\t\t\t\t\t\t\t\t\t<\/div>\n\t\t\t\t<\/div>\n\t\t\t\t<div class=\"elementor-element elementor-element-4980571 elementor-widget elementor-widget-image\" data-id=\"4980571\" data-element_type=\"widget\" data-widget_type=\"image.default\">\n\t\t\t\t<div class=\"elementor-widget-container\">\n\t\t\t\t\t\t\t\t\t\t\t\t\t\t\t<img loading=\"lazy\" decoding=\"async\" width=\"413\" height=\"800\" src=\"https:\/\/babyvk.com\/wp-content\/themes\/woodmart\/images\/lazy.svg\" data-src=\"https:\/\/babyvk.com\/wp-content\/uploads\/2025\/12\/adjustable-pregnancy-belly-support-413x800.jpg\" class=\"wd-lazy-blur attachment-large size-large wp-image-24664 wvs-archive-product-image\" alt=\"belly support cushion\" srcset=\"\" data-srcset=\"https:\/\/babyvk.com\/wp-content\/uploads\/2025\/12\/adjustable-pregnancy-belly-support-413x800.jpg 413w, https:\/\/babyvk.com\/wp-content\/uploads\/2025\/12\/adjustable-pregnancy-belly-support-155x300.jpg 155w, https:\/\/babyvk.com\/wp-content\/uploads\/2025\/12\/adjustable-pregnancy-belly-support-768x1486.jpg 768w, https:\/\/babyvk.com\/wp-content\/uploads\/2025\/12\/adjustable-pregnancy-belly-support-794x1536.jpg 794w, https:\/\/babyvk.com\/wp-content\/uploads\/2025\/12\/adjustable-pregnancy-belly-support-6x12.jpg 6w, https:\/\/babyvk.com\/wp-content\/uploads\/2025\/12\/adjustable-pregnancy-belly-support-430x832.jpg 430w, https:\/\/babyvk.com\/wp-content\/uploads\/2025\/12\/adjustable-pregnancy-belly-support-700x1355.jpg 700w, https:\/\/babyvk.com\/wp-content\/uploads\/2025\/12\/adjustable-pregnancy-belly-support-100x194.jpg 100w, https:\/\/babyvk.com\/wp-content\/uploads\/2025\/12\/adjustable-pregnancy-belly-support.jpg 800w\" sizes=\"(max-width: 413px) 100vw, 413px\" title=\"\">\t\t\t\t\t\t\t\t\t\t\t\t\t\t\t<\/div>\n\t\t\t\t<\/div>\n\t\t\t\t<div class=\"elementor-element elementor-element-9210cd3 elementor-widget elementor-widget-image\" data-id=\"9210cd3\" data-element_type=\"widget\" data-widget_type=\"image.default\">\n\t\t\t\t<div class=\"elementor-widget-container\">\n\t\t\t\t\t\t\t\t\t\t\t\t\t\t\t<img loading=\"lazy\" decoding=\"async\" width=\"800\" height=\"800\" src=\"https:\/\/babyvk.com\/wp-content\/themes\/woodmart\/images\/lazy.svg\" data-src=\"https:\/\/babyvk.com\/wp-content\/uploads\/2025\/12\/belly-support-pillow-for-pregnant-women-800x800.jpg\" class=\"wd-lazy-blur attachment-large size-large wp-image-24651 wvs-archive-product-image\" alt=\"almofada ergon\u00f3mica pr\u00e9-natal\" srcset=\"\" data-srcset=\"https:\/\/babyvk.com\/wp-content\/uploads\/2025\/12\/belly-support-pillow-for-pregnant-women-800x800.jpg 800w, https:\/\/babyvk.com\/wp-content\/uploads\/2025\/12\/belly-support-pillow-for-pregnant-women-300x300.jpg 300w, https:\/\/babyvk.com\/wp-content\/uploads\/2025\/12\/belly-support-pillow-for-pregnant-women-150x150.jpg 150w, https:\/\/babyvk.com\/wp-content\/uploads\/2025\/12\/belly-support-pillow-for-pregnant-women-768x768.jpg 768w, https:\/\/babyvk.com\/wp-content\/uploads\/2025\/12\/belly-support-pillow-for-pregnant-women-12x12.jpg 12w, https:\/\/babyvk.com\/wp-content\/uploads\/2025\/12\/belly-support-pillow-for-pregnant-women-430x430.jpg 430w, https:\/\/babyvk.com\/wp-content\/uploads\/2025\/12\/belly-support-pillow-for-pregnant-women-700x700.jpg 700w, https:\/\/babyvk.com\/wp-content\/uploads\/2025\/12\/belly-support-pillow-for-pregnant-women-100x100.jpg 100w, https:\/\/babyvk.com\/wp-content\/uploads\/2025\/12\/belly-support-pillow-for-pregnant-women-50x50.jpg 50w, https:\/\/babyvk.com\/wp-content\/uploads\/2025\/12\/belly-support-pillow-for-pregnant-women.jpg 1300w\" sizes=\"(max-width: 800px) 100vw, 800px\" title=\"\">\t\t\t\t\t\t\t\t\t\t\t\t\t\t\t<\/div>\n\t\t\t\t<\/div>\n\t\t\t\t<div class=\"elementor-element elementor-element-2f5af13 elementor-widget elementor-widget-image\" data-id=\"2f5af13\" data-element_type=\"widget\" data-widget_type=\"image.default\">\n\t\t\t\t<div class=\"elementor-widget-container\">\n\t\t\t\t\t\t\t\t\t\t\t\t\t\t\t<img loading=\"lazy\" decoding=\"async\" width=\"800\" height=\"717\" src=\"https:\/\/babyvk.com\/wp-content\/themes\/woodmart\/images\/lazy.svg\" data-src=\"https:\/\/babyvk.com\/wp-content\/uploads\/2025\/12\/anti-roll-pregnancy-pillow.jpg\" class=\"wd-lazy-blur attachment-large size-large wp-image-24665 wvs-archive-product-image\" alt=\"prenatal sleeping pillow\" srcset=\"\" data-srcset=\"https:\/\/babyvk.com\/wp-content\/uploads\/2025\/12\/anti-roll-pregnancy-pillow.jpg 800w, https:\/\/babyvk.com\/wp-content\/uploads\/2025\/12\/anti-roll-pregnancy-pillow-335x300.jpg 335w, https:\/\/babyvk.com\/wp-content\/uploads\/2025\/12\/anti-roll-pregnancy-pillow-768x688.jpg 768w, https:\/\/babyvk.com\/wp-content\/uploads\/2025\/12\/anti-roll-pregnancy-pillow-13x12.jpg 13w, https:\/\/babyvk.com\/wp-content\/uploads\/2025\/12\/anti-roll-pregnancy-pillow-430x385.jpg 430w, https:\/\/babyvk.com\/wp-content\/uploads\/2025\/12\/anti-roll-pregnancy-pillow-700x627.jpg 700w, https:\/\/babyvk.com\/wp-content\/uploads\/2025\/12\/anti-roll-pregnancy-pillow-100x90.jpg 100w\" sizes=\"(max-width: 800px) 100vw, 800px\" title=\"\">\t\t\t\t\t\t\t\t\t\t\t\t\t\t\t<\/div>\n\t\t\t\t<\/div>\n\t\t\t\t<div class=\"elementor-element elementor-element-e06ff94 elementor-widget elementor-widget-image\" data-id=\"e06ff94\" data-element_type=\"widget\" data-widget_type=\"image.default\">\n\t\t\t\t<div class=\"elementor-widget-container\">\n\t\t\t\t\t\t\t\t\t\t\t\t\t\t\t<img loading=\"lazy\" decoding=\"async\" width=\"800\" height=\"738\" src=\"https:\/\/babyvk.com\/wp-content\/themes\/woodmart\/images\/lazy.svg\" data-src=\"https:\/\/babyvk.com\/wp-content\/uploads\/2025\/12\/pregnancy-cushion-for-side-sleeping.jpg\" class=\"wd-lazy-blur attachment-large size-large wp-image-24662 wvs-archive-product-image\" alt=\"almofada de maternidade ajust\u00e1vel\" srcset=\"\" data-srcset=\"https:\/\/babyvk.com\/wp-content\/uploads\/2025\/12\/pregnancy-cushion-for-side-sleeping.jpg 800w, https:\/\/babyvk.com\/wp-content\/uploads\/2025\/12\/pregnancy-cushion-for-side-sleeping-325x300.jpg 325w, https:\/\/babyvk.com\/wp-content\/uploads\/2025\/12\/pregnancy-cushion-for-side-sleeping-768x708.jpg 768w, https:\/\/babyvk.com\/wp-content\/uploads\/2025\/12\/pregnancy-cushion-for-side-sleeping-13x12.jpg 13w, https:\/\/babyvk.com\/wp-content\/uploads\/2025\/12\/pregnancy-cushion-for-side-sleeping-430x397.jpg 430w, https:\/\/babyvk.com\/wp-content\/uploads\/2025\/12\/pregnancy-cushion-for-side-sleeping-700x646.jpg 700w, https:\/\/babyvk.com\/wp-content\/uploads\/2025\/12\/pregnancy-cushion-for-side-sleeping-100x92.jpg 100w\" sizes=\"(max-width: 800px) 100vw, 800px\" title=\"\">\t\t\t\t\t\t\t\t\t\t\t\t\t\t\t<\/div>\n\t\t\t\t<\/div>\n\t\t\t\t<div class=\"elementor-element elementor-element-ce1a1a3 elementor-widget elementor-widget-image\" data-id=\"ce1a1a3\" data-element_type=\"widget\" data-widget_type=\"image.default\">\n\t\t\t\t<div class=\"elementor-widget-container\">\n\t\t\t\t\t\t\t\t\t\t\t\t\t\t\t<img loading=\"lazy\" decoding=\"async\" width=\"447\" height=\"800\" src=\"https:\/\/babyvk.com\/wp-content\/themes\/woodmart\/images\/lazy.svg\" data-src=\"https:\/\/babyvk.com\/wp-content\/uploads\/2025\/12\/pregnancy-comfort-pillow-447x800.jpg\" class=\"wd-lazy-blur attachment-large size-large wp-image-24661 wvs-archive-product-image\" alt=\"almofada para ajudar a dormir na gravidez\" srcset=\"\" data-srcset=\"https:\/\/babyvk.com\/wp-content\/uploads\/2025\/12\/pregnancy-comfort-pillow-447x800.jpg 447w, https:\/\/babyvk.com\/wp-content\/uploads\/2025\/12\/pregnancy-comfort-pillow-168x300.jpg 168w, https:\/\/babyvk.com\/wp-content\/uploads\/2025\/12\/pregnancy-comfort-pillow-768x1374.jpg 768w, https:\/\/babyvk.com\/wp-content\/uploads\/2025\/12\/pregnancy-comfort-pillow-7x12.jpg 7w, https:\/\/babyvk.com\/wp-content\/uploads\/2025\/12\/pregnancy-comfort-pillow-430x769.jpg 430w, https:\/\/babyvk.com\/wp-content\/uploads\/2025\/12\/pregnancy-comfort-pillow-700x1252.jpg 700w, https:\/\/babyvk.com\/wp-content\/uploads\/2025\/12\/pregnancy-comfort-pillow-100x179.jpg 100w, https:\/\/babyvk.com\/wp-content\/uploads\/2025\/12\/pregnancy-comfort-pillow.jpg 800w\" sizes=\"(max-width: 447px) 100vw, 447px\" title=\"\">\t\t\t\t\t\t\t\t\t\t\t\t\t\t\t<\/div>\n\t\t\t\t<\/div>\n\t\t\t\t\t<\/div>\n\t\t<\/div>\n\t\t\t\t\t<\/div>\n\t\t<\/section>\n\t\t\t\t<section class=\"wd-negative-gap elementor-section elementor-top-section elementor-element elementor-element-e24d9e7 elementor-section-boxed elementor-section-height-default elementor-section-height-default\" data-id=\"e24d9e7\" data-element_type=\"section\">\n\t\t\t\t\t\t<div class=\"elementor-container elementor-column-gap-default\">\n\t\t\t\t\t<div class=\"elementor-column elementor-col-100 elementor-top-column elementor-element elementor-element-6d44155\" data-id=\"6d44155\" data-element_type=\"column\">\n\t\t\t<div class=\"elementor-widget-wrap elementor-element-populated\">\n\t\t\t\t\t\t<div class=\"elementor-element elementor-element-314f5e0 color-scheme-inherit text-left elementor-widget elementor-widget-text-editor\" data-id=\"314f5e0\" data-element_type=\"widget\" data-widget_type=\"text-editor.default\">\n\t\t\t\t<div class=\"elementor-widget-container\">\n\t\t\t\t\t\t\t\t\t<h2 data-start=\"2034\" data-end=\"2054\">Especifica\u00e7\u00f5es<\/h2><ul data-start=\"2056\" data-end=\"2388\"><li data-start=\"2056\" data-end=\"2124\"><p data-start=\"2058\" data-end=\"2124\"><strong data-start=\"2058\" data-end=\"2075\">Nome do produto:<\/strong> Almofada de apoio \u00e0 gravidez com almofada auxiliar<\/p><\/li><li data-start=\"2125\" data-end=\"2161\"><p data-start=\"2127\" data-end=\"2161\"><strong data-start=\"2127\" data-end=\"2140\">Material:<\/strong> Algod\u00e3o + poli\u00e9ster<\/p><\/li><li data-start=\"2162\" data-end=\"2189\"><p data-start=\"2164\" data-end=\"2189\"><strong data-start=\"2164\" data-end=\"2173\">Tamanho:<\/strong> 64-78 \u00d7 36 cm<\/p><\/li><li data-start=\"2190\" data-end=\"2251\"><p data-start=\"2192\" data-end=\"2251\"><strong data-start=\"2192\" data-end=\"2210\">\u00c2ngulo de inclina\u00e7\u00e3o:<\/strong> Apoio do ventre a 30\u00b0 \/ Apoio lombar a 45\u00b0<\/p><\/li><li data-start=\"2252\" data-end=\"2300\"><p data-start=\"2254\" data-end=\"2300\"><strong data-start=\"2254\" data-end=\"2275\">Gama ajust\u00e1vel:<\/strong> Espa\u00e7amento entre velcros de 2-21 cm<\/p><\/li><li data-start=\"2301\" data-end=\"2388\"><p data-start=\"2303\" data-end=\"2388\"><strong data-start=\"2303\" data-end=\"2320\">Adequado para:<\/strong> Gr\u00e1vidas, apoio lateral para dormir, al\u00edvio da barriga + cintura + pernas<\/p><\/li><\/ul>\t\t\t\t\t\t\t\t<\/div>\n\t\t\t\t<\/div>\n\t\t\t\t\t<\/div>\n\t\t<\/div>\n\t\t\t\t\t<\/div>\n\t\t<\/section>\n\t\t\t\t<section class=\"wd-negative-gap elementor-section elementor-top-section elementor-element elementor-element-30815a0 elementor-section-boxed elementor-section-height-default elementor-section-height-default\" data-id=\"30815a0\" data-element_type=\"section\">\n\t\t\t\t\t\t<div class=\"elementor-container elementor-column-gap-default\">\n\t\t\t\t\t<div class=\"elementor-column elementor-col-100 elementor-top-column elementor-element elementor-element-edfafeb\" data-id=\"edfafeb\" data-element_type=\"column\">\n\t\t\t<div class=\"elementor-widget-wrap elementor-element-populated\">\n\t\t\t\t\t\t<div class=\"elementor-element elementor-element-2cbb77d color-scheme-inherit text-left elementor-widget elementor-widget-text-editor\" data-id=\"2cbb77d\" data-element_type=\"widget\" data-widget_type=\"text-editor.default\">\n\t\t\t\t<div class=\"elementor-widget-container\">\n\t\t\t\t\t\t\t\t\t<h2 data-start=\"2395\" data-end=\"2420\">Porque \u00e9 que os pais o adoram\uff1f<\/h2><p data-start=\"2422\" data-end=\"2780\">As m\u00e3es adoram esta almofada de gravidez porque oferece <strong data-start=\"2472\" data-end=\"2511\">verdadeiro apoio do ventre sem press\u00e3o<\/strong>reduz as dores de costas e ajuda a manter o peso recomendado <strong data-start=\"2567\" data-end=\"2598\">posi\u00e7\u00e3o de dormir do lado esquerdo<\/strong>. O seu design ergon\u00f3mico melhora o conforto do sono, enquanto o espa\u00e7o ajust\u00e1vel cresce com a sua barriga. Leve, pr\u00e1tico e solid\u00e1rio - um must-have para noites de gravidez tranquilas.<\/p>\t\t\t\t\t\t\t\t<\/div>\n\t\t\t\t<\/div>\n\t\t\t\t\t<\/div>\n\t\t<\/div>\n\t\t\t\t\t<\/div>\n\t\t<\/section>\n\t\t\t\t<\/div>","protected":false},"excerpt":{"rendered":"<p><strong data-start=\"398\" data-end=\"443\">Problemas para dormir durante a gravidez?<\/strong> A Almofada de Apoio \u00e0 Gravidez mant\u00e9m a barriga, a cintura e as pernas perfeitamente apoiadas para um descanso mais profundo e confort\u00e1vel.<\/p>","protected":false},"featured_media":24652,"comment_status":"open","ping_status":"closed","template":"","meta":{"_acf_changed":false},"product_brand":[],"product_cat":[20],"product_tag":[1156,1160,1159,1157,1161,1158],"class_list":{"0":"post-24645","1":"product","2":"type-product","3":"status-publish","4":"has-post-thumbnail","6":"product_cat-new-mom","7":"product_tag-adjustable-maternity-pillow","8":"product_tag-maternity-sleeping-pillow","9":"product_tag-pregnancy-belly-wedge-pillow","10":"product_tag-pregnancy-sleep-aid-pillow","11":"product_tag-pregnancy-support-pillow","12":"product_tag-pregnancy-waist-pillow","14":"first","15":"instock","16":"taxable","17":"shipping-taxable","18":"purchasable","19":"product-type-variable","20":"wvs-archive-product-wrapper"},"acf":[],"_links":{"self":[{"href":"https:\/\/babyvk.com\/pt\/wp-json\/wp\/v2\/product\/24645","targetHints":{"allow":["GET"]}}],"collection":[{"href":"https:\/\/babyvk.com\/pt\/wp-json\/wp\/v2\/product"}],"about":[{"href":"https:\/\/babyvk.com\/pt\/wp-json\/wp\/v2\/types\/product"}],"replies":[{"embeddable":true,"href":"https:\/\/babyvk.com\/pt\/wp-json\/wp\/v2\/comments?post=24645"}],"version-history":[{"count":1,"href":"https:\/\/babyvk.com\/pt\/wp-json\/wp\/v2\/product\/24645\/revisions"}],"predecessor-version":[{"id":25409,"href":"https:\/\/babyvk.com\/pt\/wp-json\/wp\/v2\/product\/24645\/revisions\/25409"}],"wp:featuredmedia":[{"embeddable":true,"href":"https:\/\/babyvk.com\/pt\/wp-json\/wp\/v2\/media\/24652"}],"wp:attachment":[{"href":"https:\/\/babyvk.com\/pt\/wp-json\/wp\/v2\/media?parent=24645"}],"wp:term":[{"taxonomy":"product_brand","embeddable":true,"href":"https:\/\/babyvk.com\/pt\/wp-json\/wp\/v2\/product_brand?post=24645"},{"taxonomy":"product_cat","embeddable":true,"href":"https:\/\/babyvk.com\/pt\/wp-json\/wp\/v2\/product_cat?post=24645"},{"taxonomy":"product_tag","embeddable":true,"href":"https:\/\/babyvk.com\/pt\/wp-json\/wp\/v2\/product_tag?post=24645"}],"curies":[{"name":"wp","href":"https:\/\/api.w.org\/{rel}","templated":true}]}}