{"id":24636,"date":"2025-12-09T15:16:45","date_gmt":"2025-12-09T15:16:45","guid":{"rendered":"https:\/\/babyvk.com\/?post_type=product&#038;p=24636"},"modified":"2026-01-01T17:30:20","modified_gmt":"2026-01-01T17:30:20","slug":"3-in-1-silicone-bottle-brush","status":"publish","type":"product","link":"https:\/\/babyvk.com\/pt\/product\/3-in-1-silicone-bottle-brush\/","title":{"rendered":"Escova de silicone 3 em 1 para biber\u00f5es"},"content":{"rendered":"<div data-elementor-type=\"product-post\" data-elementor-id=\"24636\" class=\"elementor elementor-24636\" data-elementor-post-type=\"product\">\n\t\t\t\t\t\t<section class=\"wd-negative-gap elementor-section elementor-top-section elementor-element elementor-element-dbd4ff4 elementor-section-boxed elementor-section-height-default elementor-section-height-default\" data-id=\"dbd4ff4\" data-element_type=\"section\">\n\t\t\t\t\t\t<div class=\"elementor-container elementor-column-gap-default\">\n\t\t\t\t\t<div class=\"elementor-column elementor-col-100 elementor-top-column elementor-element elementor-element-29dd2a3\" data-id=\"29dd2a3\" data-element_type=\"column\">\n\t\t\t<div class=\"elementor-widget-wrap elementor-element-populated\">\n\t\t\t\t\t\t<div class=\"elementor-element elementor-element-541e0d4 color-scheme-inherit text-left elementor-widget elementor-widget-text-editor\" data-id=\"541e0d4\" data-element_type=\"widget\" data-widget_type=\"text-editor.default\">\n\t\t\t\t<div class=\"elementor-widget-container\">\n\t\t\t\t\t\t\t\t\t<p>O <strong data-start=\"771\" data-end=\"809\">Conjunto de escovas de silicone para limpeza de garrafas<\/strong> \u00e9 uma solu\u00e7\u00e3o de limpeza 3 em 1 concebida para biber\u00f5es, copos de \u00e1gua, palhinhas e artigos de vidro. Fabricadas em silicone de alta qualidade sem BPA, as escovas s\u00e3o duradouras, flex\u00edveis e delicadas com todos os materiais, oferecendo uma limpeza profunda e eficaz de todos os cantos dos seus recipientes.<\/p>\t\t\t\t\t\t\t\t<\/div>\n\t\t\t\t<\/div>\n\t\t\t\t\t<\/div>\n\t\t<\/div>\n\t\t\t\t\t<\/div>\n\t\t<\/section>\n\t\t\t\t<section class=\"wd-negative-gap elementor-section elementor-top-section elementor-element elementor-element-a7ea940 elementor-section-boxed elementor-section-height-default elementor-section-height-default\" data-id=\"a7ea940\" data-element_type=\"section\">\n\t\t\t\t\t\t<div class=\"elementor-container elementor-column-gap-default\">\n\t\t\t\t\t<div class=\"elementor-column elementor-col-100 elementor-top-column elementor-element elementor-element-88e6e6e\" data-id=\"88e6e6e\" data-element_type=\"column\">\n\t\t\t<div class=\"elementor-widget-wrap elementor-element-populated\">\n\t\t\t\t\t\t<div class=\"elementor-element elementor-element-e809d12 color-scheme-inherit text-left elementor-widget elementor-widget-text-editor\" data-id=\"e809d12\" data-element_type=\"widget\" data-widget_type=\"text-editor.default\">\n\t\t\t\t<div class=\"elementor-widget-container\">\n\t\t\t\t\t\t\t\t\t<h2 data-start=\"1093\" data-end=\"1117\">Carater\u00edsticas<\/h2><ul data-start=\"1118\" data-end=\"1428\"><li data-start=\"1118\" data-end=\"1180\"><p data-start=\"1120\" data-end=\"1180\">Conjunto 3 em 1: escova para biber\u00f5es, escova para chupetas e limpador de palhinhas<\/p><\/li><li data-start=\"1181\" data-end=\"1236\"><p data-start=\"1183\" data-end=\"1236\">Cerdas de silicone macias que n\u00e3o arranham os biber\u00f5es<\/p><\/li><li data-start=\"1237\" data-end=\"1282\"><p data-start=\"1239\" data-end=\"1282\">Cabo longo e ergon\u00f3mico para uma limpeza profunda<\/p><\/li><li data-start=\"1283\" data-end=\"1322\"><p data-start=\"1285\" data-end=\"1322\">O design de arruma\u00e7\u00e3o oculta poupa espa\u00e7o<\/p><\/li><li data-start=\"1323\" data-end=\"1361\"><p data-start=\"1325\" data-end=\"1361\">Silicone seguro, inodoro e sem BPA<\/p><\/li><li data-start=\"1362\" data-end=\"1428\"><p data-start=\"1364\" data-end=\"1428\">Adequado para garrafas, copos, palhinhas, garrafas t\u00e9rmicas, utens\u00edlios e muito mais<\/p><\/li><\/ul>\t\t\t\t\t\t\t\t<\/div>\n\t\t\t\t<\/div>\n\t\t\t\t\t<\/div>\n\t\t<\/div>\n\t\t\t\t\t<\/div>\n\t\t<\/section>\n\t\t\t\t<section class=\"wd-negative-gap elementor-section elementor-top-section elementor-element elementor-element-5d7d5b5 elementor-section-boxed elementor-section-height-default elementor-section-height-default\" data-id=\"5d7d5b5\" data-element_type=\"section\">\n\t\t\t\t\t\t<div class=\"elementor-container elementor-column-gap-default\">\n\t\t\t\t\t<div class=\"elementor-column elementor-col-100 elementor-top-column elementor-element elementor-element-e4482f3\" data-id=\"e4482f3\" data-element_type=\"column\">\n\t\t\t<div class=\"elementor-widget-wrap elementor-element-populated\">\n\t\t\t\t\t\t<div class=\"elementor-element elementor-element-a806098 color-scheme-inherit text-left elementor-widget elementor-widget-text-editor\" data-id=\"a806098\" data-element_type=\"widget\" data-widget_type=\"text-editor.default\">\n\t\t\t\t<div class=\"elementor-widget-container\">\n\t\t\t\t\t\t\t\t\t<h1 data-start=\"1435\" data-end=\"1457\">Especifica\u00e7\u00f5es<\/h1><ul data-start=\"1458\" data-end=\"1788\"><li data-start=\"1458\" data-end=\"1501\"><p data-start=\"1460\" data-end=\"1501\"><strong data-start=\"1460\" data-end=\"1477\">Nome do produto:<\/strong> Conjunto de escovas para biber\u00f5es<\/p><\/li><li data-start=\"1502\" data-end=\"1528\"><p data-start=\"1504\" data-end=\"1528\"><strong data-start=\"1504\" data-end=\"1517\">Material:<\/strong> Silicone<\/p><\/li><li data-start=\"1529\" data-end=\"1575\"><p data-start=\"1531\" data-end=\"1575\"><strong data-start=\"1531\" data-end=\"1559\">Escova de biber\u00e3o extens\u00edvel:<\/strong> 17-28cm x 5cm<\/p><\/li><li data-start=\"1576\" data-end=\"1601\"><p data-start=\"1578\" data-end=\"1601\"><strong data-start=\"1578\" data-end=\"1594\">Escova de palha:<\/strong> 17 cm<\/p><\/li><li data-start=\"1602\" data-end=\"1635\"><p data-start=\"1604\" data-end=\"1635\"><strong data-start=\"1604\" data-end=\"1623\">Escova para chucha:<\/strong> 8,5 x 6cm<\/p><\/li><li data-start=\"1636\" data-end=\"1668\"><p data-start=\"1638\" data-end=\"1668\"><strong data-start=\"1638\" data-end=\"1656\">Op\u00e7\u00f5es de cor:<\/strong> Castanho, Azul<\/p><\/li><\/ul>\t\t\t\t\t\t\t\t<\/div>\n\t\t\t\t<\/div>\n\t\t\t\t\t<\/div>\n\t\t<\/div>\n\t\t\t\t\t<\/div>\n\t\t<\/section>\n\t\t\t\t<section class=\"wd-negative-gap elementor-section elementor-top-section elementor-element elementor-element-e9cfcbd elementor-section-boxed elementor-section-height-default elementor-section-height-default\" data-id=\"e9cfcbd\" data-element_type=\"section\">\n\t\t\t\t\t\t<div class=\"elementor-container elementor-column-gap-default\">\n\t\t\t\t\t<div class=\"elementor-column elementor-col-100 elementor-top-column elementor-element elementor-element-f1aea8e\" data-id=\"f1aea8e\" data-element_type=\"column\">\n\t\t\t<div class=\"elementor-widget-wrap elementor-element-populated\">\n\t\t\t\t\t\t<div class=\"elementor-element elementor-element-de2e77e color-scheme-inherit text-left elementor-widget elementor-widget-text-editor\" data-id=\"de2e77e\" data-element_type=\"widget\" data-widget_type=\"text-editor.default\">\n\t\t\t\t<div class=\"elementor-widget-container\">\n\t\t\t\t\t\t\t\t\t<h2 data-start=\"1795\" data-end=\"1822\">Porque \u00e9 que os pais o adoram\uff1f<\/h2><p data-start=\"1823\" data-end=\"2141\">Os pais adoram este conjunto porque proporciona <strong data-start=\"1865\" data-end=\"1917\">uma solu\u00e7\u00e3o de limpeza completa numa ferramenta compacta<\/strong>. As cerdas de silicone macias protegem os biber\u00f5es de riscos, o design de arruma\u00e7\u00e3o oculta poupa espa\u00e7o e a pega comprida facilita o acesso aos cantos mais profundos - assegurando que cada biber\u00e3o e copo se mant\u00eam higi\u00e9nicos e seguros para utiliza\u00e7\u00e3o di\u00e1ria.<\/p>\t\t\t\t\t\t\t\t<\/div>\n\t\t\t\t<\/div>\n\t\t\t\t\t<\/div>\n\t\t<\/div>\n\t\t\t\t\t<\/div>\n\t\t<\/section>\n\t\t\t\t<\/div>","protected":false},"excerpt":{"rendered":"<p><strong>Fendas de copos e palhinhas dif\u00edceis de alcan\u00e7ar?<\/strong> A escova de silicone 3 em 1 para biber\u00f5es permite uma limpeza profunda de todos os tipos de biber\u00f5es, com cerdas macias que nunca se soltam.<\/p>","protected":false},"featured_media":24632,"comment_status":"open","ping_status":"closed","template":"","meta":{"_acf_changed":false},"product_brand":[],"product_cat":[29],"product_tag":[1153,1151,1154,1150,1152,1155],"class_list":{"0":"post-24636","1":"product","2":"type-product","3":"status-publish","4":"has-post-thumbnail","6":"product_cat-best-baby-care","7":"product_tag-baby-bottle-cleaning-kit","8":"product_tag-bottle-cleaner-with-long-handle","9":"product_tag-portable-bottle-brush","10":"product_tag-silicone-bottle-cleaning-brush","11":"product_tag-silicone-cup-cleaning-brush","12":"product_tag-water-bottle-cleaning-brush","14":"first","15":"instock","16":"sale","17":"taxable","18":"shipping-taxable","19":"purchasable","20":"product-type-variable","21":"wvs-archive-product-wrapper"},"acf":[],"_links":{"self":[{"href":"https:\/\/babyvk.com\/pt\/wp-json\/wp\/v2\/product\/24636","targetHints":{"allow":["GET"]}}],"collection":[{"href":"https:\/\/babyvk.com\/pt\/wp-json\/wp\/v2\/product"}],"about":[{"href":"https:\/\/babyvk.com\/pt\/wp-json\/wp\/v2\/types\/product"}],"replies":[{"embeddable":true,"href":"https:\/\/babyvk.com\/pt\/wp-json\/wp\/v2\/comments?post=24636"}],"version-history":[{"count":2,"href":"https:\/\/babyvk.com\/pt\/wp-json\/wp\/v2\/product\/24636\/revisions"}],"predecessor-version":[{"id":24884,"href":"https:\/\/babyvk.com\/pt\/wp-json\/wp\/v2\/product\/24636\/revisions\/24884"}],"wp:featuredmedia":[{"embeddable":true,"href":"https:\/\/babyvk.com\/pt\/wp-json\/wp\/v2\/media\/24632"}],"wp:attachment":[{"href":"https:\/\/babyvk.com\/pt\/wp-json\/wp\/v2\/media?parent=24636"}],"wp:term":[{"taxonomy":"product_brand","embeddable":true,"href":"https:\/\/babyvk.com\/pt\/wp-json\/wp\/v2\/product_brand?post=24636"},{"taxonomy":"product_cat","embeddable":true,"href":"https:\/\/babyvk.com\/pt\/wp-json\/wp\/v2\/product_cat?post=24636"},{"taxonomy":"product_tag","embeddable":true,"href":"https:\/\/babyvk.com\/pt\/wp-json\/wp\/v2\/product_tag?post=24636"}],"curies":[{"name":"wp","href":"https:\/\/api.w.org\/{rel}","templated":true}]}}