{"id":24487,"date":"2025-11-20T17:15:09","date_gmt":"2025-11-20T17:15:09","guid":{"rendered":"https:\/\/babyvk.com\/?post_type=product&#038;p=24487"},"modified":"2025-11-20T17:32:15","modified_gmt":"2025-11-20T17:32:15","slug":"silicone-baby-teething-toy","status":"publish","type":"product","link":"https:\/\/babyvk.com\/pt\/product\/silicone-baby-teething-toy\/","title":{"rendered":"Brinquedo de silicone para denti\u00e7\u00e3o de beb\u00e9"},"content":{"rendered":"<div data-elementor-type=\"product-post\" data-elementor-id=\"24487\" class=\"elementor elementor-24487\" data-elementor-post-type=\"product\">\n\t\t\t\t\t\t<section class=\"wd-negative-gap elementor-section elementor-top-section elementor-element elementor-element-492caa2 elementor-section-boxed elementor-section-height-default elementor-section-height-default\" data-id=\"492caa2\" data-element_type=\"section\">\n\t\t\t\t\t\t<div class=\"elementor-container elementor-column-gap-default\">\n\t\t\t\t\t<div class=\"elementor-column elementor-col-100 elementor-top-column elementor-element elementor-element-82555ea\" data-id=\"82555ea\" data-element_type=\"column\">\n\t\t\t<div class=\"elementor-widget-wrap elementor-element-populated\">\n\t\t\t\t\t\t<div class=\"elementor-element elementor-element-9e6d458 color-scheme-inherit text-left elementor-widget elementor-widget-text-editor\" data-id=\"9e6d458\" data-element_type=\"widget\" data-widget_type=\"text-editor.default\">\n\t\t\t\t<div class=\"elementor-widget-container\">\n\t\t\t\t\t\t\t\t\t<h2 data-start=\"1183\" data-end=\"1206\">Descri\u00e7\u00e3o<\/h2><p data-start=\"1208\" data-end=\"1581\">Este <strong data-start=\"1213\" data-end=\"1256\">Mordedor de silicone para beb\u00e9 com base de suc\u00e7\u00e3o<\/strong> \u00e9 feito de silicone l\u00edquido de qualidade alimentar, oferecendo uma experi\u00eancia de mastiga\u00e7\u00e3o suave, el\u00e1stica e sem odores que alivia com seguran\u00e7a o desconforto dos dentes. Concebida com um escudo anti-morda\u00e7a de 180\u00b0, uma textura semelhante \u00e0 do peito e uma base de suc\u00e7\u00e3o que adere firmemente \u00e0s mesas, ajuda os beb\u00e9s a mastigar em seguran\u00e7a, evitando morder as m\u00e3os e h\u00e1bitos pouco higi\u00e9nicos.<\/p>\t\t\t\t\t\t\t\t<\/div>\n\t\t\t\t<\/div>\n\t\t\t\t<div class=\"elementor-element elementor-element-f852656 color-scheme-inherit text-left elementor-widget elementor-widget-text-editor\" data-id=\"f852656\" data-element_type=\"widget\" data-widget_type=\"text-editor.default\">\n\t\t\t\t<div class=\"elementor-widget-container\">\n\t\t\t\t\t\t\t\t\t<h2 data-start=\"1588\" data-end=\"1610\">Carater\u00edsticas<\/h2><ul data-start=\"1612\" data-end=\"1963\"><li data-start=\"1612\" data-end=\"1674\"><p data-start=\"1614\" data-end=\"1674\">Silicone l\u00edquido Q-soft e inodoro que \u00e9 seguro para mastigar<\/p><\/li><li data-start=\"1675\" data-end=\"1731\"><p data-start=\"1677\" data-end=\"1731\">O escudo anti-morda\u00e7a de 180\u00b0 protege o beb\u00e9 durante a denti\u00e7\u00e3o<\/p><\/li><li data-start=\"1732\" data-end=\"1783\"><p data-start=\"1734\" data-end=\"1783\">Imita a suavidade do peito para uma aceita\u00e7\u00e3o natural<\/p><\/li><li data-start=\"1784\" data-end=\"1851\"><p data-start=\"1786\" data-end=\"1851\">A base de suc\u00e7\u00e3o forte mant\u00e9m o mordedor limpo e fora do ch\u00e3o<\/p><\/li><li data-start=\"1852\" data-end=\"1908\"><p data-start=\"1854\" data-end=\"1908\">Esteriliza\u00e7\u00e3o a alta temperatura: UV, ebuli\u00e7\u00e3o, vapor<\/p><\/li><li data-start=\"1909\" data-end=\"1963\"><p data-start=\"1911\" data-end=\"1963\">\u00c0 prova de p\u00f3, antiaderente, suave para as gengivas em desenvolvimento<\/p><\/li><\/ul>\t\t\t\t\t\t\t\t<\/div>\n\t\t\t\t<\/div>\n\t\t\t\t<div class=\"elementor-element elementor-element-83b41af color-scheme-inherit text-left elementor-widget elementor-widget-text-editor\" data-id=\"83b41af\" data-element_type=\"widget\" data-widget_type=\"text-editor.default\">\n\t\t\t\t<div class=\"elementor-widget-container\">\n\t\t\t\t\t\t\t\t\t<h2 data-start=\"1970\" data-end=\"1990\">Especifica\u00e7\u00f5es<\/h2><ul data-start=\"1992\" data-end=\"2264\"><li data-start=\"1992\" data-end=\"2036\"><p data-start=\"1994\" data-end=\"2036\"><strong data-start=\"1994\" data-end=\"2007\">Material:<\/strong> Silicone l\u00edquido de qualidade alimentar<\/p><\/li><li data-start=\"2037\" data-end=\"2078\"><p data-start=\"2039\" data-end=\"2078\"><strong data-start=\"2039\" data-end=\"2050\">Cores:<\/strong> Azul, Verde, Rosa, Laranja<\/p><\/li><li data-start=\"2079\" data-end=\"2104\"><p data-start=\"2081\" data-end=\"2104\"><strong data-start=\"2081\" data-end=\"2090\">Tamanho:<\/strong> 82 mm \u00d7 72 mm<\/p><\/li><li data-start=\"2105\" data-end=\"2200\"><p data-start=\"2107\" data-end=\"2200\"><strong data-start=\"2107\" data-end=\"2121\">Fun\u00e7\u00f5es:<\/strong> Al\u00edvio da denti\u00e7\u00e3o, corre\u00e7\u00e3o do h\u00e1bito de morder, treino da preens\u00e3o manual, prote\u00e7\u00e3o das gengivas<\/p><\/li><li data-start=\"2201\" data-end=\"2264\"><p data-start=\"2203\" data-end=\"2264\"><strong data-start=\"2203\" data-end=\"2216\">Limpeza:<\/strong> Suporta esteriliza\u00e7\u00e3o por ebuli\u00e7\u00e3o, vapor e UV<\/p><\/li><\/ul>\t\t\t\t\t\t\t\t<\/div>\n\t\t\t\t<\/div>\n\t\t\t\t<div class=\"elementor-element elementor-element-7bdb3a2 color-scheme-inherit text-left elementor-widget elementor-widget-text-editor\" data-id=\"7bdb3a2\" data-element_type=\"widget\" data-widget_type=\"text-editor.default\">\n\t\t\t\t<div class=\"elementor-widget-container\">\n\t\t\t\t\t\t\t\t\t<h2 data-start=\"2271\" data-end=\"2296\">Porque \u00e9 que os pais o adoram?<\/h2><p data-start=\"2298\" data-end=\"2585\">Os pais adoram este mordedor porque \u00e9 <strong data-start=\"2337\" data-end=\"2434\">seguro, macio, higi\u00e9nico e concebido para impedir que os beb\u00e9s mordam os dedos ou objectos aleat\u00f3rios<\/strong>. A base de suc\u00e7\u00e3o mant\u00e9m-no limpo e afastado do ch\u00e3o, enquanto a textura el\u00e1stica macia conforta as gengivas dos dentes e incentiva um desenvolvimento oral mais saud\u00e1vel.<\/p>\t\t\t\t\t\t\t\t<\/div>\n\t\t\t\t<\/div>\n\t\t\t\t\t<\/div>\n\t\t<\/div>\n\t\t\t\t\t<\/div>\n\t\t<\/section>\n\t\t\t\t<\/div>","protected":false},"excerpt":{"rendered":"<p><strong data-start=\"381\" data-end=\"439\">Preocupado com o facto de o seu beb\u00e9 continuar a mastigar as m\u00e3os durante a denti\u00e7\u00e3o?<\/strong> O brinquedo de silicone para denti\u00e7\u00e3o de beb\u00e9 com base de suc\u00e7\u00e3o oferece um al\u00edvio seguro, inodoro e suave para proteger as gengivas e acabar com os h\u00e1bitos de morder as m\u00e3os.<\/p>","protected":false},"featured_media":24471,"comment_status":"open","ping_status":"closed","template":"","meta":{"_acf_changed":false},"product_brand":[],"product_cat":[29],"product_tag":[1144,1148,1145,1146,1147],"class_list":{"0":"post-24487","1":"product","2":"type-product","3":"status-publish","4":"has-post-thumbnail","6":"product_cat-best-baby-care","7":"product_tag-baby-hand-grip-training-teether","8":"product_tag-baby-silicone-teether-with-suction-base","9":"product_tag-food-grade-silicone-baby-teether","10":"product_tag-infant-gum-soothing-teether","11":"product_tag-silicone-baby-teething-toy","13":"first","14":"instock","15":"sale","16":"taxable","17":"shipping-taxable","18":"purchasable","19":"product-type-variable","20":"wvs-archive-product-wrapper"},"acf":[],"_links":{"self":[{"href":"https:\/\/babyvk.com\/pt\/wp-json\/wp\/v2\/product\/24487","targetHints":{"allow":["GET"]}}],"collection":[{"href":"https:\/\/babyvk.com\/pt\/wp-json\/wp\/v2\/product"}],"about":[{"href":"https:\/\/babyvk.com\/pt\/wp-json\/wp\/v2\/types\/product"}],"replies":[{"embeddable":true,"href":"https:\/\/babyvk.com\/pt\/wp-json\/wp\/v2\/comments?post=24487"}],"version-history":[{"count":0,"href":"https:\/\/babyvk.com\/pt\/wp-json\/wp\/v2\/product\/24487\/revisions"}],"wp:featuredmedia":[{"embeddable":true,"href":"https:\/\/babyvk.com\/pt\/wp-json\/wp\/v2\/media\/24471"}],"wp:attachment":[{"href":"https:\/\/babyvk.com\/pt\/wp-json\/wp\/v2\/media?parent=24487"}],"wp:term":[{"taxonomy":"product_brand","embeddable":true,"href":"https:\/\/babyvk.com\/pt\/wp-json\/wp\/v2\/product_brand?post=24487"},{"taxonomy":"product_cat","embeddable":true,"href":"https:\/\/babyvk.com\/pt\/wp-json\/wp\/v2\/product_cat?post=24487"},{"taxonomy":"product_tag","embeddable":true,"href":"https:\/\/babyvk.com\/pt\/wp-json\/wp\/v2\/product_tag?post=24487"}],"curies":[{"name":"wp","href":"https:\/\/api.w.org\/{rel}","templated":true}]}}