{"id":24430,"date":"2025-11-19T17:40:02","date_gmt":"2025-11-19T17:40:02","guid":{"rendered":"https:\/\/babyvk.com\/?post_type=product&#038;p=24430"},"modified":"2025-11-19T17:53:21","modified_gmt":"2025-11-19T17:53:21","slug":"baby-hooded-bath-towel","status":"publish","type":"product","link":"https:\/\/babyvk.com\/pt\/product\/baby-hooded-bath-towel\/","title":{"rendered":"Toalha de banho com capuz para beb\u00e9"},"content":{"rendered":"<div data-elementor-type=\"product-post\" data-elementor-id=\"24430\" class=\"elementor elementor-24430\" data-elementor-post-type=\"product\">\n\t\t\t\t\t\t<section class=\"wd-negative-gap elementor-section elementor-top-section elementor-element elementor-element-83222da elementor-section-boxed elementor-section-height-default elementor-section-height-default\" data-id=\"83222da\" data-element_type=\"section\">\n\t\t\t\t\t\t<div class=\"elementor-container elementor-column-gap-default\">\n\t\t\t\t\t<div class=\"elementor-column elementor-col-100 elementor-top-column elementor-element elementor-element-c3a05ca\" data-id=\"c3a05ca\" data-element_type=\"column\">\n\t\t\t<div class=\"elementor-widget-wrap elementor-element-populated\">\n\t\t\t\t\t\t<div class=\"elementor-element elementor-element-a1e401b color-scheme-inherit text-left elementor-widget elementor-widget-text-editor\" data-id=\"a1e401b\" data-element_type=\"widget\" data-widget_type=\"text-editor.default\">\n\t\t\t\t<div class=\"elementor-widget-container\">\n\t\t\t\t\t\t\t\t\t<h2 data-start=\"1100\" data-end=\"1120\">Descri\u00e7\u00e3o<\/h2><p data-start=\"1121\" data-end=\"1348\">Mantenha o seu beb\u00e9 quente e aconchegado depois de cada banho com a <strong data-start=\"1176\" data-end=\"1202\">Toalha de banho com capuz para beb\u00e9<\/strong>. Fabricado em tecido de l\u00e3 coral ultra-suave, pode ser utilizado como toalha com capuz, roup\u00e3o de banho ou cobertor, perfeito para rec\u00e9m-nascidos e crian\u00e7as pequenas durante todo o ano.<\/p>\t\t\t\t\t\t\t\t<\/div>\n\t\t\t\t<\/div>\n\t\t\t\t<div class=\"elementor-element elementor-element-909e801 color-scheme-inherit text-left elementor-widget elementor-widget-text-editor\" data-id=\"909e801\" data-element_type=\"widget\" data-widget_type=\"text-editor.default\">\n\t\t\t\t<div class=\"elementor-widget-container\">\n\t\t\t\t\t\t\t\t\t<h2 data-start=\"1355\" data-end=\"1383\">Carater\u00edsticas<\/h2><ul data-start=\"1384\" data-end=\"1663\"><li data-start=\"1384\" data-end=\"1435\"><p data-start=\"1386\" data-end=\"1435\">O velo macio de coral protege a pele delicada do beb\u00e9<\/p><\/li><li data-start=\"1436\" data-end=\"1480\"><p data-start=\"1438\" data-end=\"1480\">O design com capuz mant\u00e9m a cabe\u00e7a quente e confort\u00e1vel<\/p><\/li><li data-start=\"1481\" data-end=\"1535\"><p data-start=\"1483\" data-end=\"1535\">Utiliza\u00e7\u00e3o vers\u00e1til: toalha de banho, roup\u00e3o ou faixa<\/p><\/li><li data-start=\"1536\" data-end=\"1576\"><p data-start=\"1538\" data-end=\"1576\">Tamanho generoso de 80x80cm para crian\u00e7as pequenas<\/p><\/li><li data-start=\"1577\" data-end=\"1624\"><p data-start=\"1579\" data-end=\"1624\">O desenho de animais dos desenhos animados torna a hora do banho divertida<\/p><\/li><li data-start=\"1625\" data-end=\"1663\"><p data-start=\"1627\" data-end=\"1663\">F\u00e1cil de cuidar, lavar \u00e0 m\u00e3o e dur\u00e1vel<\/p><\/li><\/ul>\t\t\t\t\t\t\t\t<\/div>\n\t\t\t\t<\/div>\n\t\t\t\t<div class=\"elementor-element elementor-element-4b63900 color-scheme-inherit text-left elementor-widget elementor-widget-text-editor\" data-id=\"4b63900\" data-element_type=\"widget\" data-widget_type=\"text-editor.default\">\n\t\t\t\t<div class=\"elementor-widget-container\">\n\t\t\t\t\t\t\t\t\t<h2 data-start=\"1670\" data-end=\"1693\">Especifica\u00e7\u00f5es<\/h2><ul data-start=\"1694\" data-end=\"1939\"><li data-start=\"1694\" data-end=\"1730\"><p data-start=\"1696\" data-end=\"1730\"><strong data-start=\"1696\" data-end=\"1710\">Nome do artigo:<\/strong> Toalha com capuz para beb\u00e9<\/p><\/li><li data-start=\"1731\" data-end=\"1772\"><p data-start=\"1733\" data-end=\"1772\"><strong data-start=\"1733\" data-end=\"1742\">Tamanho:<\/strong> 80cm x 80cm (31,5\" x 31,5\")<\/p><\/li><li data-start=\"1773\" data-end=\"1803\"><p data-start=\"1775\" data-end=\"1803\"><strong data-start=\"1775\" data-end=\"1788\">Material:<\/strong> Velo coral<\/p><\/li><li data-start=\"1804\" data-end=\"1843\"><p data-start=\"1806\" data-end=\"1843\"><strong data-start=\"1806\" data-end=\"1817\">Cores:<\/strong> Rosa, azul, branco, cinzento<\/p><\/li><li data-start=\"1844\" data-end=\"1900\"><p data-start=\"1846\" data-end=\"1900\"><strong data-start=\"1846\" data-end=\"1867\">Esta\u00e7\u00f5es do ano adequadas:<\/strong> primavera, ver\u00e3o, outono, inverno<\/p><\/li><li data-start=\"1901\" data-end=\"1939\"><p data-start=\"1903\" data-end=\"1939\"><strong data-start=\"1903\" data-end=\"1924\">Pacote inclu\u00eddo:<\/strong> 1 cobertor<\/p><\/li><\/ul>\t\t\t\t\t\t\t\t<\/div>\n\t\t\t\t<\/div>\n\t\t\t\t<div class=\"elementor-element elementor-element-73f3e65 color-scheme-inherit text-left elementor-widget elementor-widget-text-editor\" data-id=\"73f3e65\" data-element_type=\"widget\" data-widget_type=\"text-editor.default\">\n\t\t\t\t<div class=\"elementor-widget-container\">\n\t\t\t\t\t\t\t\t\t<h2 data-start=\"1946\" data-end=\"1974\">Porque \u00e9 que os pais o adoram?<\/h2><p data-start=\"1975\" data-end=\"2254\">Os pais adoram isto <strong data-start=\"1993\" data-end=\"2019\">Toalha de banho com capuz para beb\u00e9<\/strong> porque mant\u00e9m os beb\u00e9s quentes, macios e confort\u00e1veis ap\u00f3s cada banho. A sua utiliza\u00e7\u00e3o vers\u00e1til, os desenhos bonitos e o tamanho generoso tornam a hora do banho mais f\u00e1cil e mais agrad\u00e1vel, poupando espa\u00e7o e dinheiro em compara\u00e7\u00e3o com v\u00e1rios cobertores ou toalhas.<\/p>\t\t\t\t\t\t\t\t<\/div>\n\t\t\t\t<\/div>\n\t\t\t\t\t<\/div>\n\t\t<\/div>\n\t\t\t\t\t<\/div>\n\t\t<\/section>\n\t\t\t\t<\/div>","protected":false},"excerpt":{"rendered":"<p><strong data-start=\"356\" data-end=\"401\">Preocupado com o facto de o seu beb\u00e9 ficar com frio depois do banho?<\/strong> A toalha de banho com capuz para beb\u00e9 mant\u00e9m os rec\u00e9m-nascidos quentes com um velo coral macio e um ador\u00e1vel desenho de banda desenhada.<\/p>","protected":false},"featured_media":24429,"comment_status":"open","ping_status":"closed","template":"","meta":{"_acf_changed":false},"product_brand":[],"product_cat":[32],"product_tag":[1134,1137,1135,1138,1136],"class_list":{"0":"post-24430","1":"product","2":"type-product","3":"status-publish","4":"has-post-thumbnail","6":"product_cat-best-baby-clothing","7":"product_tag-baby-hooded-bath-towel","8":"product_tag-cartoon-animal-baby-hooded-towel","9":"product_tag-newborn-hooded-towel-blanket","10":"product_tag-soft-coral-fleece-baby-bath-wrap","11":"product_tag-toddler-hooded-bathrobe-for-boys-girls","13":"first","14":"instock","15":"sale","16":"taxable","17":"shipping-taxable","18":"purchasable","19":"product-type-variable","20":"wvs-archive-product-wrapper"},"acf":[],"_links":{"self":[{"href":"https:\/\/babyvk.com\/pt\/wp-json\/wp\/v2\/product\/24430","targetHints":{"allow":["GET"]}}],"collection":[{"href":"https:\/\/babyvk.com\/pt\/wp-json\/wp\/v2\/product"}],"about":[{"href":"https:\/\/babyvk.com\/pt\/wp-json\/wp\/v2\/types\/product"}],"replies":[{"embeddable":true,"href":"https:\/\/babyvk.com\/pt\/wp-json\/wp\/v2\/comments?post=24430"}],"version-history":[{"count":0,"href":"https:\/\/babyvk.com\/pt\/wp-json\/wp\/v2\/product\/24430\/revisions"}],"wp:featuredmedia":[{"embeddable":true,"href":"https:\/\/babyvk.com\/pt\/wp-json\/wp\/v2\/media\/24429"}],"wp:attachment":[{"href":"https:\/\/babyvk.com\/pt\/wp-json\/wp\/v2\/media?parent=24430"}],"wp:term":[{"taxonomy":"product_brand","embeddable":true,"href":"https:\/\/babyvk.com\/pt\/wp-json\/wp\/v2\/product_brand?post=24430"},{"taxonomy":"product_cat","embeddable":true,"href":"https:\/\/babyvk.com\/pt\/wp-json\/wp\/v2\/product_cat?post=24430"},{"taxonomy":"product_tag","embeddable":true,"href":"https:\/\/babyvk.com\/pt\/wp-json\/wp\/v2\/product_tag?post=24430"}],"curies":[{"name":"wp","href":"https:\/\/api.w.org\/{rel}","templated":true}]}}