{"id":24367,"date":"2025-11-12T18:55:07","date_gmt":"2025-11-12T18:55:07","guid":{"rendered":"https:\/\/babyvk.com\/?post_type=product&#038;p=24367"},"modified":"2026-01-01T17:35:44","modified_gmt":"2026-01-01T17:35:44","slug":"manual-baby-nasal-aspirator","status":"publish","type":"product","link":"https:\/\/babyvk.com\/pt\/product\/manual-baby-nasal-aspirator\/","title":{"rendered":"Aspirador nasal manual para beb\u00e9s"},"content":{"rendered":"<div data-elementor-type=\"product-post\" data-elementor-id=\"24367\" class=\"elementor elementor-24367\" data-elementor-post-type=\"product\">\n\t\t\t\t\t\t<section class=\"wd-negative-gap elementor-section elementor-top-section elementor-element elementor-element-b1093bc elementor-section-boxed elementor-section-height-default elementor-section-height-default\" data-id=\"b1093bc\" data-element_type=\"section\">\n\t\t\t\t\t\t<div class=\"elementor-container elementor-column-gap-default\">\n\t\t\t\t\t<div class=\"elementor-column elementor-col-100 elementor-top-column elementor-element elementor-element-78100ef\" data-id=\"78100ef\" data-element_type=\"column\">\n\t\t\t<div class=\"elementor-widget-wrap elementor-element-populated\">\n\t\t\t\t\t\t<div class=\"elementor-element elementor-element-f78336b color-scheme-inherit text-left elementor-widget elementor-widget-text-editor\" data-id=\"f78336b\" data-element_type=\"widget\" data-widget_type=\"text-editor.default\">\n\t\t\t\t<div class=\"elementor-widget-container\">\n\t\t\t\t\t\t\t\t\t<h2 data-start=\"161\" data-end=\"230\">LIMPAR O NARIZ DO BEB\u00c9 EM SEGUNDOS - DE FORMA CONFORT\u00c1VEL E SEGURA<\/h2><p data-start=\"292\" data-end=\"568\">Diga adeus ao nariz entupido do beb\u00e9 com a <strong data-start=\"335\" data-end=\"366\">Aspirador nasal manual para beb\u00e9s<\/strong>, com um <strong data-start=\"380\" data-end=\"426\">aspira\u00e7\u00e3o de press\u00e3o negativa por tra\u00e7\u00e3o<\/strong> que lhe permite <strong data-start=\"441\" data-end=\"473\">controlar livremente a pot\u00eancia de aspira\u00e7\u00e3o<\/strong>. Remove suavemente o muco sem penetrar demasiado fundo - seguro, eficiente e f\u00e1cil para os novos pais.<\/p>\t\t\t\t\t\t\t\t<\/div>\n\t\t\t\t<\/div>\n\t\t\t\t<div class=\"elementor-element elementor-element-a54ebb0 color-scheme-inherit text-left elementor-widget elementor-widget-text-editor\" data-id=\"a54ebb0\" data-element_type=\"widget\" data-widget_type=\"text-editor.default\">\n\t\t\t\t<div class=\"elementor-widget-container\">\n\t\t\t\t\t\t\t\t\t<h3 data-start=\"575\" data-end=\"609\">\ud83d\udca8 SUC\u00c7\u00c3O FORTE AJUST\u00c1VEL<\/h3><ul data-start=\"610\" data-end=\"786\"><li data-start=\"610\" data-end=\"669\"><p data-start=\"612\" data-end=\"669\">Sistema de v\u00e1cuo de tra\u00e7\u00e3o manual para <strong data-start=\"640\" data-end=\"667\">controlo preciso da suc\u00e7\u00e3o<\/strong><\/p><\/li><li data-start=\"670\" data-end=\"734\"><p data-start=\"672\" data-end=\"734\">Elimina rapidamente a congest\u00e3o nasal causada por constipa\u00e7\u00f5es ou alergias<\/p><\/li><li data-start=\"735\" data-end=\"786\"><p data-start=\"737\" data-end=\"786\">Evita o desconforto do beb\u00e9 e as noites mal dormidas<\/p><\/li><\/ul>\t\t\t\t\t\t\t\t<\/div>\n\t\t\t\t<\/div>\n\t\t\t\t<div class=\"elementor-element elementor-element-b755735 color-scheme-inherit text-left elementor-widget elementor-widget-text-editor\" data-id=\"b755735\" data-element_type=\"widget\" data-widget_type=\"text-editor.default\">\n\t\t\t\t<div class=\"elementor-widget-container\">\n\t\t\t\t\t\t\t\t\t<h3 data-start=\"793\" data-end=\"824\">\ud83e\uddfc DESIGN SEGURO E HIGI\u00c9NICO<\/h3><ul data-start=\"825\" data-end=\"1080\"><li data-start=\"825\" data-end=\"895\"><p data-start=\"827\" data-end=\"895\"><strong data-start=\"827\" data-end=\"858\">V\u00e1lvula anti-retorno unidirecional<\/strong> assegura que o muco nunca flui para tr\u00e1s<\/p><\/li><li data-start=\"896\" data-end=\"957\"><p data-start=\"898\" data-end=\"957\">Feito de <strong data-start=\"906\" data-end=\"955\">PP inodoro, sem BPA e silicone de qualidade alimentar<\/strong><\/p><\/li><li data-start=\"958\" data-end=\"1009\"><p data-start=\"960\" data-end=\"1009\"><strong data-start=\"960\" data-end=\"991\">F\u00e1cil de desmontar e limpar<\/strong> ap\u00f3s cada utiliza\u00e7\u00e3o<\/p><\/li><li data-start=\"1010\" data-end=\"1080\"><p data-start=\"1012\" data-end=\"1080\">A ponta suave e arredondada adapta-se ao nariz do beb\u00e9 <strong data-start=\"1048\" data-end=\"1078\">sem irrita\u00e7\u00e3o ou dano<\/strong><\/p><\/li><\/ul>\t\t\t\t\t\t\t\t<\/div>\n\t\t\t\t<\/div>\n\t\t\t\t<div class=\"elementor-element elementor-element-9b0788f color-scheme-inherit text-left elementor-widget elementor-widget-text-editor\" data-id=\"9b0788f\" data-element_type=\"widget\" data-widget_type=\"text-editor.default\">\n\t\t\t\t<div class=\"elementor-widget-container\">\n\t\t\t\t\t\t\t\t\t<h3 data-start=\"1087\" data-end=\"1128\">SUAVE PARA OS BEB\u00c9S, F\u00c1CIL PARA AS M\u00c3ES<\/h3><p data-start=\"1129\" data-end=\"1334\">Sem pilhas, sem ru\u00eddo - apenas um simples controlo manual para uma suc\u00e7\u00e3o suave mas eficaz. Perfeito para rec\u00e9m-nascidos sens\u00edveis a aspiradores el\u00e9ctricos. Compacto e port\u00e1til para utilizar em casa ou em viagem.<\/p>\t\t\t\t\t\t\t\t<\/div>\n\t\t\t\t<\/div>\n\t\t\t\t<div class=\"elementor-element elementor-element-8a82ec3 color-scheme-inherit text-left elementor-widget elementor-widget-text-editor\" data-id=\"8a82ec3\" data-element_type=\"widget\" data-widget_type=\"text-editor.default\">\n\t\t\t\t<div class=\"elementor-widget-container\">\n\t\t\t\t\t\t\t\t\t<h3 data-start=\"1341\" data-end=\"1368\">PORQUE \u00c9 QUE OS PAIS ADORAM?<\/h3><p data-start=\"1369\" data-end=\"1590\">Controlo manual da suc\u00e7\u00e3o - seguro e eficaz<br data-start=\"1414\" data-end=\"1417\" \/>A v\u00e1lvula unidirecional impede o refluxo<br data-start=\"1450\" data-end=\"1453\" \/>Suave para as membranas nasais<br data-start=\"1480\" data-end=\"1483\" \/>Materiais seguros, inodoros e sem BPA<br data-start=\"1519\" data-end=\"1522\" \/>F\u00e1cil de limpar e voltar a montar<br data-start=\"1550\" data-end=\"1553\" \/>Acess\u00edvel, duradouro e reutiliz\u00e1vel<\/p>\t\t\t\t\t\t\t\t<\/div>\n\t\t\t\t<\/div>\n\t\t\t\t<div class=\"elementor-element elementor-element-e20d870 color-scheme-inherit text-left elementor-widget elementor-widget-text-editor\" data-id=\"e20d870\" data-element_type=\"widget\" data-widget_type=\"text-editor.default\">\n\t\t\t\t<div class=\"elementor-widget-container\">\n\t\t\t\t\t\t\t\t\t<h3 data-start=\"1597\" data-end=\"1620\">\ud83c\udf7c ESPECIFICA\u00c7\u00d5ES<\/h3><ul data-start=\"1621\" data-end=\"1874\"><li data-start=\"1621\" data-end=\"1670\"><p data-start=\"1623\" data-end=\"1670\"><strong data-start=\"1623\" data-end=\"1640\">Nome do produto:<\/strong> Aspirador nasal manual para beb\u00e9s<\/p><\/li><li data-start=\"1671\" data-end=\"1713\"><p data-start=\"1673\" data-end=\"1713\"><strong data-start=\"1673\" data-end=\"1686\">Material:<\/strong> PP + Silicone (sem BPA)<\/p><\/li><li data-start=\"1714\" data-end=\"1749\"><p data-start=\"1716\" data-end=\"1749\"><strong data-start=\"1716\" data-end=\"1734\">Op\u00e7\u00f5es de cor:<\/strong> Verde \/ Ciano<\/p><\/li><li data-start=\"1750\" data-end=\"1790\"><p data-start=\"1752\" data-end=\"1790\"><strong data-start=\"1752\" data-end=\"1769\">Idade adequada:<\/strong> 0 meses ou mais<\/p><\/li><\/ul>\t\t\t\t\t\t\t\t<\/div>\n\t\t\t\t<\/div>\n\t\t\t\t<div class=\"elementor-element elementor-element-16f3927 color-scheme-inherit text-left elementor-widget elementor-widget-text-editor\" data-id=\"16f3927\" data-element_type=\"widget\" data-widget_type=\"text-editor.default\">\n\t\t\t\t<div class=\"elementor-widget-container\">\n\t\t\t\t\t\t\t\t\t<h3 data-start=\"1881\" data-end=\"1909\">\ud83d\udcb0 MELHOR VALOR PARA AS M\u00c3ES<\/h3><p data-start=\"1910\" data-end=\"2081\">Desfrute de um tratamento nasal de qualidade profissional em casa - sem aparelhos el\u00e9ctricos dispendiosos.<br data-start=\"1992\" data-end=\"1995\" \/><strong data-start=\"1995\" data-end=\"2044\">Al\u00edvio r\u00e1pido para o beb\u00e9, paz de esp\u00edrito para si.<\/strong><\/p>\t\t\t\t\t\t\t\t<\/div>\n\t\t\t\t<\/div>\n\t\t\t\t\t<\/div>\n\t\t<\/div>\n\t\t\t\t\t<\/div>\n\t\t<\/section>\n\t\t\t\t<\/div>","protected":false},"excerpt":{"rendered":"<p>\ud83d\udc76CLEAR BABY\u2019S NOSE IN SECONDS \u2013 COMFORTABLY AND SAFELY Say goodbye to baby\u2019s stuffy nose with the Manual Baby Nasal<\/p>","protected":false},"featured_media":24360,"comment_status":"open","ping_status":"closed","template":"","meta":{"_acf_changed":false},"product_brand":[],"product_cat":[29],"product_tag":[1130,1128,1132,1127,1129,1131],"class_list":{"0":"post-24367","1":"product","2":"type-product","3":"status-publish","4":"has-post-thumbnail","6":"product_cat-best-baby-care","7":"product_tag-baby-nasal-suction-device","8":"product_tag-baby-nose-cleaner","9":"product_tag-hand-operated-nasal-cleaner","10":"product_tag-manual-baby-nasal-aspirator","11":"product_tag-pull-type-nasal-aspirator","12":"product_tag-vacuum-baby-nose-aspirator","14":"first","15":"instock","16":"sale","17":"taxable","18":"shipping-taxable","19":"purchasable","20":"product-type-variable","21":"wvs-archive-product-wrapper"},"acf":[],"_links":{"self":[{"href":"https:\/\/babyvk.com\/pt\/wp-json\/wp\/v2\/product\/24367","targetHints":{"allow":["GET"]}}],"collection":[{"href":"https:\/\/babyvk.com\/pt\/wp-json\/wp\/v2\/product"}],"about":[{"href":"https:\/\/babyvk.com\/pt\/wp-json\/wp\/v2\/types\/product"}],"replies":[{"embeddable":true,"href":"https:\/\/babyvk.com\/pt\/wp-json\/wp\/v2\/comments?post=24367"}],"version-history":[{"count":2,"href":"https:\/\/babyvk.com\/pt\/wp-json\/wp\/v2\/product\/24367\/revisions"}],"predecessor-version":[{"id":24886,"href":"https:\/\/babyvk.com\/pt\/wp-json\/wp\/v2\/product\/24367\/revisions\/24886"}],"wp:featuredmedia":[{"embeddable":true,"href":"https:\/\/babyvk.com\/pt\/wp-json\/wp\/v2\/media\/24360"}],"wp:attachment":[{"href":"https:\/\/babyvk.com\/pt\/wp-json\/wp\/v2\/media?parent=24367"}],"wp:term":[{"taxonomy":"product_brand","embeddable":true,"href":"https:\/\/babyvk.com\/pt\/wp-json\/wp\/v2\/product_brand?post=24367"},{"taxonomy":"product_cat","embeddable":true,"href":"https:\/\/babyvk.com\/pt\/wp-json\/wp\/v2\/product_cat?post=24367"},{"taxonomy":"product_tag","embeddable":true,"href":"https:\/\/babyvk.com\/pt\/wp-json\/wp\/v2\/product_tag?post=24367"}],"curies":[{"name":"wp","href":"https:\/\/api.w.org\/{rel}","templated":true}]}}