{"id":24344,"date":"2025-11-12T08:52:28","date_gmt":"2025-11-12T08:52:28","guid":{"rendered":"https:\/\/babyvk.com\/?post_type=product&#038;p=24344"},"modified":"2025-11-12T09:00:18","modified_gmt":"2025-11-12T09:00:18","slug":"adjustable-baby-bath-bed","status":"publish","type":"product","link":"https:\/\/babyvk.com\/pt\/product\/adjustable-baby-bath-bed\/","title":{"rendered":"Cama de banho ajust\u00e1vel para beb\u00e9"},"content":{"rendered":"<div data-elementor-type=\"product-post\" data-elementor-id=\"24344\" class=\"elementor elementor-24344\" data-elementor-post-type=\"product\">\n\t\t\t\t\t\t<section class=\"wd-negative-gap elementor-section elementor-top-section elementor-element elementor-element-efa4dc1 elementor-section-boxed elementor-section-height-default elementor-section-height-default\" data-id=\"efa4dc1\" data-element_type=\"section\">\n\t\t\t\t\t\t<div class=\"elementor-container elementor-column-gap-default\">\n\t\t\t\t\t<div class=\"elementor-column elementor-col-100 elementor-top-column elementor-element elementor-element-fae5fa8\" data-id=\"fae5fa8\" data-element_type=\"column\">\n\t\t\t<div class=\"elementor-widget-wrap elementor-element-populated\">\n\t\t\t\t\t\t<div class=\"elementor-element elementor-element-fc839c4 color-scheme-inherit text-left elementor-widget elementor-widget-text-editor\" data-id=\"fc839c4\" data-element_type=\"widget\" data-widget_type=\"text-editor.default\">\n\t\t\t\t<div class=\"elementor-widget-container\">\n\t\t\t\t\t\t\t\t\t<h2 data-start=\"161\" data-end=\"240\">TEMPO DE BANHO INTELIGENTE, SEGURO E CALMANTE PARA O SEU BEB\u00c9<\/h2><p data-start=\"298\" data-end=\"632\">Torne a hora do banho mais f\u00e1cil e segura com a <strong data-start=\"339\" data-end=\"367\">Cama de banho ajust\u00e1vel para beb\u00e9<\/strong>Concebido para as mam\u00e3s que pretendem ambos <strong data-start=\"401\" data-end=\"424\">conforto e controlo<\/strong>. Apresentando <strong data-start=\"436\" data-end=\"479\">sensor digital inteligente de temperatura<\/strong>, <strong data-start=\"481\" data-end=\"510\">Regula\u00e7\u00e3o da altura em 3 n\u00edveis<\/strong>e <strong data-start=\"516\" data-end=\"542\">apoio ergon\u00f3mico suave<\/strong>Esta cama de banho garante que cada banho seja quente, seguro e alegre para o beb\u00e9 e para os pais.<\/p>\t\t\t\t\t\t\t\t<\/div>\n\t\t\t\t<\/div>\n\t\t\t\t<div class=\"elementor-element elementor-element-f5e30a4 color-scheme-inherit text-left elementor-widget elementor-widget-text-editor\" data-id=\"f5e30a4\" data-element_type=\"widget\" data-widget_type=\"text-editor.default\">\n\t\t\t\t<div class=\"elementor-widget-container\">\n\t\t\t\t\t\t\t\t\t<h3 data-start=\"639\" data-end=\"673\">VISOR DE TEMPERATURA INTELIGENTE<\/h3><p data-start=\"674\" data-end=\"836\">N\u00e3o se preocupe com um <strong data-start=\"697\" data-end=\"730\">visualiza\u00e7\u00e3o da temperatura em tempo real<\/strong> e <strong data-start=\"735\" data-end=\"767\">sistema de alerta LED de tr\u00eas cores<\/strong> - saber instantaneamente se a \u00e1gua est\u00e1 demasiado fria, no ponto certo ou demasiado quente.<\/p><ul data-start=\"837\" data-end=\"955\"><li data-start=\"837\" data-end=\"871\"><p data-start=\"839\" data-end=\"871\"><strong data-start=\"839\" data-end=\"854\">Luz azul:<\/strong> \u00c1gua demasiado fria<\/p><\/li><li data-start=\"872\" data-end=\"912\"><p data-start=\"874\" data-end=\"912\"><strong data-start=\"874\" data-end=\"890\">Luz verde:<\/strong> Temperatura perfeita<\/p><\/li><li data-start=\"913\" data-end=\"955\"><p data-start=\"915\" data-end=\"955\"><strong data-start=\"915\" data-end=\"929\">Luz vermelha:<\/strong> Demasiado quente - ajustar com seguran\u00e7a<\/p><\/li><\/ul>\t\t\t\t\t\t\t\t<\/div>\n\t\t\t\t<\/div>\n\t\t\t\t<div class=\"elementor-element elementor-element-c2cd487 color-scheme-inherit text-left elementor-widget elementor-widget-text-editor\" data-id=\"c2cd487\" data-element_type=\"widget\" data-widget_type=\"text-editor.default\">\n\t\t\t\t<div class=\"elementor-widget-container\">\n\t\t\t\t\t\t\t\t\t<h3 data-start=\"962\" data-end=\"996\">DESIGN AJUST\u00c1VEL DE 3 N\u00cdVEIS<\/h3><p data-start=\"997\" data-end=\"1070\">Ergonomicamente concebido para beb\u00e9s em crescimento e pais de todas as alturas:<\/p><ul data-start=\"1071\" data-end=\"1253\"><li data-start=\"1071\" data-end=\"1127\"><p data-start=\"1073\" data-end=\"1127\">3 n\u00edveis ajust\u00e1veis para apoiar diferentes fases do beb\u00e9<\/p><\/li><li data-start=\"1128\" data-end=\"1189\"><p data-start=\"1130\" data-end=\"1189\">Basta premir e rodar as pernas de apoio para alterar a altura<\/p><\/li><li data-start=\"1190\" data-end=\"1253\"><p data-start=\"1192\" data-end=\"1253\">A base est\u00e1vel e antiderrapante mant\u00e9m o beb\u00e9 seguro e confort\u00e1vel<\/p><\/li><\/ul>\t\t\t\t\t\t\t\t<\/div>\n\t\t\t\t<\/div>\n\t\t\t\t<div class=\"elementor-element elementor-element-1f124df color-scheme-inherit text-left elementor-widget elementor-widget-text-editor\" data-id=\"1f124df\" data-element_type=\"widget\" data-widget_type=\"text-editor.default\">\n\t\t\t\t<div class=\"elementor-widget-container\">\n\t\t\t\t\t\t\t\t\t<h3 data-start=\"1260\" data-end=\"1304\">M\u00c1XIMO CONFORTO E PROTEC\u00c7\u00c3O DA COLUNA VERTEBRAL<\/h3><p data-start=\"1305\" data-end=\"1453\">O <strong data-start=\"1309\" data-end=\"1336\">Material TPE de toque suave<\/strong> imita o conforto do \u00fatero da m\u00e3e, proporcionando um apoio suave que se alinha com a curva natural da coluna vertebral do seu beb\u00e9.<\/p><ul data-start=\"1454\" data-end=\"1613\"><li data-start=\"1454\" data-end=\"1493\"><p data-start=\"1456\" data-end=\"1493\">Suave, respir\u00e1vel e amigo da pele<\/p><\/li><li data-start=\"1494\" data-end=\"1545\"><p data-start=\"1496\" data-end=\"1545\">Distribui\u00e7\u00e3o uniforme da press\u00e3o para proteger a coluna vertebral<\/p><\/li><li data-start=\"1546\" data-end=\"1613\"><p data-start=\"1548\" data-end=\"1613\">O design antiderrapante e anti-coceira mant\u00e9m o beb\u00e9 seguro durante o banho<\/p><\/li><\/ul>\t\t\t\t\t\t\t\t<\/div>\n\t\t\t\t<\/div>\n\t\t\t\t<div class=\"elementor-element elementor-element-57bc874 color-scheme-inherit text-left elementor-widget elementor-widget-text-editor\" data-id=\"57bc874\" data-element_type=\"widget\" data-widget_type=\"text-editor.default\">\n\t\t\t\t<div class=\"elementor-widget-container\">\n\t\t\t\t\t\t\t\t\t<h3 data-start=\"1620\" data-end=\"1656\">\ud83d\udca1 CONVENIENTE PARA TODOS OS PAIS<\/h3><ul data-start=\"1657\" data-end=\"1957\"><li data-start=\"1657\" data-end=\"1711\"><p data-start=\"1659\" data-end=\"1711\"><strong data-start=\"1659\" data-end=\"1687\">N\u00e3o \u00e9 necess\u00e1ria instala\u00e7\u00e3o<\/strong> - basta desdobrar e utilizar<\/p><\/li><li data-start=\"1712\" data-end=\"1779\"><p data-start=\"1714\" data-end=\"1779\"><strong data-start=\"1714\" data-end=\"1743\">Suporte frontal elevado de 12 cm<\/strong> evita o deslizamento ou a asfixia da \u00e1gua<\/p><\/li><li data-start=\"1780\" data-end=\"1836\"><p data-start=\"1782\" data-end=\"1836\"><strong data-start=\"1782\" data-end=\"1801\">Design dobr\u00e1vel<\/strong> - f\u00e1cil de guardar ou pendurar em qualquer lugar<\/p><\/li><li data-start=\"1837\" data-end=\"1890\"><p data-start=\"1839\" data-end=\"1890\"><strong data-start=\"1839\" data-end=\"1856\">Ajuste universal<\/strong> para a maioria das banheiras ou lavat\u00f3rios para beb\u00e9s<\/p><\/li><li data-start=\"1891\" data-end=\"1957\"><p data-start=\"1893\" data-end=\"1957\"><strong data-start=\"1893\" data-end=\"1923\">Materiais PP + TPE duradouros<\/strong> - seguro, n\u00e3o t\u00f3xico, de longa dura\u00e7\u00e3o<\/p><\/li><\/ul>\t\t\t\t\t\t\t\t<\/div>\n\t\t\t\t<\/div>\n\t\t\t\t<div class=\"elementor-element elementor-element-67444b5 color-scheme-inherit text-left elementor-widget elementor-widget-text-editor\" data-id=\"67444b5\" data-element_type=\"widget\" data-widget_type=\"text-editor.default\">\n\t\t\t\t<div class=\"elementor-widget-container\">\n\t\t\t\t\t\t\t\t\t<h3 data-start=\"1964\" data-end=\"1991\">PORQUE \u00c9 QUE OS PAIS ADORAM<\/h3><p data-start=\"1992\" data-end=\"2317\">Dete\u00e7\u00e3o inteligente da temperatura - tempo de banho mais seguro<br data-start=\"2043\" data-end=\"2046\" \/>3 n\u00edveis de altura ajust\u00e1veis - cresce com o seu beb\u00e9<br data-start=\"2097\" data-end=\"2100\" \/>Design ergon\u00f3mico - suave, est\u00e1vel e de apoio<br data-start=\"2149\" data-end=\"2152\" \/>Dobr\u00e1vel e f\u00e1cil de guardar - poupa espa\u00e7o<br data-start=\"2191\" data-end=\"2194\" \/>Materiais de seguran\u00e7a de primeira qualidade - sem BPA e amigos do ambiente<br data-start=\"2246\" data-end=\"2249\" \/>Luxo acess\u00edvel - conforto de n\u00edvel m\u00e9dico sem o pre\u00e7o elevado<\/p>\t\t\t\t\t\t\t\t<\/div>\n\t\t\t\t<\/div>\n\t\t\t\t<div class=\"elementor-element elementor-element-b5fe8d2 color-scheme-inherit text-left elementor-widget elementor-widget-text-editor\" data-id=\"b5fe8d2\" data-element_type=\"widget\" data-widget_type=\"text-editor.default\">\n\t\t\t\t<div class=\"elementor-widget-container\">\n\t\t\t\t\t\t\t\t\t<h3 data-start=\"2324\" data-end=\"2347\">\ud83c\udf7c ESPECIFICA\u00c7\u00d5ES<\/h3><ul data-start=\"2348\" data-end=\"2607\"><li data-start=\"2348\" data-end=\"2394\"><p data-start=\"2350\" data-end=\"2394\"><strong data-start=\"2350\" data-end=\"2367\">Nome do produto:<\/strong> Cama de banho ajust\u00e1vel para beb\u00e9<\/p><\/li><li data-start=\"2395\" data-end=\"2434\"><p data-start=\"2397\" data-end=\"2434\"><strong data-start=\"2397\" data-end=\"2410\">Material:<\/strong> PP + TPE (qualidade alimentar)<\/p><\/li><li data-start=\"2435\" data-end=\"2471\"><p data-start=\"2437\" data-end=\"2471\"><strong data-start=\"2437\" data-end=\"2455\">Op\u00e7\u00f5es de cor:<\/strong> Branco \/ Verde<\/p><\/li><li data-start=\"2472\" data-end=\"2512\"><p data-start=\"2474\" data-end=\"2512\"><strong data-start=\"2474\" data-end=\"2491\">Idade adequada:<\/strong> 0 meses ou mais<\/p><\/li><li data-start=\"2513\" data-end=\"2607\"><p data-start=\"2515\" data-end=\"2607\"><strong data-start=\"2515\" data-end=\"2528\">Carater\u00edsticas:<\/strong> Altura ajust\u00e1vel \/ Indica\u00e7\u00e3o da temperatura \/ Prote\u00e7\u00e3o da coluna vertebral \/ Design dobr\u00e1vel<\/p><\/li><\/ul>\t\t\t\t\t\t\t\t<\/div>\n\t\t\t\t<\/div>\n\t\t\t\t<div class=\"elementor-element elementor-element-7241e74 color-scheme-inherit text-left elementor-widget elementor-widget-text-editor\" data-id=\"7241e74\" data-element_type=\"widget\" data-widget_type=\"text-editor.default\">\n\t\t\t\t<div class=\"elementor-widget-container\">\n\t\t\t\t\t\t\t\t\t<h3 data-start=\"2614\" data-end=\"2642\">\ud83d\udcb0 MELHOR VALOR PARA AS M\u00c3ES<\/h3><p data-start=\"2643\" data-end=\"2822\">Desfrutar <strong data-start=\"2649\" data-end=\"2694\">seguran\u00e7a de n\u00edvel m\u00e9dico e conce\u00e7\u00e3o ergon\u00f3mica<\/strong> a um pre\u00e7o acess\u00edvel para toda a fam\u00edlia.<br data-start=\"2722\" data-end=\"2725\" \/>O conforto do seu beb\u00e9 e a sua comodidade - ambos est\u00e3o garantidos!<br data-start=\"2787\" data-end=\"2790\" \/><strong data-start=\"2790\" data-end=\"2822\">Envio gratuito para todas as encomendas.<\/strong><\/p>\t\t\t\t\t\t\t\t<\/div>\n\t\t\t\t<\/div>\n\t\t\t\t\t<\/div>\n\t\t<\/div>\n\t\t\t\t\t<\/div>\n\t\t<\/section>\n\t\t\t\t<\/div>","protected":false},"excerpt":{"rendered":"<p>HORA DO BANHO INTELIGENTE, SEGURA E SUAVE PARA O BEB\u00c9 Torne a hora do banho mais f\u00e1cil e segura com a banheira ajust\u00e1vel para beb\u00e9s<\/p>","protected":false},"featured_media":24336,"comment_status":"open","ping_status":"closed","template":"","meta":{"_acf_changed":false},"product_brand":[],"product_cat":[29],"product_tag":[1120,1123,1124,1121,1122,1125],"class_list":{"0":"post-24344","1":"product","2":"type-product","3":"status-publish","4":"has-post-thumbnail","6":"product_cat-best-baby-care","7":"product_tag-adjustable-baby-bath-bed","8":"product_tag-anti-slip-baby-bath-seat","9":"product_tag-baby-bath-recliner-for-newborns","10":"product_tag-baby-bath-support-with-thermometer","11":"product_tag-foldable-baby-bath-chair","12":"product_tag-newborn-bathing-helper","14":"first","15":"instock","16":"sale","17":"taxable","18":"shipping-taxable","19":"purchasable","20":"product-type-variable","21":"wvs-archive-product-wrapper"},"acf":[],"_links":{"self":[{"href":"https:\/\/babyvk.com\/pt\/wp-json\/wp\/v2\/product\/24344","targetHints":{"allow":["GET"]}}],"collection":[{"href":"https:\/\/babyvk.com\/pt\/wp-json\/wp\/v2\/product"}],"about":[{"href":"https:\/\/babyvk.com\/pt\/wp-json\/wp\/v2\/types\/product"}],"replies":[{"embeddable":true,"href":"https:\/\/babyvk.com\/pt\/wp-json\/wp\/v2\/comments?post=24344"}],"version-history":[{"count":0,"href":"https:\/\/babyvk.com\/pt\/wp-json\/wp\/v2\/product\/24344\/revisions"}],"wp:featuredmedia":[{"embeddable":true,"href":"https:\/\/babyvk.com\/pt\/wp-json\/wp\/v2\/media\/24336"}],"wp:attachment":[{"href":"https:\/\/babyvk.com\/pt\/wp-json\/wp\/v2\/media?parent=24344"}],"wp:term":[{"taxonomy":"product_brand","embeddable":true,"href":"https:\/\/babyvk.com\/pt\/wp-json\/wp\/v2\/product_brand?post=24344"},{"taxonomy":"product_cat","embeddable":true,"href":"https:\/\/babyvk.com\/pt\/wp-json\/wp\/v2\/product_cat?post=24344"},{"taxonomy":"product_tag","embeddable":true,"href":"https:\/\/babyvk.com\/pt\/wp-json\/wp\/v2\/product_tag?post=24344"}],"curies":[{"name":"wp","href":"https:\/\/api.w.org\/{rel}","templated":true}]}}