{"id":24319,"date":"2025-11-11T18:56:50","date_gmt":"2025-11-11T18:56:50","guid":{"rendered":"https:\/\/babyvk.com\/?post_type=product&#038;p=24319"},"modified":"2025-11-11T19:11:32","modified_gmt":"2025-11-11T19:11:32","slug":"newborn-anti-flat-head-pillow","status":"publish","type":"product","link":"https:\/\/babyvk.com\/pt\/product\/newborn-anti-flat-head-pillow\/","title":{"rendered":"Almofada anti-cabe\u00e7a chata para rec\u00e9m-nascidos"},"content":{"rendered":"<div data-elementor-type=\"product-post\" data-elementor-id=\"24319\" class=\"elementor elementor-24319\" data-elementor-post-type=\"product\">\n\t\t\t\t\t\t<section class=\"wd-negative-gap elementor-section elementor-top-section elementor-element elementor-element-a76169a elementor-section-boxed elementor-section-height-default elementor-section-height-default\" data-id=\"a76169a\" data-element_type=\"section\">\n\t\t\t\t\t\t<div class=\"elementor-container elementor-column-gap-default\">\n\t\t\t\t\t<div class=\"elementor-column elementor-col-100 elementor-top-column elementor-element elementor-element-80ac7a1\" data-id=\"80ac7a1\" data-element_type=\"column\">\n\t\t\t<div class=\"elementor-widget-wrap elementor-element-populated\">\n\t\t\t\t\t\t<div class=\"elementor-element elementor-element-34ef2d5 color-scheme-inherit text-left elementor-widget elementor-widget-text-editor\" data-id=\"34ef2d5\" data-element_type=\"widget\" data-widget_type=\"text-editor.default\">\n\t\t\t\t<div class=\"elementor-widget-container\">\n\t\t\t\t\t\t\t\t\t<h2 data-start=\"132\" data-end=\"166\">Conforto Premium, pre\u00e7o inteligente<\/h2><p data-start=\"167\" data-end=\"416\">D\u00ea ao seu beb\u00e9 um apoio de cabe\u00e7a de qualidade m\u00e9dica sem pagar pre\u00e7os de luxo! Os <strong data-start=\"243\" data-end=\"276\">Almofada anti-cabe\u00e7a chata para rec\u00e9m-nascidos<\/strong> apresenta um <strong data-start=\"288\" data-end=\"316\">Design ergon\u00f3mico de 5 pontos<\/strong> que ajuda a moldar uma cabe\u00e7a naturalmente redonda, protegendo a coluna vertebral com a sua <strong data-start=\"393\" data-end=\"413\">1cm de altura ideal<\/strong>.<\/p>\t\t\t\t\t\t\t\t<\/div>\n\t\t\t\t<\/div>\n\t\t\t\t<div class=\"elementor-element elementor-element-ddaad66 color-scheme-inherit text-left elementor-widget elementor-widget-text-editor\" data-id=\"ddaad66\" data-element_type=\"widget\" data-widget_type=\"text-editor.default\">\n\t\t\t\t<div class=\"elementor-widget-container\">\n\t\t\t\t\t\t\t\t\t<h2 data-start=\"418\" data-end=\"457\">Design de dupla face para todas as esta\u00e7\u00f5es<\/h2><ul data-start=\"458\" data-end=\"594\"><li data-start=\"458\" data-end=\"531\"><p data-start=\"460\" data-end=\"531\"><strong data-start=\"463\" data-end=\"474\">Lado A:<\/strong> Malha respir\u00e1vel em forma de favo de mel - fresca e fresca para o ver\u00e3o.<\/p><\/li><li data-start=\"532\" data-end=\"594\"><p data-start=\"534\" data-end=\"594\"><strong data-start=\"537\" data-end=\"548\">Lado B:<\/strong> Algod\u00e3o macio - aconchegante e calmante para o inverno.<\/p><\/li><\/ul>\t\t\t\t\t\t\t\t<\/div>\n\t\t\t\t<\/div>\n\t\t\t\t<div class=\"elementor-element elementor-element-a6052b0 color-scheme-inherit text-left elementor-widget elementor-widget-text-editor\" data-id=\"a6052b0\" data-element_type=\"widget\" data-widget_type=\"text-editor.default\">\n\t\t\t\t<div class=\"elementor-widget-container\">\n\t\t\t\t\t\t\t\t\t<h2 data-start=\"596\" data-end=\"622\">Forma de estrela-do-mar inteligente<\/h2><p data-start=\"623\" data-end=\"749\">A atualiza\u00e7\u00e3o <strong data-start=\"636\" data-end=\"663\">Estrutura da estrela-do-mar de 270\u00b0<\/strong> embala suavemente a cabe\u00e7a do seu beb\u00e9, evitando pontos planos e melhorando a qualidade do sono.<\/p>\t\t\t\t\t\t\t\t<\/div>\n\t\t\t\t<\/div>\n\t\t\t\t<div class=\"elementor-element elementor-element-99c3257 color-scheme-inherit text-left elementor-widget elementor-widget-text-editor\" data-id=\"99c3257\" data-element_type=\"widget\" data-widget_type=\"text-editor.default\">\n\t\t\t\t<div class=\"elementor-widget-container\">\n\t\t\t\t\t\t\t\t\t<h2 data-start=\"751\" data-end=\"776\">Porque \u00e9 que os pais o adoram?<\/h2><p data-start=\"777\" data-end=\"965\">Prote\u00e7\u00e3o m\u00e9dica da cabe\u00e7a de 5 pontos<br data-start=\"810\" data-end=\"813\" \/>1 cm de altura para seguran\u00e7a do rec\u00e9m-nascido<br data-start=\"844\" data-end=\"847\" \/>Tecido duplo para todas as esta\u00e7\u00f5es<br data-start=\"877\" data-end=\"880\" \/>Perfeito para cabe\u00e7as de formato plano ou irregular<br data-start=\"920\" data-end=\"923\" \/>Conforto de qualidade superior a um pre\u00e7o acess\u00edvel<\/p>\t\t\t\t\t\t\t\t<\/div>\n\t\t\t\t<\/div>\n\t\t\t\t<div class=\"elementor-element elementor-element-b0cdb0c color-scheme-inherit text-left elementor-widget elementor-widget-text-editor\" data-id=\"b0cdb0c\" data-element_type=\"widget\" data-widget_type=\"text-editor.default\">\n\t\t\t\t<div class=\"elementor-widget-container\">\n\t\t\t\t\t\t\t\t\t<h2 data-start=\"972\" data-end=\"992\">Especifica\u00e7\u00f5es<\/h2><ul data-start=\"993\" data-end=\"1162\"><li data-start=\"993\" data-end=\"1041\"><p data-start=\"995\" data-end=\"1041\"><strong data-start=\"995\" data-end=\"1008\">Material:<\/strong> Malha em favo de mel + tecido de algod\u00e3o<\/p><\/li><li data-start=\"1042\" data-end=\"1061\"><p data-start=\"1044\" data-end=\"1061\"><strong data-start=\"1044\" data-end=\"1055\">Altura:<\/strong> 1cm<\/p><\/li><li data-start=\"1062\" data-end=\"1086\"><p data-start=\"1064\" data-end=\"1086\"><strong data-start=\"1064\" data-end=\"1072\">Idade:<\/strong> 0-12 meses<\/p><\/li><li data-start=\"1087\" data-end=\"1162\"><p data-start=\"1089\" data-end=\"1162\"><strong data-start=\"1089\" data-end=\"1097\">Utilizar:<\/strong> Preven\u00e7\u00e3o da cabe\u00e7a chata \/ Prote\u00e7\u00e3o do pesco\u00e7o e da coluna \/ Sono confort\u00e1vel<\/p><\/li><\/ul>\t\t\t\t\t\t\t\t<\/div>\n\t\t\t\t<\/div>\n\t\t\t\t<div class=\"elementor-element elementor-element-b55753f color-scheme-inherit text-left elementor-widget elementor-widget-text-editor\" data-id=\"b55753f\" data-element_type=\"widget\" data-widget_type=\"text-editor.default\">\n\t\t\t\t<div class=\"elementor-widget-container\">\n\t\t\t\t\t\t\t\t\t<h2 data-start=\"1169\" data-end=\"1200\">Melhor valor para os pais<\/h2><p data-start=\"1201\" data-end=\"1338\">Desfrute de uma qualidade de n\u00edvel m\u00e9dico superior <strong data-start=\"1237\" data-end=\"1269\">por menos de metade do pre\u00e7o<\/strong> das grandes marcas.<br data-start=\"1284\" data-end=\"1287\" \/><strong data-start=\"1287\" data-end=\"1338\">Forma saud\u00e1vel da cabe\u00e7a. Dormir melhor. Mais poupan\u00e7as.<\/strong><\/p>\t\t\t\t\t\t\t\t<\/div>\n\t\t\t\t<\/div>\n\t\t\t\t\t<\/div>\n\t\t<\/div>\n\t\t\t\t\t<\/div>\n\t\t<\/section>\n\t\t\t\t<\/div>","protected":false},"excerpt":{"rendered":"<p>Almofada ergon\u00f3mica para rec\u00e9m-nascidos anti-achatamento com 5 pontos de apoio, 1 cm de altura para prote\u00e7\u00e3o da coluna e tecido respir\u00e1vel de dupla face para todas as esta\u00e7\u00f5es.<\/p>","protected":false},"featured_media":24317,"comment_status":"open","ping_status":"closed","template":"","meta":{"_acf_changed":false},"product_brand":[],"product_cat":[29],"product_tag":[1118,1114,1115,1116,1119,1117],"class_list":{"0":"post-24319","1":"product","2":"type-product","3":"status-publish","4":"has-post-thumbnail","6":"product_cat-best-baby-care","7":"product_tag-adjustable-baby-pillow-for-flat-head","8":"product_tag-adjustable-newborn-head-shaping-pillow","9":"product_tag-baby-flat-head-prevention-pillow","10":"product_tag-baby-head-shape-correction-pillow","11":"product_tag-newborn-anti-flat-head-pillow","12":"product_tag-newborn-sleep-position-pillow","14":"first","15":"instock","16":"sale","17":"taxable","18":"shipping-taxable","19":"purchasable","20":"product-type-variable","21":"wvs-archive-product-wrapper"},"acf":[],"_links":{"self":[{"href":"https:\/\/babyvk.com\/pt\/wp-json\/wp\/v2\/product\/24319","targetHints":{"allow":["GET"]}}],"collection":[{"href":"https:\/\/babyvk.com\/pt\/wp-json\/wp\/v2\/product"}],"about":[{"href":"https:\/\/babyvk.com\/pt\/wp-json\/wp\/v2\/types\/product"}],"replies":[{"embeddable":true,"href":"https:\/\/babyvk.com\/pt\/wp-json\/wp\/v2\/comments?post=24319"}],"version-history":[{"count":0,"href":"https:\/\/babyvk.com\/pt\/wp-json\/wp\/v2\/product\/24319\/revisions"}],"wp:featuredmedia":[{"embeddable":true,"href":"https:\/\/babyvk.com\/pt\/wp-json\/wp\/v2\/media\/24317"}],"wp:attachment":[{"href":"https:\/\/babyvk.com\/pt\/wp-json\/wp\/v2\/media?parent=24319"}],"wp:term":[{"taxonomy":"product_brand","embeddable":true,"href":"https:\/\/babyvk.com\/pt\/wp-json\/wp\/v2\/product_brand?post=24319"},{"taxonomy":"product_cat","embeddable":true,"href":"https:\/\/babyvk.com\/pt\/wp-json\/wp\/v2\/product_cat?post=24319"},{"taxonomy":"product_tag","embeddable":true,"href":"https:\/\/babyvk.com\/pt\/wp-json\/wp\/v2\/product_tag?post=24319"}],"curies":[{"name":"wp","href":"https:\/\/api.w.org\/{rel}","templated":true}]}}