{"id":24295,"date":"2025-11-10T17:40:41","date_gmt":"2025-11-10T17:40:41","guid":{"rendered":"https:\/\/babyvk.com\/?post_type=product&#038;p=24295"},"modified":"2025-11-10T17:52:32","modified_gmt":"2025-11-10T17:52:32","slug":"silicone-breastfeeding-nipple-shield","status":"publish","type":"product","link":"https:\/\/babyvk.com\/pt\/product\/silicone-breastfeeding-nipple-shield\/","title":{"rendered":"Protetor de mamilos de silicone para amamenta\u00e7\u00e3o"},"content":{"rendered":"<div data-elementor-type=\"product-post\" data-elementor-id=\"24295\" class=\"elementor elementor-24295\" data-elementor-post-type=\"product\">\n\t\t\t\t\t\t<section class=\"wd-negative-gap elementor-section elementor-top-section elementor-element elementor-element-93482bc elementor-section-boxed elementor-section-height-default elementor-section-height-default\" data-id=\"93482bc\" data-element_type=\"section\">\n\t\t\t\t\t\t<div class=\"elementor-container elementor-column-gap-default\">\n\t\t\t\t\t<div class=\"elementor-column elementor-col-100 elementor-top-column elementor-element elementor-element-1fcf56a\" data-id=\"1fcf56a\" data-element_type=\"column\">\n\t\t\t<div class=\"elementor-widget-wrap elementor-element-populated\">\n\t\t\t\t\t\t<div class=\"elementor-element elementor-element-01352dc color-scheme-inherit text-left elementor-widget elementor-widget-text-editor\" data-id=\"01352dc\" data-element_type=\"widget\" data-widget_type=\"text-editor.default\">\n\t\t\t\t<div class=\"elementor-widget-container\">\n\t\t\t\t\t\t\t\t\t<h2 data-start=\"1885\" data-end=\"1909\">Carater\u00edsticas<\/h2><ul data-start=\"1911\" data-end=\"2969\"><li data-start=\"1911\" data-end=\"2073\"><p data-start=\"1913\" data-end=\"2073\">\u2705 <strong data-start=\"1915\" data-end=\"1949\">100% Silicone seguro e n\u00e3o t\u00f3xico<\/strong> - Feito de material de silicone macio de qualidade alimentar, sem BPA e subst\u00e2ncias nocivas, suave para a boca do beb\u00e9 e para a pele da m\u00e3e.<\/p><\/li><li data-start=\"2074\" data-end=\"2235\"><p data-start=\"2076\" data-end=\"2235\">\u2705 <strong data-start=\"2078\" data-end=\"2109\">Simula\u00e7\u00e3o de ar\u00e9ola humanizada<\/strong> - A textura de pontos convexos espalhados \u00e0 volta do mamilo imita a ar\u00e9ola natural da m\u00e3e, melhorando a pega e o conforto do beb\u00e9.<\/p><\/li><li data-start=\"2236\" data-end=\"2393\"><p data-start=\"2238\" data-end=\"2393\">\u2705 <strong data-start=\"2240\" data-end=\"2280\">Design de p\u00e9talas para conforto e estabilidade<\/strong> - A forma leve de p\u00e9tala permite que as m\u00e3es o segurem facilmente e mant\u00e9m o escudo firmemente no lugar durante a alimenta\u00e7\u00e3o.<\/p><\/li><li data-start=\"2394\" data-end=\"2536\"><p data-start=\"2396\" data-end=\"2536\">\u2705 <strong data-start=\"2398\" data-end=\"2422\">Contacto pele a pele<\/strong> - A forma de p\u00e9tala aberta promove o m\u00e1ximo contacto entre a m\u00e3e e o beb\u00e9 para uma liga\u00e7\u00e3o natural durante a amamenta\u00e7\u00e3o.<\/p><\/li><li data-start=\"2537\" data-end=\"2682\"><p data-start=\"2539\" data-end=\"2682\">\u2705 <strong data-start=\"2541\" data-end=\"2575\">Estrutura em espiral anti-colapso<\/strong> - O bico da tetina possui uma mec\u00e2nica em espiral que evita amolgadelas durante a alimenta\u00e7\u00e3o, garantindo um fluxo de leite constante.<\/p><\/li><li data-start=\"2683\" data-end=\"2837\"><p data-start=\"2685\" data-end=\"2837\">\u2705 <strong data-start=\"2687\" data-end=\"2714\">Anti-mordedura e analg\u00e9sico<\/strong> - Concebida com um espa\u00e7o entre a tetina da m\u00e3e e a cabe\u00e7a do escudo, evita as mordidelas e reduz o desconforto ou as fissuras.<\/p><\/li><li data-start=\"2838\" data-end=\"2969\"><p data-start=\"2840\" data-end=\"2969\">\u2705 <strong data-start=\"2842\" data-end=\"2872\">Fluxo vari\u00e1vel para todas as idades<\/strong> - A sa\u00edda de leite com furos cruzados proporciona um fluxo suave, adequado tanto para rec\u00e9m-nascidos como para beb\u00e9s em crescimento.<\/p><\/li><\/ul>\t\t\t\t\t\t\t\t<\/div>\n\t\t\t\t<\/div>\n\t\t\t\t\t<\/div>\n\t\t<\/div>\n\t\t\t\t\t<\/div>\n\t\t<\/section>\n\t\t\t\t<section class=\"wd-negative-gap elementor-section elementor-top-section elementor-element elementor-element-9c9bb49 elementor-section-boxed elementor-section-height-default elementor-section-height-default\" data-id=\"9c9bb49\" data-element_type=\"section\">\n\t\t\t\t\t\t<div class=\"elementor-container elementor-column-gap-default\">\n\t\t\t\t\t<div class=\"elementor-column elementor-col-100 elementor-top-column elementor-element elementor-element-eb026aa\" data-id=\"eb026aa\" data-element_type=\"column\">\n\t\t\t<div class=\"elementor-widget-wrap elementor-element-populated\">\n\t\t\t\t\t\t<div class=\"elementor-element elementor-element-b1c28d5 color-scheme-inherit text-left elementor-widget elementor-widget-text-editor\" data-id=\"b1c28d5\" data-element_type=\"widget\" data-widget_type=\"text-editor.default\">\n\t\t\t\t<div class=\"elementor-widget-container\">\n\t\t\t\t\t\t\t\t\t<h2 data-start=\"1453\" data-end=\"1495\">Especifica\u00e7\u00f5es<\/h2><ul data-start=\"1496\" data-end=\"1878\"><li data-start=\"1496\" data-end=\"1554\"><p data-start=\"1498\" data-end=\"1554\"><strong data-start=\"1498\" data-end=\"1515\">Nome do produto:<\/strong> Protetor de mamilos de silicone para amamenta\u00e7\u00e3o<\/p><\/li><li data-start=\"1555\" data-end=\"1609\"><p data-start=\"1557\" data-end=\"1609\"><strong data-start=\"1557\" data-end=\"1570\">Material:<\/strong> 100% Silicone de qualidade alimentar<\/p><\/li><li data-start=\"1670\" data-end=\"1750\"><p data-start=\"1672\" data-end=\"1750\"><strong data-start=\"1672\" data-end=\"1685\">Fun\u00e7\u00e3o:<\/strong> Anti-mordedura, prote\u00e7\u00e3o de conforto, apoio \u00e0 amamenta\u00e7\u00e3o sem dor<\/p><\/li><li data-start=\"1802\" data-end=\"1851\"><p data-start=\"1804\" data-end=\"1851\"><strong data-start=\"1804\" data-end=\"1813\">Tamanho:<\/strong> Universal (adapta-se \u00e0 maioria dos formatos de peito)<\/p><\/li><li data-start=\"1852\" data-end=\"1878\"><p data-start=\"1854\" data-end=\"1878\"><strong data-start=\"1854\" data-end=\"1864\">Cor:<\/strong> Branco\/amarelo<\/p><\/li><\/ul>\t\t\t\t\t\t\t\t<\/div>\n\t\t\t\t<\/div>\n\t\t\t\t\t<\/div>\n\t\t<\/div>\n\t\t\t\t\t<\/div>\n\t\t<\/section>\n\t\t\t\t<\/div>","protected":false},"excerpt":{"rendered":"<p>Prote\u00e7\u00e3o da tetina para amamenta\u00e7\u00e3o em silicone macio com desenho de p\u00e9talas. 100% de qualidade alimentar, seguro, n\u00e3o t\u00f3xico e amigo da pele. Imita a ar\u00e9ola real para conforto e prote\u00e7\u00e3o.<\/p>","protected":false},"featured_media":24292,"comment_status":"open","ping_status":"closed","template":"","meta":{"_acf_changed":false},"product_brand":[],"product_cat":[20],"product_tag":[1113,1110,1112,1111,1109,1062],"class_list":{"0":"post-24295","1":"product","2":"type-product","3":"status-publish","4":"has-post-thumbnail","6":"product_cat-new-mom","7":"product_tag-anti-bite-silicone-nipple-protector","8":"product_tag-baby-breastfeeding-shield","9":"product_tag-baby-latch-assist-nipple-shield","10":"product_tag-nipple-protector-for-breastfeeding-moms","11":"product_tag-silicone-breastfeeding-nipple-shield","12":"product_tag-soft-silicone-nipple-protector","14":"first","15":"instock","16":"sale","17":"taxable","18":"shipping-taxable","19":"purchasable","20":"product-type-variable","21":"wvs-archive-product-wrapper"},"acf":[],"_links":{"self":[{"href":"https:\/\/babyvk.com\/pt\/wp-json\/wp\/v2\/product\/24295","targetHints":{"allow":["GET"]}}],"collection":[{"href":"https:\/\/babyvk.com\/pt\/wp-json\/wp\/v2\/product"}],"about":[{"href":"https:\/\/babyvk.com\/pt\/wp-json\/wp\/v2\/types\/product"}],"replies":[{"embeddable":true,"href":"https:\/\/babyvk.com\/pt\/wp-json\/wp\/v2\/comments?post=24295"}],"version-history":[{"count":0,"href":"https:\/\/babyvk.com\/pt\/wp-json\/wp\/v2\/product\/24295\/revisions"}],"wp:featuredmedia":[{"embeddable":true,"href":"https:\/\/babyvk.com\/pt\/wp-json\/wp\/v2\/media\/24292"}],"wp:attachment":[{"href":"https:\/\/babyvk.com\/pt\/wp-json\/wp\/v2\/media?parent=24295"}],"wp:term":[{"taxonomy":"product_brand","embeddable":true,"href":"https:\/\/babyvk.com\/pt\/wp-json\/wp\/v2\/product_brand?post=24295"},{"taxonomy":"product_cat","embeddable":true,"href":"https:\/\/babyvk.com\/pt\/wp-json\/wp\/v2\/product_cat?post=24295"},{"taxonomy":"product_tag","embeddable":true,"href":"https:\/\/babyvk.com\/pt\/wp-json\/wp\/v2\/product_tag?post=24295"}],"curies":[{"name":"wp","href":"https:\/\/api.w.org\/{rel}","templated":true}]}}