{"id":24188,"date":"2025-11-04T16:23:06","date_gmt":"2025-11-04T16:23:06","guid":{"rendered":"https:\/\/babyvk.com\/?post_type=product&#038;p=24188"},"modified":"2025-11-17T10:03:27","modified_gmt":"2025-11-17T10:03:27","slug":"baby-navel-sticker","status":"publish","type":"product","link":"https:\/\/babyvk.com\/pt\/product\/baby-navel-sticker\/","title":{"rendered":"Autocolante do umbigo do beb\u00e9"},"content":{"rendered":"<div data-elementor-type=\"product-post\" data-elementor-id=\"24188\" class=\"elementor elementor-24188\" data-elementor-post-type=\"product\">\n\t\t\t\t\t\t<section class=\"wd-negative-gap elementor-section elementor-top-section elementor-element elementor-element-1b2dcc5 elementor-section-boxed elementor-section-height-default elementor-section-height-default\" data-id=\"1b2dcc5\" data-element_type=\"section\">\n\t\t\t\t\t\t<div class=\"elementor-container elementor-column-gap-default\">\n\t\t\t\t\t<div class=\"elementor-column elementor-col-100 elementor-top-column elementor-element elementor-element-394dcc7\" data-id=\"394dcc7\" data-element_type=\"column\">\n\t\t\t<div class=\"elementor-widget-wrap elementor-element-populated\">\n\t\t\t\t\t\t<div class=\"elementor-element elementor-element-1a49873 color-scheme-inherit text-left elementor-widget elementor-widget-text-editor\" data-id=\"1a49873\" data-element_type=\"widget\" data-widget_type=\"text-editor.default\">\n\t\t\t\t<div class=\"elementor-widget-container\">\n\t\t\t\t\t\t\t\t\t<p><b>Carater\u00edstica:<\/b><\/p><ol><li>Confort\u00e1vel, n\u00e3o agride a pele e \u00e9 f\u00e1cil de rasgar, sem ferir a pele sens\u00edvel do beb\u00e9.<\/li><li>Confort\u00e1vel, seguro, n\u00e3o irritante e n\u00e3o al\u00e9rgico. Protege eficazmente a sa\u00fade do seu beb\u00e9.<\/li><li>Fabricada em membrana imperme\u00e1vel transparente de alta elasticidade PE, com excelente capacidade de respira\u00e7\u00e3o.<\/li><li>Pode resistir \u00e0 press\u00e3o da \u00e1gua de 1000 mm, com a ader\u00eancia inalterada, n\u00e3o se preocupe com quedas e desloca\u00e7\u00f5es.<\/li><li>Cada pe\u00e7a utiliza uma embalagem selada independente para evitar a polui\u00e7\u00e3o externa.<\/li><\/ol>\t\t\t\t\t\t\t\t<\/div>\n\t\t\t\t<\/div>\n\t\t\t\t<div class=\"elementor-element elementor-element-23150e4 color-scheme-inherit text-left elementor-widget elementor-widget-text-editor\" data-id=\"23150e4\" data-element_type=\"widget\" data-widget_type=\"text-editor.default\">\n\t\t\t\t<div class=\"elementor-widget-container\">\n\t\t\t\t\t\t\t\t\t<p><b>Especifica\u00e7\u00e3o:<\/b><\/p><div><ul><li>Condi\u00e7\u00e3o: Novo<\/li><li>Tipo de artigo: Autocolante para o umbigo do beb\u00e9<\/li><li>Quantidade: 10pcs \/\u00a0<span style=\"font-family: Lato, Arial, Helvetica, sans-serif; font-size: 16px; font-style: normal; font-variant-ligatures: normal; font-variant-caps: normal; font-weight: 400;\">20 unidades<\/span><\/li><li><span style=\"font-family: Lato, Arial, Helvetica, sans-serif; font-size: 16px; font-style: normal; font-variant-ligatures: normal; font-variant-caps: normal; font-weight: 400;\">Tamanho\uff1a6cm x 7cm<\/span><\/li><li>Prazo de validade: 3 anos<\/li><li>Materiais: Fita adesiva, papel absorvente, papel de liberta\u00e7\u00e3o, papel de di\u00e1lise<br \/>Aplica\u00e7\u00f5es: Banho e nata\u00e7\u00e3o do beb\u00e9<\/li><li>Utiliza\u00e7\u00e3o: Uso externo<\/li><li>Retirar a fita adesiva do lado e col\u00e1-la ao umbigo, depois retirar uma camada de papel de pl\u00e1stico transparente.\u00a0<\/li><li>\u00a0<\/li><\/ul><\/div>\t\t\t\t\t\t\t\t<\/div>\n\t\t\t\t<\/div>\n\t\t\t\t<div class=\"elementor-element elementor-element-426dfc6 color-scheme-inherit text-left elementor-widget elementor-widget-text-editor\" data-id=\"426dfc6\" data-element_type=\"widget\" data-widget_type=\"text-editor.default\">\n\t\t\t\t<div class=\"elementor-widget-container\">\n\t\t\t\t\t\t\t\t\t<p><b>Lista de pacotes:<\/b><\/p>\n<ul>\n<li>10 x autocolantes para o umbigo do beb\u00e9 \/ 20 x autocolantes para o umbigo do beb\u00e9<\/li>\n<\/ul>\t\t\t\t\t\t\t\t<\/div>\n\t\t\t\t<\/div>\n\t\t\t\t<div class=\"elementor-element elementor-element-3a019bb color-scheme-inherit text-left elementor-widget elementor-widget-text-editor\" data-id=\"3a019bb\" data-element_type=\"widget\" data-widget_type=\"text-editor.default\">\n\t\t\t\t<div class=\"elementor-widget-container\">\n\t\t\t\t\t\t\t\t\t<p><b>Nota:<\/b><\/p><ol><li>Retirar a pasta umbilical o mais rapidamente poss\u00edvel ap\u00f3s o banho, n\u00e3o aplicar durante algum tempo.<\/li><li>Este produto \u00e9 um produto descart\u00e1vel, por favor n\u00e3o o reutilize e n\u00e3o utilize o produto danificado.<\/li><li>Em caso de alergia ou de desconforto, suspender a utiliza\u00e7\u00e3o ou consultar um m\u00e9dico.<\/li><li>Tenha em aten\u00e7\u00e3o que o novo tipo e o tipo antigo deste produto ser\u00e3o enviados aleatoriamente e certifique-se de que n\u00e3o se importa antes de efetuar a encomenda.<\/li><\/ol>\t\t\t\t\t\t\t\t<\/div>\n\t\t\t\t<\/div>\n\t\t\t\t\t<\/div>\n\t\t<\/div>\n\t\t\t\t\t<\/div>\n\t\t<\/section>\n\t\t\t\t<\/div>","protected":false},"excerpt":{"rendered":"<p>Autocolante para o umbigo do beb\u00e9 com pel\u00edcula PE imperme\u00e1vel e respir\u00e1vel. Design suave, amigo da pele e n\u00e3o irritante para proteger a zona umbilical do beb\u00e9 durante o banho e a nata\u00e7\u00e3o. Embalagem de 20 unidades, segura e descart\u00e1vel.<\/p>","protected":false},"featured_media":24185,"comment_status":"open","ping_status":"closed","template":"","meta":{"_acf_changed":false},"product_brand":[],"product_cat":[29],"product_tag":[1102,1101,1099,1103,1100],"class_list":{"0":"post-24188","1":"product","2":"type-product","3":"status-publish","4":"has-post-thumbnail","6":"product_cat-best-baby-care","7":"product_tag-baby-belly-button-sticker","8":"product_tag-baby-navel-protector-for-bath","9":"product_tag-baby-navel-sticker","10":"product_tag-baby-waterproof-belly-button-cover","11":"product_tag-waterproof-baby-umbilical-patch","13":"first","14":"instock","15":"sale","16":"taxable","17":"shipping-taxable","18":"purchasable","19":"product-type-variable","20":"wvs-archive-product-wrapper"},"acf":[],"_links":{"self":[{"href":"https:\/\/babyvk.com\/pt\/wp-json\/wp\/v2\/product\/24188","targetHints":{"allow":["GET"]}}],"collection":[{"href":"https:\/\/babyvk.com\/pt\/wp-json\/wp\/v2\/product"}],"about":[{"href":"https:\/\/babyvk.com\/pt\/wp-json\/wp\/v2\/types\/product"}],"replies":[{"embeddable":true,"href":"https:\/\/babyvk.com\/pt\/wp-json\/wp\/v2\/comments?post=24188"}],"version-history":[{"count":0,"href":"https:\/\/babyvk.com\/pt\/wp-json\/wp\/v2\/product\/24188\/revisions"}],"wp:featuredmedia":[{"embeddable":true,"href":"https:\/\/babyvk.com\/pt\/wp-json\/wp\/v2\/media\/24185"}],"wp:attachment":[{"href":"https:\/\/babyvk.com\/pt\/wp-json\/wp\/v2\/media?parent=24188"}],"wp:term":[{"taxonomy":"product_brand","embeddable":true,"href":"https:\/\/babyvk.com\/pt\/wp-json\/wp\/v2\/product_brand?post=24188"},{"taxonomy":"product_cat","embeddable":true,"href":"https:\/\/babyvk.com\/pt\/wp-json\/wp\/v2\/product_cat?post=24188"},{"taxonomy":"product_tag","embeddable":true,"href":"https:\/\/babyvk.com\/pt\/wp-json\/wp\/v2\/product_tag?post=24188"}],"curies":[{"name":"wp","href":"https:\/\/api.w.org\/{rel}","templated":true}]}}