{"id":23795,"date":"2025-09-08T18:25:42","date_gmt":"2025-09-08T18:25:42","guid":{"rendered":"https:\/\/babyvk.com\/?post_type=product&#038;p=23795"},"modified":"2025-09-08T18:53:32","modified_gmt":"2025-09-08T18:53:32","slug":"baby-hip-seat-carrier","status":"publish","type":"product","link":"https:\/\/babyvk.com\/pt\/product\/baby-hip-seat-carrier\/","title":{"rendered":"Porta-beb\u00e9 de assento para a anca"},"content":{"rendered":"<div data-elementor-type=\"product-post\" data-elementor-id=\"23795\" class=\"elementor elementor-23795\" data-elementor-post-type=\"product\">\n\t\t\t\t\t\t<section class=\"wd-negative-gap elementor-section elementor-top-section elementor-element elementor-element-33f86a4 elementor-section-boxed elementor-section-height-default elementor-section-height-default\" data-id=\"33f86a4\" data-element_type=\"section\">\n\t\t\t\t\t\t<div class=\"elementor-container elementor-column-gap-default\">\n\t\t\t\t\t<div class=\"elementor-column elementor-col-100 elementor-top-column elementor-element elementor-element-15d1683\" data-id=\"15d1683\" data-element_type=\"column\">\n\t\t\t<div class=\"elementor-widget-wrap elementor-element-populated\">\n\t\t\t\t\t\t<div class=\"elementor-element elementor-element-6673008 color-scheme-inherit text-left elementor-widget elementor-widget-text-editor\" data-id=\"6673008\" data-element_type=\"widget\" data-widget_type=\"text-editor.default\">\n\t\t\t\t<div class=\"elementor-widget-container\">\n\t\t\t\t\t\t\t\t\t<h2 data-start=\"2109\" data-end=\"2133\">Carater\u00edsticas e vantagens<\/h2><ul data-start=\"2135\" data-end=\"2952\"><li data-start=\"2135\" data-end=\"2286\"><p data-start=\"2137\" data-end=\"2286\">\u2705 <strong data-start=\"2139\" data-end=\"2166\">Design ergon\u00f3mico e seguro<\/strong> - Apoia a postura natural do seu beb\u00e9, promovendo um desenvolvimento f\u00edsico saud\u00e1vel e proporcionando um ajuste seguro e confort\u00e1vel.<\/p><\/li><li data-start=\"2287\" data-end=\"2400\"><p data-start=\"2289\" data-end=\"2400\">\u2705 <strong data-start=\"2291\" data-end=\"2319\">V\u00e1rios estilos de transporte<\/strong> - Op\u00e7\u00f5es de estilo abra\u00e7adeira e estilo canguru para versatilidade e conforto dos pais.<\/p><\/li><li data-start=\"2401\" data-end=\"2536\"><p data-start=\"2403\" data-end=\"2536\">\u2705 <strong data-start=\"2405\" data-end=\"2439\">Cinto de cintura ajust\u00e1vel e fivela<\/strong> - A correia de velcro larga de 4 cm e as fivelas ajust\u00e1veis permitem um ajuste perfeito para diferentes tamanhos de pais.<\/p><\/li><li data-start=\"2537\" data-end=\"2652\"><p data-start=\"2539\" data-end=\"2652\">\u2705 <strong data-start=\"2541\" data-end=\"2572\">Assento alargado e confort\u00e1vel<\/strong> - O espa\u00e7o do assento mant\u00e9m o beb\u00e9 confort\u00e1vel e evita as pernas em forma de O.<\/p><\/li><li data-start=\"2653\" data-end=\"2746\"><p data-start=\"2655\" data-end=\"2746\">\u2705 <strong data-start=\"2657\" data-end=\"2686\">Dur\u00e1vel e f\u00e1cil de viajar<\/strong> - Leve e resistente para caminhadas, compras ou passeios.<\/p><\/li><li data-start=\"2747\" data-end=\"2846\"><p data-start=\"2749\" data-end=\"2846\">\u2705 <strong data-start=\"2751\" data-end=\"2773\">Armazenamento c\u00f3modo<\/strong> - O bolso lateral em rede permite guardar pequenos objectos como chupetas, chaves ou biber\u00f5es.<\/p><\/li><li data-start=\"2847\" data-end=\"2952\"><p data-start=\"2849\" data-end=\"2952\">\u2705 <strong data-start=\"2851\" data-end=\"2877\">Op\u00e7\u00f5es de cores m\u00faltiplas<\/strong> - Rosa, cinzento, preto, azul, bege - escolha o estilo que mais se adequa ao seu gosto.<\/p><\/li><\/ul>\t\t\t\t\t\t\t\t<\/div>\n\t\t\t\t<\/div>\n\t\t\t\t\t<\/div>\n\t\t<\/div>\n\t\t\t\t\t<\/div>\n\t\t<\/section>\n\t\t\t\t<section class=\"wd-negative-gap elementor-section elementor-top-section elementor-element elementor-element-9eead54 elementor-section-boxed elementor-section-height-default elementor-section-height-default\" data-id=\"9eead54\" data-element_type=\"section\">\n\t\t\t\t\t\t<div class=\"elementor-container elementor-column-gap-default\">\n\t\t\t\t\t<div class=\"elementor-column elementor-col-100 elementor-top-column elementor-element elementor-element-faba95b\" data-id=\"faba95b\" data-element_type=\"column\">\n\t\t\t<div class=\"elementor-widget-wrap elementor-element-populated\">\n\t\t\t\t\t\t<div class=\"elementor-element elementor-element-d962796 elementor-widget elementor-widget-image\" data-id=\"d962796\" data-element_type=\"widget\" data-widget_type=\"image.default\">\n\t\t\t\t<div class=\"elementor-widget-container\">\n\t\t\t\t\t\t\t\t\t\t\t\t\t\t\t<img fetchpriority=\"high\" decoding=\"async\" width=\"581\" height=\"800\" src=\"https:\/\/babyvk.com\/wp-content\/themes\/woodmart\/images\/lazy.svg\" data-src=\"https:\/\/babyvk.com\/wp-content\/uploads\/2025\/09\/baby-carrier-with-adjustable-stool-581x800.jpg\" class=\"wd-lazy-blur attachment-large size-large wp-image-23794 wvs-archive-product-image\" alt=\"porta-beb\u00e9 de anca\" srcset=\"\" data-srcset=\"https:\/\/babyvk.com\/wp-content\/uploads\/2025\/09\/baby-carrier-with-adjustable-stool-581x800.jpg 581w, https:\/\/babyvk.com\/wp-content\/uploads\/2025\/09\/baby-carrier-with-adjustable-stool-218x300.jpg 218w, https:\/\/babyvk.com\/wp-content\/uploads\/2025\/09\/baby-carrier-with-adjustable-stool-768x1057.jpg 768w, https:\/\/babyvk.com\/wp-content\/uploads\/2025\/09\/baby-carrier-with-adjustable-stool-9x12.jpg 9w, https:\/\/babyvk.com\/wp-content\/uploads\/2025\/09\/baby-carrier-with-adjustable-stool-430x592.jpg 430w, https:\/\/babyvk.com\/wp-content\/uploads\/2025\/09\/baby-carrier-with-adjustable-stool-700x963.jpg 700w, https:\/\/babyvk.com\/wp-content\/uploads\/2025\/09\/baby-carrier-with-adjustable-stool-100x138.jpg 100w, https:\/\/babyvk.com\/wp-content\/uploads\/2025\/09\/baby-carrier-with-adjustable-stool.jpg 800w\" sizes=\"(max-width: 581px) 100vw, 581px\" title=\"\">\t\t\t\t\t\t\t\t\t\t\t\t\t\t\t<\/div>\n\t\t\t\t<\/div>\n\t\t\t\t<div class=\"elementor-element elementor-element-8786673 elementor-widget elementor-widget-image\" data-id=\"8786673\" data-element_type=\"widget\" data-widget_type=\"image.default\">\n\t\t\t\t<div class=\"elementor-widget-container\">\n\t\t\t\t\t\t\t\t\t\t\t\t\t\t\t<img decoding=\"async\" width=\"549\" height=\"800\" src=\"https:\/\/babyvk.com\/wp-content\/themes\/woodmart\/images\/lazy.svg\" data-src=\"https:\/\/babyvk.com\/wp-content\/uploads\/2025\/09\/Baby-Hip-Seat-Carrier-549x800.jpg\" class=\"wd-lazy-blur attachment-large size-large wp-image-23776 wvs-archive-product-image\" alt=\"porta-beb\u00e9s multiusos\" srcset=\"\" data-srcset=\"https:\/\/babyvk.com\/wp-content\/uploads\/2025\/09\/Baby-Hip-Seat-Carrier-549x800.jpg 549w, https:\/\/babyvk.com\/wp-content\/uploads\/2025\/09\/Baby-Hip-Seat-Carrier-206x300.jpg 206w, https:\/\/babyvk.com\/wp-content\/uploads\/2025\/09\/Baby-Hip-Seat-Carrier-768x1118.jpg 768w, https:\/\/babyvk.com\/wp-content\/uploads\/2025\/09\/Baby-Hip-Seat-Carrier-8x12.jpg 8w, https:\/\/babyvk.com\/wp-content\/uploads\/2025\/09\/Baby-Hip-Seat-Carrier-430x626.jpg 430w, https:\/\/babyvk.com\/wp-content\/uploads\/2025\/09\/Baby-Hip-Seat-Carrier-700x1019.jpg 700w, https:\/\/babyvk.com\/wp-content\/uploads\/2025\/09\/Baby-Hip-Seat-Carrier-100x146.jpg 100w, https:\/\/babyvk.com\/wp-content\/uploads\/2025\/09\/Baby-Hip-Seat-Carrier.jpg 800w\" sizes=\"(max-width: 549px) 100vw, 549px\" title=\"\">\t\t\t\t\t\t\t\t\t\t\t\t\t\t\t<\/div>\n\t\t\t\t<\/div>\n\t\t\t\t<div class=\"elementor-element elementor-element-2278299 elementor-widget elementor-widget-image\" data-id=\"2278299\" data-element_type=\"widget\" data-widget_type=\"image.default\">\n\t\t\t\t<div class=\"elementor-widget-container\">\n\t\t\t\t\t\t\t\t\t\t\t\t\t\t\t<img decoding=\"async\" width=\"612\" height=\"800\" src=\"https:\/\/babyvk.com\/wp-content\/themes\/woodmart\/images\/lazy.svg\" data-src=\"https:\/\/babyvk.com\/wp-content\/uploads\/2025\/09\/anti-O-shaped-leg-baby-carrier-612x800.jpg\" class=\"wd-lazy-blur attachment-large size-large wp-image-23793 wvs-archive-product-image\" alt=\"porta-beb\u00e9s ergon\u00f3mico\" srcset=\"\" data-srcset=\"https:\/\/babyvk.com\/wp-content\/uploads\/2025\/09\/anti-O-shaped-leg-baby-carrier-612x800.jpg 612w, https:\/\/babyvk.com\/wp-content\/uploads\/2025\/09\/anti-O-shaped-leg-baby-carrier-230x300.jpg 230w, https:\/\/babyvk.com\/wp-content\/uploads\/2025\/09\/anti-O-shaped-leg-baby-carrier-768x1003.jpg 768w, https:\/\/babyvk.com\/wp-content\/uploads\/2025\/09\/anti-O-shaped-leg-baby-carrier-9x12.jpg 9w, https:\/\/babyvk.com\/wp-content\/uploads\/2025\/09\/anti-O-shaped-leg-baby-carrier-430x562.jpg 430w, https:\/\/babyvk.com\/wp-content\/uploads\/2025\/09\/anti-O-shaped-leg-baby-carrier-700x914.jpg 700w, https:\/\/babyvk.com\/wp-content\/uploads\/2025\/09\/anti-O-shaped-leg-baby-carrier-100x131.jpg 100w, https:\/\/babyvk.com\/wp-content\/uploads\/2025\/09\/anti-O-shaped-leg-baby-carrier.jpg 800w\" sizes=\"(max-width: 612px) 100vw, 612px\" title=\"\">\t\t\t\t\t\t\t\t\t\t\t\t\t\t\t<\/div>\n\t\t\t\t<\/div>\n\t\t\t\t<div class=\"elementor-element elementor-element-0f785d0 elementor-widget elementor-widget-image\" data-id=\"0f785d0\" data-element_type=\"widget\" data-widget_type=\"image.default\">\n\t\t\t\t<div class=\"elementor-widget-container\">\n\t\t\t\t\t\t\t\t\t\t\t\t\t\t\t<img loading=\"lazy\" decoding=\"async\" width=\"576\" height=\"800\" src=\"https:\/\/babyvk.com\/wp-content\/themes\/woodmart\/images\/lazy.svg\" data-src=\"https:\/\/babyvk.com\/wp-content\/uploads\/2025\/09\/travel-friendly-ergonomic-baby-carrier-576x800.jpg\" class=\"wd-lazy-blur attachment-large size-large wp-image-23792 wvs-archive-product-image\" alt=\"porta-beb\u00e9s com banco de cintura\" srcset=\"\" data-srcset=\"https:\/\/babyvk.com\/wp-content\/uploads\/2025\/09\/travel-friendly-ergonomic-baby-carrier-576x800.jpg 576w, https:\/\/babyvk.com\/wp-content\/uploads\/2025\/09\/travel-friendly-ergonomic-baby-carrier-216x300.jpg 216w, https:\/\/babyvk.com\/wp-content\/uploads\/2025\/09\/travel-friendly-ergonomic-baby-carrier-768x1068.jpg 768w, https:\/\/babyvk.com\/wp-content\/uploads\/2025\/09\/travel-friendly-ergonomic-baby-carrier-9x12.jpg 9w, https:\/\/babyvk.com\/wp-content\/uploads\/2025\/09\/travel-friendly-ergonomic-baby-carrier-430x598.jpg 430w, https:\/\/babyvk.com\/wp-content\/uploads\/2025\/09\/travel-friendly-ergonomic-baby-carrier-700x973.jpg 700w, https:\/\/babyvk.com\/wp-content\/uploads\/2025\/09\/travel-friendly-ergonomic-baby-carrier-100x139.jpg 100w, https:\/\/babyvk.com\/wp-content\/uploads\/2025\/09\/travel-friendly-ergonomic-baby-carrier.jpg 800w\" sizes=\"(max-width: 576px) 100vw, 576px\" title=\"\">\t\t\t\t\t\t\t\t\t\t\t\t\t\t\t<\/div>\n\t\t\t\t<\/div>\n\t\t\t\t<div class=\"elementor-element elementor-element-e49e6bc elementor-widget elementor-widget-image\" data-id=\"e49e6bc\" data-element_type=\"widget\" data-widget_type=\"image.default\">\n\t\t\t\t<div class=\"elementor-widget-container\">\n\t\t\t\t\t\t\t\t\t\t\t\t\t\t\t<img loading=\"lazy\" decoding=\"async\" width=\"577\" height=\"800\" src=\"https:\/\/babyvk.com\/wp-content\/themes\/woodmart\/images\/lazy.svg\" data-src=\"https:\/\/babyvk.com\/wp-content\/uploads\/2025\/09\/lightweight-travel-baby-carrier-577x800.jpg\" class=\"wd-lazy-blur attachment-large size-large wp-image-23791 wvs-archive-product-image\" alt=\"assento de anca ajust\u00e1vel para beb\u00e9\" srcset=\"\" data-srcset=\"https:\/\/babyvk.com\/wp-content\/uploads\/2025\/09\/lightweight-travel-baby-carrier-577x800.jpg 577w, https:\/\/babyvk.com\/wp-content\/uploads\/2025\/09\/lightweight-travel-baby-carrier-216x300.jpg 216w, https:\/\/babyvk.com\/wp-content\/uploads\/2025\/09\/lightweight-travel-baby-carrier-768x1066.jpg 768w, https:\/\/babyvk.com\/wp-content\/uploads\/2025\/09\/lightweight-travel-baby-carrier-9x12.jpg 9w, https:\/\/babyvk.com\/wp-content\/uploads\/2025\/09\/lightweight-travel-baby-carrier-430x597.jpg 430w, https:\/\/babyvk.com\/wp-content\/uploads\/2025\/09\/lightweight-travel-baby-carrier-700x971.jpg 700w, https:\/\/babyvk.com\/wp-content\/uploads\/2025\/09\/lightweight-travel-baby-carrier-100x139.jpg 100w, https:\/\/babyvk.com\/wp-content\/uploads\/2025\/09\/lightweight-travel-baby-carrier.jpg 800w\" sizes=\"(max-width: 577px) 100vw, 577px\" title=\"\">\t\t\t\t\t\t\t\t\t\t\t\t\t\t\t<\/div>\n\t\t\t\t<\/div>\n\t\t\t\t<div class=\"elementor-element elementor-element-4dff87e elementor-widget elementor-widget-image\" data-id=\"4dff87e\" data-element_type=\"widget\" data-widget_type=\"image.default\">\n\t\t\t\t<div class=\"elementor-widget-container\">\n\t\t\t\t\t\t\t\t\t\t\t\t\t\t\t<img loading=\"lazy\" decoding=\"async\" width=\"800\" height=\"743\" src=\"https:\/\/babyvk.com\/wp-content\/themes\/woodmart\/images\/lazy.svg\" data-src=\"https:\/\/babyvk.com\/wp-content\/uploads\/2025\/09\/cotton-baby-hip-seat.jpg\" class=\"wd-lazy-blur attachment-large size-large wp-image-23790 wvs-archive-product-image\" alt=\"porta-beb\u00e9s estilo canguru\" srcset=\"\" data-srcset=\"https:\/\/babyvk.com\/wp-content\/uploads\/2025\/09\/cotton-baby-hip-seat.jpg 800w, https:\/\/babyvk.com\/wp-content\/uploads\/2025\/09\/cotton-baby-hip-seat-323x300.jpg 323w, https:\/\/babyvk.com\/wp-content\/uploads\/2025\/09\/cotton-baby-hip-seat-768x713.jpg 768w, https:\/\/babyvk.com\/wp-content\/uploads\/2025\/09\/cotton-baby-hip-seat-13x12.jpg 13w, https:\/\/babyvk.com\/wp-content\/uploads\/2025\/09\/cotton-baby-hip-seat-430x399.jpg 430w, https:\/\/babyvk.com\/wp-content\/uploads\/2025\/09\/cotton-baby-hip-seat-700x650.jpg 700w, https:\/\/babyvk.com\/wp-content\/uploads\/2025\/09\/cotton-baby-hip-seat-100x93.jpg 100w\" sizes=\"(max-width: 800px) 100vw, 800px\" title=\"\">\t\t\t\t\t\t\t\t\t\t\t\t\t\t\t<\/div>\n\t\t\t\t<\/div>\n\t\t\t\t<div class=\"elementor-element elementor-element-fe92443 elementor-widget elementor-widget-image\" data-id=\"fe92443\" data-element_type=\"widget\" data-widget_type=\"image.default\">\n\t\t\t\t<div class=\"elementor-widget-container\">\n\t\t\t\t\t\t\t\t\t\t\t\t\t\t\t<img loading=\"lazy\" decoding=\"async\" width=\"645\" height=\"800\" src=\"https:\/\/babyvk.com\/wp-content\/themes\/woodmart\/images\/lazy.svg\" data-src=\"https:\/\/babyvk.com\/wp-content\/uploads\/2025\/09\/stroller-alternative-baby-carrier-645x800.jpg\" class=\"wd-lazy-blur attachment-large size-large wp-image-23789 wvs-archive-product-image\" alt=\"porta-beb\u00e9s estilo abra\u00e7o\" srcset=\"\" data-srcset=\"https:\/\/babyvk.com\/wp-content\/uploads\/2025\/09\/stroller-alternative-baby-carrier-645x800.jpg 645w, https:\/\/babyvk.com\/wp-content\/uploads\/2025\/09\/stroller-alternative-baby-carrier-242x300.jpg 242w, https:\/\/babyvk.com\/wp-content\/uploads\/2025\/09\/stroller-alternative-baby-carrier-768x953.jpg 768w, https:\/\/babyvk.com\/wp-content\/uploads\/2025\/09\/stroller-alternative-baby-carrier-10x12.jpg 10w, https:\/\/babyvk.com\/wp-content\/uploads\/2025\/09\/stroller-alternative-baby-carrier-430x534.jpg 430w, https:\/\/babyvk.com\/wp-content\/uploads\/2025\/09\/stroller-alternative-baby-carrier-700x869.jpg 700w, https:\/\/babyvk.com\/wp-content\/uploads\/2025\/09\/stroller-alternative-baby-carrier-100x124.jpg 100w, https:\/\/babyvk.com\/wp-content\/uploads\/2025\/09\/stroller-alternative-baby-carrier.jpg 800w\" sizes=\"(max-width: 645px) 100vw, 645px\" title=\"\">\t\t\t\t\t\t\t\t\t\t\t\t\t\t\t<\/div>\n\t\t\t\t<\/div>\n\t\t\t\t<div class=\"elementor-element elementor-element-d98ff4d elementor-widget elementor-widget-image\" data-id=\"d98ff4d\" data-element_type=\"widget\" data-widget_type=\"image.default\">\n\t\t\t\t<div class=\"elementor-widget-container\">\n\t\t\t\t\t\t\t\t\t\t\t\t\t\t\t<img loading=\"lazy\" decoding=\"async\" width=\"510\" height=\"800\" src=\"https:\/\/babyvk.com\/wp-content\/themes\/woodmart\/images\/lazy.svg\" data-src=\"https:\/\/babyvk.com\/wp-content\/uploads\/2025\/09\/adjustable-waist-belt-carrier-510x800.jpg\" class=\"wd-lazy-blur attachment-large size-large wp-image-23788 wvs-archive-product-image\" alt=\"cinto de seguran\u00e7a da anca para crian\u00e7a\" srcset=\"\" data-srcset=\"https:\/\/babyvk.com\/wp-content\/uploads\/2025\/09\/adjustable-waist-belt-carrier-510x800.jpg 510w, https:\/\/babyvk.com\/wp-content\/uploads\/2025\/09\/adjustable-waist-belt-carrier-191x300.jpg 191w, https:\/\/babyvk.com\/wp-content\/uploads\/2025\/09\/adjustable-waist-belt-carrier-768x1206.jpg 768w, https:\/\/babyvk.com\/wp-content\/uploads\/2025\/09\/adjustable-waist-belt-carrier-8x12.jpg 8w, https:\/\/babyvk.com\/wp-content\/uploads\/2025\/09\/adjustable-waist-belt-carrier-430x675.jpg 430w, https:\/\/babyvk.com\/wp-content\/uploads\/2025\/09\/adjustable-waist-belt-carrier-700x1099.jpg 700w, https:\/\/babyvk.com\/wp-content\/uploads\/2025\/09\/adjustable-waist-belt-carrier-100x157.jpg 100w, https:\/\/babyvk.com\/wp-content\/uploads\/2025\/09\/adjustable-waist-belt-carrier.jpg 800w\" sizes=\"(max-width: 510px) 100vw, 510px\" title=\"\">\t\t\t\t\t\t\t\t\t\t\t\t\t\t\t<\/div>\n\t\t\t\t<\/div>\n\t\t\t\t\t<\/div>\n\t\t<\/div>\n\t\t\t\t\t<\/div>\n\t\t<\/section>\n\t\t\t\t<\/div>","protected":false},"excerpt":{"rendered":"<p>Porta-beb\u00e9 com design ergon\u00f3mico, cinto de cintura ajust\u00e1vel, estilo canguru e velcro largo. Confort\u00e1vel, seguro para o desenvolvimento f\u00edsico e f\u00e1cil de transportar.<\/p>","protected":false},"featured_media":23779,"comment_status":"open","ping_status":"closed","template":"","meta":{"_acf_changed":false},"product_brand":[],"product_cat":[42],"product_tag":[1094,1097,1096,1095],"class_list":{"0":"post-23795","1":"product","2":"type-product","3":"status-publish","4":"has-post-thumbnail","6":"product_cat-best-travel-gear","7":"product_tag-baby-hip-seat-carrier","8":"product_tag-hip-seat-carrier-for-toddlers","9":"product_tag-toddler-hip-seat-carrier","10":"product_tag-waist-stool-baby-carrier","12":"first","13":"instock","14":"sale","15":"taxable","16":"shipping-taxable","17":"purchasable","18":"product-type-variable","19":"wvs-archive-product-wrapper"},"acf":[],"_links":{"self":[{"href":"https:\/\/babyvk.com\/pt\/wp-json\/wp\/v2\/product\/23795","targetHints":{"allow":["GET"]}}],"collection":[{"href":"https:\/\/babyvk.com\/pt\/wp-json\/wp\/v2\/product"}],"about":[{"href":"https:\/\/babyvk.com\/pt\/wp-json\/wp\/v2\/types\/product"}],"replies":[{"embeddable":true,"href":"https:\/\/babyvk.com\/pt\/wp-json\/wp\/v2\/comments?post=23795"}],"version-history":[{"count":1,"href":"https:\/\/babyvk.com\/pt\/wp-json\/wp\/v2\/product\/23795\/revisions"}],"predecessor-version":[{"id":25105,"href":"https:\/\/babyvk.com\/pt\/wp-json\/wp\/v2\/product\/23795\/revisions\/25105"}],"wp:featuredmedia":[{"embeddable":true,"href":"https:\/\/babyvk.com\/pt\/wp-json\/wp\/v2\/media\/23779"}],"wp:attachment":[{"href":"https:\/\/babyvk.com\/pt\/wp-json\/wp\/v2\/media?parent=23795"}],"wp:term":[{"taxonomy":"product_brand","embeddable":true,"href":"https:\/\/babyvk.com\/pt\/wp-json\/wp\/v2\/product_brand?post=23795"},{"taxonomy":"product_cat","embeddable":true,"href":"https:\/\/babyvk.com\/pt\/wp-json\/wp\/v2\/product_cat?post=23795"},{"taxonomy":"product_tag","embeddable":true,"href":"https:\/\/babyvk.com\/pt\/wp-json\/wp\/v2\/product_tag?post=23795"}],"curies":[{"name":"wp","href":"https:\/\/api.w.org\/{rel}","templated":true}]}}