{"id":23757,"date":"2025-09-08T16:31:29","date_gmt":"2025-09-08T16:31:29","guid":{"rendered":"https:\/\/babyvk.com\/?post_type=product&#038;p=23757"},"modified":"2025-09-08T17:05:42","modified_gmt":"2025-09-08T17:05:42","slug":"silicone-breast-milk-saver-collector-cup","status":"publish","type":"product","link":"https:\/\/babyvk.com\/pt\/product\/silicone-breast-milk-saver-collector-cup\/","title":{"rendered":"Copo coletor de silicone para guardar leite materno"},"content":{"rendered":"<div data-elementor-type=\"product-post\" data-elementor-id=\"23757\" class=\"elementor elementor-23757\" data-elementor-post-type=\"product\">\n\t\t\t\t\t\t<section class=\"wd-negative-gap elementor-section elementor-top-section elementor-element elementor-element-d9ae6f7 elementor-section-boxed elementor-section-height-default elementor-section-height-default\" data-id=\"d9ae6f7\" data-element_type=\"section\">\n\t\t\t\t\t\t<div class=\"elementor-container elementor-column-gap-default\">\n\t\t\t\t\t<div class=\"elementor-column elementor-col-100 elementor-top-column elementor-element elementor-element-638607c\" data-id=\"638607c\" data-element_type=\"column\">\n\t\t\t<div class=\"elementor-widget-wrap elementor-element-populated\">\n\t\t\t\t\t\t<div class=\"elementor-element elementor-element-4d73ee2 color-scheme-inherit text-left elementor-widget elementor-widget-text-editor\" data-id=\"4d73ee2\" data-element_type=\"widget\" data-widget_type=\"text-editor.default\">\n\t\t\t\t<div class=\"elementor-widget-container\">\n\t\t\t\t\t\t\t\t\t<h2 data-start=\"1783\" data-end=\"1807\">Carater\u00edsticas e vantagens<\/h2><ul data-start=\"1809\" data-end=\"2688\"><li data-start=\"1809\" data-end=\"1931\"><p data-start=\"1811\" data-end=\"1931\">\u2705 <strong data-start=\"1813\" data-end=\"1840\">Guardar cada gota de leite<\/strong> - Recolhe o leite materno que escorre (200-300 ml em m\u00e9dia por dia) e que de outra forma seria desperdi\u00e7ado.<\/p><\/li><li data-start=\"1932\" data-end=\"2061\"><p data-start=\"1934\" data-end=\"2061\">\u2705 <strong data-start=\"1936\" data-end=\"1962\">Ajuste suave e confort\u00e1vel<\/strong> - O design el\u00e1stico em forma de p\u00e9tala adapta-se naturalmente ao peito, reduzindo o desconforto e a press\u00e3o.<\/p><\/li><li data-start=\"2062\" data-end=\"2208\"><p data-start=\"2064\" data-end=\"2208\">\u2705 <strong data-start=\"2066\" data-end=\"2094\">Prote\u00e7\u00e3o de dupla fun\u00e7\u00e3o<\/strong> - Funciona como uma almofada anti-fuga e um protetor de mamilo, evitando a fric\u00e7\u00e3o da roupa e ajudando na recupera\u00e7\u00e3o.<\/p><\/li><li data-start=\"2209\" data-end=\"2333\"><p data-start=\"2211\" data-end=\"2333\">\u2705 <strong data-start=\"2213\" data-end=\"2243\">Design port\u00e1til e discreto<\/strong> - Pequena e leve, f\u00e1cil de transportar num saco de amamenta\u00e7\u00e3o ou de usar debaixo da roupa em qualquer altura.<\/p><\/li><li data-start=\"2334\" data-end=\"2452\"><p data-start=\"2336\" data-end=\"2452\">\u2705 <strong data-start=\"2338\" data-end=\"2367\">Materiais seguros de qualidade alimentar<\/strong> - Fabricado em PP e silicone l\u00edquido macio, totalmente seguro e suave para a pele.<\/p><\/li><li data-start=\"2453\" data-end=\"2567\"><p data-start=\"2455\" data-end=\"2567\">\u2705 <strong data-start=\"2457\" data-end=\"2484\">Reutiliz\u00e1vel e amigo do ambiente<\/strong> - Design dur\u00e1vel com uma longa vida \u00fatil de at\u00e9 10 anos \u00e0 temperatura ambiente.<\/p><\/li><li data-start=\"2568\" data-end=\"2688\"><p data-start=\"2570\" data-end=\"2688\">\u2705 <strong data-start=\"2572\" data-end=\"2594\">Utiliza\u00e7\u00e3o em v\u00e1rios cen\u00e1rios<\/strong> - Adequado para ser utilizado deitado, a amamentar ou em viagem, proporcionando \u00e0s m\u00e3es a m\u00e1xima flexibilidade.<\/p><\/li><\/ul>\t\t\t\t\t\t\t\t<\/div>\n\t\t\t\t<\/div>\n\t\t\t\t\t<\/div>\n\t\t<\/div>\n\t\t\t\t\t<\/div>\n\t\t<\/section>\n\t\t\t\t<section class=\"wd-negative-gap elementor-section elementor-top-section elementor-element elementor-element-b1298b5 elementor-section-boxed elementor-section-height-default elementor-section-height-default\" data-id=\"b1298b5\" data-element_type=\"section\">\n\t\t\t\t\t\t<div class=\"elementor-container elementor-column-gap-default\">\n\t\t\t\t\t<div class=\"elementor-column elementor-col-100 elementor-top-column elementor-element elementor-element-7c85a56\" data-id=\"7c85a56\" data-element_type=\"column\">\n\t\t\t<div class=\"elementor-widget-wrap elementor-element-populated\">\n\t\t\t\t\t\t<div class=\"elementor-element elementor-element-22d5953 color-scheme-inherit text-left elementor-widget elementor-widget-text-editor\" data-id=\"22d5953\" data-element_type=\"widget\" data-widget_type=\"text-editor.default\">\n\t\t\t\t<div class=\"elementor-widget-container\">\n\t\t\t\t\t\t\t\t\t<h2 data-start=\"1342\" data-end=\"1384\">Especifica\u00e7\u00f5es<\/h2>\n<ul data-start=\"1385\" data-end=\"1776\">\n<li data-start=\"1385\" data-end=\"1447\">\n<p data-start=\"1387\" data-end=\"1447\"><strong data-start=\"1387\" data-end=\"1404\">Nome:<\/strong> Coletor de leite materno de silicone<\/p>\n<\/li>\n<li data-start=\"1448\" data-end=\"1510\">\n<p data-start=\"1450\" data-end=\"1510\"><strong data-start=\"1450\" data-end=\"1463\">Material:<\/strong> Inv\u00f3lucro em PP de qualidade alimentar \/ Revestimento de silicone l\u00edquido<\/p>\n<\/li>\n<li data-start=\"1511\" data-end=\"1555\">\n<p data-start=\"1513\" data-end=\"1555\"><strong data-start=\"1513\" data-end=\"1522\">Tamanho:<\/strong> Di\u00e2metro 85mm \/ Espessura 25mm<\/p>\n<\/li>\n<li data-start=\"1556\" data-end=\"1626\">\n<p data-start=\"1558\" data-end=\"1626\"><strong data-start=\"1558\" data-end=\"1571\">Capacidade:<\/strong> Varia com o fluxo de leite, adequado para recolha di\u00e1ria<\/p>\n<\/li>\n<li data-start=\"1627\" data-end=\"1679\">\n<p data-start=\"1629\" data-end=\"1679\"><strong data-start=\"1629\" data-end=\"1642\">Garantia:<\/strong> Cerca de 10 anos \u00e0 temperatura ambiente<\/p><\/li>\n<\/ul>\t\t\t\t\t\t\t\t<\/div>\n\t\t\t\t<\/div>\n\t\t\t\t\t<\/div>\n\t\t<\/div>\n\t\t\t\t\t<\/div>\n\t\t<\/section>\n\t\t\t\t<\/div>","protected":false},"excerpt":{"rendered":"<p>Coletor de leite materno com design de p\u00e9talas de ajuste suave. Evita fugas, recolhe o leite extra e protege os mamilos da fric\u00e7\u00e3o. Port\u00e1til, discreto e reutiliz\u00e1vel. Envio gratuito.<\/p>","protected":false},"featured_media":23752,"comment_status":"open","ping_status":"closed","template":"","meta":{"_acf_changed":false},"product_brand":[],"product_cat":[20],"product_tag":[1088,1091,1090,1092,1089],"class_list":{"0":"post-23757","1":"product","2":"type-product","3":"status-publish","4":"has-post-thumbnail","6":"product_cat-new-mom","7":"product_tag-breast-milk-collector","8":"product_tag-leak-proof-nursing-shell","9":"product_tag-milk-saver-breastfeeding","10":"product_tag-nursing-milk-collector","11":"product_tag-silicone-breast-milk-collector","13":"first","14":"instock","15":"sale","16":"taxable","17":"shipping-taxable","18":"purchasable","19":"product-type-variable","20":"wvs-archive-product-wrapper"},"acf":[],"_links":{"self":[{"href":"https:\/\/babyvk.com\/pt\/wp-json\/wp\/v2\/product\/23757","targetHints":{"allow":["GET"]}}],"collection":[{"href":"https:\/\/babyvk.com\/pt\/wp-json\/wp\/v2\/product"}],"about":[{"href":"https:\/\/babyvk.com\/pt\/wp-json\/wp\/v2\/types\/product"}],"replies":[{"embeddable":true,"href":"https:\/\/babyvk.com\/pt\/wp-json\/wp\/v2\/comments?post=23757"}],"version-history":[{"count":0,"href":"https:\/\/babyvk.com\/pt\/wp-json\/wp\/v2\/product\/23757\/revisions"}],"wp:featuredmedia":[{"embeddable":true,"href":"https:\/\/babyvk.com\/pt\/wp-json\/wp\/v2\/media\/23752"}],"wp:attachment":[{"href":"https:\/\/babyvk.com\/pt\/wp-json\/wp\/v2\/media?parent=23757"}],"wp:term":[{"taxonomy":"product_brand","embeddable":true,"href":"https:\/\/babyvk.com\/pt\/wp-json\/wp\/v2\/product_brand?post=23757"},{"taxonomy":"product_cat","embeddable":true,"href":"https:\/\/babyvk.com\/pt\/wp-json\/wp\/v2\/product_cat?post=23757"},{"taxonomy":"product_tag","embeddable":true,"href":"https:\/\/babyvk.com\/pt\/wp-json\/wp\/v2\/product_tag?post=23757"}],"curies":[{"name":"wp","href":"https:\/\/api.w.org\/{rel}","templated":true}]}}