{"id":23729,"date":"2025-09-07T18:01:14","date_gmt":"2025-09-07T18:01:14","guid":{"rendered":"https:\/\/babyvk.com\/?post_type=product&#038;p=23729"},"modified":"2025-09-07T18:17:21","modified_gmt":"2025-09-07T18:17:21","slug":"baby-nail-care-set","status":"publish","type":"product","link":"https:\/\/babyvk.com\/pt\/product\/baby-nail-care-set\/","title":{"rendered":"Conjunto de cuidados para as unhas do beb\u00e9"},"content":{"rendered":"<div data-elementor-type=\"product-post\" data-elementor-id=\"23729\" class=\"elementor elementor-23729\" data-elementor-post-type=\"product\">\n\t\t\t\t\t\t<section class=\"wd-negative-gap elementor-section elementor-top-section elementor-element elementor-element-8a43c3e elementor-section-boxed elementor-section-height-default elementor-section-height-default\" data-id=\"8a43c3e\" data-element_type=\"section\">\n\t\t\t\t\t\t<div class=\"elementor-container elementor-column-gap-default\">\n\t\t\t\t\t<div class=\"elementor-column elementor-col-100 elementor-top-column elementor-element elementor-element-83a96a8\" data-id=\"83a96a8\" data-element_type=\"column\">\n\t\t\t<div class=\"elementor-widget-wrap elementor-element-populated\">\n\t\t\t\t\t\t<div class=\"elementor-element elementor-element-eb4a759 color-scheme-inherit text-left elementor-widget elementor-widget-text-editor\" data-id=\"eb4a759\" data-element_type=\"widget\" data-widget_type=\"text-editor.default\">\n\t\t\t\t<div class=\"elementor-widget-container\">\n\t\t\t\t\t\t\t\t\t<h2 data-start=\"1503\" data-end=\"1527\">Carater\u00edsticas e vantagens<\/h2><ul data-start=\"1529\" data-end=\"2449\"><li data-start=\"1529\" data-end=\"1652\"><p data-start=\"1531\" data-end=\"1652\">\u2705 <strong data-start=\"1533\" data-end=\"1552\">Pin\u00e7as de seguran\u00e7a<\/strong> - As pin\u00e7as de ponta arredondada para o nariz evitam les\u00f5es acidentais enquanto limpam suavemente os res\u00edduos nasais ou dos ouvidos.<\/p><\/li><li data-start=\"1653\" data-end=\"1794\"><p data-start=\"1655\" data-end=\"1794\">\u2705 <strong data-start=\"1657\" data-end=\"1677\">Lima de unhas suave<\/strong> - Fabricado em vidro float com tratamento de lixagem fina, suaviza os cantos afiados das unhas para evitar arranhar o rosto do beb\u00e9.<\/p><\/li><li data-start=\"1795\" data-end=\"1946\"><p data-start=\"1797\" data-end=\"1946\">\u2705 <strong data-start=\"1799\" data-end=\"1826\">Corta-unhas ergon\u00f3mico<\/strong> - O design do mini cortador adapta-se aos dedos min\u00fasculos do beb\u00e9; a l\u00e2mina curva incorporada e o princ\u00edpio da alavanca de 45\u00b0 permitem um corte preciso.<\/p><\/li><li data-start=\"1947\" data-end=\"2080\"><p data-start=\"1949\" data-end=\"2080\">\u2705 <strong data-start=\"1951\" data-end=\"1973\">Tesouras seguras para beb\u00e9s<\/strong> - A l\u00e2mina arredondada semi-circular de 14 mm evita ferimentos por picadas; pega ergon\u00f3mica longa para uma f\u00e1cil ader\u00eancia pelos pais.<\/p><\/li><li data-start=\"2081\" data-end=\"2202\"><p data-start=\"2083\" data-end=\"2202\">\u2705 <strong data-start=\"2085\" data-end=\"2107\">Higi\u00e9nico e saud\u00e1vel<\/strong> - Concebida para reduzir o risco de arranh\u00f5es, infec\u00e7\u00f5es e crescimento de bact\u00e9rias nas unhas compridas.<\/p><\/li><li data-start=\"2203\" data-end=\"2335\"><p data-start=\"2205\" data-end=\"2335\">\u2705 <strong data-start=\"2207\" data-end=\"2229\">Compacto e port\u00e1til<\/strong> - Design leve com estojo de viagem, f\u00e1cil de transportar em sacos de fraldas para utiliza\u00e7\u00e3o em qualquer altura e em qualquer lugar.<\/p><\/li><li data-start=\"2336\" data-end=\"2449\"><p data-start=\"2338\" data-end=\"2449\">\u2705 <strong data-start=\"2340\" data-end=\"2366\">Op\u00e7\u00f5es de cores m\u00faltiplas<\/strong> - Dispon\u00edvel em cores suaves para beb\u00e9s (verde, rosa, azul) para se adaptar ao seu estilo.<\/p><\/li><\/ul>\t\t\t\t\t\t\t\t<\/div>\n\t\t\t\t<\/div>\n\t\t\t\t\t<\/div>\n\t\t<\/div>\n\t\t\t\t\t<\/div>\n\t\t<\/section>\n\t\t\t\t<section class=\"wd-negative-gap elementor-section elementor-top-section elementor-element elementor-element-f34ddbf elementor-section-boxed elementor-section-height-default elementor-section-height-default\" data-id=\"f34ddbf\" data-element_type=\"section\">\n\t\t\t\t\t\t<div class=\"elementor-container elementor-column-gap-default\">\n\t\t\t\t\t<div class=\"elementor-column elementor-col-100 elementor-top-column elementor-element elementor-element-07bcabd\" data-id=\"07bcabd\" data-element_type=\"column\">\n\t\t\t<div class=\"elementor-widget-wrap elementor-element-populated\">\n\t\t\t\t\t\t<div class=\"elementor-element elementor-element-93347ac color-scheme-inherit text-left elementor-widget elementor-widget-text-editor\" data-id=\"93347ac\" data-element_type=\"widget\" data-widget_type=\"text-editor.default\">\n\t\t\t\t<div class=\"elementor-widget-container\">\n\t\t\t\t\t\t\t\t\t<h2 data-start=\"1202\" data-end=\"1244\">Especifica\u00e7\u00f5es&nbsp;<\/h2>\n<ul data-start=\"1245\" data-end=\"1496\">\n<li data-start=\"1245\" data-end=\"1285\">\n<p data-start=\"1247\" data-end=\"1285\"><strong data-start=\"1247\" data-end=\"1264\">Nome do produto:<\/strong> Conjunto de cuidados para as unhas do beb\u00e9<\/p>\n<\/li>\n<li data-start=\"1286\" data-end=\"1338\">\n<p data-start=\"1288\" data-end=\"1338\"><strong data-start=\"1288\" data-end=\"1301\">Material:<\/strong> ABS + PP<\/p>\n<\/li>\n<li data-start=\"1339\" data-end=\"1364\">\n<p data-start=\"1341\" data-end=\"1364\"><strong data-start=\"1341\" data-end=\"1350\">Tamanho:<\/strong> 136 \u00d7 82 mm<\/p>\n<\/li>\n<li data-start=\"1365\" data-end=\"1385\">\n<p data-start=\"1367\" data-end=\"1385\"><strong data-start=\"1367\" data-end=\"1378\">Peso:<\/strong> 154g<\/p>\n<\/li>\n<li data-start=\"1386\" data-end=\"1421\">\n<p data-start=\"1388\" data-end=\"1421\"><strong data-start=\"1388\" data-end=\"1399\">Cores:<\/strong> Verde \/ Rosa \/ Azul<\/p>\n<\/li>\n<li data-start=\"1422\" data-end=\"1496\">\n<p data-start=\"1424\" data-end=\"1496\"><strong data-start=\"1424\" data-end=\"1437\">Conte\u00fado:<\/strong> Pin\u00e7a de seguran\u00e7a, lima de unhas, corta-unhas, tesoura para beb\u00e9<\/p>\n<\/li>\n<\/ul>\t\t\t\t\t\t\t\t<\/div>\n\t\t\t\t<\/div>\n\t\t\t\t\t<\/div>\n\t\t<\/div>\n\t\t\t\t\t<\/div>\n\t\t<\/section>\n\t\t\t\t<\/div>","protected":false},"excerpt":{"rendered":"<p>Conjunto de cuidados com as unhas para beb\u00e9s com tesoura segura, corta-unhas, lima e pin\u00e7a. Pontas arredondadas, design anti-riscos, kit de limpeza suave e seguro para rec\u00e9m-nascidos e crian\u00e7as pequenas.<\/p>","protected":false},"featured_media":23727,"comment_status":"open","ping_status":"closed","template":"","meta":{"_acf_changed":false},"product_brand":[],"product_cat":[29],"product_tag":[1084,1081,1087,1086,1083],"class_list":{"0":"post-23729","1":"product","2":"type-product","3":"status-publish","4":"has-post-thumbnail","6":"product_cat-best-baby-care","7":"product_tag-baby-manicure-grooming-kit","8":"product_tag-baby-nail-care-set","9":"product_tag-baby-nail-trimmer-set","10":"product_tag-infant-nail-clippers-and-scissors","11":"product_tag-newborn-nail-clippers-set","13":"first","14":"instock","15":"sale","16":"taxable","17":"shipping-taxable","18":"purchasable","19":"product-type-variable","20":"wvs-archive-product-wrapper"},"acf":[],"_links":{"self":[{"href":"https:\/\/babyvk.com\/pt\/wp-json\/wp\/v2\/product\/23729","targetHints":{"allow":["GET"]}}],"collection":[{"href":"https:\/\/babyvk.com\/pt\/wp-json\/wp\/v2\/product"}],"about":[{"href":"https:\/\/babyvk.com\/pt\/wp-json\/wp\/v2\/types\/product"}],"replies":[{"embeddable":true,"href":"https:\/\/babyvk.com\/pt\/wp-json\/wp\/v2\/comments?post=23729"}],"version-history":[{"count":0,"href":"https:\/\/babyvk.com\/pt\/wp-json\/wp\/v2\/product\/23729\/revisions"}],"wp:featuredmedia":[{"embeddable":true,"href":"https:\/\/babyvk.com\/pt\/wp-json\/wp\/v2\/media\/23727"}],"wp:attachment":[{"href":"https:\/\/babyvk.com\/pt\/wp-json\/wp\/v2\/media?parent=23729"}],"wp:term":[{"taxonomy":"product_brand","embeddable":true,"href":"https:\/\/babyvk.com\/pt\/wp-json\/wp\/v2\/product_brand?post=23729"},{"taxonomy":"product_cat","embeddable":true,"href":"https:\/\/babyvk.com\/pt\/wp-json\/wp\/v2\/product_cat?post=23729"},{"taxonomy":"product_tag","embeddable":true,"href":"https:\/\/babyvk.com\/pt\/wp-json\/wp\/v2\/product_tag?post=23729"}],"curies":[{"name":"wp","href":"https:\/\/api.w.org\/{rel}","templated":true}]}}