{"id":23343,"date":"2025-07-30T17:27:34","date_gmt":"2025-07-30T17:27:34","guid":{"rendered":"https:\/\/babyvk.com\/?post_type=product&#038;p=23343"},"modified":"2025-09-08T17:05:55","modified_gmt":"2025-09-08T17:05:55","slug":"breastfeeding-nipple-shield","status":"publish","type":"product","link":"https:\/\/babyvk.com\/pt\/product\/breastfeeding-nipple-shield\/","title":{"rendered":"Protetor de mamilos para amamenta\u00e7\u00e3o"},"content":{"rendered":"<div data-elementor-type=\"product-post\" data-elementor-id=\"23343\" class=\"elementor elementor-23343\" data-elementor-post-type=\"product\">\n\t\t\t\t\t\t<section class=\"wd-negative-gap elementor-section elementor-top-section elementor-element elementor-element-22277c1 elementor-section-boxed elementor-section-height-default elementor-section-height-default\" data-id=\"22277c1\" data-element_type=\"section\">\n\t\t\t\t\t\t<div class=\"elementor-container elementor-column-gap-default\">\n\t\t\t\t\t<div class=\"elementor-column elementor-col-100 elementor-top-column elementor-element elementor-element-415fd4c\" data-id=\"415fd4c\" data-element_type=\"column\">\n\t\t\t<div class=\"elementor-widget-wrap elementor-element-populated\">\n\t\t\t\t\t\t<div class=\"elementor-element elementor-element-b619c05 elementor-widget__width-initial color-scheme-inherit text-left elementor-widget elementor-widget-text-editor\" data-id=\"b619c05\" data-element_type=\"widget\" data-widget_type=\"text-editor.default\">\n\t\t\t\t<div class=\"elementor-widget-container\">\n\t\t\t\t\t\t\t\t\t<p><strong>Diga adeus \u00e0s dores nos mamilos, \u00e0s mordidelas e aos problemas de engate!<\/strong> O nosso protetor de mamilos em silicone de dupla camada imita a pele real, oferecendo uma experi\u00eancia de amamenta\u00e7\u00e3o suave, segura e amiga do beb\u00e9. Adequado para 0+ meses.<\/p><h2>\ud83c\udf7c Benef\u00edcios<\/h2><ul><li><strong>Prote\u00e7\u00e3o de dupla camada:<\/strong> O design anti-mordedura e anti-dor protege os mamilos sens\u00edveis do desconforto.<\/li><li><strong>Textura semelhante \u00e0 da pele:<\/strong> O silicone macio com um toque realista e a cor do tom da pele ajudam o beb\u00e9 a agarrar-se mais facilmente.<\/li><li><strong>Ajuste sem costuras:<\/strong> O design em forma de asa de borboleta mant\u00e9m o escudo no lugar - n\u00e3o escorrega, mesmo durante a alimenta\u00e7\u00e3o ativa.<\/li><li><strong>Melhor suc\u00e7\u00e3o, menos ar:<\/strong> O design de adsor\u00e7\u00e3o melhorado reduz a entrada de ar e evita a asfixia.<\/li><li><strong>F\u00e1cil de limpar:<\/strong> Silicone seguro para ferver e esteriliz\u00e1vel para a higiene di\u00e1ria.<\/li><\/ul><h2>\ud83d\udce6 Detalhes do produto<\/h2><ul><li>Material: Silicone de grau m\u00e9dico sem BPA<\/li><li>Cor: Castanho-escuro (tom de pele natural)<\/li><li>Idade: Rec\u00e9m-nascido e superior (0 meses+)<\/li><li>Inclu\u00eddo: 1 x protetor de mamilo<\/li><\/ul><h2>\ud83d\udc69\u200d\u2695\ufe0f Como utilizar<\/h2><ol><li>Lavar e esterilizar o escudo antes da primeira utiliza\u00e7\u00e3o.<\/li><li>Alinhe o escudo com o mamilo e pressione suavemente para o ajustar.<\/li><li>Deixa o beb\u00e9 agarrar-se naturalmente - n\u00e3o s\u00e3o necess\u00e1rios ajustes adicionais.<\/li><li>Limpar cuidadosamente ap\u00f3s cada utiliza\u00e7\u00e3o.<\/li><\/ol>\t\t\t\t\t\t\t\t<\/div>\n\t\t\t\t<\/div>\n\t\t\t\t\t<\/div>\n\t\t<\/div>\n\t\t\t\t\t<\/div>\n\t\t<\/section>\n\t\t\t\t<section class=\"wd-negative-gap elementor-section elementor-top-section elementor-element elementor-element-e448ebb elementor-section-boxed elementor-section-height-default elementor-section-height-default\" data-id=\"e448ebb\" data-element_type=\"section\">\n\t\t\t\t\t\t<div class=\"elementor-container elementor-column-gap-default\">\n\t\t\t\t\t<div class=\"elementor-column elementor-col-100 elementor-top-column elementor-element elementor-element-9284d7d\" data-id=\"9284d7d\" data-element_type=\"column\">\n\t\t\t<div class=\"elementor-widget-wrap elementor-element-populated\">\n\t\t\t\t\t\t<div class=\"elementor-element elementor-element-be88d7b color-scheme-inherit text-left elementor-widget elementor-widget-text-editor\" data-id=\"be88d7b\" data-element_type=\"widget\" data-widget_type=\"text-editor.default\">\n\t\t\t\t<div class=\"elementor-widget-container\">\n\t\t\t\t\t\t\t\t\t<h2>\u2753FAQ<\/h2><p data-start=\"2010\" data-end=\"2080\"><strong data-start=\"2010\" data-end=\"2041\">P: \u00c9 seguro para os rec\u00e9m-nascidos?<\/strong><br data-start=\"2041\" data-end=\"2044\" \/>Sim, adequado para beb\u00e9s desde o nascimento.<\/p><p data-start=\"2082\" data-end=\"2196\"><strong data-start=\"2082\" data-end=\"2116\">P: Reduz a dor nos mamilos?<\/strong><br data-start=\"2116\" data-end=\"2119\" \/>Sim, a dupla camada de silicone protege os mamilos de mordidelas e dores.<\/p><p data-start=\"2198\" data-end=\"2277\"><strong data-start=\"2198\" data-end=\"2223\">P: Como \u00e9 que o limpo?<\/strong><br data-start=\"2223\" data-end=\"2226\" \/>Lavar com \u00e1gua morna e sab\u00e3o ou esterilizar com \u00e1gua a ferver.<\/p><p data-start=\"2279\" data-end=\"2370\"><strong data-start=\"2279\" data-end=\"2311\">P: Afecta o fluxo de leite?<\/strong><br data-start=\"2311\" data-end=\"2314\" \/>N\u00e3o, concebido para permitir o fluxo natural do leite sem asfixia.<\/p>\t\t\t\t\t\t\t\t<\/div>\n\t\t\t\t<\/div>\n\t\t\t\t\t<\/div>\n\t\t<\/div>\n\t\t\t\t\t<\/div>\n\t\t<\/section>\n\t\t\t\t<section class=\"wd-negative-gap elementor-section elementor-top-section elementor-element elementor-element-8b09cd4 elementor-section-boxed elementor-section-height-default elementor-section-height-default\" data-id=\"8b09cd4\" data-element_type=\"section\">\n\t\t\t\t\t\t<div class=\"elementor-container elementor-column-gap-default\">\n\t\t\t\t\t<div class=\"elementor-column elementor-col-100 elementor-top-column elementor-element elementor-element-c0aa9f7\" data-id=\"c0aa9f7\" data-element_type=\"column\">\n\t\t\t<div class=\"elementor-widget-wrap elementor-element-populated\">\n\t\t\t\t\t\t<div class=\"elementor-element elementor-element-768976d color-scheme-inherit text-left elementor-widget elementor-widget-text-editor\" data-id=\"768976d\" data-element_type=\"widget\" data-widget_type=\"text-editor.default\">\n\t\t\t\t<div class=\"elementor-widget-container\">\n\t\t\t\t\t\t\t\t\t<h2 data-start=\"2543\" data-end=\"2562\">\ud83d\udc49Chamada \u00e0 a\u00e7\u00e3o<\/h2><p data-start=\"2564\" data-end=\"2737\"><strong data-start=\"2564\" data-end=\"2609\">Experimente hoje uma amamenta\u00e7\u00e3o sem dores!<\/strong><br data-start=\"2609\" data-end=\"2612\" \/>Encomendar o seu <strong data-start=\"2623\" data-end=\"2654\">Protetor de mamilos para amamenta\u00e7\u00e3o<\/strong> agora e desfrutar de momentos de alimenta\u00e7\u00e3o confort\u00e1veis.<br \/><br data-start=\"2697\" data-end=\"2700\" \/><span style=\"color: #ff6600; font-size: 14pt;\"><strong data-start=\"2700\" data-end=\"2737\">Envio gratuito para encomendas superiores a $16.99!<\/strong><\/span><\/p>\t\t\t\t\t\t\t\t<\/div>\n\t\t\t\t<\/div>\n\t\t\t\t\t<\/div>\n\t\t<\/div>\n\t\t\t\t\t<\/div>\n\t\t<\/section>\n\t\t\t\t<\/div>","protected":false},"excerpt":{"rendered":"<p>&#8220;<strong>Est\u00e1 a sentir dores nos mamilos durante a amamenta\u00e7\u00e3o?<\/strong> O protetor de mamilo para amamenta\u00e7\u00e3o oferece uma prote\u00e7\u00e3o de camada dupla para um conforto indolor, anti-mordedura e semelhante \u00e0 pele. Compre agora para um al\u00edvio r\u00e1pido e envio gratuito!<\/p>","protected":false},"featured_media":23336,"comment_status":"open","ping_status":"closed","template":"","meta":{"_acf_changed":false},"product_brand":[],"product_cat":[20],"product_tag":[1061,1064,1060,1063,1062],"class_list":{"0":"post-23343","1":"product","2":"type-product","3":"status-publish","4":"has-post-thumbnail","6":"product_cat-new-mom","7":"product_tag-anti-bite-nipple-shield-for-newborns","8":"product_tag-best-nipple-shield","9":"product_tag-breastfeeding-nipple-shield","10":"product_tag-pain-relief-nipple-shield","11":"product_tag-soft-silicone-nipple-protector","13":"first","14":"instock","15":"taxable","16":"shipping-taxable","17":"purchasable","18":"product-type-variable","19":"wvs-archive-product-wrapper"},"acf":[],"_links":{"self":[{"href":"https:\/\/babyvk.com\/pt\/wp-json\/wp\/v2\/product\/23343","targetHints":{"allow":["GET"]}}],"collection":[{"href":"https:\/\/babyvk.com\/pt\/wp-json\/wp\/v2\/product"}],"about":[{"href":"https:\/\/babyvk.com\/pt\/wp-json\/wp\/v2\/types\/product"}],"replies":[{"embeddable":true,"href":"https:\/\/babyvk.com\/pt\/wp-json\/wp\/v2\/comments?post=23343"}],"version-history":[{"count":0,"href":"https:\/\/babyvk.com\/pt\/wp-json\/wp\/v2\/product\/23343\/revisions"}],"wp:featuredmedia":[{"embeddable":true,"href":"https:\/\/babyvk.com\/pt\/wp-json\/wp\/v2\/media\/23336"}],"wp:attachment":[{"href":"https:\/\/babyvk.com\/pt\/wp-json\/wp\/v2\/media?parent=23343"}],"wp:term":[{"taxonomy":"product_brand","embeddable":true,"href":"https:\/\/babyvk.com\/pt\/wp-json\/wp\/v2\/product_brand?post=23343"},{"taxonomy":"product_cat","embeddable":true,"href":"https:\/\/babyvk.com\/pt\/wp-json\/wp\/v2\/product_cat?post=23343"},{"taxonomy":"product_tag","embeddable":true,"href":"https:\/\/babyvk.com\/pt\/wp-json\/wp\/v2\/product_tag?post=23343"}],"curies":[{"name":"wp","href":"https:\/\/api.w.org\/{rel}","templated":true}]}}