{"id":23137,"date":"2025-07-03T18:42:50","date_gmt":"2025-07-03T18:42:50","guid":{"rendered":"https:\/\/babyvk.com\/?post_type=product&#038;p=23137"},"modified":"2025-08-01T17:25:13","modified_gmt":"2025-08-01T17:25:13","slug":"baby-silicone-food-bottle","status":"publish","type":"product","link":"https:\/\/babyvk.com\/pt\/product\/baby-silicone-food-bottle\/","title":{"rendered":"Biber\u00e3o de silicone 3 em 1 para beb\u00e9"},"content":{"rendered":"<div data-elementor-type=\"product-post\" data-elementor-id=\"23137\" class=\"elementor elementor-23137\" data-elementor-post-type=\"product\">\n\t\t\t\t\t\t<section class=\"wd-negative-gap elementor-section elementor-top-section elementor-element elementor-element-7950f12 elementor-section-boxed elementor-section-height-default elementor-section-height-default\" data-id=\"7950f12\" data-element_type=\"section\">\n\t\t\t\t\t\t<div class=\"elementor-container elementor-column-gap-default\">\n\t\t\t\t\t<div class=\"elementor-column elementor-col-100 elementor-top-column elementor-element elementor-element-7ec84dd\" data-id=\"7ec84dd\" data-element_type=\"column\">\n\t\t\t<div class=\"elementor-widget-wrap elementor-element-populated\">\n\t\t\t\t\t\t<div class=\"elementor-element elementor-element-5d616e6 color-scheme-inherit text-left elementor-widget elementor-widget-text-editor\" data-id=\"5d616e6\" data-element_type=\"widget\" data-widget_type=\"text-editor.default\">\n\t\t\t\t<div class=\"elementor-widget-container\">\n\t\t\t\t\t\t\t\t\t<h2 data-start=\"126\" data-end=\"170\">Um biber\u00e3o, tr\u00eas formas inteligentes de alimenta\u00e7\u00e3o<\/h2><p data-start=\"172\" data-end=\"374\">Facilite a hora das refei\u00e7\u00f5es com este biber\u00e3o de silicone multifuncional 3 em 1 para beb\u00e9s. Quer se trate de leite, pur\u00e9 ou s\u00f3lidos moles, este biber\u00e3o cresce com a jornada alimentar do seu beb\u00e9 - tudo numa solu\u00e7\u00e3o pr\u00e1tica e sem confus\u00e3o.<\/p>\t\t\t\t\t\t\t\t<\/div>\n\t\t\t\t<\/div>\n\t\t\t\t<div class=\"elementor-element elementor-element-983e551 color-scheme-inherit text-left elementor-widget elementor-widget-text-editor\" data-id=\"983e551\" data-element_type=\"widget\" data-widget_type=\"text-editor.default\">\n\t\t\t\t<div class=\"elementor-widget-container\">\n\t\t\t\t\t\t\t\t\t<h2 data-start=\"381\" data-end=\"409\">Porque \u00e9 que os pais adoram:<\/h2><p data-start=\"411\" data-end=\"573\">\u2705 <strong data-start=\"413\" data-end=\"439\">Kit de alimenta\u00e7\u00e3o tudo-em-um<\/strong><br data-start=\"439\" data-end=\"442\" \/>Inclui um corpo de biber\u00e3o, uma tetina normal, uma colher doseadora e uma tetina para pur\u00e9 de fruta - perfeito para a transi\u00e7\u00e3o do leite para os s\u00f3lidos.<\/p><p data-start=\"575\" data-end=\"725\">\u2705 <strong data-start=\"577\" data-end=\"600\">Materiais seguros para beb\u00e9s<\/strong><br data-start=\"600\" data-end=\"603\" \/>Feito de silicone macio e de alta qualidade que \u00e9 suave para as gengivas, sem odor e seguro para apertar. Sem maus cheiros, sem preocupa\u00e7\u00f5es.<\/p><p data-start=\"727\" data-end=\"883\">\u2705 <strong data-start=\"729\" data-end=\"758\">Distribui\u00e7\u00e3o de alimentos sem confus\u00e3o<\/strong><br data-start=\"758\" data-end=\"761\" \/>Aperte para dar leite, pur\u00e9 ou comida para beb\u00e9 diretamente na boca do seu beb\u00e9 - menos confus\u00e3o, menos barulho e sem necessidade de tigelas extra.<\/p><p data-start=\"885\" data-end=\"1011\">\u2705 <strong data-start=\"887\" data-end=\"915\">F\u00e1cil de limpar e montar<\/strong><br data-start=\"915\" data-end=\"918\" \/>Cada pe\u00e7a destaca-se facilmente para uma limpeza r\u00e1pida e completa. Pode ser lavado na m\u00e1quina de lavar loi\u00e7a para maior comodidade.<\/p><p data-start=\"1013\" data-end=\"1155\">\u2705 <strong data-start=\"1015\" data-end=\"1049\">Preparado para viagens e resistente a derrames<\/strong><br data-start=\"1049\" data-end=\"1052\" \/>Compacto e leve. Ideal para alimentar em casa ou em viagem.<\/p>\t\t\t\t\t\t\t\t<\/div>\n\t\t\t\t<\/div>\n\t\t\t\t<div class=\"elementor-element elementor-element-b7be08e color-scheme-inherit text-left elementor-widget elementor-widget-text-editor\" data-id=\"b7be08e\" data-element_type=\"widget\" data-widget_type=\"text-editor.default\">\n\t\t\t\t<div class=\"elementor-widget-container\">\n\t\t\t\t\t\t\t\t\t<h2 data-start=\"1162\" data-end=\"1186\">Detalhes do produto:<\/h2>\n<ul data-start=\"1188\" data-end=\"1533\">\n \t<li data-start=\"1188\" data-end=\"1208\">\n<p data-start=\"1190\" data-end=\"1208\"><strong data-start=\"1190\" data-end=\"1200\">Cor:<\/strong> Castanho<\/p>\n<\/li>\n \t<li data-start=\"1209\" data-end=\"1279\">\n<p data-start=\"1211\" data-end=\"1279\"><strong data-start=\"1211\" data-end=\"1225\">Materiais:<\/strong> PP (tampa do biber\u00e3o), Silicone (biber\u00e3o e tetinas)<\/p>\n<\/li>\n \t<li data-start=\"1409\" data-end=\"1457\">\n<p data-start=\"1411\" data-end=\"1457\"><strong data-start=\"1411\" data-end=\"1419\">Utilizar:<\/strong> Para l\u00edquidos, pur\u00e9s e alimentos moles<\/p>\n<\/li>\n \t<li data-start=\"1458\" data-end=\"1533\">\n<p data-start=\"1460\" data-end=\"1533\"><strong data-start=\"1460\" data-end=\"1473\">Limpeza:<\/strong> F\u00e1cil de desmontar; lav\u00e1vel \u00e0 m\u00e3o ou na m\u00e1quina de lavar lou\u00e7a de topo<\/p>\n<\/li>\n<\/ul>\n<h2 data-start=\"1282\" data-end=\"1297\">O pacote inclui::<\/h2>\n<ul>\n \t<li data-start=\"1302\" data-end=\"1319\">1 x Corpo da garrafa<\/li>\n \t<li data-start=\"1324\" data-end=\"1344\">1 x Tetina normal<\/li>\n \t<li data-start=\"1349\" data-end=\"1371\">1 x Colher doseadora<\/li>\n \t<li data-start=\"1376\" data-end=\"1408\">1 x tetina para pur\u00e9 de fruta<\/li>\n<\/ul>\t\t\t\t\t\t\t\t<\/div>\n\t\t\t\t<\/div>\n\t\t\t\t\t<\/div>\n\t\t<\/div>\n\t\t\t\t\t<\/div>\n\t\t<\/section>\n\t\t\t\t<\/div>","protected":false},"excerpt":{"rendered":"<p>&#8220;<strong>Est\u00e1 a ter dificuldades na transi\u00e7\u00e3o do leite para os s\u00f3lidos?<\/strong> O Biber\u00e3o de Silicone para Beb\u00e9s 3 em 1 torna a alimenta\u00e7\u00e3o perfeita com op\u00e7\u00f5es de colher e pur\u00e9. Compre agora para envio gratuito!<\/p>","protected":false},"featured_media":23126,"comment_status":"open","ping_status":"closed","template":"","meta":{"_acf_changed":false},"product_brand":[],"product_cat":[508],"product_tag":[1056,1057,1059,1058,1055],"class_list":{"0":"post-23137","1":"product","2":"type-product","3":"status-publish","4":"has-post-thumbnail","6":"product_cat-best-baby-feeding","7":"product_tag-3in1-silicone-baby-food-dispenser","8":"product_tag-baby-food-bottle-with-spoon-nipple","9":"product_tag-silicone-squeeze-baby-bottle-feeder","10":"product_tag-soft-silicone-spoon-feeder-bottle","11":"product_tag-squeeze-feeder-baby-food-bottle","13":"first","14":"instock","15":"taxable","16":"shipping-taxable","17":"purchasable","18":"product-type-variable","19":"wvs-archive-product-wrapper"},"acf":[],"_links":{"self":[{"href":"https:\/\/babyvk.com\/pt\/wp-json\/wp\/v2\/product\/23137","targetHints":{"allow":["GET"]}}],"collection":[{"href":"https:\/\/babyvk.com\/pt\/wp-json\/wp\/v2\/product"}],"about":[{"href":"https:\/\/babyvk.com\/pt\/wp-json\/wp\/v2\/types\/product"}],"replies":[{"embeddable":true,"href":"https:\/\/babyvk.com\/pt\/wp-json\/wp\/v2\/comments?post=23137"}],"version-history":[{"count":0,"href":"https:\/\/babyvk.com\/pt\/wp-json\/wp\/v2\/product\/23137\/revisions"}],"wp:featuredmedia":[{"embeddable":true,"href":"https:\/\/babyvk.com\/pt\/wp-json\/wp\/v2\/media\/23126"}],"wp:attachment":[{"href":"https:\/\/babyvk.com\/pt\/wp-json\/wp\/v2\/media?parent=23137"}],"wp:term":[{"taxonomy":"product_brand","embeddable":true,"href":"https:\/\/babyvk.com\/pt\/wp-json\/wp\/v2\/product_brand?post=23137"},{"taxonomy":"product_cat","embeddable":true,"href":"https:\/\/babyvk.com\/pt\/wp-json\/wp\/v2\/product_cat?post=23137"},{"taxonomy":"product_tag","embeddable":true,"href":"https:\/\/babyvk.com\/pt\/wp-json\/wp\/v2\/product_tag?post=23137"}],"curies":[{"name":"wp","href":"https:\/\/api.w.org\/{rel}","templated":true}]}}