{"id":23101,"date":"2025-07-02T15:13:30","date_gmt":"2025-07-02T15:13:30","guid":{"rendered":"https:\/\/babyvk.com\/?post_type=product&#038;p=23101"},"modified":"2025-07-02T15:43:30","modified_gmt":"2025-07-02T15:43:30","slug":"waterproof-baby-silicone-bibs","status":"publish","type":"product","link":"https:\/\/babyvk.com\/pt\/product\/waterproof-baby-silicone-bibs\/","title":{"rendered":"Babetes de silicone para beb\u00e9s com coletor de alimentos"},"content":{"rendered":"<div data-elementor-type=\"product-post\" data-elementor-id=\"23101\" class=\"elementor elementor-23101\" data-elementor-post-type=\"product\">\n\t\t\t\t\t\t<section class=\"wd-negative-gap elementor-section elementor-top-section elementor-element elementor-element-e68f406 elementor-section-boxed elementor-section-height-default elementor-section-height-default\" data-id=\"e68f406\" data-element_type=\"section\">\n\t\t\t\t\t\t<div class=\"elementor-container elementor-column-gap-default\">\n\t\t\t\t\t<div class=\"elementor-column elementor-col-100 elementor-top-column elementor-element elementor-element-b5541ad\" data-id=\"b5541ad\" data-element_type=\"column\">\n\t\t\t<div class=\"elementor-widget-wrap elementor-element-populated\">\n\t\t\t\t\t\t<div class=\"elementor-element elementor-element-e1e4456 color-scheme-inherit text-left elementor-widget elementor-widget-text-editor\" data-id=\"e1e4456\" data-element_type=\"widget\" data-widget_type=\"text-editor.default\">\n\t\t\t\t<div class=\"elementor-widget-container\">\n\t\t\t\t\t\t\t\t\t<h2 data-start=\"106\" data-end=\"152\">Refei\u00e7\u00f5es sem confus\u00e3o. Worry-Free Parenting (Pais sem preocupa\u00e7\u00f5es).<\/h2><p data-start=\"154\" data-end=\"327\">Diga adeus \u00e0 roupa suja e aos babetes descart\u00e1veis! O nosso babete de silicone \u00e0 prova de \u00e1gua para beb\u00e9 \u00e9 o essencial perfeito para o dia a dia, para refei\u00e7\u00f5es limpas e sem stress - em casa ou em viagem.<\/p>\t\t\t\t\t\t\t\t<\/div>\n\t\t\t\t<\/div>\n\t\t\t\t<div class=\"elementor-element elementor-element-bf4de75 color-scheme-inherit text-left elementor-widget elementor-widget-text-editor\" data-id=\"bf4de75\" data-element_type=\"widget\" data-widget_type=\"text-editor.default\">\n\t\t\t\t<div class=\"elementor-widget-container\">\n\t\t\t\t\t\t\t\t\t<h2 data-start=\"334\" data-end=\"362\">Porque \u00e9 que os pais adoram:<\/h2><p data-start=\"364\" data-end=\"493\">\u2705 <strong data-start=\"366\" data-end=\"390\">100% Seguro para beb\u00e9s<\/strong><br data-start=\"390\" data-end=\"393\" \/>Fabricado em silicone puro de qualidade alimentar, isento de BPA, PVC, chumbo, l\u00e1tex e outros produtos qu\u00edmicos nocivos.<\/p><p data-start=\"495\" data-end=\"614\">\u2705 <strong data-start=\"497\" data-end=\"527\">Amigo do ambiente e poupan\u00e7a de custos<\/strong><br data-start=\"527\" data-end=\"530\" \/>Reutiliz\u00e1vel e concebido para durar - deixe de deitar fora e reduza o desperd\u00edcio, poupando dinheiro.<\/p><p data-start=\"616\" data-end=\"747\">\u2705 <strong data-start=\"618\" data-end=\"653\">Suave, leve e confort\u00e1vel<\/strong><br data-start=\"653\" data-end=\"656\" \/>O silicone ultra-leve \u00e9 suave para a pele sens\u00edvel e mais c\u00f3modo do que os babetes de pano ou de pl\u00e1stico.<\/p><p data-start=\"749\" data-end=\"874\">\u2705 <strong data-start=\"751\" data-end=\"774\">Design pronto a viajar<\/strong><br data-start=\"774\" data-end=\"777\" \/>Enrola-se para facilitar a arruma\u00e7\u00e3o e vem com um pr\u00e1tico estojo de viagem - perfeito para passeios e sacos de fraldas.<\/p><p data-start=\"876\" data-end=\"1005\">\u2705 <strong data-start=\"878\" data-end=\"903\">Bolso largo para apanhar tudo<\/strong><br data-start=\"903\" data-end=\"906\" \/>O bolso extra profundo mant\u00e9m-se aberto para apanhar todas as migalhas e derrames. Mant\u00e9m a roupa limpa e a limpeza \u00e9 r\u00e1pida.<\/p>\t\t\t\t\t\t\t\t<\/div>\n\t\t\t\t<\/div>\n\t\t\t\t<div class=\"elementor-element elementor-element-d16c89d color-scheme-inherit text-left elementor-widget elementor-widget-text-editor\" data-id=\"d16c89d\" data-element_type=\"widget\" data-widget_type=\"text-editor.default\">\n\t\t\t\t<div class=\"elementor-widget-container\">\n\t\t\t\t\t\t\t\t\t<h2 data-start=\"1012\" data-end=\"1036\">Detalhes do produto:<\/h2><ul data-start=\"1038\" data-end=\"1282\"><li data-start=\"1038\" data-end=\"1080\"><p data-start=\"1040\" data-end=\"1080\"><strong data-start=\"1040\" data-end=\"1053\">Material:<\/strong> 100% Silicone de qualidade alimentar<\/p><\/li><li data-start=\"1081\" data-end=\"1119\"><p data-start=\"1083\" data-end=\"1119\"><strong data-start=\"1083\" data-end=\"1097\">Faixa et\u00e1ria:<\/strong> 3 meses a 6 anos<\/p><\/li><li data-start=\"1120\" data-end=\"1171\"><p data-start=\"1122\" data-end=\"1171\"><strong data-start=\"1122\" data-end=\"1135\">Ajuste do pesco\u00e7o:<\/strong> Al\u00e7a ajust\u00e1vel para um ajuste personalizado<\/p><\/li><li data-start=\"1172\" data-end=\"1227\"><p data-start=\"1174\" data-end=\"1227\"><strong data-start=\"1174\" data-end=\"1189\">\u00c0 prova de \u00e1gua:<\/strong> Sim - protege o vestu\u00e1rio de derrames<\/p><\/li><li data-start=\"1228\" data-end=\"1282\"><p data-start=\"1230\" data-end=\"1282\"><strong data-start=\"1230\" data-end=\"1243\">Limpeza:<\/strong> Limpar com um pano ou colocar na m\u00e1quina de lavar lou\u00e7a<\/p><\/li><\/ul>\t\t\t\t\t\t\t\t<\/div>\n\t\t\t\t<\/div>\n\t\t\t\t\t<\/div>\n\t\t<\/div>\n\t\t\t\t\t<\/div>\n\t\t<\/section>\n\t\t\t\t<\/div>","protected":false},"excerpt":{"rendered":"<p>&#8220;<strong>Cansado de refei\u00e7\u00f5es confusas com o seu beb\u00e9?<\/strong> Os babetes de silicone para beb\u00e9s com coletor de alimentos mant\u00eam as roupas limpas com o seu bolso largo e ajuste confort\u00e1vel. Compre agora para envio gratuito!<\/p>","protected":false},"featured_media":23093,"comment_status":"open","ping_status":"closed","template":"","meta":{"_acf_changed":false},"product_brand":[],"product_cat":[29],"product_tag":[1050,1048,1052,1051,1053,1049],"class_list":{"0":"post-23101","1":"product","2":"type-product","3":"status-publish","4":"has-post-thumbnail","6":"product_cat-best-baby-care","7":"product_tag-adjustable-baby-silicone-bibs","8":"product_tag-baby-silicone-bibs-waterproof","9":"product_tag-bpa-free-silicone-bibs","10":"product_tag-foldable-travel-silicone-bibs","11":"product_tag-lightweight-silicone-bibs-for-infants","12":"product_tag-silicone-bibs-easy-clean","14":"first","15":"instock","16":"taxable","17":"shipping-taxable","18":"purchasable","19":"product-type-variable","20":"wvs-archive-product-wrapper"},"acf":[],"_links":{"self":[{"href":"https:\/\/babyvk.com\/pt\/wp-json\/wp\/v2\/product\/23101","targetHints":{"allow":["GET"]}}],"collection":[{"href":"https:\/\/babyvk.com\/pt\/wp-json\/wp\/v2\/product"}],"about":[{"href":"https:\/\/babyvk.com\/pt\/wp-json\/wp\/v2\/types\/product"}],"replies":[{"embeddable":true,"href":"https:\/\/babyvk.com\/pt\/wp-json\/wp\/v2\/comments?post=23101"}],"version-history":[{"count":0,"href":"https:\/\/babyvk.com\/pt\/wp-json\/wp\/v2\/product\/23101\/revisions"}],"wp:featuredmedia":[{"embeddable":true,"href":"https:\/\/babyvk.com\/pt\/wp-json\/wp\/v2\/media\/23093"}],"wp:attachment":[{"href":"https:\/\/babyvk.com\/pt\/wp-json\/wp\/v2\/media?parent=23101"}],"wp:term":[{"taxonomy":"product_brand","embeddable":true,"href":"https:\/\/babyvk.com\/pt\/wp-json\/wp\/v2\/product_brand?post=23101"},{"taxonomy":"product_cat","embeddable":true,"href":"https:\/\/babyvk.com\/pt\/wp-json\/wp\/v2\/product_cat?post=23101"},{"taxonomy":"product_tag","embeddable":true,"href":"https:\/\/babyvk.com\/pt\/wp-json\/wp\/v2\/product_tag?post=23101"}],"curies":[{"name":"wp","href":"https:\/\/api.w.org\/{rel}","templated":true}]}}