{"id":22632,"date":"2025-04-08T20:44:32","date_gmt":"2025-04-08T20:44:32","guid":{"rendered":"https:\/\/babyvk.com\/?post_type=product&#038;p=22632"},"modified":"2025-06-29T03:02:47","modified_gmt":"2025-06-29T03:02:47","slug":"baby-carrier-newborn-to-toddler","status":"publish","type":"product","link":"https:\/\/babyvk.com\/pt\/product\/baby-carrier-newborn-to-toddler\/","title":{"rendered":"Porta-beb\u00e9s do rec\u00e9m-nascido \u00e0 crian\u00e7a"},"content":{"rendered":"<div data-elementor-type=\"product-post\" data-elementor-id=\"22632\" class=\"elementor elementor-22632\" data-elementor-post-type=\"product\">\n\t\t\t\t\t\t<section class=\"wd-negative-gap elementor-section elementor-top-section elementor-element elementor-element-77a9043 elementor-section-boxed elementor-section-height-default elementor-section-height-default\" data-id=\"77a9043\" data-element_type=\"section\">\n\t\t\t\t\t\t<div class=\"elementor-container elementor-column-gap-default\">\n\t\t\t\t\t<div class=\"elementor-column elementor-col-100 elementor-top-column elementor-element elementor-element-997c02f\" data-id=\"997c02f\" data-element_type=\"column\">\n\t\t\t<div class=\"elementor-widget-wrap elementor-element-populated\">\n\t\t\t\t\t\t<div class=\"elementor-element elementor-element-8829fd2 elementor-widget elementor-widget-image\" data-id=\"8829fd2\" data-element_type=\"widget\" data-widget_type=\"image.default\">\n\t\t\t\t<div class=\"elementor-widget-container\">\n\t\t\t\t\t\t\t\t\t\t\t\t\t\t\t<img fetchpriority=\"high\" decoding=\"async\" width=\"800\" height=\"800\" src=\"https:\/\/babyvk.com\/wp-content\/themes\/woodmart\/images\/lazy.svg\" data-src=\"https:\/\/babyvk.com\/wp-content\/uploads\/2025\/04\/baby-carrier-newborn-to-toddler.jpg\" class=\"wd-lazy-blur attachment-large size-large wp-image-22631 wvs-archive-product-image\" alt=\"Baby Sling para rec\u00e9m-nascido a crian\u00e7a\" srcset=\"\" data-srcset=\"https:\/\/babyvk.com\/wp-content\/uploads\/2025\/04\/baby-carrier-newborn-to-toddler.jpg 800w, https:\/\/babyvk.com\/wp-content\/uploads\/2025\/04\/baby-carrier-newborn-to-toddler-300x300.jpg 300w, https:\/\/babyvk.com\/wp-content\/uploads\/2025\/04\/baby-carrier-newborn-to-toddler-150x150.jpg 150w, https:\/\/babyvk.com\/wp-content\/uploads\/2025\/04\/baby-carrier-newborn-to-toddler-768x768.jpg 768w, https:\/\/babyvk.com\/wp-content\/uploads\/2025\/04\/baby-carrier-newborn-to-toddler-430x430.jpg 430w, https:\/\/babyvk.com\/wp-content\/uploads\/2025\/04\/baby-carrier-newborn-to-toddler-700x700.jpg 700w, https:\/\/babyvk.com\/wp-content\/uploads\/2025\/04\/baby-carrier-newborn-to-toddler-100x100.jpg 100w, https:\/\/babyvk.com\/wp-content\/uploads\/2025\/04\/baby-carrier-newborn-to-toddler-50x50.jpg 50w\" sizes=\"(max-width: 800px) 100vw, 800px\" title=\"\">\t\t\t\t\t\t\t\t\t\t\t\t\t\t\t<\/div>\n\t\t\t\t<\/div>\n\t\t\t\t<div class=\"elementor-element elementor-element-7f2d18e color-scheme-inherit text-left elementor-widget elementor-widget-text-editor\" data-id=\"7f2d18e\" data-element_type=\"widget\" data-widget_type=\"text-editor.default\">\n\t\t\t\t<div class=\"elementor-widget-container\">\n\t\t\t\t\t\t\t\t\t<h3 class=\"\" data-start=\"61\" data-end=\"110\">Carater\u00edsticas:<\/h3><ol data-start=\"112\" data-end=\"1057\"><li class=\"\" data-start=\"112\" data-end=\"296\"><p class=\"\" data-start=\"115\" data-end=\"296\"><strong data-start=\"115\" data-end=\"137\">Design Hip-Healthy<\/strong><br data-start=\"137\" data-end=\"140\" \/>Certificado pelo Instituto Internacional de Displasia da Anca, este porta-beb\u00e9s apoia uma posi\u00e7\u00e3o natural em \"M\" para as ancas do seu beb\u00e9, promovendo um desenvolvimento saud\u00e1vel.<\/p><\/li><li class=\"\" data-start=\"298\" data-end=\"487\"><p class=\"\" data-start=\"301\" data-end=\"487\"><strong data-start=\"301\" data-end=\"333\">Tecido super macio e el\u00e1stico<\/strong><br data-start=\"333\" data-end=\"336\" \/>Fabricado em algod\u00e3o felpudo franc\u00eas 95% e 5% spandex, o tecido el\u00e1stico de quatro vias \u00e9 respir\u00e1vel, lav\u00e1vel na m\u00e1quina e seguro na m\u00e1quina de secar - perfeito para uso di\u00e1rio.<\/p><\/li><li class=\"\" data-start=\"489\" data-end=\"686\"><p class=\"\" data-start=\"492\" data-end=\"686\"><strong data-start=\"492\" data-end=\"537\">Conforto m\u00e3os-livres com suporte ergon\u00f3mico<\/strong><br data-start=\"537\" data-end=\"540\" \/>Inclui uma almofada EVA incorporada na cintura e al\u00e7as grossas almofadadas para reduzir a press\u00e3o nas costas e nos ombros, garantindo conforto durante todo o dia.<\/p><\/li><li class=\"\" data-start=\"688\" data-end=\"846\"><p class=\"\" data-start=\"691\" data-end=\"846\"><strong data-start=\"691\" data-end=\"721\">Adapta\u00e7\u00e3o personalizada para todos os pais<\/strong><br data-start=\"721\" data-end=\"724\" \/>Facilmente ajust\u00e1vel para se adaptar a diferentes tipos de corpo, este porta-beb\u00e9 mant\u00e9m-se seguro sem descair - ideal para m\u00e3es e pais.<\/p><\/li><li class=\"\" data-start=\"848\" data-end=\"1057\"><p class=\"\" data-start=\"851\" data-end=\"1057\"><strong data-start=\"851\" data-end=\"887\">Tudo-em-um para o dia a dia e viagens<\/strong><br data-start=\"887\" data-end=\"890\" \/>Leve e f\u00e1cil de usar, este porta-beb\u00e9s 2 em 1 \u00e9 perfeito para fazer recados, passear ou viajar com o seu beb\u00e9, mantendo-se elegante e confort\u00e1vel.<\/p><\/li><\/ol>\t\t\t\t\t\t\t\t<\/div>\n\t\t\t\t<\/div>\n\t\t\t\t\t<\/div>\n\t\t<\/div>\n\t\t\t\t\t<\/div>\n\t\t<\/section>\n\t\t\t\t<section class=\"wd-negative-gap elementor-section elementor-top-section elementor-element elementor-element-1da5bf7 elementor-section-boxed elementor-section-height-default elementor-section-height-default\" data-id=\"1da5bf7\" data-element_type=\"section\">\n\t\t\t\t\t\t<div class=\"elementor-container elementor-column-gap-default\">\n\t\t\t\t\t<div class=\"elementor-column elementor-col-100 elementor-top-column elementor-element elementor-element-9cb637a\" data-id=\"9cb637a\" data-element_type=\"column\">\n\t\t\t<div class=\"elementor-widget-wrap elementor-element-populated\">\n\t\t\t\t\t\t<div class=\"elementor-element elementor-element-b0dc6e2 elementor-widget elementor-widget-image\" data-id=\"b0dc6e2\" data-element_type=\"widget\" data-widget_type=\"image.default\">\n\t\t\t\t<div class=\"elementor-widget-container\">\n\t\t\t\t\t\t\t\t\t\t\t\t\t\t\t<img decoding=\"async\" width=\"800\" height=\"800\" src=\"https:\/\/babyvk.com\/wp-content\/themes\/woodmart\/images\/lazy.svg\" data-src=\"https:\/\/babyvk.com\/wp-content\/uploads\/2025\/04\/Newborn-to-Toddler-Infant-Baby-Sling.jpg\" class=\"wd-lazy-blur attachment-large size-large wp-image-22637 wvs-archive-product-image\" alt=\"Suporte para panos para rec\u00e9m-nascidos com as m\u00e3os livres\" srcset=\"\" data-srcset=\"https:\/\/babyvk.com\/wp-content\/uploads\/2025\/04\/Newborn-to-Toddler-Infant-Baby-Sling.jpg 800w, https:\/\/babyvk.com\/wp-content\/uploads\/2025\/04\/Newborn-to-Toddler-Infant-Baby-Sling-300x300.jpg 300w, https:\/\/babyvk.com\/wp-content\/uploads\/2025\/04\/Newborn-to-Toddler-Infant-Baby-Sling-150x150.jpg 150w, https:\/\/babyvk.com\/wp-content\/uploads\/2025\/04\/Newborn-to-Toddler-Infant-Baby-Sling-768x768.jpg 768w, https:\/\/babyvk.com\/wp-content\/uploads\/2025\/04\/Newborn-to-Toddler-Infant-Baby-Sling-430x430.jpg 430w, https:\/\/babyvk.com\/wp-content\/uploads\/2025\/04\/Newborn-to-Toddler-Infant-Baby-Sling-700x700.jpg 700w, https:\/\/babyvk.com\/wp-content\/uploads\/2025\/04\/Newborn-to-Toddler-Infant-Baby-Sling-100x100.jpg 100w, https:\/\/babyvk.com\/wp-content\/uploads\/2025\/04\/Newborn-to-Toddler-Infant-Baby-Sling-50x50.jpg 50w\" sizes=\"(max-width: 800px) 100vw, 800px\" title=\"\">\t\t\t\t\t\t\t\t\t\t\t\t\t\t\t<\/div>\n\t\t\t\t<\/div>\n\t\t\t\t\t<\/div>\n\t\t<\/div>\n\t\t\t\t\t<\/div>\n\t\t<\/section>\n\t\t\t\t<\/div>","protected":false},"excerpt":{"rendered":"<p>&#8220;<strong>Cansada de dores nas costas por carregar o seu beb\u00e9?<\/strong> O porta-beb\u00e9s para rec\u00e9m-nascidos e crian\u00e7as pequenas proporciona apoio ergon\u00f3mico e equil\u00edbrio. Compre agora para envio gratuito!<\/p>","protected":false},"featured_media":22626,"comment_status":"open","ping_status":"closed","template":"","meta":{"_acf_changed":false},"product_brand":[],"product_cat":[42],"product_tag":[1014,611,610,1015,1012,1013],"class_list":{"0":"post-22632","1":"product","2":"type-product","3":"status-publish","4":"has-post-thumbnail","6":"product_cat-best-travel-gear","7":"product_tag-baby-bjorn-carrier","8":"product_tag-baby-carrier","9":"product_tag-baby-carrier-wrap","10":"product_tag-baby-sling-carrier","11":"product_tag-baby-wraps-carrier","12":"product_tag-toddler-carrier","14":"first","15":"instock","16":"taxable","17":"shipping-taxable","18":"purchasable","19":"product-type-variable","20":"wvs-archive-product-wrapper"},"acf":[],"_links":{"self":[{"href":"https:\/\/babyvk.com\/pt\/wp-json\/wp\/v2\/product\/22632","targetHints":{"allow":["GET"]}}],"collection":[{"href":"https:\/\/babyvk.com\/pt\/wp-json\/wp\/v2\/product"}],"about":[{"href":"https:\/\/babyvk.com\/pt\/wp-json\/wp\/v2\/types\/product"}],"replies":[{"embeddable":true,"href":"https:\/\/babyvk.com\/pt\/wp-json\/wp\/v2\/comments?post=22632"}],"version-history":[{"count":0,"href":"https:\/\/babyvk.com\/pt\/wp-json\/wp\/v2\/product\/22632\/revisions"}],"wp:featuredmedia":[{"embeddable":true,"href":"https:\/\/babyvk.com\/pt\/wp-json\/wp\/v2\/media\/22626"}],"wp:attachment":[{"href":"https:\/\/babyvk.com\/pt\/wp-json\/wp\/v2\/media?parent=22632"}],"wp:term":[{"taxonomy":"product_brand","embeddable":true,"href":"https:\/\/babyvk.com\/pt\/wp-json\/wp\/v2\/product_brand?post=22632"},{"taxonomy":"product_cat","embeddable":true,"href":"https:\/\/babyvk.com\/pt\/wp-json\/wp\/v2\/product_cat?post=22632"},{"taxonomy":"product_tag","embeddable":true,"href":"https:\/\/babyvk.com\/pt\/wp-json\/wp\/v2\/product_tag?post=22632"}],"curies":[{"name":"wp","href":"https:\/\/api.w.org\/{rel}","templated":true}]}}