{"id":22535,"date":"2025-04-04T20:39:11","date_gmt":"2025-04-04T20:39:11","guid":{"rendered":"https:\/\/babyvk.com\/?post_type=product&#038;p=22535"},"modified":"2025-04-04T21:24:59","modified_gmt":"2025-04-04T21:24:59","slug":"automatic-baby-formula-mixer","status":"publish","type":"product","link":"https:\/\/babyvk.com\/pt\/product\/automatic-baby-formula-mixer\/","title":{"rendered":"Misturador autom\u00e1tico de f\u00f3rmulas para beb\u00e9s"},"content":{"rendered":"<div data-elementor-type=\"product-post\" data-elementor-id=\"22535\" class=\"elementor elementor-22535\" data-elementor-post-type=\"product\">\n\t\t\t\t\t\t<section class=\"wd-negative-gap elementor-section elementor-top-section elementor-element elementor-element-5fe2e15 elementor-section-boxed elementor-section-height-default elementor-section-height-default\" data-id=\"5fe2e15\" data-element_type=\"section\">\n\t\t\t\t\t\t<div class=\"elementor-container elementor-column-gap-default\">\n\t\t\t\t\t<div class=\"elementor-column elementor-col-100 elementor-top-column elementor-element elementor-element-86cfee0\" data-id=\"86cfee0\" data-element_type=\"column\">\n\t\t\t<div class=\"elementor-widget-wrap elementor-element-populated\">\n\t\t\t\t\t\t<div class=\"elementor-element elementor-element-fd41709 elementor-widget elementor-widget-image\" data-id=\"fd41709\" data-element_type=\"widget\" data-widget_type=\"image.default\">\n\t\t\t\t<div class=\"elementor-widget-container\">\n\t\t\t\t\t\t\t\t\t\t\t\t\t\t\t<img fetchpriority=\"high\" decoding=\"async\" width=\"800\" height=\"800\" src=\"https:\/\/babyvk.com\/wp-content\/themes\/woodmart\/images\/lazy.svg\" data-src=\"https:\/\/babyvk.com\/wp-content\/uploads\/2025\/04\/baby-formula-maker-800x800.jpeg\" class=\"wd-lazy-blur attachment-large size-large wp-image-22523 wvs-archive-product-image\" alt=\"leite para beb\u00e9\" srcset=\"\" data-srcset=\"https:\/\/babyvk.com\/wp-content\/uploads\/2025\/04\/baby-formula-maker-800x800.jpeg 800w, https:\/\/babyvk.com\/wp-content\/uploads\/2025\/04\/baby-formula-maker-300x300.jpeg 300w, https:\/\/babyvk.com\/wp-content\/uploads\/2025\/04\/baby-formula-maker-150x150.jpeg 150w, https:\/\/babyvk.com\/wp-content\/uploads\/2025\/04\/baby-formula-maker-768x768.jpeg 768w, https:\/\/babyvk.com\/wp-content\/uploads\/2025\/04\/baby-formula-maker-860x860.jpeg 860w, https:\/\/babyvk.com\/wp-content\/uploads\/2025\/04\/baby-formula-maker-430x430.jpeg 430w, https:\/\/babyvk.com\/wp-content\/uploads\/2025\/04\/baby-formula-maker-700x700.jpeg 700w, https:\/\/babyvk.com\/wp-content\/uploads\/2025\/04\/baby-formula-maker-100x100.jpeg 100w, https:\/\/babyvk.com\/wp-content\/uploads\/2025\/04\/baby-formula-maker-50x50.jpeg 50w, https:\/\/babyvk.com\/wp-content\/uploads\/2025\/04\/baby-formula-maker.jpeg 1000w\" sizes=\"(max-width: 800px) 100vw, 800px\" title=\"\">\t\t\t\t\t\t\t\t\t\t\t\t\t\t\t<\/div>\n\t\t\t\t<\/div>\n\t\t\t\t\t<\/div>\n\t\t<\/div>\n\t\t\t\t\t<\/div>\n\t\t<\/section>\n\t\t\t\t<section class=\"wd-negative-gap elementor-section elementor-top-section elementor-element elementor-element-437bef0 elementor-section-boxed elementor-section-height-default elementor-section-height-default\" data-id=\"437bef0\" data-element_type=\"section\">\n\t\t\t\t\t\t<div class=\"elementor-container elementor-column-gap-default\">\n\t\t\t\t\t<div class=\"elementor-column elementor-col-100 elementor-top-column elementor-element elementor-element-fe57f98\" data-id=\"fe57f98\" data-element_type=\"column\">\n\t\t\t<div class=\"elementor-widget-wrap elementor-element-populated\">\n\t\t\t\t\t\t<div class=\"elementor-element elementor-element-06324fa color-scheme-inherit text-left elementor-widget elementor-widget-text-editor\" data-id=\"06324fa\" data-element_type=\"widget\" data-widget_type=\"text-editor.default\">\n\t\t\t\t<div class=\"elementor-widget-container\">\n\t\t\t\t\t\t\t\t\t<h2 data-start=\"118\" data-end=\"197\">Carater\u00edsticas<\/h2><ol data-start=\"199\" data-end=\"1239\"><li class=\"\" data-start=\"199\" data-end=\"331\"><p class=\"\" data-start=\"202\" data-end=\"331\"><strong data-start=\"202\" data-end=\"228\">Mistura uniforme, sem grumos<\/strong><br data-start=\"228\" data-end=\"231\" \/>O controlo inteligente por microcomputador mistura a f\u00f3rmula e a \u00e1gua de forma perfeita - sempre suave e sem grumos.<\/p><\/li><li class=\"\" data-start=\"333\" data-end=\"467\"><p class=\"\" data-start=\"336\" data-end=\"467\"><strong data-start=\"336\" data-end=\"367\">Menos espuma, digest\u00e3o mais f\u00e1cil<\/strong><br data-start=\"367\" data-end=\"370\" \/>A rota\u00e7\u00e3o de 360\u00b0 a velocidade constante reduz as bolhas, protegendo a barriga do beb\u00e9 e evitando gases.<\/p><\/li><li class=\"\" data-start=\"469\" data-end=\"672\"><p class=\"\" data-start=\"472\" data-end=\"520\"><strong data-start=\"472\" data-end=\"518\">3 Modos de temporiza\u00e7\u00e3o para diferentes tipos de f\u00f3rmulas<\/strong><\/p><ul data-start=\"524\" data-end=\"672\"><li class=\"\" data-start=\"524\" data-end=\"568\"><p class=\"\" data-start=\"526\" data-end=\"568\">Modo 1: para f\u00f3rmulas facilmente dissolv\u00edveis<\/p><\/li><li class=\"\" data-start=\"572\" data-end=\"614\"><p class=\"\" data-start=\"574\" data-end=\"614\">Modo 2: para f\u00f3rmulas de dissolu\u00e7\u00e3o m\u00e9dia<\/p><\/li><li class=\"\" data-start=\"618\" data-end=\"672\"><p class=\"\" data-start=\"620\" data-end=\"672\">Modo 3: para f\u00f3rmulas mais espessas ou dif\u00edceis de dissolver<\/p><\/li><\/ul><\/li><li class=\"\" data-start=\"674\" data-end=\"794\"><p class=\"\" data-start=\"677\" data-end=\"794\"><strong data-start=\"677\" data-end=\"705\">M\u00e3os livres e poupan\u00e7a de tempo<\/strong><br data-start=\"705\" data-end=\"708\" \/>Funcionamento com um bot\u00e3o - n\u00e3o \u00e9 necess\u00e1rio agitar \u00e0 m\u00e3o. Poupa esfor\u00e7o e facilita a alimenta\u00e7\u00e3o.<\/p><\/li><li class=\"\" data-start=\"796\" data-end=\"946\"><p class=\"\" data-start=\"799\" data-end=\"946\"><strong data-start=\"799\" data-end=\"840\">Compat\u00edvel com garrafas e mais bebidas<\/strong><br data-start=\"840\" data-end=\"843\" \/>Adapta-se a garrafas com di\u00e2metros de 50-75 mm (2-3 polegadas). Tamb\u00e9m \u00e9 excelente para misturar caf\u00e9, sumo, ch\u00e1 e muito mais.<\/p><\/li><li class=\"\" data-start=\"948\" data-end=\"1077\"><p class=\"\" data-start=\"951\" data-end=\"1077\"><strong data-start=\"951\" data-end=\"981\">Base de suc\u00e7\u00e3o tripla forte<\/strong><br data-start=\"981\" data-end=\"984\" \/>Tr\u00eas potentes ventosas mant\u00eam a misturadora est\u00e1vel em superf\u00edcies planas - sem escorregar ou tombar.<\/p><\/li><li class=\"\" data-start=\"1079\" data-end=\"1239\"><p class=\"\" data-start=\"1082\" data-end=\"1239\"><strong data-start=\"1082\" data-end=\"1109\">Recarreg\u00e1vel e port\u00e1til<\/strong><br data-start=\"1109\" data-end=\"1112\" \/>Bateria integrada de 1200mAh com carregamento Tipo C. Funciona com computadores port\u00e1teis, bancos de pot\u00eancia e carregadores para autom\u00f3vel - perfeito para casa ou para viagens.<\/p><\/li><\/ol>\t\t\t\t\t\t\t\t<\/div>\n\t\t\t\t<\/div>\n\t\t\t\t\t<\/div>\n\t\t<\/div>\n\t\t\t\t\t<\/div>\n\t\t<\/section>\n\t\t\t\t<section class=\"wd-negative-gap elementor-section elementor-top-section elementor-element elementor-element-13f2587 elementor-section-boxed elementor-section-height-default elementor-section-height-default\" data-id=\"13f2587\" data-element_type=\"section\">\n\t\t\t\t\t\t<div class=\"elementor-container elementor-column-gap-default\">\n\t\t\t\t\t<div class=\"elementor-column elementor-col-100 elementor-top-column elementor-element elementor-element-b366d30\" data-id=\"b366d30\" data-element_type=\"column\">\n\t\t\t<div class=\"elementor-widget-wrap elementor-element-populated\">\n\t\t\t\t\t\t<div class=\"elementor-element elementor-element-3723fff elementor-widget elementor-widget-heading\" data-id=\"3723fff\" data-element_type=\"widget\" data-widget_type=\"heading.default\">\n\t\t\t\t<div class=\"elementor-widget-container\">\n\t\t\t\t\t<p class=\"elementor-heading-title elementor-size-default\">Nota: Este misturador autom\u00e1tico de leite em p\u00f3 s\u00f3 \u00e9 adequado para biber\u00f5es com um di\u00e2metro de 50-75 mm. Os frascos com aberturas mais pequenas podem escorregar facilmente. Utilize garrafas de vidro com cuidado.<\/p>\t\t\t\t<\/div>\n\t\t\t\t<\/div>\n\t\t\t\t<div class=\"elementor-element elementor-element-ffaa0bc elementor-widget elementor-widget-image\" data-id=\"ffaa0bc\" data-element_type=\"widget\" data-widget_type=\"image.default\">\n\t\t\t\t<div class=\"elementor-widget-container\">\n\t\t\t\t\t\t\t\t\t\t\t\t\t\t\t<img decoding=\"async\" width=\"800\" height=\"800\" src=\"https:\/\/babyvk.com\/wp-content\/themes\/woodmart\/images\/lazy.svg\" data-src=\"https:\/\/babyvk.com\/wp-content\/uploads\/2025\/04\/baby-bottle-shaker-800x800.jpeg\" class=\"wd-lazy-blur attachment-large size-large wp-image-22522 wvs-archive-product-image\" alt=\"abanador de biber\u00f5es el\u00e9trico\" srcset=\"\" data-srcset=\"https:\/\/babyvk.com\/wp-content\/uploads\/2025\/04\/baby-bottle-shaker-800x800.jpeg 800w, https:\/\/babyvk.com\/wp-content\/uploads\/2025\/04\/baby-bottle-shaker-300x300.jpeg 300w, https:\/\/babyvk.com\/wp-content\/uploads\/2025\/04\/baby-bottle-shaker-150x150.jpeg 150w, https:\/\/babyvk.com\/wp-content\/uploads\/2025\/04\/baby-bottle-shaker-768x768.jpeg 768w, https:\/\/babyvk.com\/wp-content\/uploads\/2025\/04\/baby-bottle-shaker-860x860.jpeg 860w, https:\/\/babyvk.com\/wp-content\/uploads\/2025\/04\/baby-bottle-shaker-430x430.jpeg 430w, https:\/\/babyvk.com\/wp-content\/uploads\/2025\/04\/baby-bottle-shaker-700x700.jpeg 700w, https:\/\/babyvk.com\/wp-content\/uploads\/2025\/04\/baby-bottle-shaker-100x100.jpeg 100w, https:\/\/babyvk.com\/wp-content\/uploads\/2025\/04\/baby-bottle-shaker-50x50.jpeg 50w, https:\/\/babyvk.com\/wp-content\/uploads\/2025\/04\/baby-bottle-shaker.jpeg 1000w\" sizes=\"(max-width: 800px) 100vw, 800px\" title=\"\">\t\t\t\t\t\t\t\t\t\t\t\t\t\t\t<\/div>\n\t\t\t\t<\/div>\n\t\t\t\t<div class=\"elementor-element elementor-element-fb20435 elementor-widget elementor-widget-image\" data-id=\"fb20435\" data-element_type=\"widget\" data-widget_type=\"image.default\">\n\t\t\t\t<div class=\"elementor-widget-container\">\n\t\t\t\t\t\t\t\t\t\t\t\t\t\t\t<img decoding=\"async\" width=\"651\" height=\"800\" src=\"https:\/\/babyvk.com\/wp-content\/themes\/woodmart\/images\/lazy.svg\" data-src=\"https:\/\/babyvk.com\/wp-content\/uploads\/2025\/04\/bottle-maker-formula-machine-1-651x800.jpg\" class=\"wd-lazy-blur attachment-large size-large wp-image-22544 wvs-archive-product-image\" alt=\"Misturador autom\u00e1tico de f\u00f3rmulas para beb\u00e9s\" srcset=\"\" data-srcset=\"https:\/\/babyvk.com\/wp-content\/uploads\/2025\/04\/bottle-maker-formula-machine-1-651x800.jpg 651w, https:\/\/babyvk.com\/wp-content\/uploads\/2025\/04\/bottle-maker-formula-machine-1-244x300.jpg 244w, https:\/\/babyvk.com\/wp-content\/uploads\/2025\/04\/bottle-maker-formula-machine-1-430x528.jpg 430w, https:\/\/babyvk.com\/wp-content\/uploads\/2025\/04\/bottle-maker-formula-machine-1-700x860.jpg 700w, https:\/\/babyvk.com\/wp-content\/uploads\/2025\/04\/bottle-maker-formula-machine-1-100x123.jpg 100w, https:\/\/babyvk.com\/wp-content\/uploads\/2025\/04\/bottle-maker-formula-machine-1.jpg 751w\" sizes=\"(max-width: 651px) 100vw, 651px\" title=\"\">\t\t\t\t\t\t\t\t\t\t\t\t\t\t\t<\/div>\n\t\t\t\t<\/div>\n\t\t\t\t\t<\/div>\n\t\t<\/div>\n\t\t\t\t\t<\/div>\n\t\t<\/section>\n\t\t\t\t<section class=\"wd-negative-gap elementor-section elementor-top-section elementor-element elementor-element-e8e45dc elementor-section-boxed elementor-section-height-default elementor-section-height-default\" data-id=\"e8e45dc\" data-element_type=\"section\">\n\t\t\t\t\t\t<div class=\"elementor-container elementor-column-gap-default\">\n\t\t\t\t\t<div class=\"elementor-column elementor-col-100 elementor-top-column elementor-element elementor-element-0f1fdcc\" data-id=\"0f1fdcc\" data-element_type=\"column\">\n\t\t\t<div class=\"elementor-widget-wrap elementor-element-populated\">\n\t\t\t\t\t\t<div class=\"elementor-element elementor-element-a703aeb color-scheme-inherit text-left elementor-widget elementor-widget-text-editor\" data-id=\"a703aeb\" data-element_type=\"widget\" data-widget_type=\"text-editor.default\">\n\t\t\t\t<div class=\"elementor-widget-container\">\n\t\t\t\t\t\t\t\t\t<h3 class=\"\" data-start=\"73\" data-end=\"103\"><strong data-start=\"77\" data-end=\"103\">Especifica\u00e7\u00f5es do produto<\/strong><\/h3><ul data-start=\"105\" data-end=\"770\"><li class=\"\" data-start=\"105\" data-end=\"155\"><p class=\"\" data-start=\"107\" data-end=\"155\"><strong data-start=\"107\" data-end=\"124\">Nome do produto:<\/strong> Misturador autom\u00e1tico de f\u00f3rmulas para beb\u00e9s<\/p><\/li><li class=\"\" data-start=\"156\" data-end=\"222\"><p class=\"\" data-start=\"158\" data-end=\"222\"><strong data-start=\"158\" data-end=\"173\">Dimens\u00f5es:<\/strong> 12,7 \u00d7 12,7 \u00d7 12,2 cm (5,0 \u00d7 5,0 \u00d7 4,8 polegadas)<\/p><\/li><li class=\"\" data-start=\"283\" data-end=\"354\"><p class=\"\" data-start=\"285\" data-end=\"354\"><strong data-start=\"285\" data-end=\"298\">Material:<\/strong> Pl\u00e1stico sem BPA, ABS<\/p><\/li><li class=\"\" data-start=\"355\" data-end=\"403\"><p class=\"\" data-start=\"357\" data-end=\"403\"><strong data-start=\"357\" data-end=\"378\">Capacidade da bateria:<\/strong> 1200mAh (recarreg\u00e1vel)<\/p><\/li><li class=\"\" data-start=\"404\" data-end=\"433\"><p class=\"\" data-start=\"406\" data-end=\"433\"><strong data-start=\"406\" data-end=\"424\">Porta de carregamento:<\/strong> Tipo C<\/p><\/li><li class=\"\" data-start=\"434\" data-end=\"520\"><p class=\"\" data-start=\"436\" data-end=\"520\"><strong data-start=\"436\" data-end=\"461\">Compatibilidade com garrafas:<\/strong> Adapta-se a garrafas com di\u00e2metros entre 50-75 mm (2-3 polegadas)<\/p><\/li><li class=\"\" data-start=\"521\" data-end=\"564\"><p class=\"\" data-start=\"523\" data-end=\"564\"><strong data-start=\"523\" data-end=\"540\">Modos de mistura:<\/strong> 3 modos<\/p><\/li><li class=\"\" data-start=\"565\" data-end=\"618\"><p class=\"\" data-start=\"567\" data-end=\"618\"><strong data-start=\"567\" data-end=\"587\">M\u00e9todo de rota\u00e7\u00e3o:<\/strong> Giro de 360\u00b0 com velocidade constante<\/p><\/li><li class=\"\" data-start=\"674\" data-end=\"770\"><p class=\"\" data-start=\"676\" data-end=\"770\"><strong data-start=\"676\" data-end=\"694\">Funcionalidade:<\/strong> Adequado para misturar leite em p\u00f3 para beb\u00e9s, leite materno, caf\u00e9, ch\u00e1, sumo e muito mais<\/p><\/li><\/ul>\t\t\t\t\t\t\t\t<\/div>\n\t\t\t\t<\/div>\n\t\t\t\t<div class=\"elementor-element elementor-element-2ecf009 elementor-widget elementor-widget-image\" data-id=\"2ecf009\" data-element_type=\"widget\" data-widget_type=\"image.default\">\n\t\t\t\t<div class=\"elementor-widget-container\">\n\t\t\t\t\t\t\t\t\t\t\t\t\t\t\t<img loading=\"lazy\" decoding=\"async\" width=\"493\" height=\"493\" src=\"https:\/\/babyvk.com\/wp-content\/themes\/woodmart\/images\/lazy.svg\" data-src=\"https:\/\/babyvk.com\/wp-content\/uploads\/2025\/04\/electric-baby-bottle-shaker.jpg\" class=\"wd-lazy-blur attachment-full size-full wp-image-22536 wvs-archive-product-image\" alt=\"misturadora de leite em p\u00f3 para beb\u00e9s\" srcset=\"\" data-srcset=\"https:\/\/babyvk.com\/wp-content\/uploads\/2025\/04\/electric-baby-bottle-shaker.jpg 493w, https:\/\/babyvk.com\/wp-content\/uploads\/2025\/04\/electric-baby-bottle-shaker-300x300.jpg 300w, https:\/\/babyvk.com\/wp-content\/uploads\/2025\/04\/electric-baby-bottle-shaker-150x150.jpg 150w, https:\/\/babyvk.com\/wp-content\/uploads\/2025\/04\/electric-baby-bottle-shaker-430x430.jpg 430w, https:\/\/babyvk.com\/wp-content\/uploads\/2025\/04\/electric-baby-bottle-shaker-100x100.jpg 100w, https:\/\/babyvk.com\/wp-content\/uploads\/2025\/04\/electric-baby-bottle-shaker-50x50.jpg 50w\" sizes=\"(max-width: 493px) 100vw, 493px\" title=\"\">\t\t\t\t\t\t\t\t\t\t\t\t\t\t\t<\/div>\n\t\t\t\t<\/div>\n\t\t\t\t\t<\/div>\n\t\t<\/div>\n\t\t\t\t\t<\/div>\n\t\t<\/section>\n\t\t\t\t<\/div>","protected":false},"excerpt":{"rendered":"<p>Features Even Mixing, No ClumpsSmart micro-computer control blends formula and water thoroughly\u2014smooth and lump-free every time. Less Foam, Easier Digestion360\u00b0<\/p>","protected":false},"featured_media":22524,"comment_status":"open","ping_status":"closed","template":"","meta":{"_acf_changed":false},"product_brand":[],"product_cat":[508],"product_tag":[1002,999,1004,1001,1000,1003],"class_list":{"0":"post-22535","1":"product","2":"type-product","3":"status-publish","4":"has-post-thumbnail","6":"product_cat-best-baby-feeding","7":"product_tag-baby-formula-maker","8":"product_tag-baby-milk-shaker","9":"product_tag-electric-automatic-infant-bottle-shaker","10":"product_tag-electric-baby-bottle-shaker","11":"product_tag-formula-shaker","12":"product_tag-usb-charging-baby-milk-bottle-shaker","14":"first","15":"instock","16":"taxable","17":"shipping-taxable","18":"purchasable","19":"product-type-variable","20":"wvs-archive-product-wrapper"},"acf":[],"_links":{"self":[{"href":"https:\/\/babyvk.com\/pt\/wp-json\/wp\/v2\/product\/22535","targetHints":{"allow":["GET"]}}],"collection":[{"href":"https:\/\/babyvk.com\/pt\/wp-json\/wp\/v2\/product"}],"about":[{"href":"https:\/\/babyvk.com\/pt\/wp-json\/wp\/v2\/types\/product"}],"replies":[{"embeddable":true,"href":"https:\/\/babyvk.com\/pt\/wp-json\/wp\/v2\/comments?post=22535"}],"version-history":[{"count":0,"href":"https:\/\/babyvk.com\/pt\/wp-json\/wp\/v2\/product\/22535\/revisions"}],"wp:featuredmedia":[{"embeddable":true,"href":"https:\/\/babyvk.com\/pt\/wp-json\/wp\/v2\/media\/22524"}],"wp:attachment":[{"href":"https:\/\/babyvk.com\/pt\/wp-json\/wp\/v2\/media?parent=22535"}],"wp:term":[{"taxonomy":"product_brand","embeddable":true,"href":"https:\/\/babyvk.com\/pt\/wp-json\/wp\/v2\/product_brand?post=22535"},{"taxonomy":"product_cat","embeddable":true,"href":"https:\/\/babyvk.com\/pt\/wp-json\/wp\/v2\/product_cat?post=22535"},{"taxonomy":"product_tag","embeddable":true,"href":"https:\/\/babyvk.com\/pt\/wp-json\/wp\/v2\/product_tag?post=22535"}],"curies":[{"name":"wp","href":"https:\/\/api.w.org\/{rel}","templated":true}]}}