{"id":22236,"date":"2025-03-21T19:14:16","date_gmt":"2025-03-21T19:14:16","guid":{"rendered":"https:\/\/babyvk.com\/?post_type=product&#038;p=22236"},"modified":"2025-08-05T08:32:01","modified_gmt":"2025-08-05T08:32:01","slug":"toddler-potty-training-pants","status":"publish","type":"product","link":"https:\/\/babyvk.com\/pt\/product\/toddler-potty-training-pants\/","title":{"rendered":"Cal\u00e7as de treino para beb\u00e9s"},"content":{"rendered":"<div data-elementor-type=\"product-post\" data-elementor-id=\"22236\" class=\"elementor elementor-22236\" data-elementor-post-type=\"product\">\n\t\t\t\t\t\t<section class=\"wd-negative-gap elementor-section elementor-top-section elementor-element elementor-element-89b5b48 elementor-section-boxed elementor-section-height-default elementor-section-height-default\" data-id=\"89b5b48\" data-element_type=\"section\">\n\t\t\t\t\t\t<div class=\"elementor-container elementor-column-gap-default\">\n\t\t\t\t\t<div class=\"elementor-column elementor-col-100 elementor-top-column elementor-element elementor-element-eb8c74b\" data-id=\"eb8c74b\" data-element_type=\"column\">\n\t\t\t<div class=\"elementor-widget-wrap elementor-element-populated\">\n\t\t\t\t\t\t<div class=\"elementor-element elementor-element-724eb98 color-scheme-inherit text-left elementor-widget elementor-widget-text-editor\" data-id=\"724eb98\" data-element_type=\"widget\" data-widget_type=\"text-editor.default\">\n\t\t\t\t<div class=\"elementor-widget-container\">\n\t\t\t\t\t\t\t\t\t<h3 data-start=\"0\" data-end=\"55\">Carater\u00edsticas\u00a0<\/h3><ul data-start=\"57\" data-end=\"671\" data-is-last-node=\"\" data-is-only-node=\"\"><li data-start=\"57\" data-end=\"185\"><strong data-start=\"59\" data-end=\"83\">Material de algod\u00e3o macio<\/strong> - Feito de algod\u00e3o respir\u00e1vel e amigo da pele com padr\u00f5es ador\u00e1veis, perfeito para a pele sens\u00edvel do beb\u00e9.<\/li><li data-start=\"186\" data-end=\"310\"><strong data-start=\"188\" data-end=\"216\">Design de 6 camadas \u00e0 prova de fugas<\/strong> - Ajuda a evitar fugas e mant\u00e9m a sujidade contida, tornando o treino do bacio mais f\u00e1cil para os pais.<\/li><li data-start=\"311\" data-end=\"433\"><strong data-start=\"313\" data-end=\"339\">Apoio ao treino do bacio<\/strong> - Concebido para permitir que os beb\u00e9s sintam a humidade, incentivando-os a reconhecer e a controlar a mic\u00e7\u00e3o.<\/li><li data-start=\"434\" data-end=\"539\"><strong data-start=\"436\" data-end=\"459\">Necessidade de mudan\u00e7a r\u00e1pida<\/strong> - N\u00e3o se destina a uso prolongado; mudar de roupa no espa\u00e7o de 15-20 minutos para manter o beb\u00e9 seco.<\/li><li data-start=\"540\" data-end=\"671\" data-is-last-node=\"\"><strong data-start=\"542\" data-end=\"560\">Rent\u00e1vel<\/strong> - Mais dur\u00e1vel do que as fraldas descart\u00e1veis - lav\u00e1vel na m\u00e1quina e dura mais de 3 meses, poupando dinheiro a longo prazo.<\/li><\/ul>\t\t\t\t\t\t\t\t<\/div>\n\t\t\t\t<\/div>\n\t\t\t\t\t<\/div>\n\t\t<\/div>\n\t\t\t\t\t<\/div>\n\t\t<\/section>\n\t\t\t\t<section class=\"wd-negative-gap elementor-section elementor-top-section elementor-element elementor-element-4777e23 elementor-section-boxed elementor-section-height-default elementor-section-height-default\" data-id=\"4777e23\" data-element_type=\"section\">\n\t\t\t\t\t\t<div class=\"elementor-container elementor-column-gap-default\">\n\t\t\t\t\t<div class=\"elementor-column elementor-col-100 elementor-top-column elementor-element elementor-element-ee750cb\" data-id=\"ee750cb\" data-element_type=\"column\">\n\t\t\t<div class=\"elementor-widget-wrap elementor-element-populated\">\n\t\t\t\t\t\t<div class=\"elementor-element elementor-element-4af8f49 color-scheme-inherit text-left elementor-widget elementor-widget-text-editor\" data-id=\"4af8f49\" data-element_type=\"widget\" data-widget_type=\"text-editor.default\">\n\t\t\t\t<div class=\"elementor-widget-container\">\n\t\t\t\t\t\t\t\t\t<p><span style=\"font-size: 14pt;\"><span style=\"color: #ff0000;\"><strong>Nota: <\/strong><\/span><span style=\"color: #ff0000;\">Se um determinado padr\u00e3o do artigo estiver esgotado, enviaremos um padr\u00e3o aleat\u00f3rio.<\/span><\/span><\/p>\t\t\t\t\t\t\t\t<\/div>\n\t\t\t\t<\/div>\n\t\t\t\t<div class=\"elementor-element elementor-element-8f6a424 elementor-widget elementor-widget-image\" data-id=\"8f6a424\" data-element_type=\"widget\" data-widget_type=\"image.default\">\n\t\t\t\t<div class=\"elementor-widget-container\">\n\t\t\t\t\t\t\t\t\t\t\t\t\t\t\t<img fetchpriority=\"high\" decoding=\"async\" width=\"1300\" height=\"533\" src=\"https:\/\/babyvk.com\/wp-content\/themes\/woodmart\/images\/lazy.svg\" data-src=\"https:\/\/babyvk.com\/wp-content\/uploads\/2025\/03\/training-underwear-7-1300x533.jpg\" class=\"wd-lazy-blur attachment-large size-large wp-image-22266 wvs-archive-product-image\" alt=\"training underwear\" srcset=\"\" data-srcset=\"https:\/\/babyvk.com\/wp-content\/uploads\/2025\/03\/training-underwear-7-1300x533.jpg 1300w, https:\/\/babyvk.com\/wp-content\/uploads\/2025\/03\/training-underwear-7-400x164.jpg 400w, https:\/\/babyvk.com\/wp-content\/uploads\/2025\/03\/training-underwear-7-768x315.jpg 768w, https:\/\/babyvk.com\/wp-content\/uploads\/2025\/03\/training-underwear-7-860x352.jpg 860w, https:\/\/babyvk.com\/wp-content\/uploads\/2025\/03\/training-underwear-7-1320x541.jpg 1320w, https:\/\/babyvk.com\/wp-content\/uploads\/2025\/03\/training-underwear-7-430x176.jpg 430w, https:\/\/babyvk.com\/wp-content\/uploads\/2025\/03\/training-underwear-7-700x287.jpg 700w, https:\/\/babyvk.com\/wp-content\/uploads\/2025\/03\/training-underwear-7-100x41.jpg 100w, https:\/\/babyvk.com\/wp-content\/uploads\/2025\/03\/training-underwear-7.jpg 1464w\" sizes=\"(max-width: 1300px) 100vw, 1300px\" title=\"\">\t\t\t\t\t\t\t\t\t\t\t\t\t\t\t<\/div>\n\t\t\t\t<\/div>\n\t\t\t\t<div class=\"elementor-element elementor-element-355019b elementor-widget elementor-widget-image\" data-id=\"355019b\" data-element_type=\"widget\" data-widget_type=\"image.default\">\n\t\t\t\t<div class=\"elementor-widget-container\">\n\t\t\t\t\t\t\t\t\t\t\t\t\t\t\t<img decoding=\"async\" width=\"1300\" height=\"533\" src=\"https:\/\/babyvk.com\/wp-content\/themes\/woodmart\/images\/lazy.svg\" data-src=\"https:\/\/babyvk.com\/wp-content\/uploads\/2025\/03\/Baby-Toddler-Thick-Absorbent-Potty-Training-Pants-Underwear-6-1300x533.jpg\" class=\"wd-lazy-blur attachment-large size-large wp-image-22265 wvs-archive-product-image\" alt=\"roupa interior de treino para o bacio\" srcset=\"\" data-srcset=\"https:\/\/babyvk.com\/wp-content\/uploads\/2025\/03\/Baby-Toddler-Thick-Absorbent-Potty-Training-Pants-Underwear-6-1300x533.jpg 1300w, https:\/\/babyvk.com\/wp-content\/uploads\/2025\/03\/Baby-Toddler-Thick-Absorbent-Potty-Training-Pants-Underwear-6-400x164.jpg 400w, https:\/\/babyvk.com\/wp-content\/uploads\/2025\/03\/Baby-Toddler-Thick-Absorbent-Potty-Training-Pants-Underwear-6-768x315.jpg 768w, https:\/\/babyvk.com\/wp-content\/uploads\/2025\/03\/Baby-Toddler-Thick-Absorbent-Potty-Training-Pants-Underwear-6-860x352.jpg 860w, https:\/\/babyvk.com\/wp-content\/uploads\/2025\/03\/Baby-Toddler-Thick-Absorbent-Potty-Training-Pants-Underwear-6-1320x541.jpg 1320w, https:\/\/babyvk.com\/wp-content\/uploads\/2025\/03\/Baby-Toddler-Thick-Absorbent-Potty-Training-Pants-Underwear-6-430x176.jpg 430w, https:\/\/babyvk.com\/wp-content\/uploads\/2025\/03\/Baby-Toddler-Thick-Absorbent-Potty-Training-Pants-Underwear-6-700x287.jpg 700w, https:\/\/babyvk.com\/wp-content\/uploads\/2025\/03\/Baby-Toddler-Thick-Absorbent-Potty-Training-Pants-Underwear-6-100x41.jpg 100w, https:\/\/babyvk.com\/wp-content\/uploads\/2025\/03\/Baby-Toddler-Thick-Absorbent-Potty-Training-Pants-Underwear-6.jpg 1464w\" sizes=\"(max-width: 1300px) 100vw, 1300px\" title=\"\">\t\t\t\t\t\t\t\t\t\t\t\t\t\t\t<\/div>\n\t\t\t\t<\/div>\n\t\t\t\t<div class=\"elementor-element elementor-element-3885d3b elementor-widget elementor-widget-image\" data-id=\"3885d3b\" data-element_type=\"widget\" data-widget_type=\"image.default\">\n\t\t\t\t<div class=\"elementor-widget-container\">\n\t\t\t\t\t\t\t\t\t\t\t\t\t\t\t<img decoding=\"async\" width=\"1300\" height=\"533\" src=\"https:\/\/babyvk.com\/wp-content\/themes\/woodmart\/images\/lazy.svg\" data-src=\"https:\/\/babyvk.com\/wp-content\/uploads\/2025\/03\/Potty-Training-Underwear-for-Kids-5-1300x533.jpg\" class=\"wd-lazy-blur attachment-large size-large wp-image-22264 wvs-archive-product-image\" alt=\"roupa interior de treino para beb\u00e9 menina\" srcset=\"\" data-srcset=\"https:\/\/babyvk.com\/wp-content\/uploads\/2025\/03\/Potty-Training-Underwear-for-Kids-5-1300x533.jpg 1300w, https:\/\/babyvk.com\/wp-content\/uploads\/2025\/03\/Potty-Training-Underwear-for-Kids-5-400x164.jpg 400w, https:\/\/babyvk.com\/wp-content\/uploads\/2025\/03\/Potty-Training-Underwear-for-Kids-5-768x315.jpg 768w, https:\/\/babyvk.com\/wp-content\/uploads\/2025\/03\/Potty-Training-Underwear-for-Kids-5-860x352.jpg 860w, https:\/\/babyvk.com\/wp-content\/uploads\/2025\/03\/Potty-Training-Underwear-for-Kids-5-1320x541.jpg 1320w, https:\/\/babyvk.com\/wp-content\/uploads\/2025\/03\/Potty-Training-Underwear-for-Kids-5-430x176.jpg 430w, https:\/\/babyvk.com\/wp-content\/uploads\/2025\/03\/Potty-Training-Underwear-for-Kids-5-700x287.jpg 700w, https:\/\/babyvk.com\/wp-content\/uploads\/2025\/03\/Potty-Training-Underwear-for-Kids-5-100x41.jpg 100w, https:\/\/babyvk.com\/wp-content\/uploads\/2025\/03\/Potty-Training-Underwear-for-Kids-5.jpg 1464w\" sizes=\"(max-width: 1300px) 100vw, 1300px\" title=\"\">\t\t\t\t\t\t\t\t\t\t\t\t\t\t\t<\/div>\n\t\t\t\t<\/div>\n\t\t\t\t<div class=\"elementor-element elementor-element-93e127f elementor-widget elementor-widget-image\" data-id=\"93e127f\" data-element_type=\"widget\" data-widget_type=\"image.default\">\n\t\t\t\t<div class=\"elementor-widget-container\">\n\t\t\t\t\t\t\t\t\t\t\t\t\t\t\t<img loading=\"lazy\" decoding=\"async\" width=\"1300\" height=\"533\" src=\"https:\/\/babyvk.com\/wp-content\/themes\/woodmart\/images\/lazy.svg\" data-src=\"https:\/\/babyvk.com\/wp-content\/uploads\/2025\/03\/Baby-Toddler-Potty-Training-Underwear-4-1300x533.jpg\" class=\"wd-lazy-blur attachment-large size-large wp-image-22271 wvs-archive-product-image\" alt=\"Cal\u00e7as de treino para beb\u00e9 em algod\u00e3o\" srcset=\"\" data-srcset=\"https:\/\/babyvk.com\/wp-content\/uploads\/2025\/03\/Baby-Toddler-Potty-Training-Underwear-4-1300x533.jpg 1300w, https:\/\/babyvk.com\/wp-content\/uploads\/2025\/03\/Baby-Toddler-Potty-Training-Underwear-4-400x164.jpg 400w, https:\/\/babyvk.com\/wp-content\/uploads\/2025\/03\/Baby-Toddler-Potty-Training-Underwear-4-768x315.jpg 768w, https:\/\/babyvk.com\/wp-content\/uploads\/2025\/03\/Baby-Toddler-Potty-Training-Underwear-4-860x352.jpg 860w, https:\/\/babyvk.com\/wp-content\/uploads\/2025\/03\/Baby-Toddler-Potty-Training-Underwear-4-1320x541.jpg 1320w, https:\/\/babyvk.com\/wp-content\/uploads\/2025\/03\/Baby-Toddler-Potty-Training-Underwear-4-430x176.jpg 430w, https:\/\/babyvk.com\/wp-content\/uploads\/2025\/03\/Baby-Toddler-Potty-Training-Underwear-4-700x287.jpg 700w, https:\/\/babyvk.com\/wp-content\/uploads\/2025\/03\/Baby-Toddler-Potty-Training-Underwear-4-100x41.jpg 100w, https:\/\/babyvk.com\/wp-content\/uploads\/2025\/03\/Baby-Toddler-Potty-Training-Underwear-4.jpg 1464w\" sizes=\"(max-width: 1300px) 100vw, 1300px\" title=\"\">\t\t\t\t\t\t\t\t\t\t\t\t\t\t\t<\/div>\n\t\t\t\t<\/div>\n\t\t\t\t<div class=\"elementor-element elementor-element-73f4f32 elementor-widget elementor-widget-image\" data-id=\"73f4f32\" data-element_type=\"widget\" data-widget_type=\"image.default\">\n\t\t\t\t<div class=\"elementor-widget-container\">\n\t\t\t\t\t\t\t\t\t\t\t\t\t\t\t<img loading=\"lazy\" decoding=\"async\" width=\"1300\" height=\"533\" src=\"https:\/\/babyvk.com\/wp-content\/themes\/woodmart\/images\/lazy.svg\" data-src=\"https:\/\/babyvk.com\/wp-content\/uploads\/2025\/03\/potty-training-underwear-1-1300x533.jpg\" class=\"wd-lazy-blur attachment-large size-large wp-image-22268 wvs-archive-product-image\" alt=\"roupa interior de treino para beb\u00e9s\" srcset=\"\" data-srcset=\"https:\/\/babyvk.com\/wp-content\/uploads\/2025\/03\/potty-training-underwear-1-1300x533.jpg 1300w, https:\/\/babyvk.com\/wp-content\/uploads\/2025\/03\/potty-training-underwear-1-400x164.jpg 400w, https:\/\/babyvk.com\/wp-content\/uploads\/2025\/03\/potty-training-underwear-1-768x315.jpg 768w, https:\/\/babyvk.com\/wp-content\/uploads\/2025\/03\/potty-training-underwear-1-860x352.jpg 860w, https:\/\/babyvk.com\/wp-content\/uploads\/2025\/03\/potty-training-underwear-1-1320x541.jpg 1320w, https:\/\/babyvk.com\/wp-content\/uploads\/2025\/03\/potty-training-underwear-1-430x176.jpg 430w, https:\/\/babyvk.com\/wp-content\/uploads\/2025\/03\/potty-training-underwear-1-700x287.jpg 700w, https:\/\/babyvk.com\/wp-content\/uploads\/2025\/03\/potty-training-underwear-1-100x41.jpg 100w, https:\/\/babyvk.com\/wp-content\/uploads\/2025\/03\/potty-training-underwear-1.jpg 1464w\" sizes=\"(max-width: 1300px) 100vw, 1300px\" title=\"\">\t\t\t\t\t\t\t\t\t\t\t\t\t\t\t<\/div>\n\t\t\t\t<\/div>\n\t\t\t\t<div class=\"elementor-element elementor-element-d85aff0 elementor-widget elementor-widget-image\" data-id=\"d85aff0\" data-element_type=\"widget\" data-widget_type=\"image.default\">\n\t\t\t\t<div class=\"elementor-widget-container\">\n\t\t\t\t\t\t\t\t\t\t\t\t\t\t\t<img loading=\"lazy\" decoding=\"async\" width=\"1300\" height=\"533\" src=\"https:\/\/babyvk.com\/wp-content\/themes\/woodmart\/images\/lazy.svg\" data-src=\"https:\/\/babyvk.com\/wp-content\/uploads\/2025\/03\/potty-training-underwear-for-girls-3-1300x533.jpg\" class=\"wd-lazy-blur attachment-large size-large wp-image-22270 wvs-archive-product-image\" alt=\"Cal\u00e7as de treino imperme\u00e1veis para o bacio\" srcset=\"\" data-srcset=\"https:\/\/babyvk.com\/wp-content\/uploads\/2025\/03\/potty-training-underwear-for-girls-3-1300x533.jpg 1300w, https:\/\/babyvk.com\/wp-content\/uploads\/2025\/03\/potty-training-underwear-for-girls-3-400x164.jpg 400w, https:\/\/babyvk.com\/wp-content\/uploads\/2025\/03\/potty-training-underwear-for-girls-3-768x315.jpg 768w, https:\/\/babyvk.com\/wp-content\/uploads\/2025\/03\/potty-training-underwear-for-girls-3-860x352.jpg 860w, https:\/\/babyvk.com\/wp-content\/uploads\/2025\/03\/potty-training-underwear-for-girls-3-1320x541.jpg 1320w, https:\/\/babyvk.com\/wp-content\/uploads\/2025\/03\/potty-training-underwear-for-girls-3-430x176.jpg 430w, https:\/\/babyvk.com\/wp-content\/uploads\/2025\/03\/potty-training-underwear-for-girls-3-700x287.jpg 700w, https:\/\/babyvk.com\/wp-content\/uploads\/2025\/03\/potty-training-underwear-for-girls-3-100x41.jpg 100w, https:\/\/babyvk.com\/wp-content\/uploads\/2025\/03\/potty-training-underwear-for-girls-3.jpg 1464w\" sizes=\"(max-width: 1300px) 100vw, 1300px\" title=\"\">\t\t\t\t\t\t\t\t\t\t\t\t\t\t\t<\/div>\n\t\t\t\t<\/div>\n\t\t\t\t<div class=\"elementor-element elementor-element-69e363e elementor-widget elementor-widget-image\" data-id=\"69e363e\" data-element_type=\"widget\" data-widget_type=\"image.default\">\n\t\t\t\t<div class=\"elementor-widget-container\">\n\t\t\t\t\t\t\t\t\t\t\t\t\t\t\t<img loading=\"lazy\" decoding=\"async\" width=\"1300\" height=\"533\" src=\"https:\/\/babyvk.com\/wp-content\/themes\/woodmart\/images\/lazy.svg\" data-src=\"https:\/\/babyvk.com\/wp-content\/uploads\/2025\/03\/toddler-training-underwear-girls-2-1300x533.jpg\" class=\"wd-lazy-blur attachment-large size-large wp-image-22269 wvs-archive-product-image\" alt=\"Cuecas de treino para beb\u00e9 menina\" srcset=\"\" data-srcset=\"https:\/\/babyvk.com\/wp-content\/uploads\/2025\/03\/toddler-training-underwear-girls-2-1300x533.jpg 1300w, https:\/\/babyvk.com\/wp-content\/uploads\/2025\/03\/toddler-training-underwear-girls-2-400x164.jpg 400w, https:\/\/babyvk.com\/wp-content\/uploads\/2025\/03\/toddler-training-underwear-girls-2-768x315.jpg 768w, https:\/\/babyvk.com\/wp-content\/uploads\/2025\/03\/toddler-training-underwear-girls-2-860x352.jpg 860w, https:\/\/babyvk.com\/wp-content\/uploads\/2025\/03\/toddler-training-underwear-girls-2-1320x541.jpg 1320w, https:\/\/babyvk.com\/wp-content\/uploads\/2025\/03\/toddler-training-underwear-girls-2-430x176.jpg 430w, https:\/\/babyvk.com\/wp-content\/uploads\/2025\/03\/toddler-training-underwear-girls-2-700x287.jpg 700w, https:\/\/babyvk.com\/wp-content\/uploads\/2025\/03\/toddler-training-underwear-girls-2-100x41.jpg 100w, https:\/\/babyvk.com\/wp-content\/uploads\/2025\/03\/toddler-training-underwear-girls-2.jpg 1464w\" sizes=\"(max-width: 1300px) 100vw, 1300px\" title=\"\">\t\t\t\t\t\t\t\t\t\t\t\t\t\t\t<\/div>\n\t\t\t\t<\/div>\n\t\t\t\t<div class=\"elementor-element elementor-element-359fd01 elementor-widget elementor-widget-image\" data-id=\"359fd01\" data-element_type=\"widget\" data-widget_type=\"image.default\">\n\t\t\t\t<div class=\"elementor-widget-container\">\n\t\t\t\t\t\t\t\t\t\t\t\t\t\t\t<img loading=\"lazy\" decoding=\"async\" width=\"1300\" height=\"533\" src=\"https:\/\/babyvk.com\/wp-content\/themes\/woodmart\/images\/lazy.svg\" data-src=\"https:\/\/babyvk.com\/wp-content\/uploads\/2025\/03\/Waterproof-Potty-Training-Pants-8-1300x533.jpg\" class=\"wd-lazy-blur attachment-large size-large wp-image-22267 wvs-archive-product-image\" alt=\"training underwear 2t-3t\" srcset=\"\" data-srcset=\"https:\/\/babyvk.com\/wp-content\/uploads\/2025\/03\/Waterproof-Potty-Training-Pants-8-1300x533.jpg 1300w, https:\/\/babyvk.com\/wp-content\/uploads\/2025\/03\/Waterproof-Potty-Training-Pants-8-400x164.jpg 400w, https:\/\/babyvk.com\/wp-content\/uploads\/2025\/03\/Waterproof-Potty-Training-Pants-8-768x315.jpg 768w, https:\/\/babyvk.com\/wp-content\/uploads\/2025\/03\/Waterproof-Potty-Training-Pants-8-860x352.jpg 860w, https:\/\/babyvk.com\/wp-content\/uploads\/2025\/03\/Waterproof-Potty-Training-Pants-8-1320x541.jpg 1320w, https:\/\/babyvk.com\/wp-content\/uploads\/2025\/03\/Waterproof-Potty-Training-Pants-8-430x176.jpg 430w, https:\/\/babyvk.com\/wp-content\/uploads\/2025\/03\/Waterproof-Potty-Training-Pants-8-700x287.jpg 700w, https:\/\/babyvk.com\/wp-content\/uploads\/2025\/03\/Waterproof-Potty-Training-Pants-8-100x41.jpg 100w, https:\/\/babyvk.com\/wp-content\/uploads\/2025\/03\/Waterproof-Potty-Training-Pants-8.jpg 1464w\" sizes=\"(max-width: 1300px) 100vw, 1300px\" title=\"\">\t\t\t\t\t\t\t\t\t\t\t\t\t\t\t<\/div>\n\t\t\t\t<\/div>\n\t\t\t\t\t<\/div>\n\t\t<\/div>\n\t\t\t\t\t<\/div>\n\t\t<\/section>\n\t\t\t\t<\/div>","protected":false},"excerpt":{"rendered":"<p>Features Soft Cotton Material \u2013 Made of breathable, skin-friendly cotton with adorable patterns, perfect for sensitive baby skin. 6-Layer Leakproof<\/p>","protected":false},"featured_media":22240,"comment_status":"open","ping_status":"closed","template":"","meta":{"_acf_changed":false},"product_brand":[],"product_cat":[32],"product_tag":[1005,970,973,974],"class_list":{"0":"post-22236","1":"product","2":"type-product","3":"status-publish","4":"has-post-thumbnail","6":"product_cat-best-baby-clothing","7":"product_tag-baby-cottontraining-pants","8":"product_tag-potty-training-underwear","9":"product_tag-toddler-potty-training-underwear","10":"product_tag-waterproof-potty-training-pants","12":"first","13":"instock","14":"sale","15":"taxable","16":"shipping-taxable","17":"purchasable","18":"product-type-variable","19":"wvs-archive-product-wrapper"},"acf":[],"_links":{"self":[{"href":"https:\/\/babyvk.com\/pt\/wp-json\/wp\/v2\/product\/22236","targetHints":{"allow":["GET"]}}],"collection":[{"href":"https:\/\/babyvk.com\/pt\/wp-json\/wp\/v2\/product"}],"about":[{"href":"https:\/\/babyvk.com\/pt\/wp-json\/wp\/v2\/types\/product"}],"replies":[{"embeddable":true,"href":"https:\/\/babyvk.com\/pt\/wp-json\/wp\/v2\/comments?post=22236"}],"version-history":[{"count":0,"href":"https:\/\/babyvk.com\/pt\/wp-json\/wp\/v2\/product\/22236\/revisions"}],"wp:featuredmedia":[{"embeddable":true,"href":"https:\/\/babyvk.com\/pt\/wp-json\/wp\/v2\/media\/22240"}],"wp:attachment":[{"href":"https:\/\/babyvk.com\/pt\/wp-json\/wp\/v2\/media?parent=22236"}],"wp:term":[{"taxonomy":"product_brand","embeddable":true,"href":"https:\/\/babyvk.com\/pt\/wp-json\/wp\/v2\/product_brand?post=22236"},{"taxonomy":"product_cat","embeddable":true,"href":"https:\/\/babyvk.com\/pt\/wp-json\/wp\/v2\/product_cat?post=22236"},{"taxonomy":"product_tag","embeddable":true,"href":"https:\/\/babyvk.com\/pt\/wp-json\/wp\/v2\/product_tag?post=22236"}],"curies":[{"name":"wp","href":"https:\/\/api.w.org\/{rel}","templated":true}]}}