{"id":22099,"date":"2025-03-14T19:34:58","date_gmt":"2025-03-14T19:34:58","guid":{"rendered":"https:\/\/babyvk.com\/?post_type=product&#038;p=22099"},"modified":"2025-03-31T15:58:15","modified_gmt":"2025-03-31T15:58:15","slug":"bear-water-bottle-with-straw","status":"publish","type":"product","link":"https:\/\/babyvk.com\/pt\/product\/bear-water-bottle-with-straw\/","title":{"rendered":"Garrafa de \u00e1gua de urso com al\u00e7a de palha 750ML"},"content":{"rendered":"<div data-elementor-type=\"product-post\" data-elementor-id=\"22099\" class=\"elementor elementor-22099\" data-elementor-post-type=\"product\">\n\t\t\t\t\t\t<section class=\"wd-negative-gap elementor-section elementor-top-section elementor-element elementor-element-0aa0444 elementor-section-boxed elementor-section-height-default elementor-section-height-default\" data-id=\"0aa0444\" data-element_type=\"section\">\n\t\t\t\t\t\t<div class=\"elementor-container elementor-column-gap-default\">\n\t\t\t\t\t<div class=\"elementor-column elementor-col-100 elementor-top-column elementor-element elementor-element-7a68de4\" data-id=\"7a68de4\" data-element_type=\"column\">\n\t\t\t<div class=\"elementor-widget-wrap elementor-element-populated\">\n\t\t\t\t\t\t<div class=\"elementor-element elementor-element-26a874a elementor-widget elementor-widget-wd_image_or_svg\" data-id=\"26a874a\" data-element_type=\"widget\" data-widget_type=\"wd_image_or_svg.default\">\n\t\t\t\t<div class=\"elementor-widget-container\">\n\t\t\t\t\t\n\t\t<div class=\"wd-image text-left\">\n\t\t\t\t\t\t\t\t<img fetchpriority=\"high\" decoding=\"async\" width=\"800\" height=\"800\" src=\"https:\/\/babyvk.com\/wp-content\/uploads\/2025\/03\/bear-water-bottle-for-kids.jpg\" class=\"attachment-full size-full wvs-archive-product-image\" alt=\"garrafa de \u00e1gua de urso para crian\u00e7as\" srcset=\"https:\/\/babyvk.com\/wp-content\/uploads\/2025\/03\/bear-water-bottle-for-kids.jpg 800w, https:\/\/babyvk.com\/wp-content\/uploads\/2025\/03\/bear-water-bottle-for-kids-300x300.jpg 300w, https:\/\/babyvk.com\/wp-content\/uploads\/2025\/03\/bear-water-bottle-for-kids-150x150.jpg 150w, https:\/\/babyvk.com\/wp-content\/uploads\/2025\/03\/bear-water-bottle-for-kids-768x768.jpg 768w, https:\/\/babyvk.com\/wp-content\/uploads\/2025\/03\/bear-water-bottle-for-kids-430x430.jpg 430w, https:\/\/babyvk.com\/wp-content\/uploads\/2025\/03\/bear-water-bottle-for-kids-700x700.jpg 700w, https:\/\/babyvk.com\/wp-content\/uploads\/2025\/03\/bear-water-bottle-for-kids-100x100.jpg 100w, https:\/\/babyvk.com\/wp-content\/uploads\/2025\/03\/bear-water-bottle-for-kids-50x50.jpg 50w\" sizes=\"(max-width: 800px) 100vw, 800px\" title=\"\">\t\t\t\t\t<\/div>\n\n\t\t\t\t\t\t<\/div>\n\t\t\t\t<\/div>\n\t\t\t\t<div class=\"elementor-element elementor-element-2ec16ba elementor-widget elementor-widget-wd_image_or_svg\" data-id=\"2ec16ba\" data-element_type=\"widget\" data-widget_type=\"wd_image_or_svg.default\">\n\t\t\t\t<div class=\"elementor-widget-container\">\n\t\t\t\t\t\n\t\t<div class=\"wd-image text-left\">\n\t\t\t\t\t\t\t\t<img decoding=\"async\" width=\"800\" height=\"800\" src=\"https:\/\/babyvk.com\/wp-content\/uploads\/2025\/03\/bear-water-bottle-for-baby.jpg\" class=\"attachment-full size-full wvs-archive-product-image\" alt=\"garrafa de \u00e1gua de urso kawaii\" srcset=\"https:\/\/babyvk.com\/wp-content\/uploads\/2025\/03\/bear-water-bottle-for-baby.jpg 800w, https:\/\/babyvk.com\/wp-content\/uploads\/2025\/03\/bear-water-bottle-for-baby-300x300.jpg 300w, https:\/\/babyvk.com\/wp-content\/uploads\/2025\/03\/bear-water-bottle-for-baby-150x150.jpg 150w, https:\/\/babyvk.com\/wp-content\/uploads\/2025\/03\/bear-water-bottle-for-baby-768x768.jpg 768w, https:\/\/babyvk.com\/wp-content\/uploads\/2025\/03\/bear-water-bottle-for-baby-430x430.jpg 430w, https:\/\/babyvk.com\/wp-content\/uploads\/2025\/03\/bear-water-bottle-for-baby-700x700.jpg 700w, https:\/\/babyvk.com\/wp-content\/uploads\/2025\/03\/bear-water-bottle-for-baby-100x100.jpg 100w, https:\/\/babyvk.com\/wp-content\/uploads\/2025\/03\/bear-water-bottle-for-baby-50x50.jpg 50w\" sizes=\"(max-width: 800px) 100vw, 800px\" title=\"\">\t\t\t\t\t<\/div>\n\n\t\t\t\t\t\t<\/div>\n\t\t\t\t<\/div>\n\t\t\t\t<div class=\"elementor-element elementor-element-71074fd wd-width-100 elementor-widget elementor-widget-wd_title\" data-id=\"71074fd\" data-element_type=\"widget\" data-widget_type=\"wd_title.default\">\n\t\t\t\t<div class=\"elementor-widget-container\">\n\t\t\t\t\t\t\t<div class=\"title-wrapper wd-set-mb reset-last-child wd-title-color-default wd-title-style-default wd-title-size-default text-center\">\n\n\t\t\t\n\t\t\t<div class=\"liner-continer\">\n\t\t\t\t<h2 class=\"woodmart-title-container title wd-fontsize-l\">EXCELENTES PORMENORES - N\u00c3O S\u00d3 ISSO<\/h2> \n\t\t\t\t\t\t\t<\/div>\n\n\t\t\t\t\t\t\t<div class=\"title-after_title reset-last-child wd-fontsize-xs\">\n\t\t\t\t\t<p>Por causa da profiss\u00e3o \/ Por isso a profiss\u00e3o<\/p>\t\t\t\t<\/div>\n\t\t\t\t\t<\/div>\n\t\t\t\t\t\t<\/div>\n\t\t\t\t<\/div>\n\t\t\t\t<div class=\"elementor-element elementor-element-951dcd0 elementor-widget elementor-widget-wd_image_or_svg\" data-id=\"951dcd0\" data-element_type=\"widget\" data-widget_type=\"wd_image_or_svg.default\">\n\t\t\t\t<div class=\"elementor-widget-container\">\n\t\t\t\t\t\n\t\t<div class=\"wd-image text-left\">\n\t\t\t\t\t\t\t\t<img decoding=\"async\" width=\"790\" height=\"635\" src=\"https:\/\/babyvk.com\/wp-content\/uploads\/2025\/03\/water-bottle-for-kids-4-6.jpg\" class=\"attachment-full size-full wvs-archive-product-image\" alt=\"garrafa de \u00e1gua de urso para crian\u00e7as\" srcset=\"https:\/\/babyvk.com\/wp-content\/uploads\/2025\/03\/water-bottle-for-kids-4-6.jpg 790w, https:\/\/babyvk.com\/wp-content\/uploads\/2025\/03\/water-bottle-for-kids-4-6-373x300.jpg 373w, https:\/\/babyvk.com\/wp-content\/uploads\/2025\/03\/water-bottle-for-kids-4-6-768x617.jpg 768w, https:\/\/babyvk.com\/wp-content\/uploads\/2025\/03\/water-bottle-for-kids-4-6-430x346.jpg 430w, https:\/\/babyvk.com\/wp-content\/uploads\/2025\/03\/water-bottle-for-kids-4-6-700x563.jpg 700w, https:\/\/babyvk.com\/wp-content\/uploads\/2025\/03\/water-bottle-for-kids-4-6-100x80.jpg 100w\" sizes=\"(max-width: 790px) 100vw, 790px\" title=\"\">\t\t\t\t\t<\/div>\n\n\t\t\t\t\t\t<\/div>\n\t\t\t\t<\/div>\n\t\t\t\t<div class=\"elementor-element elementor-element-8ddd730 color-scheme-inherit text-left elementor-widget elementor-widget-text-editor\" data-id=\"8ddd730\" data-element_type=\"widget\" data-widget_type=\"text-editor.default\">\n\t\t\t\t<div class=\"elementor-widget-container\">\n\t\t\t\t\t\t\t\t\t<p style=\"text-align: center;\"><strong>Boca de copo redonda, tampas de copo esquerda e direita compat\u00edveis<\/strong><\/p><p>\u00a0<\/p>\t\t\t\t\t\t\t\t<\/div>\n\t\t\t\t<\/div>\n\t\t\t\t<div class=\"elementor-element elementor-element-63ec43f elementor-widget elementor-widget-wd_image_or_svg\" data-id=\"63ec43f\" data-element_type=\"widget\" data-widget_type=\"wd_image_or_svg.default\">\n\t\t\t\t<div class=\"elementor-widget-container\">\n\t\t\t\t\t\n\t\t<div class=\"wd-image text-left\">\n\t\t\t\t\t\t\t\t<img loading=\"lazy\" decoding=\"async\" width=\"790\" height=\"620\" src=\"https:\/\/babyvk.com\/wp-content\/uploads\/2025\/03\/water-bottle-for-kids-with-straw.jpg\" class=\"attachment-full size-full wvs-archive-product-image\" alt=\"garrafa de \u00e1gua de urso para crian\u00e7as\" srcset=\"https:\/\/babyvk.com\/wp-content\/uploads\/2025\/03\/water-bottle-for-kids-with-straw.jpg 790w, https:\/\/babyvk.com\/wp-content\/uploads\/2025\/03\/water-bottle-for-kids-with-straw-382x300.jpg 382w, https:\/\/babyvk.com\/wp-content\/uploads\/2025\/03\/water-bottle-for-kids-with-straw-768x603.jpg 768w, https:\/\/babyvk.com\/wp-content\/uploads\/2025\/03\/water-bottle-for-kids-with-straw-430x337.jpg 430w, https:\/\/babyvk.com\/wp-content\/uploads\/2025\/03\/water-bottle-for-kids-with-straw-700x549.jpg 700w, https:\/\/babyvk.com\/wp-content\/uploads\/2025\/03\/water-bottle-for-kids-with-straw-100x78.jpg 100w\" sizes=\"(max-width: 790px) 100vw, 790px\" title=\"\">\t\t\t\t\t<\/div>\n\n\t\t\t\t\t\t<\/div>\n\t\t\t\t<\/div>\n\t\t\t\t<div class=\"elementor-element elementor-element-f653541 color-scheme-inherit text-left elementor-widget elementor-widget-text-editor\" data-id=\"f653541\" data-element_type=\"widget\" data-widget_type=\"text-editor.default\">\n\t\t\t\t<div class=\"elementor-widget-container\">\n\t\t\t\t\t\t\t\t\t<p style=\"text-align: center;\"><strong>O silicone selado bloqueia as gotas de \u00e1gua sem fugas<\/strong><\/p><p>\u00a0<\/p>\t\t\t\t\t\t\t\t<\/div>\n\t\t\t\t<\/div>\n\t\t\t\t<div class=\"elementor-element elementor-element-a62d69a elementor-widget elementor-widget-wd_image_or_svg\" data-id=\"a62d69a\" data-element_type=\"widget\" data-widget_type=\"wd_image_or_svg.default\">\n\t\t\t\t<div class=\"elementor-widget-container\">\n\t\t\t\t\t\n\t\t<div class=\"wd-image text-left\">\n\t\t\t\t\t\t\t\t<img loading=\"lazy\" decoding=\"async\" width=\"790\" height=\"618\" src=\"https:\/\/babyvk.com\/wp-content\/uploads\/2025\/03\/water-bottle-with-strap.jpg\" class=\"attachment-full size-full wvs-archive-product-image\" alt=\"garrafa de \u00e1gua de urso para crian\u00e7as\" srcset=\"https:\/\/babyvk.com\/wp-content\/uploads\/2025\/03\/water-bottle-with-strap.jpg 790w, https:\/\/babyvk.com\/wp-content\/uploads\/2025\/03\/water-bottle-with-strap-383x300.jpg 383w, https:\/\/babyvk.com\/wp-content\/uploads\/2025\/03\/water-bottle-with-strap-768x601.jpg 768w, https:\/\/babyvk.com\/wp-content\/uploads\/2025\/03\/water-bottle-with-strap-430x336.jpg 430w, https:\/\/babyvk.com\/wp-content\/uploads\/2025\/03\/water-bottle-with-strap-700x548.jpg 700w, https:\/\/babyvk.com\/wp-content\/uploads\/2025\/03\/water-bottle-with-strap-100x78.jpg 100w\" sizes=\"(max-width: 790px) 100vw, 790px\" title=\"\">\t\t\t\t\t<\/div>\n\n\t\t\t\t\t\t<\/div>\n\t\t\t\t<\/div>\n\t\t\t\t<div class=\"elementor-element elementor-element-4c38d2b color-scheme-inherit text-left elementor-widget elementor-widget-text-editor\" data-id=\"4c38d2b\" data-element_type=\"widget\" data-widget_type=\"text-editor.default\">\n\t\t\t\t<div class=\"elementor-widget-container\">\n\t\t\t\t\t\t\t\t\t<p style=\"text-align: center;\"><strong>A fivela de seguran\u00e7a destac\u00e1vel da al\u00e7a de ombro pode ser aberta com apenas uma press\u00e3o<\/strong><\/p><p>\u00a0<\/p>\t\t\t\t\t\t\t\t<\/div>\n\t\t\t\t<\/div>\n\t\t\t\t<div class=\"elementor-element elementor-element-92ac8b9 elementor-widget elementor-widget-wd_image_or_svg\" data-id=\"92ac8b9\" data-element_type=\"widget\" data-widget_type=\"wd_image_or_svg.default\">\n\t\t\t\t<div class=\"elementor-widget-container\">\n\t\t\t\t\t\n\t\t<div class=\"wd-image text-left\">\n\t\t\t\t\t\t\t\t<img loading=\"lazy\" decoding=\"async\" width=\"790\" height=\"618\" src=\"https:\/\/babyvk.com\/wp-content\/uploads\/2025\/03\/water-bottle-for-kids-6-8.jpg\" class=\"attachment-full size-full wvs-archive-product-image\" alt=\"garrafa de \u00e1gua de urso gira\" srcset=\"https:\/\/babyvk.com\/wp-content\/uploads\/2025\/03\/water-bottle-for-kids-6-8.jpg 790w, https:\/\/babyvk.com\/wp-content\/uploads\/2025\/03\/water-bottle-for-kids-6-8-383x300.jpg 383w, https:\/\/babyvk.com\/wp-content\/uploads\/2025\/03\/water-bottle-for-kids-6-8-768x601.jpg 768w, https:\/\/babyvk.com\/wp-content\/uploads\/2025\/03\/water-bottle-for-kids-6-8-430x336.jpg 430w, https:\/\/babyvk.com\/wp-content\/uploads\/2025\/03\/water-bottle-for-kids-6-8-700x548.jpg 700w, https:\/\/babyvk.com\/wp-content\/uploads\/2025\/03\/water-bottle-for-kids-6-8-100x78.jpg 100w\" sizes=\"(max-width: 790px) 100vw, 790px\" title=\"\">\t\t\t\t\t<\/div>\n\n\t\t\t\t\t\t<\/div>\n\t\t\t\t<\/div>\n\t\t\t\t<div class=\"elementor-element elementor-element-ce94e6c color-scheme-inherit text-left elementor-widget elementor-widget-text-editor\" data-id=\"ce94e6c\" data-element_type=\"widget\" data-widget_type=\"text-editor.default\">\n\t\t\t\t<div class=\"elementor-widget-container\">\n\t\t\t\t\t\t\t\t\t<p style=\"text-align: center;\"><strong>Al\u00e7as de qualidade com comprimento ajust\u00e1vel<\/strong><\/p><p>\u00a0<\/p>\t\t\t\t\t\t\t\t<\/div>\n\t\t\t\t<\/div>\n\t\t\t\t<div class=\"elementor-element elementor-element-6009ae3 elementor-widget elementor-widget-heading\" data-id=\"6009ae3\" data-element_type=\"widget\" data-widget_type=\"heading.default\">\n\t\t\t\t<div class=\"elementor-widget-container\">\n\t\t\t\t\t<h2 class=\"elementor-heading-title elementor-size-default\">Especifica\u00e7\u00f5es do produto<\/h2>\t\t\t\t<\/div>\n\t\t\t\t<\/div>\n\t\t\t\t<div class=\"elementor-element elementor-element-cb7fe0f color-scheme-inherit text-left elementor-widget elementor-widget-text-editor\" data-id=\"cb7fe0f\" data-element_type=\"widget\" data-widget_type=\"text-editor.default\">\n\t\t\t\t<div class=\"elementor-widget-container\">\n\t\t\t\t\t\t\t\t\t<ul><li>Nome: Garrafa de \u00e1gua de urso com palhinha<\/li><li style=\"text-align: left;\">Capacidade: 750ml<\/li><li style=\"text-align: left;\">Material: Corpo do copo em PC, tampa do copo em PP<\/li><li style=\"text-align: left;\">Cor: Castanho\\Rosa<\/li><\/ul>\t\t\t\t\t\t\t\t<\/div>\n\t\t\t\t<\/div>\n\t\t\t\t<div class=\"elementor-element elementor-element-aeba1b4 elementor-widget elementor-widget-wd_image_or_svg\" data-id=\"aeba1b4\" data-element_type=\"widget\" data-widget_type=\"wd_image_or_svg.default\">\n\t\t\t\t<div class=\"elementor-widget-container\">\n\t\t\t\t\t\n\t\t<div class=\"wd-image text-left\">\n\t\t\t\t\t\t\t\t<img loading=\"lazy\" decoding=\"async\" width=\"790\" height=\"712\" src=\"https:\/\/babyvk.com\/wp-content\/uploads\/2025\/03\/water-bottle-for-kids-ages-8-12.jpg\" class=\"attachment-full size-full wvs-archive-product-image\" alt=\"garrafa de \u00e1gua de urso kawaii\" srcset=\"https:\/\/babyvk.com\/wp-content\/uploads\/2025\/03\/water-bottle-for-kids-ages-8-12.jpg 790w, https:\/\/babyvk.com\/wp-content\/uploads\/2025\/03\/water-bottle-for-kids-ages-8-12-333x300.jpg 333w, https:\/\/babyvk.com\/wp-content\/uploads\/2025\/03\/water-bottle-for-kids-ages-8-12-768x692.jpg 768w, https:\/\/babyvk.com\/wp-content\/uploads\/2025\/03\/water-bottle-for-kids-ages-8-12-430x388.jpg 430w, https:\/\/babyvk.com\/wp-content\/uploads\/2025\/03\/water-bottle-for-kids-ages-8-12-700x631.jpg 700w, https:\/\/babyvk.com\/wp-content\/uploads\/2025\/03\/water-bottle-for-kids-ages-8-12-100x90.jpg 100w\" sizes=\"(max-width: 790px) 100vw, 790px\" title=\"\">\t\t\t\t\t<\/div>\n\n\t\t\t\t\t\t<\/div>\n\t\t\t\t<\/div>\n\t\t\t\t\t<\/div>\n\t\t<\/div>\n\t\t\t\t\t<\/div>\n\t\t<\/section>\n\t\t\t\t<\/div>","protected":false},"excerpt":{"rendered":"<p>EXCELLENT DETAILS &#8211; NOT JUST THAT Because of profession \/ So profession Round cup mouth, left and right cup lids<\/p>","protected":false},"featured_media":22093,"comment_status":"open","ping_status":"closed","template":"","meta":{"_acf_changed":false},"product_brand":[],"product_cat":[508],"product_tag":[955,958,956,959,957],"class_list":{"0":"post-22099","1":"product","2":"type-product","3":"status-publish","4":"has-post-thumbnail","6":"product_cat-best-baby-feeding","7":"product_tag-bear-water-bottle-for-kids","8":"product_tag-bear-water-bottle-for-school","9":"product_tag-cute-kawaii-bear-water-bottle","10":"product_tag-water-bottle-for-travel","11":"product_tag-water-bottle-with-straw-leak-proof","13":"first","14":"instock","15":"sale","16":"taxable","17":"shipping-taxable","18":"purchasable","19":"product-type-variable","20":"wvs-archive-product-wrapper"},"acf":[],"_links":{"self":[{"href":"https:\/\/babyvk.com\/pt\/wp-json\/wp\/v2\/product\/22099","targetHints":{"allow":["GET"]}}],"collection":[{"href":"https:\/\/babyvk.com\/pt\/wp-json\/wp\/v2\/product"}],"about":[{"href":"https:\/\/babyvk.com\/pt\/wp-json\/wp\/v2\/types\/product"}],"replies":[{"embeddable":true,"href":"https:\/\/babyvk.com\/pt\/wp-json\/wp\/v2\/comments?post=22099"}],"version-history":[{"count":0,"href":"https:\/\/babyvk.com\/pt\/wp-json\/wp\/v2\/product\/22099\/revisions"}],"wp:featuredmedia":[{"embeddable":true,"href":"https:\/\/babyvk.com\/pt\/wp-json\/wp\/v2\/media\/22093"}],"wp:attachment":[{"href":"https:\/\/babyvk.com\/pt\/wp-json\/wp\/v2\/media?parent=22099"}],"wp:term":[{"taxonomy":"product_brand","embeddable":true,"href":"https:\/\/babyvk.com\/pt\/wp-json\/wp\/v2\/product_brand?post=22099"},{"taxonomy":"product_cat","embeddable":true,"href":"https:\/\/babyvk.com\/pt\/wp-json\/wp\/v2\/product_cat?post=22099"},{"taxonomy":"product_tag","embeddable":true,"href":"https:\/\/babyvk.com\/pt\/wp-json\/wp\/v2\/product_tag?post=22099"}],"curies":[{"name":"wp","href":"https:\/\/api.w.org\/{rel}","templated":true}]}}