{"id":21696,"date":"2025-01-16T16:29:28","date_gmt":"2025-01-16T16:29:28","guid":{"rendered":"https:\/\/babyvk.com\/product\/infant-silicone-nasal-aspirator-pump\/"},"modified":"2026-01-20T19:13:47","modified_gmt":"2026-01-20T19:13:47","slug":"infant-silicone-nasal-aspirator-pump","status":"publish","type":"product","link":"https:\/\/babyvk.com\/pt\/product\/infant-silicone-nasal-aspirator-pump\/","title":{"rendered":"Bomba de silicone para aspirador nasal de beb\u00e9"},"content":{"rendered":"<\/p>\n<p class=\"detail-desc-decorate-title\" style=\"font-family: OpenSans;font-size: 20px;line-height: 28px;margin-bottom: 12px\"><span style=\"font-family: OpenSans;font-size: 14px;font-weight: bold\">Detalhes do produto:<\/span><\/p>\n<p class=\"detail-desc-decorate-title\" style=\"font-family: 'OpenSans';color:'#000';font-weight: 900;font-size: 20px;line-height: 28px;color: #000;margin-bottom: 12px\"><span style=\"font-family: OpenSans;font-size: 14px;font-weight: 300\">Tamanho: cerca de 11*3,8 cm de di\u00e2metro<\/span><\/p>\n<p class=\"detail-desc-decorate-title\" style=\"font-family: 'OpenSans';color:'#000';font-weight: 900;font-size: 20px;line-height: 28px;color: #000;margin-bottom: 12px\"><span style=\"font-family: OpenSans;font-size: 14px;font-weight: 300\">Quantidade: 1 embalagem<\/span><\/p>\n<p class=\"detail-desc-decorate-title\" style=\"font-family: 'OpenSans';color:'#000';font-weight: 900;font-size: 20px;line-height: 28px;color: #000;margin-bottom: 12px\"><span style=\"font-family: OpenSans;font-size: 14px;font-weight: 300\">Material: Polipropileno, Silicone<\/span><\/p>\n<p class=\"detail-desc-decorate-title\" style=\"font-family: 'OpenSans';color:'#000';font-weight: 900;font-size: 20px;line-height: 28px;color: #000;margin-bottom: 12px\"><span style=\"font-family: OpenSans;font-size: 14px;font-weight: 300\">Notas: Os dados referidos acima est\u00e3o em cent\u00edmetros. Pode haver uma ligeira diferen\u00e7a na cor devido \u00e0s defini\u00e7\u00f5es do monitor do computador.<\/span><\/p>\n<p><img decoding=\"async\" src=\"\/\/ae01.alicdn.com\/kf\/H1294116d36da41d9b252eb79be9a08adE.jpg\" class=\"detail-desc-decorate-image\" alt=\"\" title=\"\"><img decoding=\"async\" src=\"\/\/ae01.alicdn.com\/kf\/H14ef461b4b7440c0be8c0ed9d20e55744.jpg\" class=\"detail-desc-decorate-image\" alt=\"\" title=\"\"><img decoding=\"async\" src=\"\/\/ae01.alicdn.com\/kf\/Hb6a131d11b9946a185f7bd5cb07aa3062.jpg\" class=\"detail-desc-decorate-image\" alt=\"\" title=\"\"><img decoding=\"async\" src=\"\/\/ae01.alicdn.com\/kf\/Habec87d4c198492eacbaebc430a44016I.jpg\" class=\"detail-desc-decorate-image\" alt=\"\" title=\"\"><img decoding=\"async\" src=\"\/\/ae01.alicdn.com\/kf\/Hd06f91cc1c9e4cad8f4fbbbd018b241f2.jpg\" class=\"detail-desc-decorate-image\" alt=\"\" title=\"\"><img decoding=\"async\" src=\"\/\/ae01.alicdn.com\/kf\/Hc39cf38f062d47319c6a60e60fb6537dX.jpg\" class=\"detail-desc-decorate-image\" alt=\"\" title=\"\"><img decoding=\"async\" src=\"\/\/ae01.alicdn.com\/kf\/H6d852d64e60f4303ae6bf941301ff7adf.jpg\" class=\"detail-desc-decorate-image\" alt=\"\" title=\"\"><img decoding=\"async\" src=\"\/\/ae01.alicdn.com\/kf\/H5d2aa57fb9bf493284caee181c33ce14C.jpg\" class=\"detail-desc-decorate-image\" alt=\"\" title=\"\"><img decoding=\"async\" src=\"\/\/ae01.alicdn.com\/kf\/He8ef345685444ae2ab8fd5f17a754dd2f.jpg\" class=\"detail-desc-decorate-image\" alt=\"\" title=\"\"><\/p>","protected":false},"excerpt":{"rendered":"<p>Product Details: Size: about 11*3.8 cm in diameter Quantity: 1 pack Material: Polypropylene, Silicone Notes:The data refer to the above<\/p>","protected":false},"featured_media":21688,"comment_status":"open","ping_status":"closed","template":"","meta":{"_acf_changed":false},"product_brand":[],"product_cat":[29],"product_tag":[],"class_list":{"0":"post-21696","1":"product","2":"type-product","3":"status-publish","4":"has-post-thumbnail","6":"product_cat-best-baby-care","8":"first","9":"instock","10":"taxable","11":"shipping-taxable","12":"purchasable","13":"product-type-variable","14":"wvs-archive-product-wrapper"},"acf":[],"_links":{"self":[{"href":"https:\/\/babyvk.com\/pt\/wp-json\/wp\/v2\/product\/21696","targetHints":{"allow":["GET"]}}],"collection":[{"href":"https:\/\/babyvk.com\/pt\/wp-json\/wp\/v2\/product"}],"about":[{"href":"https:\/\/babyvk.com\/pt\/wp-json\/wp\/v2\/types\/product"}],"replies":[{"embeddable":true,"href":"https:\/\/babyvk.com\/pt\/wp-json\/wp\/v2\/comments?post=21696"}],"version-history":[{"count":0,"href":"https:\/\/babyvk.com\/pt\/wp-json\/wp\/v2\/product\/21696\/revisions"}],"wp:featuredmedia":[{"embeddable":true,"href":"https:\/\/babyvk.com\/pt\/wp-json\/wp\/v2\/media\/21688"}],"wp:attachment":[{"href":"https:\/\/babyvk.com\/pt\/wp-json\/wp\/v2\/media?parent=21696"}],"wp:term":[{"taxonomy":"product_brand","embeddable":true,"href":"https:\/\/babyvk.com\/pt\/wp-json\/wp\/v2\/product_brand?post=21696"},{"taxonomy":"product_cat","embeddable":true,"href":"https:\/\/babyvk.com\/pt\/wp-json\/wp\/v2\/product_cat?post=21696"},{"taxonomy":"product_tag","embeddable":true,"href":"https:\/\/babyvk.com\/pt\/wp-json\/wp\/v2\/product_tag?post=21696"}],"curies":[{"name":"wp","href":"https:\/\/api.w.org\/{rel}","templated":true}]}}