{"id":21191,"date":"2024-10-18T07:44:48","date_gmt":"2024-10-18T07:44:48","guid":{"rendered":"https:\/\/babyvk.com\/?post_type=product&#038;p=21191"},"modified":"2025-06-22T03:32:06","modified_gmt":"2025-06-22T03:32:06","slug":"baby-formula-container-to-go","status":"publish","type":"product","link":"https:\/\/babyvk.com\/pt\/product\/baby-formula-container-to-go\/","title":{"rendered":"Recipiente para f\u00f3rmula para beb\u00e9 To Go"},"content":{"rendered":"<div data-elementor-type=\"product-post\" data-elementor-id=\"21191\" class=\"elementor elementor-21191\" data-elementor-post-type=\"product\">\n\t\t\t\t\t\t<section class=\"wd-negative-gap elementor-section elementor-top-section elementor-element elementor-element-c5909ca elementor-section-boxed elementor-section-height-default elementor-section-height-default\" data-id=\"c5909ca\" data-element_type=\"section\">\n\t\t\t\t\t\t<div class=\"elementor-container elementor-column-gap-default\">\n\t\t\t\t\t<div class=\"elementor-column elementor-col-100 elementor-top-column elementor-element elementor-element-e60aa3f\" data-id=\"e60aa3f\" data-element_type=\"column\">\n\t\t\t<div class=\"elementor-widget-wrap elementor-element-populated\">\n\t\t\t\t\t\t<div class=\"elementor-element elementor-element-cb800c9 color-scheme-inherit text-left elementor-widget elementor-widget-text-editor\" data-id=\"cb800c9\" data-element_type=\"widget\" data-widget_type=\"text-editor.default\">\n\t\t\t\t<div class=\"elementor-widget-container\">\n\t\t\t\t\t\t\t\t\t<h2>Carater\u00edsticas:<\/h2><ol class=\"a-unordered-list a-vertical a-spacing-mini\"><li class=\"a-spacing-mini\"><span class=\"a-list-item\">Inclui recipientes de armazenamento de alimentos para beb\u00e9s de 4 camadas com capacidade suficiente para as suas necessidades de utiliza\u00e7\u00e3o. Cada camada pode conter cerca de 35-40g. Cada pacote de recipiente dispensador de f\u00f3rmula com actividades de 4 camadas que pode conter cerca de 175-200g.<\/span><\/li><li class=\"a-spacing-mini\"><span class=\"a-list-item\">Esta caixa de leite em p\u00f3 para beb\u00e9s mede 7,5 cm x 22 cm (2,95 x 8,85 polegadas), \u00e9 compacta e port\u00e1til, ideal para babysitting, creches, em casa e em viagem. Material PP sem BPA de qualidade superior, seguro para m\u00e1quina de lavar lou\u00e7a.<\/span><\/li><li class=\"a-spacing-mini\"><span class=\"a-list-item\">Al\u00e9m da f\u00f3rmula do leite em p\u00f3, o espa\u00e7o de armazenamento generoso significa que o dispensador tamb\u00e9m pode ser usado para conter frutas, lanches para beb\u00e9s, alimentos s\u00f3lidos para beb\u00e9s e acess\u00f3rios como chupetas, protetores de mamilo e tetinas de biber\u00e3o.<\/span><\/li><li class=\"a-spacing-mini\"><span class=\"a-list-item\">A sua dimens\u00e3o reduzida permite-lhe ser facilmente guardada em sacos de buggy e suportes para garrafas e ch\u00e1venas de caf\u00e9\/bebidas.<\/span><\/li><li class=\"a-spacing-mini\"><span class=\"a-list-item\">Os 4 compartimentos deste distribuidor de leite em p\u00f3 podem ser combinados em ordem diferente e em qualquer n\u00famero, e cada camada tamb\u00e9m pode ser retirada e usada de forma independente.<\/span><\/li><\/ol>\t\t\t\t\t\t\t\t<\/div>\n\t\t\t\t<\/div>\n\t\t\t\t\t<\/div>\n\t\t<\/div>\n\t\t\t\t\t<\/div>\n\t\t<\/section>\n\t\t\t\t<section class=\"wd-negative-gap elementor-section elementor-top-section elementor-element elementor-element-4e45fc1 elementor-section-boxed elementor-section-height-default elementor-section-height-default\" data-id=\"4e45fc1\" data-element_type=\"section\">\n\t\t\t\t\t\t<div class=\"elementor-container elementor-column-gap-default\">\n\t\t\t\t\t<div class=\"elementor-column elementor-col-100 elementor-top-column elementor-element elementor-element-48a53b7\" data-id=\"48a53b7\" data-element_type=\"column\">\n\t\t\t<div class=\"elementor-widget-wrap elementor-element-populated\">\n\t\t\t\t\t\t<div class=\"elementor-element elementor-element-6da4a00 color-scheme-inherit text-left elementor-widget elementor-widget-text-editor\" data-id=\"6da4a00\" data-element_type=\"widget\" data-widget_type=\"text-editor.default\">\n\t\t\t\t<div class=\"elementor-widget-container\">\n\t\t\t\t\t\t\t\t\t<h2>Especifica\u00e7\u00f5es:<\/h2><ul><li>Tamanho: 7,5 cm x 22 cm (2,95 x 8,85 polegadas).<\/li><li>Embalagem: 1 pacote (4 camadas).<\/li><li>Capacidade: Cada camada pode conter cerca de 35-40g.Cada pacote de recipiente dispensador de f\u00f3rmula com actividades de 4 camadas que podem conter cerca de 175-200g.<\/li><\/ul>\t\t\t\t\t\t\t\t<\/div>\n\t\t\t\t<\/div>\n\t\t\t\t\t<\/div>\n\t\t<\/div>\n\t\t\t\t\t<\/div>\n\t\t<\/section>\n\t\t\t\t<section class=\"wd-negative-gap elementor-section elementor-top-section elementor-element elementor-element-b66fc99 elementor-section-boxed elementor-section-height-default elementor-section-height-default\" data-id=\"b66fc99\" data-element_type=\"section\">\n\t\t\t\t\t\t<div class=\"elementor-container elementor-column-gap-default\">\n\t\t\t\t\t<div class=\"elementor-column elementor-col-100 elementor-top-column elementor-element elementor-element-55a75f9\" data-id=\"55a75f9\" data-element_type=\"column\">\n\t\t\t<div class=\"elementor-widget-wrap elementor-element-populated\">\n\t\t\t\t\t\t<div class=\"elementor-element elementor-element-e697049 color-scheme-inherit text-left elementor-widget elementor-widget-text-editor\" data-id=\"e697049\" data-element_type=\"widget\" data-widget_type=\"text-editor.default\">\n\t\t\t\t<div class=\"elementor-widget-container\">\n\t\t\t\t\t\t\t\t\t<h2>Nota:<\/h2><ol><li>A cor da fotografia pode variar ligeiramente devido \u00e0 ilumina\u00e7\u00e3o e a um ecr\u00e3 diferente.<\/li><li>Por favor, permita um desvio de 1-3 cm devido \u00e0 medi\u00e7\u00e3o manual.<\/li><\/ol>\t\t\t\t\t\t\t\t<\/div>\n\t\t\t\t<\/div>\n\t\t\t\t\t<\/div>\n\t\t<\/div>\n\t\t\t\t\t<\/div>\n\t\t<\/section>\n\t\t\t\t<\/div>","protected":false},"excerpt":{"rendered":"<p>Features: Includes 4-Layer Baby Food Storage Containers With Enough Capacity For Your Usage Needs.Each Layer Can Hold About 35-40g.Each Pack<\/p>","protected":false},"featured_media":21186,"comment_status":"open","ping_status":"closed","template":"","meta":{"_acf_changed":false},"product_brand":[],"product_cat":[508],"product_tag":[856,854,932,931,855,933],"class_list":{"0":"post-21191","1":"product","2":"type-product","3":"status-publish","4":"has-post-thumbnail","6":"product_cat-best-baby-feeding","7":"product_tag-baby-formula-container","8":"product_tag-baby-formula-dispenser","9":"product_tag-baby-snack-containers","10":"product_tag-formula-container-to-go","11":"product_tag-formula-dispenser-on-the-go","12":"product_tag-travel-formula-container","14":"first","15":"instock","16":"sale","17":"taxable","18":"shipping-taxable","19":"purchasable","20":"product-type-variable","21":"wvs-archive-product-wrapper"},"acf":[],"_links":{"self":[{"href":"https:\/\/babyvk.com\/pt\/wp-json\/wp\/v2\/product\/21191","targetHints":{"allow":["GET"]}}],"collection":[{"href":"https:\/\/babyvk.com\/pt\/wp-json\/wp\/v2\/product"}],"about":[{"href":"https:\/\/babyvk.com\/pt\/wp-json\/wp\/v2\/types\/product"}],"replies":[{"embeddable":true,"href":"https:\/\/babyvk.com\/pt\/wp-json\/wp\/v2\/comments?post=21191"}],"version-history":[{"count":1,"href":"https:\/\/babyvk.com\/pt\/wp-json\/wp\/v2\/product\/21191\/revisions"}],"predecessor-version":[{"id":24852,"href":"https:\/\/babyvk.com\/pt\/wp-json\/wp\/v2\/product\/21191\/revisions\/24852"}],"wp:featuredmedia":[{"embeddable":true,"href":"https:\/\/babyvk.com\/pt\/wp-json\/wp\/v2\/media\/21186"}],"wp:attachment":[{"href":"https:\/\/babyvk.com\/pt\/wp-json\/wp\/v2\/media?parent=21191"}],"wp:term":[{"taxonomy":"product_brand","embeddable":true,"href":"https:\/\/babyvk.com\/pt\/wp-json\/wp\/v2\/product_brand?post=21191"},{"taxonomy":"product_cat","embeddable":true,"href":"https:\/\/babyvk.com\/pt\/wp-json\/wp\/v2\/product_cat?post=21191"},{"taxonomy":"product_tag","embeddable":true,"href":"https:\/\/babyvk.com\/pt\/wp-json\/wp\/v2\/product_tag?post=21191"}],"curies":[{"name":"wp","href":"https:\/\/api.w.org\/{rel}","templated":true}]}}