{"id":20978,"date":"2024-09-12T13:34:08","date_gmt":"2024-09-12T13:34:08","guid":{"rendered":"https:\/\/babyvk.com\/?post_type=product&#038;p=20978"},"modified":"2026-01-14T02:07:24","modified_gmt":"2026-01-14T02:07:24","slug":"glass-baby-bottle-4-2oz-120ml","status":"publish","type":"product","link":"https:\/\/babyvk.com\/pt\/product\/glass-baby-bottle-4-2oz-120ml\/","title":{"rendered":"Biber\u00e3o de vidro 4.2oz\/120ml"},"content":{"rendered":"<div data-elementor-type=\"product-post\" data-elementor-id=\"20978\" class=\"elementor elementor-20978\" data-elementor-post-type=\"product\">\n\t\t\t\t\t\t<section class=\"wd-negative-gap elementor-section elementor-top-section elementor-element elementor-element-d28830b elementor-section-boxed elementor-section-height-default elementor-section-height-default\" data-id=\"d28830b\" data-element_type=\"section\">\n\t\t\t\t\t\t<div class=\"elementor-container elementor-column-gap-default\">\n\t\t\t\t\t<div class=\"elementor-column elementor-col-100 elementor-top-column elementor-element elementor-element-edeb7da\" data-id=\"edeb7da\" data-element_type=\"column\">\n\t\t\t<div class=\"elementor-widget-wrap elementor-element-populated\">\n\t\t\t\t\t\t<div class=\"elementor-element elementor-element-238cafe color-scheme-inherit text-left elementor-widget elementor-widget-text-editor\" data-id=\"238cafe\" data-element_type=\"widget\" data-widget_type=\"text-editor.default\">\n\t\t\t\t<div class=\"elementor-widget-container\">\n\t\t\t\t\t\t\t\t\t<p>Torne a hora da alimenta\u00e7\u00e3o mais f\u00e1cil e segura com o nosso biber\u00e3o de vidro (4,2 oz\/120 ml)! Concebido para ser vers\u00e1til, inclui uma colher e uma tetina para diferentes fases de alimenta\u00e7\u00e3o, al\u00e9m de uma bonita manga protetora em forma de vaca para evitar que se parta. N\u00e3o h\u00e1 mais preocupa\u00e7\u00f5es, apenas alimenta\u00e7\u00e3o feliz! \ud83c\udf7c\ud83d\udc04\u2728<\/p>\t\t\t\t\t\t\t\t<\/div>\n\t\t\t\t<\/div>\n\t\t\t\t\t<\/div>\n\t\t<\/div>\n\t\t\t\t\t<\/div>\n\t\t<\/section>\n\t\t\t\t<section class=\"wd-negative-gap elementor-section elementor-top-section elementor-element elementor-element-d931356 elementor-section-boxed elementor-section-height-default elementor-section-height-default\" data-id=\"d931356\" data-element_type=\"section\">\n\t\t\t\t\t\t<div class=\"elementor-container elementor-column-gap-default\">\n\t\t\t\t\t<div class=\"elementor-column elementor-col-100 elementor-top-column elementor-element elementor-element-fb1f4c4\" data-id=\"fb1f4c4\" data-element_type=\"column\">\n\t\t\t<div class=\"elementor-widget-wrap elementor-element-populated\">\n\t\t\t\t\t\t<div class=\"elementor-element elementor-element-bd66e22 color-scheme-inherit text-left elementor-widget elementor-widget-text-editor\" data-id=\"bd66e22\" data-element_type=\"widget\" data-widget_type=\"text-editor.default\">\n\t\t\t\t<div class=\"elementor-widget-container\">\n\t\t\t\t\t\t\t\t\t<p><strong> Carater\u00edsticas:<\/strong><\/p>\n<ol>\n<li>Dois modos de alimenta\u00e7\u00e3o: Alterne entre a colher macia para pur\u00e9s suaves e a tetina para leite ou \u00e1gua.<\/li>\n<li>Bonita e protetora: A ador\u00e1vel manga para garrafa em forma de vaca protege o vidro de quedas e choques acidentais.<\/li>\n<li>Vidro resistente ao calor: Fabricado em vidro de alta qualidade, sem BPA, que resiste ao calor e mant\u00e9m a higiene.<\/li>\n<li>F\u00e1cil de limpar: Inclui uma escova para garrafas de cortesia para uma limpeza sem complica\u00e7\u00f5es.<\/li>\n<li>Amigo do ambiente: Diga adeus aos biber\u00f5es de pl\u00e1stico - a nossa op\u00e7\u00e3o de vidro \u00e9 sustent\u00e1vel e mais segura para o seu beb\u00e9!<\/li>\n<\/ol>\t\t\t\t\t\t\t\t<\/div>\n\t\t\t\t<\/div>\n\t\t\t\t\t<\/div>\n\t\t<\/div>\n\t\t\t\t\t<\/div>\n\t\t<\/section>\n\t\t\t\t<section class=\"wd-negative-gap elementor-section elementor-top-section elementor-element elementor-element-aa210ef elementor-section-boxed elementor-section-height-default elementor-section-height-default\" data-id=\"aa210ef\" data-element_type=\"section\">\n\t\t\t\t\t\t<div class=\"elementor-container elementor-column-gap-default\">\n\t\t\t\t\t<div class=\"elementor-column elementor-col-100 elementor-top-column elementor-element elementor-element-fac37e5\" data-id=\"fac37e5\" data-element_type=\"column\">\n\t\t\t<div class=\"elementor-widget-wrap elementor-element-populated\">\n\t\t\t\t\t\t<div class=\"elementor-element elementor-element-2c2b8b9 color-scheme-inherit text-left elementor-widget elementor-widget-text-editor\" data-id=\"2c2b8b9\" data-element_type=\"widget\" data-widget_type=\"text-editor.default\">\n\t\t\t\t<div class=\"elementor-widget-container\">\n\t\t\t\t\t\t\t\t\t<p><strong>Especifica\u00e7\u00f5es:<\/strong><\/p><ul><li>Nome do produto: Biber\u00e3o de vidro (4.2oz\/120ml)<\/li><li>Material: Vidro sem BPA, silicone, PP<\/li><li>Capacidade: 120ml\/4.2oz<\/li><li>Inclui: Acess\u00f3rios de alimenta\u00e7\u00e3o para colher e tetina, manga de prote\u00e7\u00e3o em forma de vaca<\/li><li>Faixa et\u00e1ria: 0-8 meses<\/li><\/ul>\t\t\t\t\t\t\t\t<\/div>\n\t\t\t\t<\/div>\n\t\t\t\t\t<\/div>\n\t\t<\/div>\n\t\t\t\t\t<\/div>\n\t\t<\/section>\n\t\t\t\t<section class=\"wd-negative-gap elementor-section elementor-top-section elementor-element elementor-element-fa1cd56 elementor-section-boxed elementor-section-height-default elementor-section-height-default\" data-id=\"fa1cd56\" data-element_type=\"section\">\n\t\t\t\t\t\t<div class=\"elementor-container elementor-column-gap-default\">\n\t\t\t\t\t<div class=\"elementor-column elementor-col-100 elementor-top-column elementor-element elementor-element-449fc6b\" data-id=\"449fc6b\" data-element_type=\"column\">\n\t\t\t<div class=\"elementor-widget-wrap elementor-element-populated\">\n\t\t\t\t\t\t<div class=\"elementor-element elementor-element-ec44419 color-scheme-inherit text-left elementor-widget elementor-widget-text-editor\" data-id=\"ec44419\" data-element_type=\"widget\" data-widget_type=\"text-editor.default\">\n\t\t\t\t<div class=\"elementor-widget-container\">\n\t\t\t\t\t\t\t\t\t<p><strong>Embalagem:<\/strong><\/p><ul><li>1 biber\u00e3o de vidro (120ml\/4,2oz)<\/li><li>1 Acess\u00f3rio para colher<\/li><li>1 Fixa\u00e7\u00e3o da tetina<\/li><li>1 Capa protetora em forma de vaca<\/li><li>1 Escova de limpeza de garrafas<\/li><\/ul>\t\t\t\t\t\t\t\t<\/div>\n\t\t\t\t<\/div>\n\t\t\t\t\t<\/div>\n\t\t<\/div>\n\t\t\t\t\t<\/div>\n\t\t<\/section>\n\t\t\t\t<\/div>","protected":false},"excerpt":{"rendered":"<p>\"Vidro dur\u00e1vel, design ador\u00e1vel! Alimente o seu beb\u00e9 com confian\u00e7a utilizando o nosso biber\u00e3o de vidro de 4,2 oz com tema de vaca. Compre-o j\u00e1!\"<\/p>","protected":false},"featured_media":20983,"comment_status":"open","ping_status":"closed","template":"","meta":{"_acf_changed":false},"product_brand":[],"product_cat":[508],"product_tag":[923,924,922,925,921],"class_list":{"0":"post-20978","1":"product","2":"type-product","3":"status-publish","4":"has-post-thumbnail","6":"product_cat-best-baby-feeding","7":"product_tag-anti-colic-baby-bottles","8":"product_tag-bottles-for-breastfeeding-babies","9":"product_tag-bottles-for-newborn-babies","10":"product_tag-breastfed-baby-bottles","11":"product_tag-glass-baby-bottles","13":"first","14":"outofstock","15":"sale","16":"taxable","17":"shipping-taxable","18":"purchasable","19":"product-type-variable","20":"wvs-archive-product-wrapper"},"acf":[],"_links":{"self":[{"href":"https:\/\/babyvk.com\/pt\/wp-json\/wp\/v2\/product\/20978","targetHints":{"allow":["GET"]}}],"collection":[{"href":"https:\/\/babyvk.com\/pt\/wp-json\/wp\/v2\/product"}],"about":[{"href":"https:\/\/babyvk.com\/pt\/wp-json\/wp\/v2\/types\/product"}],"replies":[{"embeddable":true,"href":"https:\/\/babyvk.com\/pt\/wp-json\/wp\/v2\/comments?post=20978"}],"version-history":[{"count":0,"href":"https:\/\/babyvk.com\/pt\/wp-json\/wp\/v2\/product\/20978\/revisions"}],"wp:featuredmedia":[{"embeddable":true,"href":"https:\/\/babyvk.com\/pt\/wp-json\/wp\/v2\/media\/20983"}],"wp:attachment":[{"href":"https:\/\/babyvk.com\/pt\/wp-json\/wp\/v2\/media?parent=20978"}],"wp:term":[{"taxonomy":"product_brand","embeddable":true,"href":"https:\/\/babyvk.com\/pt\/wp-json\/wp\/v2\/product_brand?post=20978"},{"taxonomy":"product_cat","embeddable":true,"href":"https:\/\/babyvk.com\/pt\/wp-json\/wp\/v2\/product_cat?post=20978"},{"taxonomy":"product_tag","embeddable":true,"href":"https:\/\/babyvk.com\/pt\/wp-json\/wp\/v2\/product_tag?post=20978"}],"curies":[{"name":"wp","href":"https:\/\/api.w.org\/{rel}","templated":true}]}}