{"id":20774,"date":"2024-07-26T05:43:44","date_gmt":"2024-07-26T05:43:44","guid":{"rendered":"https:\/\/babyvk.com\/?post_type=product&#038;p=20774"},"modified":"2025-09-08T17:03:24","modified_gmt":"2025-09-08T17:03:24","slug":"portable-potty-training-seat","status":"publish","type":"product","link":"https:\/\/babyvk.com\/pt\/product\/portable-potty-training-seat\/","title":{"rendered":"Assento de treino port\u00e1til para o bacio para crian\u00e7as"},"content":{"rendered":"<div data-elementor-type=\"product-post\" data-elementor-id=\"20774\" class=\"elementor elementor-20774\" data-elementor-post-type=\"product\">\n\t\t\t\t\t\t<section class=\"wd-negative-gap elementor-section elementor-top-section elementor-element elementor-element-50d78f2 elementor-section-boxed elementor-section-height-default elementor-section-height-default\" data-id=\"50d78f2\" data-element_type=\"section\">\n\t\t\t\t\t\t<div class=\"elementor-container elementor-column-gap-default\">\n\t\t\t\t\t<div class=\"elementor-column elementor-col-100 elementor-top-column elementor-element elementor-element-6086e0d\" data-id=\"6086e0d\" data-element_type=\"column\">\n\t\t\t<div class=\"elementor-widget-wrap elementor-element-populated\">\n\t\t\t\t\t\t<div class=\"elementor-element elementor-element-aec4f02 color-scheme-inherit text-left elementor-widget elementor-widget-text-editor\" data-id=\"aec4f02\" data-element_type=\"widget\" data-widget_type=\"text-editor.default\">\n\t\t\t\t<div class=\"elementor-widget-container\">\n\t\t\t\t\t\t\t\t\t<h2>Sobre este artigo<\/h2><ol><li><p><strong>Material de qualidade superior<\/strong>: O nosso bacio de viagem para crian\u00e7as \u00e9 fabricado com materiais PP e PVC de alta qualidade e amigos do ambiente. \u00c9 seguro, duradouro e resistente ao desgaste.<\/p><\/li><li><p><strong>Design atencioso<\/strong>: Este bacio port\u00e1til tem uma base antiderrapante, pe\u00e7as amov\u00edveis e apoios para os bra\u00e7os, garantindo estabilidade e ajudando as crian\u00e7as a desenvolver bons h\u00e1bitos de higiene.<\/p><\/li><li><p><strong>Para todas as crian\u00e7as<\/strong>: Adequado para raparigas e rapazes com idades compreendidas entre os 6 meses e os 5 anos, este bacio \u00e9 perfeito para os mais pequenos.<\/p><\/li><li><p><strong>Design ador\u00e1vel<\/strong>: Dispon\u00edvel em rosa e amarelo, o bacio tem a forma de um pato de desenho animado que as crian\u00e7as v\u00e3o adorar.<\/p><\/li><li><p><strong>Utiliza\u00e7\u00e3o vers\u00e1til<\/strong>: Com 17,12 x 13,77 x 11,81 polegadas, \u00e9 ideal para carros, actividades ao ar livre, piqueniques e passeios.<\/p><\/li><\/ol>\t\t\t\t\t\t\t\t<\/div>\n\t\t\t\t<\/div>\n\t\t\t\t\t<\/div>\n\t\t<\/div>\n\t\t\t\t\t<\/div>\n\t\t<\/section>\n\t\t\t\t<section class=\"wd-negative-gap elementor-section elementor-top-section elementor-element elementor-element-404dbc3 elementor-section-boxed elementor-section-height-default elementor-section-height-default\" data-id=\"404dbc3\" data-element_type=\"section\">\n\t\t\t\t\t\t<div class=\"elementor-container elementor-column-gap-default\">\n\t\t\t\t\t<div class=\"elementor-column elementor-col-100 elementor-top-column elementor-element elementor-element-4ea3224\" data-id=\"4ea3224\" data-element_type=\"column\">\n\t\t\t<div class=\"elementor-widget-wrap elementor-element-populated\">\n\t\t\t\t\t\t<div class=\"elementor-element elementor-element-a894440 color-scheme-inherit text-left elementor-widget elementor-widget-text-editor\" data-id=\"a894440\" data-element_type=\"widget\" data-widget_type=\"text-editor.default\">\n\t\t\t\t<div class=\"elementor-widget-container\">\n\t\t\t\t\t\t\t\t\t<h2>Especifica\u00e7\u00e3o:<\/h2><ul><li>Nome: Penico port\u00e1til para crian\u00e7as<\/li><li>Material: PP + PVC<\/li><li>Tamanho: 43,5*35*30CM\/17,12*13,77*11,81IN (aprox.)<\/li><li>Peso: 1200G (aprox.)\u00a0<\/li><li>Lista de embalagem: 1 pcs penico port\u00e1til para crian\u00e7as<\/li><\/ul><h2>Lista de embalagem:<\/h2><ul><li>1 pcs Penico port\u00e1til para crian\u00e7as<\/li><\/ul><h2>Notas:<\/h2><p>Devido aos efeitos de ilumina\u00e7\u00e3o e aos \u00e2ngulos da c\u00e2mara, pode haver uma diferen\u00e7a de cor no produto, por favor compreenda.<br \/>Devido \u00e0 medi\u00e7\u00e3o manual, pode haver um erro no tamanho do produto.<\/p>\t\t\t\t\t\t\t\t<\/div>\n\t\t\t\t<\/div>\n\t\t\t\t\t<\/div>\n\t\t<\/div>\n\t\t\t\t\t<\/div>\n\t\t<\/section>\n\t\t\t\t<section class=\"wd-negative-gap elementor-section elementor-top-section elementor-element elementor-element-5ae7ab6 elementor-section-boxed elementor-section-height-default elementor-section-height-default\" data-id=\"5ae7ab6\" data-element_type=\"section\">\n\t\t\t\t\t\t<div class=\"elementor-container elementor-column-gap-default\">\n\t\t\t\t\t<div class=\"elementor-column elementor-col-100 elementor-top-column elementor-element elementor-element-173e19c\" data-id=\"173e19c\" data-element_type=\"column\">\n\t\t\t<div class=\"elementor-widget-wrap elementor-element-populated\">\n\t\t\t\t\t\t<div class=\"elementor-element elementor-element-d6f30e8 wd-width-100 elementor-widget elementor-widget-wd_title\" data-id=\"d6f30e8\" data-element_type=\"widget\" data-widget_type=\"wd_title.default\">\n\t\t\t\t<div class=\"elementor-widget-container\">\n\t\t\t\t\t\t\t<div class=\"title-wrapper wd-set-mb reset-last-child wd-title-color-default wd-title-style-default wd-title-size-default text-center\">\n\n\t\t\t\t\t\t\t\t\t\t\t<div class=\"title-subtitle subtitle-color-default subtitle-style-default wd-fontsize-xs\">\n\t\t\t\t\tVER O NOSSO ESPECT\u00c1CULO REAL\t\t\t\t<\/div>\n\t\t\t\n\t\t\t<div class=\"liner-continer\">\n\t\t\t\t<h4 class=\"woodmart-title-container title wd-fontsize-l\">O nosso pequeno v\u00eddeo<\/h4> \n\t\t\t\t\t\t\t<\/div>\n\n\t\t\t\t\t\t\t<div class=\"title-after_title reset-last-child wd-fontsize-xs\">\n\t\t\t\t\t<p>Mostrar o cen\u00e1rio de utiliza\u00e7\u00e3o do produto, para lhe dar a conhecer mais pormenores.<\/p>\t\t\t\t<\/div>\n\t\t\t\t\t<\/div>\n\t\t\t\t\t\t<\/div>\n\t\t\t\t<\/div>\n\t\t\t\t<div class=\"elementor-element elementor-element-e8893c5 elementor-widget elementor-widget-wd_testimonials\" data-id=\"e8893c5\" data-element_type=\"widget\" data-widget_type=\"wd_testimonials.default\">\n\t\t\t\t<div class=\"elementor-widget-container\">\n\t\t\t\t\t\t\t<div class=\"testimonials testimon-style-standard  color-scheme- testimon-align-center wd-carousel-container\" id=\"carousel-4772\">\n\t\t\t\t\t\t\t<div class=\"wd-carousel-inner\">\n\t\t\t\n\t\t\t<div class=\"wd-carousel wd-grid\" data-scroll_per_page=\"yes\" style=\"--wd-col-lg:2;--wd-col-md:2;--wd-col-sm:1;--wd-gap-lg:30px;--wd-gap-sm:10px;\">\n\t\t\t\t\t\t\t\t\t<div class=\"wd-carousel-wrap\">\n\t\t\t\t\n\t\t\t\t\t\t\t\t\t\n<div class=\"testimonial wd-carousel-item\">\n\t<div class=\"testimonial-inner\">\n\t\t\n\t\t<div class=\"testimonial-content\">\n\t\t\t<div class=\"testimonial-rating\">\n\t\t\t\t<span class=\"star-rating\">\n\t\t\t\t\t<span style=\"width:100%\"><\/span>\n\t\t\t\t<\/span>\n\t\t\t<\/div>\n\n\t\t\t<p><iframe  id=\"_ytid_91539\"  width=\"800\" height=\"450\"  data-origwidth=\"800\" data-origheight=\"450\"  data-relstop=\"1\" src=\"https:\/\/www.youtube.com\/embed\/-Ud1RDqdR7s?enablejsapi=1&autoplay=0&cc_load_policy=1&cc_lang_pref=&iv_load_policy=3&loop=0&rel=0&fs=1&playsinline=0&autohide=2&theme=dark&color=red&controls=1&disablekb=0&\" class=\"__youtube_prefs__  no-lazyload\" title=\"Leitor do YouTube\"  allow=\"fullscreen; accelerometer; autoplay; clipboard-write; encrypted-media; gyroscope; picture-in-picture; web-share\" referrerpolicy=\"strict-origin-when-cross-origin\" allowfullscreen data-no-lazy=\"1\" data-skipgform_ajax_framebjll=\"\"><\/iframe><\/p>\n\t\t\t<footer>\n\t\t\t\t\n\t\t\t\t\t\t\t<\/footer>\n\t\t<\/div>\n\t<\/div>\n<\/div>\t\t\t\t\t\t\t\t\t\n<div class=\"testimonial wd-carousel-item\">\n\t<div class=\"testimonial-inner\">\n\t\t\n\t\t<div class=\"testimonial-content\">\n\t\t\t<div class=\"testimonial-rating\">\n\t\t\t\t<span class=\"star-rating\">\n\t\t\t\t\t<span style=\"width:100%\"><\/span>\n\t\t\t\t<\/span>\n\t\t\t<\/div>\n\n\t\t\t<p><iframe  id=\"_ytid_17006\"  width=\"800\" height=\"450\"  data-origwidth=\"800\" data-origheight=\"450\"  data-relstop=\"1\" src=\"https:\/\/www.youtube.com\/embed\/kBI3dgeMru4?enablejsapi=1&autoplay=0&cc_load_policy=1&cc_lang_pref=&iv_load_policy=3&loop=0&rel=0&fs=1&playsinline=0&autohide=2&theme=dark&color=red&controls=1&disablekb=0&\" class=\"__youtube_prefs__  no-lazyload\" title=\"Leitor do YouTube\"  allow=\"fullscreen; accelerometer; autoplay; clipboard-write; encrypted-media; gyroscope; picture-in-picture; web-share\" referrerpolicy=\"strict-origin-when-cross-origin\" allowfullscreen data-no-lazy=\"1\" data-skipgform_ajax_framebjll=\"\"><\/iframe><\/p>\n\t\t\t<footer>\n\t\t\t\t\n\t\t\t\t\t\t\t<\/footer>\n\t\t<\/div>\n\t<\/div>\n<\/div>\t\t\t\t\t\t\t\t\t\n<div class=\"testimonial wd-carousel-item\">\n\t<div class=\"testimonial-inner\">\n\t\t\n\t\t<div class=\"testimonial-content\">\n\t\t\t<div class=\"testimonial-rating\">\n\t\t\t\t<span class=\"star-rating\">\n\t\t\t\t\t<span style=\"width:100%\"><\/span>\n\t\t\t\t<\/span>\n\t\t\t<\/div>\n\n\t\t\t<p><iframe  id=\"_ytid_64675\"  width=\"800\" height=\"450\"  data-origwidth=\"800\" data-origheight=\"450\"  data-relstop=\"1\" src=\"https:\/\/www.youtube.com\/embed\/wDhaOtXcsuM?enablejsapi=1&autoplay=0&cc_load_policy=1&cc_lang_pref=&iv_load_policy=3&loop=0&rel=0&fs=1&playsinline=0&autohide=2&theme=dark&color=red&controls=1&disablekb=0&\" class=\"__youtube_prefs__  no-lazyload\" title=\"Leitor do YouTube\"  allow=\"fullscreen; accelerometer; autoplay; clipboard-write; encrypted-media; gyroscope; picture-in-picture; web-share\" referrerpolicy=\"strict-origin-when-cross-origin\" allowfullscreen data-no-lazy=\"1\" data-skipgform_ajax_framebjll=\"\"><\/iframe><\/p>\n\t\t\t<footer>\n\t\t\t\t\n\t\t\t\t\t\t\t<\/footer>\n\t\t<\/div>\n\t<\/div>\n<\/div>\t\t\t\t\n\t\t\t\t\t\t\t\t\t<\/div>\n\t\t\t\t\t\t\t<\/div>\n\t\t\t\t\t\t\t\t\t\t\t\t\t\t<div class=\"wd-nav-arrows wd-pos-sep wd-hover-1 wd-icon-1\">\n\t\t\t<div class=\"wd-btn-arrow wd-prev wd-disabled\">\n\t\t\t\t<div class=\"wd-arrow-inner\"><\/div>\n\t\t\t<\/div>\n\t\t\t<div class=\"wd-btn-arrow wd-next\">\n\t\t\t\t<div class=\"wd-arrow-inner\"><\/div>\n\t\t\t<\/div>\n\t\t<\/div>\n\t\t\t\t\t\t\n\t\t\t\t<\/div>\n\n\t\t\t\t\t\t<div class=\"wd-nav-pagin-wrap text-center wd-style-shape wd-hide-md-sm wd-hide-sm\">\n\t\t\t<ul class=\"wd-nav-pagin\"><\/ul>\n\t\t<\/div>\n\t\t\t\t\t\t\t\t\t\t\t<\/div>\n\t\t\t\t\t\t<\/div>\n\t\t\t\t<\/div>\n\t\t\t\t\t<\/div>\n\t\t<\/div>\n\t\t\t\t\t<\/div>\n\t\t<\/section>\n\t\t\t\t<\/div>","protected":false},"excerpt":{"rendered":"<p>&#8220;<strong>Est\u00e1 a ter dificuldades com o treino do bacio?<\/strong> O Assento de Treino Port\u00e1til para Crian\u00e7as oferece estabilidade e conforto. Torne o treino mais f\u00e1cil hoje mesmo! Compre agora para envio gratuito!<\/p>","protected":false},"featured_media":20764,"comment_status":"open","ping_status":"closed","template":"","meta":{"_acf_changed":false},"product_brand":[],"product_cat":[29],"product_tag":[920,917,919,901,916,918],"class_list":{"0":"post-20774","1":"product","2":"type-product","3":"status-publish","4":"has-post-thumbnail","6":"product_cat-best-baby-care","7":"product_tag-baby-potty-training-toilet","8":"product_tag-kids-toilet-seat","9":"product_tag-portable-potty-for-toddler-travel","10":"product_tag-portable-toilet-for-kids","11":"product_tag-potty-seats-for-toddlers","12":"product_tag-travel-potty-for-toddler","14":"first","15":"instock","16":"taxable","17":"shipping-taxable","18":"purchasable","19":"product-type-variable","20":"wvs-archive-product-wrapper"},"acf":[],"_links":{"self":[{"href":"https:\/\/babyvk.com\/pt\/wp-json\/wp\/v2\/product\/20774","targetHints":{"allow":["GET"]}}],"collection":[{"href":"https:\/\/babyvk.com\/pt\/wp-json\/wp\/v2\/product"}],"about":[{"href":"https:\/\/babyvk.com\/pt\/wp-json\/wp\/v2\/types\/product"}],"replies":[{"embeddable":true,"href":"https:\/\/babyvk.com\/pt\/wp-json\/wp\/v2\/comments?post=20774"}],"version-history":[{"count":0,"href":"https:\/\/babyvk.com\/pt\/wp-json\/wp\/v2\/product\/20774\/revisions"}],"wp:featuredmedia":[{"embeddable":true,"href":"https:\/\/babyvk.com\/pt\/wp-json\/wp\/v2\/media\/20764"}],"wp:attachment":[{"href":"https:\/\/babyvk.com\/pt\/wp-json\/wp\/v2\/media?parent=20774"}],"wp:term":[{"taxonomy":"product_brand","embeddable":true,"href":"https:\/\/babyvk.com\/pt\/wp-json\/wp\/v2\/product_brand?post=20774"},{"taxonomy":"product_cat","embeddable":true,"href":"https:\/\/babyvk.com\/pt\/wp-json\/wp\/v2\/product_cat?post=20774"},{"taxonomy":"product_tag","embeddable":true,"href":"https:\/\/babyvk.com\/pt\/wp-json\/wp\/v2\/product_tag?post=20774"}],"curies":[{"name":"wp","href":"https:\/\/api.w.org\/{rel}","templated":true}]}}