{"id":20735,"date":"2024-07-14T15:58:36","date_gmt":"2024-07-14T15:58:36","guid":{"rendered":"https:\/\/babyvk.com\/?post_type=product&#038;p=20735"},"modified":"2025-03-10T20:03:27","modified_gmt":"2025-03-10T20:03:27","slug":"baby-nail-clippers-kit","status":"publish","type":"product","link":"https:\/\/babyvk.com\/pt\/product\/baby-nail-clippers-kit\/","title":{"rendered":"Kit de corta-unhas para beb\u00e9"},"content":{"rendered":"<div data-elementor-type=\"product-post\" data-elementor-id=\"20735\" class=\"elementor elementor-20735\" data-elementor-post-type=\"product\">\n\t\t\t\t\t\t<section class=\"wd-negative-gap elementor-section elementor-top-section elementor-element elementor-element-d0a3427 elementor-section-boxed elementor-section-height-default elementor-section-height-default\" data-id=\"d0a3427\" data-element_type=\"section\">\n\t\t\t\t\t\t<div class=\"elementor-container elementor-column-gap-default\">\n\t\t\t\t\t<div class=\"elementor-column elementor-col-100 elementor-top-column elementor-element elementor-element-959bd04\" data-id=\"959bd04\" data-element_type=\"column\">\n\t\t\t<div class=\"elementor-widget-wrap elementor-element-populated\">\n\t\t\t\t\t\t<div class=\"elementor-element elementor-element-156d3cd color-scheme-inherit text-left elementor-widget elementor-widget-text-editor\" data-id=\"156d3cd\" data-element_type=\"widget\" data-widget_type=\"text-editor.default\">\n\t\t\t\t<div class=\"elementor-widget-container\">\n\t\t\t\t\t\t\t\t\t<h2>Sobre este artigo<\/h2><ul><li><strong>4 em 1 convert\u00edvel:<\/strong> Este kit n\u00e3o \u00e9 apenas um corta-unhas, mas inclui um corta-unhas para beb\u00e9, uma tesoura antideslizante, uma pin\u00e7a de ponta macia e uma suave lima de vidro para unhas. \u00c9 fornecido num bonito estojo de prote\u00e7\u00e3o. Seguro e f\u00e1cil de utilizar.<\/li><li><strong>Seguro para todas as idades:<\/strong> Fabricado com l\u00e2minas de a\u00e7o inoxid\u00e1vel de precis\u00e3o, sem ferrugem e sem rombos. Os cabos s\u00e3o em ABS n\u00e3o t\u00f3xico e antiderrapante, garantindo seguran\u00e7a e durabilidade.<\/li><li><strong>Concebido para crian\u00e7as:<\/strong> Corta-unhas ergon\u00f3mico, tesoura antiderrapante, lima de unhas delicada perfeita para os dedos mais pequenos e pin\u00e7as f\u00e1ceis de agarrar para limpeza.<\/li><li><strong>Prenda de beb\u00e9 perfeita e port\u00e1til:<\/strong> 4 ferramentas de precis\u00e3o num estojo bonito e duradouro. \u00d3timo para ch\u00e1s de beb\u00e9, anivers\u00e1rios ou novas mam\u00e3s. Ideal para viajar.<\/li><li><strong>Garantia de reembolso vital\u00edcia:<\/strong> 100% satisfa\u00e7\u00e3o garantida. Contacte-nos a qualquer momento para obter uma substitui\u00e7\u00e3o ou reembolso se n\u00e3o estiver satisfeito. N\u00f3s defendemos a nossa qualidade.<\/li><\/ul>\t\t\t\t\t\t\t\t<\/div>\n\t\t\t\t<\/div>\n\t\t\t\t\t<\/div>\n\t\t<\/div>\n\t\t\t\t\t<\/div>\n\t\t<\/section>\n\t\t\t\t<section class=\"wd-negative-gap elementor-section elementor-top-section elementor-element elementor-element-47f6dc4 elementor-section-boxed elementor-section-height-default elementor-section-height-default\" data-id=\"47f6dc4\" data-element_type=\"section\">\n\t\t\t\t\t\t<div class=\"elementor-container elementor-column-gap-default\">\n\t\t\t\t\t<div class=\"elementor-column elementor-col-100 elementor-top-column elementor-element elementor-element-ab6c67d\" data-id=\"ab6c67d\" data-element_type=\"column\">\n\t\t\t<div class=\"elementor-widget-wrap elementor-element-populated\">\n\t\t\t\t\t\t<div class=\"elementor-element elementor-element-c63db9c elementor-widget elementor-widget-image\" data-id=\"c63db9c\" data-element_type=\"widget\" data-widget_type=\"image.default\">\n\t\t\t\t<div class=\"elementor-widget-container\">\n\t\t\t\t\t\t\t\t\t\t\t\t\t\t\t<img fetchpriority=\"high\" decoding=\"async\" width=\"970\" height=\"600\" src=\"https:\/\/babyvk.com\/wp-content\/themes\/woodmart\/images\/lazy.svg\" data-src=\"https:\/\/babyvk.com\/wp-content\/uploads\/2024\/07\/baby-fingernail-clippers-1.webp\" class=\"wd-lazy-blur attachment-large size-large wp-image-20729 wvs-archive-product-image\" alt=\"Kit de corta-unhas para beb\u00e9\" srcset=\"\" data-srcset=\"https:\/\/babyvk.com\/wp-content\/uploads\/2024\/07\/baby-fingernail-clippers-1.webp 970w, https:\/\/babyvk.com\/wp-content\/uploads\/2024\/07\/baby-fingernail-clippers-1-400x247.webp 400w, https:\/\/babyvk.com\/wp-content\/uploads\/2024\/07\/baby-fingernail-clippers-1-768x475.webp 768w, https:\/\/babyvk.com\/wp-content\/uploads\/2024\/07\/baby-fingernail-clippers-1-860x532.webp 860w, https:\/\/babyvk.com\/wp-content\/uploads\/2024\/07\/baby-fingernail-clippers-1-430x266.webp 430w, https:\/\/babyvk.com\/wp-content\/uploads\/2024\/07\/baby-fingernail-clippers-1-700x433.webp 700w, https:\/\/babyvk.com\/wp-content\/uploads\/2024\/07\/baby-fingernail-clippers-1-100x62.webp 100w\" sizes=\"(max-width: 970px) 100vw, 970px\" title=\"\">\t\t\t\t\t\t\t\t\t\t\t\t\t\t\t<\/div>\n\t\t\t\t<\/div>\n\t\t\t\t<div class=\"elementor-element elementor-element-d77fa40 elementor-widget elementor-widget-image\" data-id=\"d77fa40\" data-element_type=\"widget\" data-widget_type=\"image.default\">\n\t\t\t\t<div class=\"elementor-widget-container\">\n\t\t\t\t\t\t\t\t\t\t\t\t\t\t\t<img decoding=\"async\" width=\"800\" height=\"800\" src=\"https:\/\/babyvk.com\/wp-content\/themes\/woodmart\/images\/lazy.svg\" data-src=\"https:\/\/babyvk.com\/wp-content\/uploads\/2024\/07\/baby-nail-scissors-800x800.webp\" class=\"wd-lazy-blur attachment-large size-large wp-image-20732 wvs-archive-product-image\" alt=\"corta-unhas para beb\u00e9\" srcset=\"\" data-srcset=\"https:\/\/babyvk.com\/wp-content\/uploads\/2024\/07\/baby-nail-scissors-800x800.webp 800w, https:\/\/babyvk.com\/wp-content\/uploads\/2024\/07\/baby-nail-scissors-300x300.webp 300w, https:\/\/babyvk.com\/wp-content\/uploads\/2024\/07\/baby-nail-scissors-150x150.webp 150w, https:\/\/babyvk.com\/wp-content\/uploads\/2024\/07\/baby-nail-scissors-768x768.webp 768w, https:\/\/babyvk.com\/wp-content\/uploads\/2024\/07\/baby-nail-scissors-860x860.webp 860w, https:\/\/babyvk.com\/wp-content\/uploads\/2024\/07\/baby-nail-scissors-430x430.webp 430w, https:\/\/babyvk.com\/wp-content\/uploads\/2024\/07\/baby-nail-scissors-700x700.webp 700w, https:\/\/babyvk.com\/wp-content\/uploads\/2024\/07\/baby-nail-scissors-100x100.webp 100w, https:\/\/babyvk.com\/wp-content\/uploads\/2024\/07\/baby-nail-scissors-50x50.webp 50w, https:\/\/babyvk.com\/wp-content\/uploads\/2024\/07\/baby-nail-scissors.webp 1200w\" sizes=\"(max-width: 800px) 100vw, 800px\" title=\"\">\t\t\t\t\t\t\t\t\t\t\t\t\t\t\t<\/div>\n\t\t\t\t<\/div>\n\t\t\t\t<div class=\"elementor-element elementor-element-e47fc9c elementor-widget elementor-widget-image\" data-id=\"e47fc9c\" data-element_type=\"widget\" data-widget_type=\"image.default\">\n\t\t\t\t<div class=\"elementor-widget-container\">\n\t\t\t\t\t\t\t\t\t\t\t\t\t\t\t<img decoding=\"async\" width=\"800\" height=\"800\" src=\"https:\/\/babyvk.com\/wp-content\/themes\/woodmart\/images\/lazy.svg\" data-src=\"https:\/\/babyvk.com\/wp-content\/uploads\/2024\/07\/infant-nail-clippers-800x800.webp\" class=\"wd-lazy-blur attachment-large size-large wp-image-20726 wvs-archive-product-image\" alt=\"corta-unhas para crian\u00e7as\" srcset=\"\" data-srcset=\"https:\/\/babyvk.com\/wp-content\/uploads\/2024\/07\/infant-nail-clippers-800x800.webp 800w, https:\/\/babyvk.com\/wp-content\/uploads\/2024\/07\/infant-nail-clippers-300x300.webp 300w, https:\/\/babyvk.com\/wp-content\/uploads\/2024\/07\/infant-nail-clippers-150x150.webp 150w, https:\/\/babyvk.com\/wp-content\/uploads\/2024\/07\/infant-nail-clippers-768x768.webp 768w, https:\/\/babyvk.com\/wp-content\/uploads\/2024\/07\/infant-nail-clippers-860x860.webp 860w, https:\/\/babyvk.com\/wp-content\/uploads\/2024\/07\/infant-nail-clippers-430x430.webp 430w, https:\/\/babyvk.com\/wp-content\/uploads\/2024\/07\/infant-nail-clippers-700x700.webp 700w, https:\/\/babyvk.com\/wp-content\/uploads\/2024\/07\/infant-nail-clippers-100x100.webp 100w, https:\/\/babyvk.com\/wp-content\/uploads\/2024\/07\/infant-nail-clippers-50x50.webp 50w, https:\/\/babyvk.com\/wp-content\/uploads\/2024\/07\/infant-nail-clippers.webp 1200w\" sizes=\"(max-width: 800px) 100vw, 800px\" title=\"\">\t\t\t\t\t\t\t\t\t\t\t\t\t\t\t<\/div>\n\t\t\t\t<\/div>\n\t\t\t\t<div class=\"elementor-element elementor-element-6598e3c elementor-widget elementor-widget-image\" data-id=\"6598e3c\" data-element_type=\"widget\" data-widget_type=\"image.default\">\n\t\t\t\t<div class=\"elementor-widget-container\">\n\t\t\t\t\t\t\t\t\t\t\t\t\t\t\t<img loading=\"lazy\" decoding=\"async\" width=\"800\" height=\"800\" src=\"https:\/\/babyvk.com\/wp-content\/themes\/woodmart\/images\/lazy.svg\" data-src=\"https:\/\/babyvk.com\/wp-content\/uploads\/2024\/07\/baby-nail-file-800x800.webp\" class=\"wd-lazy-blur attachment-large size-large wp-image-20728 wvs-archive-product-image\" alt=\"lima de u\u00f1as para bebe\" srcset=\"\" data-srcset=\"https:\/\/babyvk.com\/wp-content\/uploads\/2024\/07\/baby-nail-file-800x800.webp 800w, https:\/\/babyvk.com\/wp-content\/uploads\/2024\/07\/baby-nail-file-300x300.webp 300w, https:\/\/babyvk.com\/wp-content\/uploads\/2024\/07\/baby-nail-file-150x150.webp 150w, https:\/\/babyvk.com\/wp-content\/uploads\/2024\/07\/baby-nail-file-768x768.webp 768w, https:\/\/babyvk.com\/wp-content\/uploads\/2024\/07\/baby-nail-file-860x860.webp 860w, https:\/\/babyvk.com\/wp-content\/uploads\/2024\/07\/baby-nail-file-430x430.webp 430w, https:\/\/babyvk.com\/wp-content\/uploads\/2024\/07\/baby-nail-file-700x700.webp 700w, https:\/\/babyvk.com\/wp-content\/uploads\/2024\/07\/baby-nail-file-100x100.webp 100w, https:\/\/babyvk.com\/wp-content\/uploads\/2024\/07\/baby-nail-file-50x50.webp 50w, https:\/\/babyvk.com\/wp-content\/uploads\/2024\/07\/baby-nail-file.webp 1200w\" sizes=\"(max-width: 800px) 100vw, 800px\" title=\"\">\t\t\t\t\t\t\t\t\t\t\t\t\t\t\t<\/div>\n\t\t\t\t<\/div>\n\t\t\t\t<div class=\"elementor-element elementor-element-8f3a2ca elementor-widget elementor-widget-image\" data-id=\"8f3a2ca\" data-element_type=\"widget\" data-widget_type=\"image.default\">\n\t\t\t\t<div class=\"elementor-widget-container\">\n\t\t\t\t\t\t\t\t\t\t\t\t\t\t\t<img loading=\"lazy\" decoding=\"async\" width=\"800\" height=\"800\" src=\"https:\/\/babyvk.com\/wp-content\/themes\/woodmart\/images\/lazy.svg\" data-src=\"https:\/\/babyvk.com\/wp-content\/uploads\/2024\/07\/baby-nail-filer-800x800.webp\" class=\"wd-lazy-blur attachment-large size-large wp-image-20730 wvs-archive-product-image\" alt=\"lima de unhas para rec\u00e9m-nascidos\" srcset=\"\" data-srcset=\"https:\/\/babyvk.com\/wp-content\/uploads\/2024\/07\/baby-nail-filer-800x800.webp 800w, https:\/\/babyvk.com\/wp-content\/uploads\/2024\/07\/baby-nail-filer-300x300.webp 300w, https:\/\/babyvk.com\/wp-content\/uploads\/2024\/07\/baby-nail-filer-150x150.webp 150w, https:\/\/babyvk.com\/wp-content\/uploads\/2024\/07\/baby-nail-filer-768x768.webp 768w, https:\/\/babyvk.com\/wp-content\/uploads\/2024\/07\/baby-nail-filer-860x860.webp 860w, https:\/\/babyvk.com\/wp-content\/uploads\/2024\/07\/baby-nail-filer-430x430.webp 430w, https:\/\/babyvk.com\/wp-content\/uploads\/2024\/07\/baby-nail-filer-700x700.webp 700w, https:\/\/babyvk.com\/wp-content\/uploads\/2024\/07\/baby-nail-filer-100x100.webp 100w, https:\/\/babyvk.com\/wp-content\/uploads\/2024\/07\/baby-nail-filer-50x50.webp 50w, https:\/\/babyvk.com\/wp-content\/uploads\/2024\/07\/baby-nail-filer.webp 1200w\" sizes=\"(max-width: 800px) 100vw, 800px\" title=\"\">\t\t\t\t\t\t\t\t\t\t\t\t\t\t\t<\/div>\n\t\t\t\t<\/div>\n\t\t\t\t\t<\/div>\n\t\t<\/div>\n\t\t\t\t\t<\/div>\n\t\t<\/section>\n\t\t\t\t<\/div>","protected":false},"excerpt":{"rendered":"<p>&#8220;<strong>Tem dificuldade em cortar as unhas do seu beb\u00e9 em seguran\u00e7a?<\/strong> Descubra o nosso Kit de Cortadores de Unhas para Beb\u00e9s, concebido para ser preciso e f\u00e1cil. Resolva as preocupa\u00e7\u00f5es com o cuidado das unhas com confian\u00e7a. Compre agora para envio gratuito!<\/p>","protected":false},"featured_media":20727,"comment_status":"open","ping_status":"closed","template":"","meta":{"_acf_changed":false},"product_brand":[],"product_cat":[29],"product_tag":[911,522,913,912,915,914],"class_list":{"0":"post-20735","1":"product","2":"type-product","3":"status-publish","4":"has-post-thumbnail","6":"product_cat-best-baby-care","7":"product_tag-baby-nail-clippers-set","8":"product_tag-baby-nail-file","9":"product_tag-baby-nail-kit","10":"product_tag-baby-nail-trimmer","11":"product_tag-infant-nail-clippers","12":"product_tag-kids-nail-clippers","14":"first","15":"instock","16":"taxable","17":"shipping-taxable","18":"purchasable","19":"product-type-variable","20":"wvs-archive-product-wrapper"},"acf":[],"_links":{"self":[{"href":"https:\/\/babyvk.com\/pt\/wp-json\/wp\/v2\/product\/20735","targetHints":{"allow":["GET"]}}],"collection":[{"href":"https:\/\/babyvk.com\/pt\/wp-json\/wp\/v2\/product"}],"about":[{"href":"https:\/\/babyvk.com\/pt\/wp-json\/wp\/v2\/types\/product"}],"replies":[{"embeddable":true,"href":"https:\/\/babyvk.com\/pt\/wp-json\/wp\/v2\/comments?post=20735"}],"version-history":[{"count":0,"href":"https:\/\/babyvk.com\/pt\/wp-json\/wp\/v2\/product\/20735\/revisions"}],"wp:featuredmedia":[{"embeddable":true,"href":"https:\/\/babyvk.com\/pt\/wp-json\/wp\/v2\/media\/20727"}],"wp:attachment":[{"href":"https:\/\/babyvk.com\/pt\/wp-json\/wp\/v2\/media?parent=20735"}],"wp:term":[{"taxonomy":"product_brand","embeddable":true,"href":"https:\/\/babyvk.com\/pt\/wp-json\/wp\/v2\/product_brand?post=20735"},{"taxonomy":"product_cat","embeddable":true,"href":"https:\/\/babyvk.com\/pt\/wp-json\/wp\/v2\/product_cat?post=20735"},{"taxonomy":"product_tag","embeddable":true,"href":"https:\/\/babyvk.com\/pt\/wp-json\/wp\/v2\/product_tag?post=20735"}],"curies":[{"name":"wp","href":"https:\/\/api.w.org\/{rel}","templated":true}]}}