{"id":20567,"date":"2024-07-07T06:15:57","date_gmt":"2024-07-07T06:15:57","guid":{"rendered":"https:\/\/babyvk.com\/?post_type=product&#038;p=20567"},"modified":"2025-09-08T17:06:28","modified_gmt":"2025-09-08T17:06:28","slug":"portable-manual-breast-pump","status":"publish","type":"product","link":"https:\/\/babyvk.com\/pt\/product\/portable-manual-breast-pump\/","title":{"rendered":"Bomba tira leite manual port\u00e1til"},"content":{"rendered":"<div data-elementor-type=\"product-post\" data-elementor-id=\"20567\" class=\"elementor elementor-20567\" data-elementor-post-type=\"product\">\n\t\t\t\t\t\t<section class=\"wd-negative-gap elementor-section elementor-top-section elementor-element elementor-element-f8fb908 elementor-section-boxed elementor-section-height-default elementor-section-height-default\" data-id=\"f8fb908\" data-element_type=\"section\">\n\t\t\t\t\t\t<div class=\"elementor-container elementor-column-gap-default\">\n\t\t\t\t\t<div class=\"elementor-column elementor-col-100 elementor-top-column elementor-element elementor-element-7753c08\" data-id=\"7753c08\" data-element_type=\"column\">\n\t\t\t<div class=\"elementor-widget-wrap elementor-element-populated\">\n\t\t\t\t\t\t<div class=\"elementor-element elementor-element-656610f color-scheme-inherit text-left elementor-widget elementor-widget-text-editor\" data-id=\"656610f\" data-element_type=\"widget\" data-widget_type=\"text-editor.default\">\n\t\t\t\t<div class=\"elementor-widget-container\">\n\t\t\t\t\t\t\t\t\t<h2>Sobre este artigo\uff1a<\/h2><div class=\"flex flex-grow flex-col max-w-full\"><div class=\"min-h-[20px] text-message flex flex-col items-start whitespace-pre-wrap break-words [.text-message+&amp;]:mt-5 juice:w-full juice:items-end overflow-x-auto gap-2\" dir=\"auto\" data-message-author-role=\"assistant\" data-message-id=\"17fd105e-56d0-41d5-89d5-66550b8994b3\"><div class=\"flex w-full flex-col gap-1 juice:empty:hidden juice:first:pt-[3px]\"><div class=\"markdown prose w-full break-words dark:prose-invert light\"><ul><li><p><strong>Reduzir a fadiga da m\u00e3o e do pulso<\/strong> - Esta bomba tira leite foi concebida ergonomicamente para reduzir a fadiga das m\u00e3os e dos pulsos durante a amamenta\u00e7\u00e3o. \u00c9 leve, port\u00e1til e f\u00e1cil de transportar em viagem. Ao contr\u00e1rio das bombas el\u00e9ctricas volumosas, esta bomba manual \u00e9 amiga do ambiente e n\u00e3o utiliza eletricidade.<\/p><\/li><li><p><strong>Pr\u00e1tico e higi\u00e9nico<\/strong> - Fabricada em silicone de alta qualidade, sem BPA e de qualidade alimentar, esta bomba garante que o seu leite se mant\u00e9m natural e seguro. Tamb\u00e9m \u00e9 resistente a altas temperaturas para maior tranquilidade.<\/p><\/li><li><p><strong>Confort\u00e1vel e silencioso<\/strong> - O v\u00e1cuo de controlo manual permite-lhe ajustar a suc\u00e7\u00e3o para um conforto ideal e um fluxo de leite eficiente. Mude para o lado da pega mais comprida para um ciclo de suc\u00e7\u00e3o mais lento, para extrair mais leite.<\/p><\/li><li><p><strong>Alavanca de ajuste de tr\u00eas velocidades<\/strong> - Esta bomba tira leite manual oferece tr\u00eas ajustes de velocidade para uma melhor efici\u00eancia de bombagem, ajudando as m\u00e3es a obter mais leite em menos tempo.<\/p><\/li><li><p><strong>F\u00e1cil de limpar<\/strong> - Limpe a bomba e a tampa com \u00e1gua e ferva durante 3-5 minutos para esterilizar. A embalagem inclui um biber\u00e3o de 5 oz, uma tetina com rebordo e uma tampa para o p\u00f3 da bomba.<\/p><\/li><\/ul><\/div><\/div><\/div><\/div><div class=\"mt-1 flex gap-3 empty:hidden juice:-ml-3\"><div class=\"items-center justify-start rounded-xl p-1 flex\"><div class=\"flex items-center\">\u00a0<\/div><\/div><\/div>\t\t\t\t\t\t\t\t<\/div>\n\t\t\t\t<\/div>\n\t\t\t\t\t<\/div>\n\t\t<\/div>\n\t\t\t\t\t<\/div>\n\t\t<\/section>\n\t\t\t\t<section class=\"wd-negative-gap elementor-section elementor-top-section elementor-element elementor-element-1b6fd9d elementor-section-boxed elementor-section-height-default elementor-section-height-default\" data-id=\"1b6fd9d\" data-element_type=\"section\">\n\t\t\t\t\t\t<div class=\"elementor-container elementor-column-gap-default\">\n\t\t\t\t\t<div class=\"elementor-column elementor-col-100 elementor-top-column elementor-element elementor-element-c459291\" data-id=\"c459291\" data-element_type=\"column\">\n\t\t\t<div class=\"elementor-widget-wrap elementor-element-populated\">\n\t\t\t\t\t\t<div class=\"elementor-element elementor-element-e6ccdd6 color-scheme-inherit text-left elementor-widget elementor-widget-text-editor\" data-id=\"e6ccdd6\" data-element_type=\"widget\" data-widget_type=\"text-editor.default\">\n\t\t\t\t<div class=\"elementor-widget-container\">\n\t\t\t\t\t\t\t\t\t<div class=\"a-section a-spacing-none premium-aplus-15-heading\"><h2 class=\"premium-aplus-15-heading-text a-text-bold\">Conselhos de sa\u00fade:<\/h2><\/div><div class=\"a-section a-spacing-none\"><ol><li class=\"description\">Lavar as m\u00e3os antes de utilizar a bomba de leite ou de tratar o leite materno.<\/li><li class=\"description\">A bomba tira leite \u00e9 aquecida com uma toalha quente antes da ordenha. A massagem estimula a ar\u00e9ola para que o peito fique completamente limpo.<\/li><li class=\"description\">Ordenhar \u00e0 sua pr\u00f3pria press\u00e3o. Os seios ou mamilos devem parar a ordenha quando sentirem dor.<\/li><li class=\"description\">Basta espremer a quantidade de oito pontos para a ordenha (n\u00e3o mais de 20 minutos)<\/li><li class=\"description\">Utilizar um recipiente com tampa para armazenar o leite materno<\/li><li class=\"description\">Retirar o leite materno que foi refrigerado durante mais de 72 horas (3 dias)<\/li><li class=\"description\">N\u00e3o juntar leite materno refrigerado e leite materno fresco.<\/li><li class=\"description\">Descongelar o leite materno refrigerado ou ligar o recipiente ao leite quente para uma alimenta\u00e7\u00e3o quente.<\/li><li class=\"description\">Ap\u00f3s o descongelamento do leite materno, se o beb\u00e9 n\u00e3o conseguir acabar de beber ap\u00f3s 24 horas, n\u00e3o repetir o leite materno refrigerado. Deite fora o restante e desinfecte o recipiente.<\/li><\/ol><\/div>\t\t\t\t\t\t\t\t<\/div>\n\t\t\t\t<\/div>\n\t\t\t\t\t<\/div>\n\t\t<\/div>\n\t\t\t\t\t<\/div>\n\t\t<\/section>\n\t\t\t\t<\/div>","protected":false},"excerpt":{"rendered":"<p>&#8220;<strong>Est\u00e1 a debater-se com um excesso de leite materno?<\/strong> Descubra a nossa bomba tira leite manual port\u00e1til! Eficiente, delicada e port\u00e1til, ajuda a gerir confortavelmente o excesso de leite. Compre agora e receba frete gr\u00e1tis!<\/p>","protected":false},"featured_media":20561,"comment_status":"open","ping_status":"closed","template":"","meta":{"_acf_changed":false},"product_brand":[],"product_cat":[20],"product_tag":[906,907,909,908,905],"class_list":{"0":"post-20567","1":"product","2":"type-product","3":"status-publish","4":"has-post-thumbnail","6":"product_cat-new-mom","7":"product_tag-hand-breast-pump","8":"product_tag-hand-breast-pump-manual","9":"product_tag-hand-express-breast-pump","10":"product_tag-hand-pump-breast-pump","11":"product_tag-hand-pump-breastmilk","13":"first","14":"instock","15":"taxable","16":"shipping-taxable","17":"purchasable","18":"product-type-variable","19":"wvs-archive-product-wrapper"},"acf":[],"_links":{"self":[{"href":"https:\/\/babyvk.com\/pt\/wp-json\/wp\/v2\/product\/20567","targetHints":{"allow":["GET"]}}],"collection":[{"href":"https:\/\/babyvk.com\/pt\/wp-json\/wp\/v2\/product"}],"about":[{"href":"https:\/\/babyvk.com\/pt\/wp-json\/wp\/v2\/types\/product"}],"replies":[{"embeddable":true,"href":"https:\/\/babyvk.com\/pt\/wp-json\/wp\/v2\/comments?post=20567"}],"version-history":[{"count":0,"href":"https:\/\/babyvk.com\/pt\/wp-json\/wp\/v2\/product\/20567\/revisions"}],"wp:featuredmedia":[{"embeddable":true,"href":"https:\/\/babyvk.com\/pt\/wp-json\/wp\/v2\/media\/20561"}],"wp:attachment":[{"href":"https:\/\/babyvk.com\/pt\/wp-json\/wp\/v2\/media?parent=20567"}],"wp:term":[{"taxonomy":"product_brand","embeddable":true,"href":"https:\/\/babyvk.com\/pt\/wp-json\/wp\/v2\/product_brand?post=20567"},{"taxonomy":"product_cat","embeddable":true,"href":"https:\/\/babyvk.com\/pt\/wp-json\/wp\/v2\/product_cat?post=20567"},{"taxonomy":"product_tag","embeddable":true,"href":"https:\/\/babyvk.com\/pt\/wp-json\/wp\/v2\/product_tag?post=20567"}],"curies":[{"name":"wp","href":"https:\/\/api.w.org\/{rel}","templated":true}]}}