{"id":20529,"date":"2024-07-07T04:35:04","date_gmt":"2024-07-07T04:35:04","guid":{"rendered":"https:\/\/babyvk.com\/?post_type=product&#038;p=20529"},"modified":"2025-09-08T17:03:41","modified_gmt":"2025-09-08T17:03:41","slug":"travel-portable-pee-cup-for-kids","status":"publish","type":"product","link":"https:\/\/babyvk.com\/pt\/product\/travel-portable-pee-cup-for-kids\/","title":{"rendered":"Copo de xixi port\u00e1til de viagem para crian\u00e7as"},"content":{"rendered":"<div data-elementor-type=\"product-post\" data-elementor-id=\"20529\" class=\"elementor elementor-20529\" data-elementor-post-type=\"product\">\n\t\t\t\t\t\t<section class=\"wd-negative-gap elementor-section elementor-top-section elementor-element elementor-element-430fe31 elementor-section-boxed elementor-section-height-default elementor-section-height-default\" data-id=\"430fe31\" data-element_type=\"section\">\n\t\t\t\t\t\t<div class=\"elementor-container elementor-column-gap-default\">\n\t\t\t\t\t<div class=\"elementor-column elementor-col-100 elementor-top-column elementor-element elementor-element-22747a8\" data-id=\"22747a8\" data-element_type=\"column\">\n\t\t\t<div class=\"elementor-widget-wrap elementor-element-populated\">\n\t\t\t\t\t\t<div class=\"elementor-element elementor-element-035d4ae elementor-widget elementor-widget-image\" data-id=\"035d4ae\" data-element_type=\"widget\" data-widget_type=\"image.default\">\n\t\t\t\t<div class=\"elementor-widget-container\">\n\t\t\t\t\t\t\t\t\t\t\t\t\t\t\t<img fetchpriority=\"high\" decoding=\"async\" width=\"970\" height=\"600\" src=\"https:\/\/babyvk.com\/wp-content\/themes\/woodmart\/images\/lazy.svg\" data-src=\"https:\/\/babyvk.com\/wp-content\/uploads\/2024\/07\/portable-urinals-for-children.webp\" class=\"wd-lazy-blur attachment-large size-large wp-image-20537 wvs-archive-product-image\" alt=\"sanita de urso port\u00e1til para crian\u00e7as\" srcset=\"\" data-srcset=\"https:\/\/babyvk.com\/wp-content\/uploads\/2024\/07\/portable-urinals-for-children.webp 970w, https:\/\/babyvk.com\/wp-content\/uploads\/2024\/07\/portable-urinals-for-children-400x247.webp 400w, https:\/\/babyvk.com\/wp-content\/uploads\/2024\/07\/portable-urinals-for-children-768x475.webp 768w, https:\/\/babyvk.com\/wp-content\/uploads\/2024\/07\/portable-urinals-for-children-860x532.webp 860w, https:\/\/babyvk.com\/wp-content\/uploads\/2024\/07\/portable-urinals-for-children-430x266.webp 430w, https:\/\/babyvk.com\/wp-content\/uploads\/2024\/07\/portable-urinals-for-children-700x433.webp 700w, https:\/\/babyvk.com\/wp-content\/uploads\/2024\/07\/portable-urinals-for-children-100x62.webp 100w\" sizes=\"(max-width: 970px) 100vw, 970px\" title=\"\">\t\t\t\t\t\t\t\t\t\t\t\t\t\t\t<\/div>\n\t\t\t\t<\/div>\n\t\t\t\t\t<\/div>\n\t\t<\/div>\n\t\t\t\t\t<\/div>\n\t\t<\/section>\n\t\t\t\t<section class=\"wd-negative-gap elementor-section elementor-top-section elementor-element elementor-element-ab6447b elementor-section-boxed elementor-section-height-default elementor-section-height-default\" data-id=\"ab6447b\" data-element_type=\"section\">\n\t\t\t\t\t\t<div class=\"elementor-container elementor-column-gap-default\">\n\t\t\t\t\t<div class=\"elementor-column elementor-col-100 elementor-top-column elementor-element elementor-element-5781aa8\" data-id=\"5781aa8\" data-element_type=\"column\">\n\t\t\t<div class=\"elementor-widget-wrap elementor-element-populated\">\n\t\t\t\t\t\t<div class=\"elementor-element elementor-element-67a5aa3 color-scheme-inherit text-left elementor-widget elementor-widget-text-editor\" data-id=\"67a5aa3\" data-element_type=\"widget\" data-widget_type=\"text-editor.default\">\n\t\t\t\t<div class=\"elementor-widget-container\">\n\t\t\t\t\t\t\t\t\t<h2>Carater\u00edsticas<\/h2><ol class=\"a-unordered-list a-vertical a-spacing-mini\"><li class=\"a-spacing-mini\"><span class=\"a-list-item\">Capacidade: 500ml para urina contida, muito leve para transportar apenas 0,45bl. tamanho razo\u00e1vel 8.07in*3.15in (di\u00e2metro).<\/span><\/li><li class=\"a-spacing-mini\"><span class=\"a-list-item\">Port\u00e1til: com um tamanho razo\u00e1vel \u00e9 f\u00e1cil de transportar, pode ser colocado em quase todos os sacos de transporte.<\/span><\/li><li class=\"a-spacing-mini\"><span class=\"a-list-item\">Reutiliz\u00e1vel: pode ser reutilizado ap\u00f3s a limpeza, \u00e9 prefer\u00edvel limp\u00e1-lo com \u00e1gua morna, o que \u00e9 ambiental e saud\u00e1vel.<\/span><\/li><li class=\"a-spacing-mini\"><span class=\"a-list-item\">Conveniente: pode ser utilizado em qualquer local, interior ou exterior, como autoestrada, parque, estrada, carro ou casa de banho. permite que o beb\u00e9 evite a urg\u00eancia de encontrar a casa de banho.<\/span><\/li><li class=\"a-spacing-mini\"><span class=\"a-list-item\">Veda\u00e7\u00e3o: Sem fugas ap\u00f3s a utiliza\u00e7\u00e3o. Design de 3 camadas \u00e0 prova de fugas.<\/span><\/li><\/ol>\t\t\t\t\t\t\t\t<\/div>\n\t\t\t\t<\/div>\n\t\t\t\t\t<\/div>\n\t\t<\/div>\n\t\t\t\t\t<\/div>\n\t\t<\/section>\n\t\t\t\t<section class=\"wd-negative-gap elementor-section elementor-top-section elementor-element elementor-element-2534930 elementor-section-boxed elementor-section-height-default elementor-section-height-default\" data-id=\"2534930\" data-element_type=\"section\">\n\t\t\t\t\t\t<div class=\"elementor-container elementor-column-gap-default\">\n\t\t\t\t\t<div class=\"elementor-column elementor-col-100 elementor-top-column elementor-element elementor-element-ad5d854\" data-id=\"ad5d854\" data-element_type=\"column\">\n\t\t\t<div class=\"elementor-widget-wrap elementor-element-populated\">\n\t\t\t\t\t\t<div class=\"elementor-element elementor-element-7938565 elementor-widget elementor-widget-heading\" data-id=\"7938565\" data-element_type=\"widget\" data-widget_type=\"heading.default\">\n\t\t\t\t<div class=\"elementor-widget-container\">\n\t\t\t\t\t<h2 class=\"elementor-heading-title elementor-size-default\">Como utilizar o copo de urina port\u00e1til de viagem?<\/h2>\t\t\t\t<\/div>\n\t\t\t\t<\/div>\n\t\t\t\t\t<\/div>\n\t\t<\/div>\n\t\t\t\t\t<\/div>\n\t\t<\/section>\n\t\t\t\t<section class=\"wd-negative-gap elementor-section elementor-top-section elementor-element elementor-element-f3fceec elementor-section-boxed elementor-section-height-default elementor-section-height-default\" data-id=\"f3fceec\" data-element_type=\"section\">\n\t\t\t\t\t\t<div class=\"elementor-container elementor-column-gap-default\">\n\t\t\t\t\t<div class=\"elementor-column elementor-col-25 elementor-top-column elementor-element elementor-element-c3bf3e4\" data-id=\"c3bf3e4\" data-element_type=\"column\">\n\t\t\t<div class=\"elementor-widget-wrap elementor-element-populated\">\n\t\t\t\t\t\t<div class=\"elementor-element elementor-element-867fd67 elementor-widget elementor-widget-image\" data-id=\"867fd67\" data-element_type=\"widget\" data-widget_type=\"image.default\">\n\t\t\t\t<div class=\"elementor-widget-container\">\n\t\t\t\t\t\t\t\t\t\t\t\t\t\t\t<img decoding=\"async\" width=\"220\" height=\"220\" src=\"https:\/\/babyvk.com\/wp-content\/themes\/woodmart\/images\/lazy.svg\" data-src=\"https:\/\/babyvk.com\/wp-content\/uploads\/2024\/07\/portable-baby-urinal.webp\" class=\"wd-lazy-blur attachment-large size-large wp-image-20534 wvs-archive-product-image\" alt=\"penico xixi copo\" srcset=\"\" data-srcset=\"https:\/\/babyvk.com\/wp-content\/uploads\/2024\/07\/portable-baby-urinal.webp 220w, https:\/\/babyvk.com\/wp-content\/uploads\/2024\/07\/portable-baby-urinal-150x150.webp 150w, https:\/\/babyvk.com\/wp-content\/uploads\/2024\/07\/portable-baby-urinal-100x100.webp 100w, https:\/\/babyvk.com\/wp-content\/uploads\/2024\/07\/portable-baby-urinal-50x50.webp 50w\" sizes=\"(max-width: 220px) 100vw, 220px\" title=\"\">\t\t\t\t\t\t\t\t\t\t\t\t\t\t\t<\/div>\n\t\t\t\t<\/div>\n\t\t\t\t<div class=\"elementor-element elementor-element-733c52a color-scheme-inherit text-left elementor-widget elementor-widget-text-editor\" data-id=\"733c52a\" data-element_type=\"widget\" data-widget_type=\"text-editor.default\">\n\t\t\t\t<div class=\"elementor-widget-container\">\n\t\t\t\t\t\t\t\t\t<ol><li>Abrir a tampa do urinol.<\/li><\/ol>\t\t\t\t\t\t\t\t<\/div>\n\t\t\t\t<\/div>\n\t\t\t\t\t<\/div>\n\t\t<\/div>\n\t\t\t\t<div class=\"elementor-column elementor-col-25 elementor-top-column elementor-element elementor-element-1e982ca\" data-id=\"1e982ca\" data-element_type=\"column\">\n\t\t\t<div class=\"elementor-widget-wrap elementor-element-populated\">\n\t\t\t\t\t\t<div class=\"elementor-element elementor-element-3babd81 elementor-widget elementor-widget-image\" data-id=\"3babd81\" data-element_type=\"widget\" data-widget_type=\"image.default\">\n\t\t\t\t<div class=\"elementor-widget-container\">\n\t\t\t\t\t\t\t\t\t\t\t\t\t\t\t<img decoding=\"async\" width=\"220\" height=\"220\" src=\"https:\/\/babyvk.com\/wp-content\/themes\/woodmart\/images\/lazy.svg\" data-src=\"https:\/\/babyvk.com\/wp-content\/uploads\/2024\/07\/portable-car-urinal-kid.webp\" class=\"wd-lazy-blur attachment-large size-large wp-image-20536 wvs-archive-product-image\" alt=\"urinol port\u00e1til para autom\u00f3vel mi\u00fado\" srcset=\"\" data-srcset=\"https:\/\/babyvk.com\/wp-content\/uploads\/2024\/07\/portable-car-urinal-kid.webp 220w, https:\/\/babyvk.com\/wp-content\/uploads\/2024\/07\/portable-car-urinal-kid-150x150.webp 150w, https:\/\/babyvk.com\/wp-content\/uploads\/2024\/07\/portable-car-urinal-kid-100x100.webp 100w, https:\/\/babyvk.com\/wp-content\/uploads\/2024\/07\/portable-car-urinal-kid-50x50.webp 50w\" sizes=\"(max-width: 220px) 100vw, 220px\" title=\"\">\t\t\t\t\t\t\t\t\t\t\t\t\t\t\t<\/div>\n\t\t\t\t<\/div>\n\t\t\t\t<div class=\"elementor-element elementor-element-a954f8a color-scheme-inherit text-left elementor-widget elementor-widget-text-editor\" data-id=\"a954f8a\" data-element_type=\"widget\" data-widget_type=\"text-editor.default\">\n\t\t\t\t<div class=\"elementor-widget-container\">\n\t\t\t\t\t\t\t\t\t<p>2. Rodar o interrutor de enchimento do urinol no sentido contr\u00e1rio ao dos ponteiros do rel\u00f3gio para abrir.<\/p>\t\t\t\t\t\t\t\t<\/div>\n\t\t\t\t<\/div>\n\t\t\t\t\t<\/div>\n\t\t<\/div>\n\t\t\t\t<div class=\"elementor-column elementor-col-25 elementor-top-column elementor-element elementor-element-6ad99fd\" data-id=\"6ad99fd\" data-element_type=\"column\">\n\t\t\t<div class=\"elementor-widget-wrap elementor-element-populated\">\n\t\t\t\t\t\t<div class=\"elementor-element elementor-element-bf3dd46 elementor-widget elementor-widget-image\" data-id=\"bf3dd46\" data-element_type=\"widget\" data-widget_type=\"image.default\">\n\t\t\t\t<div class=\"elementor-widget-container\">\n\t\t\t\t\t\t\t\t\t\t\t\t\t\t\t<img loading=\"lazy\" decoding=\"async\" width=\"220\" height=\"220\" src=\"https:\/\/babyvk.com\/wp-content\/themes\/woodmart\/images\/lazy.svg\" data-src=\"https:\/\/babyvk.com\/wp-content\/uploads\/2024\/07\/portable-bear-toilet-for-children.webp\" class=\"wd-lazy-blur attachment-large size-large wp-image-20535 wvs-archive-product-image\" alt=\"urin\u00f3is port\u00e1teis para crian\u00e7as\" srcset=\"\" data-srcset=\"https:\/\/babyvk.com\/wp-content\/uploads\/2024\/07\/portable-bear-toilet-for-children.webp 220w, https:\/\/babyvk.com\/wp-content\/uploads\/2024\/07\/portable-bear-toilet-for-children-150x150.webp 150w, https:\/\/babyvk.com\/wp-content\/uploads\/2024\/07\/portable-bear-toilet-for-children-100x100.webp 100w, https:\/\/babyvk.com\/wp-content\/uploads\/2024\/07\/portable-bear-toilet-for-children-50x50.webp 50w\" sizes=\"(max-width: 220px) 100vw, 220px\" title=\"\">\t\t\t\t\t\t\t\t\t\t\t\t\t\t\t<\/div>\n\t\t\t\t<\/div>\n\t\t\t\t<div class=\"elementor-element elementor-element-06f77a0 color-scheme-inherit text-left elementor-widget elementor-widget-text-editor\" data-id=\"06f77a0\" data-element_type=\"widget\" data-widget_type=\"text-editor.default\">\n\t\t\t\t<div class=\"elementor-widget-container\">\n\t\t\t\t\t\t\t\t\t<p>3. Fechar a tampa do urinol, para evitar fugas de urina<\/p>\t\t\t\t\t\t\t\t<\/div>\n\t\t\t\t<\/div>\n\t\t\t\t\t<\/div>\n\t\t<\/div>\n\t\t\t\t<div class=\"elementor-column elementor-col-25 elementor-top-column elementor-element elementor-element-4f24804\" data-id=\"4f24804\" data-element_type=\"column\">\n\t\t\t<div class=\"elementor-widget-wrap elementor-element-populated\">\n\t\t\t\t\t\t<div class=\"elementor-element elementor-element-2d8a438 elementor-widget elementor-widget-image\" data-id=\"2d8a438\" data-element_type=\"widget\" data-widget_type=\"image.default\">\n\t\t\t\t<div class=\"elementor-widget-container\">\n\t\t\t\t\t\t\t\t\t\t\t\t\t\t\t<img loading=\"lazy\" decoding=\"async\" width=\"220\" height=\"220\" src=\"https:\/\/babyvk.com\/wp-content\/themes\/woodmart\/images\/lazy.svg\" data-src=\"https:\/\/babyvk.com\/wp-content\/uploads\/2024\/07\/potty-pee-cup.webp\" class=\"wd-lazy-blur attachment-large size-large wp-image-20538 wvs-archive-product-image\" alt=\"urinol port\u00e1til para beb\u00e9\" srcset=\"\" data-srcset=\"https:\/\/babyvk.com\/wp-content\/uploads\/2024\/07\/potty-pee-cup.webp 220w, https:\/\/babyvk.com\/wp-content\/uploads\/2024\/07\/potty-pee-cup-150x150.webp 150w, https:\/\/babyvk.com\/wp-content\/uploads\/2024\/07\/potty-pee-cup-100x100.webp 100w, https:\/\/babyvk.com\/wp-content\/uploads\/2024\/07\/potty-pee-cup-50x50.webp 50w\" sizes=\"(max-width: 220px) 100vw, 220px\" title=\"\">\t\t\t\t\t\t\t\t\t\t\t\t\t\t\t<\/div>\n\t\t\t\t<\/div>\n\t\t\t\t<div class=\"elementor-element elementor-element-b01b97b color-scheme-inherit text-left elementor-widget elementor-widget-text-editor\" data-id=\"b01b97b\" data-element_type=\"widget\" data-widget_type=\"text-editor.default\">\n\t\t\t\t<div class=\"elementor-widget-container\">\n\t\t\t\t\t\t\t\t\t<p>4. O interrutor deve ser bem fechado ap\u00f3s a utiliza\u00e7\u00e3o para evitar fugas. N\u00e3o se esque\u00e7a de limpar o urinol a tempo ap\u00f3s a utiliza\u00e7\u00e3o.<\/p>\t\t\t\t\t\t\t\t<\/div>\n\t\t\t\t<\/div>\n\t\t\t\t\t<\/div>\n\t\t<\/div>\n\t\t\t\t\t<\/div>\n\t\t<\/section>\n\t\t\t\t<section class=\"wd-negative-gap elementor-section elementor-top-section elementor-element elementor-element-8062034 elementor-section-boxed elementor-section-height-default elementor-section-height-default\" data-id=\"8062034\" data-element_type=\"section\">\n\t\t\t\t\t\t<div class=\"elementor-container elementor-column-gap-default\">\n\t\t\t\t\t<div class=\"elementor-column elementor-col-100 elementor-top-column elementor-element elementor-element-c5f4157\" data-id=\"c5f4157\" data-element_type=\"column\">\n\t\t\t<div class=\"elementor-widget-wrap elementor-element-populated\">\n\t\t\t\t\t\t<div class=\"elementor-element elementor-element-c32e771 color-scheme-inherit text-left elementor-widget elementor-widget-text-editor\" data-id=\"c32e771\" data-element_type=\"widget\" data-widget_type=\"text-editor.default\">\n\t\t\t\t<div class=\"elementor-widget-container\">\n\t\t\t\t\t\t\t\t\t<h3 class=\"a-spacing-mini\">Especifica\u00e7\u00f5es<\/h3>\n<ul class=\"a-unordered-list a-vertical\">\n<li><span class=\"a-list-item\">Material\uff1a ABS<\/span><\/li>\n<li><span class=\"a-list-item\">Tamanho: 4,72 x 8,66 x 3,15 POLEGADAS<\/span><\/li>\n<li><span class=\"a-list-item\">Capacidade m\u00e1xima: 500 ML<\/span><\/li>\n<li><span class=\"a-list-item\">Utiliza\u00e7\u00e3o r\u00e1pida e c\u00f3moda.<\/span><\/li>\n<li><span class=\"a-list-item\">Urinol muito port\u00e1til, a nova vers\u00e3o com v\u00e1lvula de veda\u00e7\u00e3o crescente proporciona um melhor desempenho de veda\u00e7\u00e3o.<\/span><\/li>\n<\/ul>\t\t\t\t\t\t\t\t<\/div>\n\t\t\t\t<\/div>\n\t\t\t\t\t<\/div>\n\t\t<\/div>\n\t\t\t\t\t<\/div>\n\t\t<\/section>\n\t\t\t\t<\/div>","protected":false},"excerpt":{"rendered":"<p>&#8220;<strong>\u00c0 procura de uma solu\u00e7\u00e3o para emerg\u00eancias na casa de banho das crian\u00e7as em viagem?<\/strong> Descubra o copo de xixi port\u00e1til de viagem para crian\u00e7as! Resolva necessidades urgentes de casa de banho a qualquer hora e em qualquer lugar. Compre agora e receba frete gr\u00e1tis!<\/p>","protected":false},"featured_media":20521,"comment_status":"open","ping_status":"closed","template":"","meta":{"_acf_changed":false},"product_brand":[],"product_cat":[42,29],"product_tag":[903,904,901,900,902],"class_list":{"0":"post-20529","1":"product","2":"type-product","3":"status-publish","4":"has-post-thumbnail","6":"product_cat-best-travel-gear","7":"product_cat-best-baby-care","8":"product_tag-baby-travel-essentials-for-roadtrip","9":"product_tag-pee-bottle-for-kids","10":"product_tag-portable-toilet-for-kids","11":"product_tag-portable-urinal-for-kids","12":"product_tag-travel-pee-bottle-for-kids","14":"first","15":"instock","16":"taxable","17":"shipping-taxable","18":"purchasable","19":"product-type-variable","20":"wvs-archive-product-wrapper"},"acf":[],"_links":{"self":[{"href":"https:\/\/babyvk.com\/pt\/wp-json\/wp\/v2\/product\/20529","targetHints":{"allow":["GET"]}}],"collection":[{"href":"https:\/\/babyvk.com\/pt\/wp-json\/wp\/v2\/product"}],"about":[{"href":"https:\/\/babyvk.com\/pt\/wp-json\/wp\/v2\/types\/product"}],"replies":[{"embeddable":true,"href":"https:\/\/babyvk.com\/pt\/wp-json\/wp\/v2\/comments?post=20529"}],"version-history":[{"count":0,"href":"https:\/\/babyvk.com\/pt\/wp-json\/wp\/v2\/product\/20529\/revisions"}],"wp:featuredmedia":[{"embeddable":true,"href":"https:\/\/babyvk.com\/pt\/wp-json\/wp\/v2\/media\/20521"}],"wp:attachment":[{"href":"https:\/\/babyvk.com\/pt\/wp-json\/wp\/v2\/media?parent=20529"}],"wp:term":[{"taxonomy":"product_brand","embeddable":true,"href":"https:\/\/babyvk.com\/pt\/wp-json\/wp\/v2\/product_brand?post=20529"},{"taxonomy":"product_cat","embeddable":true,"href":"https:\/\/babyvk.com\/pt\/wp-json\/wp\/v2\/product_cat?post=20529"},{"taxonomy":"product_tag","embeddable":true,"href":"https:\/\/babyvk.com\/pt\/wp-json\/wp\/v2\/product_tag?post=20529"}],"curies":[{"name":"wp","href":"https:\/\/api.w.org\/{rel}","templated":true}]}}