{"id":20502,"date":"2024-07-06T05:56:44","date_gmt":"2024-07-06T05:56:44","guid":{"rendered":"https:\/\/babyvk.com\/?post_type=product&#038;p=20502"},"modified":"2025-07-12T17:53:56","modified_gmt":"2025-07-12T17:53:56","slug":"silicone-baby-tongue-cleaner-brush","status":"publish","type":"product","link":"https:\/\/babyvk.com\/pt\/product\/silicone-baby-tongue-cleaner-brush\/","title":{"rendered":"Escova de silicone para limpar a l\u00edngua do beb\u00e9"},"content":{"rendered":"<div data-elementor-type=\"product-post\" data-elementor-id=\"20502\" class=\"elementor elementor-20502\" data-elementor-post-type=\"product\">\n\t\t\t\t\t\t<section class=\"wd-negative-gap elementor-section elementor-top-section elementor-element elementor-element-e3950fb elementor-section-boxed elementor-section-height-default elementor-section-height-default\" data-id=\"e3950fb\" data-element_type=\"section\">\n\t\t\t\t\t\t<div class=\"elementor-container elementor-column-gap-default\">\n\t\t\t\t\t<div class=\"elementor-column elementor-col-100 elementor-top-column elementor-element elementor-element-3eccc75\" data-id=\"3eccc75\" data-element_type=\"column\">\n\t\t\t<div class=\"elementor-widget-wrap elementor-element-populated\">\n\t\t\t\t\t\t<div class=\"elementor-element elementor-element-066e16c color-scheme-inherit text-left elementor-widget elementor-widget-text-editor\" data-id=\"066e16c\" data-element_type=\"widget\" data-widget_type=\"text-editor.default\">\n\t\t\t\t<div class=\"elementor-widget-container\">\n\t\t\t\t\t\t\t\t\t<h2>Carater\u00edsticas:<\/h2><ol><li>O material de silicone resistente a altas temperaturas \u00e9 o preferido, seguro e amigo do ambiente, inodoro, sem BPA<\/li><li>Marcar o elixir bucal em segundos para rejeitar uma infe\u00e7\u00e3o cruzada<\/li><li>Armazenamento de 360 graus resistente ao p\u00f3, limpo e higi\u00e9nico<\/li><li>9 camadas de silicone de dois lados, massajam durante a limpeza, limpando eficazmente os res\u00edduos entre a camada da l\u00edngua e o espa\u00e7o entre os dentes<\/li><li>A cabe\u00e7a escova suavemente sem um n\u00facleo duro, o tratamento suave limpa sem magoar as gengivas<\/li><li>Linha de seguran\u00e7a para evitar a entrada demasiado profunda<\/li><li>Toque difuso, mais f\u00e1cil de segurar, para evitar les\u00f5es involunt\u00e1rias na boca do beb\u00e9<\/li><\/ol>\t\t\t\t\t\t\t\t<\/div>\n\t\t\t\t<\/div>\n\t\t\t\t\t<\/div>\n\t\t<\/div>\n\t\t\t\t\t<\/div>\n\t\t<\/section>\n\t\t\t\t<section class=\"wd-negative-gap elementor-section elementor-top-section elementor-element elementor-element-7b02580 elementor-section-boxed elementor-section-height-default elementor-section-height-default\" data-id=\"7b02580\" data-element_type=\"section\">\n\t\t\t\t\t\t<div class=\"elementor-container elementor-column-gap-default\">\n\t\t\t\t\t<div class=\"elementor-column elementor-col-100 elementor-top-column elementor-element elementor-element-8c4dd58\" data-id=\"8c4dd58\" data-element_type=\"column\">\n\t\t\t<div class=\"elementor-widget-wrap elementor-element-populated\">\n\t\t\t\t\t\t<div class=\"elementor-element elementor-element-f195c1d color-scheme-inherit text-left elementor-widget elementor-widget-text-editor\" data-id=\"f195c1d\" data-element_type=\"widget\" data-widget_type=\"text-editor.default\">\n\t\t\t\t<div class=\"elementor-widget-container\">\n\t\t\t\t\t\t\t\t\t<h2>Modo de utiliza\u00e7\u00e3o:<\/h2><ol><li>Teste 2 gotas de \u00f3leo de s\u00e9samo em \u00e1gua morna, \u00e1gua ligeiramente salgada ou \u00e1gua limpa a 40 graus Celsius, mergulhe um pouco com um pincel<\/li><li>Dente suave e gengivas Gengivas suavemente de cima para baixo, e escovar suavemente a mancha de leite da base da l\u00edngua para a ponta da l\u00edngua<\/li><li>Enxaguar a escova de cabe\u00e7a em<\/li><li>Repetir 3-5 vezes para completar a limpeza da boca<\/li><\/ol>\t\t\t\t\t\t\t\t<\/div>\n\t\t\t\t<\/div>\n\t\t\t\t\t<\/div>\n\t\t<\/div>\n\t\t\t\t\t<\/div>\n\t\t<\/section>\n\t\t\t\t<section class=\"wd-negative-gap elementor-section elementor-top-section elementor-element elementor-element-49e74d8 elementor-section-boxed elementor-section-height-default elementor-section-height-default\" data-id=\"49e74d8\" data-element_type=\"section\">\n\t\t\t\t\t\t<div class=\"elementor-container elementor-column-gap-default\">\n\t\t\t\t\t<div class=\"elementor-column elementor-col-100 elementor-top-column elementor-element elementor-element-66d3164\" data-id=\"66d3164\" data-element_type=\"column\">\n\t\t\t<div class=\"elementor-widget-wrap elementor-element-populated\">\n\t\t\t\t\t\t<div class=\"elementor-element elementor-element-3bb2b32 color-scheme-inherit text-left elementor-widget elementor-widget-text-editor\" data-id=\"3bb2b32\" data-element_type=\"widget\" data-widget_type=\"text-editor.default\">\n\t\t\t\t<div class=\"elementor-widget-container\">\n\t\t\t\t\t\t\t\t\t<h2>Especifica\u00e7\u00f5es:<\/h2><ul><li>Cor: Nano Brown<\/li><li>Material: Silicone de qualidade alimentar<\/li><li>Fatia redonda Di\u00e2metro: 13mm<\/li><li>Comprimento total: 90mm<\/li><\/ul>\t\t\t\t\t\t\t\t<\/div>\n\t\t\t\t<\/div>\n\t\t\t\t\t<\/div>\n\t\t<\/div>\n\t\t\t\t\t<\/div>\n\t\t<\/section>\n\t\t\t\t<\/div>","protected":false},"excerpt":{"rendered":"<p>&#8220;<strong>Quer saber como limpar eficazmente a l\u00edngua do seu beb\u00e9?<\/strong> Experimente a nossa escova de silicone para limpar a l\u00edngua do beb\u00e9 para remover suavemente o revestimento da l\u00edngua. Compre agora para envio gratuito!<\/p>","protected":false},"featured_media":20500,"comment_status":"open","ping_status":"closed","template":"","meta":{"_acf_changed":false},"product_brand":[],"product_cat":[29],"product_tag":[895,893,705,894],"class_list":{"0":"post-20502","1":"product","2":"type-product","3":"status-publish","4":"has-post-thumbnail","6":"product_cat-best-baby-care","7":"product_tag-baby-care-kit","8":"product_tag-baby-tongue-cleaner","9":"product_tag-baby-toothbrush","10":"product_tag-infant-toothbrush","12":"first","13":"instock","14":"taxable","15":"shipping-taxable","16":"purchasable","17":"product-type-variable","18":"wvs-archive-product-wrapper"},"acf":[],"_links":{"self":[{"href":"https:\/\/babyvk.com\/pt\/wp-json\/wp\/v2\/product\/20502","targetHints":{"allow":["GET"]}}],"collection":[{"href":"https:\/\/babyvk.com\/pt\/wp-json\/wp\/v2\/product"}],"about":[{"href":"https:\/\/babyvk.com\/pt\/wp-json\/wp\/v2\/types\/product"}],"replies":[{"embeddable":true,"href":"https:\/\/babyvk.com\/pt\/wp-json\/wp\/v2\/comments?post=20502"}],"version-history":[{"count":0,"href":"https:\/\/babyvk.com\/pt\/wp-json\/wp\/v2\/product\/20502\/revisions"}],"wp:featuredmedia":[{"embeddable":true,"href":"https:\/\/babyvk.com\/pt\/wp-json\/wp\/v2\/media\/20500"}],"wp:attachment":[{"href":"https:\/\/babyvk.com\/pt\/wp-json\/wp\/v2\/media?parent=20502"}],"wp:term":[{"taxonomy":"product_brand","embeddable":true,"href":"https:\/\/babyvk.com\/pt\/wp-json\/wp\/v2\/product_brand?post=20502"},{"taxonomy":"product_cat","embeddable":true,"href":"https:\/\/babyvk.com\/pt\/wp-json\/wp\/v2\/product_cat?post=20502"},{"taxonomy":"product_tag","embeddable":true,"href":"https:\/\/babyvk.com\/pt\/wp-json\/wp\/v2\/product_tag?post=20502"}],"curies":[{"name":"wp","href":"https:\/\/api.w.org\/{rel}","templated":true}]}}