{"id":20489,"date":"2024-07-06T05:01:43","date_gmt":"2024-07-06T05:01:43","guid":{"rendered":"https:\/\/babyvk.com\/?post_type=product&#038;p=20489"},"modified":"2026-02-01T19:13:08","modified_gmt":"2026-02-01T19:13:08","slug":"dancing-talking-cactus-toy","status":"publish","type":"product","link":"https:\/\/babyvk.com\/pt\/product\/dancing-talking-cactus-toy\/","title":{"rendered":"Brinquedo Cato Falante Dan\u00e7ante"},"content":{"rendered":"<div data-elementor-type=\"product-post\" data-elementor-id=\"20489\" class=\"elementor elementor-20489\" data-elementor-post-type=\"product\">\n\t\t\t\t\t\t<section class=\"wd-negative-gap elementor-section elementor-top-section elementor-element elementor-element-f42bd14 elementor-section-boxed elementor-section-height-default elementor-section-height-default\" data-id=\"f42bd14\" data-element_type=\"section\">\n\t\t\t\t\t\t<div class=\"elementor-container elementor-column-gap-default\">\n\t\t\t\t\t<div class=\"elementor-column elementor-col-100 elementor-top-column elementor-element elementor-element-f08a127\" data-id=\"f08a127\" data-element_type=\"column\">\n\t\t\t<div class=\"elementor-widget-wrap elementor-element-populated\">\n\t\t\t\t\t\t<div class=\"elementor-element elementor-element-b416709 color-scheme-inherit text-left elementor-widget elementor-widget-text-editor\" data-id=\"b416709\" data-element_type=\"widget\" data-widget_type=\"text-editor.default\">\n\t\t\t\t<div class=\"elementor-widget-container\">\n\t\t\t\t\t\t\t\t\t<h2>Carater\u00edsticas:<\/h2><ul class=\"a-unordered-list a-vertical a-spacing-mini\"><li class=\"a-spacing-mini\"><span class=\"a-list-item\">\ud83c\udf35\u3010Repetir brinquedo de cato \/ brinquedo de cato falante\u3011 (Gravar e repetir e brilhar e falar e mexer e imitar e cantar e dan\u00e7ar\uff09 O cato dan\u00e7ante pode repetir o que voc\u00ea diz, o cato dan\u00e7ante acende cantando.<\/span><\/li><li class=\"a-spacing-mini\"><span class=\"a-list-item\">\ud83c\udf35\u3010Design de carregamento USB\u3011Esses cactos dan\u00e7antes el\u00e9tricos podem ser recarreg\u00e1veis com cabo USB, os brinquedos de cato para crian\u00e7as podem ser inseridos em seu lap top, banco de energia e assim por diante, basta girar o bot\u00e3o para \"ON\". Assim, as crian\u00e7as podem interagir com o cato dan\u00e7ante e partilh\u00e1-lo com os amigos.<\/span><\/li><li class=\"a-spacing-mini\"><span class=\"a-list-item\">\ud83c\udf35\u3010Material de alta qualidade\u3011Brinquedos de cactos dan\u00e7antes feitos de pel\u00facia macia n\u00e3o t\u00f3xica e inofensiva, o tecido do cato dan\u00e7ante \u00e9 confort\u00e1vel que voc\u00ea e seus filhos podem brincar com confian\u00e7a.<\/span><\/li><li class=\"a-spacing-mini\"><span class=\"a-list-item\">\ud83c\udf35\u3010LED Light Cactus Toys\u3011Estamos empenhados em fornecer aos consumidores o produto e servi\u00e7o Premium, a sua SATISFA\u00c7\u00c3O \u00e9 o mais importante. se n\u00e3o estiver totalmente satisfeito com o nosso produto, n\u00e3o hesite em contactar-nos. daremos uma solu\u00e7\u00e3o satisfat\u00f3ria.<\/span><\/li><li class=\"a-spacing-mini\"><span class=\"a-list-item\">\ud83c\udf35\u3010Brinquedos de presente educativo\u3011Presente de brinquedo de cato falante para seus filhos ou amigos. este brinquedo engra\u00e7ado definitivamente far\u00e1 com que as pessoas que o reaceive riam! O brinquedo de cato que imita pode gravar o que voc\u00ea diz e continuar jogando. Dan\u00e7ando cantando brinquedos de pel\u00facia de cato, brinquedos para beb\u00eas, crian\u00e7as pequenas a partir de 7 meses, tamb\u00e9m pode ser uma decora\u00e7\u00e3o de quarto.<\/span><\/li><\/ul>\t\t\t\t\t\t\t\t<\/div>\n\t\t\t\t<\/div>\n\t\t\t\t\t<\/div>\n\t\t<\/div>\n\t\t\t\t\t<\/div>\n\t\t<\/section>\n\t\t\t\t<\/div>","protected":false},"excerpt":{"rendered":"<p>&#8220;<strong>Precisa de um brinquedo divertido para os seus filhos?<\/strong> O brinquedo Cato Falante Dan\u00e7ante canta, dan\u00e7a e imita a fala, criando uma divers\u00e3o sem fim. Compre agora para envio gratuito!<\/p>","protected":false},"featured_media":20483,"comment_status":"open","ping_status":"closed","template":"","meta":{"_acf_changed":false},"product_brand":[],"product_cat":[509],"product_tag":[889,892,888,890,891],"class_list":{"0":"post-20489","1":"product","2":"type-product","3":"status-publish","4":"has-post-thumbnail","6":"product_cat-best-baby-toys","7":"product_tag-cactus-baby-toy","8":"product_tag-dancing-cactus-mimicking","9":"product_tag-dancing-cactus-toy","10":"product_tag-repeating-cactus-toy","11":"product_tag-talking-cactus-toy-original","13":"first","14":"instock","15":"taxable","16":"shipping-taxable","17":"purchasable","18":"product-type-variable","19":"wvs-archive-product-wrapper"},"acf":[],"_links":{"self":[{"href":"https:\/\/babyvk.com\/pt\/wp-json\/wp\/v2\/product\/20489","targetHints":{"allow":["GET"]}}],"collection":[{"href":"https:\/\/babyvk.com\/pt\/wp-json\/wp\/v2\/product"}],"about":[{"href":"https:\/\/babyvk.com\/pt\/wp-json\/wp\/v2\/types\/product"}],"replies":[{"embeddable":true,"href":"https:\/\/babyvk.com\/pt\/wp-json\/wp\/v2\/comments?post=20489"}],"version-history":[{"count":1,"href":"https:\/\/babyvk.com\/pt\/wp-json\/wp\/v2\/product\/20489\/revisions"}],"predecessor-version":[{"id":25266,"href":"https:\/\/babyvk.com\/pt\/wp-json\/wp\/v2\/product\/20489\/revisions\/25266"}],"wp:featuredmedia":[{"embeddable":true,"href":"https:\/\/babyvk.com\/pt\/wp-json\/wp\/v2\/media\/20483"}],"wp:attachment":[{"href":"https:\/\/babyvk.com\/pt\/wp-json\/wp\/v2\/media?parent=20489"}],"wp:term":[{"taxonomy":"product_brand","embeddable":true,"href":"https:\/\/babyvk.com\/pt\/wp-json\/wp\/v2\/product_brand?post=20489"},{"taxonomy":"product_cat","embeddable":true,"href":"https:\/\/babyvk.com\/pt\/wp-json\/wp\/v2\/product_cat?post=20489"},{"taxonomy":"product_tag","embeddable":true,"href":"https:\/\/babyvk.com\/pt\/wp-json\/wp\/v2\/product_tag?post=20489"}],"curies":[{"name":"wp","href":"https:\/\/api.w.org\/{rel}","templated":true}]}}