{"id":20472,"date":"2024-07-06T03:40:39","date_gmt":"2024-07-06T03:40:39","guid":{"rendered":"https:\/\/babyvk.com\/?post_type=product&#038;p=20472"},"modified":"2025-03-10T20:03:28","modified_gmt":"2025-03-10T20:03:28","slug":"8-in-1-baby-grooming-kit","status":"publish","type":"product","link":"https:\/\/babyvk.com\/pt\/product\/8-in-1-baby-grooming-kit\/","title":{"rendered":"Kit 8 em 1 para o cuidado do beb\u00e9"},"content":{"rendered":"<div data-elementor-type=\"product-post\" data-elementor-id=\"20472\" class=\"elementor elementor-20472\" data-elementor-post-type=\"product\">\n\t\t\t\t\t\t<section class=\"wd-negative-gap elementor-section elementor-top-section elementor-element elementor-element-09a062a elementor-section-boxed elementor-section-height-default elementor-section-height-default\" data-id=\"09a062a\" data-element_type=\"section\">\n\t\t\t\t\t\t<div class=\"elementor-container elementor-column-gap-default\">\n\t\t\t\t\t<div class=\"elementor-column elementor-col-100 elementor-top-column elementor-element elementor-element-ae7c166\" data-id=\"ae7c166\" data-element_type=\"column\">\n\t\t\t<div class=\"elementor-widget-wrap elementor-element-populated\">\n\t\t\t\t\t\t<div class=\"elementor-element elementor-element-ad475ff color-scheme-inherit text-left elementor-widget elementor-widget-text-editor\" data-id=\"ad475ff\" data-element_type=\"widget\" data-widget_type=\"text-editor.default\">\n\t\t\t\t<div class=\"elementor-widget-container\">\n\t\t\t\t\t\t\t\t\t<h2>Carater\u00edsticas:<\/h2><ul><li>8 conjuntos de artigos essenciais para rec\u00e9m-nascidos (1 conjunto). Pentes, pentes, pin\u00e7as, corta-unhas, aspirador nasal, escovas de dentes, tesouras de cabe\u00e7a redonda podem satisfazer as necessidades di\u00e1rias dos beb\u00e9s. Os melhores artigos de puericultura para rec\u00e9m-nascidos.<\/li><li>Dur\u00e1vel e port\u00e1til: Um kit de cuidados para beb\u00e9s com uma caixa com fecho de correr dur\u00e1vel pode resolver este problema e tornar o beb\u00e9 saud\u00e1vel e confort\u00e1vel. Quer esteja em casa ou fora de casa, tudo \u00e9 f\u00e1cil de transportar<\/li><li>Kit de cuidados seguros para beb\u00e9s: Para que cada beb\u00e9 tenha sempre uma boa higiene e sa\u00fade, concebemos este kit de higiene. O kit utiliza materiais seguros e de alta qualidade para garantir que n\u00e3o cont\u00e9m BPA, e \u00e9 seguro de usar para tranquilizar os pais. E forne\u00e7a os melhores cuidados m\u00e9dicos para o seu beb\u00e9.<\/li><li>Conjunto de escovas para rec\u00e9m-nascidos: essenciais para o beb\u00e9, cuidados com o cabelo do beb\u00e9, a escova \u00e9 feita de cerdas macias, os dentes redondos do pente s\u00e3o muito suaves, o que \u00e9 especialmente delicado para o couro cabeludo sens\u00edvel do seu beb\u00e9.<\/li><li>Bola de suc\u00e7\u00e3o de silicone para beb\u00e9: Aperte a bola de suc\u00e7\u00e3o para sugar o ranho. O bocal de silicone \u00e9 macio e confort\u00e1vel, n\u00e3o prejudica o nariz do beb\u00e9, as pe\u00e7as s\u00e3o amov\u00edveis e f\u00e1ceis de limpar em qualquer altura.<\/li><\/ul>\t\t\t\t\t\t\t\t<\/div>\n\t\t\t\t<\/div>\n\t\t\t\t\t<\/div>\n\t\t<\/div>\n\t\t\t\t\t<\/div>\n\t\t<\/section>\n\t\t\t\t<section class=\"wd-negative-gap elementor-section elementor-top-section elementor-element elementor-element-98b6f9c elementor-section-boxed elementor-section-height-default elementor-section-height-default\" data-id=\"98b6f9c\" data-element_type=\"section\">\n\t\t\t\t\t\t<div class=\"elementor-container elementor-column-gap-default\">\n\t\t\t\t\t<div class=\"elementor-column elementor-col-100 elementor-top-column elementor-element elementor-element-ec84dc7\" data-id=\"ec84dc7\" data-element_type=\"column\">\n\t\t\t<div class=\"elementor-widget-wrap elementor-element-populated\">\n\t\t\t\t\t\t<div class=\"elementor-element elementor-element-d9b83bc color-scheme-inherit text-left elementor-widget elementor-widget-text-editor\" data-id=\"d9b83bc\" data-element_type=\"widget\" data-widget_type=\"text-editor.default\">\n\t\t\t\t<div class=\"elementor-widget-container\">\n\t\t\t\t\t\t\t\t\t<h2>Especifica\u00e7\u00f5es:<\/h2><ul><li>Nome: Kit de cuidados para beb\u00e9s 8 em 1<\/li><li>Cor: rosa, azul, amarelo<\/li><li>Material: Pl\u00e1stico + Silicone<\/li><li>Peso: 235g<\/li><\/ul><h2>Lista de embalagem:<\/h2><p>1 * Escova<br \/>1 * Pente para cabelo<br \/>1 * Corta-unhas<br \/>1 * Escova de dentes para os dedos<br \/>1 * Lima de unhas<br \/>1 * Desinfetante para o nariz<br \/>1 * Par de tesouras<br \/>1 * Term\u00f3metros electr\u00f3nicos<\/p>\t\t\t\t\t\t\t\t<\/div>\n\t\t\t\t<\/div>\n\t\t\t\t\t<\/div>\n\t\t<\/div>\n\t\t\t\t\t<\/div>\n\t\t<\/section>\n\t\t\t\t<\/div>","protected":false},"excerpt":{"rendered":"<p>&#8220;<strong>Procura a solu\u00e7\u00e3o perfeita para o cuidado do beb\u00e9?<\/strong> O kit 8 em 1 para cuidados do beb\u00e9 tem tudo o que precisa para manter o seu beb\u00e9 limpo e saud\u00e1vel. Compre agora para envio gratuito!<\/p>","protected":false},"featured_media":20463,"comment_status":"open","ping_status":"closed","template":"","meta":{"_acf_changed":false},"product_brand":[],"product_cat":[29],"product_tag":[885,887,883,886,884],"class_list":{"0":"post-20472","1":"product","2":"type-product","3":"status-publish","4":"has-post-thumbnail","6":"product_cat-best-baby-care","7":"product_tag-finger-toothbrush","8":"product_tag-manicure-kit","9":"product_tag-nail-clipper","10":"product_tag-nail-scissors","11":"product_tag-nose-cleaner","13":"first","14":"instock","15":"taxable","16":"shipping-taxable","17":"purchasable","18":"product-type-variable","19":"wvs-archive-product-wrapper"},"acf":[],"_links":{"self":[{"href":"https:\/\/babyvk.com\/pt\/wp-json\/wp\/v2\/product\/20472","targetHints":{"allow":["GET"]}}],"collection":[{"href":"https:\/\/babyvk.com\/pt\/wp-json\/wp\/v2\/product"}],"about":[{"href":"https:\/\/babyvk.com\/pt\/wp-json\/wp\/v2\/types\/product"}],"replies":[{"embeddable":true,"href":"https:\/\/babyvk.com\/pt\/wp-json\/wp\/v2\/comments?post=20472"}],"version-history":[{"count":0,"href":"https:\/\/babyvk.com\/pt\/wp-json\/wp\/v2\/product\/20472\/revisions"}],"wp:featuredmedia":[{"embeddable":true,"href":"https:\/\/babyvk.com\/pt\/wp-json\/wp\/v2\/media\/20463"}],"wp:attachment":[{"href":"https:\/\/babyvk.com\/pt\/wp-json\/wp\/v2\/media?parent=20472"}],"wp:term":[{"taxonomy":"product_brand","embeddable":true,"href":"https:\/\/babyvk.com\/pt\/wp-json\/wp\/v2\/product_brand?post=20472"},{"taxonomy":"product_cat","embeddable":true,"href":"https:\/\/babyvk.com\/pt\/wp-json\/wp\/v2\/product_cat?post=20472"},{"taxonomy":"product_tag","embeddable":true,"href":"https:\/\/babyvk.com\/pt\/wp-json\/wp\/v2\/product_tag?post=20472"}],"curies":[{"name":"wp","href":"https:\/\/api.w.org\/{rel}","templated":true}]}}