{"id":20179,"date":"2024-06-04T18:33:50","date_gmt":"2024-06-04T18:33:50","guid":{"rendered":"https:\/\/babyvk.com\/?post_type=product&#038;p=20179"},"modified":"2025-03-10T20:03:29","modified_gmt":"2025-03-10T20:03:29","slug":"baby-travel-formula-dispenser-on-the-go","status":"publish","type":"product","link":"https:\/\/babyvk.com\/pt\/product\/baby-travel-formula-dispenser-on-the-go\/","title":{"rendered":"Dispensador de F\u00f3rmula de Viagem para Beb\u00e9s On The Go"},"content":{"rendered":"<div data-elementor-type=\"product-post\" data-elementor-id=\"20179\" class=\"elementor elementor-20179\" data-elementor-post-type=\"product\">\n\t\t\t\t\t\t<section class=\"wd-negative-gap elementor-section elementor-top-section elementor-element elementor-element-e300c11 elementor-section-boxed elementor-section-height-default elementor-section-height-default\" data-id=\"e300c11\" data-element_type=\"section\">\n\t\t\t\t\t\t<div class=\"elementor-container elementor-column-gap-default\">\n\t\t\t\t\t<div class=\"elementor-column elementor-col-100 elementor-top-column elementor-element elementor-element-cb90fe2\" data-id=\"cb90fe2\" data-element_type=\"column\">\n\t\t\t<div class=\"elementor-widget-wrap elementor-element-populated\">\n\t\t\t\t\t\t<div class=\"elementor-element elementor-element-6a556c8 color-scheme-inherit text-left elementor-widget elementor-widget-text-editor\" data-id=\"6a556c8\" data-element_type=\"widget\" data-widget_type=\"text-editor.default\">\n\t\t\t\t<div class=\"elementor-widget-container\">\n\t\t\t\t\t\t\t\t\t<h2>Carater\u00edsticas:<\/h2><ul class=\"a-unordered-list a-vertical a-spacing-mini\"><li class=\"a-spacing-mini\"><span class=\"a-list-item\"><strong>Materiais seguros:<\/strong> O recipiente da f\u00f3rmula \u00e9 feito de pl\u00e1stico pp de qualidade alimentar, sem BPA, lav\u00e1vel na m\u00e1quina de lavar lou\u00e7a. Adequado para: 0+ anos.<\/span><\/li><li class=\"a-spacing-mini\"><span class=\"a-list-item\"><strong>F\u00e1cil de transportar:<\/strong> Perfeitamente adapt\u00e1vel \u00e0s m\u00e3os e aos sacos, este recipiente para leite em p\u00f3 \u00e9 pr\u00e1tico para levar em viagem ou para visitar os beb\u00e9s, facilitando a alimenta\u00e7\u00e3o.<\/span><\/li><li class=\"a-spacing-mini\"><span class=\"a-list-item\"><strong>Manuten\u00e7\u00e3o de frescos:<\/strong> O recipiente para f\u00f3rmulas para beb\u00e9s com design de fivela e tampa interior com anel de veda\u00e7\u00e3o de silicone garante a estanquidade ao ar para proteger a f\u00f3rmula ou os alimentos e prolongar a frescura. F\u00e1cil de limpar e f\u00e1cil de secar.<\/span><\/li><li class=\"a-spacing-mini\"><span class=\"a-list-item\"><strong>Design \u00edntimo:<\/strong> Com a camada espa\u00e7ada para a colher, as colheres e o leite em p\u00f3 podem ser guardados em s\u00edtios diferentes para manter a higiene. O dispensador de leite em p\u00f3 para beb\u00e9s com design separado ajuda-o a colher cada colher de leite em p\u00f3 com precis\u00e3o para evitar desperd\u00edcios.<\/span><\/li><li class=\"a-spacing-mini\"><span class=\"a-list-item\"><strong>Muito utilizado:<\/strong>A caixa de armazenamento de leite em p\u00f3 tem uma grande capacidade de 500 ml. Tamb\u00e9m pode ser utilizada como recipiente de armazenamento de alimentos, copo para snacks para bolachas e frutos secos.<\/span><\/li><\/ul>\t\t\t\t\t\t\t\t<\/div>\n\t\t\t\t<\/div>\n\t\t\t\t<div class=\"elementor-element elementor-element-611cfe5 color-scheme-inherit text-left elementor-widget elementor-widget-text-editor\" data-id=\"611cfe5\" data-element_type=\"widget\" data-widget_type=\"text-editor.default\">\n\t\t\t\t<div class=\"elementor-widget-container\">\n\t\t\t\t\t\t\t\t\t<h2>Especifica\u00e7\u00e3o:<\/h2><ul><li>Material: PP+TPE<\/li><li style=\"margin-bottom: var(--li-mb); font-size: 16px;\">Cor: rosa e verde<\/li><li>Aplica\u00e7\u00e3o: Armazenamento de alimentos para beb\u00e9s\u00a0<\/li><li>Tamanho: 100*98mm<\/li><\/ul>\t\t\t\t\t\t\t\t<\/div>\n\t\t\t\t<\/div>\n\t\t\t\t\t<\/div>\n\t\t<\/div>\n\t\t\t\t\t<\/div>\n\t\t<\/section>\n\t\t\t\t<section class=\"wd-negative-gap elementor-section elementor-top-section elementor-element elementor-element-b37becf elementor-section-boxed elementor-section-height-default elementor-section-height-default\" data-id=\"b37becf\" data-element_type=\"section\">\n\t\t\t\t\t\t<div class=\"elementor-container elementor-column-gap-default\">\n\t\t\t\t\t<div class=\"elementor-column elementor-col-100 elementor-top-column elementor-element elementor-element-55e8f2c\" data-id=\"55e8f2c\" data-element_type=\"column\">\n\t\t\t<div class=\"elementor-widget-wrap elementor-element-populated\">\n\t\t\t\t\t\t<div class=\"elementor-element elementor-element-d4aea0e elementor-widget elementor-widget-wd_image_or_svg\" data-id=\"d4aea0e\" data-element_type=\"widget\" data-widget_type=\"wd_image_or_svg.default\">\n\t\t\t\t<div class=\"elementor-widget-container\">\n\t\t\t\t\t\n\t\t<div class=\"wd-image text-left\">\n\t\t\t\t\t\t\t\t<img fetchpriority=\"high\" decoding=\"async\" width=\"1000\" height=\"1000\" src=\"https:\/\/babyvk.com\/wp-content\/uploads\/2024\/06\/travel-essentials-for-baby.webp\" class=\"attachment-full size-full wvs-archive-product-image\" alt=\"dispensador de leite para beb\u00e9\" srcset=\"https:\/\/babyvk.com\/wp-content\/uploads\/2024\/06\/travel-essentials-for-baby.webp 1000w, https:\/\/babyvk.com\/wp-content\/uploads\/2024\/06\/travel-essentials-for-baby-300x300.webp 300w, https:\/\/babyvk.com\/wp-content\/uploads\/2024\/06\/travel-essentials-for-baby-800x800.webp 800w, https:\/\/babyvk.com\/wp-content\/uploads\/2024\/06\/travel-essentials-for-baby-150x150.webp 150w, https:\/\/babyvk.com\/wp-content\/uploads\/2024\/06\/travel-essentials-for-baby-768x768.webp 768w, https:\/\/babyvk.com\/wp-content\/uploads\/2024\/06\/travel-essentials-for-baby-860x860.webp 860w, https:\/\/babyvk.com\/wp-content\/uploads\/2024\/06\/travel-essentials-for-baby-430x430.webp 430w, https:\/\/babyvk.com\/wp-content\/uploads\/2024\/06\/travel-essentials-for-baby-700x700.webp 700w, https:\/\/babyvk.com\/wp-content\/uploads\/2024\/06\/travel-essentials-for-baby-100x100.webp 100w, https:\/\/babyvk.com\/wp-content\/uploads\/2024\/06\/travel-essentials-for-baby-50x50.webp 50w\" sizes=\"(max-width: 1000px) 100vw, 1000px\" title=\"\">\t\t\t\t\t<\/div>\n\n\t\t\t\t\t\t<\/div>\n\t\t\t\t<\/div>\n\t\t\t\t<div class=\"elementor-element elementor-element-094b6a7 elementor-widget elementor-widget-wd_image_or_svg\" data-id=\"094b6a7\" data-element_type=\"widget\" data-widget_type=\"wd_image_or_svg.default\">\n\t\t\t\t<div class=\"elementor-widget-container\">\n\t\t\t\t\t\n\t\t<div class=\"wd-image text-left\">\n\t\t\t\t\t\t\t\t<img decoding=\"async\" width=\"1000\" height=\"1000\" src=\"https:\/\/babyvk.com\/wp-content\/uploads\/2024\/06\/protein-powder-container.webp\" class=\"attachment-full size-full wvs-archive-product-image\" alt=\"recipiente para leite em p\u00f3 para beb\u00e9\" srcset=\"https:\/\/babyvk.com\/wp-content\/uploads\/2024\/06\/protein-powder-container.webp 1000w, https:\/\/babyvk.com\/wp-content\/uploads\/2024\/06\/protein-powder-container-300x300.webp 300w, https:\/\/babyvk.com\/wp-content\/uploads\/2024\/06\/protein-powder-container-800x800.webp 800w, https:\/\/babyvk.com\/wp-content\/uploads\/2024\/06\/protein-powder-container-150x150.webp 150w, https:\/\/babyvk.com\/wp-content\/uploads\/2024\/06\/protein-powder-container-768x768.webp 768w, https:\/\/babyvk.com\/wp-content\/uploads\/2024\/06\/protein-powder-container-860x860.webp 860w, https:\/\/babyvk.com\/wp-content\/uploads\/2024\/06\/protein-powder-container-430x430.webp 430w, https:\/\/babyvk.com\/wp-content\/uploads\/2024\/06\/protein-powder-container-700x700.webp 700w, https:\/\/babyvk.com\/wp-content\/uploads\/2024\/06\/protein-powder-container-100x100.webp 100w, https:\/\/babyvk.com\/wp-content\/uploads\/2024\/06\/protein-powder-container-50x50.webp 50w\" sizes=\"(max-width: 1000px) 100vw, 1000px\" title=\"\">\t\t\t\t\t<\/div>\n\n\t\t\t\t\t\t<\/div>\n\t\t\t\t<\/div>\n\t\t\t\t<div class=\"elementor-element elementor-element-9b80750 elementor-widget elementor-widget-wd_image_or_svg\" data-id=\"9b80750\" data-element_type=\"widget\" data-widget_type=\"wd_image_or_svg.default\">\n\t\t\t\t<div class=\"elementor-widget-container\">\n\t\t\t\t\t\n\t\t<div class=\"wd-image text-left\">\n\t\t\t\t\t\t\t\t<img decoding=\"async\" width=\"1000\" height=\"1000\" src=\"https:\/\/babyvk.com\/wp-content\/uploads\/2024\/06\/baby-travel-essentials-for-flying.webp\" class=\"attachment-full size-full wvs-archive-product-image\" alt=\"dispensador de leite em p\u00f3 para levar\" srcset=\"https:\/\/babyvk.com\/wp-content\/uploads\/2024\/06\/baby-travel-essentials-for-flying.webp 1000w, https:\/\/babyvk.com\/wp-content\/uploads\/2024\/06\/baby-travel-essentials-for-flying-300x300.webp 300w, https:\/\/babyvk.com\/wp-content\/uploads\/2024\/06\/baby-travel-essentials-for-flying-800x800.webp 800w, https:\/\/babyvk.com\/wp-content\/uploads\/2024\/06\/baby-travel-essentials-for-flying-150x150.webp 150w, https:\/\/babyvk.com\/wp-content\/uploads\/2024\/06\/baby-travel-essentials-for-flying-768x768.webp 768w, https:\/\/babyvk.com\/wp-content\/uploads\/2024\/06\/baby-travel-essentials-for-flying-860x860.webp 860w, https:\/\/babyvk.com\/wp-content\/uploads\/2024\/06\/baby-travel-essentials-for-flying-430x430.webp 430w, https:\/\/babyvk.com\/wp-content\/uploads\/2024\/06\/baby-travel-essentials-for-flying-700x700.webp 700w, https:\/\/babyvk.com\/wp-content\/uploads\/2024\/06\/baby-travel-essentials-for-flying-100x100.webp 100w, https:\/\/babyvk.com\/wp-content\/uploads\/2024\/06\/baby-travel-essentials-for-flying-50x50.webp 50w\" sizes=\"(max-width: 1000px) 100vw, 1000px\" title=\"\">\t\t\t\t\t<\/div>\n\n\t\t\t\t\t\t<\/div>\n\t\t\t\t<\/div>\n\t\t\t\t<div class=\"elementor-element elementor-element-9cba8ef elementor-widget elementor-widget-wd_image_or_svg\" data-id=\"9cba8ef\" data-element_type=\"widget\" data-widget_type=\"wd_image_or_svg.default\">\n\t\t\t\t<div class=\"elementor-widget-container\">\n\t\t\t\t\t\n\t\t<div class=\"wd-image text-left\">\n\t\t\t\t\t\t\t\t<img loading=\"lazy\" decoding=\"async\" width=\"1000\" height=\"1000\" src=\"https:\/\/babyvk.com\/wp-content\/uploads\/2024\/06\/baby-formula-dispenser.webp\" class=\"attachment-full size-full wvs-archive-product-image\" alt=\"recipiente para leite em p\u00f3 port\u00e1til\" srcset=\"https:\/\/babyvk.com\/wp-content\/uploads\/2024\/06\/baby-formula-dispenser.webp 1000w, https:\/\/babyvk.com\/wp-content\/uploads\/2024\/06\/baby-formula-dispenser-300x300.webp 300w, https:\/\/babyvk.com\/wp-content\/uploads\/2024\/06\/baby-formula-dispenser-800x800.webp 800w, https:\/\/babyvk.com\/wp-content\/uploads\/2024\/06\/baby-formula-dispenser-150x150.webp 150w, https:\/\/babyvk.com\/wp-content\/uploads\/2024\/06\/baby-formula-dispenser-768x768.webp 768w, https:\/\/babyvk.com\/wp-content\/uploads\/2024\/06\/baby-formula-dispenser-860x860.webp 860w, https:\/\/babyvk.com\/wp-content\/uploads\/2024\/06\/baby-formula-dispenser-430x430.webp 430w, https:\/\/babyvk.com\/wp-content\/uploads\/2024\/06\/baby-formula-dispenser-700x700.webp 700w, https:\/\/babyvk.com\/wp-content\/uploads\/2024\/06\/baby-formula-dispenser-100x100.webp 100w, https:\/\/babyvk.com\/wp-content\/uploads\/2024\/06\/baby-formula-dispenser-50x50.webp 50w\" sizes=\"(max-width: 1000px) 100vw, 1000px\" title=\"\">\t\t\t\t\t<\/div>\n\n\t\t\t\t\t\t<\/div>\n\t\t\t\t<\/div>\n\t\t\t\t<div class=\"elementor-element elementor-element-13e847b elementor-widget elementor-widget-wd_image_or_svg\" data-id=\"13e847b\" data-element_type=\"widget\" data-widget_type=\"wd_image_or_svg.default\">\n\t\t\t\t<div class=\"elementor-widget-container\">\n\t\t\t\t\t\n\t\t<div class=\"wd-image text-left\">\n\t\t\t\t\t\t\t\t<img loading=\"lazy\" decoding=\"async\" width=\"1000\" height=\"1000\" src=\"https:\/\/babyvk.com\/wp-content\/uploads\/2024\/06\/protein-powder-travel-container.webp\" class=\"attachment-full size-full wvs-archive-product-image\" alt=\"recipiente de viagem para p\u00f3\" srcset=\"https:\/\/babyvk.com\/wp-content\/uploads\/2024\/06\/protein-powder-travel-container.webp 1000w, https:\/\/babyvk.com\/wp-content\/uploads\/2024\/06\/protein-powder-travel-container-300x300.webp 300w, https:\/\/babyvk.com\/wp-content\/uploads\/2024\/06\/protein-powder-travel-container-800x800.webp 800w, https:\/\/babyvk.com\/wp-content\/uploads\/2024\/06\/protein-powder-travel-container-150x150.webp 150w, https:\/\/babyvk.com\/wp-content\/uploads\/2024\/06\/protein-powder-travel-container-768x768.webp 768w, https:\/\/babyvk.com\/wp-content\/uploads\/2024\/06\/protein-powder-travel-container-860x860.webp 860w, https:\/\/babyvk.com\/wp-content\/uploads\/2024\/06\/protein-powder-travel-container-430x430.webp 430w, https:\/\/babyvk.com\/wp-content\/uploads\/2024\/06\/protein-powder-travel-container-700x700.webp 700w, https:\/\/babyvk.com\/wp-content\/uploads\/2024\/06\/protein-powder-travel-container-100x100.webp 100w, https:\/\/babyvk.com\/wp-content\/uploads\/2024\/06\/protein-powder-travel-container-50x50.webp 50w\" sizes=\"(max-width: 1000px) 100vw, 1000px\" title=\"\">\t\t\t\t\t<\/div>\n\n\t\t\t\t\t\t<\/div>\n\t\t\t\t<\/div>\n\t\t\t\t\t<\/div>\n\t\t<\/div>\n\t\t\t\t\t<\/div>\n\t\t<\/section>\n\t\t\t\t<section class=\"wd-negative-gap elementor-section elementor-top-section elementor-element elementor-element-04bfaee elementor-section-boxed elementor-section-height-default elementor-section-height-default\" data-id=\"04bfaee\" data-element_type=\"section\">\n\t\t\t\t\t\t<div class=\"elementor-container elementor-column-gap-default\">\n\t\t\t\t\t<div class=\"elementor-column elementor-col-100 elementor-top-column elementor-element elementor-element-94e9657\" data-id=\"94e9657\" data-element_type=\"column\">\n\t\t\t<div class=\"elementor-widget-wrap elementor-element-populated\">\n\t\t\t\t\t\t<div class=\"elementor-element elementor-element-53ad418 wd-width-100 elementor-widget elementor-widget-wd_title\" data-id=\"53ad418\" data-element_type=\"widget\" data-widget_type=\"wd_title.default\">\n\t\t\t\t<div class=\"elementor-widget-container\">\n\t\t\t\t\t\t\t<div class=\"title-wrapper wd-set-mb reset-last-child wd-title-color-default wd-title-style-default wd-title-size-default text-center\">\n\n\t\t\t\t\t\t\t\t\t\t\t<div class=\"title-subtitle subtitle-color-default subtitle-style-default wd-fontsize-xs\">\n\t\t\t\t\tVER O NOSSO ESPECT\u00c1CULO REAL\t\t\t\t<\/div>\n\t\t\t\n\t\t\t<div class=\"liner-continer\">\n\t\t\t\t<h4 class=\"woodmart-title-container title wd-fontsize-l\">O nosso pequeno v\u00eddeo<\/h4> \n\t\t\t\t\t\t\t<\/div>\n\n\t\t\t\t\t\t\t<div class=\"title-after_title reset-last-child wd-fontsize-xs\">\n\t\t\t\t\t<p>Mostrar o cen\u00e1rio de utiliza\u00e7\u00e3o do produto, para lhe dar a conhecer mais pormenores.<\/p>\t\t\t\t<\/div>\n\t\t\t\t\t<\/div>\n\t\t\t\t\t\t<\/div>\n\t\t\t\t<\/div>\n\t\t\t\t<div class=\"elementor-element elementor-element-c080e80 elementor-widget elementor-widget-wd_testimonials\" data-id=\"c080e80\" data-element_type=\"widget\" data-widget_type=\"wd_testimonials.default\">\n\t\t\t\t<div class=\"elementor-widget-container\">\n\t\t\t\t\t\t\t<div class=\"testimonials testimon-style-standard  color-scheme- testimon-align-center wd-carousel-container\" id=\"carousel-4997\">\n\t\t\t\t\t\t\t<div class=\"wd-carousel-inner\">\n\t\t\t\n\t\t\t<div class=\"wd-carousel wd-grid\" data-scroll_per_page=\"yes\" style=\"--wd-col-lg:2;--wd-col-md:2;--wd-col-sm:1;--wd-gap-lg:30px;--wd-gap-sm:10px;\">\n\t\t\t\t\t\t\t\t\t<div class=\"wd-carousel-wrap\">\n\t\t\t\t\n\t\t\t\t\t\t\t\t\t\n<div class=\"testimonial wd-carousel-item\">\n\t<div class=\"testimonial-inner\">\n\t\t\n\t\t<div class=\"testimonial-content\">\n\t\t\t<div class=\"testimonial-rating\">\n\t\t\t\t<span class=\"star-rating\">\n\t\t\t\t\t<span style=\"width:100%\"><\/span>\n\t\t\t\t<\/span>\n\t\t\t<\/div>\n\n\t\t\t<p><iframe  id=\"_ytid_59662\"  width=\"800\" height=\"450\"  data-origwidth=\"800\" data-origheight=\"450\"  data-relstop=\"1\" src=\"https:\/\/www.youtube.com\/embed\/nWBySw2yCDs?enablejsapi=1&autoplay=0&cc_load_policy=1&cc_lang_pref=&iv_load_policy=3&loop=0&rel=0&fs=1&playsinline=0&autohide=2&theme=dark&color=red&controls=1&disablekb=0&\" class=\"__youtube_prefs__  no-lazyload\" title=\"Leitor do YouTube\"  allow=\"fullscreen; accelerometer; autoplay; clipboard-write; encrypted-media; gyroscope; picture-in-picture; web-share\" referrerpolicy=\"strict-origin-when-cross-origin\" allowfullscreen data-no-lazy=\"1\" data-skipgform_ajax_framebjll=\"\"><\/iframe><\/p>\n\t\t\t<footer>\n\t\t\t\t\n\t\t\t\t\t\t\t\t\t<span>\n\t\t\t\t\t\tProgramador Web\t\t\t\t\t<\/span>\n\t\t\t\t\t\t\t<\/footer>\n\t\t<\/div>\n\t<\/div>\n<\/div>\t\t\t\t\t\t\t\t\t\n<div class=\"testimonial wd-carousel-item\">\n\t<div class=\"testimonial-inner\">\n\t\t\n\t\t<div class=\"testimonial-content\">\n\t\t\t<div class=\"testimonial-rating\">\n\t\t\t\t<span class=\"star-rating\">\n\t\t\t\t\t<span style=\"width:100%\"><\/span>\n\t\t\t\t<\/span>\n\t\t\t<\/div>\n\n\t\t\t<p><iframe  id=\"_ytid_89218\"  width=\"800\" height=\"450\"  data-origwidth=\"800\" data-origheight=\"450\"  data-relstop=\"1\" src=\"https:\/\/www.youtube.com\/embed\/15R_TwygZK0?enablejsapi=1&autoplay=0&cc_load_policy=1&cc_lang_pref=&iv_load_policy=3&loop=0&rel=0&fs=1&playsinline=0&autohide=2&theme=dark&color=red&controls=1&disablekb=0&\" class=\"__youtube_prefs__  no-lazyload\" title=\"Leitor do YouTube\"  allow=\"fullscreen; accelerometer; autoplay; clipboard-write; encrypted-media; gyroscope; picture-in-picture; web-share\" referrerpolicy=\"strict-origin-when-cross-origin\" allowfullscreen data-no-lazy=\"1\" data-skipgform_ajax_framebjll=\"\"><\/iframe><\/p>\n\t\t\t<footer>\n\t\t\t\t\n\t\t\t\t\t\t\t<\/footer>\n\t\t<\/div>\n\t<\/div>\n<\/div>\t\t\t\t\t\t\t\t\t\n<div class=\"testimonial wd-carousel-item\">\n\t<div class=\"testimonial-inner\">\n\t\t\n\t\t<div class=\"testimonial-content\">\n\t\t\t<div class=\"testimonial-rating\">\n\t\t\t\t<span class=\"star-rating\">\n\t\t\t\t\t<span style=\"width:100%\"><\/span>\n\t\t\t\t<\/span>\n\t\t\t<\/div>\n\n\t\t\t<p><iframe  id=\"_ytid_27002\"  width=\"800\" height=\"450\"  data-origwidth=\"800\" data-origheight=\"450\"  data-relstop=\"1\" src=\"https:\/\/www.youtube.com\/embed\/kCy_WDaroRg?enablejsapi=1&autoplay=0&cc_load_policy=1&cc_lang_pref=&iv_load_policy=3&loop=0&rel=0&fs=1&playsinline=0&autohide=2&theme=dark&color=red&controls=1&disablekb=0&\" class=\"__youtube_prefs__  no-lazyload\" title=\"Leitor do YouTube\"  allow=\"fullscreen; accelerometer; autoplay; clipboard-write; encrypted-media; gyroscope; picture-in-picture; web-share\" referrerpolicy=\"strict-origin-when-cross-origin\" allowfullscreen data-no-lazy=\"1\" data-skipgform_ajax_framebjll=\"\"><\/iframe><\/p>\n\t\t\t<footer>\n\t\t\t\t\n\t\t\t\t\t\t\t<\/footer>\n\t\t<\/div>\n\t<\/div>\n<\/div>\t\t\t\t\n\t\t\t\t\t\t\t\t\t<\/div>\n\t\t\t\t\t\t\t<\/div>\n\t\t\t\t\t\t\t\t\t\t\t\t\t\t<div class=\"wd-nav-arrows wd-pos-sep wd-hover-1 wd-icon-1\">\n\t\t\t<div class=\"wd-btn-arrow wd-prev wd-disabled\">\n\t\t\t\t<div class=\"wd-arrow-inner\"><\/div>\n\t\t\t<\/div>\n\t\t\t<div class=\"wd-btn-arrow wd-next\">\n\t\t\t\t<div class=\"wd-arrow-inner\"><\/div>\n\t\t\t<\/div>\n\t\t<\/div>\n\t\t\t\t\t\t\n\t\t\t\t<\/div>\n\n\t\t\t\t\t\t<div class=\"wd-nav-pagin-wrap text-center wd-style-shape wd-hide-md-sm wd-hide-sm\">\n\t\t\t<ul class=\"wd-nav-pagin\"><\/ul>\n\t\t<\/div>\n\t\t\t\t\t\t\t\t\t\t\t<\/div>\n\t\t\t\t\t\t<\/div>\n\t\t\t\t<\/div>\n\t\t\t\t\t<\/div>\n\t\t<\/div>\n\t\t\t\t\t<\/div>\n\t\t<\/section>\n\t\t\t\t<\/div>","protected":false},"excerpt":{"rendered":"<p><strong>\"Cansado dos recipientes de f\u00f3rmula volumosos?<\/strong> O Dispensador de F\u00f3rmula de Viagem para Beb\u00e9s oferece uma arruma\u00e7\u00e3o compacta e eficiente para pais atarefados. Compre agora e receba frete gr\u00e1tis!<\/p>","protected":false},"featured_media":20177,"comment_status":"open","ping_status":"closed","template":"","meta":{"_acf_changed":false},"product_brand":[],"product_cat":[42,508],"product_tag":[856,854,857,855,858],"class_list":{"0":"post-20179","1":"product","2":"type-product","3":"status-publish","4":"has-post-thumbnail","6":"product_cat-best-travel-gear","7":"product_cat-best-baby-feeding","8":"product_tag-baby-formula-container","9":"product_tag-baby-formula-dispenser","10":"product_tag-baby-formula-dispenser-on-the-go","11":"product_tag-formula-dispenser-on-the-go","12":"product_tag-infant-travel-essentials","14":"first","15":"instock","16":"sale","17":"taxable","18":"shipping-taxable","19":"purchasable","20":"product-type-variable","21":"wvs-archive-product-wrapper"},"acf":[],"_links":{"self":[{"href":"https:\/\/babyvk.com\/pt\/wp-json\/wp\/v2\/product\/20179","targetHints":{"allow":["GET"]}}],"collection":[{"href":"https:\/\/babyvk.com\/pt\/wp-json\/wp\/v2\/product"}],"about":[{"href":"https:\/\/babyvk.com\/pt\/wp-json\/wp\/v2\/types\/product"}],"replies":[{"embeddable":true,"href":"https:\/\/babyvk.com\/pt\/wp-json\/wp\/v2\/comments?post=20179"}],"version-history":[{"count":0,"href":"https:\/\/babyvk.com\/pt\/wp-json\/wp\/v2\/product\/20179\/revisions"}],"wp:featuredmedia":[{"embeddable":true,"href":"https:\/\/babyvk.com\/pt\/wp-json\/wp\/v2\/media\/20177"}],"wp:attachment":[{"href":"https:\/\/babyvk.com\/pt\/wp-json\/wp\/v2\/media?parent=20179"}],"wp:term":[{"taxonomy":"product_brand","embeddable":true,"href":"https:\/\/babyvk.com\/pt\/wp-json\/wp\/v2\/product_brand?post=20179"},{"taxonomy":"product_cat","embeddable":true,"href":"https:\/\/babyvk.com\/pt\/wp-json\/wp\/v2\/product_cat?post=20179"},{"taxonomy":"product_tag","embeddable":true,"href":"https:\/\/babyvk.com\/pt\/wp-json\/wp\/v2\/product_tag?post=20179"}],"curies":[{"name":"wp","href":"https:\/\/api.w.org\/{rel}","templated":true}]}}