{"id":20133,"date":"2024-06-04T12:09:56","date_gmt":"2024-06-04T12:09:56","guid":{"rendered":"https:\/\/babyvk.com\/?post_type=product&#038;p=20133"},"modified":"2025-07-06T03:13:06","modified_gmt":"2025-07-06T03:13:06","slug":"silicone-baby-head-scrubber","status":"publish","type":"product","link":"https:\/\/babyvk.com\/pt\/product\/silicone-baby-head-scrubber\/","title":{"rendered":"Esfreg\u00e3o de cabe\u00e7a de silicone para beb\u00e9 2 pe\u00e7as"},"content":{"rendered":"<div data-elementor-type=\"product-post\" data-elementor-id=\"20133\" class=\"elementor elementor-20133\" data-elementor-post-type=\"product\">\n\t\t\t\t\t\t<section class=\"wd-negative-gap elementor-section elementor-top-section elementor-element elementor-element-c352778 elementor-section-boxed elementor-section-height-default elementor-section-height-default\" data-id=\"c352778\" data-element_type=\"section\">\n\t\t\t\t\t\t<div class=\"elementor-container elementor-column-gap-default\">\n\t\t\t\t\t<div class=\"elementor-column elementor-col-100 elementor-top-column elementor-element elementor-element-def4124\" data-id=\"def4124\" data-element_type=\"column\">\n\t\t\t<div class=\"elementor-widget-wrap elementor-element-populated\">\n\t\t\t\t\t\t<div class=\"elementor-element elementor-element-da2b368 color-scheme-inherit text-left elementor-widget elementor-widget-text-editor\" data-id=\"da2b368\" data-element_type=\"widget\" data-widget_type=\"text-editor.default\">\n\t\t\t\t<div class=\"elementor-widget-container\">\n\t\t\t\t\t\t\t\t\t<h2>CARACTER\u00cdSTICAS:<\/h2><ul><li><strong>QUALIDADE SUPERIOR:<\/strong> Escova para beb\u00e9 em material de alta qualidade, para que as crian\u00e7as de todas as idades possam \"fazer tudo sozinhas\" durante o duche e o banho!<\/li><li><strong>A MELHOR ESCOLHA:<\/strong> As cerdas de silicone macias foram concebidas para evitar arranhar o couro cabeludo com as unhas. A escova de silicone macia e suave ajuda a remover a sujidade. Enxagua-se bem e seca rapidamente.<\/li><li><strong>UTILIZA\u00c7\u00c3O FINAL:<\/strong> \u00c9 tamb\u00e9m uma escova de limpeza multifuncional que pode ser utilizada como massajador corporal e ferramenta de limpeza.<\/li><li><strong>MATERIAL SEGURO:\u00a0<\/strong> Fabricado com silicone 100% dur\u00e1vel e flex\u00edvel. Hipoalerg\u00e9nico e amigo do ambiente!<\/li><li><strong>CONCEBIDO PARA O BEB\u00c9:\u00a0<\/strong> Massaja e limpa suavemente o beb\u00e9, da cabe\u00e7a aos p\u00e9s! \u00c9 um presente perfeito para o beb\u00e9 ou para as crian\u00e7as.<\/li><\/ul><h2><span class=\"a-text-bold\">ATEN\u00c7\u00c3O:<\/span>\u00a0<\/h2><p>Enxaguar com \u00e1gua limpa e colocar em \u00e1gua a ferver durante 2-3 minutos antes de utilizar. Guardar num local fresco.<\/p><h2><span class=\"a-text-bold\">UTILIZA\u00c7\u00c3O:<\/span>\u00a0<\/h2><p>Humedecer a cabe\u00e7a ou a pele com \u00e1gua, aplicar uma quantidade adequada de gel de banho ou champ\u00f4 em cima deste produto, esfregar suavemente, desempenhar\u00e1 um papel nos cuidados de massagem da pele, promover\u00e1 o metabolismo da pele do beb\u00e9. Melhorar o desenvolvimento mental.<\/p><h2><span class=\"a-text-bold\">SURPRESA:<\/span>\u00a0<\/h2><p>Esta escova de silicone para banho de beb\u00e9 tamb\u00e9m \u00e9 adequada para a limpeza do rosto de adultos, esfolia\u00e7\u00e3o, branqueamento da pele, o uso regular pode tornar a pele mais el\u00e1stica e firme, promover a circula\u00e7\u00e3o sangu\u00ednea.<\/p>\t\t\t\t\t\t\t\t<\/div>\n\t\t\t\t<\/div>\n\t\t\t\t\t<\/div>\n\t\t<\/div>\n\t\t\t\t\t<\/div>\n\t\t<\/section>\n\t\t\t\t<section class=\"wd-negative-gap elementor-section elementor-top-section elementor-element elementor-element-4fc4ca3 elementor-section-boxed elementor-section-height-default elementor-section-height-default\" data-id=\"4fc4ca3\" data-element_type=\"section\">\n\t\t\t\t\t\t<div class=\"elementor-container elementor-column-gap-default\">\n\t\t\t\t\t<div class=\"elementor-column elementor-col-100 elementor-top-column elementor-element elementor-element-1f1194f\" data-id=\"1f1194f\" data-element_type=\"column\">\n\t\t\t<div class=\"elementor-widget-wrap elementor-element-populated\">\n\t\t\t\t\t\t\t<\/div>\n\t\t<\/div>\n\t\t\t\t\t<\/div>\n\t\t<\/section>\n\t\t\t\t<section class=\"wd-negative-gap elementor-section elementor-top-section elementor-element elementor-element-5645c76 elementor-section-boxed elementor-section-height-default elementor-section-height-default\" data-id=\"5645c76\" data-element_type=\"section\">\n\t\t\t\t\t\t<div class=\"elementor-container elementor-column-gap-default\">\n\t\t\t\t\t<div class=\"elementor-column elementor-col-100 elementor-top-column elementor-element elementor-element-fe613e6\" data-id=\"fe613e6\" data-element_type=\"column\">\n\t\t\t<div class=\"elementor-widget-wrap elementor-element-populated\">\n\t\t\t\t\t\t<div class=\"elementor-element elementor-element-b97d522 wd-width-100 elementor-widget elementor-widget-wd_title\" data-id=\"b97d522\" data-element_type=\"widget\" data-widget_type=\"wd_title.default\">\n\t\t\t\t<div class=\"elementor-widget-container\">\n\t\t\t\t\t\t\t<div class=\"title-wrapper wd-set-mb reset-last-child wd-title-color-default wd-title-style-default wd-title-size-default text-center\">\n\n\t\t\t\t\t\t\t\t\t\t\t<div class=\"title-subtitle subtitle-color-default subtitle-style-default wd-fontsize-xs\">\n\t\t\t\t\tVER O NOSSO ESPECT\u00c1CULO REAL\t\t\t\t<\/div>\n\t\t\t\n\t\t\t<div class=\"liner-continer\">\n\t\t\t\t<h4 class=\"woodmart-title-container title wd-fontsize-l\">O nosso pequeno v\u00eddeo<\/h4> \n\t\t\t\t\t\t\t<\/div>\n\n\t\t\t\t\t\t\t<div class=\"title-after_title reset-last-child wd-fontsize-xs\">\n\t\t\t\t\t<p>Mostrar o cen\u00e1rio de utiliza\u00e7\u00e3o do produto, para lhe dar a conhecer mais pormenores.<\/p>\t\t\t\t<\/div>\n\t\t\t\t\t<\/div>\n\t\t\t\t\t\t<\/div>\n\t\t\t\t<\/div>\n\t\t\t\t<div class=\"elementor-element elementor-element-833c718 elementor-widget elementor-widget-wd_testimonials\" data-id=\"833c718\" data-element_type=\"widget\" data-widget_type=\"wd_testimonials.default\">\n\t\t\t\t<div class=\"elementor-widget-container\">\n\t\t\t\t\t\t\t<div class=\"testimonials testimon-style-standard  color-scheme- testimon-align-center wd-carousel-container\" id=\"carousel-3583\">\n\t\t\t\t\t\t\t<div class=\"wd-carousel-inner\">\n\t\t\t\n\t\t\t<div class=\"wd-carousel wd-grid\" data-scroll_per_page=\"yes\" style=\"--wd-col-lg:2;--wd-col-md:2;--wd-col-sm:1;--wd-gap-lg:30px;--wd-gap-sm:10px;\">\n\t\t\t\t\t\t\t\t\t<div class=\"wd-carousel-wrap\">\n\t\t\t\t\n\t\t\t\t\t\t\t\t\t\n<div class=\"testimonial wd-carousel-item\">\n\t<div class=\"testimonial-inner\">\n\t\t\n\t\t<div class=\"testimonial-content\">\n\t\t\t<div class=\"testimonial-rating\">\n\t\t\t\t<span class=\"star-rating\">\n\t\t\t\t\t<span style=\"width:100%\"><\/span>\n\t\t\t\t<\/span>\n\t\t\t<\/div>\n\n\t\t\t<p><iframe  id=\"_ytid_65795\"  width=\"800\" height=\"450\"  data-origwidth=\"800\" data-origheight=\"450\"  data-relstop=\"1\" src=\"https:\/\/www.youtube.com\/embed\/LhnEg8IMp1s?enablejsapi=1&autoplay=0&cc_load_policy=1&cc_lang_pref=&iv_load_policy=3&loop=0&rel=0&fs=1&playsinline=0&autohide=2&theme=dark&color=red&controls=1&disablekb=0&\" class=\"__youtube_prefs__  no-lazyload\" title=\"Leitor do YouTube\"  allow=\"fullscreen; accelerometer; autoplay; clipboard-write; encrypted-media; gyroscope; picture-in-picture; web-share\" referrerpolicy=\"strict-origin-when-cross-origin\" allowfullscreen data-no-lazy=\"1\" data-skipgform_ajax_framebjll=\"\"><\/iframe><\/p>\n\t\t\t<footer>\n\t\t\t\t\n\t\t\t\t\t\t\t<\/footer>\n\t\t<\/div>\n\t<\/div>\n<\/div>\t\t\t\t\n\t\t\t\t\t\t\t\t\t<\/div>\n\t\t\t\t\t\t\t<\/div>\n\t\t\t\t\t\t\t\t\t\t\t\t\t\t<div class=\"wd-nav-arrows wd-pos-sep wd-hover-1 wd-icon-1\">\n\t\t\t<div class=\"wd-btn-arrow wd-prev wd-disabled\">\n\t\t\t\t<div class=\"wd-arrow-inner\"><\/div>\n\t\t\t<\/div>\n\t\t\t<div class=\"wd-btn-arrow wd-next\">\n\t\t\t\t<div class=\"wd-arrow-inner\"><\/div>\n\t\t\t<\/div>\n\t\t<\/div>\n\t\t\t\t\t\t\n\t\t\t\t<\/div>\n\n\t\t\t\t\t\t<div class=\"wd-nav-pagin-wrap text-center wd-style-shape wd-hide-md-sm wd-hide-sm\">\n\t\t\t<ul class=\"wd-nav-pagin\"><\/ul>\n\t\t<\/div>\n\t\t\t\t\t\t\t\t\t\t\t<\/div>\n\t\t\t\t\t\t<\/div>\n\t\t\t\t<\/div>\n\t\t\t\t\t<\/div>\n\t\t<\/div>\n\t\t\t\t\t<\/div>\n\t\t<\/section>\n\t\t\t\t<\/div>","protected":false},"excerpt":{"rendered":"<p><strong>Procura uma forma suave de limpar o couro cabeludo do seu beb\u00e9?<\/strong> O Esfoliador de Cabe\u00e7a de Silicone para Beb\u00e9s \u00e9 macio, seguro e perfeito para remover a crosta l\u00e1ctea. Compre agora para envio gratuito!<\/p>","protected":false},"featured_media":20122,"comment_status":"open","ping_status":"closed","template":"","meta":{"_acf_changed":false},"product_brand":[],"product_cat":[29],"product_tag":[846,844,847,845,848],"class_list":{"0":"post-20133","1":"product","2":"type-product","3":"status-publish","4":"has-post-thumbnail","6":"product_cat-best-baby-care","7":"product_tag-baby-bath-scrubber","8":"product_tag-baby-head-scrubber","9":"product_tag-baby-scrubber-bath","10":"product_tag-shower-head-for-baby","11":"product_tag-silicone-baby-brush","13":"first","14":"instock","15":"sale","16":"taxable","17":"shipping-taxable","18":"purchasable","19":"product-type-variable","20":"wvs-archive-product-wrapper"},"acf":[],"_links":{"self":[{"href":"https:\/\/babyvk.com\/pt\/wp-json\/wp\/v2\/product\/20133","targetHints":{"allow":["GET"]}}],"collection":[{"href":"https:\/\/babyvk.com\/pt\/wp-json\/wp\/v2\/product"}],"about":[{"href":"https:\/\/babyvk.com\/pt\/wp-json\/wp\/v2\/types\/product"}],"replies":[{"embeddable":true,"href":"https:\/\/babyvk.com\/pt\/wp-json\/wp\/v2\/comments?post=20133"}],"version-history":[{"count":0,"href":"https:\/\/babyvk.com\/pt\/wp-json\/wp\/v2\/product\/20133\/revisions"}],"wp:featuredmedia":[{"embeddable":true,"href":"https:\/\/babyvk.com\/pt\/wp-json\/wp\/v2\/media\/20122"}],"wp:attachment":[{"href":"https:\/\/babyvk.com\/pt\/wp-json\/wp\/v2\/media?parent=20133"}],"wp:term":[{"taxonomy":"product_brand","embeddable":true,"href":"https:\/\/babyvk.com\/pt\/wp-json\/wp\/v2\/product_brand?post=20133"},{"taxonomy":"product_cat","embeddable":true,"href":"https:\/\/babyvk.com\/pt\/wp-json\/wp\/v2\/product_cat?post=20133"},{"taxonomy":"product_tag","embeddable":true,"href":"https:\/\/babyvk.com\/pt\/wp-json\/wp\/v2\/product_tag?post=20133"}],"curies":[{"name":"wp","href":"https:\/\/api.w.org\/{rel}","templated":true}]}}