{"id":19530,"date":"2024-04-10T05:51:16","date_gmt":"2024-04-10T05:51:16","guid":{"rendered":"https:\/\/babyvk.com\/?post_type=product&#038;p=19530"},"modified":"2025-03-10T20:03:29","modified_gmt":"2025-03-10T20:03:29","slug":"shoe-measuring-devices-kids","status":"publish","type":"product","link":"https:\/\/babyvk.com\/pt\/product\/shoe-measuring-devices-kids\/","title":{"rendered":"Dispositivos de medi\u00e7\u00e3o de sapatos Crian\u00e7as"},"content":{"rendered":"<div data-elementor-type=\"product-post\" data-elementor-id=\"19530\" class=\"elementor elementor-19530\" data-elementor-post-type=\"product\">\n\t\t\t\t\t\t<section class=\"wd-negative-gap elementor-section elementor-top-section elementor-element elementor-element-3516b49 elementor-section-boxed elementor-section-height-default elementor-section-height-default\" data-id=\"3516b49\" data-element_type=\"section\">\n\t\t\t\t\t\t<div class=\"elementor-container elementor-column-gap-default\">\n\t\t\t\t\t<div class=\"elementor-column elementor-col-100 elementor-top-column elementor-element elementor-element-410f8c2\" data-id=\"410f8c2\" data-element_type=\"column\">\n\t\t\t<div class=\"elementor-widget-wrap elementor-element-populated\">\n\t\t\t\t\t\t<div class=\"elementor-element elementor-element-40fc584 color-scheme-inherit text-left elementor-widget elementor-widget-text-editor\" data-id=\"40fc584\" data-element_type=\"widget\" data-widget_type=\"text-editor.default\">\n\t\t\t\t<div class=\"elementor-widget-container\">\n\t\t\t\t\t\t\t\t\t<h2>Carater\u00edsticas do produto:<\/h2><ol><li>Dispositivos de medi\u00e7\u00e3o de cal\u00e7ado para crian\u00e7as feitos de material ABS, seguro, inodoro, dur\u00e1vel e resistente \u00e0 deforma\u00e7\u00e3o.<\/li><li>Esta r\u00e9gua de p\u00e9 de beb\u00e9 foi concebida para medir o comprimento do p\u00e9 de um beb\u00e9.<\/li><li>A r\u00e9gua de p\u00e9 de beb\u00e9 mede 8,96<em>3.46in (8<\/em>8,8 cm), com um intervalo de medi\u00e7\u00e3o dos p\u00e9s de 6 a 20 cent\u00edmetros.<\/li><li>A r\u00e9gua apresenta as medidas em cent\u00edmetros e os tamanhos de cal\u00e7ado europeus, escolha de acordo com a sua prefer\u00eancia.<\/li><li>O tamanho compacto permite medir os p\u00e9s das crian\u00e7as de forma c\u00f3moda e em movimento.<\/li><\/ol>\t\t\t\t\t\t\t\t<\/div>\n\t\t\t\t<\/div>\n\t\t\t\t<div class=\"elementor-element elementor-element-e9efd91 color-scheme-inherit text-left elementor-widget elementor-widget-text-editor\" data-id=\"e9efd91\" data-element_type=\"widget\" data-widget_type=\"text-editor.default\">\n\t\t\t\t<div class=\"elementor-widget-container\">\n\t\t\t\t\t\t\t\t\t<h2>Especifica\u00e7\u00e3o:<\/h2><ul><li>Material: ABS.<\/li><li>Cor: azul simples.<\/li><li>\u00a0Tamanho: 22.8\u00d78.8\u00d72.4cm \/ 9\u00d73.5x1inch.<\/li><li>Tamanho de medi\u00e7\u00e3o: 6-20cm.<\/li><\/ul><p><strong><span class=\"a-text-bold\">Incluindo o pacote\uff1a<\/span>1 x Aparelho de medi\u00e7\u00e3o do p\u00e9<\/strong><\/p>\t\t\t\t\t\t\t\t<\/div>\n\t\t\t\t<\/div>\n\t\t\t\t<div class=\"elementor-element elementor-element-58e2d59 elementor-widget elementor-widget-image\" data-id=\"58e2d59\" data-element_type=\"widget\" data-widget_type=\"image.default\">\n\t\t\t\t<div class=\"elementor-widget-container\">\n\t\t\t\t\t\t\t\t\t\t\t\t\t\t\t<img fetchpriority=\"high\" decoding=\"async\" width=\"800\" height=\"800\" src=\"https:\/\/babyvk.com\/wp-content\/themes\/woodmart\/images\/lazy.svg\" data-src=\"https:\/\/babyvk.com\/wp-content\/uploads\/2024\/04\/shoe-measurement-device-800x800.webp\" class=\"wd-lazy-blur attachment-large size-large wp-image-19523 wvs-archive-product-image\" alt=\"medidor de p\u00e9s para crian\u00e7as\" srcset=\"\" data-srcset=\"https:\/\/babyvk.com\/wp-content\/uploads\/2024\/04\/shoe-measurement-device-800x800.webp 800w, https:\/\/babyvk.com\/wp-content\/uploads\/2024\/04\/shoe-measurement-device-30x30.webp 30w, https:\/\/babyvk.com\/wp-content\/uploads\/2024\/04\/shoe-measurement-device-50x50.webp 50w, https:\/\/babyvk.com\/wp-content\/uploads\/2024\/04\/shoe-measurement-device-100x100.webp 100w, https:\/\/babyvk.com\/wp-content\/uploads\/2024\/04\/shoe-measurement-device-150x150.webp 150w, https:\/\/babyvk.com\/wp-content\/uploads\/2024\/04\/shoe-measurement-device-300x300.webp 300w, https:\/\/babyvk.com\/wp-content\/uploads\/2024\/04\/shoe-measurement-device-768x768.webp 768w, https:\/\/babyvk.com\/wp-content\/uploads\/2024\/04\/shoe-measurement-device-1536x1536.webp 1536w, https:\/\/babyvk.com\/wp-content\/uploads\/2024\/04\/shoe-measurement-device-860x860.webp 860w, https:\/\/babyvk.com\/wp-content\/uploads\/2024\/04\/shoe-measurement-device-500x500.webp 500w, https:\/\/babyvk.com\/wp-content\/uploads\/2024\/04\/shoe-measurement-device-430x430.webp 430w, https:\/\/babyvk.com\/wp-content\/uploads\/2024\/04\/shoe-measurement-device-700x700.webp 700w, https:\/\/babyvk.com\/wp-content\/uploads\/2024\/04\/shoe-measurement-device.webp 1600w\" sizes=\"(max-width: 800px) 100vw, 800px\" title=\"\">\t\t\t\t\t\t\t\t\t\t\t\t\t\t\t<\/div>\n\t\t\t\t<\/div>\n\t\t\t\t\t<\/div>\n\t\t<\/div>\n\t\t\t\t\t<\/div>\n\t\t<\/section>\n\t\t\t\t<\/div>","protected":false},"excerpt":{"rendered":"<p>&#8220;<strong>Procura o ajuste perfeito para os sapatos dos seus filhos?<\/strong> Descubra os dispositivos de medi\u00e7\u00e3o de cal\u00e7ado para crian\u00e7as - a solu\u00e7\u00e3o para garantir um tamanho exato e um cal\u00e7ado confort\u00e1vel. Compre agora para envio gratuito e obtenha 30% OFF!<\/p>","protected":false},"featured_media":19529,"comment_status":"open","ping_status":"closed","template":"","meta":{"_acf_changed":false},"product_brand":[],"product_cat":[29],"product_tag":[825,823,826,824],"class_list":{"0":"post-19530","1":"product","2":"type-product","3":"status-publish","4":"has-post-thumbnail","6":"product_cat-best-baby-care","7":"product_tag-baby-foot-measurer","8":"product_tag-foot-measurement-device","9":"product_tag-kids-foot-measuring-device","10":"product_tag-shoe-size-measuring-devices","12":"first","13":"instock","14":"sale","15":"taxable","16":"shipping-taxable","17":"purchasable","18":"product-type-variable","19":"wvs-archive-product-wrapper"},"acf":[],"_links":{"self":[{"href":"https:\/\/babyvk.com\/pt\/wp-json\/wp\/v2\/product\/19530","targetHints":{"allow":["GET"]}}],"collection":[{"href":"https:\/\/babyvk.com\/pt\/wp-json\/wp\/v2\/product"}],"about":[{"href":"https:\/\/babyvk.com\/pt\/wp-json\/wp\/v2\/types\/product"}],"replies":[{"embeddable":true,"href":"https:\/\/babyvk.com\/pt\/wp-json\/wp\/v2\/comments?post=19530"}],"version-history":[{"count":0,"href":"https:\/\/babyvk.com\/pt\/wp-json\/wp\/v2\/product\/19530\/revisions"}],"wp:featuredmedia":[{"embeddable":true,"href":"https:\/\/babyvk.com\/pt\/wp-json\/wp\/v2\/media\/19529"}],"wp:attachment":[{"href":"https:\/\/babyvk.com\/pt\/wp-json\/wp\/v2\/media?parent=19530"}],"wp:term":[{"taxonomy":"product_brand","embeddable":true,"href":"https:\/\/babyvk.com\/pt\/wp-json\/wp\/v2\/product_brand?post=19530"},{"taxonomy":"product_cat","embeddable":true,"href":"https:\/\/babyvk.com\/pt\/wp-json\/wp\/v2\/product_cat?post=19530"},{"taxonomy":"product_tag","embeddable":true,"href":"https:\/\/babyvk.com\/pt\/wp-json\/wp\/v2\/product_tag?post=19530"}],"curies":[{"name":"wp","href":"https:\/\/api.w.org\/{rel}","templated":true}]}}