{"id":18942,"date":"2024-04-03T01:17:22","date_gmt":"2024-04-03T01:17:22","guid":{"rendered":"https:\/\/babyvk.com\/?post_type=product&#038;p=18942"},"modified":"2025-03-10T20:03:30","modified_gmt":"2025-03-10T20:03:30","slug":"power-balloon-car-toy","status":"publish","type":"product","link":"https:\/\/babyvk.com\/pt\/product\/power-balloon-car-toy\/","title":{"rendered":"Brinquedo de carro com bal\u00e3o el\u00e9trico"},"content":{"rendered":"<div data-elementor-type=\"product-post\" data-elementor-id=\"18942\" class=\"elementor elementor-18942\" data-elementor-post-type=\"product\">\n\t\t\t\t\t\t<section class=\"wd-negative-gap elementor-section elementor-top-section elementor-element elementor-element-c2a3410 elementor-section-boxed elementor-section-height-default elementor-section-height-default\" data-id=\"c2a3410\" data-element_type=\"section\">\n\t\t\t\t\t\t<div class=\"elementor-container elementor-column-gap-default\">\n\t\t\t\t\t<div class=\"elementor-column elementor-col-100 elementor-top-column elementor-element elementor-element-bd9ec55\" data-id=\"bd9ec55\" data-element_type=\"column\">\n\t\t\t<div class=\"elementor-widget-wrap elementor-element-populated\">\n\t\t\t\t\t\t<div class=\"elementor-element elementor-element-fe645ad elementor-widget elementor-widget-wd_image_or_svg\" data-id=\"fe645ad\" data-element_type=\"widget\" data-widget_type=\"wd_image_or_svg.default\">\n\t\t\t\t<div class=\"elementor-widget-container\">\n\t\t\t\t\t\n\t\t<div class=\"wd-image text-left\">\n\t\t\t\t\t\t\t\t<img fetchpriority=\"high\" decoding=\"async\" width=\"970\" height=\"300\" src=\"https:\/\/babyvk.com\/wp-content\/uploads\/2024\/04\/Power-Balloon-Car-Toy-for-Baby.webp\" class=\"attachment-full size-full wvs-archive-product-image\" alt=\"\" srcset=\"https:\/\/babyvk.com\/wp-content\/uploads\/2024\/04\/Power-Balloon-Car-Toy-for-Baby.webp 970w, https:\/\/babyvk.com\/wp-content\/uploads\/2024\/04\/Power-Balloon-Car-Toy-for-Baby-30x9.webp 30w, https:\/\/babyvk.com\/wp-content\/uploads\/2024\/04\/Power-Balloon-Car-Toy-for-Baby-400x124.webp 400w, https:\/\/babyvk.com\/wp-content\/uploads\/2024\/04\/Power-Balloon-Car-Toy-for-Baby-768x238.webp 768w, https:\/\/babyvk.com\/wp-content\/uploads\/2024\/04\/Power-Balloon-Car-Toy-for-Baby-860x266.webp 860w, https:\/\/babyvk.com\/wp-content\/uploads\/2024\/04\/Power-Balloon-Car-Toy-for-Baby-500x155.webp 500w, https:\/\/babyvk.com\/wp-content\/uploads\/2024\/04\/Power-Balloon-Car-Toy-for-Baby-430x133.webp 430w, https:\/\/babyvk.com\/wp-content\/uploads\/2024\/04\/Power-Balloon-Car-Toy-for-Baby-700x216.webp 700w\" sizes=\"(max-width: 970px) 100vw, 970px\" title=\"\">\t\t\t\t\t<\/div>\n\n\t\t\t\t\t\t<\/div>\n\t\t\t\t<\/div>\n\t\t\t\t<div class=\"elementor-element elementor-element-8fd0e0a elementor-widget elementor-widget-wd_text_block\" data-id=\"8fd0e0a\" data-element_type=\"widget\" data-widget_type=\"wd_text_block.default\">\n\t\t\t\t<div class=\"elementor-widget-container\">\n\t\t\t\t\t\t\t<div class=\"wd-text-block reset-last-child text-left\">\n\t\t\t\n\t\t\t<h2>Carater\u00edsticas:<\/h2><ol><li>Conjunto de brinquedos movidos a bal\u00f5es: Este conjunto de brinquedos lan\u00e7a bal\u00f5es para alimentar carros de corrida e foguet\u00f5es, oferecendo divers\u00e3o sem fim enquanto ensina \u00e0s crian\u00e7as conceitos de ci\u00eancia e f\u00edsica.<\/li><li>Educa\u00e7\u00e3o: Ideal para crian\u00e7as dos 3 aos 6 anos, este conjunto melhora a observa\u00e7\u00e3o, as compet\u00eancias pr\u00e1ticas e a capacidade de resolu\u00e7\u00e3o de problemas atrav\u00e9s de jogos abertos.<\/li><li>Dois modos: Desfrute de carros de corrida e foguet\u00f5es voadores movidos pelo impulso dos bal\u00f5es. As crian\u00e7as podem realizar v\u00e1rias experi\u00eancias e actividades em casa com este conjunto de lan\u00e7adores de bal\u00f5es.<\/li><li>Seguran\u00e7a e qualidade: Fabricado em pl\u00e1stico ABS aprovado pela CPSIA, o kit garante um jogo seguro. A bomba de bal\u00f5es dur\u00e1vel e os bal\u00f5es s\u00e3o amigos da pele.<\/li><li>Aprendizagem interactiva: Os pais podem juntar-se \u00e0 divers\u00e3o, guiando as crian\u00e7as na explora\u00e7\u00e3o de for\u00e7as e movimentos. \u00c9 tamb\u00e9m uma ferramenta educativa valiosa para as salas de aula.<\/li><\/ol>\n\t\t\t\t\t<\/div>\n\t\t\t\t\t\t<\/div>\n\t\t\t\t<\/div>\n\t\t\t\t<div class=\"elementor-element elementor-element-af23ac4 elementor-widget elementor-widget-wd_image_or_svg\" data-id=\"af23ac4\" data-element_type=\"widget\" data-widget_type=\"wd_image_or_svg.default\">\n\t\t\t\t<div class=\"elementor-widget-container\">\n\t\t\t\t\t\n\t\t<div class=\"wd-image text-left\">\n\t\t\t\t\t\t\t\t<img decoding=\"async\" width=\"1500\" height=\"2322\" src=\"https:\/\/babyvk.com\/wp-content\/uploads\/2024\/04\/Manual-Balloon-Pump-Car-for-Kids.webp\" class=\"attachment-full size-full wvs-archive-product-image\" alt=\"\" srcset=\"https:\/\/babyvk.com\/wp-content\/uploads\/2024\/04\/Manual-Balloon-Pump-Car-for-Kids.webp 1500w, https:\/\/babyvk.com\/wp-content\/uploads\/2024\/04\/Manual-Balloon-Pump-Car-for-Kids-30x46.webp 30w, https:\/\/babyvk.com\/wp-content\/uploads\/2024\/04\/Manual-Balloon-Pump-Car-for-Kids-194x300.webp 194w, https:\/\/babyvk.com\/wp-content\/uploads\/2024\/04\/Manual-Balloon-Pump-Car-for-Kids-768x1189.webp 768w, https:\/\/babyvk.com\/wp-content\/uploads\/2024\/04\/Manual-Balloon-Pump-Car-for-Kids-517x800.webp 517w, https:\/\/babyvk.com\/wp-content\/uploads\/2024\/04\/Manual-Balloon-Pump-Car-for-Kids-992x1536.webp 992w, https:\/\/babyvk.com\/wp-content\/uploads\/2024\/04\/Manual-Balloon-Pump-Car-for-Kids-1323x2048.webp 1323w, https:\/\/babyvk.com\/wp-content\/uploads\/2024\/04\/Manual-Balloon-Pump-Car-for-Kids-860x1331.webp 860w, https:\/\/babyvk.com\/wp-content\/uploads\/2024\/04\/Manual-Balloon-Pump-Car-for-Kids-323x500.webp 323w, https:\/\/babyvk.com\/wp-content\/uploads\/2024\/04\/Manual-Balloon-Pump-Car-for-Kids-430x666.webp 430w, https:\/\/babyvk.com\/wp-content\/uploads\/2024\/04\/Manual-Balloon-Pump-Car-for-Kids-700x1084.webp 700w\" sizes=\"(max-width: 1500px) 100vw, 1500px\" title=\"\">\t\t\t\t\t<\/div>\n\n\t\t\t\t\t\t<\/div>\n\t\t\t\t<\/div>\n\t\t\t\t<div class=\"elementor-element elementor-element-bbb62aa elementor-widget elementor-widget-wd_image_or_svg\" data-id=\"bbb62aa\" data-element_type=\"widget\" data-widget_type=\"wd_image_or_svg.default\">\n\t\t\t\t<div class=\"elementor-widget-container\">\n\t\t\t\t\t\n\t\t<div class=\"wd-image text-left\">\n\t\t\t\t\t\t\t\t<img decoding=\"async\" width=\"1500\" height=\"2322\" src=\"https:\/\/babyvk.com\/wp-content\/uploads\/2024\/04\/Manual-Balloon-Pump-Car-Toy-for-Kids.webp\" class=\"attachment-full size-full wvs-archive-product-image\" alt=\"\" srcset=\"https:\/\/babyvk.com\/wp-content\/uploads\/2024\/04\/Manual-Balloon-Pump-Car-Toy-for-Kids.webp 1500w, https:\/\/babyvk.com\/wp-content\/uploads\/2024\/04\/Manual-Balloon-Pump-Car-Toy-for-Kids-30x46.webp 30w, https:\/\/babyvk.com\/wp-content\/uploads\/2024\/04\/Manual-Balloon-Pump-Car-Toy-for-Kids-194x300.webp 194w, https:\/\/babyvk.com\/wp-content\/uploads\/2024\/04\/Manual-Balloon-Pump-Car-Toy-for-Kids-768x1189.webp 768w, https:\/\/babyvk.com\/wp-content\/uploads\/2024\/04\/Manual-Balloon-Pump-Car-Toy-for-Kids-517x800.webp 517w, https:\/\/babyvk.com\/wp-content\/uploads\/2024\/04\/Manual-Balloon-Pump-Car-Toy-for-Kids-992x1536.webp 992w, https:\/\/babyvk.com\/wp-content\/uploads\/2024\/04\/Manual-Balloon-Pump-Car-Toy-for-Kids-1323x2048.webp 1323w, https:\/\/babyvk.com\/wp-content\/uploads\/2024\/04\/Manual-Balloon-Pump-Car-Toy-for-Kids-860x1331.webp 860w, https:\/\/babyvk.com\/wp-content\/uploads\/2024\/04\/Manual-Balloon-Pump-Car-Toy-for-Kids-323x500.webp 323w, https:\/\/babyvk.com\/wp-content\/uploads\/2024\/04\/Manual-Balloon-Pump-Car-Toy-for-Kids-430x666.webp 430w, https:\/\/babyvk.com\/wp-content\/uploads\/2024\/04\/Manual-Balloon-Pump-Car-Toy-for-Kids-700x1084.webp 700w\" sizes=\"(max-width: 1500px) 100vw, 1500px\" title=\"\">\t\t\t\t\t<\/div>\n\n\t\t\t\t\t\t<\/div>\n\t\t\t\t<\/div>\n\t\t\t\t<div class=\"elementor-element elementor-element-4d2628c elementor-widget elementor-widget-wd_image_or_svg\" data-id=\"4d2628c\" data-element_type=\"widget\" data-widget_type=\"wd_image_or_svg.default\">\n\t\t\t\t<div class=\"elementor-widget-container\">\n\t\t\t\t\t\n\t\t<div class=\"wd-image text-left\">\n\t\t\t\t\t\t\t\t<img loading=\"lazy\" decoding=\"async\" width=\"1500\" height=\"2322\" src=\"https:\/\/babyvk.com\/wp-content\/uploads\/2024\/04\/Balloon-Launcher-Cars.webp\" class=\"attachment-full size-full wvs-archive-product-image\" alt=\"\" srcset=\"https:\/\/babyvk.com\/wp-content\/uploads\/2024\/04\/Balloon-Launcher-Cars.webp 1500w, https:\/\/babyvk.com\/wp-content\/uploads\/2024\/04\/Balloon-Launcher-Cars-30x46.webp 30w, https:\/\/babyvk.com\/wp-content\/uploads\/2024\/04\/Balloon-Launcher-Cars-194x300.webp 194w, https:\/\/babyvk.com\/wp-content\/uploads\/2024\/04\/Balloon-Launcher-Cars-768x1189.webp 768w, https:\/\/babyvk.com\/wp-content\/uploads\/2024\/04\/Balloon-Launcher-Cars-517x800.webp 517w, https:\/\/babyvk.com\/wp-content\/uploads\/2024\/04\/Balloon-Launcher-Cars-992x1536.webp 992w, https:\/\/babyvk.com\/wp-content\/uploads\/2024\/04\/Balloon-Launcher-Cars-1323x2048.webp 1323w, https:\/\/babyvk.com\/wp-content\/uploads\/2024\/04\/Balloon-Launcher-Cars-860x1331.webp 860w, https:\/\/babyvk.com\/wp-content\/uploads\/2024\/04\/Balloon-Launcher-Cars-323x500.webp 323w, https:\/\/babyvk.com\/wp-content\/uploads\/2024\/04\/Balloon-Launcher-Cars-430x666.webp 430w, https:\/\/babyvk.com\/wp-content\/uploads\/2024\/04\/Balloon-Launcher-Cars-700x1084.webp 700w\" sizes=\"(max-width: 1500px) 100vw, 1500px\" title=\"\">\t\t\t\t\t<\/div>\n\n\t\t\t\t\t\t<\/div>\n\t\t\t\t<\/div>\n\t\t\t\t<div class=\"elementor-element elementor-element-0342f9c elementor-widget elementor-widget-wd_image_or_svg\" data-id=\"0342f9c\" data-element_type=\"widget\" data-widget_type=\"wd_image_or_svg.default\">\n\t\t\t\t<div class=\"elementor-widget-container\">\n\t\t\t\t\t\n\t\t<div class=\"wd-image text-left\">\n\t\t\t\t\t\t\t\t<img loading=\"lazy\" decoding=\"async\" width=\"750\" height=\"1124\" src=\"https:\/\/babyvk.com\/wp-content\/uploads\/2024\/04\/Balloon-power-car-toys.webp\" class=\"attachment-full size-full wvs-archive-product-image\" alt=\"\" srcset=\"https:\/\/babyvk.com\/wp-content\/uploads\/2024\/04\/Balloon-power-car-toys.webp 750w, https:\/\/babyvk.com\/wp-content\/uploads\/2024\/04\/Balloon-power-car-toys-30x45.webp 30w, https:\/\/babyvk.com\/wp-content\/uploads\/2024\/04\/Balloon-power-car-toys-200x300.webp 200w, https:\/\/babyvk.com\/wp-content\/uploads\/2024\/04\/Balloon-power-car-toys-534x800.webp 534w, https:\/\/babyvk.com\/wp-content\/uploads\/2024\/04\/Balloon-power-car-toys-334x500.webp 334w, https:\/\/babyvk.com\/wp-content\/uploads\/2024\/04\/Balloon-power-car-toys-430x644.webp 430w, https:\/\/babyvk.com\/wp-content\/uploads\/2024\/04\/Balloon-power-car-toys-700x1049.webp 700w\" sizes=\"(max-width: 750px) 100vw, 750px\" title=\"\">\t\t\t\t\t<\/div>\n\n\t\t\t\t\t\t<\/div>\n\t\t\t\t<\/div>\n\t\t\t\t<div class=\"elementor-element elementor-element-3ba8973 wd-width-100 elementor-widget elementor-widget-wd_title\" data-id=\"3ba8973\" data-element_type=\"widget\" data-widget_type=\"wd_title.default\">\n\t\t\t\t<div class=\"elementor-widget-container\">\n\t\t\t\t\t\t\t<div class=\"title-wrapper wd-set-mb reset-last-child wd-title-color-default wd-title-style-default wd-title-size-default text-center\">\n\n\t\t\t\n\t\t\t<div class=\"liner-continer\">\n\t\t\t\t<h2 class=\"woodmart-title-container title wd-fontsize-l\">Como jogar?<\/h2> \n\t\t\t\t\t\t\t<\/div>\n\n\t\t\t\t\t<\/div>\n\t\t\t\t\t\t<\/div>\n\t\t\t\t<\/div>\n\t\t\t\t<div class=\"elementor-element elementor-element-daed2a5 elementor-widget elementor-widget-wd_image_or_svg\" data-id=\"daed2a5\" data-element_type=\"widget\" data-widget_type=\"wd_image_or_svg.default\">\n\t\t\t\t<div class=\"elementor-widget-container\">\n\t\t\t\t\t\n\t\t<div class=\"wd-image text-left\">\n\t\t\t\t\t\t\t\t<img loading=\"lazy\" decoding=\"async\" width=\"1000\" height=\"1420\" src=\"https:\/\/babyvk.com\/wp-content\/uploads\/2024\/04\/Manual-Balloon-Pump-Car-Toys.webp\" class=\"attachment-full size-full wvs-archive-product-image\" alt=\"\" srcset=\"https:\/\/babyvk.com\/wp-content\/uploads\/2024\/04\/Manual-Balloon-Pump-Car-Toys.webp 1000w, https:\/\/babyvk.com\/wp-content\/uploads\/2024\/04\/Manual-Balloon-Pump-Car-Toys-30x43.webp 30w, https:\/\/babyvk.com\/wp-content\/uploads\/2024\/04\/Manual-Balloon-Pump-Car-Toys-211x300.webp 211w, https:\/\/babyvk.com\/wp-content\/uploads\/2024\/04\/Manual-Balloon-Pump-Car-Toys-768x1091.webp 768w, https:\/\/babyvk.com\/wp-content\/uploads\/2024\/04\/Manual-Balloon-Pump-Car-Toys-563x800.webp 563w, https:\/\/babyvk.com\/wp-content\/uploads\/2024\/04\/Manual-Balloon-Pump-Car-Toys-860x1221.webp 860w, https:\/\/babyvk.com\/wp-content\/uploads\/2024\/04\/Manual-Balloon-Pump-Car-Toys-352x500.webp 352w, https:\/\/babyvk.com\/wp-content\/uploads\/2024\/04\/Manual-Balloon-Pump-Car-Toys-430x611.webp 430w, https:\/\/babyvk.com\/wp-content\/uploads\/2024\/04\/Manual-Balloon-Pump-Car-Toys-700x994.webp 700w\" sizes=\"(max-width: 1000px) 100vw, 1000px\" title=\"\">\t\t\t\t\t<\/div>\n\n\t\t\t\t\t\t<\/div>\n\t\t\t\t<\/div>\n\t\t\t\t<div class=\"elementor-element elementor-element-a953e81 elementor-widget elementor-widget-wd_image_or_svg\" data-id=\"a953e81\" data-element_type=\"widget\" data-widget_type=\"wd_image_or_svg.default\">\n\t\t\t\t<div class=\"elementor-widget-container\">\n\t\t\t\t\t\n\t\t<div class=\"wd-image text-left\">\n\t\t\t\t\t\t\t\t<img loading=\"lazy\" decoding=\"async\" width=\"1000\" height=\"344\" src=\"https:\/\/babyvk.com\/wp-content\/uploads\/2024\/04\/Aerodynamic-Balloon-Cars.webp\" class=\"attachment-full size-full wvs-archive-product-image\" alt=\"\" srcset=\"https:\/\/babyvk.com\/wp-content\/uploads\/2024\/04\/Aerodynamic-Balloon-Cars.webp 1000w, https:\/\/babyvk.com\/wp-content\/uploads\/2024\/04\/Aerodynamic-Balloon-Cars-30x10.webp 30w, https:\/\/babyvk.com\/wp-content\/uploads\/2024\/04\/Aerodynamic-Balloon-Cars-400x138.webp 400w, https:\/\/babyvk.com\/wp-content\/uploads\/2024\/04\/Aerodynamic-Balloon-Cars-768x264.webp 768w, https:\/\/babyvk.com\/wp-content\/uploads\/2024\/04\/Aerodynamic-Balloon-Cars-860x296.webp 860w, https:\/\/babyvk.com\/wp-content\/uploads\/2024\/04\/Aerodynamic-Balloon-Cars-500x172.webp 500w, https:\/\/babyvk.com\/wp-content\/uploads\/2024\/04\/Aerodynamic-Balloon-Cars-430x148.webp 430w, https:\/\/babyvk.com\/wp-content\/uploads\/2024\/04\/Aerodynamic-Balloon-Cars-700x241.webp 700w\" sizes=\"(max-width: 1000px) 100vw, 1000px\" title=\"\">\t\t\t\t\t<\/div>\n\n\t\t\t\t\t\t<\/div>\n\t\t\t\t<\/div>\n\t\t\t\t<div class=\"elementor-element elementor-element-6931f52 wd-width-100 elementor-widget elementor-widget-wd_title\" data-id=\"6931f52\" data-element_type=\"widget\" data-widget_type=\"wd_title.default\">\n\t\t\t\t<div class=\"elementor-widget-container\">\n\t\t\t\t\t\t\t<div class=\"title-wrapper wd-set-mb reset-last-child wd-title-color-default wd-title-style-default wd-title-size-default text-center\">\n\n\t\t\t\n\t\t\t<div class=\"liner-continer\">\n\t\t\t\t<h2 class=\"woodmart-title-container title wd-fontsize-l\">Tamanho do produto<\/h2> \n\t\t\t\t\t\t\t<\/div>\n\n\t\t\t\t\t<\/div>\n\t\t\t\t\t\t<\/div>\n\t\t\t\t<\/div>\n\t\t\t\t<div class=\"elementor-element elementor-element-1fcf748 elementor-widget elementor-widget-wd_image_or_svg\" data-id=\"1fcf748\" data-element_type=\"widget\" data-widget_type=\"wd_image_or_svg.default\">\n\t\t\t\t<div class=\"elementor-widget-container\">\n\t\t\t\t\t\n\t\t<div class=\"wd-image text-left\">\n\t\t\t\t\t\t\t\t<img loading=\"lazy\" decoding=\"async\" width=\"922\" height=\"1383\" src=\"https:\/\/babyvk.com\/wp-content\/uploads\/2024\/04\/Balloon-Launcher-Car-Toys.webp\" class=\"attachment-full size-full wvs-archive-product-image\" alt=\"\" srcset=\"https:\/\/babyvk.com\/wp-content\/uploads\/2024\/04\/Balloon-Launcher-Car-Toys.webp 922w, https:\/\/babyvk.com\/wp-content\/uploads\/2024\/04\/Balloon-Launcher-Car-Toys-30x45.webp 30w, https:\/\/babyvk.com\/wp-content\/uploads\/2024\/04\/Balloon-Launcher-Car-Toys-200x300.webp 200w, https:\/\/babyvk.com\/wp-content\/uploads\/2024\/04\/Balloon-Launcher-Car-Toys-768x1152.webp 768w, https:\/\/babyvk.com\/wp-content\/uploads\/2024\/04\/Balloon-Launcher-Car-Toys-533x800.webp 533w, https:\/\/babyvk.com\/wp-content\/uploads\/2024\/04\/Balloon-Launcher-Car-Toys-860x1290.webp 860w, https:\/\/babyvk.com\/wp-content\/uploads\/2024\/04\/Balloon-Launcher-Car-Toys-333x500.webp 333w, https:\/\/babyvk.com\/wp-content\/uploads\/2024\/04\/Balloon-Launcher-Car-Toys-430x645.webp 430w, https:\/\/babyvk.com\/wp-content\/uploads\/2024\/04\/Balloon-Launcher-Car-Toys-700x1050.webp 700w\" sizes=\"(max-width: 922px) 100vw, 922px\" title=\"\">\t\t\t\t\t<\/div>\n\n\t\t\t\t\t\t<\/div>\n\t\t\t\t<\/div>\n\t\t\t\t\t<\/div>\n\t\t<\/div>\n\t\t\t\t\t<\/div>\n\t\t<\/section>\n\t\t\t\t<section class=\"wd-negative-gap elementor-section elementor-top-section elementor-element elementor-element-6cd0bb0 elementor-section-boxed elementor-section-height-default elementor-section-height-default\" data-id=\"6cd0bb0\" data-element_type=\"section\">\n\t\t\t\t\t\t<div class=\"elementor-container elementor-column-gap-default\">\n\t\t\t\t\t<div class=\"elementor-column elementor-col-100 elementor-top-column elementor-element elementor-element-a3e0f19\" data-id=\"a3e0f19\" data-element_type=\"column\">\n\t\t\t<div class=\"elementor-widget-wrap elementor-element-populated\">\n\t\t\t\t\t\t<div class=\"elementor-element elementor-element-49b0830 wd-width-100 elementor-widget elementor-widget-wd_title\" data-id=\"49b0830\" data-element_type=\"widget\" data-widget_type=\"wd_title.default\">\n\t\t\t\t<div class=\"elementor-widget-container\">\n\t\t\t\t\t\t\t<div class=\"title-wrapper wd-set-mb reset-last-child wd-title-color-default wd-title-style-default wd-title-size-default text-center\">\n\n\t\t\t\t\t\t\t\t\t\t\t<div class=\"title-subtitle subtitle-color-default subtitle-style-default wd-fontsize-xs\">\n\t\t\t\t\tVER O NOSSO ESPECT\u00c1CULO REAL\t\t\t\t<\/div>\n\t\t\t\n\t\t\t<div class=\"liner-continer\">\n\t\t\t\t<h4 class=\"woodmart-title-container title wd-fontsize-l\">O nosso pequeno v\u00eddeo<\/h4> \n\t\t\t\t\t\t\t<\/div>\n\n\t\t\t\t\t\t\t<div class=\"title-after_title reset-last-child wd-fontsize-xs\">\n\t\t\t\t\t<p>Mostrar o cen\u00e1rio de utiliza\u00e7\u00e3o do produto, para lhe dar a conhecer mais pormenores.<\/p>\t\t\t\t<\/div>\n\t\t\t\t\t<\/div>\n\t\t\t\t\t\t<\/div>\n\t\t\t\t<\/div>\n\t\t\t\t<div class=\"elementor-element elementor-element-425e555 elementor-widget elementor-widget-wd_testimonials\" data-id=\"425e555\" data-element_type=\"widget\" data-widget_type=\"wd_testimonials.default\">\n\t\t\t\t<div class=\"elementor-widget-container\">\n\t\t\t\t\t\t\t<div class=\"testimonials testimon-style-standard  color-scheme- testimon-align-center wd-carousel-container\" id=\"carousel-2254\">\n\t\t\t\t\t\t\t<div class=\"wd-carousel-inner\">\n\t\t\t\n\t\t\t<div class=\"wd-carousel wd-grid\" data-scroll_per_page=\"yes\" style=\"--wd-col-lg:2;--wd-col-md:2;--wd-col-sm:1;--wd-gap-lg:30px;--wd-gap-sm:10px;\">\n\t\t\t\t\t\t\t\t\t<div class=\"wd-carousel-wrap\">\n\t\t\t\t\n\t\t\t\t\t\t\t\t\t\n<div class=\"testimonial wd-carousel-item\">\n\t<div class=\"testimonial-inner\">\n\t\t\n\t\t<div class=\"testimonial-content\">\n\t\t\t<div class=\"testimonial-rating\">\n\t\t\t\t<span class=\"star-rating\">\n\t\t\t\t\t<span style=\"width:100%\"><\/span>\n\t\t\t\t<\/span>\n\t\t\t<\/div>\n\n\t\t\t<p><iframe  id=\"_ytid_95349\"  width=\"800\" height=\"450\"  data-origwidth=\"800\" data-origheight=\"450\"  data-relstop=\"1\" src=\"https:\/\/www.youtube.com\/embed\/psjl02_wTUo?enablejsapi=1&autoplay=0&cc_load_policy=1&cc_lang_pref=&iv_load_policy=3&loop=0&rel=0&fs=1&playsinline=0&autohide=2&theme=dark&color=red&controls=1&disablekb=0&\" class=\"__youtube_prefs__  no-lazyload\" title=\"Leitor do YouTube\"  allow=\"fullscreen; accelerometer; autoplay; clipboard-write; encrypted-media; gyroscope; picture-in-picture; web-share\" referrerpolicy=\"strict-origin-when-cross-origin\" allowfullscreen data-no-lazy=\"1\" data-skipgform_ajax_framebjll=\"\"><\/iframe><\/p>\n\t\t\t<footer>\n\t\t\t\t\n\t\t\t\t\t\t\t<\/footer>\n\t\t<\/div>\n\t<\/div>\n<\/div>\t\t\t\t\t\t\t\t\t\n<div class=\"testimonial wd-carousel-item\">\n\t<div class=\"testimonial-inner\">\n\t\t\n\t\t<div class=\"testimonial-content\">\n\t\t\t<div class=\"testimonial-rating\">\n\t\t\t\t<span class=\"star-rating\">\n\t\t\t\t\t<span style=\"width:100%\"><\/span>\n\t\t\t\t<\/span>\n\t\t\t<\/div>\n\n\t\t\t<p><iframe  id=\"_ytid_92604\"  width=\"800\" height=\"450\"  data-origwidth=\"800\" data-origheight=\"450\"  data-relstop=\"1\" src=\"https:\/\/www.youtube.com\/embed\/52HxDTPpLEY?enablejsapi=1&autoplay=0&cc_load_policy=1&cc_lang_pref=&iv_load_policy=3&loop=0&rel=0&fs=1&playsinline=0&autohide=2&theme=dark&color=red&controls=1&disablekb=0&\" class=\"__youtube_prefs__  no-lazyload\" title=\"Leitor do YouTube\"  allow=\"fullscreen; accelerometer; autoplay; clipboard-write; encrypted-media; gyroscope; picture-in-picture; web-share\" referrerpolicy=\"strict-origin-when-cross-origin\" allowfullscreen data-no-lazy=\"1\" data-skipgform_ajax_framebjll=\"\"><\/iframe><\/p>\n\t\t\t<footer>\n\t\t\t\t\n\t\t\t\t\t\t\t<\/footer>\n\t\t<\/div>\n\t<\/div>\n<\/div>\t\t\t\t\n\t\t\t\t\t\t\t\t\t<\/div>\n\t\t\t\t\t\t\t<\/div>\n\t\t\t\t\t\t\t\t\t\t\t\t\t\t<div class=\"wd-nav-arrows wd-pos-sep wd-hover-1 wd-icon-1\">\n\t\t\t<div class=\"wd-btn-arrow wd-prev wd-disabled\">\n\t\t\t\t<div class=\"wd-arrow-inner\"><\/div>\n\t\t\t<\/div>\n\t\t\t<div class=\"wd-btn-arrow wd-next\">\n\t\t\t\t<div class=\"wd-arrow-inner\"><\/div>\n\t\t\t<\/div>\n\t\t<\/div>\n\t\t\t\t\t\t\n\t\t\t\t<\/div>\n\n\t\t\t\t\t\t<div class=\"wd-nav-pagin-wrap text-center wd-style-shape wd-hide-md-sm wd-hide-sm\">\n\t\t\t<ul class=\"wd-nav-pagin\"><\/ul>\n\t\t<\/div>\n\t\t\t\t\t\t\t\t\t\t\t<\/div>\n\t\t\t\t\t\t<\/div>\n\t\t\t\t<\/div>\n\t\t\t\t\t<\/div>\n\t\t<\/div>\n\t\t\t\t\t<\/div>\n\t\t<\/section>\n\t\t\t\t<\/div>","protected":false},"excerpt":{"rendered":"<p>&#8220;<strong>Pretende melhorar as capacidades pr\u00e1ticas dos seus filhos enquanto os educa para a ci\u00eancia?<\/strong> Apresentamos o brinquedo \"Power Balloon Car\"! Envolve a sua curiosidade e aprendizagem com este brinquedo interativo. Compre agora para envio gratuito e obtenha 30% OFF!<\/p>","protected":false},"featured_media":19494,"comment_status":"open","ping_status":"closed","template":"","meta":{"_acf_changed":false},"product_brand":[],"product_cat":[509],"product_tag":[810,809,808,807,806],"class_list":{"0":"post-18942","1":"product","2":"type-product","3":"status-publish","4":"has-post-thumbnail","6":"product_cat-best-baby-toys","7":"product_tag-air-powered-car-toys","8":"product_tag-balloon-launcher-car-toy","9":"product_tag-manual-balloon-power-pump-car","10":"product_tag-manual-balloon-pump-car","11":"product_tag-power-balloon-car-toy","13":"first","14":"instock","15":"sale","16":"taxable","17":"shipping-taxable","18":"purchasable","19":"product-type-variable","20":"wvs-archive-product-wrapper"},"acf":[],"_links":{"self":[{"href":"https:\/\/babyvk.com\/pt\/wp-json\/wp\/v2\/product\/18942","targetHints":{"allow":["GET"]}}],"collection":[{"href":"https:\/\/babyvk.com\/pt\/wp-json\/wp\/v2\/product"}],"about":[{"href":"https:\/\/babyvk.com\/pt\/wp-json\/wp\/v2\/types\/product"}],"replies":[{"embeddable":true,"href":"https:\/\/babyvk.com\/pt\/wp-json\/wp\/v2\/comments?post=18942"}],"version-history":[{"count":0,"href":"https:\/\/babyvk.com\/pt\/wp-json\/wp\/v2\/product\/18942\/revisions"}],"wp:featuredmedia":[{"embeddable":true,"href":"https:\/\/babyvk.com\/pt\/wp-json\/wp\/v2\/media\/19494"}],"wp:attachment":[{"href":"https:\/\/babyvk.com\/pt\/wp-json\/wp\/v2\/media?parent=18942"}],"wp:term":[{"taxonomy":"product_brand","embeddable":true,"href":"https:\/\/babyvk.com\/pt\/wp-json\/wp\/v2\/product_brand?post=18942"},{"taxonomy":"product_cat","embeddable":true,"href":"https:\/\/babyvk.com\/pt\/wp-json\/wp\/v2\/product_cat?post=18942"},{"taxonomy":"product_tag","embeddable":true,"href":"https:\/\/babyvk.com\/pt\/wp-json\/wp\/v2\/product_tag?post=18942"}],"curies":[{"name":"wp","href":"https:\/\/api.w.org\/{rel}","templated":true}]}}