{"id":18855,"date":"2024-04-01T06:46:28","date_gmt":"2024-04-01T06:46:28","guid":{"rendered":"https:\/\/babyvk.com\/?post_type=product&#038;p=18855"},"modified":"2025-03-10T20:03:30","modified_gmt":"2025-03-10T20:03:30","slug":"magnetic-chess-game-set","status":"publish","type":"product","link":"https:\/\/babyvk.com\/pt\/product\/magnetic-chess-game-set\/","title":{"rendered":"Conjunto de jogo de xadrez magn\u00e9tico"},"content":{"rendered":"<div data-elementor-type=\"product-post\" data-elementor-id=\"18855\" class=\"elementor elementor-18855\" data-elementor-post-type=\"product\">\n\t\t\t\t\t\t<section class=\"wd-negative-gap elementor-section elementor-top-section elementor-element elementor-element-a712af6 elementor-section-boxed elementor-section-height-default elementor-section-height-default\" data-id=\"a712af6\" data-element_type=\"section\">\n\t\t\t\t\t\t<div class=\"elementor-container elementor-column-gap-default\">\n\t\t\t\t\t<div class=\"elementor-column elementor-col-100 elementor-top-column elementor-element elementor-element-b65a6f4\" data-id=\"b65a6f4\" data-element_type=\"column\">\n\t\t\t<div class=\"elementor-widget-wrap elementor-element-populated\">\n\t\t\t\t\t\t<div class=\"elementor-element elementor-element-1cf247b elementor-widget elementor-widget-wd_text_block\" data-id=\"1cf247b\" data-element_type=\"widget\" data-widget_type=\"wd_text_block.default\">\n\t\t\t\t<div class=\"elementor-widget-container\">\n\t\t\t\t\t\t\t<div class=\"wd-text-block reset-last-child text-left\">\n\t\t\t\n\t\t\t<h2>Carater\u00edstica\uff1a<\/h2><ol><li><p><strong>Jogo de xadrez internacional magn\u00e9tico<\/strong>: O Xadrez Internacional Magn\u00e9tico \u00e9 um jogo que desafia o pensamento e as capacidades l\u00f3gicas de uma forma divertida. Pode ser jogado com a fam\u00edlia e os amigos, desafiando-se a si pr\u00f3prio ou aos outros. Este jogo aproxima as pessoas, permitindo que todos desfrutem de um tempo de qualidade juntos.<\/p><\/li><li><p><strong>Materiais dur\u00e1veis e seguros<\/strong>: Fabricado em material magn\u00e9tico e pl\u00e1stico, \u00e9 robusto, duradouro e garante a seguran\u00e7a. N\u00e3o se parte nem deforma, mesmo ap\u00f3s uma utiliza\u00e7\u00e3o prolongada. Al\u00e9m disso, oferece um toque confort\u00e1vel e suave, garantindo a seguran\u00e7a ambiental.<\/p><\/li><li><p><strong>Jogabilidade<\/strong>: \u00c9 um jogo adequado para 2 ou mais jogadores. Durante o jogo, o objetivo \u00e9 n\u00e3o ter \u00edmanes quando for a sua vez. Este jogo de xadrez internacional \u00e9 f\u00e1cil de reutilizar, pois os seus \u00edmanes fortes impedem que as pe\u00e7as se desloquem facilmente. O jogo de xadrez internacional magn\u00e9tico \u00e9 perfeito para as reuni\u00f5es de fam\u00edlia.<\/p><\/li><li><p><strong>Desenvolvimento mental<\/strong>: Este jogo de xadrez estimula o desenvolvimento mental das crian\u00e7as e melhora as suas capacidades cognitivas. Oferece v\u00e1rios modos e n\u00edveis de divers\u00e3o, melhorando os tempos de rea\u00e7\u00e3o, aprendendo rapidamente conceitos b\u00e1sicos e fomentando a concentra\u00e7\u00e3o e as capacidades de racioc\u00ednio l\u00f3gico das crian\u00e7as.<\/p><\/li><li><p><strong>Jogo magn\u00e9tico interativo envolvente<\/strong>: Pode ser jogado com a fam\u00edlia e os amigos e melhora as rela\u00e7\u00f5es entre pais e filhos ou as liga\u00e7\u00f5es sociais. N\u00e3o s\u00f3 pode ser utilizado como um jogo de tabuleiro, como tamb\u00e9m pode ser utilizado para praticar a coordena\u00e7\u00e3o m\u00e3o-olho e criar v\u00e1rios modelos magn\u00e9ticos.<\/p><\/li><\/ol>\n\t\t\t\t\t<\/div>\n\t\t\t\t\t\t<\/div>\n\t\t\t\t<\/div>\n\t\t\t\t<div class=\"elementor-element elementor-element-bd9218e elementor-widget elementor-widget-wd_text_block\" data-id=\"bd9218e\" data-element_type=\"widget\" data-widget_type=\"wd_text_block.default\">\n\t\t\t\t<div class=\"elementor-widget-container\">\n\t\t\t\t\t\t\t<div class=\"wd-text-block reset-last-child text-left\">\n\t\t\t\n\t\t\t<h2>Embalagem:<\/h2><ul><li>Tabuleiro de jogo X 1pcs<\/li><li>Xadrez magn\u00e9tico X 20pcs<\/li><li>Saco de armazenamento X 1pcs<\/li><\/ul>\n\t\t\t\t\t<\/div>\n\t\t\t\t\t\t<\/div>\n\t\t\t\t<\/div>\n\t\t\t\t\t<\/div>\n\t\t<\/div>\n\t\t\t\t\t<\/div>\n\t\t<\/section>\n\t\t\t\t<\/div>","protected":false},"excerpt":{"rendered":"<p>&#8220;<strong>Est\u00e1 \u00e0 procura de um brinquedo de xadrez divertido para jogar com os seus filhos?<\/strong> O conjunto de jogos de xadrez magn\u00e9tico oferece uma jogabilidade envolvente, perfeita para a uni\u00e3o familiar e o desenvolvimento cognitivo. Compre agora para envio gratuito e obtenha 30% OFF!<\/p>","protected":false},"featured_media":18848,"comment_status":"open","ping_status":"closed","template":"","meta":{"_acf_changed":false},"product_brand":[],"product_cat":[509],"product_tag":[798,800,797,799],"class_list":{"0":"post-18855","1":"product","2":"type-product","3":"status-publish","4":"has-post-thumbnail","6":"product_cat-best-baby-toys","7":"product_tag-magnetic-chess","8":"product_tag-magnetic-chess-board","9":"product_tag-magnetic-chess-game","10":"product_tag-magnetic-chess-set","12":"first","13":"instock","14":"sale","15":"taxable","16":"shipping-taxable","17":"purchasable","18":"product-type-variable","19":"wvs-archive-product-wrapper"},"acf":[],"_links":{"self":[{"href":"https:\/\/babyvk.com\/pt\/wp-json\/wp\/v2\/product\/18855","targetHints":{"allow":["GET"]}}],"collection":[{"href":"https:\/\/babyvk.com\/pt\/wp-json\/wp\/v2\/product"}],"about":[{"href":"https:\/\/babyvk.com\/pt\/wp-json\/wp\/v2\/types\/product"}],"replies":[{"embeddable":true,"href":"https:\/\/babyvk.com\/pt\/wp-json\/wp\/v2\/comments?post=18855"}],"version-history":[{"count":0,"href":"https:\/\/babyvk.com\/pt\/wp-json\/wp\/v2\/product\/18855\/revisions"}],"wp:featuredmedia":[{"embeddable":true,"href":"https:\/\/babyvk.com\/pt\/wp-json\/wp\/v2\/media\/18848"}],"wp:attachment":[{"href":"https:\/\/babyvk.com\/pt\/wp-json\/wp\/v2\/media?parent=18855"}],"wp:term":[{"taxonomy":"product_brand","embeddable":true,"href":"https:\/\/babyvk.com\/pt\/wp-json\/wp\/v2\/product_brand?post=18855"},{"taxonomy":"product_cat","embeddable":true,"href":"https:\/\/babyvk.com\/pt\/wp-json\/wp\/v2\/product_cat?post=18855"},{"taxonomy":"product_tag","embeddable":true,"href":"https:\/\/babyvk.com\/pt\/wp-json\/wp\/v2\/product_tag?post=18855"}],"curies":[{"name":"wp","href":"https:\/\/api.w.org\/{rel}","templated":true}]}}