{"id":18761,"date":"2024-04-01T00:53:40","date_gmt":"2024-04-01T00:53:40","guid":{"rendered":"https:\/\/babyvk.com\/?post_type=product&#038;p=18761"},"modified":"2025-03-25T11:53:43","modified_gmt":"2025-03-25T11:53:43","slug":"baby-washing-bib","status":"publish","type":"product","link":"https:\/\/babyvk.com\/pt\/product\/baby-washing-bib\/","title":{"rendered":"Babete para lavagem de beb\u00e9s"},"content":{"rendered":"<div data-elementor-type=\"product-post\" data-elementor-id=\"18761\" class=\"elementor elementor-18761\" data-elementor-post-type=\"product\">\n\t\t\t\t\t\t<section class=\"wd-negative-gap elementor-section elementor-top-section elementor-element elementor-element-71d4535 elementor-section-boxed elementor-section-height-default elementor-section-height-default\" data-id=\"71d4535\" data-element_type=\"section\">\n\t\t\t\t\t\t<div class=\"elementor-container elementor-column-gap-default\">\n\t\t\t\t\t<div class=\"elementor-column elementor-col-100 elementor-top-column elementor-element elementor-element-89ef544\" data-id=\"89ef544\" data-element_type=\"column\">\n\t\t\t<div class=\"elementor-widget-wrap elementor-element-populated\">\n\t\t\t\t\t\t<div class=\"elementor-element elementor-element-14b3345 elementor-widget elementor-widget-wd_text_block\" data-id=\"14b3345\" data-element_type=\"widget\" data-widget_type=\"wd_text_block.default\">\n\t\t\t\t<div class=\"elementor-widget-container\">\n\t\t\t\t\t\t\t<div class=\"wd-text-block reset-last-child text-left\">\n\t\t\t\n\t\t\t<h2>Carater\u00edsticas:<\/h2><ol><li><p>Os babetes n\u00e3o s\u00f3 protegem os beb\u00e9s de sujarem as suas roupas com baba, cuspo ou comida, como tamb\u00e9m mant\u00eam os seus ador\u00e1veis trajes limpos.<\/p><\/li><li><p>Fabricadas em material de algod\u00e3o ultra-suave, s\u00e3o muito absorventes e confort\u00e1veis. Adequadas n\u00e3o s\u00f3 para a baba e a denti\u00e7\u00e3o, mas tamb\u00e9m como toalhas macias e absorventes.<\/p><\/li><li><p>Os babetes t\u00eam fechos de mola ajust\u00e1veis, garantindo um ajuste confort\u00e1vel sem ficarem demasiado apertados \u00e0 volta do pesco\u00e7o das crian\u00e7as.<\/p><\/li><li><p>Os babetes s\u00e3o essenciais para as crian\u00e7as que est\u00e3o a aprender a lavar os dentes e a lavar a cara, evitando que a roupa fique molhada. Com um tamanho moderado, estes babetes podem ser utilizados at\u00e9 aos 6 anos de idade.<\/p><\/li><li><p>Estes babetes n\u00e3o s\u00e3o apenas adequados para a alimenta\u00e7\u00e3o, mas tamb\u00e9m servem como artigos essenciais para passeios, sendo simultaneamente c\u00f3modos e pr\u00e1ticos.<\/p><\/li><li><p>Oferecemos uma garantia de qualidade 100% e um servi\u00e7o de apoio 24 horas por dia. Se n\u00e3o ficar satisfeito, pode usufruir de um reembolso total.<\/p><\/li><\/ol>\n\t\t\t\t\t<\/div>\n\t\t\t\t\t\t<\/div>\n\t\t\t\t<\/div>\n\t\t\t\t<div class=\"elementor-element elementor-element-379645d elementor-widget elementor-widget-wd_text_block\" data-id=\"379645d\" data-element_type=\"widget\" data-widget_type=\"wd_text_block.default\">\n\t\t\t\t<div class=\"elementor-widget-container\">\n\t\t\t\t\t\t\t<div class=\"wd-text-block reset-last-child text-left\">\n\t\t\t\n\t\t\t<h2>Especifica\u00e7\u00e3o:<\/h2><ul><li>Cor: rosa, roxo, amarelo<\/li><li>Tipo de fecho: Bot\u00e3o<\/li><li>Padr\u00e3o: S\u00f3lido<\/li><li>Material: velo coral<\/li><li>Idade adequada: 1-6 anos<\/li><li>Dimens\u00e3o: comprimento: 19,7 polegadas, largura: 15,75 polegadas<\/li><li>Instru\u00e7\u00f5es de manuten\u00e7\u00e3o do produto: Lavar \u00e0 m\u00e1quina<\/li><\/ul>\n\t\t\t\t\t<\/div>\n\t\t\t\t\t\t<\/div>\n\t\t\t\t<\/div>\n\t\t\t\t\t<\/div>\n\t\t<\/div>\n\t\t\t\t\t<\/div>\n\t\t<\/section>\n\t\t\t\t<section class=\"wd-negative-gap elementor-section elementor-top-section elementor-element elementor-element-dd67244 elementor-section-boxed elementor-section-height-default elementor-section-height-default\" data-id=\"dd67244\" data-element_type=\"section\">\n\t\t\t\t\t\t<div class=\"elementor-container elementor-column-gap-default\">\n\t\t\t\t\t<div class=\"elementor-column elementor-col-100 elementor-top-column elementor-element elementor-element-e4304a7\" data-id=\"e4304a7\" data-element_type=\"column\">\n\t\t\t<div class=\"elementor-widget-wrap elementor-element-populated\">\n\t\t\t\t\t\t<div class=\"elementor-element elementor-element-b63e231 wd-width-100 elementor-widget elementor-widget-wd_title\" data-id=\"b63e231\" data-element_type=\"widget\" data-widget_type=\"wd_title.default\">\n\t\t\t\t<div class=\"elementor-widget-container\">\n\t\t\t\t\t\t\t<div class=\"title-wrapper wd-set-mb reset-last-child wd-title-color-default wd-title-style-default wd-title-size-default text-center\">\n\n\t\t\t\t\t\t\t\t\t\t\t<div class=\"title-subtitle subtitle-color-default subtitle-style-default wd-fontsize-xs\">\n\t\t\t\t\tVER O NOSSO ESPECT\u00c1CULO REAL\t\t\t\t<\/div>\n\t\t\t\n\t\t\t<div class=\"liner-continer\">\n\t\t\t\t<h4 class=\"woodmart-title-container title wd-fontsize-l\">O nosso pequeno v\u00eddeo<\/h4> \n\t\t\t\t\t\t\t<\/div>\n\n\t\t\t\t\t\t\t<div class=\"title-after_title reset-last-child wd-fontsize-xs\">\n\t\t\t\t\t<p>Mostrar o cen\u00e1rio de utiliza\u00e7\u00e3o do produto, para lhe dar a conhecer mais pormenores.<\/p>\t\t\t\t<\/div>\n\t\t\t\t\t<\/div>\n\t\t\t\t\t\t<\/div>\n\t\t\t\t<\/div>\n\t\t\t\t<div class=\"elementor-element elementor-element-13faea8 elementor-widget elementor-widget-wd_testimonials\" data-id=\"13faea8\" data-element_type=\"widget\" data-widget_type=\"wd_testimonials.default\">\n\t\t\t\t<div class=\"elementor-widget-container\">\n\t\t\t\t\t\t\t<div class=\"testimonials testimon-style-standard  color-scheme- testimon-align-center wd-carousel-container\" id=\"carousel-6336\">\n\t\t\t\t\t\t\t<div class=\"wd-carousel-inner\">\n\t\t\t\n\t\t\t<div class=\"wd-carousel wd-grid\" data-scroll_per_page=\"yes\" style=\"--wd-col-lg:2;--wd-col-md:2;--wd-col-sm:1;--wd-gap-lg:30px;--wd-gap-sm:10px;\">\n\t\t\t\t\t\t\t\t\t<div class=\"wd-carousel-wrap\">\n\t\t\t\t\n\t\t\t\t\t\t\t\t\t\n<div class=\"testimonial wd-carousel-item\">\n\t<div class=\"testimonial-inner\">\n\t\t\n\t\t<div class=\"testimonial-content\">\n\t\t\t<div class=\"testimonial-rating\">\n\t\t\t\t<span class=\"star-rating\">\n\t\t\t\t\t<span style=\"width:100%\"><\/span>\n\t\t\t\t<\/span>\n\t\t\t<\/div>\n\n\t\t\t<p><iframe  id=\"_ytid_67547\"  width=\"800\" height=\"450\"  data-origwidth=\"800\" data-origheight=\"450\"  data-relstop=\"1\" src=\"https:\/\/www.youtube.com\/embed\/HLgP0vK-69A?enablejsapi=1&autoplay=0&cc_load_policy=1&cc_lang_pref=&iv_load_policy=3&loop=0&rel=0&fs=1&playsinline=0&autohide=2&theme=dark&color=red&controls=1&disablekb=0&\" class=\"__youtube_prefs__  no-lazyload\" title=\"Leitor do YouTube\"  allow=\"fullscreen; accelerometer; autoplay; clipboard-write; encrypted-media; gyroscope; picture-in-picture; web-share\" referrerpolicy=\"strict-origin-when-cross-origin\" allowfullscreen data-no-lazy=\"1\" data-skipgform_ajax_framebjll=\"\"><\/iframe><\/p>\n\t\t\t<footer>\n\t\t\t\t\n\t\t\t\t\t\t\t<\/footer>\n\t\t<\/div>\n\t<\/div>\n<\/div>\t\t\t\t\t\t\t\t\t\n<div class=\"testimonial wd-carousel-item\">\n\t<div class=\"testimonial-inner\">\n\t\t\n\t\t<div class=\"testimonial-content\">\n\t\t\t<div class=\"testimonial-rating\">\n\t\t\t\t<span class=\"star-rating\">\n\t\t\t\t\t<span style=\"width:100%\"><\/span>\n\t\t\t\t<\/span>\n\t\t\t<\/div>\n\n\t\t\t<p><iframe  id=\"_ytid_92196\"  width=\"800\" height=\"450\"  data-origwidth=\"800\" data-origheight=\"450\"  data-relstop=\"1\" src=\"https:\/\/www.youtube.com\/embed\/5EM3b2ordlo?enablejsapi=1&autoplay=0&cc_load_policy=1&cc_lang_pref=&iv_load_policy=3&loop=0&rel=0&fs=1&playsinline=0&autohide=2&theme=dark&color=red&controls=1&disablekb=0&\" class=\"__youtube_prefs__  no-lazyload\" title=\"Leitor do YouTube\"  allow=\"fullscreen; accelerometer; autoplay; clipboard-write; encrypted-media; gyroscope; picture-in-picture; web-share\" referrerpolicy=\"strict-origin-when-cross-origin\" allowfullscreen data-no-lazy=\"1\" data-skipgform_ajax_framebjll=\"\"><\/iframe><\/p>\n\t\t\t<footer>\n\t\t\t\t\n\t\t\t\t\t\t\t<\/footer>\n\t\t<\/div>\n\t<\/div>\n<\/div>\t\t\t\t\n\t\t\t\t\t\t\t\t\t<\/div>\n\t\t\t\t\t\t\t<\/div>\n\t\t\t\t\t\t\t\t\t\t\t\t\t\t<div class=\"wd-nav-arrows wd-pos-sep wd-hover-1 wd-icon-1\">\n\t\t\t<div class=\"wd-btn-arrow wd-prev wd-disabled\">\n\t\t\t\t<div class=\"wd-arrow-inner\"><\/div>\n\t\t\t<\/div>\n\t\t\t<div class=\"wd-btn-arrow wd-next\">\n\t\t\t\t<div class=\"wd-arrow-inner\"><\/div>\n\t\t\t<\/div>\n\t\t<\/div>\n\t\t\t\t\t\t\n\t\t\t\t<\/div>\n\n\t\t\t\t\t\t<div class=\"wd-nav-pagin-wrap text-center wd-style-shape wd-hide-md-sm wd-hide-sm\">\n\t\t\t<ul class=\"wd-nav-pagin\"><\/ul>\n\t\t<\/div>\n\t\t\t\t\t\t\t\t\t\t\t<\/div>\n\t\t\t\t\t\t<\/div>\n\t\t\t\t<\/div>\n\t\t\t\t\t<\/div>\n\t\t<\/div>\n\t\t\t\t\t<\/div>\n\t\t<\/section>\n\t\t\t\t<\/div>","protected":false},"excerpt":{"rendered":"<p>&#8220;<strong>Os seus filhos est\u00e3o a lavar os dentes e a molhar a roupa?<\/strong> Apresentamos o babete para lavar o beb\u00e9! Mantenha-os limpos e secos durante actividades confusas. Compre agora para envio gratuito e obtenha 30% OFF!<\/p>","protected":false},"featured_media":18767,"comment_status":"open","ping_status":"closed","template":"","meta":{"_acf_changed":false},"product_brand":[],"product_cat":[29],"product_tag":[789,787,788,786,785],"class_list":{"0":"post-18761","1":"product","2":"type-product","3":"status-publish","4":"has-post-thumbnail","6":"product_cat-best-baby-care","7":"product_tag-baberos-de-bebe","8":"product_tag-baberos-para-bebe-nino","9":"product_tag-large-toddler-bibs","10":"product_tag-teething-bibs","11":"product_tag-toddler-bibs-1-3-years","13":"first","14":"instock","15":"sale","16":"taxable","17":"shipping-taxable","18":"purchasable","19":"product-type-variable","20":"wvs-archive-product-wrapper"},"acf":[],"_links":{"self":[{"href":"https:\/\/babyvk.com\/pt\/wp-json\/wp\/v2\/product\/18761","targetHints":{"allow":["GET"]}}],"collection":[{"href":"https:\/\/babyvk.com\/pt\/wp-json\/wp\/v2\/product"}],"about":[{"href":"https:\/\/babyvk.com\/pt\/wp-json\/wp\/v2\/types\/product"}],"replies":[{"embeddable":true,"href":"https:\/\/babyvk.com\/pt\/wp-json\/wp\/v2\/comments?post=18761"}],"version-history":[{"count":0,"href":"https:\/\/babyvk.com\/pt\/wp-json\/wp\/v2\/product\/18761\/revisions"}],"wp:featuredmedia":[{"embeddable":true,"href":"https:\/\/babyvk.com\/pt\/wp-json\/wp\/v2\/media\/18767"}],"wp:attachment":[{"href":"https:\/\/babyvk.com\/pt\/wp-json\/wp\/v2\/media?parent=18761"}],"wp:term":[{"taxonomy":"product_brand","embeddable":true,"href":"https:\/\/babyvk.com\/pt\/wp-json\/wp\/v2\/product_brand?post=18761"},{"taxonomy":"product_cat","embeddable":true,"href":"https:\/\/babyvk.com\/pt\/wp-json\/wp\/v2\/product_cat?post=18761"},{"taxonomy":"product_tag","embeddable":true,"href":"https:\/\/babyvk.com\/pt\/wp-json\/wp\/v2\/product_tag?post=18761"}],"curies":[{"name":"wp","href":"https:\/\/api.w.org\/{rel}","templated":true}]}}