{"id":17530,"date":"2024-03-11T18:02:03","date_gmt":"2024-03-11T18:02:03","guid":{"rendered":"https:\/\/babyvk.com\/?post_type=product&#038;p=17530"},"modified":"2024-07-19T13:20:17","modified_gmt":"2024-07-19T13:20:17","slug":"child-dining-chair-hair-washing-chair","status":"publish","type":"product","link":"https:\/\/babyvk.com\/pt\/product\/child-dining-chair-hair-washing-chair\/","title":{"rendered":"Cadeira de refei\u00e7\u00e3o para crian\u00e7as e cadeira para lavar o cabelo"},"content":{"rendered":"<div data-elementor-type=\"product-post\" data-elementor-id=\"17530\" class=\"elementor elementor-17530\" data-elementor-post-type=\"product\">\n\t\t\t\t\t\t<section class=\"elementor-section elementor-top-section elementor-element elementor-element-d9082b9 elementor-section-boxed elementor-section-height-default elementor-section-height-default\" data-id=\"d9082b9\" data-element_type=\"section\">\n\t\t\t\t\t\t<div class=\"elementor-container elementor-column-gap-default\">\n\t\t\t\t\t<div class=\"elementor-column elementor-col-100 elementor-top-column elementor-element elementor-element-7adf37f\" data-id=\"7adf37f\" data-element_type=\"column\">\n\t\t\t<div class=\"elementor-widget-wrap elementor-element-populated\">\n\t\t\t\t\t\t<div class=\"elementor-element elementor-element-a9dc735 color-scheme-inherit text-left elementor-widget elementor-widget-text-editor\" data-id=\"a9dc735\" data-element_type=\"widget\" data-widget_type=\"text-editor.default\">\n\t\t\t\t<div class=\"elementor-widget-container\">\n\t\t\t\t\t\t\t\t\t<p style=\"text-align: left;\"><strong>Est\u00e1 frustrado com o espa\u00e7o ocupado pelo equipamento do beb\u00e9? <\/strong>\nApresentamos-lhe a nossa vers\u00e1til cadeira alta multifuncional para crian\u00e7as que se pode transformar numa cadeira de champ\u00f4! \u00c9 a combina\u00e7\u00e3o perfeita para a refei\u00e7\u00e3o confort\u00e1vel do seu filho e a lavagem f\u00e1cil do cabelo.<\/p>\t\t\t\t\t\t\t\t<\/div>\n\t\t\t\t<\/div>\n\t\t\t\t<div class=\"elementor-element elementor-element-59300b3 color-scheme-inherit text-left elementor-widget elementor-widget-text-editor\" data-id=\"59300b3\" data-element_type=\"widget\" data-widget_type=\"text-editor.default\">\n\t\t\t\t<div class=\"elementor-widget-container\">\n\t\t\t\t\t\t\t\t\t<p><strong>Carater\u00edsticas\uff1a<\/strong><\/p><ol><li>Versatilidade: Funciona como cadeira de alimenta\u00e7\u00e3o para beb\u00e9s e transforma-se numa cadeira de champ\u00f4 durante o banho.<\/li><li>Refei\u00e7\u00f5es confort\u00e1veis: A cadeira alta com design ergon\u00f3mico garante que o seu filho desfruta das refei\u00e7\u00f5es com facilidade.<\/li><li>Lavagem simplificada do champ\u00f4: Converte-se facilmente numa cadeira de champ\u00f4 para lavar o cabelo sem complica\u00e7\u00f5es.<\/li><li>Design vibrante: O design adequado para crian\u00e7as capta a aten\u00e7\u00e3o, tornando a hora das refei\u00e7\u00f5es e do banho numa tarefa f\u00e1cil!<\/li><li>Robusto e duradouro: Constru\u00eddo com materiais dur\u00e1veis, garante a seguran\u00e7a e a estabilidade do beb\u00e9.<\/li><\/ol>\t\t\t\t\t\t\t\t<\/div>\n\t\t\t\t<\/div>\n\t\t\t\t<div class=\"elementor-element elementor-element-544d548 color-scheme-inherit text-left elementor-widget elementor-widget-text-editor\" data-id=\"544d548\" data-element_type=\"widget\" data-widget_type=\"text-editor.default\">\n\t\t\t\t<div class=\"elementor-widget-container\">\n\t\t\t\t\t\t\t\t\t<p><strong>Especifica\u00e7\u00f5es:<\/strong><\/p><ul><li>Nome do produto: Cadeira de jantar multifuncional para crian\u00e7as e cadeira de champ\u00f4<\/li><li>Faixa et\u00e1ria: 0-8 anos de idade<\/li><li>Capacidade de peso: 100 kg<\/li><li>Materiais: Pl\u00e1stico sem PP<\/li><\/ul>\t\t\t\t\t\t\t\t<\/div>\n\t\t\t\t<\/div>\n\t\t\t\t\t<\/div>\n\t\t<\/div>\n\t\t\t\t\t<\/div>\n\t\t<\/section>\n\t\t\t\t<section class=\"elementor-section elementor-top-section elementor-element elementor-element-6a3e3c4 elementor-section-boxed elementor-section-height-default elementor-section-height-default\" data-id=\"6a3e3c4\" data-element_type=\"section\">\n\t\t\t\t\t\t<div class=\"elementor-container elementor-column-gap-default\">\n\t\t\t\t\t<div class=\"elementor-column elementor-col-50 elementor-top-column elementor-element elementor-element-d7d4f02\" data-id=\"d7d4f02\" data-element_type=\"column\">\n\t\t\t<div class=\"elementor-widget-wrap elementor-element-populated\">\n\t\t\t\t\t\t<div class=\"elementor-element elementor-element-8e47274 elementor-widget elementor-widget-image\" data-id=\"8e47274\" data-element_type=\"widget\" data-widget_type=\"image.default\">\n\t\t\t\t<div class=\"elementor-widget-container\">\n\t\t\t\t\t\t\t\t\t\t\t\t\t\t\t<img fetchpriority=\"high\" decoding=\"async\" width=\"800\" height=\"800\" src=\"https:\/\/babyvk.com\/wp-content\/themes\/woodmart\/images\/lazy.svg\" data-src=\"https:\/\/babyvk.com\/wp-content\/uploads\/2024\/03\/Baby-Dining-Chair.jpg\" class=\"wd-lazy-blur attachment-large size-large wp-image-17541 wvs-archive-product-image\" alt=\"cadeira de lavat\u00f3rio para cabelo\" srcset=\"\" data-srcset=\"https:\/\/babyvk.com\/wp-content\/uploads\/2024\/03\/Baby-Dining-Chair.jpg 800w, https:\/\/babyvk.com\/wp-content\/uploads\/2024\/03\/Baby-Dining-Chair-30x30.jpg 30w, https:\/\/babyvk.com\/wp-content\/uploads\/2024\/03\/Baby-Dining-Chair-50x50.jpg 50w, https:\/\/babyvk.com\/wp-content\/uploads\/2024\/03\/Baby-Dining-Chair-100x100.jpg 100w, https:\/\/babyvk.com\/wp-content\/uploads\/2024\/03\/Baby-Dining-Chair-150x150.jpg 150w, https:\/\/babyvk.com\/wp-content\/uploads\/2024\/03\/Baby-Dining-Chair-300x300.jpg 300w, https:\/\/babyvk.com\/wp-content\/uploads\/2024\/03\/Baby-Dining-Chair-768x768.jpg 768w, https:\/\/babyvk.com\/wp-content\/uploads\/2024\/03\/Baby-Dining-Chair-500x500.jpg 500w, https:\/\/babyvk.com\/wp-content\/uploads\/2024\/03\/Baby-Dining-Chair-430x430.jpg 430w, https:\/\/babyvk.com\/wp-content\/uploads\/2024\/03\/Baby-Dining-Chair-700x700.jpg 700w\" sizes=\"(max-width: 800px) 100vw, 800px\" title=\"\">\t\t\t\t\t\t\t\t\t\t\t\t\t\t\t<\/div>\n\t\t\t\t<\/div>\n\t\t\t\t\t<\/div>\n\t\t<\/div>\n\t\t\t\t<div class=\"elementor-column elementor-col-50 elementor-top-column elementor-element elementor-element-4e0e0c7\" data-id=\"4e0e0c7\" data-element_type=\"column\">\n\t\t\t<div class=\"elementor-widget-wrap elementor-element-populated\">\n\t\t\t\t\t\t<div class=\"elementor-element elementor-element-07950dc elementor-widget elementor-widget-image\" data-id=\"07950dc\" data-element_type=\"widget\" data-widget_type=\"image.default\">\n\t\t\t\t<div class=\"elementor-widget-container\">\n\t\t\t\t\t\t\t\t\t\t\t\t\t\t\t<img decoding=\"async\" width=\"800\" height=\"800\" src=\"https:\/\/babyvk.com\/wp-content\/themes\/woodmart\/images\/lazy.svg\" data-src=\"https:\/\/babyvk.com\/wp-content\/uploads\/2024\/03\/hair-washing-chair.jpg\" class=\"wd-lazy-blur attachment-large size-large wp-image-17532 wvs-archive-product-image\" alt=\"cadeira de champ\u00f4 para casa\" srcset=\"\" data-srcset=\"https:\/\/babyvk.com\/wp-content\/uploads\/2024\/03\/hair-washing-chair.jpg 800w, https:\/\/babyvk.com\/wp-content\/uploads\/2024\/03\/hair-washing-chair-30x30.jpg 30w, https:\/\/babyvk.com\/wp-content\/uploads\/2024\/03\/hair-washing-chair-50x50.jpg 50w, https:\/\/babyvk.com\/wp-content\/uploads\/2024\/03\/hair-washing-chair-100x100.jpg 100w, https:\/\/babyvk.com\/wp-content\/uploads\/2024\/03\/hair-washing-chair-150x150.jpg 150w, https:\/\/babyvk.com\/wp-content\/uploads\/2024\/03\/hair-washing-chair-300x300.jpg 300w, https:\/\/babyvk.com\/wp-content\/uploads\/2024\/03\/hair-washing-chair-768x768.jpg 768w, https:\/\/babyvk.com\/wp-content\/uploads\/2024\/03\/hair-washing-chair-500x500.jpg 500w, https:\/\/babyvk.com\/wp-content\/uploads\/2024\/03\/hair-washing-chair-430x430.jpg 430w, https:\/\/babyvk.com\/wp-content\/uploads\/2024\/03\/hair-washing-chair-700x700.jpg 700w\" sizes=\"(max-width: 800px) 100vw, 800px\" title=\"\">\t\t\t\t\t\t\t\t\t\t\t\t\t\t\t<\/div>\n\t\t\t\t<\/div>\n\t\t\t\t\t<\/div>\n\t\t<\/div>\n\t\t\t\t\t<\/div>\n\t\t<\/section>\n\t\t\t\t<section class=\"wd-negative-gap elementor-section elementor-top-section elementor-element elementor-element-5360192 elementor-section-boxed elementor-section-height-default elementor-section-height-default\" data-id=\"5360192\" data-element_type=\"section\">\n\t\t\t\t\t\t<div class=\"elementor-container elementor-column-gap-default\">\n\t\t\t\t\t<div class=\"elementor-column elementor-col-100 elementor-top-column elementor-element elementor-element-cff3681\" data-id=\"cff3681\" data-element_type=\"column\">\n\t\t\t<div class=\"elementor-widget-wrap elementor-element-populated\">\n\t\t\t\t\t\t<div class=\"elementor-element elementor-element-c85576a wd-width-100 elementor-widget elementor-widget-wd_title\" data-id=\"c85576a\" data-element_type=\"widget\" data-widget_type=\"wd_title.default\">\n\t\t\t\t<div class=\"elementor-widget-container\">\n\t\t\t\t\t\t\t<div class=\"title-wrapper wd-set-mb reset-last-child wd-title-color-default wd-title-style-default wd-title-size-default text-center\">\n\n\t\t\t\t\t\t\t\t\t\t\t<div class=\"title-subtitle subtitle-color-default subtitle-style-default wd-fontsize-xs\">\n\t\t\t\t\tVER O NOSSO ESPECT\u00c1CULO REAL\t\t\t\t<\/div>\n\t\t\t\n\t\t\t<div class=\"liner-continer\">\n\t\t\t\t<h4 class=\"woodmart-title-container title wd-fontsize-l\">O nosso pequeno v\u00eddeo<\/h4> \n\t\t\t\t\t\t\t<\/div>\n\n\t\t\t\t\t\t\t<div class=\"title-after_title reset-last-child wd-fontsize-xs\">\n\t\t\t\t\t<p>Mostrar o cen\u00e1rio de utiliza\u00e7\u00e3o do produto, para lhe dar a conhecer mais pormenores.<\/p>\t\t\t\t<\/div>\n\t\t\t\t\t<\/div>\n\t\t\t\t\t\t<\/div>\n\t\t\t\t<\/div>\n\t\t\t\t<div class=\"elementor-element elementor-element-ad5db35 elementor-widget elementor-widget-wd_testimonials\" data-id=\"ad5db35\" data-element_type=\"widget\" data-widget_type=\"wd_testimonials.default\">\n\t\t\t\t<div class=\"elementor-widget-container\">\n\t\t\t\t\t\t\t<div class=\"testimonials testimon-style-standard  color-scheme- testimon-align-center wd-carousel-container\" id=\"carousel-8132\">\n\t\t\t\t\t\t\t<div class=\"wd-carousel-inner\">\n\t\t\t\n\t\t\t<div class=\"wd-carousel wd-grid\" data-scroll_per_page=\"yes\" style=\"--wd-col-lg:2;--wd-col-md:2;--wd-col-sm:1;--wd-gap-lg:30px;--wd-gap-sm:10px;\">\n\t\t\t\t\t\t\t\t\t<div class=\"wd-carousel-wrap\">\n\t\t\t\t\n\t\t\t\t\t\t\t\t\t\n<div class=\"testimonial wd-carousel-item\">\n\t<div class=\"testimonial-inner\">\n\t\t\n\t\t<div class=\"testimonial-content\">\n\t\t\t<div class=\"testimonial-rating\">\n\t\t\t\t<span class=\"star-rating\">\n\t\t\t\t\t<span style=\"width:100%\"><\/span>\n\t\t\t\t<\/span>\n\t\t\t<\/div>\n\n\t\t\t<p><iframe  id=\"_ytid_67421\"  width=\"800\" height=\"450\"  data-origwidth=\"800\" data-origheight=\"450\"  data-relstop=\"1\" src=\"https:\/\/www.youtube.com\/embed\/GjTiCJ112XE?enablejsapi=1&autoplay=0&cc_load_policy=1&cc_lang_pref=&iv_load_policy=3&loop=0&rel=0&fs=1&playsinline=0&autohide=2&theme=dark&color=red&controls=1&disablekb=0&\" class=\"__youtube_prefs__  no-lazyload\" title=\"Leitor do YouTube\"  allow=\"fullscreen; accelerometer; autoplay; clipboard-write; encrypted-media; gyroscope; picture-in-picture; web-share\" referrerpolicy=\"strict-origin-when-cross-origin\" allowfullscreen data-no-lazy=\"1\" data-skipgform_ajax_framebjll=\"\"><\/iframe><\/p>\n\t\t\t<footer>\n\t\t\t\t\n\t\t\t\t\t\t\t<\/footer>\n\t\t<\/div>\n\t<\/div>\n<\/div>\t\t\t\t\t\t\t\t\t\n<div class=\"testimonial wd-carousel-item\">\n\t<div class=\"testimonial-inner\">\n\t\t\n\t\t<div class=\"testimonial-content\">\n\t\t\t<div class=\"testimonial-rating\">\n\t\t\t\t<span class=\"star-rating\">\n\t\t\t\t\t<span style=\"width:100%\"><\/span>\n\t\t\t\t<\/span>\n\t\t\t<\/div>\n\n\t\t\t<p><iframe  id=\"_ytid_93817\"  width=\"800\" height=\"450\"  data-origwidth=\"800\" data-origheight=\"450\"  data-relstop=\"1\" src=\"https:\/\/www.youtube.com\/embed\/-8EeqRkSs68?enablejsapi=1&autoplay=0&cc_load_policy=1&cc_lang_pref=&iv_load_policy=3&loop=0&rel=0&fs=1&playsinline=0&autohide=2&theme=dark&color=red&controls=1&disablekb=0&\" class=\"__youtube_prefs__  no-lazyload\" title=\"Leitor do YouTube\"  allow=\"fullscreen; accelerometer; autoplay; clipboard-write; encrypted-media; gyroscope; picture-in-picture; web-share\" referrerpolicy=\"strict-origin-when-cross-origin\" allowfullscreen data-no-lazy=\"1\" data-skipgform_ajax_framebjll=\"\"><\/iframe><\/p>\n\t\t\t<footer>\n\t\t\t\t\n\t\t\t\t\t\t\t<\/footer>\n\t\t<\/div>\n\t<\/div>\n<\/div>\t\t\t\t\t\t\t\t\t\n<div class=\"testimonial wd-carousel-item\">\n\t<div class=\"testimonial-inner\">\n\t\t\n\t\t<div class=\"testimonial-content\">\n\t\t\t<div class=\"testimonial-rating\">\n\t\t\t\t<span class=\"star-rating\">\n\t\t\t\t\t<span style=\"width:100%\"><\/span>\n\t\t\t\t<\/span>\n\t\t\t<\/div>\n\n\t\t\t\n\t\t\t<footer>\n\t\t\t\t\n\t\t\t\t\t\t\t<\/footer>\n\t\t<\/div>\n\t<\/div>\n<\/div>\t\t\t\t\t\t\t\t\t\n<div class=\"testimonial wd-carousel-item\">\n\t<div class=\"testimonial-inner\">\n\t\t\n\t\t<div class=\"testimonial-content\">\n\t\t\t<div class=\"testimonial-rating\">\n\t\t\t\t<span class=\"star-rating\">\n\t\t\t\t\t<span style=\"width:100%\"><\/span>\n\t\t\t\t<\/span>\n\t\t\t<\/div>\n\n\t\t\t\n\t\t\t<footer>\n\t\t\t\t\n\t\t\t\t\t\t\t<\/footer>\n\t\t<\/div>\n\t<\/div>\n<\/div>\t\t\t\t\n\t\t\t\t\t\t\t\t\t<\/div>\n\t\t\t\t\t\t\t<\/div>\n\t\t\t\t\t\t\t\t\t\t\t\t\t\t<div class=\"wd-nav-arrows wd-pos-sep wd-hover-1 wd-icon-1\">\n\t\t\t<div class=\"wd-btn-arrow wd-prev wd-disabled\">\n\t\t\t\t<div class=\"wd-arrow-inner\"><\/div>\n\t\t\t<\/div>\n\t\t\t<div class=\"wd-btn-arrow wd-next\">\n\t\t\t\t<div class=\"wd-arrow-inner\"><\/div>\n\t\t\t<\/div>\n\t\t<\/div>\n\t\t\t\t\t\t\n\t\t\t\t<\/div>\n\n\t\t\t\t\t\t<div class=\"wd-nav-pagin-wrap text-center wd-style-shape wd-hide-md-sm wd-hide-sm\">\n\t\t\t<ul class=\"wd-nav-pagin\"><\/ul>\n\t\t<\/div>\n\t\t\t\t\t\t\t\t\t\t\t<\/div>\n\t\t\t\t\t\t<\/div>\n\t\t\t\t<\/div>\n\t\t\t\t\t<\/div>\n\t\t<\/div>\n\t\t\t\t\t<\/div>\n\t\t<\/section>\n\t\t\t\t<\/div>","protected":false},"excerpt":{"rendered":"<p>&#8220;<strong>Est\u00e1 cansada dos produtos para beb\u00e9 que enchem a sua casa?<\/strong> Veja a nossa cadeira alta multifuncional para crian\u00e7as - concebida para alternar entre dois modos para poupar espa\u00e7o. Compre agora e ganhe 30% de desconto!<\/p>","protected":false},"featured_media":17543,"comment_status":"open","ping_status":"closed","template":"","meta":{"_acf_changed":false},"product_brand":[],"product_cat":[29],"product_tag":[771,772,773],"class_list":{"0":"post-17530","1":"product","2":"type-product","3":"status-publish","4":"has-post-thumbnail","6":"product_cat-best-baby-care","7":"product_tag-child-dining-chair","8":"product_tag-child-shampoo-chain","9":"product_tag-hair-washing-chair","11":"first","12":"outofstock","13":"sale","14":"taxable","15":"shipping-taxable","16":"purchasable","17":"product-type-variable","18":"wvs-archive-product-wrapper"},"acf":[],"_links":{"self":[{"href":"https:\/\/babyvk.com\/pt\/wp-json\/wp\/v2\/product\/17530","targetHints":{"allow":["GET"]}}],"collection":[{"href":"https:\/\/babyvk.com\/pt\/wp-json\/wp\/v2\/product"}],"about":[{"href":"https:\/\/babyvk.com\/pt\/wp-json\/wp\/v2\/types\/product"}],"replies":[{"embeddable":true,"href":"https:\/\/babyvk.com\/pt\/wp-json\/wp\/v2\/comments?post=17530"}],"version-history":[{"count":0,"href":"https:\/\/babyvk.com\/pt\/wp-json\/wp\/v2\/product\/17530\/revisions"}],"wp:featuredmedia":[{"embeddable":true,"href":"https:\/\/babyvk.com\/pt\/wp-json\/wp\/v2\/media\/17543"}],"wp:attachment":[{"href":"https:\/\/babyvk.com\/pt\/wp-json\/wp\/v2\/media?parent=17530"}],"wp:term":[{"taxonomy":"product_brand","embeddable":true,"href":"https:\/\/babyvk.com\/pt\/wp-json\/wp\/v2\/product_brand?post=17530"},{"taxonomy":"product_cat","embeddable":true,"href":"https:\/\/babyvk.com\/pt\/wp-json\/wp\/v2\/product_cat?post=17530"},{"taxonomy":"product_tag","embeddable":true,"href":"https:\/\/babyvk.com\/pt\/wp-json\/wp\/v2\/product_tag?post=17530"}],"curies":[{"name":"wp","href":"https:\/\/api.w.org\/{rel}","templated":true}]}}