{"id":16504,"date":"2023-11-29T16:55:07","date_gmt":"2023-11-29T16:55:07","guid":{"rendered":"https:\/\/babyvk.com\/?post_type=product&#038;p=16504"},"modified":"2025-03-10T20:03:31","modified_gmt":"2025-03-10T20:03:31","slug":"baby-medicine-dispenser-syringe","status":"publish","type":"product","link":"https:\/\/babyvk.com\/pt\/product\/baby-medicine-dispenser-syringe\/","title":{"rendered":"Seringa dispensadora de medicamentos para beb\u00e9s"},"content":{"rendered":"<div data-elementor-type=\"product-post\" data-elementor-id=\"16504\" class=\"elementor elementor-16504\" data-elementor-post-type=\"product\">\n\t\t\t\t\t\t<section class=\"elementor-section elementor-top-section elementor-element elementor-element-3ecc431 elementor-section-boxed elementor-section-height-default elementor-section-height-default\" data-id=\"3ecc431\" data-element_type=\"section\">\n\t\t\t\t\t\t<div class=\"elementor-container elementor-column-gap-default\">\n\t\t\t\t\t<div class=\"elementor-column elementor-col-100 elementor-top-column elementor-element elementor-element-756f26d\" data-id=\"756f26d\" data-element_type=\"column\">\n\t\t\t<div class=\"elementor-widget-wrap elementor-element-populated\">\n\t\t\t\t\t\t<div class=\"elementor-element elementor-element-f209006 elementor-widget elementor-widget-wd_text_block\" data-id=\"f209006\" data-element_type=\"widget\" data-widget_type=\"wd_text_block.default\">\n\t\t\t\t<div class=\"elementor-widget-container\">\n\t\t\t\t\t\t\t<div class=\"wd-text-block reset-last-child text-left\">\n\t\t\t\n\t\t\t<h2>Descri\u00e7\u00e3o:<\/h2><p>Simplifique o tempo de medica\u00e7\u00e3o com a nossa seringa doseadora para beb\u00e9s! Acabaram-se os derrames e as dificuldades - apenas a dosagem exacta. Facilite a medica\u00e7\u00e3o para o seu beb\u00e9!<\/p>\n\t\t\t\t\t<\/div>\n\t\t\t\t\t\t<\/div>\n\t\t\t\t<\/div>\n\t\t\t\t<div class=\"elementor-element elementor-element-a88be35 elementor-widget elementor-widget-wd_text_block\" data-id=\"a88be35\" data-element_type=\"widget\" data-widget_type=\"wd_text_block.default\">\n\t\t\t\t<div class=\"elementor-widget-container\">\n\t\t\t\t\t\t\t<div class=\"wd-text-block reset-last-child text-left\">\n\t\t\t\n\t\t\t<h2>Carater\u00edsticas:<\/h2><ol><li>Dosagem exacta: Assegura uma administra\u00e7\u00e3o exacta atrav\u00e9s de marca\u00e7\u00f5es calibradas na seringa.<\/li><li>Administra\u00e7\u00e3o segura: A ponta de \u00e2ngulo duplo dispersa a medica\u00e7\u00e3o nas bochechas da crian\u00e7a e n\u00e3o na parte de tr\u00e1s da garganta, reduzindo o risco de potenciais riscos de asfixia.<\/li><li>F\u00e1cil de limpar: Desmonta-se e limpa-se sem esfor\u00e7o, garantindo a higiene em cada utiliza\u00e7\u00e3o.<\/li><li>Materiais seguros: Fabricado com materiais n\u00e3o t\u00f3xicos sem Bisfenol A, garantindo a seguran\u00e7a do beb\u00e9.<\/li><li>Utiliza\u00e7\u00e3o vers\u00e1til: Adequado para medicamentos orais, vitaminas e at\u00e9 mesmo formula\u00e7\u00f5es l\u00edquidas, como xaropes.<\/li><\/ol>\n\t\t\t\t\t<\/div>\n\t\t\t\t\t\t<\/div>\n\t\t\t\t<\/div>\n\t\t\t\t<div class=\"elementor-element elementor-element-cf86358 elementor-widget elementor-widget-wd_text_block\" data-id=\"cf86358\" data-element_type=\"widget\" data-widget_type=\"wd_text_block.default\">\n\t\t\t\t<div class=\"elementor-widget-container\">\n\t\t\t\t\t\t\t<div class=\"wd-text-block reset-last-child text-left\">\n\t\t\t\n\t\t\t<h2>Especifica\u00e7\u00e3o:<\/h2><ul><li>Material: Silicone + PP<\/li><li>Tamanho: Comprimento: 13cm\/5.12in<\/li><li>Largura: 4,5cm\/1,77in<\/li><li>Cor: azul, cor-de-rosa, branco<\/li><li>Quantidade: 1 pacote de dispensador de medicamentos para beb\u00e9s<\/li><\/ul>\n\t\t\t\t\t<\/div>\n\t\t\t\t\t\t<\/div>\n\t\t\t\t<\/div>\n\t\t\t\t<div class=\"elementor-element elementor-element-533ad84 elementor-widget elementor-widget-wd_text_block\" data-id=\"533ad84\" data-element_type=\"widget\" data-widget_type=\"wd_text_block.default\">\n\t\t\t\t<div class=\"elementor-widget-container\">\n\t\t\t\t\t\t\t<div class=\"wd-text-block reset-last-child text-left\">\n\t\t\t\n\t\t\t<h2>Embalagem:\u00a0<\/h2><ul><li>1 Seringa dispensadora de medicamentos para beb\u00e9s<\/li><\/ul>\n\t\t\t\t\t<\/div>\n\t\t\t\t\t\t<\/div>\n\t\t\t\t<\/div>\n\t\t\t\t\t<\/div>\n\t\t<\/div>\n\t\t\t\t\t<\/div>\n\t\t<\/section>\n\t\t\t\t<\/div>","protected":false},"excerpt":{"rendered":"<p>&#8220;<strong>Procura uma forma descomplicada de administrar medicamentos para beb\u00e9s?<\/strong> A nossa seringa dispensadora de medicamentos para beb\u00e9s \u00e9 a solu\u00e7\u00e3o! D\u00ea medicamentos ao seu beb\u00e9 de forma segura e precisa. Compre agora com frete gr\u00e1tis e ganhe 30% OFF!<\/p>","protected":false},"featured_media":16513,"comment_status":"open","ping_status":"closed","template":"","meta":{"_acf_changed":false},"product_brand":[],"product_cat":[29],"product_tag":[733,735,734,736],"class_list":{"0":"post-16504","1":"product","2":"type-product","3":"status-publish","4":"has-post-thumbnail","6":"product_cat-best-baby-care","7":"product_tag-baby-medicine-dispenser","8":"product_tag-baby-medicine-dropper","9":"product_tag-baby-medicine-syringe","10":"product_tag-infant-medicine-pacifier-dispenser","12":"first","13":"instock","14":"sale","15":"taxable","16":"shipping-taxable","17":"purchasable","18":"product-type-variable","19":"wvs-archive-product-wrapper"},"acf":[],"_links":{"self":[{"href":"https:\/\/babyvk.com\/pt\/wp-json\/wp\/v2\/product\/16504","targetHints":{"allow":["GET"]}}],"collection":[{"href":"https:\/\/babyvk.com\/pt\/wp-json\/wp\/v2\/product"}],"about":[{"href":"https:\/\/babyvk.com\/pt\/wp-json\/wp\/v2\/types\/product"}],"replies":[{"embeddable":true,"href":"https:\/\/babyvk.com\/pt\/wp-json\/wp\/v2\/comments?post=16504"}],"version-history":[{"count":0,"href":"https:\/\/babyvk.com\/pt\/wp-json\/wp\/v2\/product\/16504\/revisions"}],"wp:featuredmedia":[{"embeddable":true,"href":"https:\/\/babyvk.com\/pt\/wp-json\/wp\/v2\/media\/16513"}],"wp:attachment":[{"href":"https:\/\/babyvk.com\/pt\/wp-json\/wp\/v2\/media?parent=16504"}],"wp:term":[{"taxonomy":"product_brand","embeddable":true,"href":"https:\/\/babyvk.com\/pt\/wp-json\/wp\/v2\/product_brand?post=16504"},{"taxonomy":"product_cat","embeddable":true,"href":"https:\/\/babyvk.com\/pt\/wp-json\/wp\/v2\/product_cat?post=16504"},{"taxonomy":"product_tag","embeddable":true,"href":"https:\/\/babyvk.com\/pt\/wp-json\/wp\/v2\/product_tag?post=16504"}],"curies":[{"name":"wp","href":"https:\/\/api.w.org\/{rel}","templated":true}]}}