{"id":16363,"date":"2023-11-25T17:54:25","date_gmt":"2023-11-25T17:54:25","guid":{"rendered":"https:\/\/babyvk.com\/?post_type=product&#038;p=16363"},"modified":"2025-03-10T20:03:31","modified_gmt":"2025-03-10T20:03:31","slug":"newborn-swaddle-sleep-sack","status":"publish","type":"product","link":"https:\/\/babyvk.com\/pt\/product\/newborn-swaddle-sleep-sack\/","title":{"rendered":"Saco de dormir para rec\u00e9m-nascido"},"content":{"rendered":"<div data-elementor-type=\"product-post\" data-elementor-id=\"16363\" class=\"elementor elementor-16363\" data-elementor-post-type=\"product\">\n\t\t\t\t\t\t<section class=\"elementor-section elementor-top-section elementor-element elementor-element-09f8c11 elementor-section-boxed elementor-section-height-default elementor-section-height-default\" data-id=\"09f8c11\" data-element_type=\"section\">\n\t\t\t\t\t\t<div class=\"elementor-container elementor-column-gap-default\">\n\t\t\t\t\t<div class=\"elementor-column elementor-col-100 elementor-top-column elementor-element elementor-element-98e325a\" data-id=\"98e325a\" data-element_type=\"column\">\n\t\t\t<div class=\"elementor-widget-wrap elementor-element-populated\">\n\t\t\t\t\t\t<div class=\"elementor-element elementor-element-7ae2261 elementor-widget elementor-widget-wd_text_block\" data-id=\"7ae2261\" data-element_type=\"widget\" data-widget_type=\"wd_text_block.default\">\n\t\t\t\t<div class=\"elementor-widget-container\">\n\t\t\t\t\t\t\t<div class=\"wd-text-block reset-last-child text-left\">\n\t\t\t\n\t\t\t<h2 class=\"a-size-base-plus a-text-bold\"><span style=\"color: #00ccff;\">Carater\u00edsticas<\/span><\/h2><ul class=\"a-unordered-list a-vertical a-spacing-mini\"><li class=\"a-spacing-mini\"><span class=\"a-list-item\"><strong>Material de qualidade superior:<\/strong> Fabricado em l\u00e3 de b\u00e9rberis e algod\u00e3o de alta qualidade, macio, quente, respir\u00e1vel e confort\u00e1vel, seguro para a pele sens\u00edvel do beb\u00e9.<\/span><\/li><li class=\"a-spacing-mini\"><span class=\"a-list-item\"><strong>Pernas separadas:<\/strong> Este saco de dormir para beb\u00e9 com pernas separadas permite que o beb\u00e9 d\u00ea pontap\u00e9s, mas n\u00e3o pode ser expulso, reduzindo assim o risco de apanhar frio.<\/span><\/li><li class=\"a-spacing-mini\"><span class=\"a-list-item\"><strong>Cobertura total:<\/strong> O swaddle d\u00e1 ao beb\u00e9 uma cobertura total para se manter quente durante a noite, envolve suavemente todo o corpo do beb\u00e9, faz com que o beb\u00e9 se sinta reconfortado e durma mais tranquilo.<\/span><\/li><li class=\"a-spacing-mini\"><span class=\"a-list-item\"><strong>F\u00e1cil de utilizar:<\/strong> O fecho de velcro garante um fecho e uma abertura r\u00e1pidos. O design sem fecho de correr e sem bot\u00f5es torna este saco de dormir para beb\u00e9 mais seguro de utilizar e mant\u00e9m-no quente durante toda a noite. O saco de dormir para beb\u00e9 com design de pernas separadas permite que o beb\u00e9 d\u00ea pontap\u00e9s, mas n\u00e3o pode ser pontapeado, reduzindo assim o risco de apanhar frio.<\/span><\/li><li class=\"a-spacing-mini\"><span class=\"a-list-item\"><strong>Utiliza\u00e7\u00e3o vers\u00e1til:<\/strong> Este cobertor unissexo pode ser usado como cobertor de beb\u00e9, roupa de beb\u00e9, saco-cama, colcha de carrinho de beb\u00e9, ou envolt\u00f3rio de ber\u00e7o, etc. \u00c9 definitivamente um presente perfeito para o ch\u00e1 de beb\u00e9.<\/span><\/li><\/ul>\n\t\t\t\t\t<\/div>\n\t\t\t\t\t\t<\/div>\n\t\t\t\t<\/div>\n\t\t\t\t<div class=\"elementor-element elementor-element-55d1dcc elementor-widget elementor-widget-wd_text_block\" data-id=\"55d1dcc\" data-element_type=\"widget\" data-widget_type=\"wd_text_block.default\">\n\t\t\t\t<div class=\"elementor-widget-container\">\n\t\t\t\t\t\t\t<div class=\"wd-text-block reset-last-child text-left\">\n\t\t\t\n\t\t\t<h2><span style=\"color: #00ccff;\">Especifica\u00e7\u00e3o:<\/span><\/h2><ul><li><strong>Nome:<\/strong> Saco de dormir para rec\u00e9m-nascido<\/li><li><strong>Material:<\/strong> Algod\u00e3o + Velo de borracha<\/li><li><strong>Cor:<\/strong> Azul, cinzento, caqui, vermelho (opcional)<\/li><li><strong>Recomenda-se a idade:<\/strong> 3 meses, 6 meses, 9 meses (opcional)<\/li><li><strong>Tamanho do produto<\/strong>(Tamanho desdobrado, CxL):3 meses: 62 cm x 78 cm, 6 meses: 70 cm x 84 cm, 9 meses: 78 cm x 90 cm<\/li><\/ul>\n\t\t\t\t\t<\/div>\n\t\t\t\t\t\t<\/div>\n\t\t\t\t<\/div>\n\t\t\t\t<div class=\"elementor-element elementor-element-9b2b679 elementor-widget elementor-widget-wd_image_or_svg\" data-id=\"9b2b679\" data-element_type=\"widget\" data-widget_type=\"wd_image_or_svg.default\">\n\t\t\t\t<div class=\"elementor-widget-container\">\n\t\t\t\t\t\n\t\t<div class=\"wd-image text-left\">\n\t\t\t\t\t\t\t\t<img fetchpriority=\"high\" decoding=\"async\" width=\"800\" height=\"477\" src=\"https:\/\/babyvk.com\/wp-content\/uploads\/2023\/11\/baby-swaddles-0-3-months-e1700937160591.webp\" class=\"attachment-full size-full wvs-archive-product-image\" alt=\"Fralda para rec\u00e9m-nascido\" srcset=\"https:\/\/babyvk.com\/wp-content\/uploads\/2023\/11\/baby-swaddles-0-3-months-e1700937160591.webp 800w, https:\/\/babyvk.com\/wp-content\/uploads\/2023\/11\/baby-swaddles-0-3-months-e1700937160591-30x18.webp 30w, https:\/\/babyvk.com\/wp-content\/uploads\/2023\/11\/baby-swaddles-0-3-months-e1700937160591-400x239.webp 400w, https:\/\/babyvk.com\/wp-content\/uploads\/2023\/11\/baby-swaddles-0-3-months-e1700937160591-768x458.webp 768w, https:\/\/babyvk.com\/wp-content\/uploads\/2023\/11\/baby-swaddles-0-3-months-e1700937160591-500x298.webp 500w, https:\/\/babyvk.com\/wp-content\/uploads\/2023\/11\/baby-swaddles-0-3-months-e1700937160591-430x256.webp 430w, https:\/\/babyvk.com\/wp-content\/uploads\/2023\/11\/baby-swaddles-0-3-months-e1700937160591-700x417.webp 700w\" sizes=\"(max-width: 800px) 100vw, 800px\" title=\"\">\t\t\t\t\t<\/div>\n\n\t\t\t\t\t\t<\/div>\n\t\t\t\t<\/div>\n\t\t\t\t<div class=\"elementor-element elementor-element-1e00c26 elementor-widget elementor-widget-wd_image_or_svg\" data-id=\"1e00c26\" data-element_type=\"widget\" data-widget_type=\"wd_image_or_svg.default\">\n\t\t\t\t<div class=\"elementor-widget-container\">\n\t\t\t\t\t\n\t\t<div class=\"wd-image text-left\">\n\t\t\t\t\t\t\t\t<img decoding=\"async\" width=\"800\" height=\"777\" src=\"https:\/\/babyvk.com\/wp-content\/uploads\/2023\/11\/newborn-essentials.webp\" class=\"attachment-full size-full wvs-archive-product-image\" alt=\"Fraldas para beb\u00e9s 0-3 meses\" srcset=\"https:\/\/babyvk.com\/wp-content\/uploads\/2023\/11\/newborn-essentials.webp 800w, https:\/\/babyvk.com\/wp-content\/uploads\/2023\/11\/newborn-essentials-30x29.webp 30w, https:\/\/babyvk.com\/wp-content\/uploads\/2023\/11\/newborn-essentials-50x50.webp 50w, https:\/\/babyvk.com\/wp-content\/uploads\/2023\/11\/newborn-essentials-309x300.webp 309w, https:\/\/babyvk.com\/wp-content\/uploads\/2023\/11\/newborn-essentials-768x746.webp 768w, https:\/\/babyvk.com\/wp-content\/uploads\/2023\/11\/newborn-essentials-500x486.webp 500w, https:\/\/babyvk.com\/wp-content\/uploads\/2023\/11\/newborn-essentials-430x418.webp 430w, https:\/\/babyvk.com\/wp-content\/uploads\/2023\/11\/newborn-essentials-700x680.webp 700w\" sizes=\"(max-width: 800px) 100vw, 800px\" title=\"\">\t\t\t\t\t<\/div>\n\n\t\t\t\t\t\t<\/div>\n\t\t\t\t<\/div>\n\t\t\t\t<div class=\"elementor-element elementor-element-74fad2b elementor-widget elementor-widget-wd_image_or_svg\" data-id=\"74fad2b\" data-element_type=\"widget\" data-widget_type=\"wd_image_or_svg.default\">\n\t\t\t\t<div class=\"elementor-widget-container\">\n\t\t\t\t\t\n\t\t<div class=\"wd-image text-left\">\n\t\t\t\t\t\t\t\t<img decoding=\"async\" width=\"800\" height=\"742\" src=\"https:\/\/babyvk.com\/wp-content\/uploads\/2023\/11\/baby-blankets.webp\" class=\"attachment-full size-full wvs-archive-product-image\" alt=\"roupa de inverno para rec\u00e9m-nascidos\" srcset=\"https:\/\/babyvk.com\/wp-content\/uploads\/2023\/11\/baby-blankets.webp 800w, https:\/\/babyvk.com\/wp-content\/uploads\/2023\/11\/baby-blankets-30x28.webp 30w, https:\/\/babyvk.com\/wp-content\/uploads\/2023\/11\/baby-blankets-323x300.webp 323w, https:\/\/babyvk.com\/wp-content\/uploads\/2023\/11\/baby-blankets-768x712.webp 768w, https:\/\/babyvk.com\/wp-content\/uploads\/2023\/11\/baby-blankets-500x464.webp 500w, https:\/\/babyvk.com\/wp-content\/uploads\/2023\/11\/baby-blankets-430x399.webp 430w, https:\/\/babyvk.com\/wp-content\/uploads\/2023\/11\/baby-blankets-700x649.webp 700w\" sizes=\"(max-width: 800px) 100vw, 800px\" title=\"\">\t\t\t\t\t<\/div>\n\n\t\t\t\t\t\t<\/div>\n\t\t\t\t<\/div>\n\t\t\t\t<div class=\"elementor-element elementor-element-3dffad4 elementor-widget elementor-widget-wd_image_or_svg\" data-id=\"3dffad4\" data-element_type=\"widget\" data-widget_type=\"wd_image_or_svg.default\">\n\t\t\t\t<div class=\"elementor-widget-container\">\n\t\t\t\t\t\n\t\t<div class=\"wd-image text-left\">\n\t\t\t\t\t\t\t\t<img loading=\"lazy\" decoding=\"async\" width=\"800\" height=\"568\" src=\"https:\/\/babyvk.com\/wp-content\/uploads\/2023\/11\/baby-swaddle-3-6-months.webp\" class=\"attachment-full size-full wvs-archive-product-image\" alt=\"Fralda para beb\u00e9 3-6 meses\" srcset=\"https:\/\/babyvk.com\/wp-content\/uploads\/2023\/11\/baby-swaddle-3-6-months.webp 800w, https:\/\/babyvk.com\/wp-content\/uploads\/2023\/11\/baby-swaddle-3-6-months-30x21.webp 30w, https:\/\/babyvk.com\/wp-content\/uploads\/2023\/11\/baby-swaddle-3-6-months-400x284.webp 400w, https:\/\/babyvk.com\/wp-content\/uploads\/2023\/11\/baby-swaddle-3-6-months-768x545.webp 768w, https:\/\/babyvk.com\/wp-content\/uploads\/2023\/11\/baby-swaddle-3-6-months-500x355.webp 500w, https:\/\/babyvk.com\/wp-content\/uploads\/2023\/11\/baby-swaddle-3-6-months-430x305.webp 430w, https:\/\/babyvk.com\/wp-content\/uploads\/2023\/11\/baby-swaddle-3-6-months-700x497.webp 700w\" sizes=\"(max-width: 800px) 100vw, 800px\" title=\"\">\t\t\t\t\t<\/div>\n\n\t\t\t\t\t\t<\/div>\n\t\t\t\t<\/div>\n\t\t\t\t<div class=\"elementor-element elementor-element-6630648 elementor-widget elementor-widget-wd_image_or_svg\" data-id=\"6630648\" data-element_type=\"widget\" data-widget_type=\"wd_image_or_svg.default\">\n\t\t\t\t<div class=\"elementor-widget-container\">\n\t\t\t\t\t\n\t\t<div class=\"wd-image text-left\">\n\t\t\t\t\t\t\t\t<img loading=\"lazy\" decoding=\"async\" width=\"800\" height=\"617\" src=\"https:\/\/babyvk.com\/wp-content\/uploads\/2023\/11\/baby-swaddles-0-3-months-1.webp\" class=\"attachment-full size-full wvs-archive-product-image\" alt=\"artigos essenciais para rec\u00e9m-nascidos\" srcset=\"https:\/\/babyvk.com\/wp-content\/uploads\/2023\/11\/baby-swaddles-0-3-months-1.webp 800w, https:\/\/babyvk.com\/wp-content\/uploads\/2023\/11\/baby-swaddles-0-3-months-1-30x23.webp 30w, https:\/\/babyvk.com\/wp-content\/uploads\/2023\/11\/baby-swaddles-0-3-months-1-389x300.webp 389w, https:\/\/babyvk.com\/wp-content\/uploads\/2023\/11\/baby-swaddles-0-3-months-1-768x592.webp 768w, https:\/\/babyvk.com\/wp-content\/uploads\/2023\/11\/baby-swaddles-0-3-months-1-500x386.webp 500w, https:\/\/babyvk.com\/wp-content\/uploads\/2023\/11\/baby-swaddles-0-3-months-1-430x332.webp 430w, https:\/\/babyvk.com\/wp-content\/uploads\/2023\/11\/baby-swaddles-0-3-months-1-700x540.webp 700w\" sizes=\"(max-width: 800px) 100vw, 800px\" title=\"\">\t\t\t\t\t<\/div>\n\n\t\t\t\t\t\t<\/div>\n\t\t\t\t<\/div>\n\t\t\t\t<div class=\"elementor-element elementor-element-3a0cf21 elementor-widget elementor-widget-wd_image_or_svg\" data-id=\"3a0cf21\" data-element_type=\"widget\" data-widget_type=\"wd_image_or_svg.default\">\n\t\t\t\t<div class=\"elementor-widget-container\">\n\t\t\t\t\t\n\t\t<div class=\"wd-image text-left\">\n\t\t\t\t\t\t\t\t<img loading=\"lazy\" decoding=\"async\" width=\"800\" height=\"480\" src=\"https:\/\/babyvk.com\/wp-content\/uploads\/2023\/11\/swaddle-blanket.webp\" class=\"attachment-full size-full wvs-archive-product-image\" alt=\"manta para rec\u00e9m-nascido\" srcset=\"https:\/\/babyvk.com\/wp-content\/uploads\/2023\/11\/swaddle-blanket.webp 800w, https:\/\/babyvk.com\/wp-content\/uploads\/2023\/11\/swaddle-blanket-30x18.webp 30w, https:\/\/babyvk.com\/wp-content\/uploads\/2023\/11\/swaddle-blanket-400x240.webp 400w, https:\/\/babyvk.com\/wp-content\/uploads\/2023\/11\/swaddle-blanket-768x461.webp 768w, https:\/\/babyvk.com\/wp-content\/uploads\/2023\/11\/swaddle-blanket-500x300.webp 500w, https:\/\/babyvk.com\/wp-content\/uploads\/2023\/11\/swaddle-blanket-430x258.webp 430w, https:\/\/babyvk.com\/wp-content\/uploads\/2023\/11\/swaddle-blanket-700x420.webp 700w\" sizes=\"(max-width: 800px) 100vw, 800px\" title=\"\">\t\t\t\t\t<\/div>\n\n\t\t\t\t\t\t<\/div>\n\t\t\t\t<\/div>\n\t\t\t\t<div class=\"elementor-element elementor-element-090bc92 elementor-widget elementor-widget-wd_image_or_svg\" data-id=\"090bc92\" data-element_type=\"widget\" data-widget_type=\"wd_image_or_svg.default\">\n\t\t\t\t<div class=\"elementor-widget-container\">\n\t\t\t\t\t\n\t\t<div class=\"wd-image text-left\">\n\t\t\t\t\t\t\t\t<img loading=\"lazy\" decoding=\"async\" width=\"800\" height=\"981\" src=\"https:\/\/babyvk.com\/wp-content\/uploads\/2023\/11\/newborn-blanket-1.webp\" class=\"attachment-full size-full wvs-archive-product-image\" alt=\"manta para panos\" srcset=\"https:\/\/babyvk.com\/wp-content\/uploads\/2023\/11\/newborn-blanket-1.webp 800w, https:\/\/babyvk.com\/wp-content\/uploads\/2023\/11\/newborn-blanket-1-30x37.webp 30w, https:\/\/babyvk.com\/wp-content\/uploads\/2023\/11\/newborn-blanket-1-245x300.webp 245w, https:\/\/babyvk.com\/wp-content\/uploads\/2023\/11\/newborn-blanket-1-768x942.webp 768w, https:\/\/babyvk.com\/wp-content\/uploads\/2023\/11\/newborn-blanket-1-652x800.webp 652w, https:\/\/babyvk.com\/wp-content\/uploads\/2023\/11\/newborn-blanket-1-408x500.webp 408w, https:\/\/babyvk.com\/wp-content\/uploads\/2023\/11\/newborn-blanket-1-430x527.webp 430w, https:\/\/babyvk.com\/wp-content\/uploads\/2023\/11\/newborn-blanket-1-700x858.webp 700w\" sizes=\"(max-width: 800px) 100vw, 800px\" title=\"\">\t\t\t\t\t<\/div>\n\n\t\t\t\t\t\t<\/div>\n\t\t\t\t<\/div>\n\t\t\t\t<div class=\"elementor-element elementor-element-dea9144 elementor-widget elementor-widget-wd_image_or_svg\" data-id=\"dea9144\" data-element_type=\"widget\" data-widget_type=\"wd_image_or_svg.default\">\n\t\t\t\t<div class=\"elementor-widget-container\">\n\t\t\t\t\t\n\t\t<div class=\"wd-image text-left\">\n\t\t\t\t\t\t\t\t<img loading=\"lazy\" decoding=\"async\" width=\"970\" height=\"300\" src=\"https:\/\/babyvk.com\/wp-content\/uploads\/2023\/11\/newborn-winter-clothes.webp\" class=\"attachment-full size-full wvs-archive-product-image\" alt=\"cobertores para beb\u00e9s\" srcset=\"https:\/\/babyvk.com\/wp-content\/uploads\/2023\/11\/newborn-winter-clothes.webp 970w, https:\/\/babyvk.com\/wp-content\/uploads\/2023\/11\/newborn-winter-clothes-30x9.webp 30w, https:\/\/babyvk.com\/wp-content\/uploads\/2023\/11\/newborn-winter-clothes-400x124.webp 400w, https:\/\/babyvk.com\/wp-content\/uploads\/2023\/11\/newborn-winter-clothes-768x238.webp 768w, https:\/\/babyvk.com\/wp-content\/uploads\/2023\/11\/newborn-winter-clothes-860x266.webp 860w, https:\/\/babyvk.com\/wp-content\/uploads\/2023\/11\/newborn-winter-clothes-500x155.webp 500w, https:\/\/babyvk.com\/wp-content\/uploads\/2023\/11\/newborn-winter-clothes-430x133.webp 430w, https:\/\/babyvk.com\/wp-content\/uploads\/2023\/11\/newborn-winter-clothes-700x216.webp 700w\" sizes=\"(max-width: 970px) 100vw, 970px\" title=\"\">\t\t\t\t\t<\/div>\n\n\t\t\t\t\t\t<\/div>\n\t\t\t\t<\/div>\n\t\t\t\t<div class=\"elementor-element elementor-element-1cd6b36 elementor-widget elementor-widget-wd_text_block\" data-id=\"1cd6b36\" data-element_type=\"widget\" data-widget_type=\"wd_text_block.default\">\n\t\t\t\t<div class=\"elementor-widget-container\">\n\t\t\t\t\t\t\t<div class=\"wd-text-block reset-last-child text-left\">\n\t\t\t\n\t\t\t<h2><span class=\"a-text-bold\" style=\"color: #00ccff;\">Nota:<\/span><\/h2><ol><li><span style=\"color: #000000;\">O tamanho \u00e9 apenas para refer\u00eancia. Por favor, verifique as medidas para escolher o tamanho certo para o seu beb\u00e9!<\/span><br \/><span style=\"color: #000000;\">Entretanto, \u00e9 favor escolher o tamanho maior porque os beb\u00e9s da mesma idade podem ter alturas diferentes.<\/span><\/li><li><span style=\"color: #000000;\">A diferen\u00e7a de 1-3 cm (0,4-1,18\") deve-se \u00e0 medi\u00e7\u00e3o manual e a uma ligeira varia\u00e7\u00e3o de cor devido a diferentes defini\u00e7\u00f5es do ecr\u00e3.<\/span><\/li><\/ol>\n\t\t\t\t\t<\/div>\n\t\t\t\t\t\t<\/div>\n\t\t\t\t<\/div>\n\t\t\t\t\t<\/div>\n\t\t<\/div>\n\t\t\t\t\t<\/div>\n\t\t<\/section>\n\t\t\t\t<section class=\"wd-negative-gap elementor-section elementor-top-section elementor-element elementor-element-ef6d205 elementor-section-boxed elementor-section-height-default elementor-section-height-default\" data-id=\"ef6d205\" data-element_type=\"section\">\n\t\t\t\t\t\t<div class=\"elementor-container elementor-column-gap-default\">\n\t\t\t\t\t<div class=\"elementor-column elementor-col-100 elementor-top-column elementor-element elementor-element-af24478\" data-id=\"af24478\" data-element_type=\"column\">\n\t\t\t<div class=\"elementor-widget-wrap elementor-element-populated\">\n\t\t\t\t\t\t<div class=\"elementor-element elementor-element-fff4637 wd-width-100 elementor-widget elementor-widget-wd_title\" data-id=\"fff4637\" data-element_type=\"widget\" data-widget_type=\"wd_title.default\">\n\t\t\t\t<div class=\"elementor-widget-container\">\n\t\t\t\t\t\t\t<div class=\"title-wrapper wd-set-mb reset-last-child wd-title-color-default wd-title-style-default wd-title-size-default text-center\">\n\n\t\t\t\t\t\t\t\t\t\t\t<div class=\"title-subtitle subtitle-color-default subtitle-style-default wd-fontsize-xs\">\n\t\t\t\t\tVER O NOSSO ESPECT\u00c1CULO REAL\t\t\t\t<\/div>\n\t\t\t\n\t\t\t<div class=\"liner-continer\">\n\t\t\t\t<h4 class=\"woodmart-title-container title wd-fontsize-l\">O nosso pequeno v\u00eddeo<\/h4> \n\t\t\t\t\t\t\t<\/div>\n\n\t\t\t\t\t\t\t<div class=\"title-after_title reset-last-child wd-fontsize-xs\">\n\t\t\t\t\t<p>Mostrar o cen\u00e1rio de utiliza\u00e7\u00e3o do produto, para lhe dar a conhecer mais pormenores.<\/p>\t\t\t\t<\/div>\n\t\t\t\t\t<\/div>\n\t\t\t\t\t\t<\/div>\n\t\t\t\t<\/div>\n\t\t\t\t<div class=\"elementor-element elementor-element-9050898 elementor-widget elementor-widget-wd_testimonials\" data-id=\"9050898\" data-element_type=\"widget\" data-widget_type=\"wd_testimonials.default\">\n\t\t\t\t<div class=\"elementor-widget-container\">\n\t\t\t\t\t\t\t<div class=\"testimonials testimon-style-standard  color-scheme- testimon-align-center wd-carousel-container\" id=\"carousel-8553\">\n\t\t\t\t\t\t\t<div class=\"wd-carousel-inner\">\n\t\t\t\n\t\t\t<div class=\"wd-carousel wd-grid\" data-scroll_per_page=\"yes\" style=\"--wd-col-lg:2;--wd-col-md:2;--wd-col-sm:1;--wd-gap-lg:30px;--wd-gap-sm:10px;\">\n\t\t\t\t\t\t\t\t\t<div class=\"wd-carousel-wrap\">\n\t\t\t\t\n\t\t\t\t\t\t\t\t\t\n<div class=\"testimonial wd-carousel-item\">\n\t<div class=\"testimonial-inner\">\n\t\t\n\t\t<div class=\"testimonial-content\">\n\t\t\t<div class=\"testimonial-rating\">\n\t\t\t\t<span class=\"star-rating\">\n\t\t\t\t\t<span style=\"width:100%\"><\/span>\n\t\t\t\t<\/span>\n\t\t\t<\/div>\n\n\t\t\t<p><iframe  id=\"_ytid_95500\"  width=\"800\" height=\"450\"  data-origwidth=\"800\" data-origheight=\"450\"  data-relstop=\"1\" src=\"https:\/\/www.youtube.com\/embed\/kCAByXJ_3Qk?enablejsapi=1&autoplay=0&cc_load_policy=1&cc_lang_pref=&iv_load_policy=3&loop=0&rel=0&fs=1&playsinline=0&autohide=2&theme=dark&color=red&controls=1&disablekb=0&\" class=\"__youtube_prefs__  no-lazyload\" title=\"Leitor do YouTube\"  allow=\"fullscreen; accelerometer; autoplay; clipboard-write; encrypted-media; gyroscope; picture-in-picture; web-share\" referrerpolicy=\"strict-origin-when-cross-origin\" allowfullscreen data-no-lazy=\"1\" data-skipgform_ajax_framebjll=\"\"><\/iframe><\/p>\n\t\t\t<footer>\n\t\t\t\t\n\t\t\t\t\t\t\t<\/footer>\n\t\t<\/div>\n\t<\/div>\n<\/div>\t\t\t\t\t\t\t\t\t\n<div class=\"testimonial wd-carousel-item\">\n\t<div class=\"testimonial-inner\">\n\t\t\n\t\t<div class=\"testimonial-content\">\n\t\t\t<div class=\"testimonial-rating\">\n\t\t\t\t<span class=\"star-rating\">\n\t\t\t\t\t<span style=\"width:100%\"><\/span>\n\t\t\t\t<\/span>\n\t\t\t<\/div>\n\n\t\t\t<p><iframe  id=\"_ytid_63223\"  width=\"800\" height=\"450\"  data-origwidth=\"800\" data-origheight=\"450\"  data-relstop=\"1\" src=\"https:\/\/www.youtube.com\/embed\/YyC3GO9psBk?enablejsapi=1&autoplay=0&cc_load_policy=1&cc_lang_pref=&iv_load_policy=3&loop=0&rel=0&fs=1&playsinline=0&autohide=2&theme=dark&color=red&controls=1&disablekb=0&\" class=\"__youtube_prefs__  no-lazyload\" title=\"Leitor do YouTube\"  allow=\"fullscreen; accelerometer; autoplay; clipboard-write; encrypted-media; gyroscope; picture-in-picture; web-share\" referrerpolicy=\"strict-origin-when-cross-origin\" allowfullscreen data-no-lazy=\"1\" data-skipgform_ajax_framebjll=\"\"><\/iframe><\/p>\n\t\t\t<footer>\n\t\t\t\t\n\t\t\t\t\t\t\t<\/footer>\n\t\t<\/div>\n\t<\/div>\n<\/div>\t\t\t\t\t\t\t\t\t\n<div class=\"testimonial wd-carousel-item\">\n\t<div class=\"testimonial-inner\">\n\t\t\n\t\t<div class=\"testimonial-content\">\n\t\t\t<div class=\"testimonial-rating\">\n\t\t\t\t<span class=\"star-rating\">\n\t\t\t\t\t<span style=\"width:100%\"><\/span>\n\t\t\t\t<\/span>\n\t\t\t<\/div>\n\n\t\t\t<p><iframe  id=\"_ytid_55940\"  width=\"800\" height=\"450\"  data-origwidth=\"800\" data-origheight=\"450\"  data-relstop=\"1\" src=\"https:\/\/www.youtube.com\/embed\/d3nJ5MfzybM?enablejsapi=1&autoplay=0&cc_load_policy=1&cc_lang_pref=&iv_load_policy=3&loop=0&rel=0&fs=1&playsinline=0&autohide=2&theme=dark&color=red&controls=1&disablekb=0&\" class=\"__youtube_prefs__  no-lazyload\" title=\"Leitor do YouTube\"  allow=\"fullscreen; accelerometer; autoplay; clipboard-write; encrypted-media; gyroscope; picture-in-picture; web-share\" referrerpolicy=\"strict-origin-when-cross-origin\" allowfullscreen data-no-lazy=\"1\" data-skipgform_ajax_framebjll=\"\"><\/iframe><\/p>\n\t\t\t<footer>\n\t\t\t\t\n\t\t\t\t\t\t\t<\/footer>\n\t\t<\/div>\n\t<\/div>\n<\/div>\t\t\t\t\t\t\t\t\t\n<div class=\"testimonial wd-carousel-item\">\n\t<div class=\"testimonial-inner\">\n\t\t\n\t\t<div class=\"testimonial-content\">\n\t\t\t<div class=\"testimonial-rating\">\n\t\t\t\t<span class=\"star-rating\">\n\t\t\t\t\t<span style=\"width:100%\"><\/span>\n\t\t\t\t<\/span>\n\t\t\t<\/div>\n\n\t\t\t<p><iframe  id=\"_ytid_78327\"  width=\"800\" height=\"450\"  data-origwidth=\"800\" data-origheight=\"450\"  data-relstop=\"1\" src=\"https:\/\/www.youtube.com\/embed\/1YEv8m6EzQk?enablejsapi=1&autoplay=0&cc_load_policy=1&cc_lang_pref=&iv_load_policy=3&loop=0&rel=0&fs=1&playsinline=0&autohide=2&theme=dark&color=red&controls=1&disablekb=0&\" class=\"__youtube_prefs__  no-lazyload\" title=\"Leitor do YouTube\"  allow=\"fullscreen; accelerometer; autoplay; clipboard-write; encrypted-media; gyroscope; picture-in-picture; web-share\" referrerpolicy=\"strict-origin-when-cross-origin\" allowfullscreen data-no-lazy=\"1\" data-skipgform_ajax_framebjll=\"\"><\/iframe><\/p>\n\t\t\t<footer>\n\t\t\t\t\n\t\t\t\t\t\t\t<\/footer>\n\t\t<\/div>\n\t<\/div>\n<\/div>\t\t\t\t\t\t\t\t\t\n<div class=\"testimonial wd-carousel-item\">\n\t<div class=\"testimonial-inner\">\n\t\t\n\t\t<div class=\"testimonial-content\">\n\t\t\t<div class=\"testimonial-rating\">\n\t\t\t\t<span class=\"star-rating\">\n\t\t\t\t\t<span style=\"width:100%\"><\/span>\n\t\t\t\t<\/span>\n\t\t\t<\/div>\n\n\t\t\t<p><iframe  id=\"_ytid_75106\"  width=\"800\" height=\"450\"  data-origwidth=\"800\" data-origheight=\"450\"  data-relstop=\"1\" src=\"https:\/\/www.youtube.com\/embed\/1Ol8Z216KN0?enablejsapi=1&autoplay=0&cc_load_policy=1&cc_lang_pref=&iv_load_policy=3&loop=0&rel=0&fs=1&playsinline=0&autohide=2&theme=dark&color=red&controls=1&disablekb=0&\" class=\"__youtube_prefs__  no-lazyload\" title=\"Leitor do YouTube\"  allow=\"fullscreen; accelerometer; autoplay; clipboard-write; encrypted-media; gyroscope; picture-in-picture; web-share\" referrerpolicy=\"strict-origin-when-cross-origin\" allowfullscreen data-no-lazy=\"1\" data-skipgform_ajax_framebjll=\"\"><\/iframe><\/p>\n\t\t\t<footer>\n\t\t\t\t\n\t\t\t\t\t\t\t<\/footer>\n\t\t<\/div>\n\t<\/div>\n<\/div>\t\t\t\t\n\t\t\t\t\t\t\t\t\t<\/div>\n\t\t\t\t\t\t\t<\/div>\n\t\t\t\t\t\t\t\t\t\t\t\t\t\t<div class=\"wd-nav-arrows wd-pos-sep wd-hover-1 wd-icon-1\">\n\t\t\t<div class=\"wd-btn-arrow wd-prev wd-disabled\">\n\t\t\t\t<div class=\"wd-arrow-inner\"><\/div>\n\t\t\t<\/div>\n\t\t\t<div class=\"wd-btn-arrow wd-next\">\n\t\t\t\t<div class=\"wd-arrow-inner\"><\/div>\n\t\t\t<\/div>\n\t\t<\/div>\n\t\t\t\t\t\t\n\t\t\t\t<\/div>\n\n\t\t\t\t\t\t<div class=\"wd-nav-pagin-wrap text-center wd-style-shape wd-hide-md-sm wd-hide-sm\">\n\t\t\t<ul class=\"wd-nav-pagin\"><\/ul>\n\t\t<\/div>\n\t\t\t\t\t\t\t\t\t\t\t<\/div>\n\t\t\t\t\t\t<\/div>\n\t\t\t\t<\/div>\n\t\t\t\t\t<\/div>\n\t\t<\/div>\n\t\t\t\t\t<\/div>\n\t\t<\/section>\n\t\t\t\t<\/div>","protected":false},"excerpt":{"rendered":"<p>&#8220;<strong>Est\u00e1 a ter dificuldades em acalmar o sono do seu rec\u00e9m-nascido?<\/strong> Descubra o saco de dormir Swaddle para rec\u00e9m-nascido - a solu\u00e7\u00e3o perfeita para um sono aconchegante e tranquilo. Compre agora para envio gratuito e obtenha 30% OFF!<\/p>","protected":false},"featured_media":16351,"comment_status":"open","ping_status":"closed","template":"","meta":{"_acf_changed":false},"product_brand":[],"product_cat":[32],"product_tag":[717,715,716,714],"class_list":{"0":"post-16363","1":"product","2":"type-product","3":"status-publish","4":"has-post-thumbnail","6":"product_cat-best-baby-clothing","7":"product_tag-newborn-sleeping-bag","8":"product_tag-newborn-swaddle","9":"product_tag-newborn-swaddle-blanket","10":"product_tag-newborn-swaddle-sack","12":"first","13":"instock","14":"sale","15":"taxable","16":"shipping-taxable","17":"purchasable","18":"product-type-variable","19":"wvs-archive-product-wrapper"},"acf":[],"_links":{"self":[{"href":"https:\/\/babyvk.com\/pt\/wp-json\/wp\/v2\/product\/16363","targetHints":{"allow":["GET"]}}],"collection":[{"href":"https:\/\/babyvk.com\/pt\/wp-json\/wp\/v2\/product"}],"about":[{"href":"https:\/\/babyvk.com\/pt\/wp-json\/wp\/v2\/types\/product"}],"replies":[{"embeddable":true,"href":"https:\/\/babyvk.com\/pt\/wp-json\/wp\/v2\/comments?post=16363"}],"version-history":[{"count":1,"href":"https:\/\/babyvk.com\/pt\/wp-json\/wp\/v2\/product\/16363\/revisions"}],"predecessor-version":[{"id":24925,"href":"https:\/\/babyvk.com\/pt\/wp-json\/wp\/v2\/product\/16363\/revisions\/24925"}],"wp:featuredmedia":[{"embeddable":true,"href":"https:\/\/babyvk.com\/pt\/wp-json\/wp\/v2\/media\/16351"}],"wp:attachment":[{"href":"https:\/\/babyvk.com\/pt\/wp-json\/wp\/v2\/media?parent=16363"}],"wp:term":[{"taxonomy":"product_brand","embeddable":true,"href":"https:\/\/babyvk.com\/pt\/wp-json\/wp\/v2\/product_brand?post=16363"},{"taxonomy":"product_cat","embeddable":true,"href":"https:\/\/babyvk.com\/pt\/wp-json\/wp\/v2\/product_cat?post=16363"},{"taxonomy":"product_tag","embeddable":true,"href":"https:\/\/babyvk.com\/pt\/wp-json\/wp\/v2\/product_tag?post=16363"}],"curies":[{"name":"wp","href":"https:\/\/api.w.org\/{rel}","templated":true}]}}