{"id":16205,"date":"2023-09-24T18:59:34","date_gmt":"2023-09-24T18:59:34","guid":{"rendered":"https:\/\/babyvk.com\/?post_type=product&#038;p=16205"},"modified":"2024-05-17T07:56:07","modified_gmt":"2024-05-17T07:56:07","slug":"plush-warm-baby-sock-shoes","status":"publish","type":"product","link":"https:\/\/babyvk.com\/pt\/product\/plush-warm-baby-sock-shoes\/","title":{"rendered":"Sapatos de meia de pel\u00facia para beb\u00e9"},"content":{"rendered":"<div data-elementor-type=\"product-post\" data-elementor-id=\"16205\" class=\"elementor elementor-16205\" data-elementor-post-type=\"product\">\n\t\t\t\t\t\t<section class=\"wd-negative-gap elementor-section elementor-top-section elementor-element elementor-element-83badd3 elementor-section-boxed elementor-section-height-default elementor-section-height-default\" data-id=\"83badd3\" data-element_type=\"section\">\n\t\t\t\t\t\t<div class=\"elementor-container elementor-column-gap-default\">\n\t\t\t\t\t<div class=\"elementor-column elementor-col-100 elementor-top-column elementor-element elementor-element-e03a348\" data-id=\"e03a348\" data-element_type=\"column\">\n\t\t\t<div class=\"elementor-widget-wrap elementor-element-populated\">\n\t\t\t\t\t\t<div class=\"elementor-element elementor-element-ef63482 elementor-widget elementor-widget-wd_text_block\" data-id=\"ef63482\" data-element_type=\"widget\" data-widget_type=\"wd_text_block.default\">\n\t\t\t\t<div class=\"elementor-widget-container\">\n\t\t\t\t\t\t\t<div class=\"wd-text-block reset-last-child text-left\">\n\t\t\t\n\t\t\t<div class=\"liner-continer\"><h4 class=\"woodmart-title-container title wd-fontsize-l\">Carater\u00edsticas:<\/h4><\/div><div class=\"title-after_title set-cont-mb-s reset-last-child wd-fontsize-xs\"><p>Material: Feito de material de alta qualidade, confort\u00e1vel e respir\u00e1vel, suficientemente dur\u00e1vel para o seu uso di\u00e1rio. E \u00e9 muito macio, confort\u00e1vel, el\u00e1stico, leve e adapta-se \u00e0 sua pele.<\/p><p>Estilo de design:Sapatos de pel\u00facia para crian\u00e7as, rapazes, raparigas, sapatos de algod\u00e3o quentes e bonitos para casa.<\/p><p>Sele\u00e7\u00e3o do tamanho: Por favor, me\u00e7a o comprimento do seu p\u00e9 e escolha o seu tamanho de acordo com a tabela de tamanhos. Os p\u00e9s largos podem necessitar de encomendar +1 tamanho.<\/p><p>Ideal para uma festa ou sess\u00e3o fotogr\u00e1fica casual, di\u00e1ria, tamb\u00e9m \u00e9 uma \u00f3ptima ideia para um presente de beb\u00e9.<\/p><p>Servi\u00e7o: Se tiver alguma d\u00favida, envie-nos um e-mail. Responderemos sinceramente \u00e0s suas perguntas e desejamos-lhe uma boa compra.<\/p><\/div>\n\t\t\t\t\t<\/div>\n\t\t\t\t\t\t<\/div>\n\t\t\t\t<\/div>\n\t\t\t\t<div class=\"elementor-element elementor-element-f8c1832 elementor-widget elementor-widget-wd_text_block\" data-id=\"f8c1832\" data-element_type=\"widget\" data-widget_type=\"wd_text_block.default\">\n\t\t\t\t<div class=\"elementor-widget-container\">\n\t\t\t\t\t\t\t<div class=\"wd-text-block reset-last-child text-left\">\n\t\t\t\n\t\t\t<div class=\"liner-continer\"><h4 class=\"woodmart-title-container title wd-fontsize-l\">Especifica\u00e7\u00f5es<\/h4><\/div><ul><li class=\"title-after_title set-cont-mb-s reset-last-child wd-fontsize-xs\">G\u00e9nero: Beb\u00e9 unissexo<\/li><li class=\"title-after_title set-cont-mb-s reset-last-child wd-fontsize-xs\">Material da parte superior do sapato: Algod\u00e3o<\/li><li class=\"title-after_title set-cont-mb-s reset-last-child wd-fontsize-xs\">Tipo de fecho: Deslizante<\/li><li class=\"title-after_title set-cont-mb-s reset-last-child wd-fontsize-xs\">Estilo: Casual,Moda,Festa<\/li><li class=\"title-after_title set-cont-mb-s reset-last-child wd-fontsize-xs\">O que recebe: 1 par de sapatos<\/li><\/ul>\n\t\t\t\t\t<\/div>\n\t\t\t\t\t\t<\/div>\n\t\t\t\t<\/div>\n\t\t\t\t\t<\/div>\n\t\t<\/div>\n\t\t\t\t\t<\/div>\n\t\t<\/section>\n\t\t\t\t<\/div>","protected":false},"excerpt":{"rendered":"<p>&#8220;<strong>Procura o calor perfeito para os p\u00e9s do seu filho?<\/strong> Apresentamos os \"Sapatos de meias quentes de pel\u00facia para beb\u00e9\" - a solu\u00e7\u00e3o ideal para manter os dedos dos p\u00e9s aconchegados em qualquer clima. Compre agora para envio gratuito e obtenha 30% OFF!<\/p>","protected":false},"featured_media":16206,"comment_status":"open","ping_status":"closed","template":"","meta":{"_acf_changed":false},"product_brand":[],"product_cat":[32],"product_tag":[683,680,679,681,682],"class_list":{"0":"post-16205","1":"product","2":"type-product","3":"status-publish","4":"has-post-thumbnail","6":"product_cat-best-baby-clothing","7":"product_tag-baby-crawler-shoes","8":"product_tag-baby-shoes-for-newborn","9":"product_tag-baby-sock-shoes","10":"product_tag-baby-socks-with-shoes","11":"product_tag-newborn-baby-socks","13":"first","14":"instock","15":"sale","16":"taxable","17":"shipping-taxable","18":"purchasable","19":"product-type-variable","20":"wvs-archive-product-wrapper"},"acf":[],"_links":{"self":[{"href":"https:\/\/babyvk.com\/pt\/wp-json\/wp\/v2\/product\/16205","targetHints":{"allow":["GET"]}}],"collection":[{"href":"https:\/\/babyvk.com\/pt\/wp-json\/wp\/v2\/product"}],"about":[{"href":"https:\/\/babyvk.com\/pt\/wp-json\/wp\/v2\/types\/product"}],"replies":[{"embeddable":true,"href":"https:\/\/babyvk.com\/pt\/wp-json\/wp\/v2\/comments?post=16205"}],"version-history":[{"count":0,"href":"https:\/\/babyvk.com\/pt\/wp-json\/wp\/v2\/product\/16205\/revisions"}],"wp:featuredmedia":[{"embeddable":true,"href":"https:\/\/babyvk.com\/pt\/wp-json\/wp\/v2\/media\/16206"}],"wp:attachment":[{"href":"https:\/\/babyvk.com\/pt\/wp-json\/wp\/v2\/media?parent=16205"}],"wp:term":[{"taxonomy":"product_brand","embeddable":true,"href":"https:\/\/babyvk.com\/pt\/wp-json\/wp\/v2\/product_brand?post=16205"},{"taxonomy":"product_cat","embeddable":true,"href":"https:\/\/babyvk.com\/pt\/wp-json\/wp\/v2\/product_cat?post=16205"},{"taxonomy":"product_tag","embeddable":true,"href":"https:\/\/babyvk.com\/pt\/wp-json\/wp\/v2\/product_tag?post=16205"}],"curies":[{"name":"wp","href":"https:\/\/api.w.org\/{rel}","templated":true}]}}