{"id":16071,"date":"2023-08-31T04:45:01","date_gmt":"2023-08-31T04:45:01","guid":{"rendered":"https:\/\/babyvk.com\/?post_type=product&#038;p=16071"},"modified":"2026-01-11T16:40:20","modified_gmt":"2026-01-11T16:40:20","slug":"patting-fish-toy-for-babies","status":"publish","type":"product","link":"https:\/\/babyvk.com\/pt\/product\/patting-fish-toy-for-babies\/","title":{"rendered":"Brinquedo para beb\u00e9s com peixe"},"content":{"rendered":"<div data-elementor-type=\"product-post\" data-elementor-id=\"16071\" class=\"elementor elementor-16071\" data-elementor-post-type=\"product\">\n\t\t\t\t\t\t<section class=\"elementor-section elementor-top-section elementor-element elementor-element-8d3eae0 elementor-section-boxed elementor-section-height-default elementor-section-height-default\" data-id=\"8d3eae0\" data-element_type=\"section\">\n\t\t\t\t\t\t<div class=\"elementor-container elementor-column-gap-default\">\n\t\t\t\t\t<div class=\"elementor-column elementor-col-100 elementor-top-column elementor-element elementor-element-ed91cce\" data-id=\"ed91cce\" data-element_type=\"column\">\n\t\t\t<div class=\"elementor-widget-wrap elementor-element-populated\">\n\t\t\t\t\t\t<div class=\"elementor-element elementor-element-e96789b elementor-widget elementor-widget-wd_text_block\" data-id=\"e96789b\" data-element_type=\"widget\" data-widget_type=\"wd_text_block.default\">\n\t\t\t\t<div class=\"elementor-widget-container\">\n\t\t\t\t\t\t\t<div class=\"wd-text-block reset-last-child text-left\">\n\t\t\t\n\t\t\t<h2><span style=\"color: #000000;\">Carater\u00edsticas: <\/span><\/h2><p>1. Brinquedo el\u00e9trico para gatos: Quando o seu gato toca no brinquedo, este move-se automaticamente, balan\u00e7a e emite um som, atraindo o seu gato para brincar e dar pontap\u00e9s, e n\u00e3o \u00e9 necess\u00e1rio substituir a pilha.<\/p><p>2. simula\u00e7\u00e3o realista de peixes: A apar\u00eancia dos peixes artificiais utiliza a tecnologia de impress\u00e3o 3D, que tem um aspeto muito realista, para que os gatinhos mantenham as patas e interajam em tempo real, reduzindo o t\u00e9dio e a solid\u00e3o quando saem \u00e0 rua.<\/p><p>3. Design melhorado: A nossa barriga de peixe foi transformada num estilo de fecho de correr. Pode ser facilmente puxada ligando o interrutor para evitar que o peixe rebente com a agita\u00e7\u00e3o.<\/p><p>4. Material de alta qualidade: Feito de algod\u00e3o e pel\u00facia curta, a textura \u00e9 macia e n\u00e3o magoa a pata do gato. \u00d3timo para morder, mastigar, dar pontap\u00e9s e dormir.<\/p>\n\t\t\t\t\t<\/div>\n\t\t\t\t\t\t<\/div>\n\t\t\t\t<\/div>\n\t\t\t\t<div class=\"elementor-element elementor-element-176362f wd-width-100 elementor-widget elementor-widget-wd_title\" data-id=\"176362f\" data-element_type=\"widget\" data-widget_type=\"wd_title.default\">\n\t\t\t\t<div class=\"elementor-widget-container\">\n\t\t\t\t\t\t\t<div class=\"title-wrapper wd-set-mb reset-last-child wd-title-color-default wd-title-style-default wd-title-size-default text-center\">\n\n\t\t\t\n\t\t\t<div class=\"liner-continer\">\n\t\t\t\t<h2 class=\"woodmart-title-container title wd-fontsize-l\">Como utilizar?<\/h2> \n\t\t\t\t\t\t\t<\/div>\n\n\t\t\t\t\t<\/div>\n\t\t\t\t\t\t<\/div>\n\t\t\t\t<\/div>\n\t\t\t\t<div class=\"elementor-element elementor-element-21f1e00 elementor-widget elementor-widget-wd_image_or_svg\" data-id=\"21f1e00\" data-element_type=\"widget\" data-widget_type=\"wd_image_or_svg.default\">\n\t\t\t\t<div class=\"elementor-widget-container\">\n\t\t\t\t\t\n\t\t<div class=\"wd-image text-left\">\n\t\t\t\t\t\t\t\t<img fetchpriority=\"high\" decoding=\"async\" width=\"800\" height=\"800\" src=\"https:\/\/babyvk.com\/wp-content\/uploads\/2023\/08\/cat-toy-fish-that-moves.webp\" class=\"attachment-full size-full wvs-archive-product-image\" alt=\"brinquedo de peixe el\u00e9trico em movimento\" srcset=\"https:\/\/babyvk.com\/wp-content\/uploads\/2023\/08\/cat-toy-fish-that-moves.webp 800w, https:\/\/babyvk.com\/wp-content\/uploads\/2023\/08\/cat-toy-fish-that-moves-30x30.webp 30w, https:\/\/babyvk.com\/wp-content\/uploads\/2023\/08\/cat-toy-fish-that-moves-50x50.webp 50w, https:\/\/babyvk.com\/wp-content\/uploads\/2023\/08\/cat-toy-fish-that-moves-100x100.webp 100w, https:\/\/babyvk.com\/wp-content\/uploads\/2023\/08\/cat-toy-fish-that-moves-150x150.webp 150w, https:\/\/babyvk.com\/wp-content\/uploads\/2023\/08\/cat-toy-fish-that-moves-300x300.webp 300w, https:\/\/babyvk.com\/wp-content\/uploads\/2023\/08\/cat-toy-fish-that-moves-768x768.webp 768w, https:\/\/babyvk.com\/wp-content\/uploads\/2023\/08\/cat-toy-fish-that-moves-500x500.webp 500w, https:\/\/babyvk.com\/wp-content\/uploads\/2023\/08\/cat-toy-fish-that-moves-430x430.webp 430w, https:\/\/babyvk.com\/wp-content\/uploads\/2023\/08\/cat-toy-fish-that-moves-700x700.webp 700w\" sizes=\"(max-width: 800px) 100vw, 800px\" title=\"\">\t\t\t\t\t<\/div>\n\n\t\t\t\t\t\t<\/div>\n\t\t\t\t<\/div>\n\t\t\t\t<div class=\"elementor-element elementor-element-9cdec98 elementor-widget elementor-widget-wd_text_block\" data-id=\"9cdec98\" data-element_type=\"widget\" data-widget_type=\"wd_text_block.default\">\n\t\t\t\t<div class=\"elementor-widget-container\">\n\t\t\t\t\t\t\t<div class=\"wd-text-block reset-last-child text-left\">\n\t\t\t\n\t\t\t<h2>Especifica\u00e7\u00e3o:<\/h2><ul><li>Tamanho: cerca de 28 cm<\/li><li>Material: Algod\u00e3o + Peluche <\/li><li>Carregamento: USB<\/li><li>Lista de embalagem: Brinquedo de peixe el\u00e9trico *1<\/li><\/ul>\n\t\t\t\t\t<\/div>\n\t\t\t\t\t\t<\/div>\n\t\t\t\t<\/div>\n\t\t\t\t<div class=\"elementor-element elementor-element-6f6cccb elementor-widget elementor-widget-wd_image_or_svg\" data-id=\"6f6cccb\" data-element_type=\"widget\" data-widget_type=\"wd_image_or_svg.default\">\n\t\t\t\t<div class=\"elementor-widget-container\">\n\t\t\t\t\t\n\t\t<div class=\"wd-image text-left\">\n\t\t\t\t\t\t\t\t<img decoding=\"async\" width=\"750\" height=\"1013\" src=\"https:\/\/babyvk.com\/wp-content\/uploads\/2023\/08\/moving-fish-cat-toy.webp\" class=\"attachment-full size-full wvs-archive-product-image\" alt=\"Brinquedo de peixe em movimento para beb\u00e9\" srcset=\"https:\/\/babyvk.com\/wp-content\/uploads\/2023\/08\/moving-fish-cat-toy.webp 750w, https:\/\/babyvk.com\/wp-content\/uploads\/2023\/08\/moving-fish-cat-toy-30x41.webp 30w, https:\/\/babyvk.com\/wp-content\/uploads\/2023\/08\/moving-fish-cat-toy-222x300.webp 222w, https:\/\/babyvk.com\/wp-content\/uploads\/2023\/08\/moving-fish-cat-toy-592x800.webp 592w, https:\/\/babyvk.com\/wp-content\/uploads\/2023\/08\/moving-fish-cat-toy-370x500.webp 370w, https:\/\/babyvk.com\/wp-content\/uploads\/2023\/08\/moving-fish-cat-toy-430x581.webp 430w, https:\/\/babyvk.com\/wp-content\/uploads\/2023\/08\/moving-fish-cat-toy-700x945.webp 700w\" sizes=\"(max-width: 750px) 100vw, 750px\" title=\"\">\t\t\t\t\t<\/div>\n\n\t\t\t\t\t\t<\/div>\n\t\t\t\t<\/div>\n\t\t\t\t<div class=\"elementor-element elementor-element-1c19c5e elementor-widget elementor-widget-wd_image_or_svg\" data-id=\"1c19c5e\" data-element_type=\"widget\" data-widget_type=\"wd_image_or_svg.default\">\n\t\t\t\t<div class=\"elementor-widget-container\">\n\t\t\t\t\t\n\t\t<div class=\"wd-image text-left\">\n\t\t\t\t\t\t\t\t<img decoding=\"async\" width=\"750\" height=\"736\" src=\"https:\/\/babyvk.com\/wp-content\/uploads\/2023\/08\/fish-toys-for-babies.webp\" class=\"attachment-full size-full wvs-archive-product-image\" alt=\"brinquedo de peixe beb\u00e9\" srcset=\"https:\/\/babyvk.com\/wp-content\/uploads\/2023\/08\/fish-toys-for-babies.webp 750w, https:\/\/babyvk.com\/wp-content\/uploads\/2023\/08\/fish-toys-for-babies-30x29.webp 30w, https:\/\/babyvk.com\/wp-content\/uploads\/2023\/08\/fish-toys-for-babies-50x50.webp 50w, https:\/\/babyvk.com\/wp-content\/uploads\/2023\/08\/fish-toys-for-babies-306x300.webp 306w, https:\/\/babyvk.com\/wp-content\/uploads\/2023\/08\/fish-toys-for-babies-500x491.webp 500w, https:\/\/babyvk.com\/wp-content\/uploads\/2023\/08\/fish-toys-for-babies-430x422.webp 430w, https:\/\/babyvk.com\/wp-content\/uploads\/2023\/08\/fish-toys-for-babies-700x687.webp 700w\" sizes=\"(max-width: 750px) 100vw, 750px\" title=\"\">\t\t\t\t\t<\/div>\n\n\t\t\t\t\t\t<\/div>\n\t\t\t\t<\/div>\n\t\t\t\t\t<\/div>\n\t\t<\/div>\n\t\t\t\t\t<\/div>\n\t\t<\/section>\n\t\t\t\t<section class=\"elementor-section elementor-top-section elementor-element elementor-element-b8463be elementor-section-boxed elementor-section-height-default elementor-section-height-default\" data-id=\"b8463be\" data-element_type=\"section\">\n\t\t\t\t\t\t<div class=\"elementor-container elementor-column-gap-default\">\n\t\t\t\t\t<div class=\"elementor-column elementor-col-100 elementor-top-column elementor-element elementor-element-0adfe80\" data-id=\"0adfe80\" data-element_type=\"column\">\n\t\t\t<div class=\"elementor-widget-wrap elementor-element-populated\">\n\t\t\t\t\t\t<div class=\"elementor-element elementor-element-15bd8b2 elementor-widget elementor-widget-wd_text_block\" data-id=\"15bd8b2\" data-element_type=\"widget\" data-widget_type=\"wd_text_block.default\">\n\t\t\t\t<div class=\"elementor-widget-container\">\n\t\t\t\t\t\t\t<div class=\"wd-text-block reset-last-child text-left\">\n\t\t\t\n\t\t\t<p><span style=\"color: #000000;\"><strong>Aviso:Carregue totalmente o brinquedo antes de o utilizar.<\/strong><\/span><\/p><ol><li>O peixe tem uma fun\u00e7\u00e3o de sensor, parando automaticamente depois de funcionar durante um determinado per\u00edodo de tempo.<\/li><li>Se n\u00e3o o quiser utilizar, basta n\u00e3o o abanar. Se quiser continuar a utiliz\u00e1-lo, pode bater na barriga do peixe ou aban\u00e1-lo.<\/li><li>O objetivo \u00e9 evitar que se ligue ou desligue frequentemente o interrutor, o que n\u00e3o causar\u00e1 problemas.<\/li><li>A luz vermelha indica o estado do carregamento; se n\u00e3o houver luz acesa, o carregamento est\u00e1 completo, geralmente cerca de 40 minutos para carregar completamente.<\/li><\/ol>\n\t\t\t\t\t<\/div>\n\t\t\t\t\t\t<\/div>\n\t\t\t\t<\/div>\n\t\t\t\t\t<\/div>\n\t\t<\/div>\n\t\t\t\t\t<\/div>\n\t\t<\/section>\n\t\t\t\t<section class=\"wd-negative-gap elementor-section elementor-top-section elementor-element elementor-element-0a97345 elementor-section-boxed elementor-section-height-default elementor-section-height-default\" data-id=\"0a97345\" data-element_type=\"section\">\n\t\t\t\t\t\t<div class=\"elementor-container elementor-column-gap-default\">\n\t\t\t\t\t<div class=\"elementor-column elementor-col-100 elementor-top-column elementor-element elementor-element-977f874\" data-id=\"977f874\" data-element_type=\"column\">\n\t\t\t<div class=\"elementor-widget-wrap elementor-element-populated\">\n\t\t\t\t\t\t<div class=\"elementor-element elementor-element-91a82e1 wd-width-100 elementor-widget elementor-widget-wd_title\" data-id=\"91a82e1\" data-element_type=\"widget\" data-widget_type=\"wd_title.default\">\n\t\t\t\t<div class=\"elementor-widget-container\">\n\t\t\t\t\t\t\t<div class=\"title-wrapper wd-set-mb reset-last-child wd-title-color-default wd-title-style-default wd-title-size-default text-center\">\n\n\t\t\t\t\t\t\t\t\t\t\t<div class=\"title-subtitle subtitle-color-default subtitle-style-default wd-fontsize-xs\">\n\t\t\t\t\tVER O NOSSO ESPECT\u00c1CULO REAL\t\t\t\t<\/div>\n\t\t\t\n\t\t\t<div class=\"liner-continer\">\n\t\t\t\t<h4 class=\"woodmart-title-container title wd-fontsize-l\">O nosso pequeno v\u00eddeo<\/h4> \n\t\t\t\t\t\t\t<\/div>\n\n\t\t\t\t\t\t\t<div class=\"title-after_title reset-last-child wd-fontsize-xs\">\n\t\t\t\t\t<p>Mostrar o cen\u00e1rio de utiliza\u00e7\u00e3o do produto, para lhe dar a conhecer mais pormenores.<\/p>\t\t\t\t<\/div>\n\t\t\t\t\t<\/div>\n\t\t\t\t\t\t<\/div>\n\t\t\t\t<\/div>\n\t\t\t\t<div class=\"elementor-element elementor-element-f8acbbf elementor-widget elementor-widget-wd_testimonials\" data-id=\"f8acbbf\" data-element_type=\"widget\" data-widget_type=\"wd_testimonials.default\">\n\t\t\t\t<div class=\"elementor-widget-container\">\n\t\t\t\t\t\t\t<div class=\"testimonials testimon-style-standard  color-scheme- testimon-align-center wd-carousel-container\" id=\"carousel-1751\">\n\t\t\t\t\t\t\t<div class=\"wd-carousel-inner\">\n\t\t\t\n\t\t\t<div class=\"wd-carousel wd-grid\" data-scroll_per_page=\"yes\" style=\"--wd-col-lg:2;--wd-col-md:2;--wd-col-sm:1;--wd-gap-lg:30px;--wd-gap-sm:10px;\">\n\t\t\t\t\t\t\t\t\t<div class=\"wd-carousel-wrap\">\n\t\t\t\t\n\t\t\t\t\t\t\t\t\t\n<div class=\"testimonial wd-carousel-item\">\n\t<div class=\"testimonial-inner\">\n\t\t\n\t\t<div class=\"testimonial-content\">\n\t\t\t<div class=\"testimonial-rating\">\n\t\t\t\t<span class=\"star-rating\">\n\t\t\t\t\t<span style=\"width:100%\"><\/span>\n\t\t\t\t<\/span>\n\t\t\t<\/div>\n\n\t\t\t<p><iframe  id=\"_ytid_60875\"  width=\"800\" height=\"450\"  data-origwidth=\"800\" data-origheight=\"450\"  data-relstop=\"1\" src=\"https:\/\/www.youtube.com\/embed\/D7LfIuiq8xY?enablejsapi=1&autoplay=0&cc_load_policy=1&cc_lang_pref=&iv_load_policy=3&loop=0&rel=0&fs=1&playsinline=0&autohide=2&theme=dark&color=red&controls=1&disablekb=0&\" class=\"__youtube_prefs__  no-lazyload\" title=\"Leitor do YouTube\"  allow=\"fullscreen; accelerometer; autoplay; clipboard-write; encrypted-media; gyroscope; picture-in-picture; web-share\" referrerpolicy=\"strict-origin-when-cross-origin\" allowfullscreen data-no-lazy=\"1\" data-skipgform_ajax_framebjll=\"\"><\/iframe><\/p>\n\t\t\t<footer>\n\t\t\t\t\n\t\t\t\t\t\t\t<\/footer>\n\t\t<\/div>\n\t<\/div>\n<\/div>\t\t\t\t\t\t\t\t\t\n<div class=\"testimonial wd-carousel-item\">\n\t<div class=\"testimonial-inner\">\n\t\t\n\t\t<div class=\"testimonial-content\">\n\t\t\t<div class=\"testimonial-rating\">\n\t\t\t\t<span class=\"star-rating\">\n\t\t\t\t\t<span style=\"width:100%\"><\/span>\n\t\t\t\t<\/span>\n\t\t\t<\/div>\n\n\t\t\t<p><iframe  id=\"_ytid_23968\"  width=\"800\" height=\"450\"  data-origwidth=\"800\" data-origheight=\"450\"  data-relstop=\"1\" src=\"https:\/\/www.youtube.com\/embed\/gy84iTlzc1o?enablejsapi=1&autoplay=0&cc_load_policy=1&cc_lang_pref=&iv_load_policy=3&loop=0&rel=0&fs=1&playsinline=0&autohide=2&theme=dark&color=red&controls=1&disablekb=0&\" class=\"__youtube_prefs__  no-lazyload\" title=\"Leitor do YouTube\"  allow=\"fullscreen; accelerometer; autoplay; clipboard-write; encrypted-media; gyroscope; picture-in-picture; web-share\" referrerpolicy=\"strict-origin-when-cross-origin\" allowfullscreen data-no-lazy=\"1\" data-skipgform_ajax_framebjll=\"\"><\/iframe><\/p>\n\t\t\t<footer>\n\t\t\t\t\n\t\t\t\t\t\t\t<\/footer>\n\t\t<\/div>\n\t<\/div>\n<\/div>\t\t\t\t\t\t\t\t\t\n<div class=\"testimonial wd-carousel-item\">\n\t<div class=\"testimonial-inner\">\n\t\t\n\t\t<div class=\"testimonial-content\">\n\t\t\t<div class=\"testimonial-rating\">\n\t\t\t\t<span class=\"star-rating\">\n\t\t\t\t\t<span style=\"width:100%\"><\/span>\n\t\t\t\t<\/span>\n\t\t\t<\/div>\n\n\t\t\t<p><iframe  id=\"_ytid_73753\"  width=\"800\" height=\"450\"  data-origwidth=\"800\" data-origheight=\"450\"  data-relstop=\"1\" src=\"https:\/\/www.youtube.com\/embed\/Yx_X-GyJAt4?enablejsapi=1&autoplay=0&cc_load_policy=1&cc_lang_pref=&iv_load_policy=3&loop=0&rel=0&fs=1&playsinline=0&autohide=2&theme=dark&color=red&controls=1&disablekb=0&\" class=\"__youtube_prefs__  no-lazyload\" title=\"Leitor do YouTube\"  allow=\"fullscreen; accelerometer; autoplay; clipboard-write; encrypted-media; gyroscope; picture-in-picture; web-share\" referrerpolicy=\"strict-origin-when-cross-origin\" allowfullscreen data-no-lazy=\"1\" data-skipgform_ajax_framebjll=\"\"><\/iframe><\/p>\n\t\t\t<footer>\n\t\t\t\t\n\t\t\t\t\t\t\t<\/footer>\n\t\t<\/div>\n\t<\/div>\n<\/div>\t\t\t\t\t\t\t\t\t\n<div class=\"testimonial wd-carousel-item\">\n\t<div class=\"testimonial-inner\">\n\t\t\n\t\t<div class=\"testimonial-content\">\n\t\t\t<div class=\"testimonial-rating\">\n\t\t\t\t<span class=\"star-rating\">\n\t\t\t\t\t<span style=\"width:100%\"><\/span>\n\t\t\t\t<\/span>\n\t\t\t<\/div>\n\n\t\t\t<p><iframe  id=\"_ytid_22988\"  width=\"800\" height=\"450\"  data-origwidth=\"800\" data-origheight=\"450\"  data-relstop=\"1\" src=\"https:\/\/www.youtube.com\/embed\/e0ccFJdMd_U?enablejsapi=1&autoplay=0&cc_load_policy=1&cc_lang_pref=&iv_load_policy=3&loop=0&rel=0&fs=1&playsinline=0&autohide=2&theme=dark&color=red&controls=1&disablekb=0&\" class=\"__youtube_prefs__  no-lazyload\" title=\"Leitor do YouTube\"  allow=\"fullscreen; accelerometer; autoplay; clipboard-write; encrypted-media; gyroscope; picture-in-picture; web-share\" referrerpolicy=\"strict-origin-when-cross-origin\" allowfullscreen data-no-lazy=\"1\" data-skipgform_ajax_framebjll=\"\"><\/iframe><\/p>\n\t\t\t<footer>\n\t\t\t\t\n\t\t\t\t\t\t\t<\/footer>\n\t\t<\/div>\n\t<\/div>\n<\/div>\t\t\t\t\t\t\t\t\t\n<div class=\"testimonial wd-carousel-item\">\n\t<div class=\"testimonial-inner\">\n\t\t\n\t\t<div class=\"testimonial-content\">\n\t\t\t<div class=\"testimonial-rating\">\n\t\t\t\t<span class=\"star-rating\">\n\t\t\t\t\t<span style=\"width:100%\"><\/span>\n\t\t\t\t<\/span>\n\t\t\t<\/div>\n\n\t\t\t<p><iframe  id=\"_ytid_29409\"  width=\"800\" height=\"450\"  data-origwidth=\"800\" data-origheight=\"450\"  data-relstop=\"1\" src=\"https:\/\/www.youtube.com\/embed\/oDQ3xi5ODpM?enablejsapi=1&autoplay=0&cc_load_policy=1&cc_lang_pref=&iv_load_policy=3&loop=0&rel=0&fs=1&playsinline=0&autohide=2&theme=dark&color=red&controls=1&disablekb=0&\" class=\"__youtube_prefs__  no-lazyload\" title=\"Leitor do YouTube\"  allow=\"fullscreen; accelerometer; autoplay; clipboard-write; encrypted-media; gyroscope; picture-in-picture; web-share\" referrerpolicy=\"strict-origin-when-cross-origin\" allowfullscreen data-no-lazy=\"1\" data-skipgform_ajax_framebjll=\"\"><\/iframe><\/p>\n\t\t\t<footer>\n\t\t\t\t\n\t\t\t\t\t\t\t<\/footer>\n\t\t<\/div>\n\t<\/div>\n<\/div>\t\t\t\t\n\t\t\t\t\t\t\t\t\t<\/div>\n\t\t\t\t\t\t\t<\/div>\n\t\t\t\t\t\t\t\t\t\t\t\t\t\t<div class=\"wd-nav-arrows wd-pos-sep wd-hover-1 wd-icon-1\">\n\t\t\t<div class=\"wd-btn-arrow wd-prev wd-disabled\">\n\t\t\t\t<div class=\"wd-arrow-inner\"><\/div>\n\t\t\t<\/div>\n\t\t\t<div class=\"wd-btn-arrow wd-next\">\n\t\t\t\t<div class=\"wd-arrow-inner\"><\/div>\n\t\t\t<\/div>\n\t\t<\/div>\n\t\t\t\t\t\t\n\t\t\t\t<\/div>\n\n\t\t\t\t\t\t<div class=\"wd-nav-pagin-wrap text-center wd-style-shape wd-hide-md-sm wd-hide-sm\">\n\t\t\t<ul class=\"wd-nav-pagin\"><\/ul>\n\t\t<\/div>\n\t\t\t\t\t\t\t\t\t\t\t<\/div>\n\t\t\t\t\t\t<\/div>\n\t\t\t\t<\/div>\n\t\t\t\t\t<\/div>\n\t\t<\/div>\n\t\t\t\t\t<\/div>\n\t\t<\/section>\n\t\t\t\t<\/div>","protected":false},"excerpt":{"rendered":"<p>&#8220;<strong>Tem dificuldade em acalmar o seu beb\u00e9 para dormir?<\/strong> Descubra a solu\u00e7\u00e3o perfeita com o nosso inovador brinquedo de peixe para beb\u00e9s! Acalme o seu pequenino para dormir sem esfor\u00e7o. Compre agora e ganhe 30% OFF!\"<\/p>","protected":false},"featured_media":16066,"comment_status":"open","ping_status":"closed","template":"","meta":{"_acf_changed":false},"product_brand":[],"product_cat":[509],"product_tag":[673,672,670,671,669],"class_list":{"0":"post-16071","1":"product","2":"type-product","3":"status-publish","4":"has-post-thumbnail","6":"product_cat-best-baby-toys","7":"product_tag-baby-fish-toy","8":"product_tag-electric-moving-fish-toy","9":"product_tag-flopping-fish-toy-for-babies","10":"product_tag-moving-fish-toy-for-baby","11":"product_tag-patting-baby-to-sleep-toy","13":"first","14":"outofstock","15":"sale","16":"taxable","17":"shipping-taxable","18":"purchasable","19":"product-type-variable","20":"wvs-archive-product-wrapper"},"acf":[],"_links":{"self":[{"href":"https:\/\/babyvk.com\/pt\/wp-json\/wp\/v2\/product\/16071","targetHints":{"allow":["GET"]}}],"collection":[{"href":"https:\/\/babyvk.com\/pt\/wp-json\/wp\/v2\/product"}],"about":[{"href":"https:\/\/babyvk.com\/pt\/wp-json\/wp\/v2\/types\/product"}],"replies":[{"embeddable":true,"href":"https:\/\/babyvk.com\/pt\/wp-json\/wp\/v2\/comments?post=16071"}],"version-history":[{"count":2,"href":"https:\/\/babyvk.com\/pt\/wp-json\/wp\/v2\/product\/16071\/revisions"}],"predecessor-version":[{"id":24958,"href":"https:\/\/babyvk.com\/pt\/wp-json\/wp\/v2\/product\/16071\/revisions\/24958"}],"wp:featuredmedia":[{"embeddable":true,"href":"https:\/\/babyvk.com\/pt\/wp-json\/wp\/v2\/media\/16066"}],"wp:attachment":[{"href":"https:\/\/babyvk.com\/pt\/wp-json\/wp\/v2\/media?parent=16071"}],"wp:term":[{"taxonomy":"product_brand","embeddable":true,"href":"https:\/\/babyvk.com\/pt\/wp-json\/wp\/v2\/product_brand?post=16071"},{"taxonomy":"product_cat","embeddable":true,"href":"https:\/\/babyvk.com\/pt\/wp-json\/wp\/v2\/product_cat?post=16071"},{"taxonomy":"product_tag","embeddable":true,"href":"https:\/\/babyvk.com\/pt\/wp-json\/wp\/v2\/product_tag?post=16071"}],"curies":[{"name":"wp","href":"https:\/\/api.w.org\/{rel}","templated":true}]}}