{"id":15942,"date":"2023-07-24T17:12:45","date_gmt":"2023-07-24T17:12:45","guid":{"rendered":"https:\/\/babyvk.com\/?post_type=product&#038;p=15942"},"modified":"2025-03-10T20:03:33","modified_gmt":"2025-03-10T20:03:33","slug":"baby-panama-hat-sun-protection","status":"publish","type":"product","link":"https:\/\/babyvk.com\/pt\/product\/baby-panama-hat-sun-protection\/","title":{"rendered":"Chap\u00e9u Panam\u00e1 para beb\u00e9 Prote\u00e7\u00e3o solar"},"content":{"rendered":"<div data-elementor-type=\"product-post\" data-elementor-id=\"15942\" class=\"elementor elementor-15942\" data-elementor-post-type=\"product\">\n\t\t\t\t\t\t<section class=\"elementor-section elementor-top-section elementor-element elementor-element-19c208b elementor-section-boxed elementor-section-height-default elementor-section-height-default\" data-id=\"19c208b\" data-element_type=\"section\">\n\t\t\t\t\t\t<div class=\"elementor-container elementor-column-gap-default\">\n\t\t\t\t\t<div class=\"elementor-column elementor-col-100 elementor-top-column elementor-element elementor-element-6b967c0\" data-id=\"6b967c0\" data-element_type=\"column\">\n\t\t\t<div class=\"elementor-widget-wrap elementor-element-populated\">\n\t\t\t\t\t\t<div class=\"elementor-element elementor-element-2cf04dc elementor-widget elementor-widget-wd_text_block\" data-id=\"2cf04dc\" data-element_type=\"widget\" data-widget_type=\"wd_text_block.default\">\n\t\t\t\t<div class=\"elementor-widget-container\">\n\t\t\t\t\t\t\t<div class=\"wd-text-block reset-last-child text-left\">\n\t\t\t\n\t\t\t<p><strong>Descri\u00e7\u00e3o: <\/strong><\/p><p>Proteja o seu filho dos raios solares nocivos com o nosso chap\u00e9u de sol Baby Panama. O seu design garante o m\u00e1ximo conforto e estilo, tornando-o o acess\u00f3rio perfeito para os dias de sol. Mantenha o seu beb\u00e9 seguro e ador\u00e1vel onde quer que v\u00e1! \u2600\ufe0f\ud83d\udc76\ud83d\udc52<\/p>\n\t\t\t\t\t<\/div>\n\t\t\t\t\t\t<\/div>\n\t\t\t\t<\/div>\n\t\t\t\t<div class=\"elementor-element elementor-element-827d0fa elementor-widget elementor-widget-wd_text_block\" data-id=\"827d0fa\" data-element_type=\"widget\" data-widget_type=\"wd_text_block.default\">\n\t\t\t\t<div class=\"elementor-widget-container\">\n\t\t\t\t\t\t\t<div class=\"wd-text-block reset-last-child text-left\">\n\t\t\t\n\t\t\t<p><strong>Carater\u00edsticas:<\/strong><\/p><ol><li>Prote\u00e7\u00e3o solar: Os nossos chap\u00e9us de sol oferecem uma prote\u00e7\u00e3o UV superior, salvaguardando a pele delicada do seu beb\u00e9.<\/li><li>Material respir\u00e1vel: Fabricado com tecido leve e respir\u00e1vel, garante uma utiliza\u00e7\u00e3o confort\u00e1vel durante todo o dia.<\/li><li>Fita ajust\u00e1vel para o queixo: Garante que o chap\u00e9u se mant\u00e9m no seu beb\u00e9 durante as aventuras ao ar livre.<\/li><li>Design elegante: Os chap\u00e9us Panam\u00e1 da moda est\u00e3o dispon\u00edveis em v\u00e1rias cores para complementar qualquer roupa.<\/li><li>Pr\u00e1tico para transportar e embalar: Design dobr\u00e1vel para f\u00e1cil arruma\u00e7\u00e3o em sacos de fraldas ou carrinhos de beb\u00e9.<\/li><\/ol>\n\t\t\t\t\t<\/div>\n\t\t\t\t\t\t<\/div>\n\t\t\t\t<\/div>\n\t\t\t\t<div class=\"elementor-element elementor-element-4c91f64 elementor-widget elementor-widget-wd_text_block\" data-id=\"4c91f64\" data-element_type=\"widget\" data-widget_type=\"wd_text_block.default\">\n\t\t\t\t<div class=\"elementor-widget-container\">\n\t\t\t\t\t\t\t<div class=\"wd-text-block reset-last-child text-left\">\n\t\t\t\n\t\t\t<p><strong>Especifica\u00e7\u00f5es:<\/strong><\/p><ul><li>Nome: Chap\u00e9u Panam\u00e1 para Beb\u00e9 Prote\u00e7\u00e3o Solar<\/li><li>Material: Mistura de algod\u00e3o\/poli\u00e9ster<\/li><li>Tamanhos: 3-12 meses<\/li><li>Cores: Azul, Cinzento, Laranja, Rosa, Vermelho, Branco<\/li><\/ul><p><strong>Embalagem:<\/strong><\/p><ul><li>1 Chap\u00e9u Panam\u00e1 para beb\u00e9<\/li><\/ul>\n\t\t\t\t\t<\/div>\n\t\t\t\t\t\t<\/div>\n\t\t\t\t<\/div>\n\t\t\t\t<div class=\"elementor-element elementor-element-0942974 elementor-widget elementor-widget-wd_text_block\" data-id=\"0942974\" data-element_type=\"widget\" data-widget_type=\"wd_text_block.default\">\n\t\t\t\t<div class=\"elementor-widget-container\">\n\t\t\t\t\t\t\t<div class=\"wd-text-block reset-last-child text-left\">\n\t\t\t\n\t\t\t<p><strong>Precau\u00e7\u00f5es:<\/strong><\/p><ol><li>Por favor, permita um desvio de medi\u00e7\u00e3o de 1-3cm devido \u00e0 medi\u00e7\u00e3o manual.<\/li><li>Devido aos diferentes monitores e efeitos de luz, a cor real do artigo pode ser ligeiramente diferente da cor apresentada nas imagens.<\/li><\/ol>\n\t\t\t\t\t<\/div>\n\t\t\t\t\t\t<\/div>\n\t\t\t\t<\/div>\n\t\t\t\t\t<\/div>\n\t\t<\/div>\n\t\t\t\t\t<\/div>\n\t\t<\/section>\n\t\t\t\t<\/div>","protected":false},"excerpt":{"rendered":"<p>&#8220;<strong>Procura a prote\u00e7\u00e3o solar perfeita para o seu filho?<\/strong> Descubra o nosso chap\u00e9u de sol Panam\u00e1 para beb\u00e9 - a solu\u00e7\u00e3o ideal para proteger o seu beb\u00e9 dos raios UV nocivos. Compre agora com frete gr\u00e1tis e ganhe 30% OFF!<\/p>","protected":false},"featured_media":15939,"comment_status":"open","ping_status":"closed","template":"","meta":{"_acf_changed":false},"product_brand":[],"product_cat":[32],"product_tag":[648,652,650,653,649,647,651],"class_list":{"0":"post-15942","1":"product","2":"type-product","3":"status-publish","4":"has-post-thumbnail","6":"product_cat-best-baby-clothing","7":"product_tag-baby-beach-hat","8":"product_tag-baby-bucket-hat","9":"product_tag-baby-panama-cap","10":"product_tag-baby-panama-hat","11":"product_tag-baby-sun-hat","12":"product_tag-infant-sun-cap","13":"product_tag-infant-sun-hat","15":"first","16":"instock","17":"sale","18":"taxable","19":"shipping-taxable","20":"purchasable","21":"product-type-variable","22":"wvs-archive-product-wrapper"},"acf":[],"_links":{"self":[{"href":"https:\/\/babyvk.com\/pt\/wp-json\/wp\/v2\/product\/15942","targetHints":{"allow":["GET"]}}],"collection":[{"href":"https:\/\/babyvk.com\/pt\/wp-json\/wp\/v2\/product"}],"about":[{"href":"https:\/\/babyvk.com\/pt\/wp-json\/wp\/v2\/types\/product"}],"replies":[{"embeddable":true,"href":"https:\/\/babyvk.com\/pt\/wp-json\/wp\/v2\/comments?post=15942"}],"version-history":[{"count":0,"href":"https:\/\/babyvk.com\/pt\/wp-json\/wp\/v2\/product\/15942\/revisions"}],"wp:featuredmedia":[{"embeddable":true,"href":"https:\/\/babyvk.com\/pt\/wp-json\/wp\/v2\/media\/15939"}],"wp:attachment":[{"href":"https:\/\/babyvk.com\/pt\/wp-json\/wp\/v2\/media?parent=15942"}],"wp:term":[{"taxonomy":"product_brand","embeddable":true,"href":"https:\/\/babyvk.com\/pt\/wp-json\/wp\/v2\/product_brand?post=15942"},{"taxonomy":"product_cat","embeddable":true,"href":"https:\/\/babyvk.com\/pt\/wp-json\/wp\/v2\/product_cat?post=15942"},{"taxonomy":"product_tag","embeddable":true,"href":"https:\/\/babyvk.com\/pt\/wp-json\/wp\/v2\/product_tag?post=15942"}],"curies":[{"name":"wp","href":"https:\/\/api.w.org\/{rel}","templated":true}]}}