{"id":15875,"date":"2023-07-20T18:27:11","date_gmt":"2023-07-20T18:27:11","guid":{"rendered":"https:\/\/babyvk.com\/?post_type=product&#038;p=15875"},"modified":"2025-04-02T19:13:30","modified_gmt":"2025-04-02T19:13:30","slug":"baby-head-protectors-for-crawling-walking","status":"publish","type":"product","link":"https:\/\/babyvk.com\/pt\/product\/baby-head-protectors-for-crawling-walking\/","title":{"rendered":"Protectores de cabe\u00e7a para beb\u00e9s"},"content":{"rendered":"<div data-elementor-type=\"product-post\" data-elementor-id=\"15875\" class=\"elementor elementor-15875\" data-elementor-post-type=\"product\">\n\t\t\t\t\t\t<section class=\"elementor-section elementor-top-section elementor-element elementor-element-a804ea6 elementor-section-boxed elementor-section-height-default elementor-section-height-default\" data-id=\"a804ea6\" data-element_type=\"section\">\n\t\t\t\t\t\t<div class=\"elementor-container elementor-column-gap-default\">\n\t\t\t\t\t<div class=\"elementor-column elementor-col-100 elementor-top-column elementor-element elementor-element-9c57e57\" data-id=\"9c57e57\" data-element_type=\"column\">\n\t\t\t<div class=\"elementor-widget-wrap elementor-element-populated\">\n\t\t\t\t\t\t<div class=\"elementor-element elementor-element-1d780c6 elementor-widget elementor-widget-wd_text_block\" data-id=\"1d780c6\" data-element_type=\"widget\" data-widget_type=\"wd_text_block.default\">\n\t\t\t\t<div class=\"elementor-widget-container\">\n\t\t\t\t\t\t\t<div class=\"wd-text-block reset-last-child text-center\">\n\t\t\t\n\t\t\t<p><span style=\"font-size: 14pt;\"><strong>Ainda est\u00e1 preocupada com a possibilidade de o seu beb\u00e9 cair e se magoar enquanto gatinha ou aprende a andar?<\/strong><\/span><\/p><p>Nossos protetores de cabe\u00e7a de beb\u00ea oferecem cobertura de 360 \u00b0, protegendo suas preciosas cabe\u00e7as de solavancos e quedas, dando \u00e0s m\u00e3es paz de esp\u00edrito. \ud83e\udde1\ud83d\ude0a<\/p>\n\t\t\t\t\t<\/div>\n\t\t\t\t\t\t<\/div>\n\t\t\t\t<\/div>\n\t\t\t\t\t<\/div>\n\t\t<\/div>\n\t\t\t\t\t<\/div>\n\t\t<\/section>\n\t\t\t\t<section class=\"elementor-section elementor-top-section elementor-element elementor-element-47f63bc elementor-section-boxed elementor-section-height-default elementor-section-height-default\" data-id=\"47f63bc\" data-element_type=\"section\">\n\t\t\t\t\t\t<div class=\"elementor-container elementor-column-gap-default\">\n\t\t\t\t\t<div class=\"elementor-column elementor-col-100 elementor-top-column elementor-element elementor-element-0694a3e\" data-id=\"0694a3e\" data-element_type=\"column\">\n\t\t\t<div class=\"elementor-widget-wrap elementor-element-populated\">\n\t\t\t\t\t\t<div class=\"elementor-element elementor-element-b9403d8 elementor-widget elementor-widget-wd_image_or_svg\" data-id=\"b9403d8\" data-element_type=\"widget\" data-widget_type=\"wd_image_or_svg.default\">\n\t\t\t\t<div class=\"elementor-widget-container\">\n\t\t\t\t\t\n\t\t<div class=\"wd-image text-center\">\n\t\t\t\t\t\t\t\t<img fetchpriority=\"high\" decoding=\"async\" width=\"960\" height=\"508\" src=\"https:\/\/babyvk.com\/wp-content\/uploads\/2023\/07\/helmet-for-babies-learning-to-walk.webp\" class=\"attachment-full size-full wvs-archive-product-image\" alt=\"protetor de cabe\u00e7a para o beb\u00e9 andar\" srcset=\"https:\/\/babyvk.com\/wp-content\/uploads\/2023\/07\/helmet-for-babies-learning-to-walk.webp 960w, https:\/\/babyvk.com\/wp-content\/uploads\/2023\/07\/helmet-for-babies-learning-to-walk-30x16.webp 30w, https:\/\/babyvk.com\/wp-content\/uploads\/2023\/07\/helmet-for-babies-learning-to-walk-400x212.webp 400w, https:\/\/babyvk.com\/wp-content\/uploads\/2023\/07\/helmet-for-babies-learning-to-walk-768x406.webp 768w, https:\/\/babyvk.com\/wp-content\/uploads\/2023\/07\/helmet-for-babies-learning-to-walk-860x455.webp 860w, https:\/\/babyvk.com\/wp-content\/uploads\/2023\/07\/helmet-for-babies-learning-to-walk-500x265.webp 500w, https:\/\/babyvk.com\/wp-content\/uploads\/2023\/07\/helmet-for-babies-learning-to-walk-430x228.webp 430w, https:\/\/babyvk.com\/wp-content\/uploads\/2023\/07\/helmet-for-babies-learning-to-walk-700x370.webp 700w\" sizes=\"(max-width: 960px) 100vw, 960px\" title=\"\">\t\t\t\t\t<\/div>\n\n\t\t\t\t\t\t<\/div>\n\t\t\t\t<\/div>\n\t\t\t\t\t<\/div>\n\t\t<\/div>\n\t\t\t\t\t<\/div>\n\t\t<\/section>\n\t\t\t\t<section class=\"elementor-section elementor-top-section elementor-element elementor-element-4399824 elementor-section-boxed elementor-section-height-default elementor-section-height-default\" data-id=\"4399824\" data-element_type=\"section\">\n\t\t\t\t\t\t<div class=\"elementor-container elementor-column-gap-default\">\n\t\t\t\t\t<div class=\"elementor-column elementor-col-100 elementor-top-column elementor-element elementor-element-e6191ab\" data-id=\"e6191ab\" data-element_type=\"column\">\n\t\t\t<div class=\"elementor-widget-wrap elementor-element-populated\">\n\t\t\t\t\t\t<div class=\"elementor-element elementor-element-a82586a elementor-widget elementor-widget-wd_text_block\" data-id=\"a82586a\" data-element_type=\"widget\" data-widget_type=\"wd_text_block.default\">\n\t\t\t\t<div class=\"elementor-widget-container\">\n\t\t\t\t\t\t\t<div class=\"wd-text-block reset-last-child text-left\">\n\t\t\t\n\t\t\t<h2>Carater\u00edsticas:<\/h2><ol><li>\ud835\uddd9\ud835\ude02\ud835\uddf9\ud835\uddf9 \ud835\udddb\ud835\uddf2\ud835\uddee\ud835\uddf1 \ud835\uddd6\ud835\uddfc\ud835\ude03\ud835\uddf2\ud835\uddff\ud835\uddee\ud835\uddf4\ud835\uddf2: A prote\u00e7\u00e3o de 360\u00b0 com fortes materiais absorventes de choques evita os incha\u00e7os e contus\u00f5es provocados pelas quedas. <\/li><li>\ud835\udde6\ud835\uddee\ud835\uddf3\ud835\uddf2 \ud835\uddf3\ud835\uddfc\ud835\uddff \ud835\uddd5\ud835\uddee\ud835\uddef\ud835\ude06'\ud835\ude00 \ud835\uddd7\ud835\uddf2\ud835\uddf9\ud835\uddf6\ud835\uddf0\ud835\uddee\ud835\ude01\ud835\uddf2 \ud835\udde6\ud835\uddf8\ud835\uddf6\ud835\uddfb: Materiais amigos da pele, n\u00e3o t\u00f3xicos e resistentes ao suor para a pele delicada do beb\u00e9. F\u00e1cil de limpar sem deformar. <\/li><li>\ud835\uddd4\ud835\uddf1\ud835\uddf7\ud835\ude02\ud835\ude00\ud835\ude01\ud835\uddee\ud835\uddef\ud835\uddf9\ud835\uddf2 \ud835\uddf3\ud835\uddfc\ud835\uddff \ud835\uddd4\ud835\uddfb\ud835\ude06 \ud835\uddd5\ud835\uddee\ud835\uddef\ud835\ude06: Adapta-se a 16,5-21 polegadas de circunfer\u00eancia da cabe\u00e7a, 1 polegada de espessura. Ideal para beb\u00e9s dos 6 aos 36 meses. <\/li><li>\ud835\udde7\ud835\uddf5\ud835\uddfc\ud835\uddff\ud835\uddfc\ud835\ude02\ud835\uddf4\ud835\uddf5\ud835\uddf9\ud835\ude06 \ud835\udde7\ud835\uddf2\ud835\ude00\ud835\ude01\ud835\uddf2\ud835\uddf1 \ud835\uddee\ud835\uddfb\ud835\uddf1 \ud835\uddd6\ud835\uddfc\ud835\uddfa\ud835\uddfd\ud835\uddf9\ud835\uddf6\ud835\uddee\ud835\uddfb\ud835\uddf0\ud835\uddf2: Completamente testado e certificado pela CPSIA, garantindo a m\u00e1xima seguran\u00e7a para os seus preciosos pequeninos. <\/li><li>\ud835\udde6\ud835\ude02\ud835\uddf6\ud835\ude01\ud835\uddee\ud835\uddef\ud835\uddf9\ud835\uddf2 \ud835\uddf3\ud835\uddfc\ud835\uddff \ud835\uddee\ud835\uddfb\ud835\ude06 \ud835\ude00\ud835\uddf0\ud835\uddf2\ud835\uddfb\ud835\uddee\ud835\uddff\ud835\uddf6\ud835\uddfc: Design leve (apenas 20g) e tamanho ajust\u00e1vel para um ajuste confort\u00e1vel sem qualquer desconforto. \ud83d\udd4a\ufe0f\ud83d\udc4d<\/li><\/ol>\n\t\t\t\t\t<\/div>\n\t\t\t\t\t\t<\/div>\n\t\t\t\t<\/div>\n\t\t\t\t\t<\/div>\n\t\t<\/div>\n\t\t\t\t\t<\/div>\n\t\t<\/section>\n\t\t\t\t<section class=\"elementor-section elementor-top-section elementor-element elementor-element-6fa7156 elementor-section-boxed elementor-section-height-default elementor-section-height-default\" data-id=\"6fa7156\" data-element_type=\"section\">\n\t\t\t\t\t\t<div class=\"elementor-container elementor-column-gap-default\">\n\t\t\t\t\t<div class=\"elementor-column elementor-col-100 elementor-top-column elementor-element elementor-element-408e9cc\" data-id=\"408e9cc\" data-element_type=\"column\">\n\t\t\t<div class=\"elementor-widget-wrap elementor-element-populated\">\n\t\t\t\t\t\t<div class=\"elementor-element elementor-element-f8893b5 elementor-widget elementor-widget-wd_image_or_svg\" data-id=\"f8893b5\" data-element_type=\"widget\" data-widget_type=\"wd_image_or_svg.default\">\n\t\t\t\t<div class=\"elementor-widget-container\">\n\t\t\t\t\t\n\t\t<div class=\"wd-image text-center\">\n\t\t\t\t\t\t\t\t<img decoding=\"async\" width=\"960\" height=\"332\" src=\"https:\/\/babyvk.com\/wp-content\/uploads\/2023\/07\/baby-crawling-helmet.webp\" class=\"attachment-full size-full wvs-archive-product-image\" alt=\"capacete de seguran\u00e7a para beb\u00e9s\" srcset=\"https:\/\/babyvk.com\/wp-content\/uploads\/2023\/07\/baby-crawling-helmet.webp 960w, https:\/\/babyvk.com\/wp-content\/uploads\/2023\/07\/baby-crawling-helmet-30x10.webp 30w, https:\/\/babyvk.com\/wp-content\/uploads\/2023\/07\/baby-crawling-helmet-400x138.webp 400w, https:\/\/babyvk.com\/wp-content\/uploads\/2023\/07\/baby-crawling-helmet-768x266.webp 768w, https:\/\/babyvk.com\/wp-content\/uploads\/2023\/07\/baby-crawling-helmet-860x297.webp 860w, https:\/\/babyvk.com\/wp-content\/uploads\/2023\/07\/baby-crawling-helmet-500x173.webp 500w, https:\/\/babyvk.com\/wp-content\/uploads\/2023\/07\/baby-crawling-helmet-430x149.webp 430w, https:\/\/babyvk.com\/wp-content\/uploads\/2023\/07\/baby-crawling-helmet-700x242.webp 700w\" sizes=\"(max-width: 960px) 100vw, 960px\" title=\"\">\t\t\t\t\t<\/div>\n\n\t\t\t\t\t\t<\/div>\n\t\t\t\t<\/div>\n\t\t\t\t\t<\/div>\n\t\t<\/div>\n\t\t\t\t\t<\/div>\n\t\t<\/section>\n\t\t\t\t<section class=\"elementor-section elementor-top-section elementor-element elementor-element-4dc87d5 elementor-section-boxed elementor-section-height-default elementor-section-height-default\" data-id=\"4dc87d5\" data-element_type=\"section\">\n\t\t\t\t\t\t<div class=\"elementor-container elementor-column-gap-default\">\n\t\t\t\t\t<div class=\"elementor-column elementor-col-100 elementor-top-column elementor-element elementor-element-f352b0c\" data-id=\"f352b0c\" data-element_type=\"column\">\n\t\t\t<div class=\"elementor-widget-wrap elementor-element-populated\">\n\t\t\t\t\t\t<div class=\"elementor-element elementor-element-33d6b8b elementor-widget elementor-widget-wd_text_block\" data-id=\"33d6b8b\" data-element_type=\"widget\" data-widget_type=\"wd_text_block.default\">\n\t\t\t\t<div class=\"elementor-widget-container\">\n\t\t\t\t\t\t\t<div class=\"wd-text-block reset-last-child text-left\">\n\t\t\t\n\t\t\t<h2>Especifica\u00e7\u00f5es:<\/h2><ul><li>Material: Algod\u00e3o de alta qualidade + esponja de alta elasticidade<\/li><li>Tamanho: 40x40x53CM<\/li><li>Peso: 20g<\/li><li>Faixa et\u00e1ria: 6-36 meses<\/li><li>O pacote inclui: 1 x protetor de cabe\u00e7a para beb\u00e9<\/li><\/ul>\n\t\t\t\t\t<\/div>\n\t\t\t\t\t\t<\/div>\n\t\t\t\t<\/div>\n\t\t\t\t<div class=\"elementor-element elementor-element-6917033 elementor-widget elementor-widget-wd_image_or_svg\" data-id=\"6917033\" data-element_type=\"widget\" data-widget_type=\"wd_image_or_svg.default\">\n\t\t\t\t<div class=\"elementor-widget-container\">\n\t\t\t\t\t\n\t\t<div class=\"wd-image text-left\">\n\t\t\t\t\t\t\t\t<img decoding=\"async\" width=\"800\" height=\"800\" src=\"https:\/\/babyvk.com\/wp-content\/uploads\/2023\/07\/helmet-for-baby-head-protection.webp\" class=\"attachment-full size-full wvs-archive-product-image\" alt=\"protetor de cabe\u00e7a para beb\u00e9\" srcset=\"https:\/\/babyvk.com\/wp-content\/uploads\/2023\/07\/helmet-for-baby-head-protection.webp 800w, https:\/\/babyvk.com\/wp-content\/uploads\/2023\/07\/helmet-for-baby-head-protection-30x30.webp 30w, https:\/\/babyvk.com\/wp-content\/uploads\/2023\/07\/helmet-for-baby-head-protection-50x50.webp 50w, https:\/\/babyvk.com\/wp-content\/uploads\/2023\/07\/helmet-for-baby-head-protection-100x100.webp 100w, https:\/\/babyvk.com\/wp-content\/uploads\/2023\/07\/helmet-for-baby-head-protection-150x150.webp 150w, https:\/\/babyvk.com\/wp-content\/uploads\/2023\/07\/helmet-for-baby-head-protection-300x300.webp 300w, https:\/\/babyvk.com\/wp-content\/uploads\/2023\/07\/helmet-for-baby-head-protection-768x768.webp 768w, https:\/\/babyvk.com\/wp-content\/uploads\/2023\/07\/helmet-for-baby-head-protection-500x500.webp 500w, https:\/\/babyvk.com\/wp-content\/uploads\/2023\/07\/helmet-for-baby-head-protection-430x430.webp 430w, https:\/\/babyvk.com\/wp-content\/uploads\/2023\/07\/helmet-for-baby-head-protection-700x700.webp 700w\" sizes=\"(max-width: 800px) 100vw, 800px\" title=\"\">\t\t\t\t\t<\/div>\n\n\t\t\t\t\t\t<\/div>\n\t\t\t\t<\/div>\n\t\t\t\t<div class=\"elementor-element elementor-element-1e1095b elementor-widget elementor-widget-wd_text_block\" data-id=\"1e1095b\" data-element_type=\"widget\" data-widget_type=\"wd_text_block.default\">\n\t\t\t\t<div class=\"elementor-widget-container\">\n\t\t\t\t\t\t\t<div class=\"wd-text-block reset-last-child text-left\">\n\t\t\t\n\t\t\t<h2>Notas:<\/h2><ul><li>O nosso produto utiliza materiais de alta qualidade para uma prote\u00e7\u00e3o m\u00e1xima. Cuidado com as alternativas de baixo pre\u00e7o no mercado que podem comprometer a seguran\u00e7a.<\/li><li>A l\u00e3 de seda N\u00c3O \u00e9 utilizada no nosso produto para reduzir os custos, garantindo a melhor prote\u00e7\u00e3o para a cabe\u00e7a do seu beb\u00e9.<\/li><\/ul>\n\t\t\t\t\t<\/div>\n\t\t\t\t\t\t<\/div>\n\t\t\t\t<\/div>\n\t\t\t\t\t<\/div>\n\t\t<\/div>\n\t\t\t\t\t<\/div>\n\t\t<\/section>\n\t\t\t\t<section class=\"wd-negative-gap elementor-section elementor-top-section elementor-element elementor-element-19fd586 elementor-section-boxed elementor-section-height-default elementor-section-height-default\" data-id=\"19fd586\" data-element_type=\"section\">\n\t\t\t\t\t\t<div class=\"elementor-container elementor-column-gap-default\">\n\t\t\t\t\t<div class=\"elementor-column elementor-col-100 elementor-top-column elementor-element elementor-element-2449ddb\" data-id=\"2449ddb\" data-element_type=\"column\">\n\t\t\t<div class=\"elementor-widget-wrap elementor-element-populated\">\n\t\t\t\t\t\t<div class=\"elementor-element elementor-element-68557ca wd-width-100 elementor-widget elementor-widget-wd_title\" data-id=\"68557ca\" data-element_type=\"widget\" data-widget_type=\"wd_title.default\">\n\t\t\t\t<div class=\"elementor-widget-container\">\n\t\t\t\t\t\t\t<div class=\"title-wrapper wd-set-mb reset-last-child wd-title-color-default wd-title-style-default wd-title-size-default text-center\">\n\n\t\t\t\t\t\t\t\t\t\t\t<div class=\"title-subtitle subtitle-color-default subtitle-style-default wd-fontsize-xs\">\n\t\t\t\t\tVER O NOSSO ESPECT\u00c1CULO REAL\t\t\t\t<\/div>\n\t\t\t\n\t\t\t<div class=\"liner-continer\">\n\t\t\t\t<h4 class=\"woodmart-title-container title wd-fontsize-l\">O nosso pequeno v\u00eddeo<\/h4> \n\t\t\t\t\t\t\t<\/div>\n\n\t\t\t\t\t\t\t<div class=\"title-after_title reset-last-child wd-fontsize-xs\">\n\t\t\t\t\t<p>Mostrar o cen\u00e1rio de utiliza\u00e7\u00e3o do produto, para lhe dar a conhecer mais pormenores.<\/p>\t\t\t\t<\/div>\n\t\t\t\t\t<\/div>\n\t\t\t\t\t\t<\/div>\n\t\t\t\t<\/div>\n\t\t\t\t<div class=\"elementor-element elementor-element-d4ec4a0 elementor-widget elementor-widget-wd_testimonials\" data-id=\"d4ec4a0\" data-element_type=\"widget\" data-widget_type=\"wd_testimonials.default\">\n\t\t\t\t<div class=\"elementor-widget-container\">\n\t\t\t\t\t\t\t<div class=\"testimonials testimon-style-standard  color-scheme- testimon-align-center wd-carousel-container\" id=\"carousel-9293\">\n\t\t\t\t\t\t\t<div class=\"wd-carousel-inner\">\n\t\t\t\n\t\t\t<div class=\"wd-carousel wd-grid\" data-scroll_per_page=\"yes\" style=\"--wd-col-lg:2;--wd-col-md:2;--wd-col-sm:1;--wd-gap-lg:30px;--wd-gap-sm:10px;\">\n\t\t\t\t\t\t\t\t\t<div class=\"wd-carousel-wrap\">\n\t\t\t\t\n\t\t\t\t\t\t\t\t\t\n<div class=\"testimonial wd-carousel-item\">\n\t<div class=\"testimonial-inner\">\n\t\t\n\t\t<div class=\"testimonial-content\">\n\t\t\t<div class=\"testimonial-rating\">\n\t\t\t\t<span class=\"star-rating\">\n\t\t\t\t\t<span style=\"width:100%\"><\/span>\n\t\t\t\t<\/span>\n\t\t\t<\/div>\n\n\t\t\t<p><iframe  id=\"_ytid_19158\"  width=\"800\" height=\"450\"  data-origwidth=\"800\" data-origheight=\"450\"  data-relstop=\"1\" src=\"https:\/\/www.youtube.com\/embed\/VmHvKULu_Rc?enablejsapi=1&autoplay=0&cc_load_policy=1&cc_lang_pref=&iv_load_policy=3&loop=0&rel=0&fs=1&playsinline=0&autohide=2&theme=dark&color=red&controls=1&disablekb=0&\" class=\"__youtube_prefs__  no-lazyload\" title=\"Leitor do YouTube\"  allow=\"fullscreen; accelerometer; autoplay; clipboard-write; encrypted-media; gyroscope; picture-in-picture; web-share\" referrerpolicy=\"strict-origin-when-cross-origin\" allowfullscreen data-no-lazy=\"1\" data-skipgform_ajax_framebjll=\"\"><\/iframe><\/p>\n\t\t\t<footer>\n\t\t\t\t\n\t\t\t\t\t\t\t<\/footer>\n\t\t<\/div>\n\t<\/div>\n<\/div>\t\t\t\t\t\t\t\t\t\n<div class=\"testimonial wd-carousel-item\">\n\t<div class=\"testimonial-inner\">\n\t\t\n\t\t<div class=\"testimonial-content\">\n\t\t\t<div class=\"testimonial-rating\">\n\t\t\t\t<span class=\"star-rating\">\n\t\t\t\t\t<span style=\"width:100%\"><\/span>\n\t\t\t\t<\/span>\n\t\t\t<\/div>\n\n\t\t\t<p><iframe  id=\"_ytid_45079\"  width=\"800\" height=\"450\"  data-origwidth=\"800\" data-origheight=\"450\"  data-relstop=\"1\" src=\"https:\/\/www.youtube.com\/embed\/692i_aD9vj8?enablejsapi=1&autoplay=0&cc_load_policy=1&cc_lang_pref=&iv_load_policy=3&loop=0&rel=0&fs=1&playsinline=0&autohide=2&theme=dark&color=red&controls=1&disablekb=0&\" class=\"__youtube_prefs__  no-lazyload\" title=\"Leitor do YouTube\"  allow=\"fullscreen; accelerometer; autoplay; clipboard-write; encrypted-media; gyroscope; picture-in-picture; web-share\" referrerpolicy=\"strict-origin-when-cross-origin\" allowfullscreen data-no-lazy=\"1\" data-skipgform_ajax_framebjll=\"\"><\/iframe><\/p>\n\t\t\t<footer>\n\t\t\t\t\n\t\t\t\t\t\t\t<\/footer>\n\t\t<\/div>\n\t<\/div>\n<\/div>\t\t\t\t\t\t\t\t\t\n<div class=\"testimonial wd-carousel-item\">\n\t<div class=\"testimonial-inner\">\n\t\t\n\t\t<div class=\"testimonial-content\">\n\t\t\t<div class=\"testimonial-rating\">\n\t\t\t\t<span class=\"star-rating\">\n\t\t\t\t\t<span style=\"width:100%\"><\/span>\n\t\t\t\t<\/span>\n\t\t\t<\/div>\n\n\t\t\t<p><iframe  id=\"_ytid_36788\"  width=\"800\" height=\"450\"  data-origwidth=\"800\" data-origheight=\"450\"  data-relstop=\"1\" src=\"https:\/\/www.youtube.com\/embed\/uO_xgTeB8sQ?enablejsapi=1&autoplay=0&cc_load_policy=1&cc_lang_pref=&iv_load_policy=3&loop=0&rel=0&fs=1&playsinline=0&autohide=2&theme=dark&color=red&controls=1&disablekb=0&\" class=\"__youtube_prefs__  no-lazyload\" title=\"Leitor do YouTube\"  allow=\"fullscreen; accelerometer; autoplay; clipboard-write; encrypted-media; gyroscope; picture-in-picture; web-share\" referrerpolicy=\"strict-origin-when-cross-origin\" allowfullscreen data-no-lazy=\"1\" data-skipgform_ajax_framebjll=\"\"><\/iframe><\/p>\n\t\t\t<footer>\n\t\t\t\t\n\t\t\t\t\t\t\t<\/footer>\n\t\t<\/div>\n\t<\/div>\n<\/div>\t\t\t\t\t\t\t\t\t\n<div class=\"testimonial wd-carousel-item\">\n\t<div class=\"testimonial-inner\">\n\t\t\n\t\t<div class=\"testimonial-content\">\n\t\t\t<div class=\"testimonial-rating\">\n\t\t\t\t<span class=\"star-rating\">\n\t\t\t\t\t<span style=\"width:100%\"><\/span>\n\t\t\t\t<\/span>\n\t\t\t<\/div>\n\n\t\t\t<p><iframe  id=\"_ytid_80297\"  width=\"800\" height=\"450\"  data-origwidth=\"800\" data-origheight=\"450\"  data-relstop=\"1\" src=\"https:\/\/www.youtube.com\/embed\/tVXd7nD4uHk?enablejsapi=1&autoplay=0&cc_load_policy=1&cc_lang_pref=&iv_load_policy=3&loop=0&rel=0&fs=1&playsinline=0&autohide=2&theme=dark&color=red&controls=1&disablekb=0&\" class=\"__youtube_prefs__  no-lazyload\" title=\"Leitor do YouTube\"  allow=\"fullscreen; accelerometer; autoplay; clipboard-write; encrypted-media; gyroscope; picture-in-picture; web-share\" referrerpolicy=\"strict-origin-when-cross-origin\" allowfullscreen data-no-lazy=\"1\" data-skipgform_ajax_framebjll=\"\"><\/iframe><\/p>\n\t\t\t<footer>\n\t\t\t\t\n\t\t\t\t\t\t\t<\/footer>\n\t\t<\/div>\n\t<\/div>\n<\/div>\t\t\t\t\t\t\t\t\t\n<div class=\"testimonial wd-carousel-item\">\n\t<div class=\"testimonial-inner\">\n\t\t\n\t\t<div class=\"testimonial-content\">\n\t\t\t<div class=\"testimonial-rating\">\n\t\t\t\t<span class=\"star-rating\">\n\t\t\t\t\t<span style=\"width:100%\"><\/span>\n\t\t\t\t<\/span>\n\t\t\t<\/div>\n\n\t\t\t<p><iframe  id=\"_ytid_97734\"  width=\"800\" height=\"450\"  data-origwidth=\"800\" data-origheight=\"450\"  data-relstop=\"1\" src=\"https:\/\/www.youtube.com\/embed\/T9lfO0HQzQc?enablejsapi=1&autoplay=0&cc_load_policy=1&cc_lang_pref=&iv_load_policy=3&loop=0&rel=0&fs=1&playsinline=0&autohide=2&theme=dark&color=red&controls=1&disablekb=0&\" class=\"__youtube_prefs__  no-lazyload\" title=\"Leitor do YouTube\"  allow=\"fullscreen; accelerometer; autoplay; clipboard-write; encrypted-media; gyroscope; picture-in-picture; web-share\" referrerpolicy=\"strict-origin-when-cross-origin\" allowfullscreen data-no-lazy=\"1\" data-skipgform_ajax_framebjll=\"\"><\/iframe><\/p>\n\t\t\t<footer>\n\t\t\t\t\n\t\t\t\t\t\t\t<\/footer>\n\t\t<\/div>\n\t<\/div>\n<\/div>\t\t\t\t\n\t\t\t\t\t\t\t\t\t<\/div>\n\t\t\t\t\t\t\t<\/div>\n\t\t\t\t\t\t\t\t\t\t\t\t\t\t<div class=\"wd-nav-arrows wd-pos-sep wd-hover-1 wd-icon-1\">\n\t\t\t<div class=\"wd-btn-arrow wd-prev wd-disabled\">\n\t\t\t\t<div class=\"wd-arrow-inner\"><\/div>\n\t\t\t<\/div>\n\t\t\t<div class=\"wd-btn-arrow wd-next\">\n\t\t\t\t<div class=\"wd-arrow-inner\"><\/div>\n\t\t\t<\/div>\n\t\t<\/div>\n\t\t\t\t\t\t\n\t\t\t\t<\/div>\n\n\t\t\t\t\t\t<div class=\"wd-nav-pagin-wrap text-center wd-style-shape wd-hide-md-sm wd-hide-sm\">\n\t\t\t<ul class=\"wd-nav-pagin\"><\/ul>\n\t\t<\/div>\n\t\t\t\t\t\t\t\t\t\t\t<\/div>\n\t\t\t\t\t\t<\/div>\n\t\t\t\t<\/div>\n\t\t\t\t\t<\/div>\n\t\t<\/div>\n\t\t\t\t\t<\/div>\n\t\t<\/section>\n\t\t\t\t<\/div>","protected":false},"excerpt":{"rendered":"<p>&#8220;<strong>Preocupado com a seguran\u00e7a do seu beb\u00e9 enquanto gatinha ou anda?<\/strong> Os nossos protectores de cabe\u00e7a para beb\u00e9s para andar a gatinhar fornecem a solu\u00e7\u00e3o perfeita, garantindo que o seu pequeno explora com confian\u00e7a. Compre agora para envio gratuito e obtenha 30% OFF!<\/p>","protected":false},"featured_media":15879,"comment_status":"open","ping_status":"closed","template":"","meta":{"_acf_changed":false},"product_brand":[],"product_cat":[32],"product_tag":[641,638,639,640],"class_list":{"0":"post-15875","1":"product","2":"type-product","3":"status-publish","4":"has-post-thumbnail","6":"product_cat-best-baby-clothing","7":"product_tag-baby-head-protectors","8":"product_tag-baby-helmet-for-crawling-walking","9":"product_tag-head-protection-for-baby","10":"product_tag-head-protector-for-baby-walking","12":"first","13":"instock","14":"sale","15":"taxable","16":"shipping-taxable","17":"purchasable","18":"product-type-variable","19":"wvs-archive-product-wrapper"},"acf":[],"_links":{"self":[{"href":"https:\/\/babyvk.com\/pt\/wp-json\/wp\/v2\/product\/15875","targetHints":{"allow":["GET"]}}],"collection":[{"href":"https:\/\/babyvk.com\/pt\/wp-json\/wp\/v2\/product"}],"about":[{"href":"https:\/\/babyvk.com\/pt\/wp-json\/wp\/v2\/types\/product"}],"replies":[{"embeddable":true,"href":"https:\/\/babyvk.com\/pt\/wp-json\/wp\/v2\/comments?post=15875"}],"version-history":[{"count":0,"href":"https:\/\/babyvk.com\/pt\/wp-json\/wp\/v2\/product\/15875\/revisions"}],"wp:featuredmedia":[{"embeddable":true,"href":"https:\/\/babyvk.com\/pt\/wp-json\/wp\/v2\/media\/15879"}],"wp:attachment":[{"href":"https:\/\/babyvk.com\/pt\/wp-json\/wp\/v2\/media?parent=15875"}],"wp:term":[{"taxonomy":"product_brand","embeddable":true,"href":"https:\/\/babyvk.com\/pt\/wp-json\/wp\/v2\/product_brand?post=15875"},{"taxonomy":"product_cat","embeddable":true,"href":"https:\/\/babyvk.com\/pt\/wp-json\/wp\/v2\/product_cat?post=15875"},{"taxonomy":"product_tag","embeddable":true,"href":"https:\/\/babyvk.com\/pt\/wp-json\/wp\/v2\/product_tag?post=15875"}],"curies":[{"name":"wp","href":"https:\/\/api.w.org\/{rel}","templated":true}]}}