{"id":15822,"date":"2023-07-20T08:18:06","date_gmt":"2023-07-20T08:18:06","guid":{"rendered":"https:\/\/babyvk.com\/?post_type=product&#038;p=15822"},"modified":"2025-03-21T14:51:50","modified_gmt":"2025-03-21T14:51:50","slug":"baby-shower-cap-waterproof-shampoo-hat","status":"publish","type":"product","link":"https:\/\/babyvk.com\/pt\/product\/baby-shower-cap-waterproof-shampoo-hat\/","title":{"rendered":"Touca de banho para beb\u00e9 Chap\u00e9u de champ\u00f4 imperme\u00e1vel"},"content":{"rendered":"<div data-elementor-type=\"product-post\" data-elementor-id=\"15822\" class=\"elementor elementor-15822\" data-elementor-post-type=\"product\">\n\t\t\t\t\t\t<section class=\"elementor-section elementor-top-section elementor-element elementor-element-7023f4c elementor-section-boxed elementor-section-height-default elementor-section-height-default\" data-id=\"7023f4c\" data-element_type=\"section\">\n\t\t\t\t\t\t<div class=\"elementor-container elementor-column-gap-default\">\n\t\t\t\t\t<div class=\"elementor-column elementor-col-100 elementor-top-column elementor-element elementor-element-e8b5d87\" data-id=\"e8b5d87\" data-element_type=\"column\">\n\t\t\t<div class=\"elementor-widget-wrap elementor-element-populated\">\n\t\t\t\t\t\t<div class=\"elementor-element elementor-element-d7fc994 elementor-widget elementor-widget-wd_text_block\" data-id=\"d7fc994\" data-element_type=\"widget\" data-widget_type=\"wd_text_block.default\">\n\t\t\t\t<div class=\"elementor-widget-container\">\n\t\t\t\t\t\t\t<div class=\"wd-text-block reset-last-child text-center\">\n\t\t\t\n\t\t\t<h2 style=\"text-align: left;\">Preocupado com o facto de o champ\u00f4 entrar em contacto com os olhos e os ouvidos do seu beb\u00e9?<\/h2><p style=\"text-align: left;\">A nossa ador\u00e1vel touca de banho para beb\u00e9 est\u00e1 aqui para salvar o dia! Protege as faces delicadas, os olhos e as orelhas, ao mesmo tempo que torna a hora do banho mais divertida. \u00c9 ajust\u00e1vel, f\u00e1cil de usar e funciona como guarda-sol e capa para cortar o cabelo. Diga adeus \u00e0s l\u00e1grimas e ol\u00e1 aos momentos felizes do banho!\u00a0<\/p>\n\t\t\t\t\t<\/div>\n\t\t\t\t\t\t<\/div>\n\t\t\t\t<\/div>\n\t\t\t\t\t<\/div>\n\t\t<\/div>\n\t\t\t\t\t<\/div>\n\t\t<\/section>\n\t\t\t\t<section class=\"elementor-section elementor-top-section elementor-element elementor-element-646003f elementor-section-boxed elementor-section-height-default elementor-section-height-default\" data-id=\"646003f\" data-element_type=\"section\">\n\t\t\t\t\t\t<div class=\"elementor-container elementor-column-gap-default\">\n\t\t\t\t\t<div class=\"elementor-column elementor-col-100 elementor-top-column elementor-element elementor-element-9b6af51\" data-id=\"9b6af51\" data-element_type=\"column\">\n\t\t\t<div class=\"elementor-widget-wrap elementor-element-populated\">\n\t\t\t\t\t\t<div class=\"elementor-element elementor-element-1201d22 elementor-widget elementor-widget-wd_text_block\" data-id=\"1201d22\" data-element_type=\"widget\" data-widget_type=\"wd_text_block.default\">\n\t\t\t\t<div class=\"elementor-widget-container\">\n\t\t\t\t\t\t\t<div class=\"wd-text-block reset-last-child text-left\">\n\t\t\t\n\t\t\t<h2>Carater\u00edsticas:<\/h2><ol><li>O design em forma de coroa e as cores vibrantes atraem a aten\u00e7\u00e3o do seu beb\u00e9, tornando a hora do banho divertida.<\/li><li>O material TPE ajust\u00e1vel garante um encaixe seguro para a maioria dos beb\u00e9s, evitando escorregadelas, fugas de \u00e1gua e ferimentos na cabe\u00e7a.<\/li><li>Pr\u00e1tico de utilizar - ajuste a touca \u00e0 cabe\u00e7a do seu beb\u00e9, aperte a fivela e est\u00e1 pronto para lavar o cabelo.<\/li><li>Vers\u00e1til - evita que o champ\u00f4 e a \u00e1gua entrem em contacto com os olhos e os ouvidos, proporciona uma sensa\u00e7\u00e3o de seguran\u00e7a e funciona tamb\u00e9m como guarda-sol e capa para cortar o cabelo.<\/li><li>Fabricado com materiais PP e TPE de alta qualidade, o nosso gorro \u00e9 imperme\u00e1vel, el\u00e1stico e seguro para a pele delicada do seu beb\u00e9.<\/li><\/ol>\n\t\t\t\t\t<\/div>\n\t\t\t\t\t\t<\/div>\n\t\t\t\t<\/div>\n\t\t\t\t<div class=\"elementor-element elementor-element-8fc9b8b elementor-widget elementor-widget-wd_image_or_svg\" data-id=\"8fc9b8b\" data-element_type=\"widget\" data-widget_type=\"wd_image_or_svg.default\">\n\t\t\t\t<div class=\"elementor-widget-container\">\n\t\t\t\t\t\n\t\t<div class=\"wd-image text-left\">\n\t\t\t\t\t\t\t\t<img fetchpriority=\"high\" decoding=\"async\" width=\"800\" height=\"800\" src=\"https:\/\/babyvk.com\/wp-content\/uploads\/2023\/07\/baby-bathing-cap.webp\" class=\"attachment-full size-full wvs-archive-product-image\" alt=\"tampa de champ\u00f4 para beb\u00e9\" srcset=\"https:\/\/babyvk.com\/wp-content\/uploads\/2023\/07\/baby-bathing-cap.webp 800w, https:\/\/babyvk.com\/wp-content\/uploads\/2023\/07\/baby-bathing-cap-30x30.webp 30w, https:\/\/babyvk.com\/wp-content\/uploads\/2023\/07\/baby-bathing-cap-50x50.webp 50w, https:\/\/babyvk.com\/wp-content\/uploads\/2023\/07\/baby-bathing-cap-100x100.webp 100w, https:\/\/babyvk.com\/wp-content\/uploads\/2023\/07\/baby-bathing-cap-150x150.webp 150w, https:\/\/babyvk.com\/wp-content\/uploads\/2023\/07\/baby-bathing-cap-300x300.webp 300w, https:\/\/babyvk.com\/wp-content\/uploads\/2023\/07\/baby-bathing-cap-768x768.webp 768w, https:\/\/babyvk.com\/wp-content\/uploads\/2023\/07\/baby-bathing-cap-500x500.webp 500w, https:\/\/babyvk.com\/wp-content\/uploads\/2023\/07\/baby-bathing-cap-430x430.webp 430w, https:\/\/babyvk.com\/wp-content\/uploads\/2023\/07\/baby-bathing-cap-700x700.webp 700w\" sizes=\"(max-width: 800px) 100vw, 800px\" title=\"\">\t\t\t\t\t<\/div>\n\n\t\t\t\t\t\t<\/div>\n\t\t\t\t<\/div>\n\t\t\t\t<div class=\"elementor-element elementor-element-c7a9bb0 elementor-widget elementor-widget-wd_text_block\" data-id=\"c7a9bb0\" data-element_type=\"widget\" data-widget_type=\"wd_text_block.default\">\n\t\t\t\t<div class=\"elementor-widget-container\">\n\t\t\t\t\t\t\t<div class=\"wd-text-block reset-last-child text-left\">\n\t\t\t\n\t\t\t<h2>Instru\u00e7\u00f5es de utiliza\u00e7\u00e3o:<\/h2><p>Passo 1: Coloque suavemente a touca na testa do seu beb\u00e9, ajustando-a ao tamanho certo.<\/p><p>Etapa 2: Ajustar a parte de tr\u00e1s do gorro ao formato da cabe\u00e7a do beb\u00e9.<\/p><p>Etapa 3: Afinar a tampa para o conforto do seu beb\u00e9.<\/p>\n\t\t\t\t\t<\/div>\n\t\t\t\t\t\t<\/div>\n\t\t\t\t<\/div>\n\t\t\t\t\t<\/div>\n\t\t<\/div>\n\t\t\t\t\t<\/div>\n\t\t<\/section>\n\t\t\t\t<section class=\"elementor-section elementor-top-section elementor-element elementor-element-2bf6617 elementor-section-boxed elementor-section-height-default elementor-section-height-default\" data-id=\"2bf6617\" data-element_type=\"section\">\n\t\t\t\t\t\t<div class=\"elementor-container elementor-column-gap-default\">\n\t\t\t\t\t<div class=\"elementor-column elementor-col-100 elementor-top-column elementor-element elementor-element-f2df8b0\" data-id=\"f2df8b0\" data-element_type=\"column\">\n\t\t\t<div class=\"elementor-widget-wrap elementor-element-populated\">\n\t\t\t\t\t\t<div class=\"elementor-element elementor-element-ac2770c elementor-widget elementor-widget-wd_text_block\" data-id=\"ac2770c\" data-element_type=\"widget\" data-widget_type=\"wd_text_block.default\">\n\t\t\t\t<div class=\"elementor-widget-container\">\n\t\t\t\t\t\t\t<div class=\"wd-text-block reset-last-child text-left\">\n\t\t\t\n\t\t\t<h2>Especifica\u00e7\u00f5es:<\/h2><ul><li>Material: PP+TPE<\/li><li>Tamanho: 15 x 13 cm \/ 5,9 x 5,1 polegadas<\/li><li>Cores: Amarelo, Vermelho, Azul<\/li><\/ul><h2>O pacote inclui:<\/h2><ul><li>1 x Touca para ch\u00e1 de beb\u00e9<\/li><\/ul><h2>Notas:<\/h2><ul><li>Antes da primeira utiliza\u00e7\u00e3o, limpar a tampa com \u00e1gua.<\/li><li>Para um melhor ajuste e para evitar escorregamentos e fugas de \u00e1gua, usar o bon\u00e9 ligeiramente mais baixo em dire\u00e7\u00e3o ao pesco\u00e7o.<\/li><li>Adequado para crian\u00e7as a partir dos 6 meses de idade, com um per\u00edmetro cef\u00e1lico entre 38-60 cm.<\/li><li>Manter afastado do fogo ou de temperaturas elevadas e evitar o contacto com subst\u00e2ncias corrosivas.<\/li><\/ul>\n\t\t\t\t\t<\/div>\n\t\t\t\t\t\t<\/div>\n\t\t\t\t<\/div>\n\t\t\t\t\t<\/div>\n\t\t<\/div>\n\t\t\t\t\t<\/div>\n\t\t<\/section>\n\t\t\t\t<section class=\"wd-negative-gap elementor-section elementor-top-section elementor-element elementor-element-aa7bcea elementor-section-boxed elementor-section-height-default elementor-section-height-default\" data-id=\"aa7bcea\" data-element_type=\"section\">\n\t\t\t\t\t\t<div class=\"elementor-container elementor-column-gap-default\">\n\t\t\t\t\t<div class=\"elementor-column elementor-col-100 elementor-top-column elementor-element elementor-element-7be755a\" data-id=\"7be755a\" data-element_type=\"column\">\n\t\t\t<div class=\"elementor-widget-wrap elementor-element-populated\">\n\t\t\t\t\t\t<div class=\"elementor-element elementor-element-5d88171 wd-width-100 elementor-widget elementor-widget-wd_title\" data-id=\"5d88171\" data-element_type=\"widget\" data-widget_type=\"wd_title.default\">\n\t\t\t\t<div class=\"elementor-widget-container\">\n\t\t\t\t\t\t\t<div class=\"title-wrapper wd-set-mb reset-last-child wd-title-color-default wd-title-style-default wd-title-size-default text-center\">\n\n\t\t\t\t\t\t\t\t\t\t\t<div class=\"title-subtitle subtitle-color-default subtitle-style-default wd-fontsize-xs\">\n\t\t\t\t\tVER O NOSSO ESPECT\u00c1CULO REAL\t\t\t\t<\/div>\n\t\t\t\n\t\t\t<div class=\"liner-continer\">\n\t\t\t\t<h4 class=\"woodmart-title-container title wd-fontsize-l\">O nosso pequeno v\u00eddeo<\/h4> \n\t\t\t\t\t\t\t<\/div>\n\n\t\t\t\t\t\t\t<div class=\"title-after_title reset-last-child wd-fontsize-xs\">\n\t\t\t\t\t<p>Mostrar o cen\u00e1rio de utiliza\u00e7\u00e3o do produto, para lhe dar a conhecer mais pormenores.<\/p>\t\t\t\t<\/div>\n\t\t\t\t\t<\/div>\n\t\t\t\t\t\t<\/div>\n\t\t\t\t<\/div>\n\t\t\t\t<div class=\"elementor-element elementor-element-a990eb1 elementor-widget elementor-widget-wd_testimonials\" data-id=\"a990eb1\" data-element_type=\"widget\" data-widget_type=\"wd_testimonials.default\">\n\t\t\t\t<div class=\"elementor-widget-container\">\n\t\t\t\t\t\t\t<div class=\"testimonials testimon-style-standard  color-scheme- testimon-align-center wd-carousel-container\" id=\"carousel-9790\">\n\t\t\t\t\t\t\t<div class=\"wd-carousel-inner\">\n\t\t\t\n\t\t\t<div class=\"wd-carousel wd-grid\" data-scroll_per_page=\"yes\" style=\"--wd-col-lg:2;--wd-col-md:2;--wd-col-sm:1;--wd-gap-lg:30px;--wd-gap-sm:10px;\">\n\t\t\t\t\t\t\t\t\t<div class=\"wd-carousel-wrap\">\n\t\t\t\t\n\t\t\t\t\t\t\t\t\t\n<div class=\"testimonial wd-carousel-item\">\n\t<div class=\"testimonial-inner\">\n\t\t\n\t\t<div class=\"testimonial-content\">\n\t\t\t<div class=\"testimonial-rating\">\n\t\t\t\t<span class=\"star-rating\">\n\t\t\t\t\t<span style=\"width:100%\"><\/span>\n\t\t\t\t<\/span>\n\t\t\t<\/div>\n\n\t\t\t<p><iframe  id=\"_ytid_48163\"  width=\"800\" height=\"450\"  data-origwidth=\"800\" data-origheight=\"450\"  data-relstop=\"1\" src=\"https:\/\/www.youtube.com\/embed\/iY0rOH2fIaI?enablejsapi=1&autoplay=0&cc_load_policy=1&cc_lang_pref=&iv_load_policy=3&loop=0&rel=0&fs=1&playsinline=0&autohide=2&theme=dark&color=red&controls=1&disablekb=0&\" class=\"__youtube_prefs__  no-lazyload\" title=\"Leitor do YouTube\"  allow=\"fullscreen; accelerometer; autoplay; clipboard-write; encrypted-media; gyroscope; picture-in-picture; web-share\" referrerpolicy=\"strict-origin-when-cross-origin\" allowfullscreen data-no-lazy=\"1\" data-skipgform_ajax_framebjll=\"\"><\/iframe><\/p>\n\t\t\t<footer>\n\t\t\t\t\n\t\t\t\t\t\t\t<\/footer>\n\t\t<\/div>\n\t<\/div>\n<\/div>\t\t\t\t\t\t\t\t\t\n<div class=\"testimonial wd-carousel-item\">\n\t<div class=\"testimonial-inner\">\n\t\t\n\t\t<div class=\"testimonial-content\">\n\t\t\t<div class=\"testimonial-rating\">\n\t\t\t\t<span class=\"star-rating\">\n\t\t\t\t\t<span style=\"width:100%\"><\/span>\n\t\t\t\t<\/span>\n\t\t\t<\/div>\n\n\t\t\t<p><iframe  id=\"_ytid_81473\"  width=\"800\" height=\"450\"  data-origwidth=\"800\" data-origheight=\"450\"  data-relstop=\"1\" src=\"https:\/\/www.youtube.com\/embed\/WU4zIqJgWhc?enablejsapi=1&autoplay=0&cc_load_policy=1&cc_lang_pref=&iv_load_policy=3&loop=0&rel=0&fs=1&playsinline=0&autohide=2&theme=dark&color=red&controls=1&disablekb=0&\" class=\"__youtube_prefs__  no-lazyload\" title=\"Leitor do YouTube\"  allow=\"fullscreen; accelerometer; autoplay; clipboard-write; encrypted-media; gyroscope; picture-in-picture; web-share\" referrerpolicy=\"strict-origin-when-cross-origin\" allowfullscreen data-no-lazy=\"1\" data-skipgform_ajax_framebjll=\"\"><\/iframe><\/p>\n\t\t\t<footer>\n\t\t\t\t\n\t\t\t\t\t\t\t<\/footer>\n\t\t<\/div>\n\t<\/div>\n<\/div>\t\t\t\t\t\t\t\t\t\n<div class=\"testimonial wd-carousel-item\">\n\t<div class=\"testimonial-inner\">\n\t\t\n\t\t<div class=\"testimonial-content\">\n\t\t\t<div class=\"testimonial-rating\">\n\t\t\t\t<span class=\"star-rating\">\n\t\t\t\t\t<span style=\"width:100%\"><\/span>\n\t\t\t\t<\/span>\n\t\t\t<\/div>\n\n\t\t\t<p><iframe  id=\"_ytid_20063\"  width=\"800\" height=\"450\"  data-origwidth=\"800\" data-origheight=\"450\"  data-relstop=\"1\" src=\"https:\/\/www.youtube.com\/embed\/TCOYaZu2Hsk?enablejsapi=1&autoplay=0&cc_load_policy=1&cc_lang_pref=&iv_load_policy=3&loop=0&rel=0&fs=1&playsinline=0&autohide=2&theme=dark&color=red&controls=1&disablekb=0&\" class=\"__youtube_prefs__  no-lazyload\" title=\"Leitor do YouTube\"  allow=\"fullscreen; accelerometer; autoplay; clipboard-write; encrypted-media; gyroscope; picture-in-picture; web-share\" referrerpolicy=\"strict-origin-when-cross-origin\" allowfullscreen data-no-lazy=\"1\" data-skipgform_ajax_framebjll=\"\"><\/iframe><\/p>\n\t\t\t<footer>\n\t\t\t\t\n\t\t\t\t\t\t\t<\/footer>\n\t\t<\/div>\n\t<\/div>\n<\/div>\t\t\t\t\t\t\t\t\t\n<div class=\"testimonial wd-carousel-item\">\n\t<div class=\"testimonial-inner\">\n\t\t\n\t\t<div class=\"testimonial-content\">\n\t\t\t<div class=\"testimonial-rating\">\n\t\t\t\t<span class=\"star-rating\">\n\t\t\t\t\t<span style=\"width:100%\"><\/span>\n\t\t\t\t<\/span>\n\t\t\t<\/div>\n\n\t\t\t<p><iframe  id=\"_ytid_27888\"  width=\"800\" height=\"450\"  data-origwidth=\"800\" data-origheight=\"450\"  data-relstop=\"1\" src=\"https:\/\/www.youtube.com\/embed\/_qWj9fET51U?enablejsapi=1&autoplay=0&cc_load_policy=1&cc_lang_pref=&iv_load_policy=3&loop=0&rel=0&fs=1&playsinline=0&autohide=2&theme=dark&color=red&controls=1&disablekb=0&\" class=\"__youtube_prefs__  no-lazyload\" title=\"Leitor do YouTube\"  allow=\"fullscreen; accelerometer; autoplay; clipboard-write; encrypted-media; gyroscope; picture-in-picture; web-share\" referrerpolicy=\"strict-origin-when-cross-origin\" allowfullscreen data-no-lazy=\"1\" data-skipgform_ajax_framebjll=\"\"><\/iframe><\/p>\n\t\t\t<footer>\n\t\t\t\t\n\t\t\t\t\t\t\t<\/footer>\n\t\t<\/div>\n\t<\/div>\n<\/div>\t\t\t\t\t\t\t\t\t\n<div class=\"testimonial wd-carousel-item\">\n\t<div class=\"testimonial-inner\">\n\t\t\n\t\t<div class=\"testimonial-content\">\n\t\t\t<div class=\"testimonial-rating\">\n\t\t\t\t<span class=\"star-rating\">\n\t\t\t\t\t<span style=\"width:100%\"><\/span>\n\t\t\t\t<\/span>\n\t\t\t<\/div>\n\n\t\t\t<p><iframe  id=\"_ytid_42084\"  width=\"800\" height=\"450\"  data-origwidth=\"800\" data-origheight=\"450\"  data-relstop=\"1\" src=\"https:\/\/www.youtube.com\/embed\/7ArJ9-kEedM?enablejsapi=1&autoplay=0&cc_load_policy=1&cc_lang_pref=&iv_load_policy=3&loop=0&rel=0&fs=1&playsinline=0&autohide=2&theme=dark&color=red&controls=1&disablekb=0&\" class=\"__youtube_prefs__  no-lazyload\" title=\"Leitor do YouTube\"  allow=\"fullscreen; accelerometer; autoplay; clipboard-write; encrypted-media; gyroscope; picture-in-picture; web-share\" referrerpolicy=\"strict-origin-when-cross-origin\" allowfullscreen data-no-lazy=\"1\" data-skipgform_ajax_framebjll=\"\"><\/iframe><\/p>\n\t\t\t<footer>\n\t\t\t\t\n\t\t\t\t\t\t\t<\/footer>\n\t\t<\/div>\n\t<\/div>\n<\/div>\t\t\t\t\n\t\t\t\t\t\t\t\t\t<\/div>\n\t\t\t\t\t\t\t<\/div>\n\t\t\t\t\t\t\t\t\t\t\t\t\t\t<div class=\"wd-nav-arrows wd-pos-sep wd-hover-1 wd-icon-1\">\n\t\t\t<div class=\"wd-btn-arrow wd-prev wd-disabled\">\n\t\t\t\t<div class=\"wd-arrow-inner\"><\/div>\n\t\t\t<\/div>\n\t\t\t<div class=\"wd-btn-arrow wd-next\">\n\t\t\t\t<div class=\"wd-arrow-inner\"><\/div>\n\t\t\t<\/div>\n\t\t<\/div>\n\t\t\t\t\t\t\n\t\t\t\t<\/div>\n\n\t\t\t\t\t\t<div class=\"wd-nav-pagin-wrap text-center wd-style-shape wd-hide-md-sm wd-hide-sm\">\n\t\t\t<ul class=\"wd-nav-pagin\"><\/ul>\n\t\t<\/div>\n\t\t\t\t\t\t\t\t\t\t\t<\/div>\n\t\t\t\t\t\t<\/div>\n\t\t\t\t<\/div>\n\t\t\t\t\t<\/div>\n\t\t<\/div>\n\t\t\t\t\t<\/div>\n\t\t<\/section>\n\t\t\t\t<\/div>","protected":false},"excerpt":{"rendered":"<p>&#8220;<strong>Procura uma solu\u00e7\u00e3o para que o banho do beb\u00e9 seja livre de l\u00e1grimas?<\/strong> Apresentamos o nosso chap\u00e9u de champ\u00f4 \u00e0 prova de \u00e1gua para beb\u00e9s - a resposta perfeita para manter o champ\u00f4 longe dos olhos do seu beb\u00e9. Compre agora e ganhe 30% OFF!\"<\/p>","protected":false},"featured_media":15821,"comment_status":"open","ping_status":"closed","template":"","meta":{"_acf_changed":false},"product_brand":[],"product_cat":[29],"product_tag":[632,633,634,635,636,637],"class_list":{"0":"post-15822","1":"product","2":"type-product","3":"status-publish","4":"has-post-thumbnail","6":"product_cat-best-baby-care","7":"product_tag-baby-bath-cap","8":"product_tag-baby-bathing-cap","9":"product_tag-baby-shampoo-hat","10":"product_tag-baby-shower-cap","11":"product_tag-bathing-hats-for-babies","12":"product_tag-childrens-shower-cap","14":"first","15":"instock","16":"sale","17":"taxable","18":"shipping-taxable","19":"purchasable","20":"product-type-variable","21":"wvs-archive-product-wrapper"},"acf":[],"_links":{"self":[{"href":"https:\/\/babyvk.com\/pt\/wp-json\/wp\/v2\/product\/15822","targetHints":{"allow":["GET"]}}],"collection":[{"href":"https:\/\/babyvk.com\/pt\/wp-json\/wp\/v2\/product"}],"about":[{"href":"https:\/\/babyvk.com\/pt\/wp-json\/wp\/v2\/types\/product"}],"replies":[{"embeddable":true,"href":"https:\/\/babyvk.com\/pt\/wp-json\/wp\/v2\/comments?post=15822"}],"version-history":[{"count":0,"href":"https:\/\/babyvk.com\/pt\/wp-json\/wp\/v2\/product\/15822\/revisions"}],"wp:featuredmedia":[{"embeddable":true,"href":"https:\/\/babyvk.com\/pt\/wp-json\/wp\/v2\/media\/15821"}],"wp:attachment":[{"href":"https:\/\/babyvk.com\/pt\/wp-json\/wp\/v2\/media?parent=15822"}],"wp:term":[{"taxonomy":"product_brand","embeddable":true,"href":"https:\/\/babyvk.com\/pt\/wp-json\/wp\/v2\/product_brand?post=15822"},{"taxonomy":"product_cat","embeddable":true,"href":"https:\/\/babyvk.com\/pt\/wp-json\/wp\/v2\/product_cat?post=15822"},{"taxonomy":"product_tag","embeddable":true,"href":"https:\/\/babyvk.com\/pt\/wp-json\/wp\/v2\/product_tag?post=15822"}],"curies":[{"name":"wp","href":"https:\/\/api.w.org\/{rel}","templated":true}]}}