{"id":15742,"date":"2023-07-13T18:23:07","date_gmt":"2023-07-13T18:23:07","guid":{"rendered":"https:\/\/babyvk.com\/?post_type=product&#038;p=15742"},"modified":"2025-11-04T07:43:04","modified_gmt":"2025-11-04T07:43:04","slug":"rechargeable-portable-clip-on-stroller-fan","status":"publish","type":"product","link":"https:\/\/babyvk.com\/pt\/product\/rechargeable-portable-clip-on-stroller-fan\/","title":{"rendered":"Ventoinha port\u00e1til recarreg\u00e1vel com clip para carrinho de beb\u00e9"},"content":{"rendered":"<div data-elementor-type=\"product-post\" data-elementor-id=\"15742\" class=\"elementor elementor-15742\" data-elementor-post-type=\"product\">\n\t\t\t\t\t\t<section class=\"elementor-section elementor-top-section elementor-element elementor-element-3cceb9db elementor-section-boxed elementor-section-height-default elementor-section-height-default\" data-id=\"3cceb9db\" data-element_type=\"section\">\n\t\t\t\t\t\t<div class=\"elementor-container elementor-column-gap-default\">\n\t\t\t\t\t<div class=\"elementor-column elementor-col-100 elementor-top-column elementor-element elementor-element-78b58347\" data-id=\"78b58347\" data-element_type=\"column\">\n\t\t\t<div class=\"elementor-widget-wrap elementor-element-populated\">\n\t\t\t\t\t\t<div class=\"elementor-element elementor-element-17a91981 color-scheme-inherit text-left elementor-widget elementor-widget-text-editor\" data-id=\"17a91981\" data-element_type=\"widget\" data-widget_type=\"text-editor.default\">\n\t\t\t\t<div class=\"elementor-widget-container\">\n\t\t\t\t\t\t\t\t\t<h2>Cansado de passeios quentes e abafados com o seu filho?<\/h2><p>Nosso clipe port\u00e1til recarreg\u00e1vel no ventilador do carrinho de crian\u00e7a est\u00e1 aqui para salvar o dia! \ud83c\udf2c\ufe0f\ud83d\ude0aComo uma nova m\u00e3e, muitas vezes voc\u00ea se preocupa com o conforto do seu beb\u00ea, especialmente durante as caminhadas de ver\u00e3o ou aventuras ao ar livre. Nosso inovador ventilador de carrinho de beb\u00ea com clipe \u00e9 a solu\u00e7\u00e3o definitiva para manter seu beb\u00ea fresco e feliz. N\u00e3o h\u00e1 mais momentos suados e agitados! \ud83d\ude45\u200d\u2640\ufe0f\ud83d\udca6<\/p><h2>Carater\u00edsticas:<\/h2><ol><li>Multi-funcional: Utilize-o como ventoinha de p\u00e9, ventoinha de m\u00e3o, ventoinha de encaixe ou ventoinha envolvente para m\u00e1xima flexibilidade.<\/li><li>Rota\u00e7\u00e3o autom\u00e1tica de 130\u00b0: Desfrute de uma brisa refrescante de todos os \u00e2ngulos, cobrindo uma vasta \u00e1rea.<\/li><li>Bateria recarreg\u00e1vel: Com uma potente bateria de 3600mAh, proporciona 2-12 horas de funcionamento sem fios, garantindo uma frescura duradoura.<\/li><li>Velocidade do vento ajust\u00e1vel: Personalize o fluxo de ar com quatro velocidades de ventoinha ajust\u00e1veis para se adaptar \u00e0s suas necessidades.<\/li><li>Cobertura de rede de seguran\u00e7a: Concebida com uma cobertura de rede de prote\u00e7\u00e3o para manter os dedos pequenos em seguran\u00e7a.<\/li><\/ol><p><img fetchpriority=\"high\" decoding=\"async\" src=\"https:\/\/babyvk.com\/wp-content\/uploads\/2023\/07\/best-stroller-fan.webp\" sizes=\"(max-width: 800px) 100vw, 800px\" srcset=\"https:\/\/i0.wp.com\/babyvk.com\/wp-content\/uploads\/2023\/07\/best-stroller-fan.webp?w=800&amp;ssl=1 800w, https:\/\/i0.wp.com\/babyvk.com\/wp-content\/uploads\/2023\/07\/best-stroller-fan.webp?resize=300%2C300&amp;ssl=1 300w, https:\/\/i0.wp.com\/babyvk.com\/wp-content\/uploads\/2023\/07\/best-stroller-fan.webp?resize=150%2C150&amp;ssl=1 150w, https:\/\/i0.wp.com\/babyvk.com\/wp-content\/uploads\/2023\/07\/best-stroller-fan.webp?resize=768%2C768&amp;ssl=1 768w, https:\/\/i0.wp.com\/babyvk.com\/wp-content\/uploads\/2023\/07\/best-stroller-fan.webp?resize=430%2C430&amp;ssl=1 430w, https:\/\/i0.wp.com\/babyvk.com\/wp-content\/uploads\/2023\/07\/best-stroller-fan.webp?resize=700%2C700&amp;ssl=1 700w, https:\/\/i0.wp.com\/babyvk.com\/wp-content\/uploads\/2023\/07\/best-stroller-fan.webp?resize=60%2C60&amp;ssl=1 60w\" alt=\"a melhor ventoinha para carrinhos de beb\u00e9\" width=\"800\" height=\"800\" title=\"\"><\/p><h2>Especifica\u00e7\u00f5es:<\/h2><ul><li>Vers\u00e3o da bateria: 3600mAh<\/li><li>Materiais: ABS\/PC\/Silicone\/Componentes electr\u00f3nicos<\/li><li>Tamanho do produto: 110x<em>110x<\/em>263 mm<\/li><li>Peso: 401g (l\u00edquido), 506g (bruto)<\/li><li>Funcionalidade adicional: Fun\u00e7\u00e3o de oscila\u00e7\u00e3o de 130\u00b0 (ativar com uma press\u00e3o longa)<\/li><li>Tempo de carregamento: Cerca de 3,5 horas para um carregamento completo<\/li><\/ul><h2>O pacote inclui:<\/h2><ul><li>1 x ventoinha para carrinho de beb\u00e9<\/li><li>1 x Cabo USB<\/li><li>1 x Manual do utilizador<\/li><\/ul><p><strong>Com a nossa ventoinha port\u00e1til recarreg\u00e1vel para carrinhos de beb\u00e9, pode garantir que o seu beb\u00e9 se mant\u00e9m fresco e confort\u00e1vel onde quer que v\u00e1. Diga adeus ao sobreaquecimento e ol\u00e1 a passeios agrad\u00e1veis em conjunto! \ud83c\udf2c\ufe0f\u2764\ufe0f<\/strong><\/p>\t\t\t\t\t\t\t\t<\/div>\n\t\t\t\t<\/div>\n\t\t\t\t\t<\/div>\n\t\t<\/div>\n\t\t\t\t\t<\/div>\n\t\t<\/section>\n\t\t\t\t<section class=\"wd-negative-gap elementor-section elementor-top-section elementor-element elementor-element-ba15d4a elementor-section-boxed elementor-section-height-default elementor-section-height-default\" data-id=\"ba15d4a\" data-element_type=\"section\">\n\t\t\t\t\t\t<div class=\"elementor-container elementor-column-gap-default\">\n\t\t\t\t\t<div class=\"elementor-column elementor-col-100 elementor-top-column elementor-element elementor-element-02ecf96\" data-id=\"02ecf96\" data-element_type=\"column\">\n\t\t\t<div class=\"elementor-widget-wrap elementor-element-populated\">\n\t\t\t\t\t\t<div class=\"elementor-element elementor-element-7720cd9 wd-width-100 elementor-widget elementor-widget-wd_title\" data-id=\"7720cd9\" data-element_type=\"widget\" data-widget_type=\"wd_title.default\">\n\t\t\t\t<div class=\"elementor-widget-container\">\n\t\t\t\t\t\t\t<div class=\"title-wrapper wd-set-mb reset-last-child wd-title-color-default wd-title-style-default wd-title-size-default text-center\">\n\n\t\t\t\t\t\t\t\t\t\t\t<div class=\"title-subtitle subtitle-color-default subtitle-style-default wd-fontsize-xs\">\n\t\t\t\t\tVER O NOSSO ESPECT\u00c1CULO REAL\t\t\t\t<\/div>\n\t\t\t\n\t\t\t<div class=\"liner-continer\">\n\t\t\t\t<h4 class=\"woodmart-title-container title wd-fontsize-l\">O nosso pequeno v\u00eddeo<\/h4> \n\t\t\t\t\t\t\t<\/div>\n\n\t\t\t\t\t\t\t<div class=\"title-after_title reset-last-child wd-fontsize-xs\">\n\t\t\t\t\t<p>Mostrar o cen\u00e1rio de utiliza\u00e7\u00e3o do produto, para lhe dar a conhecer mais pormenores.<\/p>\t\t\t\t<\/div>\n\t\t\t\t\t<\/div>\n\t\t\t\t\t\t<\/div>\n\t\t\t\t<\/div>\n\t\t\t\t<div class=\"elementor-element elementor-element-45ed0a6 elementor-widget elementor-widget-wd_testimonials\" data-id=\"45ed0a6\" data-element_type=\"widget\" data-widget_type=\"wd_testimonials.default\">\n\t\t\t\t<div class=\"elementor-widget-container\">\n\t\t\t\t\t\t\t<div class=\"testimonials testimon-style-standard  color-scheme- testimon-align-center wd-carousel-container\" id=\"carousel-8942\">\n\t\t\t\t\t\t\t<div class=\"wd-carousel-inner\">\n\t\t\t\n\t\t\t<div class=\"wd-carousel wd-grid\" data-scroll_per_page=\"yes\" style=\"--wd-col-lg:2;--wd-col-md:2;--wd-col-sm:1;--wd-gap-lg:30px;--wd-gap-sm:10px;\">\n\t\t\t\t\t\t\t\t\t<div class=\"wd-carousel-wrap\">\n\t\t\t\t\n\t\t\t\t\t\t\t\t\t\n<div class=\"testimonial wd-carousel-item\">\n\t<div class=\"testimonial-inner\">\n\t\t\n\t\t<div class=\"testimonial-content\">\n\t\t\t<div class=\"testimonial-rating\">\n\t\t\t\t<span class=\"star-rating\">\n\t\t\t\t\t<span style=\"width:100%\"><\/span>\n\t\t\t\t<\/span>\n\t\t\t<\/div>\n\n\t\t\t<p><iframe  id=\"_ytid_27671\"  width=\"800\" height=\"450\"  data-origwidth=\"800\" data-origheight=\"450\"  data-relstop=\"1\" src=\"https:\/\/www.youtube.com\/embed\/t0QJSq7MTxc?enablejsapi=1&autoplay=0&cc_load_policy=1&cc_lang_pref=&iv_load_policy=3&loop=0&rel=0&fs=1&playsinline=0&autohide=2&theme=dark&color=red&controls=1&disablekb=0&\" class=\"__youtube_prefs__  no-lazyload\" title=\"Leitor do YouTube\"  allow=\"fullscreen; accelerometer; autoplay; clipboard-write; encrypted-media; gyroscope; picture-in-picture; web-share\" referrerpolicy=\"strict-origin-when-cross-origin\" allowfullscreen data-no-lazy=\"1\" data-skipgform_ajax_framebjll=\"\"><\/iframe><\/p>\n\t\t\t<footer>\n\t\t\t\t\n\t\t\t\t\t\t\t<\/footer>\n\t\t<\/div>\n\t<\/div>\n<\/div>\t\t\t\t\t\t\t\t\t\n<div class=\"testimonial wd-carousel-item\">\n\t<div class=\"testimonial-inner\">\n\t\t\n\t\t<div class=\"testimonial-content\">\n\t\t\t<div class=\"testimonial-rating\">\n\t\t\t\t<span class=\"star-rating\">\n\t\t\t\t\t<span style=\"width:100%\"><\/span>\n\t\t\t\t<\/span>\n\t\t\t<\/div>\n\n\t\t\t<p><iframe  id=\"_ytid_64872\"  width=\"800\" height=\"450\"  data-origwidth=\"800\" data-origheight=\"450\"  data-relstop=\"1\" src=\"https:\/\/www.youtube.com\/embed\/qX3fuQX43aU?enablejsapi=1&autoplay=0&cc_load_policy=1&cc_lang_pref=&iv_load_policy=3&loop=0&rel=0&fs=1&playsinline=0&autohide=2&theme=dark&color=red&controls=1&disablekb=0&\" class=\"__youtube_prefs__  no-lazyload\" title=\"Leitor do YouTube\"  allow=\"fullscreen; accelerometer; autoplay; clipboard-write; encrypted-media; gyroscope; picture-in-picture; web-share\" referrerpolicy=\"strict-origin-when-cross-origin\" allowfullscreen data-no-lazy=\"1\" data-skipgform_ajax_framebjll=\"\"><\/iframe><\/p>\n\t\t\t<footer>\n\t\t\t\t\n\t\t\t\t\t\t\t<\/footer>\n\t\t<\/div>\n\t<\/div>\n<\/div>\t\t\t\t\t\t\t\t\t\n<div class=\"testimonial wd-carousel-item\">\n\t<div class=\"testimonial-inner\">\n\t\t\n\t\t<div class=\"testimonial-content\">\n\t\t\t<div class=\"testimonial-rating\">\n\t\t\t\t<span class=\"star-rating\">\n\t\t\t\t\t<span style=\"width:100%\"><\/span>\n\t\t\t\t<\/span>\n\t\t\t<\/div>\n\n\t\t\t<p><iframe  id=\"_ytid_59880\"  width=\"800\" height=\"450\"  data-origwidth=\"800\" data-origheight=\"450\"  data-relstop=\"1\" src=\"https:\/\/www.youtube.com\/embed\/9kzjdEIL25w?enablejsapi=1&autoplay=0&cc_load_policy=1&cc_lang_pref=&iv_load_policy=3&loop=0&rel=0&fs=1&playsinline=0&autohide=2&theme=dark&color=red&controls=1&disablekb=0&\" class=\"__youtube_prefs__  no-lazyload\" title=\"Leitor do YouTube\"  allow=\"fullscreen; accelerometer; autoplay; clipboard-write; encrypted-media; gyroscope; picture-in-picture; web-share\" referrerpolicy=\"strict-origin-when-cross-origin\" allowfullscreen data-no-lazy=\"1\" data-skipgform_ajax_framebjll=\"\"><\/iframe><\/p>\n\t\t\t<footer>\n\t\t\t\t\n\t\t\t\t\t\t\t<\/footer>\n\t\t<\/div>\n\t<\/div>\n<\/div>\t\t\t\t\t\t\t\t\t\n<div class=\"testimonial wd-carousel-item\">\n\t<div class=\"testimonial-inner\">\n\t\t\n\t\t<div class=\"testimonial-content\">\n\t\t\t<div class=\"testimonial-rating\">\n\t\t\t\t<span class=\"star-rating\">\n\t\t\t\t\t<span style=\"width:100%\"><\/span>\n\t\t\t\t<\/span>\n\t\t\t<\/div>\n\n\t\t\t<p><iframe  id=\"_ytid_62625\"  width=\"800\" height=\"450\"  data-origwidth=\"800\" data-origheight=\"450\"  data-relstop=\"1\" src=\"https:\/\/www.youtube.com\/embed\/jyZ3I6sy2Og?enablejsapi=1&autoplay=0&cc_load_policy=1&cc_lang_pref=&iv_load_policy=3&loop=0&rel=0&fs=1&playsinline=0&autohide=2&theme=dark&color=red&controls=1&disablekb=0&\" class=\"__youtube_prefs__  no-lazyload\" title=\"Leitor do YouTube\"  allow=\"fullscreen; accelerometer; autoplay; clipboard-write; encrypted-media; gyroscope; picture-in-picture; web-share\" referrerpolicy=\"strict-origin-when-cross-origin\" allowfullscreen data-no-lazy=\"1\" data-skipgform_ajax_framebjll=\"\"><\/iframe><\/p>\n\t\t\t<footer>\n\t\t\t\t\n\t\t\t\t\t\t\t<\/footer>\n\t\t<\/div>\n\t<\/div>\n<\/div>\t\t\t\t\n\t\t\t\t\t\t\t\t\t<\/div>\n\t\t\t\t\t\t\t<\/div>\n\t\t\t\t\t\t\t\t\t\t\t\t\t\t<div class=\"wd-nav-arrows wd-pos-sep wd-hover-1 wd-icon-1\">\n\t\t\t<div class=\"wd-btn-arrow wd-prev wd-disabled\">\n\t\t\t\t<div class=\"wd-arrow-inner\"><\/div>\n\t\t\t<\/div>\n\t\t\t<div class=\"wd-btn-arrow wd-next\">\n\t\t\t\t<div class=\"wd-arrow-inner\"><\/div>\n\t\t\t<\/div>\n\t\t<\/div>\n\t\t\t\t\t\t\n\t\t\t\t<\/div>\n\n\t\t\t\t\t\t<div class=\"wd-nav-pagin-wrap text-center wd-style-shape wd-hide-md-sm wd-hide-sm\">\n\t\t\t<ul class=\"wd-nav-pagin\"><\/ul>\n\t\t<\/div>\n\t\t\t\t\t\t\t\t\t\t\t<\/div>\n\t\t\t\t\t\t<\/div>\n\t\t\t\t<\/div>\n\t\t\t\t\t<\/div>\n\t\t<\/div>\n\t\t\t\t\t<\/div>\n\t\t<\/section>\n\t\t\t\t<\/div>","protected":false},"excerpt":{"rendered":"<p>&#8220;<strong>Precisa de uma brisa em movimento?<\/strong> Descubra a ventoinha port\u00e1til recarreg\u00e1vel com clip para carrinhos de beb\u00e9! Quer saber como manter o seu filho fresco durante os passeios? A nossa ventoinha \u00e9 a solu\u00e7\u00e3o perfeita. Compre agora para envio gratuito e obtenha 30% OFF!<\/p>","protected":false},"featured_media":15751,"comment_status":"open","ping_status":"closed","template":"","meta":{"_acf_changed":false},"product_brand":[],"product_cat":[509],"product_tag":[623,625,626,622,624,620,621],"class_list":{"0":"post-15742","1":"product","2":"type-product","3":"status-publish","4":"has-post-thumbnail","6":"product_cat-best-baby-toys","7":"product_tag-buggy-fan","8":"product_tag-clip-on-stroller-fan","9":"product_tag-portable-fan-for-stroller","10":"product_tag-pram-fan","11":"product_tag-pushchair-fan","12":"product_tag-rechargeable-pram-fan","13":"product_tag-stroller-fan","15":"first","16":"outofstock","17":"sale","18":"taxable","19":"shipping-taxable","20":"purchasable","21":"product-type-variable","22":"wvs-archive-product-wrapper"},"acf":[],"_links":{"self":[{"href":"https:\/\/babyvk.com\/pt\/wp-json\/wp\/v2\/product\/15742","targetHints":{"allow":["GET"]}}],"collection":[{"href":"https:\/\/babyvk.com\/pt\/wp-json\/wp\/v2\/product"}],"about":[{"href":"https:\/\/babyvk.com\/pt\/wp-json\/wp\/v2\/types\/product"}],"replies":[{"embeddable":true,"href":"https:\/\/babyvk.com\/pt\/wp-json\/wp\/v2\/comments?post=15742"}],"version-history":[{"count":0,"href":"https:\/\/babyvk.com\/pt\/wp-json\/wp\/v2\/product\/15742\/revisions"}],"wp:featuredmedia":[{"embeddable":true,"href":"https:\/\/babyvk.com\/pt\/wp-json\/wp\/v2\/media\/15751"}],"wp:attachment":[{"href":"https:\/\/babyvk.com\/pt\/wp-json\/wp\/v2\/media?parent=15742"}],"wp:term":[{"taxonomy":"product_brand","embeddable":true,"href":"https:\/\/babyvk.com\/pt\/wp-json\/wp\/v2\/product_brand?post=15742"},{"taxonomy":"product_cat","embeddable":true,"href":"https:\/\/babyvk.com\/pt\/wp-json\/wp\/v2\/product_cat?post=15742"},{"taxonomy":"product_tag","embeddable":true,"href":"https:\/\/babyvk.com\/pt\/wp-json\/wp\/v2\/product_tag?post=15742"}],"curies":[{"name":"wp","href":"https:\/\/api.w.org\/{rel}","templated":true}]}}