{"id":15141,"date":"2023-06-25T17:16:15","date_gmt":"2023-06-25T17:16:15","guid":{"rendered":"https:\/\/babyvk.com\/?post_type=product&#038;p=15141"},"modified":"2025-03-10T20:03:35","modified_gmt":"2025-03-10T20:03:35","slug":"baby-feeding-chair-seat-belt","status":"publish","type":"product","link":"https:\/\/babyvk.com\/pt\/product\/baby-feeding-chair-seat-belt\/","title":{"rendered":"Cinto de seguran\u00e7a da cadeira de alimenta\u00e7\u00e3o para beb\u00e9s"},"content":{"rendered":"<div data-elementor-type=\"product-post\" data-elementor-id=\"15141\" class=\"elementor elementor-15141\" data-elementor-post-type=\"product\">\n\t\t\t\t\t\t<section class=\"wd-negative-gap elementor-section elementor-top-section elementor-element elementor-element-9a8e35d elementor-section-boxed elementor-section-height-default elementor-section-height-default\" data-id=\"9a8e35d\" data-element_type=\"section\">\n\t\t\t\t\t\t<div class=\"elementor-container elementor-column-gap-default\">\n\t\t\t\t\t<div class=\"elementor-column elementor-col-100 elementor-top-column elementor-element elementor-element-301fa46\" data-id=\"301fa46\" data-element_type=\"column\">\n\t\t\t<div class=\"elementor-widget-wrap elementor-element-populated\">\n\t\t\t\t\t\t<div class=\"elementor-element elementor-element-e70642b elementor-widget elementor-widget-wd_text_block\" data-id=\"e70642b\" data-element_type=\"widget\" data-widget_type=\"wd_text_block.default\">\n\t\t\t\t<div class=\"elementor-widget-container\">\n\t\t\t\t\t\t\t<div class=\"wd-text-block reset-last-child text-left\">\n\t\t\t\n\t\t\t<p>Garanta a seguran\u00e7a do seu beb\u00e9 com o nosso cinto de seguran\u00e7a da cadeira de alimenta\u00e7\u00e3o para beb\u00e9s! Este cinto port\u00e1til e conveniente \u00e9 um must-have para pais ocupados. Leve-o para qualquer lugar - restaurantes, casa dos av\u00f3s e muito mais! \ud83c\udfe0\ud83c\udf7d\ufe0f<\/p>\n\t\t\t\t\t<\/div>\n\t\t\t\t\t\t<\/div>\n\t\t\t\t<\/div>\n\t\t\t\t<div class=\"elementor-element elementor-element-1096a67 elementor-widget elementor-widget-wd_image_or_svg\" data-id=\"1096a67\" data-element_type=\"widget\" data-widget_type=\"wd_image_or_svg.default\">\n\t\t\t\t<div class=\"elementor-widget-container\">\n\t\t\t\t\t\n\t\t<div class=\"wd-image text-left\">\n\t\t\t\t\t\t\t\t<img fetchpriority=\"high\" decoding=\"async\" width=\"800\" height=\"800\" src=\"https:\/\/babyvk.com\/wp-content\/uploads\/2023\/06\/high-chair-safety-belt.webp\" class=\"attachment-full size-full wvs-archive-product-image\" alt=\"Cinto de seguran\u00e7a da cadeira de alimenta\u00e7\u00e3o para beb\u00e9s\" srcset=\"https:\/\/babyvk.com\/wp-content\/uploads\/2023\/06\/high-chair-safety-belt.webp 800w, https:\/\/babyvk.com\/wp-content\/uploads\/2023\/06\/high-chair-safety-belt-30x30.webp 30w, https:\/\/babyvk.com\/wp-content\/uploads\/2023\/06\/high-chair-safety-belt-50x50.webp 50w, https:\/\/babyvk.com\/wp-content\/uploads\/2023\/06\/high-chair-safety-belt-100x100.webp 100w, https:\/\/babyvk.com\/wp-content\/uploads\/2023\/06\/high-chair-safety-belt-150x150.webp 150w, https:\/\/babyvk.com\/wp-content\/uploads\/2023\/06\/high-chair-safety-belt-300x300.webp 300w, https:\/\/babyvk.com\/wp-content\/uploads\/2023\/06\/high-chair-safety-belt-768x768.webp 768w, https:\/\/babyvk.com\/wp-content\/uploads\/2023\/06\/high-chair-safety-belt-500x500.webp 500w, https:\/\/babyvk.com\/wp-content\/uploads\/2023\/06\/high-chair-safety-belt-430x430.webp 430w, https:\/\/babyvk.com\/wp-content\/uploads\/2023\/06\/high-chair-safety-belt-700x700.webp 700w\" sizes=\"(max-width: 800px) 100vw, 800px\" title=\"\">\t\t\t\t\t<\/div>\n\n\t\t\t\t\t\t<\/div>\n\t\t\t\t<\/div>\n\t\t\t\t<div class=\"elementor-element elementor-element-235c1ee wd-width-100 elementor-widget elementor-widget-wd_title\" data-id=\"235c1ee\" data-element_type=\"widget\" data-widget_type=\"wd_title.default\">\n\t\t\t\t<div class=\"elementor-widget-container\">\n\t\t\t\t\t\t\t<div class=\"title-wrapper wd-set-mb reset-last-child wd-title-color-default wd-title-style-default wd-title-size-default text-left\">\n\n\t\t\t\n\t\t\t<div class=\"liner-continer\">\n\t\t\t\t<h4 class=\"woodmart-title-container title wd-fontsize-l\">Carater\u00edsticas:<\/h4> \n\t\t\t\t\t\t\t<\/div>\n\n\t\t\t\t\t<\/div>\n\t\t\t\t\t\t<\/div>\n\t\t\t\t<\/div>\n\t\t\t\t<div class=\"elementor-element elementor-element-ce66d8c elementor-widget elementor-widget-wd_text_block\" data-id=\"ce66d8c\" data-element_type=\"widget\" data-widget_type=\"wd_text_block.default\">\n\t\t\t\t<div class=\"elementor-widget-container\">\n\t\t\t\t\t\t\t<div class=\"wd-text-block reset-last-child text-left\">\n\t\t\t\n\t\t\t<ol><li>Port\u00e1til: Liberte as suas m\u00e3os enquanto faz as tarefas dom\u00e9sticas! Prenda o cinto \u00e0 cadeira alta ou \u00e0 sua cintura, permitindo-lhe fazer v\u00e1rias tarefas com facilidade.<\/li><li>Assistente de viagem: Facilite os passeios com o seu beb\u00e9. Fixe o seu filho numa cadeira, reduzindo o esfor\u00e7o de o segurar constantemente.<\/li><li>Compacto e f\u00e1cil de transportar: Dobre-o num tamanho pequeno e guarde-o no seu saco de beb\u00e9 ou mesmo no seu bolso. Ocupa um espa\u00e7o m\u00ednimo!<\/li><li>F\u00e1cil de utilizar: Fixa-se rapidamente \u00e0 maioria das cadeiras altas utilizando a liga\u00e7\u00e3o de encaixe resistente. Ajuste o comprimento puxando a correia. Simples e eficiente!<\/li><li>F\u00e1cil de limpar: Fabricado em nylon imperme\u00e1vel e esponja de alta qualidade, pode ser lavado na m\u00e1quina para uma limpeza sem complica\u00e7\u00f5es. Seguran\u00e7a e conforto combinados! \ud83e\uddfc\u2728<\/li><\/ol>\n\t\t\t\t\t<\/div>\n\t\t\t\t\t\t<\/div>\n\t\t\t\t<\/div>\n\t\t\t\t\t<\/div>\n\t\t<\/div>\n\t\t\t\t\t<\/div>\n\t\t<\/section>\n\t\t\t\t<section class=\"wd-negative-gap elementor-section elementor-top-section elementor-element elementor-element-e84aaad elementor-section-boxed elementor-section-height-default elementor-section-height-default\" data-id=\"e84aaad\" data-element_type=\"section\">\n\t\t\t\t\t\t<div class=\"elementor-container elementor-column-gap-default\">\n\t\t\t\t\t<div class=\"elementor-column elementor-col-100 elementor-top-column elementor-element elementor-element-830390c\" data-id=\"830390c\" data-element_type=\"column\">\n\t\t\t<div class=\"elementor-widget-wrap elementor-element-populated\">\n\t\t\t\t\t\t<div class=\"elementor-element elementor-element-40be4bb wd-width-100 elementor-widget elementor-widget-wd_title\" data-id=\"40be4bb\" data-element_type=\"widget\" data-widget_type=\"wd_title.default\">\n\t\t\t\t<div class=\"elementor-widget-container\">\n\t\t\t\t\t\t\t<div class=\"title-wrapper wd-set-mb reset-last-child wd-title-color-default wd-title-style-default wd-title-size-default text-left\">\n\n\t\t\t\n\t\t\t<div class=\"liner-continer\">\n\t\t\t\t<h4 class=\"woodmart-title-container title wd-fontsize-l\">Especifica\u00e7\u00f5es:<\/h4> \n\t\t\t\t\t\t\t<\/div>\n\n\t\t\t\t\t<\/div>\n\t\t\t\t\t\t<\/div>\n\t\t\t\t<\/div>\n\t\t\t\t<div class=\"elementor-element elementor-element-c0eb7b8 elementor-widget elementor-widget-wd_text_block\" data-id=\"c0eb7b8\" data-element_type=\"widget\" data-widget_type=\"wd_text_block.default\">\n\t\t\t\t<div class=\"elementor-widget-container\">\n\t\t\t\t\t\t\t<div class=\"wd-text-block reset-last-child text-left\">\n\t\t\t\n\t\t\t<p>\ud83d\udd39 Material: Tecido 100% sem irrita\u00e7\u00e3o, garantindo durabilidade e seguran\u00e7a. <br \/>M\u00e9todo de lavagem: Lavar \u00e0 m\u00e3o ou na m\u00e1quina separadamente para evitar o desbotamento. <br \/>\ud83d\udd39 Idade aplic\u00e1vel: Adequado para beb\u00e9s dos 4 meses aos 36 meses. <br \/>Peso: Leve, com apenas 105g, garantindo comodidade em viagem.<\/p>\n\t\t\t\t\t<\/div>\n\t\t\t\t\t\t<\/div>\n\t\t\t\t<\/div>\n\t\t\t\t<div class=\"elementor-element elementor-element-80247d0 wd-width-100 elementor-widget elementor-widget-wd_title\" data-id=\"80247d0\" data-element_type=\"widget\" data-widget_type=\"wd_title.default\">\n\t\t\t\t<div class=\"elementor-widget-container\">\n\t\t\t\t\t\t\t<div class=\"title-wrapper wd-set-mb reset-last-child wd-title-color-default wd-title-style-default wd-title-size-default text-left\">\n\n\t\t\t\n\t\t\t<div class=\"liner-continer\">\n\t\t\t\t<h4 class=\"woodmart-title-container title wd-fontsize-l\">Formas de utilizar o cinto de seguran\u00e7a:<\/h4> \n\t\t\t\t\t\t\t<\/div>\n\n\t\t\t\t\t<\/div>\n\t\t\t\t\t\t<\/div>\n\t\t\t\t<\/div>\n\t\t\t\t<div class=\"elementor-element elementor-element-4632cb5 elementor-widget elementor-widget-wd_text_block\" data-id=\"4632cb5\" data-element_type=\"widget\" data-widget_type=\"wd_text_block.default\">\n\t\t\t\t<div class=\"elementor-widget-container\">\n\t\t\t\t\t\t\t<div class=\"wd-text-block reset-last-child text-left\">\n\t\t\t\n\t\t\t<ol><li>Coloque o cinto \u00e0 volta das costas da cadeira ou da sua cintura. <\/li><li>Ajustar a fivela para eliminar eventuais folgas. <\/li><li>Fixe a fivela por baixo dos bra\u00e7os do beb\u00e9, de ambos os lados. <\/li><li>Ajuste o aperto para se adaptar ao tamanho do corpo do beb\u00e9.<\/li><\/ol>\n\t\t\t\t\t<\/div>\n\t\t\t\t\t\t<\/div>\n\t\t\t\t<\/div>\n\t\t\t\t<div class=\"elementor-element elementor-element-cb34fe3 wd-width-100 elementor-widget elementor-widget-wd_title\" data-id=\"cb34fe3\" data-element_type=\"widget\" data-widget_type=\"wd_title.default\">\n\t\t\t\t<div class=\"elementor-widget-container\">\n\t\t\t\t\t\t\t<div class=\"title-wrapper wd-set-mb reset-last-child wd-title-color-default wd-title-style-default wd-title-size-default text-left\">\n\n\t\t\t\n\t\t\t<div class=\"liner-continer\">\n\t\t\t\t<h4 class=\"woodmart-title-container title wd-fontsize-l\">Embalagem:<\/h4> \n\t\t\t\t\t\t\t<\/div>\n\n\t\t\t\t\t<\/div>\n\t\t\t\t\t\t<\/div>\n\t\t\t\t<\/div>\n\t\t\t\t<div class=\"elementor-element elementor-element-290df9f elementor-widget elementor-widget-wd_text_block\" data-id=\"290df9f\" data-element_type=\"widget\" data-widget_type=\"wd_text_block.default\">\n\t\t\t\t<div class=\"elementor-widget-container\">\n\t\t\t\t\t\t\t<div class=\"wd-text-block reset-last-child text-left\">\n\t\t\t\n\t\t\t\ud83d\udce6 Inclu\u00eddo: 1* Cinto de seguran\u00e7a da cadeira de jantar para beb\u00e9.\n\t\t\t\t\t<\/div>\n\t\t\t\t\t\t<\/div>\n\t\t\t\t<\/div>\n\t\t\t\t<div class=\"elementor-element elementor-element-f6c131b elementor-widget elementor-widget-wd_text_block\" data-id=\"f6c131b\" data-element_type=\"widget\" data-widget_type=\"wd_text_block.default\">\n\t\t\t\t<div class=\"elementor-widget-container\">\n\t\t\t\t\t\t\t<div class=\"wd-text-block reset-last-child text-left\">\n\t\t\t\n\t\t\t<p><strong>Garanta a seguran\u00e7a do seu beb\u00e9 e desfrute de experi\u00eancias gastron\u00f3micas sem preocupa\u00e7\u00f5es com o nosso cinto de seguran\u00e7a para beb\u00e9s de alta qualidade. Encomende agora e d\u00ea a si mesmo paz de esp\u00edrito! \ud83d\uded2\ud83d\udc76\ud83d\udc96<\/strong><\/p>\n\t\t\t\t\t<\/div>\n\t\t\t\t\t\t<\/div>\n\t\t\t\t<\/div>\n\t\t\t\t\t<\/div>\n\t\t<\/div>\n\t\t\t\t\t<\/div>\n\t\t<\/section>\n\t\t\t\t<section class=\"wd-negative-gap elementor-section elementor-top-section elementor-element elementor-element-0e761e0 elementor-section-boxed elementor-section-height-default elementor-section-height-default\" data-id=\"0e761e0\" data-element_type=\"section\">\n\t\t\t\t\t\t<div class=\"elementor-container elementor-column-gap-default\">\n\t\t\t\t\t<div class=\"elementor-column elementor-col-100 elementor-top-column elementor-element elementor-element-48461c1\" data-id=\"48461c1\" data-element_type=\"column\">\n\t\t\t<div class=\"elementor-widget-wrap elementor-element-populated\">\n\t\t\t\t\t\t<div class=\"elementor-element elementor-element-f284bd6 wd-width-100 elementor-widget elementor-widget-wd_title\" data-id=\"f284bd6\" data-element_type=\"widget\" data-widget_type=\"wd_title.default\">\n\t\t\t\t<div class=\"elementor-widget-container\">\n\t\t\t\t\t\t\t<div class=\"title-wrapper wd-set-mb reset-last-child wd-title-color-default wd-title-style-default wd-title-size-default text-center\">\n\n\t\t\t\t\t\t\t\t\t\t\t<div class=\"title-subtitle subtitle-color-default subtitle-style-default wd-fontsize-xs\">\n\t\t\t\t\tVER O NOSSO ESPECT\u00c1CULO REAL\t\t\t\t<\/div>\n\t\t\t\n\t\t\t<div class=\"liner-continer\">\n\t\t\t\t<h4 class=\"woodmart-title-container title wd-fontsize-l\">O nosso pequeno v\u00eddeo<\/h4> \n\t\t\t\t\t\t\t<\/div>\n\n\t\t\t\t\t\t\t<div class=\"title-after_title reset-last-child wd-fontsize-xs\">\n\t\t\t\t\t<p>Mostrar o cen\u00e1rio de utiliza\u00e7\u00e3o do produto, para lhe dar a conhecer mais pormenores.<\/p>\t\t\t\t<\/div>\n\t\t\t\t\t<\/div>\n\t\t\t\t\t\t<\/div>\n\t\t\t\t<\/div>\n\t\t\t\t<div class=\"elementor-element elementor-element-242b953 elementor-widget elementor-widget-wd_testimonials\" data-id=\"242b953\" data-element_type=\"widget\" data-widget_type=\"wd_testimonials.default\">\n\t\t\t\t<div class=\"elementor-widget-container\">\n\t\t\t\t\t\t\t<div class=\"testimonials testimon-style-standard  color-scheme- testimon-align-center wd-carousel-container\" id=\"carousel-7522\">\n\t\t\t\t\t\t\t<div class=\"wd-carousel-inner\">\n\t\t\t\n\t\t\t<div class=\"wd-carousel wd-grid\" data-scroll_per_page=\"yes\" style=\"--wd-col-lg:2;--wd-col-md:2;--wd-col-sm:1;--wd-gap-lg:30px;--wd-gap-sm:10px;\">\n\t\t\t\t\t\t\t\t\t<div class=\"wd-carousel-wrap\">\n\t\t\t\t\n\t\t\t\t\t\t\t\t\t\n<div class=\"testimonial wd-carousel-item\">\n\t<div class=\"testimonial-inner\">\n\t\t\n\t\t<div class=\"testimonial-content\">\n\t\t\t<div class=\"testimonial-rating\">\n\t\t\t\t<span class=\"star-rating\">\n\t\t\t\t\t<span style=\"width:100%\"><\/span>\n\t\t\t\t<\/span>\n\t\t\t<\/div>\n\n\t\t\t<p><iframe  id=\"_ytid_57922\"  width=\"800\" height=\"450\"  data-origwidth=\"800\" data-origheight=\"450\"  data-relstop=\"1\" src=\"https:\/\/www.youtube.com\/embed\/5_ix5c6vCoc?enablejsapi=1&autoplay=0&cc_load_policy=1&cc_lang_pref=&iv_load_policy=3&loop=0&rel=0&fs=1&playsinline=0&autohide=2&theme=dark&color=red&controls=1&disablekb=0&\" class=\"__youtube_prefs__  no-lazyload\" title=\"Leitor do YouTube\"  allow=\"fullscreen; accelerometer; autoplay; clipboard-write; encrypted-media; gyroscope; picture-in-picture; web-share\" referrerpolicy=\"strict-origin-when-cross-origin\" allowfullscreen data-no-lazy=\"1\" data-skipgform_ajax_framebjll=\"\"><\/iframe><\/p>\n\t\t\t<footer>\n\t\t\t\t\n\t\t\t\t\t\t\t<\/footer>\n\t\t<\/div>\n\t<\/div>\n<\/div>\t\t\t\t\t\t\t\t\t\n<div class=\"testimonial wd-carousel-item\">\n\t<div class=\"testimonial-inner\">\n\t\t\n\t\t<div class=\"testimonial-content\">\n\t\t\t<div class=\"testimonial-rating\">\n\t\t\t\t<span class=\"star-rating\">\n\t\t\t\t\t<span style=\"width:100%\"><\/span>\n\t\t\t\t<\/span>\n\t\t\t<\/div>\n\n\t\t\t<p>:\u00a0<span class=\"copycode\"><iframe  id=\"_ytid_63240\"  width=\"800\" height=\"450\"  data-origwidth=\"800\" data-origheight=\"450\"  data-relstop=\"1\" src=\"https:\/\/www.youtube.com\/embed\/_xchuBUko8g?enablejsapi=1&autoplay=0&cc_load_policy=1&cc_lang_pref=&iv_load_policy=3&loop=0&rel=0&fs=1&playsinline=0&autohide=2&theme=dark&color=red&controls=1&disablekb=0&\" class=\"__youtube_prefs__  no-lazyload\" title=\"Leitor do YouTube\"  allow=\"fullscreen; accelerometer; autoplay; clipboard-write; encrypted-media; gyroscope; picture-in-picture; web-share\" referrerpolicy=\"strict-origin-when-cross-origin\" allowfullscreen data-no-lazy=\"1\" data-skipgform_ajax_framebjll=\"\"><\/iframe><\/span><\/p>\n\t\t\t<footer>\n\t\t\t\t\n\t\t\t\t\t\t\t\t\t<span>\n\t\t\t\t\t\tProgramador Web\t\t\t\t\t<\/span>\n\t\t\t\t\t\t\t<\/footer>\n\t\t<\/div>\n\t<\/div>\n<\/div>\t\t\t\t\t\t\t\t\t\n<div class=\"testimonial wd-carousel-item\">\n\t<div class=\"testimonial-inner\">\n\t\t\n\t\t<div class=\"testimonial-content\">\n\t\t\t<div class=\"testimonial-rating\">\n\t\t\t\t<span class=\"star-rating\">\n\t\t\t\t\t<span style=\"width:100%\"><\/span>\n\t\t\t\t<\/span>\n\t\t\t<\/div>\n\n\t\t\t<p><iframe  id=\"_ytid_31993\"  width=\"800\" height=\"450\"  data-origwidth=\"800\" data-origheight=\"450\"  data-relstop=\"1\" src=\"https:\/\/www.youtube.com\/embed\/PqvXPqbA2vc?enablejsapi=1&autoplay=0&cc_load_policy=1&cc_lang_pref=&iv_load_policy=3&loop=0&rel=0&fs=1&playsinline=0&autohide=2&theme=dark&color=red&controls=1&disablekb=0&\" class=\"__youtube_prefs__  no-lazyload\" title=\"Leitor do YouTube\"  allow=\"fullscreen; accelerometer; autoplay; clipboard-write; encrypted-media; gyroscope; picture-in-picture; web-share\" referrerpolicy=\"strict-origin-when-cross-origin\" allowfullscreen data-no-lazy=\"1\" data-skipgform_ajax_framebjll=\"\"><\/iframe><\/p>\n\t\t\t<footer>\n\t\t\t\t\n\t\t\t\t\t\t\t<\/footer>\n\t\t<\/div>\n\t<\/div>\n<\/div>\t\t\t\t\n\t\t\t\t\t\t\t\t\t<\/div>\n\t\t\t\t\t\t\t<\/div>\n\t\t\t\t\t\t\t\t\t\t\t\t\t\t<div class=\"wd-nav-arrows wd-pos-sep wd-hover-1 wd-icon-1\">\n\t\t\t<div class=\"wd-btn-arrow wd-prev wd-disabled\">\n\t\t\t\t<div class=\"wd-arrow-inner\"><\/div>\n\t\t\t<\/div>\n\t\t\t<div class=\"wd-btn-arrow wd-next\">\n\t\t\t\t<div class=\"wd-arrow-inner\"><\/div>\n\t\t\t<\/div>\n\t\t<\/div>\n\t\t\t\t\t\t\n\t\t\t\t<\/div>\n\n\t\t\t\t\t\t<div class=\"wd-nav-pagin-wrap text-center wd-style-shape wd-hide-md-sm wd-hide-sm\">\n\t\t\t<ul class=\"wd-nav-pagin\"><\/ul>\n\t\t<\/div>\n\t\t\t\t\t\t\t\t\t\t\t<\/div>\n\t\t\t\t\t\t<\/div>\n\t\t\t\t<\/div>\n\t\t\t\t\t<\/div>\n\t\t<\/div>\n\t\t\t\t\t<\/div>\n\t\t<\/section>\n\t\t\t\t<\/div>","protected":false},"excerpt":{"rendered":"<p>&#8220;<strong>O seu beb\u00e9 mexe-se constantemente durante as refei\u00e7\u00f5es?<\/strong> Experimente o nosso cinto de seguran\u00e7a para cadeira de alimenta\u00e7\u00e3o de beb\u00e9! Seguro e fi\u00e1vel, mant\u00e9m o seu pequeno confortavelmente sentado, tornando a hora das refei\u00e7\u00f5es sem complica\u00e7\u00f5es. Compre agora e receba frete gr\u00e1tis!<\/p>","protected":false},"featured_media":15144,"comment_status":"open","ping_status":"closed","template":"","meta":{"_acf_changed":false},"product_brand":[],"product_cat":[508],"product_tag":[564,565,560,562,563,561,559],"class_list":{"0":"post-15141","1":"product","2":"type-product","3":"status-publish","4":"has-post-thumbnail","6":"product_cat-best-baby-feeding","7":"product_tag-baby-chair-safety-belt","8":"product_tag-baby-high-chair-seat-belt","9":"product_tag-baby-safety-belt","10":"product_tag-high-chair-belt","11":"product_tag-high-chair-safety-belt","12":"product_tag-high-chair-seat-belt","13":"product_tag-safety-belt-for-baby","15":"first","16":"instock","17":"taxable","18":"shipping-taxable","19":"purchasable","20":"product-type-variable","21":"wvs-archive-product-wrapper"},"acf":[],"_links":{"self":[{"href":"https:\/\/babyvk.com\/pt\/wp-json\/wp\/v2\/product\/15141","targetHints":{"allow":["GET"]}}],"collection":[{"href":"https:\/\/babyvk.com\/pt\/wp-json\/wp\/v2\/product"}],"about":[{"href":"https:\/\/babyvk.com\/pt\/wp-json\/wp\/v2\/types\/product"}],"replies":[{"embeddable":true,"href":"https:\/\/babyvk.com\/pt\/wp-json\/wp\/v2\/comments?post=15141"}],"version-history":[{"count":0,"href":"https:\/\/babyvk.com\/pt\/wp-json\/wp\/v2\/product\/15141\/revisions"}],"wp:featuredmedia":[{"embeddable":true,"href":"https:\/\/babyvk.com\/pt\/wp-json\/wp\/v2\/media\/15144"}],"wp:attachment":[{"href":"https:\/\/babyvk.com\/pt\/wp-json\/wp\/v2\/media?parent=15141"}],"wp:term":[{"taxonomy":"product_brand","embeddable":true,"href":"https:\/\/babyvk.com\/pt\/wp-json\/wp\/v2\/product_brand?post=15141"},{"taxonomy":"product_cat","embeddable":true,"href":"https:\/\/babyvk.com\/pt\/wp-json\/wp\/v2\/product_cat?post=15141"},{"taxonomy":"product_tag","embeddable":true,"href":"https:\/\/babyvk.com\/pt\/wp-json\/wp\/v2\/product_tag?post=15141"}],"curies":[{"name":"wp","href":"https:\/\/api.w.org\/{rel}","templated":true}]}}