{"id":14902,"date":"2023-06-22T12:50:42","date_gmt":"2023-06-22T12:50:42","guid":{"rendered":"https:\/\/babyvk.com\/?post_type=product&#038;p=14902"},"modified":"2025-11-02T05:12:56","modified_gmt":"2025-11-02T05:12:56","slug":"crawling-crab-sensory-toy-with-music","status":"publish","type":"product","link":"https:\/\/babyvk.com\/pt\/product\/crawling-crab-sensory-toy-with-music\/","title":{"rendered":"Brinquedo sensorial Caranguejo rastejante"},"content":{"rendered":"<div data-elementor-type=\"product-post\" data-elementor-id=\"14902\" class=\"elementor elementor-14902\" data-elementor-post-type=\"product\">\n\t\t\t\t\t\t<section class=\"elementor-section elementor-top-section elementor-element elementor-element-91bb0ec elementor-section-boxed elementor-section-height-default elementor-section-height-default\" data-id=\"91bb0ec\" data-element_type=\"section\">\n\t\t\t\t\t\t<div class=\"elementor-container elementor-column-gap-default\">\n\t\t\t\t\t<div class=\"elementor-column elementor-col-100 elementor-top-column elementor-element elementor-element-add17eb\" data-id=\"add17eb\" data-element_type=\"column\">\n\t\t\t<div class=\"elementor-widget-wrap elementor-element-populated\">\n\t\t\t\t\t\t<div class=\"elementor-element elementor-element-9a4e87c elementor-widget elementor-widget-wd_text_block\" data-id=\"9a4e87c\" data-element_type=\"widget\" data-widget_type=\"wd_text_block.default\">\n\t\t\t\t<div class=\"elementor-widget-container\">\n\t\t\t\t\t\t\t<div class=\"wd-text-block reset-last-child text-left\">\n\t\t\t\n\t\t\t<p>\ud83e\udd80\ud83c\udfb5 O Crawling Crab Sensory Toy \u00e9 um caranguejo bonito de indu\u00e7\u00e3o el\u00e9ctrica que traz alegria e excita\u00e7\u00e3o \u00e0s crian\u00e7as. Com sua fun\u00e7\u00e3o de rastreamento de luz LED e preven\u00e7\u00e3o de obst\u00e1culos de sensores, ele garante divers\u00e3o sem fim, atendendo \u00e0s necessidades de entretenimento e seguran\u00e7a. \ud83c\udf1f\ud83d\udeb6\u200d\u2642\ufe0f\ud83c\udfb6<\/p>\n\t\t\t\t\t<\/div>\n\t\t\t\t\t\t<\/div>\n\t\t\t\t<\/div>\n\t\t\t\t\t<\/div>\n\t\t<\/div>\n\t\t\t\t\t<\/div>\n\t\t<\/section>\n\t\t\t\t<section class=\"wd-negative-gap elementor-section elementor-top-section elementor-element elementor-element-fe27483 elementor-section-boxed elementor-section-height-default elementor-section-height-default\" data-id=\"fe27483\" data-element_type=\"section\">\n\t\t\t\t\t\t<div class=\"elementor-container elementor-column-gap-default\">\n\t\t\t\t\t<div class=\"elementor-column elementor-col-100 elementor-top-column elementor-element elementor-element-2b3f467\" data-id=\"2b3f467\" data-element_type=\"column\">\n\t\t\t<div class=\"elementor-widget-wrap elementor-element-populated\">\n\t\t\t\t\t\t<div class=\"elementor-element elementor-element-eb84596 elementor-widget elementor-widget-wd_image_or_svg\" data-id=\"eb84596\" data-element_type=\"widget\" data-widget_type=\"wd_image_or_svg.default\">\n\t\t\t\t<div class=\"elementor-widget-container\">\n\t\t\t\t\t\n\t\t<div class=\"wd-image text-center\">\n\t\t\t\t\t\t\t\t<img fetchpriority=\"high\" decoding=\"async\" width=\"480\" height=\"270\" src=\"https:\/\/babyvk.com\/wp-content\/uploads\/2023\/06\/Escape-Crabs-toy.webp\" class=\"attachment-full size-full wvs-archive-product-image\" alt=\"Brinquedo &quot;Crab Run Away\" srcset=\"https:\/\/babyvk.com\/wp-content\/uploads\/2023\/06\/Escape-Crabs-toy.webp 480w, https:\/\/babyvk.com\/wp-content\/uploads\/2023\/06\/Escape-Crabs-toy-30x17.webp 30w, https:\/\/babyvk.com\/wp-content\/uploads\/2023\/06\/Escape-Crabs-toy-400x225.webp 400w, https:\/\/babyvk.com\/wp-content\/uploads\/2023\/06\/Escape-Crabs-toy-430x242.webp 430w\" sizes=\"(max-width: 480px) 100vw, 480px\" title=\"\">\t\t\t\t\t<\/div>\n\n\t\t\t\t\t\t<\/div>\n\t\t\t\t<\/div>\n\t\t\t\t\t<\/div>\n\t\t<\/div>\n\t\t\t\t\t<\/div>\n\t\t<\/section>\n\t\t\t\t<section class=\"elementor-section elementor-top-section elementor-element elementor-element-c4707c9 elementor-section-boxed elementor-section-height-default elementor-section-height-default\" data-id=\"c4707c9\" data-element_type=\"section\">\n\t\t\t\t\t\t<div class=\"elementor-container elementor-column-gap-default\">\n\t\t\t\t\t<div class=\"elementor-column elementor-col-100 elementor-top-column elementor-element elementor-element-f261b79\" data-id=\"f261b79\" data-element_type=\"column\">\n\t\t\t<div class=\"elementor-widget-wrap elementor-element-populated\">\n\t\t\t\t\t\t<div class=\"elementor-element elementor-element-226073b elementor-widget elementor-widget-wd_text_block\" data-id=\"226073b\" data-element_type=\"widget\" data-widget_type=\"wd_text_block.default\">\n\t\t\t\t<div class=\"elementor-widget-container\">\n\t\t\t\t\t\t\t<div class=\"wd-text-block reset-last-child text-left\">\n\t\t\t\n\t\t\t<p><strong>Carater\u00edsticas:<\/strong><\/p><ol><li><strong>Rastejante com luz LED:<\/strong> Veja o brinquedo caranguejo a deslizar pelo ch\u00e3o, encantando as crian\u00e7as com as suas cativantes luzes LED.<\/li><li><strong>Evitar obst\u00e1culos com sensores:<\/strong> Quando encontra um obst\u00e1culo, o brinquedo muda rapidamente de dire\u00e7\u00e3o, garantindo uma experi\u00eancia de gatinhar suave e sem obst\u00e1culos.<\/li><li><b>Del\u00edcia musical: <\/b>Com melodias alegres que acompanham os seus movimentos, o brinquedo musical do caranguejo desperta a alegria e estimula os sentidos auditivos.<\/li><li><b>Divers\u00e3o de longa dura\u00e7\u00e3o: <\/b>Alimentado por uma bateria de l\u00edtio de 3,7 V, um carregamento r\u00e1pido de 2 horas garante 20-30 minutos de tempo de jogo cont\u00ednuo, mantendo a emo\u00e7\u00e3o.<\/li><li><b>Carregamento c\u00f3modo: <\/b>A embalagem inclui um cabo de carregamento USB, que permite um carregamento f\u00e1cil atrav\u00e9s de um carregador USB, computador ou banco de pot\u00eancia. N\u00e3o se esque\u00e7a de desligar o brinquedo durante o processo de carregamento.<\/li><\/ol>\n\t\t\t\t\t<\/div>\n\t\t\t\t\t\t<\/div>\n\t\t\t\t<\/div>\n\t\t\t\t\t<\/div>\n\t\t<\/div>\n\t\t\t\t\t<\/div>\n\t\t<\/section>\n\t\t\t\t<section class=\"elementor-section elementor-top-section elementor-element elementor-element-bdb49fb elementor-section-boxed elementor-section-height-default elementor-section-height-default\" data-id=\"bdb49fb\" data-element_type=\"section\">\n\t\t\t\t\t\t<div class=\"elementor-container elementor-column-gap-default\">\n\t\t\t\t\t<div class=\"elementor-column elementor-col-100 elementor-top-column elementor-element elementor-element-29dc3b8\" data-id=\"29dc3b8\" data-element_type=\"column\">\n\t\t\t<div class=\"elementor-widget-wrap elementor-element-populated\">\n\t\t\t\t\t\t<div class=\"elementor-element elementor-element-485f4c7 wd-width-100 elementor-widget elementor-widget-wd_title\" data-id=\"485f4c7\" data-element_type=\"widget\" data-widget_type=\"wd_title.default\">\n\t\t\t\t<div class=\"elementor-widget-container\">\n\t\t\t\t\t\t\t<div class=\"title-wrapper wd-set-mb reset-last-child wd-title-color-default wd-title-style-default wd-title-size-default text-left\">\n\n\t\t\t\n\t\t\t<div class=\"liner-continer\">\n\t\t\t\t<h4 class=\"woodmart-title-container title wd-fontsize-l\">Especifica\u00e7\u00f5es:<\/h4> \n\t\t\t\t\t\t\t<\/div>\n\n\t\t\t\t\t<\/div>\n\t\t\t\t\t\t<\/div>\n\t\t\t\t<\/div>\n\t\t\t\t<div class=\"elementor-element elementor-element-c5cea19 elementor-widget elementor-widget-wd_text_block\" data-id=\"c5cea19\" data-element_type=\"widget\" data-widget_type=\"wd_text_block.default\">\n\t\t\t\t<div class=\"elementor-widget-container\">\n\t\t\t\t\t\t\t<div class=\"wd-text-block reset-last-child text-left\">\n\t\t\t\n\t\t\t<p>\ud83d\udd38 Tipo de item: Brinquedo sensorial de caranguejo rastejante<br \/>\ud83d\udd38 Material: Pl\u00e1stico + Componente el\u00e9trico <br \/>Bateria: Bateria incorporada <br \/>Fonte de alimenta\u00e7\u00e3o: USB<\/p>\n\t\t\t\t\t<\/div>\n\t\t\t\t\t\t<\/div>\n\t\t\t\t<\/div>\n\t\t\t\t<div class=\"elementor-element elementor-element-c1e8074 wd-width-100 elementor-widget elementor-widget-wd_title\" data-id=\"c1e8074\" data-element_type=\"widget\" data-widget_type=\"wd_title.default\">\n\t\t\t\t<div class=\"elementor-widget-container\">\n\t\t\t\t\t\t\t<div class=\"title-wrapper wd-set-mb reset-last-child wd-title-color-default wd-title-style-default wd-title-size-default text-left\">\n\n\t\t\t\n\t\t\t<div class=\"liner-continer\">\n\t\t\t\t<h4 class=\"woodmart-title-container title wd-fontsize-l\">Embalagem:<\/h4> \n\t\t\t\t\t\t\t<\/div>\n\n\t\t\t\t\t<\/div>\n\t\t\t\t\t\t<\/div>\n\t\t\t\t<\/div>\n\t\t\t\t<div class=\"elementor-element elementor-element-76b83ef elementor-widget elementor-widget-wd_text_block\" data-id=\"76b83ef\" data-element_type=\"widget\" data-widget_type=\"wd_text_block.default\">\n\t\t\t\t<div class=\"elementor-widget-container\">\n\t\t\t\t\t\t\t<div class=\"wd-text-block reset-last-child text-left\">\n\t\t\t\n\t\t\t<p>\ud83d\udce6 1* Brinquedo para andar de caranguejo<\/p>\n\t\t\t\t\t<\/div>\n\t\t\t\t\t\t<\/div>\n\t\t\t\t<\/div>\n\t\t\t\t\t<\/div>\n\t\t<\/div>\n\t\t\t\t\t<\/div>\n\t\t<\/section>\n\t\t\t\t<section class=\"elementor-section elementor-top-section elementor-element elementor-element-a188051 elementor-section-boxed elementor-section-height-default elementor-section-height-default\" data-id=\"a188051\" data-element_type=\"section\">\n\t\t\t\t\t\t<div class=\"elementor-container elementor-column-gap-default\">\n\t\t\t\t\t<div class=\"elementor-column elementor-col-100 elementor-top-column elementor-element elementor-element-c864d23\" data-id=\"c864d23\" data-element_type=\"column\">\n\t\t\t<div class=\"elementor-widget-wrap elementor-element-populated\">\n\t\t\t\t\t\t<div class=\"elementor-element elementor-element-cba6bfc elementor-widget elementor-widget-wd_image_or_svg\" data-id=\"cba6bfc\" data-element_type=\"widget\" data-widget_type=\"wd_image_or_svg.default\">\n\t\t\t\t<div class=\"elementor-widget-container\">\n\t\t\t\t\t\n\t\t<div class=\"wd-image text-center\">\n\t\t\t\t\t\t\t\t<img decoding=\"async\" width=\"1000\" height=\"1000\" src=\"https:\/\/babyvk.com\/wp-content\/uploads\/2023\/06\/headcrab-toys.webp\" class=\"attachment-full size-full wvs-archive-product-image\" alt=\"plastic crab toy\" srcset=\"https:\/\/babyvk.com\/wp-content\/uploads\/2023\/06\/headcrab-toys.webp 1000w, https:\/\/babyvk.com\/wp-content\/uploads\/2023\/06\/headcrab-toys-30x30.webp 30w, https:\/\/babyvk.com\/wp-content\/uploads\/2023\/06\/headcrab-toys-50x50.webp 50w, https:\/\/babyvk.com\/wp-content\/uploads\/2023\/06\/headcrab-toys-100x100.webp 100w, https:\/\/babyvk.com\/wp-content\/uploads\/2023\/06\/headcrab-toys-150x150.webp 150w, https:\/\/babyvk.com\/wp-content\/uploads\/2023\/06\/headcrab-toys-300x300.webp 300w, https:\/\/babyvk.com\/wp-content\/uploads\/2023\/06\/headcrab-toys-768x768.webp 768w, https:\/\/babyvk.com\/wp-content\/uploads\/2023\/06\/headcrab-toys-800x800.webp 800w, https:\/\/babyvk.com\/wp-content\/uploads\/2023\/06\/headcrab-toys-860x860.webp 860w, https:\/\/babyvk.com\/wp-content\/uploads\/2023\/06\/headcrab-toys-500x500.webp 500w, https:\/\/babyvk.com\/wp-content\/uploads\/2023\/06\/headcrab-toys-430x430.webp 430w, https:\/\/babyvk.com\/wp-content\/uploads\/2023\/06\/headcrab-toys-700x700.webp 700w\" sizes=\"(max-width: 1000px) 100vw, 1000px\" title=\"\">\t\t\t\t\t<\/div>\n\n\t\t\t\t\t\t<\/div>\n\t\t\t\t<\/div>\n\t\t\t\t<div class=\"elementor-element elementor-element-3fb3852 elementor-widget elementor-widget-wd_image_or_svg\" data-id=\"3fb3852\" data-element_type=\"widget\" data-widget_type=\"wd_image_or_svg.default\">\n\t\t\t\t<div class=\"elementor-widget-container\">\n\t\t\t\t\t\n\t\t<div class=\"wd-image text-center\">\n\t\t\t\t\t\t\t\t<img decoding=\"async\" width=\"1000\" height=\"1000\" src=\"https:\/\/babyvk.com\/wp-content\/uploads\/2023\/06\/running-crab-toy.webp\" class=\"attachment-full size-full wvs-archive-product-image\" alt=\"crawling crab toy\" srcset=\"https:\/\/babyvk.com\/wp-content\/uploads\/2023\/06\/running-crab-toy.webp 1000w, https:\/\/babyvk.com\/wp-content\/uploads\/2023\/06\/running-crab-toy-30x30.webp 30w, https:\/\/babyvk.com\/wp-content\/uploads\/2023\/06\/running-crab-toy-50x50.webp 50w, https:\/\/babyvk.com\/wp-content\/uploads\/2023\/06\/running-crab-toy-100x100.webp 100w, https:\/\/babyvk.com\/wp-content\/uploads\/2023\/06\/running-crab-toy-150x150.webp 150w, https:\/\/babyvk.com\/wp-content\/uploads\/2023\/06\/running-crab-toy-300x300.webp 300w, https:\/\/babyvk.com\/wp-content\/uploads\/2023\/06\/running-crab-toy-768x768.webp 768w, https:\/\/babyvk.com\/wp-content\/uploads\/2023\/06\/running-crab-toy-800x800.webp 800w, https:\/\/babyvk.com\/wp-content\/uploads\/2023\/06\/running-crab-toy-860x860.webp 860w, https:\/\/babyvk.com\/wp-content\/uploads\/2023\/06\/running-crab-toy-500x500.webp 500w, https:\/\/babyvk.com\/wp-content\/uploads\/2023\/06\/running-crab-toy-430x430.webp 430w, https:\/\/babyvk.com\/wp-content\/uploads\/2023\/06\/running-crab-toy-700x700.webp 700w\" sizes=\"(max-width: 1000px) 100vw, 1000px\" title=\"\">\t\t\t\t\t<\/div>\n\n\t\t\t\t\t\t<\/div>\n\t\t\t\t<\/div>\n\t\t\t\t<div class=\"elementor-element elementor-element-9be9c3e elementor-widget elementor-widget-wd_image_or_svg\" data-id=\"9be9c3e\" data-element_type=\"widget\" data-widget_type=\"wd_image_or_svg.default\">\n\t\t\t\t<div class=\"elementor-widget-container\">\n\t\t\t\t\t\n\t\t<div class=\"wd-image text-center\">\n\t\t\t\t\t\t\t\t<img loading=\"lazy\" decoding=\"async\" width=\"1000\" height=\"1000\" src=\"https:\/\/babyvk.com\/wp-content\/uploads\/2023\/06\/Crawling-Crab-Sensory-Toys.webp\" class=\"attachment-full size-full wvs-archive-product-image\" alt=\"brinquedo de andar de caranguejo\" srcset=\"https:\/\/babyvk.com\/wp-content\/uploads\/2023\/06\/Crawling-Crab-Sensory-Toys.webp 1000w, https:\/\/babyvk.com\/wp-content\/uploads\/2023\/06\/Crawling-Crab-Sensory-Toys-30x30.webp 30w, https:\/\/babyvk.com\/wp-content\/uploads\/2023\/06\/Crawling-Crab-Sensory-Toys-50x50.webp 50w, https:\/\/babyvk.com\/wp-content\/uploads\/2023\/06\/Crawling-Crab-Sensory-Toys-100x100.webp 100w, https:\/\/babyvk.com\/wp-content\/uploads\/2023\/06\/Crawling-Crab-Sensory-Toys-150x150.webp 150w, https:\/\/babyvk.com\/wp-content\/uploads\/2023\/06\/Crawling-Crab-Sensory-Toys-300x300.webp 300w, https:\/\/babyvk.com\/wp-content\/uploads\/2023\/06\/Crawling-Crab-Sensory-Toys-768x768.webp 768w, https:\/\/babyvk.com\/wp-content\/uploads\/2023\/06\/Crawling-Crab-Sensory-Toys-800x800.webp 800w, https:\/\/babyvk.com\/wp-content\/uploads\/2023\/06\/Crawling-Crab-Sensory-Toys-860x860.webp 860w, https:\/\/babyvk.com\/wp-content\/uploads\/2023\/06\/Crawling-Crab-Sensory-Toys-500x500.webp 500w, https:\/\/babyvk.com\/wp-content\/uploads\/2023\/06\/Crawling-Crab-Sensory-Toys-430x430.webp 430w, https:\/\/babyvk.com\/wp-content\/uploads\/2023\/06\/Crawling-Crab-Sensory-Toys-700x700.webp 700w\" sizes=\"(max-width: 1000px) 100vw, 1000px\" title=\"\">\t\t\t\t\t<\/div>\n\n\t\t\t\t\t\t<\/div>\n\t\t\t\t<\/div>\n\t\t\t\t\t<\/div>\n\t\t<\/div>\n\t\t\t\t\t<\/div>\n\t\t<\/section>\n\t\t\t\t<section class=\"elementor-section elementor-top-section elementor-element elementor-element-681f4fc elementor-section-boxed elementor-section-height-default elementor-section-height-default\" data-id=\"681f4fc\" data-element_type=\"section\">\n\t\t\t\t\t\t<div class=\"elementor-container elementor-column-gap-default\">\n\t\t\t\t\t<div class=\"elementor-column elementor-col-100 elementor-top-column elementor-element elementor-element-3076d39\" data-id=\"3076d39\" data-element_type=\"column\">\n\t\t\t<div class=\"elementor-widget-wrap elementor-element-populated\">\n\t\t\t\t\t\t<div class=\"elementor-element elementor-element-24d4c70 elementor-widget elementor-widget-wd_text_block\" data-id=\"24d4c70\" data-element_type=\"widget\" data-widget_type=\"wd_text_block.default\">\n\t\t\t\t<div class=\"elementor-widget-container\">\n\t\t\t\t\t\t\t<div class=\"wd-text-block reset-last-child text-left\">\n\t\t\t\n\t\t\t<p>\ud83e\udd80\ud83d\udeb6\u200d\u2642\ufe0f\ud83c\udfb5 Deixe o Crawling Crab Sensory Toy hipnotizar as crian\u00e7as com as suas encantadoras luzes LED, capacidades de dete\u00e7\u00e3o de obst\u00e1culos, m\u00fasica deliciosa e tempo de jogo duradouro. Encomende agora para uma experi\u00eancia cativante de caranguejo! \ud83c\udf1f<\/p>\n\t\t\t\t\t<\/div>\n\t\t\t\t\t\t<\/div>\n\t\t\t\t<\/div>\n\t\t\t\t\t<\/div>\n\t\t<\/div>\n\t\t\t\t\t<\/div>\n\t\t<\/section>\n\t\t\t\t<section class=\"wd-negative-gap elementor-section elementor-top-section elementor-element elementor-element-ed9bb5b elementor-section-boxed elementor-section-height-default elementor-section-height-default\" data-id=\"ed9bb5b\" data-element_type=\"section\">\n\t\t\t\t\t\t<div class=\"elementor-container elementor-column-gap-default\">\n\t\t\t\t\t<div class=\"elementor-column elementor-col-100 elementor-top-column elementor-element elementor-element-72276c9\" data-id=\"72276c9\" data-element_type=\"column\">\n\t\t\t<div class=\"elementor-widget-wrap elementor-element-populated\">\n\t\t\t\t\t\t<div class=\"elementor-element elementor-element-9f0e9d1 wd-width-100 elementor-widget elementor-widget-wd_title\" data-id=\"9f0e9d1\" data-element_type=\"widget\" data-widget_type=\"wd_title.default\">\n\t\t\t\t<div class=\"elementor-widget-container\">\n\t\t\t\t\t\t\t<div class=\"title-wrapper wd-set-mb reset-last-child wd-title-color-default wd-title-style-default wd-title-size-default text-center\">\n\n\t\t\t\t\t\t\t\t\t\t\t<div class=\"title-subtitle subtitle-color-default subtitle-style-default wd-fontsize-xs\">\n\t\t\t\t\tVER O NOSSO ESPECT\u00c1CULO REAL\t\t\t\t<\/div>\n\t\t\t\n\t\t\t<div class=\"liner-continer\">\n\t\t\t\t<h4 class=\"woodmart-title-container title wd-fontsize-l\">O nosso pequeno v\u00eddeo<\/h4> \n\t\t\t\t\t\t\t<\/div>\n\n\t\t\t\t\t\t\t<div class=\"title-after_title reset-last-child wd-fontsize-xs\">\n\t\t\t\t\t<p>Mostrar o cen\u00e1rio de utiliza\u00e7\u00e3o do produto, para lhe dar a conhecer mais pormenores.<\/p>\t\t\t\t<\/div>\n\t\t\t\t\t<\/div>\n\t\t\t\t\t\t<\/div>\n\t\t\t\t<\/div>\n\t\t\t\t<div class=\"elementor-element elementor-element-c0b865c elementor-widget elementor-widget-wd_testimonials\" data-id=\"c0b865c\" data-element_type=\"widget\" data-widget_type=\"wd_testimonials.default\">\n\t\t\t\t<div class=\"elementor-widget-container\">\n\t\t\t\t\t\t\t<div class=\"testimonials testimon-style-standard  color-scheme- testimon-align-center wd-carousel-container\" id=\"carousel-3431\">\n\t\t\t\t\t\t\t<div class=\"wd-carousel-inner\">\n\t\t\t\n\t\t\t<div class=\"wd-carousel wd-grid\" data-scroll_per_page=\"yes\" style=\"--wd-col-lg:2;--wd-col-md:2;--wd-col-sm:1;--wd-gap-lg:30px;--wd-gap-sm:10px;\">\n\t\t\t\t\t\t\t\t\t<div class=\"wd-carousel-wrap\">\n\t\t\t\t\n\t\t\t\t\t\t\t\t\t\n<div class=\"testimonial wd-carousel-item\">\n\t<div class=\"testimonial-inner\">\n\t\t\n\t\t<div class=\"testimonial-content\">\n\t\t\t<div class=\"testimonial-rating\">\n\t\t\t\t<span class=\"star-rating\">\n\t\t\t\t\t<span style=\"width:100%\"><\/span>\n\t\t\t\t<\/span>\n\t\t\t<\/div>\n\n\t\t\t<p><iframe  id=\"_ytid_30811\"  width=\"800\" height=\"450\"  data-origwidth=\"800\" data-origheight=\"450\"  data-relstop=\"1\" src=\"https:\/\/www.youtube.com\/embed\/w1LBRIa6DaM?enablejsapi=1&autoplay=0&cc_load_policy=1&cc_lang_pref=&iv_load_policy=3&loop=0&rel=0&fs=1&playsinline=0&autohide=2&theme=dark&color=red&controls=1&disablekb=0&\" class=\"__youtube_prefs__  no-lazyload\" title=\"Leitor do YouTube\"  allow=\"fullscreen; accelerometer; autoplay; clipboard-write; encrypted-media; gyroscope; picture-in-picture; web-share\" referrerpolicy=\"strict-origin-when-cross-origin\" allowfullscreen data-no-lazy=\"1\" data-skipgform_ajax_framebjll=\"\"><\/iframe><\/p>\n\t\t\t<footer>\n\t\t\t\t\n\t\t\t\t\t\t\t<\/footer>\n\t\t<\/div>\n\t<\/div>\n<\/div>\t\t\t\t\t\t\t\t\t\n<div class=\"testimonial wd-carousel-item\">\n\t<div class=\"testimonial-inner\">\n\t\t\n\t\t<div class=\"testimonial-content\">\n\t\t\t<div class=\"testimonial-rating\">\n\t\t\t\t<span class=\"star-rating\">\n\t\t\t\t\t<span style=\"width:100%\"><\/span>\n\t\t\t\t<\/span>\n\t\t\t<\/div>\n\n\t\t\t<p><iframe  id=\"_ytid_21249\"  width=\"800\" height=\"450\"  data-origwidth=\"800\" data-origheight=\"450\"  data-relstop=\"1\" src=\"https:\/\/www.youtube.com\/embed\/R7KU_Ptynm0?enablejsapi=1&autoplay=0&cc_load_policy=1&cc_lang_pref=&iv_load_policy=3&loop=0&rel=0&fs=1&playsinline=0&autohide=2&theme=dark&color=red&controls=1&disablekb=0&\" class=\"__youtube_prefs__  no-lazyload\" title=\"Leitor do YouTube\"  allow=\"fullscreen; accelerometer; autoplay; clipboard-write; encrypted-media; gyroscope; picture-in-picture; web-share\" referrerpolicy=\"strict-origin-when-cross-origin\" allowfullscreen data-no-lazy=\"1\" data-skipgform_ajax_framebjll=\"\"><\/iframe><\/p>\n\t\t\t<footer>\n\t\t\t\t\n\t\t\t\t\t\t\t<\/footer>\n\t\t<\/div>\n\t<\/div>\n<\/div>\t\t\t\t\t\t\t\t\t\n<div class=\"testimonial wd-carousel-item\">\n\t<div class=\"testimonial-inner\">\n\t\t\n\t\t<div class=\"testimonial-content\">\n\t\t\t<div class=\"testimonial-rating\">\n\t\t\t\t<span class=\"star-rating\">\n\t\t\t\t\t<span style=\"width:100%\"><\/span>\n\t\t\t\t<\/span>\n\t\t\t<\/div>\n\n\t\t\t<p><iframe  id=\"_ytid_38807\"  width=\"800\" height=\"450\"  data-origwidth=\"800\" data-origheight=\"450\"  data-relstop=\"1\" src=\"https:\/\/www.youtube.com\/embed\/C7I-DxIjV9k?enablejsapi=1&autoplay=0&cc_load_policy=1&cc_lang_pref=&iv_load_policy=3&loop=0&rel=0&fs=1&playsinline=0&autohide=2&theme=dark&color=red&controls=1&disablekb=0&\" class=\"__youtube_prefs__  no-lazyload\" title=\"Leitor do YouTube\"  allow=\"fullscreen; accelerometer; autoplay; clipboard-write; encrypted-media; gyroscope; picture-in-picture; web-share\" referrerpolicy=\"strict-origin-when-cross-origin\" allowfullscreen data-no-lazy=\"1\" data-skipgform_ajax_framebjll=\"\"><\/iframe><\/p>\n\t\t\t<footer>\n\t\t\t\t\n\t\t\t\t\t\t\t<\/footer>\n\t\t<\/div>\n\t<\/div>\n<\/div>\t\t\t\t\t\t\t\t\t\n<div class=\"testimonial wd-carousel-item\">\n\t<div class=\"testimonial-inner\">\n\t\t\n\t\t<div class=\"testimonial-content\">\n\t\t\t<div class=\"testimonial-rating\">\n\t\t\t\t<span class=\"star-rating\">\n\t\t\t\t\t<span style=\"width:100%\"><\/span>\n\t\t\t\t<\/span>\n\t\t\t<\/div>\n\n\t\t\t<p><iframe  id=\"_ytid_51638\"  width=\"800\" height=\"450\"  data-origwidth=\"800\" data-origheight=\"450\"  data-relstop=\"1\" src=\"https:\/\/www.youtube.com\/embed\/7DvtAsC-Ke4?enablejsapi=1&autoplay=0&cc_load_policy=1&cc_lang_pref=&iv_load_policy=3&loop=0&rel=0&fs=1&playsinline=0&autohide=2&theme=dark&color=red&controls=1&disablekb=0&\" class=\"__youtube_prefs__  no-lazyload\" title=\"Leitor do YouTube\"  allow=\"fullscreen; accelerometer; autoplay; clipboard-write; encrypted-media; gyroscope; picture-in-picture; web-share\" referrerpolicy=\"strict-origin-when-cross-origin\" allowfullscreen data-no-lazy=\"1\" data-skipgform_ajax_framebjll=\"\"><\/iframe><\/p>\n\t\t\t<footer>\n\t\t\t\t\n\t\t\t\t\t\t\t<\/footer>\n\t\t<\/div>\n\t<\/div>\n<\/div>\t\t\t\t\t\t\t\t\t\n<div class=\"testimonial wd-carousel-item\">\n\t<div class=\"testimonial-inner\">\n\t\t\n\t\t<div class=\"testimonial-content\">\n\t\t\t<div class=\"testimonial-rating\">\n\t\t\t\t<span class=\"star-rating\">\n\t\t\t\t\t<span style=\"width:100%\"><\/span>\n\t\t\t\t<\/span>\n\t\t\t<\/div>\n\n\t\t\t<p><iframe  id=\"_ytid_20252\"  width=\"800\" height=\"450\"  data-origwidth=\"800\" data-origheight=\"450\"  data-relstop=\"1\" src=\"https:\/\/www.youtube.com\/embed\/9NVxKRPMimc?enablejsapi=1&autoplay=0&cc_load_policy=1&cc_lang_pref=&iv_load_policy=3&loop=0&rel=0&fs=1&playsinline=0&autohide=2&theme=dark&color=red&controls=1&disablekb=0&\" class=\"__youtube_prefs__  no-lazyload\" title=\"Leitor do YouTube\"  allow=\"fullscreen; accelerometer; autoplay; clipboard-write; encrypted-media; gyroscope; picture-in-picture; web-share\" referrerpolicy=\"strict-origin-when-cross-origin\" allowfullscreen data-no-lazy=\"1\" data-skipgform_ajax_framebjll=\"\"><\/iframe><\/p>\n\t\t\t<footer>\n\t\t\t\t\n\t\t\t\t\t\t\t<\/footer>\n\t\t<\/div>\n\t<\/div>\n<\/div>\t\t\t\t\n\t\t\t\t\t\t\t\t\t<\/div>\n\t\t\t\t\t\t\t<\/div>\n\t\t\t\t\t\t\t\t\t\t\t\t\t\t<div class=\"wd-nav-arrows wd-pos-sep wd-hover-1 wd-icon-1\">\n\t\t\t<div class=\"wd-btn-arrow wd-prev wd-disabled\">\n\t\t\t\t<div class=\"wd-arrow-inner\"><\/div>\n\t\t\t<\/div>\n\t\t\t<div class=\"wd-btn-arrow wd-next\">\n\t\t\t\t<div class=\"wd-arrow-inner\"><\/div>\n\t\t\t<\/div>\n\t\t<\/div>\n\t\t\t\t\t\t\n\t\t\t\t<\/div>\n\n\t\t\t\t\t\t<div class=\"wd-nav-pagin-wrap text-center wd-style-shape wd-hide-md-sm wd-hide-sm\">\n\t\t\t<ul class=\"wd-nav-pagin\"><\/ul>\n\t\t<\/div>\n\t\t\t\t\t\t\t\t\t\t\t<\/div>\n\t\t\t\t\t\t<\/div>\n\t\t\t\t<\/div>\n\t\t\t\t\t<\/div>\n\t\t<\/div>\n\t\t\t\t\t<\/div>\n\t\t<\/section>\n\t\t\t\t<\/div>","protected":false},"excerpt":{"rendered":"<p>&#8220;<strong>Procura uma experi\u00eancia sensorial envolvente?<\/strong> Conhe\u00e7a o brinquedo sensorial Caranguejo Rastejante! Estimula a curiosidade e incentiva a explora\u00e7\u00e3o sensorial das crian\u00e7as. Compre agora para envio gratuito e obtenha 30% OFF!<\/p>","protected":false},"featured_media":14913,"comment_status":"open","ping_status":"closed","template":"","meta":{"_acf_changed":false},"product_brand":[],"product_cat":[509],"product_tag":[544,543,546,545,548,547],"class_list":{"0":"post-14902","1":"product","2":"type-product","3":"status-publish","4":"has-post-thumbnail","6":"product_cat-best-baby-toys","7":"product_tag-crab-walking-toy","8":"product_tag-crawling-crab-sensory-toy","9":"product_tag-electric-induction-cute-crab","10":"product_tag-moving-crab-toy","11":"product_tag-musical-crab-toy","12":"product_tag-running-crab-toy","14":"first","15":"outofstock","16":"sale","17":"taxable","18":"shipping-taxable","19":"purchasable","20":"product-type-variable","21":"wvs-archive-product-wrapper"},"acf":[],"_links":{"self":[{"href":"https:\/\/babyvk.com\/pt\/wp-json\/wp\/v2\/product\/14902","targetHints":{"allow":["GET"]}}],"collection":[{"href":"https:\/\/babyvk.com\/pt\/wp-json\/wp\/v2\/product"}],"about":[{"href":"https:\/\/babyvk.com\/pt\/wp-json\/wp\/v2\/types\/product"}],"replies":[{"embeddable":true,"href":"https:\/\/babyvk.com\/pt\/wp-json\/wp\/v2\/comments?post=14902"}],"version-history":[{"count":0,"href":"https:\/\/babyvk.com\/pt\/wp-json\/wp\/v2\/product\/14902\/revisions"}],"wp:featuredmedia":[{"embeddable":true,"href":"https:\/\/babyvk.com\/pt\/wp-json\/wp\/v2\/media\/14913"}],"wp:attachment":[{"href":"https:\/\/babyvk.com\/pt\/wp-json\/wp\/v2\/media?parent=14902"}],"wp:term":[{"taxonomy":"product_brand","embeddable":true,"href":"https:\/\/babyvk.com\/pt\/wp-json\/wp\/v2\/product_brand?post=14902"},{"taxonomy":"product_cat","embeddable":true,"href":"https:\/\/babyvk.com\/pt\/wp-json\/wp\/v2\/product_cat?post=14902"},{"taxonomy":"product_tag","embeddable":true,"href":"https:\/\/babyvk.com\/pt\/wp-json\/wp\/v2\/product_tag?post=14902"}],"curies":[{"name":"wp","href":"https:\/\/api.w.org\/{rel}","templated":true}]}}