{"id":14295,"date":"2023-05-26T13:28:38","date_gmt":"2023-05-26T13:28:38","guid":{"rendered":"https:\/\/babyvk.com\/?post_type=product&#038;p=14295"},"modified":"2025-03-10T20:03:36","modified_gmt":"2025-03-10T20:03:36","slug":"baby-fruit-feeder-pacifier","status":"publish","type":"product","link":"https:\/\/babyvk.com\/pt\/product\/baby-fruit-feeder-pacifier\/","title":{"rendered":"Alimentador de fruta para beb\u00e9 Chupeta"},"content":{"rendered":"<div data-elementor-type=\"product-post\" data-elementor-id=\"14295\" class=\"elementor elementor-14295\" data-elementor-post-type=\"product\">\n\t\t\t\t\t\t<section class=\"elementor-section elementor-top-section elementor-element elementor-element-7a7317b elementor-section-boxed elementor-section-height-default elementor-section-height-default\" data-id=\"7a7317b\" data-element_type=\"section\">\n\t\t\t\t\t\t<div class=\"elementor-container elementor-column-gap-default\">\n\t\t\t\t\t<div class=\"elementor-column elementor-col-100 elementor-top-column elementor-element elementor-element-9f17075\" data-id=\"9f17075\" data-element_type=\"column\">\n\t\t\t<div class=\"elementor-widget-wrap elementor-element-populated\">\n\t\t\t\t\t\t<div class=\"elementor-element elementor-element-8fecd91 wd-width-100 elementor-widget elementor-widget-wd_title\" data-id=\"8fecd91\" data-element_type=\"widget\" data-widget_type=\"wd_title.default\">\n\t\t\t\t<div class=\"elementor-widget-container\">\n\t\t\t\t\t\t\t<div class=\"title-wrapper wd-set-mb reset-last-child wd-title-color-default wd-title-style-default wd-title-size-default text-left\">\n\n\t\t\t\n\t\t\t<div class=\"liner-continer\">\n\t\t\t\t<h4 class=\"woodmart-title-container title wd-fontsize-l\">Descri\u00e7\u00e3o do produto:<\/h4> \n\t\t\t\t\t\t\t<\/div>\n\n\t\t\t\t\t\t\t<div class=\"title-after_title reset-last-child wd-fontsize-xs\">\n\t\t\t\t\t<p>A chupeta Baby Fruit Feeder \u00e9 uma ferramenta de alimenta\u00e7\u00e3o segura e fi\u00e1vel para beb\u00e9s. \u00c9 feita de silicone de qualidade alimentar 100%, garantindo que n\u00e3o cont\u00e9m BPA, PVC, borracha, metais, ftalatos, toxinas e ferrugem. Esta chupeta de alimenta\u00e7\u00e3o combina a funcionalidade de uma chupeta e de um brinquedo de denti\u00e7\u00e3o, eliminando a necessidade de triturar os alimentos. A espa\u00e7osa bolsa de armazenamento de alimentos pode conter frutas, legumes, leite materno ou pur\u00e9s, permitindo que o seu beb\u00e9 mastigue alimentos s\u00f3lidos antes de os dentes nascerem. Tamb\u00e9m inclui uma tampa protetora para manter a tetina de silicone limpa e higi\u00e9nica, evitando que os alimentos entrem em contacto com as suas m\u00e3os. A superf\u00edcie texturada da tetina estimula as gengivas, ajudando no crescimento dos dentes da frente, do meio e de tr\u00e1s. A limpeza \u00e9 muito f\u00e1cil, pois basta uma ligeira esfregadela em \u00e1gua morna com sab\u00e3o para eliminar os restos de comida. A chupeta Baby Fruit Feeder \u00e9 adequada para utiliza\u00e7\u00e3o durante a fase de desenvolvimento oral do seu beb\u00e9.<\/p>\t\t\t\t<\/div>\n\t\t\t\t\t<\/div>\n\t\t\t\t\t\t<\/div>\n\t\t\t\t<\/div>\n\t\t\t\t\t<\/div>\n\t\t<\/div>\n\t\t\t\t\t<\/div>\n\t\t<\/section>\n\t\t\t\t<section class=\"elementor-section elementor-top-section elementor-element elementor-element-40b7233 elementor-section-boxed elementor-section-height-default elementor-section-height-default\" data-id=\"40b7233\" data-element_type=\"section\">\n\t\t\t\t\t\t<div class=\"elementor-container elementor-column-gap-default\">\n\t\t\t\t\t<div class=\"elementor-column elementor-col-100 elementor-top-column elementor-element elementor-element-d33c743\" data-id=\"d33c743\" data-element_type=\"column\">\n\t\t\t<div class=\"elementor-widget-wrap elementor-element-populated\">\n\t\t\t\t\t\t<div class=\"elementor-element elementor-element-ece2bab elementor-widget elementor-widget-wd_text_block\" data-id=\"ece2bab\" data-element_type=\"widget\" data-widget_type=\"wd_text_block.default\">\n\t\t\t\t<div class=\"elementor-widget-container\">\n\t\t\t\t\t\t\t<div class=\"wd-text-block reset-last-child text-left\">\n\t\t\t\n\t\t\t<p><strong><span style=\"color: #000000;\">Carater\u00edsticas:<\/span><\/strong><\/p><ol><li><p><b>Design multifuncional:<\/b> A chupeta Baby Fruit Feeder combina as fun\u00e7\u00f5es de uma chupeta e de um brinquedo de denti\u00e7\u00e3o, eliminando a necessidade de triturar os alimentos. A generosa bolsa de armazenamento de alimentos pode conter frutas, legumes, leite materno ou pur\u00e9s, garantindo que o seu beb\u00e9 n\u00e3o morde grandes peda\u00e7os de comida.<\/p><\/li><li><p><b>Seguran\u00e7a e fiabilidade:<\/b> Fabricada em silicone de qualidade alimentar 100% certificado, a chupeta de alimenta\u00e7\u00e3o n\u00e3o cont\u00e9m BPA, PVC, borracha, metais, ftalatos, toxinas e ferrugem, garantindo que cumpre os mais elevados padr\u00f5es de sa\u00fade e seguran\u00e7a para o seu beb\u00e9.<\/p><\/li><li><p><b>Design da tampa de prote\u00e7\u00e3o:<\/b> Equipada com uma tampa protetora, a chupeta alimentadora mant\u00e9m a tetina de silicone limpa e higi\u00e9nica, evitando que os alimentos entrem em contacto com as suas m\u00e3os. Basta bloquear a pega depois de encher o reservat\u00f3rio de alimentos e est\u00e1 pronta a ser utilizada pelo beb\u00e9.<\/p><\/li><li><p><b>Estimula\u00e7\u00e3o das gengivas: <\/b>A superf\u00edcie texturada da tetina de fruta massaja e estimula as gengivas do beb\u00e9, ajudando na erup\u00e7\u00e3o dos dentes da frente, do meio e de tr\u00e1s. \u00c9 adequado para ser utilizado durante as fases de desenvolvimento do seu beb\u00e9.<\/p><\/li><li><p><b>F\u00e1cil limpeza e armazenamento:<\/b> O comedouro de silicone \u00e9 incrivelmente f\u00e1cil de limpar. Basta uma ligeira esfregadela em \u00e1gua morna com sab\u00e3o para eliminar os restos de comida. \u00c9 tamb\u00e9m c\u00f3modo de guardar, pois ocupa um espa\u00e7o m\u00ednimo.<\/p><\/li><\/ol>\n\t\t\t\t\t<\/div>\n\t\t\t\t\t\t<\/div>\n\t\t\t\t<\/div>\n\t\t\t\t\t<\/div>\n\t\t<\/div>\n\t\t\t\t\t<\/div>\n\t\t<\/section>\n\t\t\t\t<section class=\"elementor-section elementor-top-section elementor-element elementor-element-580d9e5 elementor-section-boxed elementor-section-height-default elementor-section-height-default\" data-id=\"580d9e5\" data-element_type=\"section\">\n\t\t\t\t\t\t<div class=\"elementor-container elementor-column-gap-default\">\n\t\t\t\t\t<div class=\"elementor-column elementor-col-100 elementor-top-column elementor-element elementor-element-5c2c3b7\" data-id=\"5c2c3b7\" data-element_type=\"column\">\n\t\t\t<div class=\"elementor-widget-wrap elementor-element-populated\">\n\t\t\t\t\t\t<div class=\"elementor-element elementor-element-349c27f elementor-widget elementor-widget-wd_text_block\" data-id=\"349c27f\" data-element_type=\"widget\" data-widget_type=\"wd_text_block.default\">\n\t\t\t\t<div class=\"elementor-widget-container\">\n\t\t\t\t\t\t\t<div class=\"wd-text-block reset-last-child text-left\">\n\t\t\t\n\t\t\t<p><strong><span style=\"color: #000000;\">Especifica\u00e7\u00f5es do produto:<\/span><\/strong><\/p><ul><li><b>Nome do produto: <\/b>Alimentador de fruta para beb\u00e9 Chupeta<\/li><li><b>Material:<\/b> 100% silicone de qualidade alimentar<\/li><li><b>Livre de:<\/b> BPA, PVC, borracha, metais, ftalatos, toxinas e ferrugem<\/li><li><b>Design multifuncional:<\/b> Combina\u00e7\u00e3o de chupeta e brinquedo de denti\u00e7\u00e3o<\/li><li><b>Capacidade da bolsa de armazenamento de alimentos: <\/b>Adequado para frutas, legumes, leite materno ou pur\u00e9s<\/li><li><b>Tampa de prote\u00e7\u00e3o:<\/b> Mant\u00e9m a tetina limpa e higi\u00e9nica<\/li><li><b>Estimula\u00e7\u00e3o das gengivas: <\/b>Superf\u00edcie texturada para massagem e estimula\u00e7\u00e3o das gengivas<\/li><li><b>M\u00e9todo de limpeza:<\/b> Esfregar suavemente com \u00e1gua morna e sab\u00e3o<\/li><li><b>Adequa\u00e7\u00e3o \u00e0 idade: <\/b>Adequado para beb\u00e9s durante a sua fase de desenvolvimento oral<\/li><\/ul>\n\t\t\t\t\t<\/div>\n\t\t\t\t\t\t<\/div>\n\t\t\t\t<\/div>\n\t\t\t\t<div class=\"elementor-element elementor-element-3a159c1 elementor-widget elementor-widget-wd_image_or_svg\" data-id=\"3a159c1\" data-element_type=\"widget\" data-widget_type=\"wd_image_or_svg.default\">\n\t\t\t\t<div class=\"elementor-widget-container\">\n\t\t\t\t\t\n\t\t<div class=\"wd-image text-left\">\n\t\t\t\t\t\t\t\t<img fetchpriority=\"high\" decoding=\"async\" width=\"800\" height=\"800\" src=\"https:\/\/babyvk.com\/wp-content\/uploads\/2023\/05\/pacifier-you-can-put-fruit-in.webp\" class=\"attachment-full size-full wvs-archive-product-image\" alt=\"Alimentador de frutas Chupeta\" srcset=\"https:\/\/babyvk.com\/wp-content\/uploads\/2023\/05\/pacifier-you-can-put-fruit-in.webp 800w, https:\/\/babyvk.com\/wp-content\/uploads\/2023\/05\/pacifier-you-can-put-fruit-in-30x30.webp 30w, https:\/\/babyvk.com\/wp-content\/uploads\/2023\/05\/pacifier-you-can-put-fruit-in-50x50.webp 50w, https:\/\/babyvk.com\/wp-content\/uploads\/2023\/05\/pacifier-you-can-put-fruit-in-100x100.webp 100w, https:\/\/babyvk.com\/wp-content\/uploads\/2023\/05\/pacifier-you-can-put-fruit-in-150x150.webp 150w, https:\/\/babyvk.com\/wp-content\/uploads\/2023\/05\/pacifier-you-can-put-fruit-in-300x300.webp 300w, https:\/\/babyvk.com\/wp-content\/uploads\/2023\/05\/pacifier-you-can-put-fruit-in-768x768.webp 768w, https:\/\/babyvk.com\/wp-content\/uploads\/2023\/05\/pacifier-you-can-put-fruit-in-500x500.webp 500w, https:\/\/babyvk.com\/wp-content\/uploads\/2023\/05\/pacifier-you-can-put-fruit-in-430x430.webp 430w, https:\/\/babyvk.com\/wp-content\/uploads\/2023\/05\/pacifier-you-can-put-fruit-in-700x700.webp 700w\" sizes=\"(max-width: 800px) 100vw, 800px\" title=\"\">\t\t\t\t\t<\/div>\n\n\t\t\t\t\t\t<\/div>\n\t\t\t\t<\/div>\n\t\t\t\t\t<\/div>\n\t\t<\/div>\n\t\t\t\t\t<\/div>\n\t\t<\/section>\n\t\t\t\t<section class=\"elementor-section elementor-top-section elementor-element elementor-element-4296e4b elementor-section-boxed elementor-section-height-default elementor-section-height-default\" data-id=\"4296e4b\" data-element_type=\"section\">\n\t\t\t\t\t\t<div class=\"elementor-container elementor-column-gap-default\">\n\t\t\t\t\t<div class=\"elementor-column elementor-col-100 elementor-top-column elementor-element elementor-element-63f513c\" data-id=\"63f513c\" data-element_type=\"column\">\n\t\t\t<div class=\"elementor-widget-wrap elementor-element-populated\">\n\t\t\t\t\t\t<div class=\"elementor-element elementor-element-eb6792d elementor-widget elementor-widget-wd_text_block\" data-id=\"eb6792d\" data-element_type=\"widget\" data-widget_type=\"wd_text_block.default\">\n\t\t\t\t<div class=\"elementor-widget-container\">\n\t\t\t\t\t\t\t<div class=\"wd-text-block reset-last-child text-left\">\n\t\t\t\n\t\t\t<p>Quer seja utilizada como ferramenta de alimenta\u00e7\u00e3o para introduzir s\u00f3lidos ou como brinquedo calmante para aliviar o desconforto dos dentes, a chupeta Baby Fruit Feeder \u00e9 uma escolha segura, pr\u00e1tica e f\u00e1cil de limpar. Estamos confiantes na qualidade do nosso produto e oferecemos uma garantia de reembolso incondicional para assegurar a sua satisfa\u00e7\u00e3o.<\/p>\n\t\t\t\t\t<\/div>\n\t\t\t\t\t\t<\/div>\n\t\t\t\t<\/div>\n\t\t\t\t\t<\/div>\n\t\t<\/div>\n\t\t\t\t\t<\/div>\n\t\t<\/section>\n\t\t\t\t<section class=\"wd-negative-gap elementor-section elementor-top-section elementor-element elementor-element-c0a251a elementor-section-boxed elementor-section-height-default elementor-section-height-default\" data-id=\"c0a251a\" data-element_type=\"section\">\n\t\t\t\t\t\t<div class=\"elementor-container elementor-column-gap-default\">\n\t\t\t\t\t<div class=\"elementor-column elementor-col-100 elementor-top-column elementor-element elementor-element-2938f65\" data-id=\"2938f65\" data-element_type=\"column\">\n\t\t\t<div class=\"elementor-widget-wrap elementor-element-populated\">\n\t\t\t\t\t\t<div class=\"elementor-element elementor-element-a98f768 wd-width-100 elementor-widget elementor-widget-wd_title\" data-id=\"a98f768\" data-element_type=\"widget\" data-widget_type=\"wd_title.default\">\n\t\t\t\t<div class=\"elementor-widget-container\">\n\t\t\t\t\t\t\t<div class=\"title-wrapper wd-set-mb reset-last-child wd-title-color-default wd-title-style-default wd-title-size-default text-center\">\n\n\t\t\t\t\t\t\t\t\t\t\t<div class=\"title-subtitle subtitle-color-default subtitle-style-default wd-fontsize-xs\">\n\t\t\t\t\tVER O NOSSO ESPECT\u00c1CULO REAL\t\t\t\t<\/div>\n\t\t\t\n\t\t\t<div class=\"liner-continer\">\n\t\t\t\t<h4 class=\"woodmart-title-container title wd-fontsize-l\">O nosso pequeno v\u00eddeo<\/h4> \n\t\t\t\t\t\t\t<\/div>\n\n\t\t\t\t\t\t\t<div class=\"title-after_title reset-last-child wd-fontsize-xs\">\n\t\t\t\t\t<p>Mostrar o cen\u00e1rio de utiliza\u00e7\u00e3o do produto, para lhe dar a conhecer mais pormenores.<\/p>\t\t\t\t<\/div>\n\t\t\t\t\t<\/div>\n\t\t\t\t\t\t<\/div>\n\t\t\t\t<\/div>\n\t\t\t\t<div class=\"elementor-element elementor-element-c983a29 elementor-widget elementor-widget-wd_testimonials\" data-id=\"c983a29\" data-element_type=\"widget\" data-widget_type=\"wd_testimonials.default\">\n\t\t\t\t<div class=\"elementor-widget-container\">\n\t\t\t\t\t\t\t<div class=\"testimonials testimon-style-standard  color-scheme- testimon-align-center wd-carousel-container\" id=\"carousel-4550\">\n\t\t\t\t\t\t\t<div class=\"wd-carousel-inner\">\n\t\t\t\n\t\t\t<div class=\"wd-carousel wd-grid\" data-scroll_per_page=\"yes\" style=\"--wd-col-lg:2;--wd-col-md:2;--wd-col-sm:1;--wd-gap-lg:30px;--wd-gap-sm:10px;\">\n\t\t\t\t\t\t\t\t\t<div class=\"wd-carousel-wrap\">\n\t\t\t\t\n\t\t\t\t\t\t\t\t\t\n<div class=\"testimonial wd-carousel-item\">\n\t<div class=\"testimonial-inner\">\n\t\t\n\t\t<div class=\"testimonial-content\">\n\t\t\t<div class=\"testimonial-rating\">\n\t\t\t\t<span class=\"star-rating\">\n\t\t\t\t\t<span style=\"width:100%\"><\/span>\n\t\t\t\t<\/span>\n\t\t\t<\/div>\n\n\t\t\t<p><iframe  id=\"_ytid_52268\"  width=\"800\" height=\"450\"  data-origwidth=\"800\" data-origheight=\"450\"  data-relstop=\"1\" src=\"https:\/\/www.youtube.com\/embed\/GTuSklCtIEY?enablejsapi=1&autoplay=0&cc_load_policy=1&cc_lang_pref=&iv_load_policy=3&loop=0&rel=0&fs=1&playsinline=0&autohide=2&theme=dark&color=red&controls=1&disablekb=0&\" class=\"__youtube_prefs__  no-lazyload\" title=\"Leitor do YouTube\"  allow=\"fullscreen; accelerometer; autoplay; clipboard-write; encrypted-media; gyroscope; picture-in-picture; web-share\" referrerpolicy=\"strict-origin-when-cross-origin\" allowfullscreen data-no-lazy=\"1\" data-skipgform_ajax_framebjll=\"\"><\/iframe><\/p>\n\t\t\t<footer>\n\t\t\t\t\n\t\t\t\t\t\t\t<\/footer>\n\t\t<\/div>\n\t<\/div>\n<\/div>\t\t\t\t\t\t\t\t\t\n<div class=\"testimonial wd-carousel-item\">\n\t<div class=\"testimonial-inner\">\n\t\t\n\t\t<div class=\"testimonial-content\">\n\t\t\t<div class=\"testimonial-rating\">\n\t\t\t\t<span class=\"star-rating\">\n\t\t\t\t\t<span style=\"width:100%\"><\/span>\n\t\t\t\t<\/span>\n\t\t\t<\/div>\n\n\t\t\t<p><iframe  id=\"_ytid_81163\"  width=\"800\" height=\"450\"  data-origwidth=\"800\" data-origheight=\"450\"  data-relstop=\"1\" src=\"https:\/\/www.youtube.com\/embed\/pcF7I9DNWh4?enablejsapi=1&autoplay=0&cc_load_policy=1&cc_lang_pref=&iv_load_policy=3&loop=0&rel=0&fs=1&playsinline=0&autohide=2&theme=dark&color=red&controls=1&disablekb=0&\" class=\"__youtube_prefs__  no-lazyload\" title=\"Leitor do YouTube\"  allow=\"fullscreen; accelerometer; autoplay; clipboard-write; encrypted-media; gyroscope; picture-in-picture; web-share\" referrerpolicy=\"strict-origin-when-cross-origin\" allowfullscreen data-no-lazy=\"1\" data-skipgform_ajax_framebjll=\"\"><\/iframe><\/p>\n\t\t\t<footer>\n\t\t\t\t\n\t\t\t\t\t\t\t<\/footer>\n\t\t<\/div>\n\t<\/div>\n<\/div>\t\t\t\t\t\t\t\t\t\n<div class=\"testimonial wd-carousel-item\">\n\t<div class=\"testimonial-inner\">\n\t\t\n\t\t<div class=\"testimonial-content\">\n\t\t\t<div class=\"testimonial-rating\">\n\t\t\t\t<span class=\"star-rating\">\n\t\t\t\t\t<span style=\"width:100%\"><\/span>\n\t\t\t\t<\/span>\n\t\t\t<\/div>\n\n\t\t\t<p><iframe  id=\"_ytid_77416\"  width=\"800\" height=\"450\"  data-origwidth=\"800\" data-origheight=\"450\"  data-relstop=\"1\" src=\"https:\/\/www.youtube.com\/embed\/J7e-Kk5uL10?enablejsapi=1&autoplay=0&cc_load_policy=1&cc_lang_pref=&iv_load_policy=3&loop=0&rel=0&fs=1&playsinline=0&autohide=2&theme=dark&color=red&controls=1&disablekb=0&\" class=\"__youtube_prefs__  no-lazyload\" title=\"Leitor do YouTube\"  allow=\"fullscreen; accelerometer; autoplay; clipboard-write; encrypted-media; gyroscope; picture-in-picture; web-share\" referrerpolicy=\"strict-origin-when-cross-origin\" allowfullscreen data-no-lazy=\"1\" data-skipgform_ajax_framebjll=\"\"><\/iframe><\/p>\n\t\t\t<footer>\n\t\t\t\t\n\t\t\t\t\t\t\t<\/footer>\n\t\t<\/div>\n\t<\/div>\n<\/div>\t\t\t\t\t\t\t\t\t\n<div class=\"testimonial wd-carousel-item\">\n\t<div class=\"testimonial-inner\">\n\t\t\n\t\t<div class=\"testimonial-content\">\n\t\t\t<div class=\"testimonial-rating\">\n\t\t\t\t<span class=\"star-rating\">\n\t\t\t\t\t<span style=\"width:100%\"><\/span>\n\t\t\t\t<\/span>\n\t\t\t<\/div>\n\n\t\t\t<p><iframe  id=\"_ytid_45024\"  width=\"800\" height=\"450\"  data-origwidth=\"800\" data-origheight=\"450\"  data-relstop=\"1\" src=\"https:\/\/www.youtube.com\/embed\/CyAsDEWkNHY?enablejsapi=1&autoplay=0&cc_load_policy=1&cc_lang_pref=&iv_load_policy=3&loop=0&rel=0&fs=1&playsinline=0&autohide=2&theme=dark&color=red&controls=1&disablekb=0&\" class=\"__youtube_prefs__  no-lazyload\" title=\"Leitor do YouTube\"  allow=\"fullscreen; accelerometer; autoplay; clipboard-write; encrypted-media; gyroscope; picture-in-picture; web-share\" referrerpolicy=\"strict-origin-when-cross-origin\" allowfullscreen data-no-lazy=\"1\" data-skipgform_ajax_framebjll=\"\"><\/iframe><\/p>\n\t\t\t<footer>\n\t\t\t\t\n\t\t\t\t\t\t\t<\/footer>\n\t\t<\/div>\n\t<\/div>\n<\/div>\t\t\t\t\t\t\t\t\t\n<div class=\"testimonial wd-carousel-item\">\n\t<div class=\"testimonial-inner\">\n\t\t\n\t\t<div class=\"testimonial-content\">\n\t\t\t<div class=\"testimonial-rating\">\n\t\t\t\t<span class=\"star-rating\">\n\t\t\t\t\t<span style=\"width:100%\"><\/span>\n\t\t\t\t<\/span>\n\t\t\t<\/div>\n\n\t\t\t<p><iframe  id=\"_ytid_40721\"  width=\"800\" height=\"450\"  data-origwidth=\"800\" data-origheight=\"450\"  data-relstop=\"1\" src=\"https:\/\/www.youtube.com\/embed\/x5CythGRBzI?enablejsapi=1&autoplay=0&cc_load_policy=1&cc_lang_pref=&iv_load_policy=3&loop=0&rel=0&fs=1&playsinline=0&autohide=2&theme=dark&color=red&controls=1&disablekb=0&\" class=\"__youtube_prefs__  no-lazyload\" title=\"Leitor do YouTube\"  allow=\"fullscreen; accelerometer; autoplay; clipboard-write; encrypted-media; gyroscope; picture-in-picture; web-share\" referrerpolicy=\"strict-origin-when-cross-origin\" allowfullscreen data-no-lazy=\"1\" data-skipgform_ajax_framebjll=\"\"><\/iframe><\/p>\n\t\t\t<footer>\n\t\t\t\t\n\t\t\t\t\t\t\t<\/footer>\n\t\t<\/div>\n\t<\/div>\n<\/div>\t\t\t\t\n\t\t\t\t\t\t\t\t\t<\/div>\n\t\t\t\t\t\t\t<\/div>\n\t\t\t\t\t\t\t\t\t\t\t\t\t\t<div class=\"wd-nav-arrows wd-pos-sep wd-hover-1 wd-icon-1\">\n\t\t\t<div class=\"wd-btn-arrow wd-prev wd-disabled\">\n\t\t\t\t<div class=\"wd-arrow-inner\"><\/div>\n\t\t\t<\/div>\n\t\t\t<div class=\"wd-btn-arrow wd-next\">\n\t\t\t\t<div class=\"wd-arrow-inner\"><\/div>\n\t\t\t<\/div>\n\t\t<\/div>\n\t\t\t\t\t\t\n\t\t\t\t<\/div>\n\n\t\t\t\t\t\t<div class=\"wd-nav-pagin-wrap text-center wd-style-shape wd-hide-md-sm wd-hide-sm\">\n\t\t\t<ul class=\"wd-nav-pagin\"><\/ul>\n\t\t<\/div>\n\t\t\t\t\t\t\t\t\t\t\t<\/div>\n\t\t\t\t\t\t<\/div>\n\t\t\t\t<\/div>\n\t\t\t\t\t<\/div>\n\t\t<\/div>\n\t\t\t\t\t<\/div>\n\t\t<\/section>\n\t\t\t\t<\/div>","protected":false},"excerpt":{"rendered":"<p>&#8220;<strong>Procura uma forma segura de introduzir s\u00f3lidos no seu beb\u00e9?<\/strong> Experimente a nossa chupeta alimentadora de fruta para beb\u00e9! Concebida para facilitar a transi\u00e7\u00e3o para alimentos s\u00f3lidos e aliviar o desconforto da denti\u00e7\u00e3o. Compre agora para envio gratuito e obtenha 30% OFF!<\/p>","protected":false},"featured_media":14287,"comment_status":"open","ping_status":"closed","template":"","meta":{"_acf_changed":false},"product_brand":[],"product_cat":[508],"product_tag":[525,526,527,523,524],"class_list":{"0":"post-14295","1":"product","2":"type-product","3":"status-publish","4":"has-post-thumbnail","6":"product_cat-best-baby-feeding","7":"product_tag-feeder-pacifier","8":"product_tag-food-feeder-pacifier","9":"product_tag-fruit-feeding-nipple","10":"product_tag-fruit-pacifier","11":"product_tag-mesh-fruit-teether","13":"first","14":"instock","15":"sale","16":"taxable","17":"shipping-taxable","18":"purchasable","19":"product-type-variable","20":"wvs-archive-product-wrapper"},"acf":[],"_links":{"self":[{"href":"https:\/\/babyvk.com\/pt\/wp-json\/wp\/v2\/product\/14295","targetHints":{"allow":["GET"]}}],"collection":[{"href":"https:\/\/babyvk.com\/pt\/wp-json\/wp\/v2\/product"}],"about":[{"href":"https:\/\/babyvk.com\/pt\/wp-json\/wp\/v2\/types\/product"}],"replies":[{"embeddable":true,"href":"https:\/\/babyvk.com\/pt\/wp-json\/wp\/v2\/comments?post=14295"}],"version-history":[{"count":0,"href":"https:\/\/babyvk.com\/pt\/wp-json\/wp\/v2\/product\/14295\/revisions"}],"wp:featuredmedia":[{"embeddable":true,"href":"https:\/\/babyvk.com\/pt\/wp-json\/wp\/v2\/media\/14287"}],"wp:attachment":[{"href":"https:\/\/babyvk.com\/pt\/wp-json\/wp\/v2\/media?parent=14295"}],"wp:term":[{"taxonomy":"product_brand","embeddable":true,"href":"https:\/\/babyvk.com\/pt\/wp-json\/wp\/v2\/product_brand?post=14295"},{"taxonomy":"product_cat","embeddable":true,"href":"https:\/\/babyvk.com\/pt\/wp-json\/wp\/v2\/product_cat?post=14295"},{"taxonomy":"product_tag","embeddable":true,"href":"https:\/\/babyvk.com\/pt\/wp-json\/wp\/v2\/product_tag?post=14295"}],"curies":[{"name":"wp","href":"https:\/\/api.w.org\/{rel}","templated":true}]}}